{"id":91,"date":"2022-09-20T15:44:25","date_gmt":"2022-09-20T13:44:25","guid":{"rendered":"https:\/\/nextbike-live.pluspol-networks.de\/wiesbaden\/?page_id=91"},"modified":"2023-09-01T12:07:49","modified_gmt":"2023-09-01T10:07:49","slug":"campusbike","status":"publish","type":"page","link":"https:\/\/www.nextbike.de\/wiesbaden\/de\/campusbike\/","title":{"rendered":"CAMPUSbike"},"content":{"rendered":"<div class=\"wpb-content-wrapper\"><p>[vc_row][vc_column][vc_column_text]<\/p>\n<div class=\" component\">\n<div class=\"row\">\n<div class=\"col-xs-12 html-content\">\n<h2>Studierende in Wiesbaden radeln g\u00fcnstiger!<\/h2>\n<p>&nbsp;<\/p>\n<h4><strong>F\u00fcr <\/strong><strong>Studierende der <\/strong><strong>Hochschule RheinMain<\/strong><\/h4>\n<p><strong>Registrierung<\/strong><\/p>\n<p>Registriere dich in unserer App oder auf der Webseite mit deiner\u00a0<strong style=\"font-size: 16px;\">studentischen E-Mail-Adresse<\/strong><span style=\"font-size: 16px;\">\u00a0(@student.hs-rm.de). An die E-Mail-Adresse wird ein Best\u00e4tigungslink gesendet, die Freischaltung erfolgt nach der Verifizierung automatisch.<\/span><\/p>\n<\/div>\n<\/div>\n<\/div>\n<div class=\" component\">\n<div class=\"row\">\n<div class=\"col-xs-12 html-content\">\n<p>Du bist bereits registriert, aber nicht mit deiner Hochschul-Email-Adresse oder du hast diese erst nach der Registrierung hinterlegt? Dann logge dich auf unserer Webseite mit deinen Zugangsdaten ein, aktualisiere deine E-Mail-Adresse und w\u00e4hle deine Uni als deinen Partner aus, oder informiere unseren Kundenservice unter 030-69205046.<\/p>\n<p><strong>Konditionen<\/strong><\/p>\n<p>Bei jeder Ausleihe sind die\u00a0<strong>ersten 60 Minuten innerhalb Deutschlands gratis<\/strong>*. Bei einer Fahrtzeit von \u00fcber 60 Minuten wird f\u00fcr alle weiteren 30 Minuten 1 \u20ac f\u00e4llig. Der Tagesh\u00f6chstsatz betr\u00e4gt 5 \u20ac. Nach beendeter Ausleihe, kannst du nach 15 Minuten Unterbrechung wieder ein Rad kostenlos ausleihen. Es k\u00f6nnen bis zu drei R\u00e4der gleichzeitig auf einen Account ausgeliehen werden. F\u00fcr alle drei gelten die Sonderkonditionen.<\/p>\n<p>&nbsp;<\/p>\n<\/div>\n<h4><strong>F\u00fcr <\/strong><strong>Studierende der <\/strong><strong>Hochschule Fresenius<\/strong><\/h4>\n<p><strong>Registrierung<\/strong><\/p>\n<div class=\" component\">\n<div class=\"row\">\n<div class=\"col-xs-12 html-content\">\n<p>Registriere dich in unserer App oder auf der Webseite mit deiner\u00a0<strong style=\"font-size: 16px;\">studentischen E-Mail-Adresse<\/strong><span style=\"font-size: 16px;\">. An die E-Mail-Adresse wird ein Best\u00e4tigungslink gesendet, die Freischaltung erfolgt nach der Verifizierung automatisch.<\/span><\/p>\n<\/div>\n<\/div>\n<\/div>\n<div class=\" component\">\n<div class=\"row\">\n<div class=\"col-xs-12 html-content\">\n<p>Du bist bereits registriert, aber nicht mit deiner Hochschul-Email-Adresse oder du hast diese erst nach der Registrierung hinterlegt? Dann logge dich auf unserer Webseite mit deinen Zugangsdaten ein, aktualisiere deine E-Mail-Adresse und w\u00e4hle deine Uni als deinen Partner aus, oder informiere unseren Kundenservice unter 030-69205046.<\/p>\n<\/div>\n<\/div>\n<\/div>\n<p><strong>Konditionen<\/strong><\/p>\n<p>Bei jeder Ausleihe sind die\u00a0<strong id=\"isPasted\">ersten 30 Minuten im System Wiesbaden gratis<\/strong>. Bei einer Fahrtzeit von \u00fcber 30 Minuten wird f\u00fcr alle weiteren 15 Minuten 1 \u20ac f\u00e4llig. Der Tagesh\u00f6chstsatz betr\u00e4gt 15 \u20ac. Nach beendeter Ausleihe, kannst du nach 15 Minuten Unterbrechung wieder ein Rad kostenlos ausleihen. Es k\u00f6nnen bis zu vier R\u00e4der gleichzeitig auf einen Account ausgeliehen werden. Die Sonderkonditionen gelten allerdings nur f\u00fcr das erste Rad.<\/p>\n<\/div>\n<p>*Au\u00dfer in Greifswald, Bremen, Oldenburg, N\u00fcrnberg und auf Usedom.<\/p>\n<\/div>\n<p>[\/vc_column_text][\/vc_column][\/vc_row]<\/p>\n<\/div>","protected":false},"excerpt":{"rendered":"<p>[vc_row][vc_column][vc_column_text] Studierende in Wiesbaden radeln g\u00fcnstiger! &nbsp; F\u00fcr Studierende der Hochschule RheinMain Registrierung Registriere dich in unserer App oder auf der Webseite mit deiner\u00a0studentischen E-Mail-Adresse\u00a0(@student.hs-rm.de). An die E-Mail-Adresse wird ein Best\u00e4tigungslink gesendet, die Freischaltung erfolgt nach der Verifizierung automatisch. Du bist bereits registriert, aber nicht mit deiner Hochschul-Email-Adresse oder du hast diese erst nach der [&hellip;]<\/p>\n","protected":false},"author":12,"featured_media":0,"parent":0,"menu_order":0,"comment_status":"closed","ping_status":"closed","template":"page-bubble.php","meta":{"_acf_changed":false,"inline_featured_image":false,"footnotes":""},"class_list":["post-91","page","type-page","status-publish","hentry"],"acf":[],"yoast_head":"<!-- This site is optimized with the Yoast SEO plugin v27.2 - https:\/\/yoast.com\/product\/yoast-seo-wordpress\/ -->\n<title>CAMPUSbike - nextbike Wiesbaden<\/title>\n<meta name=\"robots\" content=\"index, follow, max-snippet:-1, max-image-preview:large, max-video-preview:-1\" \/>\n<link rel=\"canonical\" href=\"https:\/\/www.nextbike.de\/wiesbaden\/de\/campusbike\/\" \/>\n<meta property=\"og:locale\" content=\"de_DE\" \/>\n<meta property=\"og:type\" content=\"article\" \/>\n<meta property=\"og:title\" content=\"CAMPUSbike - nextbike Wiesbaden\" \/>\n<meta property=\"og:description\" content=\"[vc_row][vc_column][vc_column_text] Studierende in Wiesbaden radeln g\u00fcnstiger! &nbsp; F\u00fcr Studierende der Hochschule RheinMain Registrierung Registriere dich in unserer App oder auf der Webseite mit deiner\u00a0studentischen E-Mail-Adresse\u00a0(@student.hs-rm.de). An die E-Mail-Adresse wird ein Best\u00e4tigungslink gesendet, die Freischaltung erfolgt nach der Verifizierung automatisch. Du bist bereits registriert, aber nicht mit deiner Hochschul-Email-Adresse oder du hast diese erst nach der [&hellip;]\" \/>\n<meta property=\"og:url\" content=\"https:\/\/www.nextbike.de\/wiesbaden\/de\/campusbike\/\" \/>\n<meta property=\"og:site_name\" content=\"nextbike Wiesbaden\" \/>\n<meta property=\"article:modified_time\" content=\"2023-09-01T10:07:49+00:00\" \/>\n<meta name=\"twitter:card\" content=\"summary_large_image\" \/>\n<meta name=\"twitter:label1\" content=\"Gesch\u00e4tzte Lesezeit\" \/>\n\t<meta name=\"twitter:data1\" content=\"2\u00a0Minuten\" \/>\n<script type=\"application\/ld+json\" class=\"yoast-schema-graph\">{\"@context\":\"https:\/\/schema.org\",\"@graph\":[{\"@type\":\"WebPage\",\"@id\":\"https:\/\/www.nextbike.de\/wiesbaden\/de\/campusbike\/\",\"url\":\"https:\/\/www.nextbike.de\/wiesbaden\/de\/campusbike\/\",\"name\":\"CAMPUSbike - nextbike Wiesbaden\",\"isPartOf\":{\"@id\":\"https:\/\/www.nextbike.de\/wiesbaden\/de\/#website\"},\"datePublished\":\"2022-09-20T13:44:25+00:00\",\"dateModified\":\"2023-09-01T10:07:49+00:00\",\"breadcrumb\":{\"@id\":\"https:\/\/www.nextbike.de\/wiesbaden\/de\/campusbike\/#breadcrumb\"},\"inLanguage\":\"de\",\"potentialAction\":[{\"@type\":\"ReadAction\",\"target\":[\"https:\/\/www.nextbike.de\/wiesbaden\/de\/campusbike\/\"]}]},{\"@type\":\"BreadcrumbList\",\"@id\":\"https:\/\/www.nextbike.de\/wiesbaden\/de\/campusbike\/#breadcrumb\",\"itemListElement\":[{\"@type\":\"ListItem\",\"position\":1,\"name\":\"Startseite\",\"item\":\"https:\/\/www.nextbike.de\/wiesbaden\/de\/\"},{\"@type\":\"ListItem\",\"position\":2,\"name\":\"CAMPUSbike\"}]},{\"@type\":\"WebSite\",\"@id\":\"https:\/\/www.nextbike.de\/wiesbaden\/de\/#website\",\"url\":\"https:\/\/www.nextbike.de\/wiesbaden\/de\/\",\"name\":\"nextbike Wiesbaden\",\"description\":\"Jetzt Fahrrad in Wiesbaden mieten.\",\"potentialAction\":[{\"@type\":\"SearchAction\",\"target\":{\"@type\":\"EntryPoint\",\"urlTemplate\":\"https:\/\/www.nextbike.de\/wiesbaden\/de\/?s={search_term_string}\"},\"query-input\":{\"@type\":\"PropertyValueSpecification\",\"valueRequired\":true,\"valueName\":\"search_term_string\"}}],\"inLanguage\":\"de\"}]}<\/script>\n<!-- \/ Yoast SEO plugin. -->","yoast_head_json":{"title":"CAMPUSbike - nextbike Wiesbaden","robots":{"index":"index","follow":"follow","max-snippet":"max-snippet:-1","max-image-preview":"max-image-preview:large","max-video-preview":"max-video-preview:-1"},"canonical":"https:\/\/www.nextbike.de\/wiesbaden\/de\/campusbike\/","og_locale":"de_DE","og_type":"article","og_title":"CAMPUSbike - nextbike Wiesbaden","og_description":"[vc_row][vc_column][vc_column_text] Studierende in Wiesbaden radeln g\u00fcnstiger! &nbsp; F\u00fcr Studierende der Hochschule RheinMain Registrierung Registriere dich in unserer App oder auf der Webseite mit deiner\u00a0studentischen E-Mail-Adresse\u00a0(@student.hs-rm.de). An die E-Mail-Adresse wird ein Best\u00e4tigungslink gesendet, die Freischaltung erfolgt nach der Verifizierung automatisch. Du bist bereits registriert, aber nicht mit deiner Hochschul-Email-Adresse oder du hast diese erst nach der [&hellip;]","og_url":"https:\/\/www.nextbike.de\/wiesbaden\/de\/campusbike\/","og_site_name":"nextbike Wiesbaden","article_modified_time":"2023-09-01T10:07:49+00:00","twitter_card":"summary_large_image","twitter_misc":{"Gesch\u00e4tzte Lesezeit":"2\u00a0Minuten"},"schema":{"@context":"https:\/\/schema.org","@graph":[{"@type":"WebPage","@id":"https:\/\/www.nextbike.de\/wiesbaden\/de\/campusbike\/","url":"https:\/\/www.nextbike.de\/wiesbaden\/de\/campusbike\/","name":"CAMPUSbike - nextbike Wiesbaden","isPartOf":{"@id":"https:\/\/www.nextbike.de\/wiesbaden\/de\/#website"},"datePublished":"2022-09-20T13:44:25+00:00","dateModified":"2023-09-01T10:07:49+00:00","breadcrumb":{"@id":"https:\/\/www.nextbike.de\/wiesbaden\/de\/campusbike\/#breadcrumb"},"inLanguage":"de","potentialAction":[{"@type":"ReadAction","target":["https:\/\/www.nextbike.de\/wiesbaden\/de\/campusbike\/"]}]},{"@type":"BreadcrumbList","@id":"https:\/\/www.nextbike.de\/wiesbaden\/de\/campusbike\/#breadcrumb","itemListElement":[{"@type":"ListItem","position":1,"name":"Startseite","item":"https:\/\/www.nextbike.de\/wiesbaden\/de\/"},{"@type":"ListItem","position":2,"name":"CAMPUSbike"}]},{"@type":"WebSite","@id":"https:\/\/www.nextbike.de\/wiesbaden\/de\/#website","url":"https:\/\/www.nextbike.de\/wiesbaden\/de\/","name":"nextbike Wiesbaden","description":"Jetzt Fahrrad in Wiesbaden mieten.","potentialAction":[{"@type":"SearchAction","target":{"@type":"EntryPoint","urlTemplate":"https:\/\/www.nextbike.de\/wiesbaden\/de\/?s={search_term_string}"},"query-input":{"@type":"PropertyValueSpecification","valueRequired":true,"valueName":"search_term_string"}}],"inLanguage":"de"}]}},"_links":{"self":[{"href":"https:\/\/www.nextbike.de\/wiesbaden\/de\/wp-json\/wp\/v2\/pages\/91","targetHints":{"allow":["GET"]}}],"collection":[{"href":"https:\/\/www.nextbike.de\/wiesbaden\/de\/wp-json\/wp\/v2\/pages"}],"about":[{"href":"https:\/\/www.nextbike.de\/wiesbaden\/de\/wp-json\/wp\/v2\/types\/page"}],"author":[{"embeddable":true,"href":"https:\/\/www.nextbike.de\/wiesbaden\/de\/wp-json\/wp\/v2\/users\/12"}],"replies":[{"embeddable":true,"href":"https:\/\/www.nextbike.de\/wiesbaden\/de\/wp-json\/wp\/v2\/comments?post=91"}],"version-history":[{"count":12,"href":"https:\/\/www.nextbike.de\/wiesbaden\/de\/wp-json\/wp\/v2\/pages\/91\/revisions"}],"predecessor-version":[{"id":165,"href":"https:\/\/www.nextbike.de\/wiesbaden\/de\/wp-json\/wp\/v2\/pages\/91\/revisions\/165"}],"wp:attachment":[{"href":"https:\/\/www.nextbike.de\/wiesbaden\/de\/wp-json\/wp\/v2\/media?parent=91"}],"curies":[{"name":"wp","href":"https:\/\/api.w.org\/{rel}","templated":true}]}}