{"id":4,"date":"2022-08-11T12:13:00","date_gmt":"2022-08-11T10:13:00","guid":{"rendered":"https:\/\/nextbike-live.pluspol-networks.de\/walldorf\/?page_id=4"},"modified":"2024-04-30T14:11:43","modified_gmt":"2024-04-30T12:11:43","slug":"startseite","status":"publish","type":"page","link":"https:\/\/www.nextbike.de\/walldorf\/de\/","title":{"rendered":"Startseite"},"content":{"rendered":"<div class=\"wpb-content-wrapper\"><p>[vc_row ppi_row_padding=&#8220;ppi_remove_padding_top,ppi_remove_padding_bottom&#8220; full_width=&#8220;stretch_row_content_no_spaces&#8220; el_class=&#8220;stage-row&#8220;][vc_column]<div class=\"nextbike stage\">\n                    <div class=\"stage__wrapper\">\n                        <div class=\"container\">\n                            <div class=\"stage__content\"><span class=\"h3\">Das exklusive Fahrradverleihsystem f\u00fcr SAP in Walldorf<\/span><h1>Mobilit\u00e4t auf dem Campus Walldorf<\/h1><div class=\"stage__content__stores\"><a class=\"nb-appstore-btn\" aria-label=\"Apple App Store\" href=\"https:\/\/apps.apple.com\/de\/app\/nextbike\/id504288371\" target=\"_blank\" data-custom-link=\"false\"><img decoding=\"async\" width=\"200px\" height=\"59px\" alt=\"Apple App Store\" src=\"https:\/\/www.nextbike.de\/walldorf\/wp-content\/uploads\/2022\/07\/apple-logo.svg\" \/><\/a><a class=\"nb-appstore-btn\" aria-label=\"Google App Store\" href=\"https:\/\/play.google.com\/store\/apps\/details?id=de.nextbike\" target=\"_blank\" data-custom-link=\"false\"><img decoding=\"async\" width=\"200px\" height=\"59px\" alt=\"Google App Store\" src=\"https:\/\/www.nextbike.de\/walldorf\/wp-content\/uploads\/2022\/07\/google-logo.svg\" \/><\/a><a class=\"nb-appstore-btn\" aria-label=\"Huawei App Store\" href=\"https:\/\/appgallery.huawei.com\/#\/app\/C102537239\" target=\"_blank\" data-custom-link=\"false\"><img decoding=\"async\" width=\"200px\" height=\"59px\" alt=\"Huawei App Store\" src=\"https:\/\/www.nextbike.de\/walldorf\/wp-content\/uploads\/2022\/07\/huawei-logo.svg\" \/><\/a><\/div>\n                            <\/div>\n                        <\/div><div role=\"img\" aria-label=\"Missing alt text\" class=\"stage__parallax parallax-speed5 show-for-md\" style=\"background-image: url(https:\/\/www.nextbike.de\/walldorf\/wp-content\/uploads\/2024\/04\/sun_background_optimized-1.svg)\"><\/div>\n                   <div role=\"img\" aria-label=\"Missing alt text\" class=\"stage__parallax parallax-speed4 show-for-md\" style=\"background-image: url(https:\/\/www.nextbike.de\/walldorf\/wp-content\/uploads\/2023\/03\/City_background.svg)\"><\/div>\n                   <div role=\"img\" aria-label=\"Grafik zweier M\u00e4nner auf SAP Walldorf Leihr\u00e4dern vor Skyline vor Sonne als Teil einer Komposition mit 7 Personen.\" class=\"stage__parallax parallax-speed3 show-for-md\" style=\"background-image: url(https:\/\/www.nextbike.de\/walldorf\/wp-content\/uploads\/sites\/37\/2023\/04\/header_LAYER-3.svg)\"><\/div>\n                   <div role=\"img\" aria-label=\"Grafik dreier Frauen auf SAP Walldorf Leihr\u00e4dern vor Skyline vor Sonne als Teil einer Komposition mit 7 Personen.\" class=\"stage__parallax parallax-speed2 show-for-md\" style=\"background-image: url(https:\/\/www.nextbike.de\/walldorf\/wp-content\/uploads\/sites\/37\/2023\/04\/header_LAYER-2.svg)\"><\/div>\n                   <div role=\"img\" aria-label=\"Grafik zweier M\u00e4nner auf SAP Walldorf Leihr\u00e4dern vor Skyline vor Sonne als Teil einer Komposition mit 7 Personen.\" class=\"stage__parallax parallax-speed1 show-for-md\" style=\"background-image: url(https:\/\/www.nextbike.de\/walldorf\/wp-content\/uploads\/sites\/37\/2023\/04\/header_LAYER-1.svg)\"><\/div><img decoding=\"async\" class=\"stage__mobile hide-for-md\" src=\"https:\/\/www.nextbike.de\/walldorf\/wp-content\/uploads\/2024\/04\/Mobile_header_static.svg\" alt=\"Missing alt text\" \/><\/div>\n                <\/div>[\/vc_column][\/vc_row][vc_row ppi_row_padding=&#8220;ppi_remove_padding_top&#8220;][vc_column]<div class=\"nextbike mockups\"><div class=\"mockups__item\">\n    <div class=\"mockups__item__container\">\n                <div class=\"mockups__item__image mockups__item__image__left\">\n                        <div class=\"mockups__item__image__img\">\n                <img loading=\"lazy\" decoding=\"async\" width=\"768\" height=\"1026\" src=\"https:\/\/www.nextbike.de\/walldorf\/wp-content\/uploads\/sites\/37\/2023\/04\/links-1-768x1026.png\" class=\"attachment-nex-sm size-nex-sm\" alt=\"\" srcset=\"https:\/\/www.nextbike.de\/walldorf\/wp-content\/uploads\/sites\/37\/2023\/04\/links-1-768x1026.png 768w, https:\/\/www.nextbike.de\/walldorf\/wp-content\/uploads\/sites\/37\/2023\/04\/links-1-225x300.png 225w, https:\/\/www.nextbike.de\/walldorf\/wp-content\/uploads\/sites\/37\/2023\/04\/links-1-766x1024.png 766w, https:\/\/www.nextbike.de\/walldorf\/wp-content\/uploads\/sites\/37\/2023\/04\/links-1-992x1326.png 992w, https:\/\/www.nextbike.de\/walldorf\/wp-content\/uploads\/sites\/37\/2023\/04\/links-1-480x641.png 480w, https:\/\/www.nextbike.de\/walldorf\/wp-content\/uploads\/sites\/37\/2023\/04\/links-1-105x140.png 105w, https:\/\/www.nextbike.de\/walldorf\/wp-content\/uploads\/sites\/37\/2023\/04\/links-1-75x100.png 75w, https:\/\/www.nextbike.de\/walldorf\/wp-content\/uploads\/sites\/37\/2023\/04\/links-1.png 1044w\" sizes=\"auto, (max-width: 768px) 100vw, 768px\" \/>            <\/div>\n                                                            <div class=\"mockups__item__image__bg parallax\">\n                        <img loading=\"lazy\" decoding=\"async\" width=\"550\" height=\"800\" src=\"https:\/\/www.nextbike.de\/walldorf\/wp-content\/uploads\/2024\/04\/bubble-MAP.svg\" class=\"attachment-nex-md size-nex-md\" alt=\"\" \/>                    <\/div>\n                                    <\/div>\n                        <div class=\"mockups__item__content mockups__item__content__left\">\n                        <h2 class=\"h3 mockups__item__headline\">\n                Bikesharing auf dem Campus Walldorf            <\/h2>\n                                    <p class=\"mockups__item__text\">\n                SAP Bikesharing ist das exklusive Fahrradverleihsystem auf dem Campus Walldorf und ist unabh\u00e4ngig vom \u00f6ffentlichen Fahrradverleihsystem VRNnextbike. Die Registrierung erfolgt ausschlie\u00dflich \u00fcber diese Seite.            <\/p>\n                                    <a href=\"#vorteile\" target=\"_self\" title=\"Vorteile\" class=\"mockups__item__link\" >\n                Vorteile            <\/a>\n                    <\/div>\n            <\/div>\n<\/div>\n<div class=\"mockups__item\">\n    <div class=\"mockups__item__container\">\n                <div class=\"mockups__item__image mockups__item__image__right\">\n                        <div class=\"mockups__item__image__img\">\n                <img loading=\"lazy\" decoding=\"async\" width=\"633\" height=\"827\" src=\"https:\/\/www.nextbike.de\/walldorf\/wp-content\/uploads\/2025\/04\/Phone-Mockup-QR-Code-Scanner.png\" class=\"attachment-nex-sm size-nex-sm\" alt=\"\" srcset=\"https:\/\/www.nextbike.de\/walldorf\/wp-content\/uploads\/2025\/04\/Phone-Mockup-QR-Code-Scanner.png 633w, https:\/\/www.nextbike.de\/walldorf\/wp-content\/uploads\/2025\/04\/Phone-Mockup-QR-Code-Scanner-230x300.png 230w, https:\/\/www.nextbike.de\/walldorf\/wp-content\/uploads\/2025\/04\/Phone-Mockup-QR-Code-Scanner-480x627.png 480w, https:\/\/www.nextbike.de\/walldorf\/wp-content\/uploads\/2025\/04\/Phone-Mockup-QR-Code-Scanner-107x140.png 107w, https:\/\/www.nextbike.de\/walldorf\/wp-content\/uploads\/2025\/04\/Phone-Mockup-QR-Code-Scanner-77x100.png 77w\" sizes=\"auto, (max-width: 633px) 100vw, 633px\" \/>            <\/div>\n                                                            <div class=\"mockups__item__image__bg parallax\">\n                        <img loading=\"lazy\" decoding=\"async\" width=\"550\" height=\"800\" src=\"https:\/\/www.nextbike.de\/walldorf\/wp-content\/uploads\/2024\/04\/bubble-SCAN.svg\" class=\"attachment-nex-md size-nex-md\" alt=\"\" \/>                    <\/div>\n                                    <\/div>\n                        <div class=\"mockups__item__content mockups__item__content__right\">\n                        <h2 class=\"h3 mockups__item__headline\">\n                Ausleihe &amp; R\u00fcckgabe            <\/h2>\n                                    <p class=\"mockups__item__text\">\n                Es ist kinderleicht und du bist jederzeit superschnell unterwegs. <b>Die Registrierung mittels SAP E-Mail-Adresse erfolgt ausschlie\u00dflich \u00fcber diese Seite.<\/b>            <\/p>\n                                    <a href=\"#so-gehts\" target=\"_self\" title=\"So geht&#039;s!\" class=\"mockups__item__link\" >\n                So geht&#039;s!            <\/a>\n                    <\/div>\n            <\/div>\n<\/div>\n<div class=\"mockups__item\">\n    <div class=\"mockups__item__container\">\n                <div class=\"mockups__item__image mockups__item__image__left\">\n                        <div class=\"mockups__item__image__img\">\n                <img loading=\"lazy\" decoding=\"async\" width=\"768\" height=\"1026\" src=\"https:\/\/www.nextbike.de\/walldorf\/wp-content\/uploads\/sites\/37\/2023\/04\/frontal-1-768x1026.png\" class=\"attachment-nex-sm size-nex-sm\" alt=\"\" srcset=\"https:\/\/www.nextbike.de\/walldorf\/wp-content\/uploads\/sites\/37\/2023\/04\/frontal-1-768x1026.png 768w, https:\/\/www.nextbike.de\/walldorf\/wp-content\/uploads\/sites\/37\/2023\/04\/frontal-1-225x300.png 225w, https:\/\/www.nextbike.de\/walldorf\/wp-content\/uploads\/sites\/37\/2023\/04\/frontal-1-766x1024.png 766w, https:\/\/www.nextbike.de\/walldorf\/wp-content\/uploads\/sites\/37\/2023\/04\/frontal-1-992x1326.png 992w, https:\/\/www.nextbike.de\/walldorf\/wp-content\/uploads\/sites\/37\/2023\/04\/frontal-1-480x641.png 480w, https:\/\/www.nextbike.de\/walldorf\/wp-content\/uploads\/sites\/37\/2023\/04\/frontal-1-105x140.png 105w, https:\/\/www.nextbike.de\/walldorf\/wp-content\/uploads\/sites\/37\/2023\/04\/frontal-1-75x100.png 75w, https:\/\/www.nextbike.de\/walldorf\/wp-content\/uploads\/sites\/37\/2023\/04\/frontal-1.png 1044w\" sizes=\"auto, (max-width: 768px) 100vw, 768px\" \/>            <\/div>\n                                                            <div class=\"mockups__item__image__bg parallax\">\n                        <img loading=\"lazy\" decoding=\"async\" width=\"550\" height=\"800\" src=\"https:\/\/www.nextbike.de\/walldorf\/wp-content\/uploads\/2024\/04\/bubble-APP.svg\" class=\"attachment-nex-md size-nex-md\" alt=\"\" \/>                    <\/div>\n                                    <\/div>\n                        <div class=\"mockups__item__content mockups__item__content__left\">\n                        <h2 class=\"h3 mockups__item__headline\">\n                Fahrradverleih auf dem Campus der SAP Walldorf            <\/h2>\n                                    <p class=\"mockups__item__text\">\n                Mitarbeitende der SAP Walldorf nutzen SAP Bikesharing auf dem Campus der SAP Walldorf kostenlos. In anderen \u00f6ffentlichen Systemen von nextbike \u2013 z.B. VRNnextbike - wird zum \u00f6rtlichen Basistarif abgerechnet.            <\/p>\n                                    <a href=\"https:\/\/nextbike-live.pluspol-networks.de\/walldorf\/de\/faq\/\" target=\"_self\" title=\"\" class=\"mockups__item__link\" >\n                            <\/a>\n                    <\/div>\n            <\/div>\n<\/div>\n<\/div>[\/vc_column][\/vc_row][vc_row ppi_row_type=&#8220;ppi_bg_grey&#8220; full_width=&#8220;stretch_row&#8220; el_id=&#8220;so-gehts&#8220;][vc_column]<div class=\"nextbike how-its-done\">\n    <h2>So geht\u2019s<\/h2>\n\n    <div class=\"how-its-done__text\">\n        <div>\n<p>Wenn Du bereits f\u00fcr die Nutzung der nextbike auf dem SAP Campus registriert bist, kannst Du mit der nextbike App auch weiterhin SAP Bikesharing nutzen.<\/p>\n<p>Bist Du aber bisher in einem anderen nextbike System registriert, ist \u00fcber diese Webseite eine neue Registrierung notwendig \u2013 bitte informiere unseren Kundenservice unter <a href=\"tel:+493069205046\">+49 (0) 30 69205046<\/a> zus\u00e4tzlich\u00a0 aber die beiden Konten. Eine Umschreibung des ersten Kontos ist nicht m\u00f6glich.<\/p>\n<\/div>\n<div>Du darfst SAP Bikesharing nur \u00a0nutzen, wenn du die Nutzungsbedingungen der SAP\u00a0 f\u00fcr nextbike akzeptierst. Diese findest du <span style=\"text-decoration: underline;\"><a href=\"https:\/\/www.nextbike.de\/walldorf\/wp-content\/uploads\/sites\/37\/2025\/06\/2025_Nutzungsbedingungen_sap_Bikesharing_nextbike.pdf\" target=\"_blank\" rel=\"noopener\">HIER<\/a>.<\/span><\/div>\n<p>&nbsp;<\/p>\n    <\/div>\n\n\n<div class=\"how-its-done__container\">\n                        <div class=\"how-its-done__ctab how-its-done__ctab__tab1 how-its-done__ctab__current\" data-ctab=\"tab1\">\n                <div class=\"how-its-done__image\">\n                    <img loading=\"lazy\" decoding=\"async\" width=\"400\" height=\"400\" src=\"https:\/\/www.nextbike.de\/walldorf\/wp-content\/uploads\/2024\/04\/Framelock.svg\" class=\"attachment-nex-md size-nex-md\" alt=\"Grafische Darstellung: Rad-Leihe wird \u00fcber nextbike App gestartet, wodurch das Rahmenschloss am Rad aufspringt.\" \/>                <\/div>\n                <div class=\"how-its-done__content\">\n                                            <h3 class=\"h5\">REGISTRIERUNG<\/h3>\n                                                                <p>Die Registrierung f\u00fcr SAP-Mitarbeitenden erfolgt ausschlie\u00dflich \u00fcber diese Seite. Registrieren k\u00f6nnen sich alle Mitarbeitenden der in SAP Walldorf unter Verwendung der gesch\u00e4ftlichen SAP Email-Adresse sowie einer Telefonnummer. Bei ausl\u00e4ndischen Nummern kann das ggf. nicht durchgef\u00fchrt werden..<\/p>\n                                                                <h3 class=\"h5\">AUSLEIHE<\/h3>\n                                                                <p>SAP Bike-Sharing R\u00e4der k\u00f6nnen an den Stationen auf dem SAP Campus ausgeliehen werden. Scanne mit der nextbike App den QR-Code am Rad und das Rahmenschloss \u00f6ffnet sich automatisch.<\/p>\n                                                                <h3 class=\"h5\">PAUSIEREN<\/h3>\n                                                                <p>Radparken, ohne die Ausleihe zu beenden? Aktiviere dazu einfach den Fahrtpause-Modus in der App und schlie\u00dfe das Schloss.  Bitte beachte, dass ein Parkvorgang nicht l\u00e4nger als 120 Minuten betragen darf. <\/p>\n                                                                <h3 class=\"h5\">R\u00dcCKGABE<\/h3>\n                                                                <p>Stelle das Rad an einer SAP Bikesharing Stationen oder in der R\u00fcckgabezone <span class=\"tooltip\">(Karte anzeigen)<span class=\"tooltiptext\"><img decoding=\"async\" src=\"https:\/\/www.nextbike.de\/walldorf\/wp-content\/uploads\/sites\/37\/2024\/10\/SAP_Flexarea.jpg\" style=\"width: 300px; height: 300px;\"><\/span><\/span> ab und dr\u00fccke den kleinen Hebel am Rahmenschloss nach unten. Eine R\u00fcckgabe von SAP Bikesharing R\u00e4der an einer Station des \u00f6ffentlichen Verleihsystems VRNnextbike\u2013 z.B. am Bahnhof Walldorf \u2013 ist nicht gestattet.<\/p>\n                                    <\/div>\n            <\/div>\n                                                            <\/div>\n<\/div>[\/vc_column][\/vc_row][vc_row ppi_row_padding=&#8220;ppi_remove_padding_bottom&#8220; full_width=&#8220;stretch_row_content_no_spaces&#8220; el_id=&#8220;vorteile&#8220;][vc_column]<div class=\"nextbike slider\">\n            <div class=\"slider__black\">\n            <h2 class=\"h1\">  <\/h2>\n        <\/div>\n        <div class=\"full-width-slider\">\n                        <div class=\"slider__slide center\">\n                    <img loading=\"lazy\" decoding=\"async\" width=\"1920\" height=\"1280\" src=\"https:\/\/www.nextbike.de\/walldorf\/wp-content\/uploads\/sites\/37\/2023\/01\/Smartbike_2.0_DUO_WO_MEN-1-1920x1280.jpg\" class=\"attachment-nex-max size-nex-max wp-post-image\" alt=\"\" srcset=\"https:\/\/www.nextbike.de\/walldorf\/wp-content\/uploads\/sites\/37\/2023\/01\/Smartbike_2.0_DUO_WO_MEN-1-1920x1280.jpg 1920w, https:\/\/www.nextbike.de\/walldorf\/wp-content\/uploads\/sites\/37\/2023\/01\/Smartbike_2.0_DUO_WO_MEN-1-300x200.jpg 300w, https:\/\/www.nextbike.de\/walldorf\/wp-content\/uploads\/sites\/37\/2023\/01\/Smartbike_2.0_DUO_WO_MEN-1-1024x683.jpg 1024w, https:\/\/www.nextbike.de\/walldorf\/wp-content\/uploads\/sites\/37\/2023\/01\/Smartbike_2.0_DUO_WO_MEN-1-768x512.jpg 768w, https:\/\/www.nextbike.de\/walldorf\/wp-content\/uploads\/sites\/37\/2023\/01\/Smartbike_2.0_DUO_WO_MEN-1-1200x800.jpg 1200w, https:\/\/www.nextbike.de\/walldorf\/wp-content\/uploads\/sites\/37\/2023\/01\/Smartbike_2.0_DUO_WO_MEN-1-992x661.jpg 992w, https:\/\/www.nextbike.de\/walldorf\/wp-content\/uploads\/sites\/37\/2023\/01\/Smartbike_2.0_DUO_WO_MEN-1-480x320.jpg 480w, https:\/\/www.nextbike.de\/walldorf\/wp-content\/uploads\/sites\/37\/2023\/01\/Smartbike_2.0_DUO_WO_MEN-1-210x140.jpg 210w, https:\/\/www.nextbike.de\/walldorf\/wp-content\/uploads\/sites\/37\/2023\/01\/Smartbike_2.0_DUO_WO_MEN-1-150x100.jpg 150w\" sizes=\"auto, (max-width: 1920px) 100vw, 1920px\" \/>                                            <div class=\"slider__slide__overlay\" style=\"background-color: rgba(0,0,0,0.3);\"><\/div>\n                                        <div class=\"slider__slide__inner container\">\n                        <h3 class=\"h2\">Die Nutzung der R\u00e4der auf dem Gel\u00e4nde der SAP Walldorf ist f\u00fcr registrierte Mitarbeitende kostenlos.<\/h3>                                                                    <\/div>\n                <\/div>\n                <\/div>\n<\/div>\n[\/vc_column][\/vc_row][vc_row content_placement=&#8220;middle&#8220;][vc_column width=&#8220;1\/2&#8243;][vc_column_text]<\/p>\n<h4>Fahrradverleih auf dem Gel\u00e4nde der SAP Walldorf<\/h4>\n<p>[\/vc_column_text][\/vc_column][vc_column width=&#8220;1\/6&#8243;][\/vc_column][vc_column width=&#8220;1\/6&#8243;][\/vc_column][vc_column width=&#8220;1\/6&#8243;][vc_single_image image=&#8220;97&#8243; img_size=&#8220;medium&#8220;][\/vc_column][\/vc_row]<\/p>\n<\/div>","protected":false},"excerpt":{"rendered":"<p>[vc_row ppi_row_padding=&#8220;ppi_remove_padding_top,ppi_remove_padding_bottom&#8220; full_width=&#8220;stretch_row_content_no_spaces&#8220; el_class=&#8220;stage-row&#8220;][vc_column][\/vc_column][\/vc_row][vc_row ppi_row_padding=&#8220;ppi_remove_padding_top&#8220;][vc_column][\/vc_column][\/vc_row][vc_row ppi_row_type=&#8220;ppi_bg_grey&#8220; full_width=&#8220;stretch_row&#8220; el_id=&#8220;so-gehts&#8220;][vc_column][\/vc_column][\/vc_row][vc_row ppi_row_padding=&#8220;ppi_remove_padding_bottom&#8220; full_width=&#8220;stretch_row_content_no_spaces&#8220; el_id=&#8220;vorteile&#8220;][vc_column][\/vc_column][\/vc_row][vc_row content_placement=&#8220;middle&#8220;][vc_column width=&#8220;1\/2&#8243;][vc_column_text] Fahrradverleih auf dem Gel\u00e4nde der SAP Walldorf [\/vc_column_text][\/vc_column][vc_column width=&#8220;1\/6&#8243;][\/vc_column][vc_column width=&#8220;1\/6&#8243;][\/vc_column][vc_column width=&#8220;1\/6&#8243;][vc_single_image image=&#8220;97&#8243; img_size=&#8220;medium&#8220;][\/vc_column][\/vc_row]<\/p>\n","protected":false},"author":5,"featured_media":0,"parent":0,"menu_order":0,"comment_status":"closed","ping_status":"closed","template":"","meta":{"_acf_changed":false,"inline_featured_image":false,"footnotes":""},"class_list":["post-4","page","type-page","status-publish","hentry"],"acf":[],"yoast_head":"<!-- This site is optimized with the Yoast SEO plugin v27.2 - https:\/\/yoast.com\/product\/yoast-seo-wordpress\/ -->\n<title>Walldorf \u2013 bikesharing<\/title>\n<meta name=\"description\" content=\"Das exklusive Fahrradverleihsystem f\u00fcr SAP auf dem Campus Walldorf\" \/>\n<meta name=\"robots\" content=\"index, follow, max-snippet:-1, max-image-preview:large, max-video-preview:-1\" \/>\n<link rel=\"canonical\" href=\"https:\/\/www.nextbike.de\/walldorf\/de\/\" \/>\n<meta property=\"og:locale\" content=\"de_DE\" \/>\n<meta property=\"og:type\" content=\"article\" \/>\n<meta property=\"og:title\" content=\"Walldorf \u2013 bikesharing\" \/>\n<meta property=\"og:description\" content=\"Das exklusive Fahrradverleihsystem f\u00fcr SAP auf dem Campus Walldorf\" \/>\n<meta property=\"og:url\" content=\"https:\/\/www.nextbike.de\/walldorf\/de\/\" \/>\n<meta property=\"og:site_name\" content=\"Walldorf\" \/>\n<meta property=\"article:modified_time\" content=\"2024-04-30T12:11:43+00:00\" \/>\n<meta name=\"twitter:card\" content=\"summary_large_image\" \/>\n<meta name=\"twitter:label1\" content=\"Gesch\u00e4tzte Lesezeit\" \/>\n\t<meta name=\"twitter:data1\" content=\"1\u00a0Minute\" \/>\n<script type=\"application\/ld+json\" class=\"yoast-schema-graph\">{\"@context\":\"https:\/\/schema.org\",\"@graph\":[{\"@type\":\"WebPage\",\"@id\":\"https:\/\/www.nextbike.de\/walldorf\/de\/\",\"url\":\"https:\/\/www.nextbike.de\/walldorf\/de\/\",\"name\":\"Walldorf \u2013 bikesharing\",\"isPartOf\":{\"@id\":\"https:\/\/www.nextbike.de\/walldorf\/de\/#website\"},\"datePublished\":\"2022-08-11T10:13:00+00:00\",\"dateModified\":\"2024-04-30T12:11:43+00:00\",\"description\":\"Das exklusive Fahrradverleihsystem f\u00fcr SAP auf dem Campus Walldorf\",\"breadcrumb\":{\"@id\":\"https:\/\/www.nextbike.de\/walldorf\/de\/#breadcrumb\"},\"inLanguage\":\"de\",\"potentialAction\":[{\"@type\":\"ReadAction\",\"target\":[\"https:\/\/www.nextbike.de\/walldorf\/de\/\"]}]},{\"@type\":\"BreadcrumbList\",\"@id\":\"https:\/\/www.nextbike.de\/walldorf\/de\/#breadcrumb\",\"itemListElement\":[{\"@type\":\"ListItem\",\"position\":1,\"name\":\"Startseite\",\"item\":\"https:\/\/www.nextbike.de\/walldorf\/de\/\"},{\"@type\":\"ListItem\",\"position\":2,\"name\":\"Startseite\"}]},{\"@type\":\"WebSite\",\"@id\":\"https:\/\/www.nextbike.de\/walldorf\/de\/#website\",\"url\":\"https:\/\/www.nextbike.de\/walldorf\/de\/\",\"name\":\"Walldorf\",\"description\":\"Eine weitere Nextbike Websites Website\",\"potentialAction\":[{\"@type\":\"SearchAction\",\"target\":{\"@type\":\"EntryPoint\",\"urlTemplate\":\"https:\/\/www.nextbike.de\/walldorf\/de\/?s={search_term_string}\"},\"query-input\":{\"@type\":\"PropertyValueSpecification\",\"valueRequired\":true,\"valueName\":\"search_term_string\"}}],\"inLanguage\":\"de\"}]}<\/script>\n<!-- \/ Yoast SEO plugin. -->","yoast_head_json":{"title":"Walldorf \u2013 bikesharing","description":"Das exklusive Fahrradverleihsystem f\u00fcr SAP auf dem Campus Walldorf","robots":{"index":"index","follow":"follow","max-snippet":"max-snippet:-1","max-image-preview":"max-image-preview:large","max-video-preview":"max-video-preview:-1"},"canonical":"https:\/\/www.nextbike.de\/walldorf\/de\/","og_locale":"de_DE","og_type":"article","og_title":"Walldorf \u2013 bikesharing","og_description":"Das exklusive Fahrradverleihsystem f\u00fcr SAP auf dem Campus Walldorf","og_url":"https:\/\/www.nextbike.de\/walldorf\/de\/","og_site_name":"Walldorf","article_modified_time":"2024-04-30T12:11:43+00:00","twitter_card":"summary_large_image","twitter_misc":{"Gesch\u00e4tzte Lesezeit":"1\u00a0Minute"},"schema":{"@context":"https:\/\/schema.org","@graph":[{"@type":"WebPage","@id":"https:\/\/www.nextbike.de\/walldorf\/de\/","url":"https:\/\/www.nextbike.de\/walldorf\/de\/","name":"Walldorf \u2013 bikesharing","isPartOf":{"@id":"https:\/\/www.nextbike.de\/walldorf\/de\/#website"},"datePublished":"2022-08-11T10:13:00+00:00","dateModified":"2024-04-30T12:11:43+00:00","description":"Das exklusive Fahrradverleihsystem f\u00fcr SAP auf dem Campus Walldorf","breadcrumb":{"@id":"https:\/\/www.nextbike.de\/walldorf\/de\/#breadcrumb"},"inLanguage":"de","potentialAction":[{"@type":"ReadAction","target":["https:\/\/www.nextbike.de\/walldorf\/de\/"]}]},{"@type":"BreadcrumbList","@id":"https:\/\/www.nextbike.de\/walldorf\/de\/#breadcrumb","itemListElement":[{"@type":"ListItem","position":1,"name":"Startseite","item":"https:\/\/www.nextbike.de\/walldorf\/de\/"},{"@type":"ListItem","position":2,"name":"Startseite"}]},{"@type":"WebSite","@id":"https:\/\/www.nextbike.de\/walldorf\/de\/#website","url":"https:\/\/www.nextbike.de\/walldorf\/de\/","name":"Walldorf","description":"Eine weitere Nextbike Websites Website","potentialAction":[{"@type":"SearchAction","target":{"@type":"EntryPoint","urlTemplate":"https:\/\/www.nextbike.de\/walldorf\/de\/?s={search_term_string}"},"query-input":{"@type":"PropertyValueSpecification","valueRequired":true,"valueName":"search_term_string"}}],"inLanguage":"de"}]}},"_links":{"self":[{"href":"https:\/\/www.nextbike.de\/walldorf\/de\/wp-json\/wp\/v2\/pages\/4","targetHints":{"allow":["GET"]}}],"collection":[{"href":"https:\/\/www.nextbike.de\/walldorf\/de\/wp-json\/wp\/v2\/pages"}],"about":[{"href":"https:\/\/www.nextbike.de\/walldorf\/de\/wp-json\/wp\/v2\/types\/page"}],"author":[{"embeddable":true,"href":"https:\/\/www.nextbike.de\/walldorf\/de\/wp-json\/wp\/v2\/users\/5"}],"replies":[{"embeddable":true,"href":"https:\/\/www.nextbike.de\/walldorf\/de\/wp-json\/wp\/v2\/comments?post=4"}],"version-history":[{"count":6,"href":"https:\/\/www.nextbike.de\/walldorf\/de\/wp-json\/wp\/v2\/pages\/4\/revisions"}],"predecessor-version":[{"id":99,"href":"https:\/\/www.nextbike.de\/walldorf\/de\/wp-json\/wp\/v2\/pages\/4\/revisions\/99"}],"wp:attachment":[{"href":"https:\/\/www.nextbike.de\/walldorf\/de\/wp-json\/wp\/v2\/media?parent=4"}],"curies":[{"name":"wp","href":"https:\/\/api.w.org\/{rel}","templated":true}]}}