{"id":65,"date":"2022-08-26T13:50:08","date_gmt":"2022-08-26T11:50:08","guid":{"rendered":"https:\/\/nextbike-live.pluspol-networks.de\/badoeynhausen\/?page_id=65"},"modified":"2024-12-18T15:42:35","modified_gmt":"2024-12-18T14:42:35","slug":"gebuehr","status":"publish","type":"page","link":"https:\/\/www.nextbike.de\/veloleo\/de\/gebuehr\/","title":{"rendered":"Geb\u00fchr"},"content":{"rendered":"<div class=\"wpb-content-wrapper\"><p>[vc_row][vc_column][vc_column_text]<\/p>\n<h2>Information zur Geb\u00fchr<\/h2>\n<p>[\/vc_column_text][vc_column_text css=&#8220;&#8220;]<\/p>\n<div class=\"row_wrap\">\n<div class=\"wp-block-columns row_xxl\">\n<div class=\"wp-block-column col-12 col-sm-auto\">\n<h3>Liebe Nutzer*innen<\/h3>\n<p>Eine Geb\u00fchr von 20 \u20ac f\u00e4llt an, wenn ein Rad entgegen der Vorgaben zur\u00fcckgegeben wurde. Bei der ersten unsachgem\u00e4\u00dfen R\u00fcckgabe berechnen wir diesen noch nicht. Bei Wiederholung wird die Geb\u00fchr automatisch berechnet. Angefallene Geb\u00fchren kannst du in der Ausleih-Historie in deiner App oder in deinem Kundenkonto \u00fcber den Webseiten-Login einsehen.<\/p>\n<p><strong>Du kannst die Geb\u00fchr noch abwenden<\/strong>: Gehe zur\u00fcck zum Rad und leihe es erneut aus. Mache dies nicht aus der Ferne, da das Schloss automatisch \u00f6ffnet. Die neue Ausleihe wird mit der alten verschmolzen und die Geb\u00fchr f\u00fcr unsachgem\u00e4\u00dfe R\u00fcckgabe gel\u00f6scht, wenn du das Rad nun ordnungsgem\u00e4\u00df zur\u00fcckgibst.<\/p>\n<h2><\/h2>\n<h2>Welche R\u00fcckgabe-Optionen hast du in Braunschweig?<\/h2>\n<p>&nbsp;<\/p>\n<h5>Standardr\u00e4der<\/h5>\n<ul>\n<li>d\u00fcrfen an allen offiziellen Veloleo-Stationen, sowie f\u00fcr einen Aufpreis von 1 \u20ac innerhalb der pinken Flexzone zur\u00fcckgegeben werden.<\/li>\n<\/ul>\n<h5>E-Bikes<\/h5>\n<ul>\n<li>d\u00fcrfen nur an der E-Bike-Station 5269 &#8211; Lichtwerk-H\u00f6fe zur\u00fcckgegeben werden.<\/li>\n<\/ul>\n<h5>Cargobikes<\/h5>\n<ul>\n<li>d\u00fcrfen nur an der jeweils aufgedruckten Heimatstation zur\u00fcckgegeben werden. Die drei Cargobike-Heimatstationen sind\n<ul>\n<li>Station\u00a05269 &#8211; Lichtwerk-H\u00f6fe<\/li>\n<li>Station\u00a05285 &#8211; Harzstieg<\/li>\n<li>Station\u00a05272 &#8211; Freyastra\u00dfe<\/li>\n<\/ul>\n<\/li>\n<\/ul>\n<p>F\u00fcr unsachgem\u00e4\u00dfe R\u00fcckgaben wird automatisch eine Geb\u00fchr von mind. 20 \u20ac berechnet.<\/p>\n<\/div>\n<\/div>\n<\/div>\n<div class=\"row_wrap\">\n<div class=\"wp-block-columns row_xxl\">\n<div class=\"wp-block-column col-12 col-sm-auto\">\n<p>&nbsp;<\/p>\n<\/div>\n<\/div>\n<\/div>\n<div class=\"row_wrap\">\n<div class=\"wp-block-columns row_xxl\">\n<div class=\"wp-block-column col-12 col-sm-auto\">\n<p><strong>Irrt\u00fcmliche Geb\u00fchren? Was nun?<\/strong><\/p>\n<\/div>\n<\/div>\n<\/div>\n<div class=\"row_wrap\">\n<div class=\"wp-block-columns row_xxl\">\n<div class=\"wp-block-column col-12 col-sm-auto\">\n<p>Aufgrund von leichten GPS-Abweichungen kann es passieren, dass dir eine Geb\u00fchr f\u00fcr unsachgem\u00e4\u00dfe R\u00fcckgabe berechnet wird, obwohl du das Rad an einer Station abgestellt hast. Kein Problem. Kontaktiere unsere Hotline unter <a href=\"tel:+4934139283965\">+49 (0) 341 392 839 65<\/a> oder schicke uns eine Nachricht per App mit deiner registrierten Handynummer, Radnummer und kurzer Schilderung des Sachverhalts. Wir berichtigen die Ausleihe.<\/p>\n<\/div>\n<\/div>\n<\/div>\n<p>[\/vc_column_text][\/vc_column][\/vc_row]<\/p>\n<\/div>","protected":false},"excerpt":{"rendered":"<p>[vc_row][vc_column][vc_column_text] Information zur Geb\u00fchr [\/vc_column_text][vc_column_text css=&#8220;&#8220;] Liebe Nutzer*innen Eine Geb\u00fchr von 20 \u20ac f\u00e4llt an, wenn ein Rad entgegen der Vorgaben zur\u00fcckgegeben wurde. Bei der ersten unsachgem\u00e4\u00dfen R\u00fcckgabe berechnen wir diesen noch nicht. Bei Wiederholung wird die Geb\u00fchr automatisch berechnet. Angefallene Geb\u00fchren kannst du in der Ausleih-Historie in deiner App oder in deinem Kundenkonto \u00fcber [&hellip;]<\/p>\n","protected":false},"author":2,"featured_media":0,"parent":0,"menu_order":0,"comment_status":"closed","ping_status":"closed","template":"page-bubble.php","meta":{"_acf_changed":false,"inline_featured_image":false,"footnotes":""},"class_list":["post-65","page","type-page","status-publish","hentry"],"acf":[],"yoast_head":"<!-- This site is optimized with the Yoast SEO plugin v27.2 - https:\/\/yoast.com\/product\/yoast-seo-wordpress\/ -->\n<title>Geb\u00fchr - Braunschweig Veloleo<\/title>\n<meta name=\"robots\" content=\"noindex, nofollow\" \/>\n<meta property=\"og:locale\" content=\"de_DE\" \/>\n<meta property=\"og:type\" content=\"article\" \/>\n<meta property=\"og:title\" content=\"Geb\u00fchr - Braunschweig Veloleo\" \/>\n<meta property=\"og:description\" content=\"[vc_row][vc_column][vc_column_text] Information zur Geb\u00fchr [\/vc_column_text][vc_column_text css=&#8220;&#8220;] Liebe Nutzer*innen Eine Geb\u00fchr von 20 \u20ac f\u00e4llt an, wenn ein Rad entgegen der Vorgaben zur\u00fcckgegeben wurde. Bei der ersten unsachgem\u00e4\u00dfen R\u00fcckgabe berechnen wir diesen noch nicht. Bei Wiederholung wird die Geb\u00fchr automatisch berechnet. Angefallene Geb\u00fchren kannst du in der Ausleih-Historie in deiner App oder in deinem Kundenkonto \u00fcber [&hellip;]\" \/>\n<meta property=\"og:url\" content=\"https:\/\/www.nextbike.de\/veloleo\/de\/gebuehr\/\" \/>\n<meta property=\"og:site_name\" content=\"Braunschweig Veloleo\" \/>\n<meta property=\"article:modified_time\" content=\"2024-12-18T14:42:35+00:00\" \/>\n<meta name=\"twitter:card\" content=\"summary_large_image\" \/>\n<meta name=\"twitter:label1\" content=\"Gesch\u00e4tzte Lesezeit\" \/>\n\t<meta name=\"twitter:data1\" content=\"2\u00a0Minuten\" \/>\n<script type=\"application\/ld+json\" class=\"yoast-schema-graph\">{\"@context\":\"https:\/\/schema.org\",\"@graph\":[{\"@type\":\"WebPage\",\"@id\":\"https:\/\/www.nextbike.de\/veloleo\/de\/gebuehr\/\",\"url\":\"https:\/\/www.nextbike.de\/veloleo\/de\/gebuehr\/\",\"name\":\"Geb\u00fchr - Braunschweig Veloleo\",\"isPartOf\":{\"@id\":\"https:\/\/www.nextbike.de\/veloleo\/de\/#website\"},\"datePublished\":\"2022-08-26T11:50:08+00:00\",\"dateModified\":\"2024-12-18T14:42:35+00:00\",\"breadcrumb\":{\"@id\":\"https:\/\/www.nextbike.de\/veloleo\/de\/gebuehr\/#breadcrumb\"},\"inLanguage\":\"de\",\"potentialAction\":[{\"@type\":\"ReadAction\",\"target\":[\"https:\/\/www.nextbike.de\/veloleo\/de\/gebuehr\/\"]}]},{\"@type\":\"BreadcrumbList\",\"@id\":\"https:\/\/www.nextbike.de\/veloleo\/de\/gebuehr\/#breadcrumb\",\"itemListElement\":[{\"@type\":\"ListItem\",\"position\":1,\"name\":\"Startseite\",\"item\":\"https:\/\/www.nextbike.de\/veloleo\/de\/\"},{\"@type\":\"ListItem\",\"position\":2,\"name\":\"Geb\u00fchr\"}]},{\"@type\":\"WebSite\",\"@id\":\"https:\/\/www.nextbike.de\/veloleo\/de\/#website\",\"url\":\"https:\/\/www.nextbike.de\/veloleo\/de\/\",\"name\":\"Braunschweig Veloleo\",\"description\":\"Eine weitere Nextbike Websites Website\",\"potentialAction\":[{\"@type\":\"SearchAction\",\"target\":{\"@type\":\"EntryPoint\",\"urlTemplate\":\"https:\/\/www.nextbike.de\/veloleo\/de\/?s={search_term_string}\"},\"query-input\":{\"@type\":\"PropertyValueSpecification\",\"valueRequired\":true,\"valueName\":\"search_term_string\"}}],\"inLanguage\":\"de\"}]}<\/script>\n<!-- \/ Yoast SEO plugin. -->","yoast_head_json":{"title":"Geb\u00fchr - Braunschweig Veloleo","robots":{"index":"noindex","follow":"nofollow"},"og_locale":"de_DE","og_type":"article","og_title":"Geb\u00fchr - Braunschweig Veloleo","og_description":"[vc_row][vc_column][vc_column_text] Information zur Geb\u00fchr [\/vc_column_text][vc_column_text css=&#8220;&#8220;] Liebe Nutzer*innen Eine Geb\u00fchr von 20 \u20ac f\u00e4llt an, wenn ein Rad entgegen der Vorgaben zur\u00fcckgegeben wurde. Bei der ersten unsachgem\u00e4\u00dfen R\u00fcckgabe berechnen wir diesen noch nicht. Bei Wiederholung wird die Geb\u00fchr automatisch berechnet. Angefallene Geb\u00fchren kannst du in der Ausleih-Historie in deiner App oder in deinem Kundenkonto \u00fcber [&hellip;]","og_url":"https:\/\/www.nextbike.de\/veloleo\/de\/gebuehr\/","og_site_name":"Braunschweig Veloleo","article_modified_time":"2024-12-18T14:42:35+00:00","twitter_card":"summary_large_image","twitter_misc":{"Gesch\u00e4tzte Lesezeit":"2\u00a0Minuten"},"schema":{"@context":"https:\/\/schema.org","@graph":[{"@type":"WebPage","@id":"https:\/\/www.nextbike.de\/veloleo\/de\/gebuehr\/","url":"https:\/\/www.nextbike.de\/veloleo\/de\/gebuehr\/","name":"Geb\u00fchr - Braunschweig Veloleo","isPartOf":{"@id":"https:\/\/www.nextbike.de\/veloleo\/de\/#website"},"datePublished":"2022-08-26T11:50:08+00:00","dateModified":"2024-12-18T14:42:35+00:00","breadcrumb":{"@id":"https:\/\/www.nextbike.de\/veloleo\/de\/gebuehr\/#breadcrumb"},"inLanguage":"de","potentialAction":[{"@type":"ReadAction","target":["https:\/\/www.nextbike.de\/veloleo\/de\/gebuehr\/"]}]},{"@type":"BreadcrumbList","@id":"https:\/\/www.nextbike.de\/veloleo\/de\/gebuehr\/#breadcrumb","itemListElement":[{"@type":"ListItem","position":1,"name":"Startseite","item":"https:\/\/www.nextbike.de\/veloleo\/de\/"},{"@type":"ListItem","position":2,"name":"Geb\u00fchr"}]},{"@type":"WebSite","@id":"https:\/\/www.nextbike.de\/veloleo\/de\/#website","url":"https:\/\/www.nextbike.de\/veloleo\/de\/","name":"Braunschweig Veloleo","description":"Eine weitere Nextbike Websites Website","potentialAction":[{"@type":"SearchAction","target":{"@type":"EntryPoint","urlTemplate":"https:\/\/www.nextbike.de\/veloleo\/de\/?s={search_term_string}"},"query-input":{"@type":"PropertyValueSpecification","valueRequired":true,"valueName":"search_term_string"}}],"inLanguage":"de"}]}},"_links":{"self":[{"href":"https:\/\/www.nextbike.de\/veloleo\/de\/wp-json\/wp\/v2\/pages\/65","targetHints":{"allow":["GET"]}}],"collection":[{"href":"https:\/\/www.nextbike.de\/veloleo\/de\/wp-json\/wp\/v2\/pages"}],"about":[{"href":"https:\/\/www.nextbike.de\/veloleo\/de\/wp-json\/wp\/v2\/types\/page"}],"author":[{"embeddable":true,"href":"https:\/\/www.nextbike.de\/veloleo\/de\/wp-json\/wp\/v2\/users\/2"}],"replies":[{"embeddable":true,"href":"https:\/\/www.nextbike.de\/veloleo\/de\/wp-json\/wp\/v2\/comments?post=65"}],"version-history":[{"count":7,"href":"https:\/\/www.nextbike.de\/veloleo\/de\/wp-json\/wp\/v2\/pages\/65\/revisions"}],"predecessor-version":[{"id":177,"href":"https:\/\/www.nextbike.de\/veloleo\/de\/wp-json\/wp\/v2\/pages\/65\/revisions\/177"}],"wp:attachment":[{"href":"https:\/\/www.nextbike.de\/veloleo\/de\/wp-json\/wp\/v2\/media?parent=65"}],"curies":[{"name":"wp","href":"https:\/\/api.w.org\/{rel}","templated":true}]}}