{"id":149,"date":"2024-12-18T14:50:38","date_gmt":"2024-12-18T13:50:38","guid":{"rendered":"https:\/\/nextbike-live.pluspol-networks.de\/veloleo\/?page_id=149"},"modified":"2025-02-03T11:43:51","modified_gmt":"2025-02-03T10:43:51","slug":"partner","status":"publish","type":"page","link":"https:\/\/www.nextbike.de\/veloleo\/de\/partner\/","title":{"rendered":"Partner"},"content":{"rendered":"<div class=\"wpb-content-wrapper\"><p>[vc_row][vc_column][vc_column_text css=&#8220;&#8220;]<\/p>\n<h1 style=\"text-align: center;\">Partner<\/h1>\n<h4 style=\"text-align: center;\"><strong>Mieter*innen der Nibelungen-Wohnbau GmbH genie\u00dfen Freiminuten<\/strong><\/h4>\n<p>[\/vc_column_text][vc_single_image image=&#8220;159&#8243; img_size=&#8220;medium&#8220; alignment=&#8220;center&#8220; css=&#8220;&#8220;][\/vc_column][\/vc_row][vc_row ppi_row_padding=&#8220;ppi_remove_padding_top&#8220;][vc_column width=&#8220;1\/6&#8243;][vc_icon icon_fontawesome=&#8220;fas fa-university&#8220; color=&#8220;custom&#8220; size=&#8220;lg&#8220; css=&#8220;&#8220; custom_color=&#8220;#ff3714&#8243;][\/vc_column][vc_column width=&#8220;5\/6&#8243;][vc_tta_accordion active_section=&#8220;0&#8243; collapsible_all=&#8220;true&#8220; title=&#8220;Verkn\u00fcpfung&#8220;][vc_tta_section title=&#8220;So geht&#8217;s&#8220; tab_id=&#8220;institutionen7581-60cb9954-0828&#8243;][vc_column_text css=&#8220;&#8220;]Als Mieter*in erh\u00e4ltst du von der Nibelungen-Wohnbau-GmbH einen Gutschein-Code. Diesen l\u00f6st du unter <em>Gutscheine\u00a0<\/em>einmalig in deinem Kundenkonto per App oder Website ein.[\/vc_column_text][\/vc_tta_section][\/vc_tta_accordion][\/vc_column][\/vc_row][vc_row ppi_row_padding=&#8220;ppi_remove_padding_top&#8220;][vc_column width=&#8220;1\/6&#8243;][vc_icon icon_fontawesome=&#8220;fas fa-tags&#8220; color=&#8220;custom&#8220; size=&#8220;lg&#8220; css=&#8220;&#8220; custom_color=&#8220;#ff3714&#8243;][\/vc_column][vc_column width=&#8220;5\/6&#8243;][vc_tta_accordion active_section=&#8220;0&#8243; collapsible_all=&#8220;true&#8220; title=&#8220;Konditionen&#8220;][vc_tta_section title=&#8220;Genie\u00dft Freiminuten&#8220; tab_id=&#8220;institutionen1bd3-bd619954-0828&#8243;][vc_column_text css=&#8220;&#8220;]Mieter*innen der Nibelungen radeln 8 Stunden im Monat kostenfrei, indem die jeweils erste halbe Stunde pro Ausleihe nicht berechnet wird. Damit sind also die ersten 16 Ausleihen pro Monat verg\u00fcnstigt. Jede weitere viertel Stunde pro Ausleihe sowie ab der 17. Ausleihe wird im Basistarif abgerechnet.<\/p>\n<p>Bei mehreren zeitgleichen Ausleihen gilt der verg\u00fcnstigte Tarif jedoch nur f\u00fcr das erste Rad. Weitere R\u00e4der werden ebenfalls im\u00a0Basistarif\u00a0abgerechnet.[\/vc_column_text][\/vc_tta_section][\/vc_tta_accordion][\/vc_column][\/vc_row][vc_row ppi_row_padding=&#8220;ppi_remove_padding_top&#8220;][vc_column width=&#8220;1\/6&#8243;][vc_icon icon_fontawesome=&#8220;fas fa-certificate&#8220; color=&#8220;custom&#8220; size=&#8220;lg&#8220; css=&#8220;&#8220; custom_color=&#8220;#ff3714&#8243;][\/vc_column][vc_column width=&#8220;5\/6&#8243;][vc_tta_accordion active_section=&#8220;0&#8243; collapsible_all=&#8220;true&#8220; title=&#8220;G\u00fcltigkeit&#8220;][vc_tta_section title=&#8220;Wie lange gelten die Sonderkonditionen?&#8220; tab_id=&#8220;1698314622760-9dd67ea5-c2fb9954-0828&#8243;][vc_column_text css=&#8220;&#8220;]<\/p>\n<div class=\"col-xs-12 col-sm-12 col-md-4 small-padding-md\">\n<div class=\"row\">\n<div class=\"col-xs-12 col-sm-12 text-center\">\n<p style=\"text-align: left;\">Der Gutschein\u00a0ist zun\u00e4chst bis zum <strong data-renderer-mark=\"true\">31.01.2026<\/strong>\u00a0g\u00fcltig.<\/p>\n<\/div>\n<\/div>\n<\/div>\n<p>[\/vc_column_text][\/vc_tta_section][\/vc_tta_accordion][\/vc_column][\/vc_row]<\/p>\n<\/div>","protected":false},"excerpt":{"rendered":"<p>[vc_row][vc_column][vc_column_text css=&#8220;&#8220;] Partner Mieter*innen der Nibelungen-Wohnbau GmbH genie\u00dfen Freiminuten [\/vc_column_text][vc_single_image image=&#8220;159&#8243; img_size=&#8220;medium&#8220; alignment=&#8220;center&#8220; css=&#8220;&#8220;][\/vc_column][\/vc_row][vc_row ppi_row_padding=&#8220;ppi_remove_padding_top&#8220;][vc_column width=&#8220;1\/6&#8243;][vc_icon icon_fontawesome=&#8220;fas fa-university&#8220; color=&#8220;custom&#8220; size=&#8220;lg&#8220; css=&#8220;&#8220; custom_color=&#8220;#ff3714&#8243;][\/vc_column][vc_column width=&#8220;5\/6&#8243;][vc_tta_accordion active_section=&#8220;0&#8243; collapsible_all=&#8220;true&#8220; title=&#8220;Verkn\u00fcpfung&#8220;][vc_tta_section title=&#8220;So geht&#8217;s&#8220; tab_id=&#8220;institutionen7581-60cb9954-0828&#8243;][vc_column_text css=&#8220;&#8220;]Als Mieter*in erh\u00e4ltst du von der Nibelungen-Wohnbau-GmbH einen Gutschein-Code. Diesen l\u00f6st du unter Gutscheine\u00a0einmalig in deinem Kundenkonto per App oder Website ein.[\/vc_column_text][\/vc_tta_section][\/vc_tta_accordion][\/vc_column][\/vc_row][vc_row ppi_row_padding=&#8220;ppi_remove_padding_top&#8220;][vc_column width=&#8220;1\/6&#8243;][vc_icon icon_fontawesome=&#8220;fas fa-tags&#8220; [&hellip;]<\/p>\n","protected":false},"author":13,"featured_media":0,"parent":0,"menu_order":0,"comment_status":"closed","ping_status":"closed","template":"page-bubble.php","meta":{"_acf_changed":false,"inline_featured_image":false,"footnotes":""},"class_list":["post-149","page","type-page","status-publish","hentry"],"acf":[],"yoast_head":"<!-- This site is optimized with the Yoast SEO plugin v27.2 - https:\/\/yoast.com\/product\/yoast-seo-wordpress\/ -->\n<title>Partner - Braunschweig Veloleo<\/title>\n<meta name=\"description\" content=\"Mieter*innen der Nibelungen-Wohnbau GmbH genie\u00dfen Freiminuten bei VELOLEO in Braunschweig.\" \/>\n<meta name=\"robots\" content=\"index, follow, max-snippet:-1, max-image-preview:large, max-video-preview:-1\" \/>\n<link rel=\"canonical\" href=\"https:\/\/www.nextbike.de\/veloleo\/de\/partner\/\" \/>\n<meta property=\"og:locale\" content=\"de_DE\" \/>\n<meta property=\"og:type\" content=\"article\" \/>\n<meta property=\"og:title\" content=\"Partner - Braunschweig Veloleo\" \/>\n<meta property=\"og:description\" content=\"Mieter*innen der Nibelungen-Wohnbau GmbH genie\u00dfen Freiminuten bei VELOLEO in Braunschweig.\" \/>\n<meta property=\"og:url\" content=\"https:\/\/www.nextbike.de\/veloleo\/de\/partner\/\" \/>\n<meta property=\"og:site_name\" content=\"Braunschweig Veloleo\" \/>\n<meta property=\"article:modified_time\" content=\"2025-02-03T10:43:51+00:00\" \/>\n<meta name=\"twitter:card\" content=\"summary_large_image\" \/>\n<meta name=\"twitter:label1\" content=\"Gesch\u00e4tzte Lesezeit\" \/>\n\t<meta name=\"twitter:data1\" content=\"1\u00a0Minute\" \/>\n<script type=\"application\/ld+json\" class=\"yoast-schema-graph\">{\"@context\":\"https:\/\/schema.org\",\"@graph\":[{\"@type\":\"WebPage\",\"@id\":\"https:\/\/www.nextbike.de\/veloleo\/de\/partner\/\",\"url\":\"https:\/\/www.nextbike.de\/veloleo\/de\/partner\/\",\"name\":\"Partner - Braunschweig Veloleo\",\"isPartOf\":{\"@id\":\"https:\/\/www.nextbike.de\/veloleo\/de\/#website\"},\"datePublished\":\"2024-12-18T13:50:38+00:00\",\"dateModified\":\"2025-02-03T10:43:51+00:00\",\"description\":\"Mieter*innen der Nibelungen-Wohnbau GmbH genie\u00dfen Freiminuten bei VELOLEO in Braunschweig.\",\"breadcrumb\":{\"@id\":\"https:\/\/www.nextbike.de\/veloleo\/de\/partner\/#breadcrumb\"},\"inLanguage\":\"de\",\"potentialAction\":[{\"@type\":\"ReadAction\",\"target\":[\"https:\/\/www.nextbike.de\/veloleo\/de\/partner\/\"]}]},{\"@type\":\"BreadcrumbList\",\"@id\":\"https:\/\/www.nextbike.de\/veloleo\/de\/partner\/#breadcrumb\",\"itemListElement\":[{\"@type\":\"ListItem\",\"position\":1,\"name\":\"Startseite\",\"item\":\"https:\/\/www.nextbike.de\/veloleo\/de\/\"},{\"@type\":\"ListItem\",\"position\":2,\"name\":\"Partner\"}]},{\"@type\":\"WebSite\",\"@id\":\"https:\/\/www.nextbike.de\/veloleo\/de\/#website\",\"url\":\"https:\/\/www.nextbike.de\/veloleo\/de\/\",\"name\":\"Braunschweig Veloleo\",\"description\":\"Eine weitere Nextbike Websites Website\",\"potentialAction\":[{\"@type\":\"SearchAction\",\"target\":{\"@type\":\"EntryPoint\",\"urlTemplate\":\"https:\/\/www.nextbike.de\/veloleo\/de\/?s={search_term_string}\"},\"query-input\":{\"@type\":\"PropertyValueSpecification\",\"valueRequired\":true,\"valueName\":\"search_term_string\"}}],\"inLanguage\":\"de\"}]}<\/script>\n<!-- \/ Yoast SEO plugin. -->","yoast_head_json":{"title":"Partner - Braunschweig Veloleo","description":"Mieter*innen der Nibelungen-Wohnbau GmbH genie\u00dfen Freiminuten bei VELOLEO in Braunschweig.","robots":{"index":"index","follow":"follow","max-snippet":"max-snippet:-1","max-image-preview":"max-image-preview:large","max-video-preview":"max-video-preview:-1"},"canonical":"https:\/\/www.nextbike.de\/veloleo\/de\/partner\/","og_locale":"de_DE","og_type":"article","og_title":"Partner - Braunschweig Veloleo","og_description":"Mieter*innen der Nibelungen-Wohnbau GmbH genie\u00dfen Freiminuten bei VELOLEO in Braunschweig.","og_url":"https:\/\/www.nextbike.de\/veloleo\/de\/partner\/","og_site_name":"Braunschweig Veloleo","article_modified_time":"2025-02-03T10:43:51+00:00","twitter_card":"summary_large_image","twitter_misc":{"Gesch\u00e4tzte Lesezeit":"1\u00a0Minute"},"schema":{"@context":"https:\/\/schema.org","@graph":[{"@type":"WebPage","@id":"https:\/\/www.nextbike.de\/veloleo\/de\/partner\/","url":"https:\/\/www.nextbike.de\/veloleo\/de\/partner\/","name":"Partner - Braunschweig Veloleo","isPartOf":{"@id":"https:\/\/www.nextbike.de\/veloleo\/de\/#website"},"datePublished":"2024-12-18T13:50:38+00:00","dateModified":"2025-02-03T10:43:51+00:00","description":"Mieter*innen der Nibelungen-Wohnbau GmbH genie\u00dfen Freiminuten bei VELOLEO in Braunschweig.","breadcrumb":{"@id":"https:\/\/www.nextbike.de\/veloleo\/de\/partner\/#breadcrumb"},"inLanguage":"de","potentialAction":[{"@type":"ReadAction","target":["https:\/\/www.nextbike.de\/veloleo\/de\/partner\/"]}]},{"@type":"BreadcrumbList","@id":"https:\/\/www.nextbike.de\/veloleo\/de\/partner\/#breadcrumb","itemListElement":[{"@type":"ListItem","position":1,"name":"Startseite","item":"https:\/\/www.nextbike.de\/veloleo\/de\/"},{"@type":"ListItem","position":2,"name":"Partner"}]},{"@type":"WebSite","@id":"https:\/\/www.nextbike.de\/veloleo\/de\/#website","url":"https:\/\/www.nextbike.de\/veloleo\/de\/","name":"Braunschweig Veloleo","description":"Eine weitere Nextbike Websites Website","potentialAction":[{"@type":"SearchAction","target":{"@type":"EntryPoint","urlTemplate":"https:\/\/www.nextbike.de\/veloleo\/de\/?s={search_term_string}"},"query-input":{"@type":"PropertyValueSpecification","valueRequired":true,"valueName":"search_term_string"}}],"inLanguage":"de"}]}},"_links":{"self":[{"href":"https:\/\/www.nextbike.de\/veloleo\/de\/wp-json\/wp\/v2\/pages\/149","targetHints":{"allow":["GET"]}}],"collection":[{"href":"https:\/\/www.nextbike.de\/veloleo\/de\/wp-json\/wp\/v2\/pages"}],"about":[{"href":"https:\/\/www.nextbike.de\/veloleo\/de\/wp-json\/wp\/v2\/types\/page"}],"author":[{"embeddable":true,"href":"https:\/\/www.nextbike.de\/veloleo\/de\/wp-json\/wp\/v2\/users\/13"}],"replies":[{"embeddable":true,"href":"https:\/\/www.nextbike.de\/veloleo\/de\/wp-json\/wp\/v2\/comments?post=149"}],"version-history":[{"count":8,"href":"https:\/\/www.nextbike.de\/veloleo\/de\/wp-json\/wp\/v2\/pages\/149\/revisions"}],"predecessor-version":[{"id":354,"href":"https:\/\/www.nextbike.de\/veloleo\/de\/wp-json\/wp\/v2\/pages\/149\/revisions\/354"}],"wp:attachment":[{"href":"https:\/\/www.nextbike.de\/veloleo\/de\/wp-json\/wp\/v2\/media?parent=149"}],"curies":[{"name":"wp","href":"https:\/\/api.w.org\/{rel}","templated":true}]}}