{"id":137,"date":"2024-12-18T11:41:37","date_gmt":"2024-12-18T10:41:37","guid":{"rendered":"https:\/\/nextbike-live.pluspol-networks.de\/veloleo\/?page_id=137"},"modified":"2025-01-15T14:41:17","modified_gmt":"2025-01-15T13:41:17","slug":"campusbike","status":"publish","type":"page","link":"https:\/\/www.nextbike.de\/veloleo\/de\/campusbike\/","title":{"rendered":"CAMPUSbike"},"content":{"rendered":"<div class=\"wpb-content-wrapper\"><p>[vc_row][vc_column][vc_column_text css=&#8220;&#8220;]<\/p>\n<h1 style=\"text-align: center;\">CAMPUSbike<\/h1>\n<h4 style=\"text-align: center;\">f\u00fcr Studierende der TU Braunschweig<\/h4>\n<p>[\/vc_column_text][\/vc_column][\/vc_row][vc_row ppi_row_padding=&#8220;ppi_remove_padding_top&#8220;][vc_column width=&#8220;1\/6&#8243;][vc_icon icon_fontawesome=&#8220;fas fa-user-plus&#8220; color=&#8220;custom&#8220; size=&#8220;lg&#8220; css=&#8220;&#8220; custom_color=&#8220;#ff3714&#8243;][\/vc_column][vc_column width=&#8220;5\/6&#8243;][vc_tta_accordion active_section=&#8220;0&#8243; collapsible_all=&#8220;true&#8220; title=&#8220;Registrierung &amp; Verkn\u00fcpfung&#8220;][vc_tta_section title=&#8220;So geht&#8217;s&#8220; tab_id=&#8220;uni-koeln329f-d03ae940-b1e3&#8243;][vc_column_text css=&#8220;&#8220;]Registriere dich per App oder Webseite mit deiner studentischen E-Mail-Adresse (y-nummer@tu-braunschweig.de). An die E-Mail-Adresse wird ein Best\u00e4tigungslink gesendet, die Freischaltung erfolgt nach der Verifizierung automatisch.<\/p>\n<p>Du bist bereits bei nextbike registriert, aber nicht mit deiner studentischen E-Mail-Adresse? Hinterlege deine studentischen E-Mail-Adresse in deinem Kundenkonto und best\u00e4tige den an diese Adresse gesendeten Link.[\/vc_column_text][\/vc_tta_section][\/vc_tta_accordion][\/vc_column][\/vc_row][vc_row ppi_row_padding=&#8220;ppi_remove_padding_top&#8220;][vc_column width=&#8220;1\/6&#8243;][vc_icon icon_fontawesome=&#8220;fas fa-tags&#8220; color=&#8220;custom&#8220; size=&#8220;lg&#8220; css=&#8220;&#8220; custom_color=&#8220;#ff3714&#8243;][\/vc_column][vc_column width=&#8220;5\/6&#8243;][vc_tta_accordion active_section=&#8220;0&#8243; collapsible_all=&#8220;true&#8220; title=&#8220;Konditionen&#8220;][vc_tta_section title=&#8220;Welche Vorteile haben Studis?&#8220; tab_id=&#8220;1698310483562-1429738a-403d329f-d03ae940-b1e3&#8243;][vc_column_text css=&#8220;&#8220;]Bei jeder Ausleihe\u00a0Braunschweig\u00a0sind die ersten<strong>\u00a030 Minuten gratis<\/strong>. Danach f\u00e4llt der Basistarif des jeweiligen Radtyps an. Die Verg\u00fcnstigungen gelten nur in Braunschweig und f\u00fcr bis zu zwei parallel geliehene R\u00e4der.[\/vc_column_text][\/vc_tta_section][\/vc_tta_accordion][\/vc_column][\/vc_row][vc_row ppi_row_padding=&#8220;ppi_remove_padding_top&#8220;][vc_column width=&#8220;1\/6&#8243;][vc_icon icon_fontawesome=&#8220;fas fa-certificate&#8220; color=&#8220;custom&#8220; size=&#8220;lg&#8220; css=&#8220;&#8220; custom_color=&#8220;#ff3714&#8243;][\/vc_column][vc_column width=&#8220;5\/6&#8243;][vc_tta_accordion active_section=&#8220;0&#8243; collapsible_all=&#8220;true&#8220; title=&#8220;G\u00fcltigkeit&#8220;][vc_tta_section title=&#8220;Wie lange gelten die Sonderkonditionen?&#8220; tab_id=&#8220;gueltigkeit329f-d03ae940-b1e3&#8243;][vc_column_text]Der Semesterticket-Tarif gilt f\u00fcr das Semester, in dem du ihn freigeschaltet hast, bis zwei Wochen nach Semesterende. Im kommenden Semester verifizierst du dich nochmals.[\/vc_column_text][\/vc_tta_section][\/vc_tta_accordion][\/vc_column][\/vc_row]<\/p>\n<\/div>","protected":false},"excerpt":{"rendered":"<p>[vc_row][vc_column][vc_column_text css=&#8220;&#8220;] CAMPUSbike f\u00fcr Studierende der TU Braunschweig [\/vc_column_text][\/vc_column][\/vc_row][vc_row ppi_row_padding=&#8220;ppi_remove_padding_top&#8220;][vc_column width=&#8220;1\/6&#8243;][vc_icon icon_fontawesome=&#8220;fas fa-user-plus&#8220; color=&#8220;custom&#8220; size=&#8220;lg&#8220; css=&#8220;&#8220; custom_color=&#8220;#ff3714&#8243;][\/vc_column][vc_column width=&#8220;5\/6&#8243;][vc_tta_accordion active_section=&#8220;0&#8243; collapsible_all=&#8220;true&#8220; title=&#8220;Registrierung &amp; Verkn\u00fcpfung&#8220;][vc_tta_section title=&#8220;So geht&#8217;s&#8220; tab_id=&#8220;uni-koeln329f-d03ae940-b1e3&#8243;][vc_column_text css=&#8220;&#8220;]Registriere dich per App oder Webseite mit deiner studentischen E-Mail-Adresse (y-nummer@tu-braunschweig.de). An die E-Mail-Adresse wird ein Best\u00e4tigungslink gesendet, die Freischaltung erfolgt nach der Verifizierung automatisch. Du bist bereits bei [&hellip;]<\/p>\n","protected":false},"author":13,"featured_media":0,"parent":0,"menu_order":0,"comment_status":"closed","ping_status":"closed","template":"page-bubble.php","meta":{"_acf_changed":false,"inline_featured_image":false,"footnotes":""},"class_list":["post-137","page","type-page","status-publish","hentry"],"acf":[],"yoast_head":"<!-- This site is optimized with the Yoast SEO plugin v27.2 - https:\/\/yoast.com\/product\/yoast-seo-wordpress\/ -->\n<title>CAMPUSbike - Braunschweig Veloleo<\/title>\n<meta name=\"description\" content=\"Studierende der TU Braunschweig bekommen 30 Freiminuten pro Ausleihe eines Veloleo Rads in Braunschweig. Jetzt verkn\u00fcpfen und losradeln.\" \/>\n<meta name=\"robots\" content=\"index, follow, max-snippet:-1, max-image-preview:large, max-video-preview:-1\" \/>\n<link rel=\"canonical\" href=\"https:\/\/www.nextbike.de\/veloleo\/de\/campusbike\/\" \/>\n<meta property=\"og:locale\" content=\"de_DE\" \/>\n<meta property=\"og:type\" content=\"article\" \/>\n<meta property=\"og:title\" content=\"CAMPUSbike - Braunschweig Veloleo\" \/>\n<meta property=\"og:description\" content=\"Studierende der TU Braunschweig bekommen 30 Freiminuten pro Ausleihe eines Veloleo Rads in Braunschweig. Jetzt verkn\u00fcpfen und losradeln.\" \/>\n<meta property=\"og:url\" content=\"https:\/\/www.nextbike.de\/veloleo\/de\/campusbike\/\" \/>\n<meta property=\"og:site_name\" content=\"Braunschweig Veloleo\" \/>\n<meta property=\"article:modified_time\" content=\"2025-01-15T13:41:17+00:00\" \/>\n<meta name=\"twitter:card\" content=\"summary_large_image\" \/>\n<meta name=\"twitter:label1\" content=\"Gesch\u00e4tzte Lesezeit\" \/>\n\t<meta name=\"twitter:data1\" content=\"1\u00a0Minute\" \/>\n<script type=\"application\/ld+json\" class=\"yoast-schema-graph\">{\"@context\":\"https:\/\/schema.org\",\"@graph\":[{\"@type\":\"WebPage\",\"@id\":\"https:\/\/www.nextbike.de\/veloleo\/de\/campusbike\/\",\"url\":\"https:\/\/www.nextbike.de\/veloleo\/de\/campusbike\/\",\"name\":\"CAMPUSbike - Braunschweig Veloleo\",\"isPartOf\":{\"@id\":\"https:\/\/www.nextbike.de\/veloleo\/de\/#website\"},\"datePublished\":\"2024-12-18T10:41:37+00:00\",\"dateModified\":\"2025-01-15T13:41:17+00:00\",\"description\":\"Studierende der TU Braunschweig bekommen 30 Freiminuten pro Ausleihe eines Veloleo Rads in Braunschweig. Jetzt verkn\u00fcpfen und losradeln.\",\"breadcrumb\":{\"@id\":\"https:\/\/www.nextbike.de\/veloleo\/de\/campusbike\/#breadcrumb\"},\"inLanguage\":\"de\",\"potentialAction\":[{\"@type\":\"ReadAction\",\"target\":[\"https:\/\/www.nextbike.de\/veloleo\/de\/campusbike\/\"]}]},{\"@type\":\"BreadcrumbList\",\"@id\":\"https:\/\/www.nextbike.de\/veloleo\/de\/campusbike\/#breadcrumb\",\"itemListElement\":[{\"@type\":\"ListItem\",\"position\":1,\"name\":\"Startseite\",\"item\":\"https:\/\/www.nextbike.de\/veloleo\/de\/\"},{\"@type\":\"ListItem\",\"position\":2,\"name\":\"CAMPUSbike\"}]},{\"@type\":\"WebSite\",\"@id\":\"https:\/\/www.nextbike.de\/veloleo\/de\/#website\",\"url\":\"https:\/\/www.nextbike.de\/veloleo\/de\/\",\"name\":\"Braunschweig Veloleo\",\"description\":\"Eine weitere Nextbike Websites Website\",\"potentialAction\":[{\"@type\":\"SearchAction\",\"target\":{\"@type\":\"EntryPoint\",\"urlTemplate\":\"https:\/\/www.nextbike.de\/veloleo\/de\/?s={search_term_string}\"},\"query-input\":{\"@type\":\"PropertyValueSpecification\",\"valueRequired\":true,\"valueName\":\"search_term_string\"}}],\"inLanguage\":\"de\"}]}<\/script>\n<!-- \/ Yoast SEO plugin. -->","yoast_head_json":{"title":"CAMPUSbike - Braunschweig Veloleo","description":"Studierende der TU Braunschweig bekommen 30 Freiminuten pro Ausleihe eines Veloleo Rads in Braunschweig. Jetzt verkn\u00fcpfen und losradeln.","robots":{"index":"index","follow":"follow","max-snippet":"max-snippet:-1","max-image-preview":"max-image-preview:large","max-video-preview":"max-video-preview:-1"},"canonical":"https:\/\/www.nextbike.de\/veloleo\/de\/campusbike\/","og_locale":"de_DE","og_type":"article","og_title":"CAMPUSbike - Braunschweig Veloleo","og_description":"Studierende der TU Braunschweig bekommen 30 Freiminuten pro Ausleihe eines Veloleo Rads in Braunschweig. Jetzt verkn\u00fcpfen und losradeln.","og_url":"https:\/\/www.nextbike.de\/veloleo\/de\/campusbike\/","og_site_name":"Braunschweig Veloleo","article_modified_time":"2025-01-15T13:41:17+00:00","twitter_card":"summary_large_image","twitter_misc":{"Gesch\u00e4tzte Lesezeit":"1\u00a0Minute"},"schema":{"@context":"https:\/\/schema.org","@graph":[{"@type":"WebPage","@id":"https:\/\/www.nextbike.de\/veloleo\/de\/campusbike\/","url":"https:\/\/www.nextbike.de\/veloleo\/de\/campusbike\/","name":"CAMPUSbike - Braunschweig Veloleo","isPartOf":{"@id":"https:\/\/www.nextbike.de\/veloleo\/de\/#website"},"datePublished":"2024-12-18T10:41:37+00:00","dateModified":"2025-01-15T13:41:17+00:00","description":"Studierende der TU Braunschweig bekommen 30 Freiminuten pro Ausleihe eines Veloleo Rads in Braunschweig. Jetzt verkn\u00fcpfen und losradeln.","breadcrumb":{"@id":"https:\/\/www.nextbike.de\/veloleo\/de\/campusbike\/#breadcrumb"},"inLanguage":"de","potentialAction":[{"@type":"ReadAction","target":["https:\/\/www.nextbike.de\/veloleo\/de\/campusbike\/"]}]},{"@type":"BreadcrumbList","@id":"https:\/\/www.nextbike.de\/veloleo\/de\/campusbike\/#breadcrumb","itemListElement":[{"@type":"ListItem","position":1,"name":"Startseite","item":"https:\/\/www.nextbike.de\/veloleo\/de\/"},{"@type":"ListItem","position":2,"name":"CAMPUSbike"}]},{"@type":"WebSite","@id":"https:\/\/www.nextbike.de\/veloleo\/de\/#website","url":"https:\/\/www.nextbike.de\/veloleo\/de\/","name":"Braunschweig Veloleo","description":"Eine weitere Nextbike Websites Website","potentialAction":[{"@type":"SearchAction","target":{"@type":"EntryPoint","urlTemplate":"https:\/\/www.nextbike.de\/veloleo\/de\/?s={search_term_string}"},"query-input":{"@type":"PropertyValueSpecification","valueRequired":true,"valueName":"search_term_string"}}],"inLanguage":"de"}]}},"_links":{"self":[{"href":"https:\/\/www.nextbike.de\/veloleo\/de\/wp-json\/wp\/v2\/pages\/137","targetHints":{"allow":["GET"]}}],"collection":[{"href":"https:\/\/www.nextbike.de\/veloleo\/de\/wp-json\/wp\/v2\/pages"}],"about":[{"href":"https:\/\/www.nextbike.de\/veloleo\/de\/wp-json\/wp\/v2\/types\/page"}],"author":[{"embeddable":true,"href":"https:\/\/www.nextbike.de\/veloleo\/de\/wp-json\/wp\/v2\/users\/13"}],"replies":[{"embeddable":true,"href":"https:\/\/www.nextbike.de\/veloleo\/de\/wp-json\/wp\/v2\/comments?post=137"}],"version-history":[{"count":6,"href":"https:\/\/www.nextbike.de\/veloleo\/de\/wp-json\/wp\/v2\/pages\/137\/revisions"}],"predecessor-version":[{"id":156,"href":"https:\/\/www.nextbike.de\/veloleo\/de\/wp-json\/wp\/v2\/pages\/137\/revisions\/156"}],"wp:attachment":[{"href":"https:\/\/www.nextbike.de\/veloleo\/de\/wp-json\/wp\/v2\/media?parent=137"}],"curies":[{"name":"wp","href":"https:\/\/api.w.org\/{rel}","templated":true}]}}