{"id":293,"date":"2024-11-06T10:59:56","date_gmt":"2024-11-06T09:59:56","guid":{"rendered":"https:\/\/www.metropolradruhr.de\/?page_id=293"},"modified":"2026-03-31T15:09:47","modified_gmt":"2026-03-31T13:09:47","slug":"stadtlastenrad-ab16","status":"publish","type":"page","link":"https:\/\/www.nextbike.de\/stadtlastenrad\/de\/stadtlastenrad-ab16\/","title":{"rendered":"StadtLastenrad ab 16"},"content":{"rendered":"<div class=\"wpb-content-wrapper\"><p>[vc_row][vc_column][vc_column_text css=&#8220;&#8220;]<\/p>\n<h1 class=\"primary-font no-margin-top\">StadtLastenRad Essen ab 16<\/h1>\n<h3>Das Lastenrad f\u00fcr alle Sch\u00fcler*innen &amp; Azubis<\/h3>\n<p>Wenn Du mindestens 16 Jahre alt bist, kannst du die StadtLastenR\u00e4der in Essen nutzen. Da eine Registrierung bei nextbike in Deutschland generell erst ab 18 m\u00f6glich ist, muss die Registrierung Minderj\u00e4hriger \u00fcber unseren Kundenservice unter Vorlage einer Einverst\u00e4ndniserkl\u00e4rung der Erziehungsberechtigten erfolgen.<\/p>\n<p>&nbsp;<\/p>\n<h3><strong>\u200bUnd so registrierst du dich<\/strong><\/h3>\n<p>&nbsp;<\/p>\n<ol>\n<li>\u200bDownload:\u00a0<a href=\"https:\/\/www.nextbike.de\/stadtlastenrad\/wp-content\/uploads\/sites\/68\/2024\/11\/Registration_Form_U18_StadtLastenRad-Essen.pdf\"><strong>Registrierungsformular ab 16<\/strong><\/a><\/li>\n<li>Drucke das\u00a0Formular\u00a0aus und lasse es von einem\/r Erziehungsberechtigten unterzeichnen. Dieser best\u00e4tigt damit die AGB von nextbike.<\/li>\n<li>Schicke das Formular an\u00a0<a href=\"mailto:kundenservice@nextbike.de\">kundenservice@nextbike.de<\/a> mit dem Betreff \u201eStadtLastenRad Essen ab 16\u201c<\/li>\n<li>Du bekommst die 6-stellige Zugangs-PIN zu deinem Kundenkonto per SMS auf dein Handy zugeschickt.<\/li>\n<li>Jetzt musst du dein Konto mithilfe eines Erziehungsberechtigten noch verifizieren, bevor es freigeschaltet wird. Dazu logst du dich \u00fcber die Webseite\u00a0<a href=\"https:\/\/www.nextbike.de\/\" target=\"_blank\" rel=\"noopener noreferrer\">www.nextbike.de<\/a>\u00a0oder die nextbike-App in dein Kundenkonto ein und hinterlegst als Zahlungsmittel\u00a0ein Bankkonto oder die Kreditkarte eines\/r Erziehungsberechtigten.<\/li>\n<li>nextbike schaltet dein Konto nach der \u00dcberpr\u00fcfung frei und es kann losgehen!<\/li>\n<\/ol>\n<p>[\/vc_column_text][\/vc_column][\/vc_row]<\/p>\n<\/div>","protected":false},"excerpt":{"rendered":"<p>[vc_row][vc_column][vc_column_text css=&#8220;&#8220;] StadtLastenRad Essen ab 16 Das Lastenrad f\u00fcr alle Sch\u00fcler*innen &amp; Azubis Wenn Du mindestens 16 Jahre alt bist, kannst du die StadtLastenR\u00e4der in Essen nutzen. Da eine Registrierung bei nextbike in Deutschland generell erst ab 18 m\u00f6glich ist, muss die Registrierung Minderj\u00e4hriger \u00fcber unseren Kundenservice unter Vorlage einer Einverst\u00e4ndniserkl\u00e4rung der Erziehungsberechtigten erfolgen. &nbsp; [&hellip;]<\/p>\n","protected":false},"author":13,"featured_media":0,"parent":0,"menu_order":0,"comment_status":"closed","ping_status":"closed","template":"","meta":{"_acf_changed":false,"inline_featured_image":false,"footnotes":""},"class_list":["post-293","page","type-page","status-publish","hentry"],"acf":[],"yoast_head":"<!-- This site is optimized with the Yoast SEO plugin v27.2 - https:\/\/yoast.com\/product\/yoast-seo-wordpress\/ -->\n<title>StadtLastenRad Essen ab 16<\/title>\n<meta name=\"robots\" content=\"index, follow, max-snippet:-1, max-image-preview:large, max-video-preview:-1\" \/>\n<link rel=\"canonical\" href=\"https:\/\/www.nextbike.de\/stadtlastenrad\/de\/stadtlastenrad-ab16\/\" \/>\n<meta property=\"og:locale\" content=\"de_DE\" \/>\n<meta property=\"og:type\" content=\"article\" \/>\n<meta property=\"og:title\" content=\"StadtLastenRad Essen ab 16\" \/>\n<meta property=\"og:description\" content=\"[vc_row][vc_column][vc_column_text css=&#8220;&#8220;] StadtLastenRad Essen ab 16 Das Lastenrad f\u00fcr alle Sch\u00fcler*innen &amp; Azubis Wenn Du mindestens 16 Jahre alt bist, kannst du die StadtLastenR\u00e4der in Essen nutzen. Da eine Registrierung bei nextbike in Deutschland generell erst ab 18 m\u00f6glich ist, muss die Registrierung Minderj\u00e4hriger \u00fcber unseren Kundenservice unter Vorlage einer Einverst\u00e4ndniserkl\u00e4rung der Erziehungsberechtigten erfolgen. &nbsp; [&hellip;]\" \/>\n<meta property=\"og:url\" content=\"https:\/\/www.nextbike.de\/stadtlastenrad\/de\/stadtlastenrad-ab16\/\" \/>\n<meta property=\"og:site_name\" content=\"StadtLastenrad Essen\" \/>\n<meta property=\"article:modified_time\" content=\"2026-03-31T13:09:47+00:00\" \/>\n<meta name=\"twitter:card\" content=\"summary_large_image\" \/>\n<meta name=\"twitter:label1\" content=\"Gesch\u00e4tzte Lesezeit\" \/>\n\t<meta name=\"twitter:data1\" content=\"1\u00a0Minute\" \/>\n<script type=\"application\/ld+json\" class=\"yoast-schema-graph\">{\"@context\":\"https:\/\/schema.org\",\"@graph\":[{\"@type\":\"WebPage\",\"@id\":\"https:\/\/www.nextbike.de\/stadtlastenrad\/de\/stadtlastenrad-ab16\/\",\"url\":\"https:\/\/www.nextbike.de\/stadtlastenrad\/de\/stadtlastenrad-ab16\/\",\"name\":\"StadtLastenRad Essen ab 16\",\"isPartOf\":{\"@id\":\"https:\/\/www.nextbike.de\/stadtlastenrad\/de\/#website\"},\"datePublished\":\"2024-11-06T09:59:56+00:00\",\"dateModified\":\"2026-03-31T13:09:47+00:00\",\"breadcrumb\":{\"@id\":\"https:\/\/www.nextbike.de\/stadtlastenrad\/de\/stadtlastenrad-ab16\/#breadcrumb\"},\"inLanguage\":\"de\",\"potentialAction\":[{\"@type\":\"ReadAction\",\"target\":[\"https:\/\/www.nextbike.de\/stadtlastenrad\/de\/stadtlastenrad-ab16\/\"]}]},{\"@type\":\"BreadcrumbList\",\"@id\":\"https:\/\/www.nextbike.de\/stadtlastenrad\/de\/stadtlastenrad-ab16\/#breadcrumb\",\"itemListElement\":[{\"@type\":\"ListItem\",\"position\":1,\"name\":\"Startseite\",\"item\":\"https:\/\/www.nextbike.de\/stadtlastenrad\/de\/\"},{\"@type\":\"ListItem\",\"position\":2,\"name\":\"StadtLastenrad ab 16\"}]},{\"@type\":\"WebSite\",\"@id\":\"https:\/\/www.nextbike.de\/stadtlastenrad\/de\/#website\",\"url\":\"https:\/\/www.nextbike.de\/stadtlastenrad\/de\/\",\"name\":\"StadtLastenrad Essen\",\"description\":\"Eine weitere nextbike Websites\",\"potentialAction\":[{\"@type\":\"SearchAction\",\"target\":{\"@type\":\"EntryPoint\",\"urlTemplate\":\"https:\/\/www.nextbike.de\/stadtlastenrad\/de\/?s={search_term_string}\"},\"query-input\":{\"@type\":\"PropertyValueSpecification\",\"valueRequired\":true,\"valueName\":\"search_term_string\"}}],\"inLanguage\":\"de\"}]}<\/script>\n<!-- \/ Yoast SEO plugin. -->","yoast_head_json":{"title":"StadtLastenRad Essen ab 16","robots":{"index":"index","follow":"follow","max-snippet":"max-snippet:-1","max-image-preview":"max-image-preview:large","max-video-preview":"max-video-preview:-1"},"canonical":"https:\/\/www.nextbike.de\/stadtlastenrad\/de\/stadtlastenrad-ab16\/","og_locale":"de_DE","og_type":"article","og_title":"StadtLastenRad Essen ab 16","og_description":"[vc_row][vc_column][vc_column_text css=&#8220;&#8220;] StadtLastenRad Essen ab 16 Das Lastenrad f\u00fcr alle Sch\u00fcler*innen &amp; Azubis Wenn Du mindestens 16 Jahre alt bist, kannst du die StadtLastenR\u00e4der in Essen nutzen. Da eine Registrierung bei nextbike in Deutschland generell erst ab 18 m\u00f6glich ist, muss die Registrierung Minderj\u00e4hriger \u00fcber unseren Kundenservice unter Vorlage einer Einverst\u00e4ndniserkl\u00e4rung der Erziehungsberechtigten erfolgen. &nbsp; [&hellip;]","og_url":"https:\/\/www.nextbike.de\/stadtlastenrad\/de\/stadtlastenrad-ab16\/","og_site_name":"StadtLastenrad Essen","article_modified_time":"2026-03-31T13:09:47+00:00","twitter_card":"summary_large_image","twitter_misc":{"Gesch\u00e4tzte Lesezeit":"1\u00a0Minute"},"schema":{"@context":"https:\/\/schema.org","@graph":[{"@type":"WebPage","@id":"https:\/\/www.nextbike.de\/stadtlastenrad\/de\/stadtlastenrad-ab16\/","url":"https:\/\/www.nextbike.de\/stadtlastenrad\/de\/stadtlastenrad-ab16\/","name":"StadtLastenRad Essen ab 16","isPartOf":{"@id":"https:\/\/www.nextbike.de\/stadtlastenrad\/de\/#website"},"datePublished":"2024-11-06T09:59:56+00:00","dateModified":"2026-03-31T13:09:47+00:00","breadcrumb":{"@id":"https:\/\/www.nextbike.de\/stadtlastenrad\/de\/stadtlastenrad-ab16\/#breadcrumb"},"inLanguage":"de","potentialAction":[{"@type":"ReadAction","target":["https:\/\/www.nextbike.de\/stadtlastenrad\/de\/stadtlastenrad-ab16\/"]}]},{"@type":"BreadcrumbList","@id":"https:\/\/www.nextbike.de\/stadtlastenrad\/de\/stadtlastenrad-ab16\/#breadcrumb","itemListElement":[{"@type":"ListItem","position":1,"name":"Startseite","item":"https:\/\/www.nextbike.de\/stadtlastenrad\/de\/"},{"@type":"ListItem","position":2,"name":"StadtLastenrad ab 16"}]},{"@type":"WebSite","@id":"https:\/\/www.nextbike.de\/stadtlastenrad\/de\/#website","url":"https:\/\/www.nextbike.de\/stadtlastenrad\/de\/","name":"StadtLastenrad Essen","description":"Eine weitere nextbike Websites","potentialAction":[{"@type":"SearchAction","target":{"@type":"EntryPoint","urlTemplate":"https:\/\/www.nextbike.de\/stadtlastenrad\/de\/?s={search_term_string}"},"query-input":{"@type":"PropertyValueSpecification","valueRequired":true,"valueName":"search_term_string"}}],"inLanguage":"de"}]}},"_links":{"self":[{"href":"https:\/\/www.nextbike.de\/stadtlastenrad\/de\/wp-json\/wp\/v2\/pages\/293","targetHints":{"allow":["GET"]}}],"collection":[{"href":"https:\/\/www.nextbike.de\/stadtlastenrad\/de\/wp-json\/wp\/v2\/pages"}],"about":[{"href":"https:\/\/www.nextbike.de\/stadtlastenrad\/de\/wp-json\/wp\/v2\/types\/page"}],"author":[{"embeddable":true,"href":"https:\/\/www.nextbike.de\/stadtlastenrad\/de\/wp-json\/wp\/v2\/users\/13"}],"replies":[{"embeddable":true,"href":"https:\/\/www.nextbike.de\/stadtlastenrad\/de\/wp-json\/wp\/v2\/comments?post=293"}],"version-history":[{"count":6,"href":"https:\/\/www.nextbike.de\/stadtlastenrad\/de\/wp-json\/wp\/v2\/pages\/293\/revisions"}],"predecessor-version":[{"id":424,"href":"https:\/\/www.nextbike.de\/stadtlastenrad\/de\/wp-json\/wp\/v2\/pages\/293\/revisions\/424"}],"wp:attachment":[{"href":"https:\/\/www.nextbike.de\/stadtlastenrad\/de\/wp-json\/wp\/v2\/media?parent=293"}],"curies":[{"name":"wp","href":"https:\/\/api.w.org\/{rel}","templated":true}]}}