{"id":91,"date":"2022-10-11T13:13:43","date_gmt":"2022-10-11T11:13:43","guid":{"rendered":"https:\/\/nextbike-live.pluspol-networks.de\/ruesselsheim\/?page_id=91"},"modified":"2025-04-02T11:28:35","modified_gmt":"2025-04-02T09:28:35","slug":"campusbike","status":"publish","type":"page","link":"https:\/\/www.nextbike.de\/ruesselsheim\/de\/campusbike\/","title":{"rendered":"CAMPUSbike"},"content":{"rendered":"<div class=\"wpb-content-wrapper\"><p>[vc_row][vc_column][vc_column_text css=&#8220;&#8220;]<\/p>\n<h3><strong>Studierende der Hochschule RheinMain radeln g\u00fcnstiger!<\/strong><\/h3>\n<h5>Registrierung<\/h5>\n<p>Registriere dich in unserer App oder auf der Webseite mit deiner <strong>studentischen eMail-Adresse<\/strong>\u00a0(@student.hs-rm.de). An die E-Mail-Adresse wird ein Best\u00e4tigungslink gesendet, die Freischaltung erfolgt nach der Verifizierung automatisch.<\/p>\n<p>Du bist bereits registriert, aber nicht mit deiner Hochschul-Email-Adresse oder du hast diese erst nach der Registrierung hinterlegt?\u00a0Dann logge dich auf unserer Webseite mit deinen Zugangsdaten ein, aktualisiere deine E-Mail Adresse und w\u00e4hle deine Uni als deinen Partner aus, oder informiere unseren Kundenservice unter 030-69205046.<\/p>\n<h5>Konditionen<\/h5>\n<p>Bei jeder Ausleihe sind die\u00a0<strong>ersten 60 Minuten innerhalb Deutschlands gratis<\/strong>*. Bei einer Fahrtzeit von \u00fcber 60 Minuten wird f\u00fcr alle weiteren 30 Minuten 1 \u20ac f\u00e4llig. Der Tagesh\u00f6chstsatz betr\u00e4gt 5,00 \u20ac. Nach beendeter Ausleihe, kannst Du nach 15 Minuten Unterbrechung wieder ein Rad kostenlos ausleihen. Es k\u00f6nnen bis zu drei R\u00e4der gleichzeitig auf einen Account ausgeliehen werden. F\u00fcr alle drei gelten die Sonderkonditionen.<\/p>\n<p>*<span style=\"font-size: 12px;\">Ausgenommen Bre.Bike Bremen, StadtRad Greifswald, VAG_Rad N\u00fcrnberg, Usedomrad, OLi-Bike Oldenburg und MVG Rad M\u00fcnchen.<\/span>[\/vc_column_text][\/vc_column][\/vc_row]<\/p>\n<\/div>","protected":false},"excerpt":{"rendered":"<p>[vc_row][vc_column][vc_column_text css=&#8220;&#8220;] Studierende der Hochschule RheinMain radeln g\u00fcnstiger! Registrierung Registriere dich in unserer App oder auf der Webseite mit deiner studentischen eMail-Adresse\u00a0(@student.hs-rm.de). An die E-Mail-Adresse wird ein Best\u00e4tigungslink gesendet, die Freischaltung erfolgt nach der Verifizierung automatisch. Du bist bereits registriert, aber nicht mit deiner Hochschul-Email-Adresse oder du hast diese erst nach der Registrierung hinterlegt?\u00a0Dann logge [&hellip;]<\/p>\n","protected":false},"author":14,"featured_media":0,"parent":0,"menu_order":0,"comment_status":"closed","ping_status":"closed","template":"page-bubble.php","meta":{"_acf_changed":false,"inline_featured_image":false,"footnotes":""},"class_list":["post-91","page","type-page","status-publish","hentry"],"acf":[],"yoast_head":"<!-- This site is optimized with the Yoast SEO plugin v27.2 - https:\/\/yoast.com\/product\/yoast-seo-wordpress\/ -->\n<title>CAMPUSbike - nextbike R\u00fcsselsheim<\/title>\n<meta name=\"robots\" content=\"index, follow, max-snippet:-1, max-image-preview:large, max-video-preview:-1\" \/>\n<link rel=\"canonical\" href=\"https:\/\/www.nextbike.de\/ruesselsheim\/de\/campusbike\/\" \/>\n<meta property=\"og:locale\" content=\"de_DE\" \/>\n<meta property=\"og:type\" content=\"article\" \/>\n<meta property=\"og:title\" content=\"CAMPUSbike - nextbike R\u00fcsselsheim\" \/>\n<meta property=\"og:description\" content=\"[vc_row][vc_column][vc_column_text css=&#8220;&#8220;] Studierende der Hochschule RheinMain radeln g\u00fcnstiger! Registrierung Registriere dich in unserer App oder auf der Webseite mit deiner studentischen eMail-Adresse\u00a0(@student.hs-rm.de). An die E-Mail-Adresse wird ein Best\u00e4tigungslink gesendet, die Freischaltung erfolgt nach der Verifizierung automatisch. Du bist bereits registriert, aber nicht mit deiner Hochschul-Email-Adresse oder du hast diese erst nach der Registrierung hinterlegt?\u00a0Dann logge [&hellip;]\" \/>\n<meta property=\"og:url\" content=\"https:\/\/www.nextbike.de\/ruesselsheim\/de\/campusbike\/\" \/>\n<meta property=\"og:site_name\" content=\"nextbike R\u00fcsselsheim\" \/>\n<meta property=\"article:modified_time\" content=\"2025-04-02T09:28:35+00:00\" \/>\n<meta name=\"twitter:card\" content=\"summary_large_image\" \/>\n<meta name=\"twitter:label1\" content=\"Gesch\u00e4tzte Lesezeit\" \/>\n\t<meta name=\"twitter:data1\" content=\"1\u00a0Minute\" \/>\n<script type=\"application\/ld+json\" class=\"yoast-schema-graph\">{\"@context\":\"https:\/\/schema.org\",\"@graph\":[{\"@type\":\"WebPage\",\"@id\":\"https:\/\/www.nextbike.de\/ruesselsheim\/de\/campusbike\/\",\"url\":\"https:\/\/www.nextbike.de\/ruesselsheim\/de\/campusbike\/\",\"name\":\"CAMPUSbike - nextbike R\u00fcsselsheim\",\"isPartOf\":{\"@id\":\"https:\/\/www.nextbike.de\/ruesselsheim\/de\/#website\"},\"datePublished\":\"2022-10-11T11:13:43+00:00\",\"dateModified\":\"2025-04-02T09:28:35+00:00\",\"breadcrumb\":{\"@id\":\"https:\/\/www.nextbike.de\/ruesselsheim\/de\/campusbike\/#breadcrumb\"},\"inLanguage\":\"de\",\"potentialAction\":[{\"@type\":\"ReadAction\",\"target\":[\"https:\/\/www.nextbike.de\/ruesselsheim\/de\/campusbike\/\"]}]},{\"@type\":\"BreadcrumbList\",\"@id\":\"https:\/\/www.nextbike.de\/ruesselsheim\/de\/campusbike\/#breadcrumb\",\"itemListElement\":[{\"@type\":\"ListItem\",\"position\":1,\"name\":\"Startseite\",\"item\":\"https:\/\/www.nextbike.de\/ruesselsheim\/de\/\"},{\"@type\":\"ListItem\",\"position\":2,\"name\":\"CAMPUSbike\"}]},{\"@type\":\"WebSite\",\"@id\":\"https:\/\/www.nextbike.de\/ruesselsheim\/de\/#website\",\"url\":\"https:\/\/www.nextbike.de\/ruesselsheim\/de\/\",\"name\":\"nextbike R\u00fcsselsheim\",\"description\":\"App downloaden und nextbike in R\u00fcsselsheim fahren!\",\"potentialAction\":[{\"@type\":\"SearchAction\",\"target\":{\"@type\":\"EntryPoint\",\"urlTemplate\":\"https:\/\/www.nextbike.de\/ruesselsheim\/de\/?s={search_term_string}\"},\"query-input\":{\"@type\":\"PropertyValueSpecification\",\"valueRequired\":true,\"valueName\":\"search_term_string\"}}],\"inLanguage\":\"de\"}]}<\/script>\n<!-- \/ Yoast SEO plugin. -->","yoast_head_json":{"title":"CAMPUSbike - nextbike R\u00fcsselsheim","robots":{"index":"index","follow":"follow","max-snippet":"max-snippet:-1","max-image-preview":"max-image-preview:large","max-video-preview":"max-video-preview:-1"},"canonical":"https:\/\/www.nextbike.de\/ruesselsheim\/de\/campusbike\/","og_locale":"de_DE","og_type":"article","og_title":"CAMPUSbike - nextbike R\u00fcsselsheim","og_description":"[vc_row][vc_column][vc_column_text css=&#8220;&#8220;] Studierende der Hochschule RheinMain radeln g\u00fcnstiger! Registrierung Registriere dich in unserer App oder auf der Webseite mit deiner studentischen eMail-Adresse\u00a0(@student.hs-rm.de). An die E-Mail-Adresse wird ein Best\u00e4tigungslink gesendet, die Freischaltung erfolgt nach der Verifizierung automatisch. Du bist bereits registriert, aber nicht mit deiner Hochschul-Email-Adresse oder du hast diese erst nach der Registrierung hinterlegt?\u00a0Dann logge [&hellip;]","og_url":"https:\/\/www.nextbike.de\/ruesselsheim\/de\/campusbike\/","og_site_name":"nextbike R\u00fcsselsheim","article_modified_time":"2025-04-02T09:28:35+00:00","twitter_card":"summary_large_image","twitter_misc":{"Gesch\u00e4tzte Lesezeit":"1\u00a0Minute"},"schema":{"@context":"https:\/\/schema.org","@graph":[{"@type":"WebPage","@id":"https:\/\/www.nextbike.de\/ruesselsheim\/de\/campusbike\/","url":"https:\/\/www.nextbike.de\/ruesselsheim\/de\/campusbike\/","name":"CAMPUSbike - nextbike R\u00fcsselsheim","isPartOf":{"@id":"https:\/\/www.nextbike.de\/ruesselsheim\/de\/#website"},"datePublished":"2022-10-11T11:13:43+00:00","dateModified":"2025-04-02T09:28:35+00:00","breadcrumb":{"@id":"https:\/\/www.nextbike.de\/ruesselsheim\/de\/campusbike\/#breadcrumb"},"inLanguage":"de","potentialAction":[{"@type":"ReadAction","target":["https:\/\/www.nextbike.de\/ruesselsheim\/de\/campusbike\/"]}]},{"@type":"BreadcrumbList","@id":"https:\/\/www.nextbike.de\/ruesselsheim\/de\/campusbike\/#breadcrumb","itemListElement":[{"@type":"ListItem","position":1,"name":"Startseite","item":"https:\/\/www.nextbike.de\/ruesselsheim\/de\/"},{"@type":"ListItem","position":2,"name":"CAMPUSbike"}]},{"@type":"WebSite","@id":"https:\/\/www.nextbike.de\/ruesselsheim\/de\/#website","url":"https:\/\/www.nextbike.de\/ruesselsheim\/de\/","name":"nextbike R\u00fcsselsheim","description":"App downloaden und nextbike in R\u00fcsselsheim fahren!","potentialAction":[{"@type":"SearchAction","target":{"@type":"EntryPoint","urlTemplate":"https:\/\/www.nextbike.de\/ruesselsheim\/de\/?s={search_term_string}"},"query-input":{"@type":"PropertyValueSpecification","valueRequired":true,"valueName":"search_term_string"}}],"inLanguage":"de"}]}},"_links":{"self":[{"href":"https:\/\/www.nextbike.de\/ruesselsheim\/de\/wp-json\/wp\/v2\/pages\/91","targetHints":{"allow":["GET"]}}],"collection":[{"href":"https:\/\/www.nextbike.de\/ruesselsheim\/de\/wp-json\/wp\/v2\/pages"}],"about":[{"href":"https:\/\/www.nextbike.de\/ruesselsheim\/de\/wp-json\/wp\/v2\/types\/page"}],"author":[{"embeddable":true,"href":"https:\/\/www.nextbike.de\/ruesselsheim\/de\/wp-json\/wp\/v2\/users\/14"}],"replies":[{"embeddable":true,"href":"https:\/\/www.nextbike.de\/ruesselsheim\/de\/wp-json\/wp\/v2\/comments?post=91"}],"version-history":[{"count":7,"href":"https:\/\/www.nextbike.de\/ruesselsheim\/de\/wp-json\/wp\/v2\/pages\/91\/revisions"}],"predecessor-version":[{"id":226,"href":"https:\/\/www.nextbike.de\/ruesselsheim\/de\/wp-json\/wp\/v2\/pages\/91\/revisions\/226"}],"wp:attachment":[{"href":"https:\/\/www.nextbike.de\/ruesselsheim\/de\/wp-json\/wp\/v2\/media?parent=91"}],"curies":[{"name":"wp","href":"https:\/\/api.w.org\/{rel}","templated":true}]}}