{"id":87,"date":"2022-10-13T15:17:41","date_gmt":"2022-10-13T13:17:41","guid":{"rendered":"https:\/\/nextbike-live.pluspol-networks.de\/potsdam\/?page_id=87"},"modified":"2025-10-08T09:48:30","modified_gmt":"2025-10-08T07:48:30","slug":"campusbike","status":"publish","type":"page","link":"https:\/\/www.nextbike.de\/potsdam\/de\/campusbike\/","title":{"rendered":"CAMPUSbike"},"content":{"rendered":"<div class=\"wpb-content-wrapper\"><p>[vc_row][vc_column][vc_column_text css=&#8220;&#8220;]<\/p>\n<h1>CAMPUSbike<\/h1>\n<h2>Studierende kooperierender Universit\u00e4ten radeln g\u00fcnstiger!<\/h2>\n<h4><\/h4>\n<p>&nbsp;<\/p>\n<h3>Kooperierende Uni und FHs<\/h3>\n<ul>\n<li>Universit\u00e4t Potsdam<\/li>\n<li>Fachhochschule Potsdam<\/li>\n<li>Filmuniversit\u00e4t Babelsberg<\/li>\n<li>HMU Health and Medical University<\/li>\n<\/ul>\n<p>[\/vc_column_text][vc_column_text css=&#8220;&#8220;]<\/p>\n<h3>Registrierung<\/h3>\n<p>Registriere\u00a0dich in unserer App oder auf der Webseite mit deiner\u00a0<strong>Hochschul-Email-Adresse\u00a0<\/strong>(&#8230;@uni-potsdam.de bzw. &#8230;@fh-potsdam.de bzw. &#8230;@filmuniversitaet.de bzw. &#8230;@health-and-medical-university.de). An die E-Mail-Adresse wird ein Best\u00e4tigungslink gesendet, die Freischaltung erfolgt nach der Verifizierung automatisch.<\/p>\n<p>Du bist bereits registriert, aber nicht mit deiner Hochschul-E-Mail-Adresse oder du hast diese erst nach der Registrierung hinterlegt? Dann logge dich auf unserer Webseite mit deinen Zugangsdaten ein, aktualisiere deine E-Mail Adresse und w\u00e4hle deine Hochschule als deinen Partner aus, oder informiere unseren Kundenservice unter 030-69205046.[\/vc_column_text][vc_column_text css=&#8220;&#8220;]<\/p>\n<h3>Konditionen<\/h3>\n<p>[\/vc_column_text][vc_tta_tabs section_title_tag=&#8220;h2&#8243; style=&#8220;modern&#8220; active_section=&#8220;1&#8243; css=&#8220;.vc_custom_1759827346523{background-color: #0021C700 !important;}&#8220;][vc_tta_section title=&#8220;<strong>FH Potsdam<\/strong>&#8220; tab_id=&#8220;1759824570882-7cbb748c-b49f&#8220;][vc_column_text css=&#8220;&#8220;]180 Freiminuten am Tag f\u00fcr Studierende der FH Potsdam in Potsdam und Berlin.<\/p>\n<p>Dar\u00fcber hinaus gilt der lokale Basistarif.<\/p>\n<p>Es k\u00f6nnen bis zu vier R\u00e4der gleichzeitig auf einen Account ausgeliehen werden, die Verg\u00fcnstigungen gelten jedoch nur f\u00fcr das erste Rad. E-Bikes und Cargobikes sind von der Verg\u00fcnstigung ausgeschlossen.<\/p>\n<p>Die erm\u00e4\u00dfigten Konditionen sind g\u00fcltig bis zum 30.09.2027. In anderen nextbike-Systemen gilt der dortige Basistarif.[\/vc_column_text][\/vc_tta_section][vc_tta_section title=&#8220;<strong>Filmuni Babelsberg<\/strong>&#8220; tab_id=&#8220;1759824570890-b0bcef4b-a8db&#8220;][vc_column_text css=&#8220;&#8220;]180 Freiminuten am Tag f\u00fcr Studierende der Filmuniversit\u00e4t Babelsberg in Potsdam und Berlin.<\/p>\n<p>Dar\u00fcber hinaus gilt\u00a0 der lokale Basistarif.<\/p>\n<p>Es k\u00f6nnen bis zu vier R\u00e4der gleichzeitig auf einen Account ausgeliehen werden, die Verg\u00fcnstigungen gelten jedoch nur f\u00fcr das erste Rad. E-Bikes und Cargobikes sind von der Verg\u00fcnstigung ausgeschlossen.<\/p>\n<p>Die erm\u00e4\u00dfigten Konditionen sind g\u00fcltig bis zum 30.09.2027. In anderen nextbike-Systemen gilt der dortige Basistarif.[\/vc_column_text][\/vc_tta_section][vc_tta_section title=&#8220;<strong>Uni Potsdam<\/strong>&#8220; tab_id=&#8220;1759826099658-f9f3a862-4b49&#8243;][vc_column_text css=&#8220;&#8220;]45 Freiminuten am Tag f\u00fcr Studierende der Universit\u00e4t Potsdam in Potsdam und Berlin.<\/p>\n<p>Dar\u00fcber hinaus gilt der lokale Tagestarif.<\/p>\n<p>Es k\u00f6nnen bis zu vier R\u00e4der gleichzeitig auf einen Account ausgeliehen werden, die Verg\u00fcnstigungen gelten jedoch nur f\u00fcr das erste Rad. E-Bikes und Cargobikes sind von der Verg\u00fcnstigung ausgeschlossen.<\/p>\n<p>Die erm\u00e4\u00dfigten Konditionen sind g\u00fcltig bis zum 30.09.2026. In anderen nextbike-Systemen gilt der dortige Basistarif.[\/vc_column_text][\/vc_tta_section][vc_tta_section title=&#8220;<strong>HMU Potsdam<\/strong>&#8220; tab_id=&#8220;1759826221005-1711f96e-3622&#8243;][vc_column_text css=&#8220;&#8220;]180 Freiminuten am Tag f\u00fcr Studierende der HMU Potsdam in Potsdam. Dar\u00fcber hinaus gilt der Potsdamer Basistarif.<\/p>\n<p>Des Weiteren erhalten Studierende der HMU Potsdam 30 Freiminuten pro Ausleihe in Berlin. Dar\u00fcber hinaus gilt der Berliner Basistarif.<\/p>\n<p>Es k\u00f6nnen bis zu vier R\u00e4der gleichzeitig auf einen Account ausgeliehen werden, die Verg\u00fcnstigungen gelten jedoch nur f\u00fcr das erste Rad. E-Bikes und Cargobikes sind von der Verg\u00fcnstigung ausgeschlossen.<\/p>\n<p>Die erm\u00e4\u00dfigten Konditionen sind g\u00fcltig bis zum 31.03.2027. In anderen nextbike-Systemen gilt der dortige Basistarif.[\/vc_column_text][\/vc_tta_section][\/vc_tta_tabs][\/vc_column][\/vc_row]<\/p>\n<\/div>","protected":false},"excerpt":{"rendered":"<p>[vc_row][vc_column][vc_column_text css=&#8220;&#8220;] CAMPUSbike Studierende kooperierender Universit\u00e4ten radeln g\u00fcnstiger! &nbsp; Kooperierende Uni und FHs Universit\u00e4t Potsdam Fachhochschule Potsdam Filmuniversit\u00e4t Babelsberg HMU Health and Medical University [\/vc_column_text][vc_column_text css=&#8220;&#8220;] Registrierung Registriere\u00a0dich in unserer App oder auf der Webseite mit deiner\u00a0Hochschul-Email-Adresse\u00a0(&#8230;@uni-potsdam.de bzw. &#8230;@fh-potsdam.de bzw. &#8230;@filmuniversitaet.de bzw. &#8230;@health-and-medical-university.de). An die E-Mail-Adresse wird ein Best\u00e4tigungslink gesendet, die Freischaltung erfolgt nach der [&hellip;]<\/p>\n","protected":false},"author":14,"featured_media":0,"parent":0,"menu_order":0,"comment_status":"closed","ping_status":"closed","template":"page-bubble.php","meta":{"_acf_changed":false,"inline_featured_image":false,"footnotes":""},"class_list":["post-87","page","type-page","status-publish","hentry"],"acf":[],"yoast_head":"<!-- This site is optimized with the Yoast SEO plugin v27.2 - https:\/\/yoast.com\/product\/yoast-seo-wordpress\/ -->\n<title>CAMPUSbike - nextbike Potsdam<\/title>\n<meta name=\"description\" content=\"Studierende kooperierender Institutionen erhalten Freiminuten in Potsdam und Berlin. Jetzt Account verkn\u00fcpfen!\" \/>\n<meta name=\"robots\" content=\"index, follow, max-snippet:-1, max-image-preview:large, max-video-preview:-1\" \/>\n<link rel=\"canonical\" href=\"https:\/\/www.nextbike.de\/potsdam\/de\/campusbike\/\" \/>\n<meta property=\"og:locale\" content=\"de_DE\" \/>\n<meta property=\"og:type\" content=\"article\" \/>\n<meta property=\"og:title\" content=\"CAMPUSbike - nextbike Potsdam\" \/>\n<meta property=\"og:description\" content=\"Studierende kooperierender Institutionen erhalten Freiminuten in Potsdam und Berlin. Jetzt Account verkn\u00fcpfen!\" \/>\n<meta property=\"og:url\" content=\"https:\/\/www.nextbike.de\/potsdam\/de\/campusbike\/\" \/>\n<meta property=\"og:site_name\" content=\"nextbike Potsdam\" \/>\n<meta property=\"article:modified_time\" content=\"2025-10-08T07:48:30+00:00\" \/>\n<meta name=\"twitter:card\" content=\"summary_large_image\" \/>\n<meta name=\"twitter:label1\" content=\"Gesch\u00e4tzte Lesezeit\" \/>\n\t<meta name=\"twitter:data1\" content=\"2\u00a0Minuten\" \/>\n<script type=\"application\/ld+json\" class=\"yoast-schema-graph\">{\"@context\":\"https:\/\/schema.org\",\"@graph\":[{\"@type\":\"WebPage\",\"@id\":\"https:\/\/www.nextbike.de\/potsdam\/de\/campusbike\/\",\"url\":\"https:\/\/www.nextbike.de\/potsdam\/de\/campusbike\/\",\"name\":\"CAMPUSbike - nextbike Potsdam\",\"isPartOf\":{\"@id\":\"https:\/\/www.nextbike.de\/potsdam\/de\/#website\"},\"datePublished\":\"2022-10-13T13:17:41+00:00\",\"dateModified\":\"2025-10-08T07:48:30+00:00\",\"description\":\"Studierende kooperierender Institutionen erhalten Freiminuten in Potsdam und Berlin. Jetzt Account verkn\u00fcpfen!\",\"breadcrumb\":{\"@id\":\"https:\/\/www.nextbike.de\/potsdam\/de\/campusbike\/#breadcrumb\"},\"inLanguage\":\"de\",\"potentialAction\":[{\"@type\":\"ReadAction\",\"target\":[\"https:\/\/www.nextbike.de\/potsdam\/de\/campusbike\/\"]}]},{\"@type\":\"BreadcrumbList\",\"@id\":\"https:\/\/www.nextbike.de\/potsdam\/de\/campusbike\/#breadcrumb\",\"itemListElement\":[{\"@type\":\"ListItem\",\"position\":1,\"name\":\"Startseite\",\"item\":\"https:\/\/www.nextbike.de\/potsdam\/de\/\"},{\"@type\":\"ListItem\",\"position\":2,\"name\":\"CAMPUSbike\"}]},{\"@type\":\"WebSite\",\"@id\":\"https:\/\/www.nextbike.de\/potsdam\/de\/#website\",\"url\":\"https:\/\/www.nextbike.de\/potsdam\/de\/\",\"name\":\"nextbike Potsdam\",\"description\":\"App downloaden und nextbike in Potsdam fahren\",\"potentialAction\":[{\"@type\":\"SearchAction\",\"target\":{\"@type\":\"EntryPoint\",\"urlTemplate\":\"https:\/\/www.nextbike.de\/potsdam\/de\/?s={search_term_string}\"},\"query-input\":{\"@type\":\"PropertyValueSpecification\",\"valueRequired\":true,\"valueName\":\"search_term_string\"}}],\"inLanguage\":\"de\"}]}<\/script>\n<!-- \/ Yoast SEO plugin. -->","yoast_head_json":{"title":"CAMPUSbike - nextbike Potsdam","description":"Studierende kooperierender Institutionen erhalten Freiminuten in Potsdam und Berlin. Jetzt Account verkn\u00fcpfen!","robots":{"index":"index","follow":"follow","max-snippet":"max-snippet:-1","max-image-preview":"max-image-preview:large","max-video-preview":"max-video-preview:-1"},"canonical":"https:\/\/www.nextbike.de\/potsdam\/de\/campusbike\/","og_locale":"de_DE","og_type":"article","og_title":"CAMPUSbike - nextbike Potsdam","og_description":"Studierende kooperierender Institutionen erhalten Freiminuten in Potsdam und Berlin. Jetzt Account verkn\u00fcpfen!","og_url":"https:\/\/www.nextbike.de\/potsdam\/de\/campusbike\/","og_site_name":"nextbike Potsdam","article_modified_time":"2025-10-08T07:48:30+00:00","twitter_card":"summary_large_image","twitter_misc":{"Gesch\u00e4tzte Lesezeit":"2\u00a0Minuten"},"schema":{"@context":"https:\/\/schema.org","@graph":[{"@type":"WebPage","@id":"https:\/\/www.nextbike.de\/potsdam\/de\/campusbike\/","url":"https:\/\/www.nextbike.de\/potsdam\/de\/campusbike\/","name":"CAMPUSbike - nextbike Potsdam","isPartOf":{"@id":"https:\/\/www.nextbike.de\/potsdam\/de\/#website"},"datePublished":"2022-10-13T13:17:41+00:00","dateModified":"2025-10-08T07:48:30+00:00","description":"Studierende kooperierender Institutionen erhalten Freiminuten in Potsdam und Berlin. Jetzt Account verkn\u00fcpfen!","breadcrumb":{"@id":"https:\/\/www.nextbike.de\/potsdam\/de\/campusbike\/#breadcrumb"},"inLanguage":"de","potentialAction":[{"@type":"ReadAction","target":["https:\/\/www.nextbike.de\/potsdam\/de\/campusbike\/"]}]},{"@type":"BreadcrumbList","@id":"https:\/\/www.nextbike.de\/potsdam\/de\/campusbike\/#breadcrumb","itemListElement":[{"@type":"ListItem","position":1,"name":"Startseite","item":"https:\/\/www.nextbike.de\/potsdam\/de\/"},{"@type":"ListItem","position":2,"name":"CAMPUSbike"}]},{"@type":"WebSite","@id":"https:\/\/www.nextbike.de\/potsdam\/de\/#website","url":"https:\/\/www.nextbike.de\/potsdam\/de\/","name":"nextbike Potsdam","description":"App downloaden und nextbike in Potsdam fahren","potentialAction":[{"@type":"SearchAction","target":{"@type":"EntryPoint","urlTemplate":"https:\/\/www.nextbike.de\/potsdam\/de\/?s={search_term_string}"},"query-input":{"@type":"PropertyValueSpecification","valueRequired":true,"valueName":"search_term_string"}}],"inLanguage":"de"}]}},"_links":{"self":[{"href":"https:\/\/www.nextbike.de\/potsdam\/de\/wp-json\/wp\/v2\/pages\/87","targetHints":{"allow":["GET"]}}],"collection":[{"href":"https:\/\/www.nextbike.de\/potsdam\/de\/wp-json\/wp\/v2\/pages"}],"about":[{"href":"https:\/\/www.nextbike.de\/potsdam\/de\/wp-json\/wp\/v2\/types\/page"}],"author":[{"embeddable":true,"href":"https:\/\/www.nextbike.de\/potsdam\/de\/wp-json\/wp\/v2\/users\/14"}],"replies":[{"embeddable":true,"href":"https:\/\/www.nextbike.de\/potsdam\/de\/wp-json\/wp\/v2\/comments?post=87"}],"version-history":[{"count":14,"href":"https:\/\/www.nextbike.de\/potsdam\/de\/wp-json\/wp\/v2\/pages\/87\/revisions"}],"predecessor-version":[{"id":298,"href":"https:\/\/www.nextbike.de\/potsdam\/de\/wp-json\/wp\/v2\/pages\/87\/revisions\/298"}],"wp:attachment":[{"href":"https:\/\/www.nextbike.de\/potsdam\/de\/wp-json\/wp\/v2\/media?parent=87"}],"curies":[{"name":"wp","href":"https:\/\/api.w.org\/{rel}","templated":true}]}}