{"id":114,"date":"2022-10-20T15:58:54","date_gmt":"2022-10-20T13:58:54","guid":{"rendered":"https:\/\/nextbike-live.pluspol-networks.de\/potsdam\/?page_id=114"},"modified":"2024-06-10T15:27:39","modified_gmt":"2024-06-10T13:27:39","slug":"gebuehr","status":"publish","type":"page","link":"https:\/\/www.nextbike.de\/potsdam\/de\/gebuehr\/","title":{"rendered":"Geb\u00fchr"},"content":{"rendered":"<div class=\"wpb-content-wrapper\"><p>[vc_row][vc_column][vc_column_text]<\/p>\n<h3><strong>Informationen zu anfallenden Geb\u00fchren bei nextbike<\/strong><\/h3>\n<p>&nbsp;<\/p>\n<h4><span data-sheets-value=\"{&quot;1&quot;:2,&quot;2&quot;:&quot;Anfallende Geb\u00fchr in H\u00f6he von 20 \u20ac&quot;}\" data-sheets-userformat=\"{&quot;2&quot;:769,&quot;3&quot;:{&quot;1&quot;:0},&quot;11&quot;:4,&quot;12&quot;:0}\">Anfallende Geb\u00fchr in H\u00f6he von 20 \u20ac<\/span><\/h4>\n<p><span data-sheets-value=\"{&quot;1&quot;:2,&quot;2&quot;:&quot;Du hast das Rad unsachgem\u00e4\u00df abseits einer offiziellen Station in Potsdam zur\u00fcckgegeben. Hierf\u00fcr wird eine Geb\u00fchr von 20 \u20ac pro Ausleihe f\u00e4llig. Bei der ersten unsachgem\u00e4\u00dfen R\u00fcckgabe abseits einer Station berechnen wir diesen noch nicht. Bei Wiederholung wird die Geb\u00fchr automatisch berechnet. Angefallene Geb\u00fchren kannst du in der Ausleih-Historie in deiner App oder in deinem Kundenkonto \u00fcber den Webseiten-Login einsehen.\\n\\nDu kannst die Geb\u00fchr noch abwenden: Gehe zur\u00fcck zum Rad und leihe es erneut aus. Mache dies nicht aus der Ferne, da das Schloss automatisch \u00f6ffnet. Die neue Ausleihe wird mit der alten verschmolzen und die Geb\u00fchr f\u00fcr unsachgem\u00e4\u00dfe R\u00fcckgabe gel\u00f6scht, wenn du das Rad nun ordnungsgem\u00e4\u00df zur\u00fcckgibst.\\nErfahre mehr \u00fcber das Verschmelzen von Ausleihen.&quot;}\" data-sheets-userformat=\"{&quot;2&quot;:769,&quot;3&quot;:{&quot;1&quot;:0},&quot;11&quot;:4,&quot;12&quot;:0}\" data-sheets-textstyleruns=\"{&quot;1&quot;:0}\uee10{&quot;1&quot;:424,&quot;2&quot;:{&quot;5&quot;:1}}\uee10{&quot;1&quot;:460}\">Du hast das Rad unsachgem\u00e4\u00df abseits einer offiziellen Station bzw. abseits der pinken Flexzone in Potsdam zur\u00fcckgegeben. Hierf\u00fcr wird eine Geb\u00fchr von 20 \u20ac pro Ausleihe f\u00e4llig. Bei der ersten unsachgem\u00e4\u00dfen R\u00fcckgabe abseits einer Station berechnen wir diesen noch nicht. Bei Wiederholung wird die Geb\u00fchr automatisch berechnet. Angefallene Geb\u00fchren kannst du in der Ausleih-Historie in deiner App oder in deinem Kundenkonto \u00fcber den Webseiten-Login einsehen.<\/span><\/p>\n<p><strong>Du kannst die Geb\u00fchr noch abwenden:<\/strong> Gehe zur\u00fcck zum Rad und leihe es erneut aus. Mache dies nicht aus der Ferne, da das Schloss automatisch \u00f6ffnet. Die neue Ausleihe wird mit der alten verschmolzen und die Geb\u00fchr f\u00fcr unsachgem\u00e4\u00dfe R\u00fcckgabe gel\u00f6scht, wenn du das Rad nun ordnungsgem\u00e4\u00df zur\u00fcckgibst.<\/p>\n<h4><span data-sheets-value=\"{&quot;1&quot;:2,&quot;2&quot;:&quot;Welche R\u00fcckgabe-Optionen hast du in Potsdam?&quot;}\" data-sheets-userformat=\"{&quot;2&quot;:769,&quot;3&quot;:{&quot;1&quot;:0},&quot;11&quot;:4,&quot;12&quot;:0}\">Welche R\u00fcckgabe-Optionen hast du in Potsdam?<\/span><\/h4>\n<p>&nbsp;<\/p>\n<h6><span data-sheets-value=\"{&quot;1&quot;:2,&quot;2&quot;:&quot;An Stationen&quot;}\" data-sheets-userformat=\"{&quot;2&quot;:1311489,&quot;3&quot;:{&quot;1&quot;:0},&quot;11&quot;:4,&quot;12&quot;:0,&quot;21&quot;:0,&quot;23&quot;:2}\">An Stationen<\/span><\/h6>\n<p><span data-sheets-value=\"{&quot;1&quot;:2,&quot;2&quot;:&quot;Du kannst unsere R\u00e4der in Potsdam an jeder offiziellen Station zur\u00fcckgeben. Die Stationen sind teilweise virtuell, d.h. in der Karte mit gro\u00dfen Markern gekennzeichnet, es gibt jedoch nicht \u00fcberall Stationsschilder vor Ort. &quot;}\" data-sheets-userformat=\"{&quot;2&quot;:769,&quot;3&quot;:{&quot;1&quot;:0},&quot;11&quot;:4,&quot;12&quot;:0}\">Du kannst unsere R\u00e4der in Potsdam an jeder offiziellen Station zur\u00fcckgeben. Die Stationen sind teilweise virtuell, d.h. in der Karte mit gro\u00dfen Markern gekennzeichnet, es gibt jedoch nicht \u00fcberall Stationsschilder vor Ort. <\/span>[\/vc_column_text][vc_column_text]<\/p>\n<h6>Innerhalb der pinken Flexzone<\/h6>\n<p>Du kannst unsere R\u00e4der in Potsdam f\u00fcr 1 \u20ac Aufpreis flexibel innerhalb der pinken Flexzone zur\u00fcckgeben.<\/p>\n<h6>Abseits der Flexzone \/ Stationen<\/h6>\n<p><span data-sheets-value=\"{&quot;1&quot;:2,&quot;2&quot;:&quot;R\u00e4der d\u00fcrfen in Potsdam nicht abseits von offiziellen Stationen abgestellt werden. Es gibt keine Flexzone! F\u00fcr unsachgem\u00e4\u00dfe R\u00fcckgaben wird automatisch eine Geb\u00fchr von mind. 20 \u20ac berechnet. &quot;}\" data-sheets-userformat=\"{&quot;2&quot;:1311489,&quot;3&quot;:{&quot;1&quot;:0},&quot;11&quot;:4,&quot;12&quot;:0,&quot;21&quot;:0,&quot;23&quot;:2}\">R\u00e4der d\u00fcrfen in Potsdam nicht abseits von offiziellen Stationen abgestellt werden. Es gibt keine Flexzone! F\u00fcr unsachgem\u00e4\u00dfe R\u00fcckgaben wird automatisch eine Geb\u00fchr von mind. 20 \u20ac berechnet.<\/span><\/p>\n<h4><span data-sheets-value=\"{&quot;1&quot;:2,&quot;2&quot;:&quot;Irrt\u00fcmliche Geb\u00fchren? Was nun?&quot;}\" data-sheets-userformat=\"{&quot;2&quot;:769,&quot;3&quot;:{&quot;1&quot;:0},&quot;11&quot;:4,&quot;12&quot;:0}\">Irrt\u00fcmliche Geb\u00fchren? Was nun?<\/span><\/h4>\n<p><span data-sheets-value=\"{&quot;1&quot;:2,&quot;2&quot;:&quot;Aufgrund von leichten GPS-Abweichungen kann es passieren, dass dir eine Geb\u00fchr f\u00fcr unsachgem\u00e4\u00dfe R\u00fcckgabe berechnet wird, obwohl du das Rad an einer Station abgestellt hast. Kein Problem. Kontaktiere unsere Hotline unter +49 (0) 30 69205046 oder schicke uns eine Nachricht per App mit deiner registrierten Handynummer, Radnummer und kurzer Schilderung des Sachverhalts. Wir berichtigen die Ausleihe.&quot;}\" data-sheets-userformat=\"{&quot;2&quot;:769,&quot;3&quot;:{&quot;1&quot;:0},&quot;11&quot;:4,&quot;12&quot;:0}\">Aufgrund von leichten GPS-Abweichungen kann es passieren, dass dir eine Geb\u00fchr f\u00fcr unsachgem\u00e4\u00dfe R\u00fcckgabe berechnet wird, obwohl du das Rad an einer Station abgestellt hast. Kein Problem. Kontaktiere unsere Hotline unter +49 (0) 30 69205046 oder schicke uns eine Nachricht per App mit deiner registrierten Handynummer, Radnummer und kurzer Schilderung des Sachverhalts. Wir berichtigen die Ausleihe.<\/span>[\/vc_column_text][vc_column_text]<\/p>\n<p>&nbsp;<\/p>\n<\/div>","protected":false},"excerpt":{"rendered":"<p>[vc_row][vc_column][vc_column_text] Informationen zu anfallenden Geb\u00fchren bei nextbike &nbsp; Anfallende Geb\u00fchr in H\u00f6he von 20 \u20ac Du hast das Rad unsachgem\u00e4\u00df abseits einer offiziellen Station bzw. abseits der pinken Flexzone in Potsdam zur\u00fcckgegeben. Hierf\u00fcr wird eine Geb\u00fchr von 20 \u20ac pro Ausleihe f\u00e4llig. Bei der ersten unsachgem\u00e4\u00dfen R\u00fcckgabe abseits einer Station berechnen wir diesen noch nicht. [&hellip;]<\/p>\n","protected":false},"author":14,"featured_media":0,"parent":0,"menu_order":0,"comment_status":"closed","ping_status":"closed","template":"page-bubble.php","meta":{"_acf_changed":false,"inline_featured_image":false,"footnotes":""},"class_list":["post-114","page","type-page","status-publish","hentry"],"acf":[],"yoast_head":"<!-- This site is optimized with the Yoast SEO plugin v27.2 - https:\/\/yoast.com\/product\/yoast-seo-wordpress\/ -->\n<title>Geb\u00fchr - nextbike Potsdam<\/title>\n<meta name=\"robots\" content=\"index, follow, max-snippet:-1, max-image-preview:large, max-video-preview:-1\" \/>\n<link rel=\"canonical\" href=\"https:\/\/www.nextbike.de\/potsdam\/de\/gebuehr\/\" \/>\n<meta property=\"og:locale\" content=\"de_DE\" \/>\n<meta property=\"og:type\" content=\"article\" \/>\n<meta property=\"og:title\" content=\"Geb\u00fchr - nextbike Potsdam\" \/>\n<meta property=\"og:description\" content=\"[vc_row][vc_column][vc_column_text] Informationen zu anfallenden Geb\u00fchren bei nextbike &nbsp; Anfallende Geb\u00fchr in H\u00f6he von 20 \u20ac Du hast das Rad unsachgem\u00e4\u00df abseits einer offiziellen Station bzw. abseits der pinken Flexzone in Potsdam zur\u00fcckgegeben. Hierf\u00fcr wird eine Geb\u00fchr von 20 \u20ac pro Ausleihe f\u00e4llig. Bei der ersten unsachgem\u00e4\u00dfen R\u00fcckgabe abseits einer Station berechnen wir diesen noch nicht. [&hellip;]\" \/>\n<meta property=\"og:url\" content=\"https:\/\/www.nextbike.de\/potsdam\/de\/gebuehr\/\" \/>\n<meta property=\"og:site_name\" content=\"nextbike Potsdam\" \/>\n<meta property=\"article:modified_time\" content=\"2024-06-10T13:27:39+00:00\" \/>\n<meta name=\"twitter:card\" content=\"summary_large_image\" \/>\n<meta name=\"twitter:label1\" content=\"Gesch\u00e4tzte Lesezeit\" \/>\n\t<meta name=\"twitter:data1\" content=\"2\u00a0Minuten\" \/>\n<script type=\"application\/ld+json\" class=\"yoast-schema-graph\">{\"@context\":\"https:\/\/schema.org\",\"@graph\":[{\"@type\":\"WebPage\",\"@id\":\"https:\/\/www.nextbike.de\/potsdam\/de\/gebuehr\/\",\"url\":\"https:\/\/www.nextbike.de\/potsdam\/de\/gebuehr\/\",\"name\":\"Geb\u00fchr - nextbike Potsdam\",\"isPartOf\":{\"@id\":\"https:\/\/www.nextbike.de\/potsdam\/de\/#website\"},\"datePublished\":\"2022-10-20T13:58:54+00:00\",\"dateModified\":\"2024-06-10T13:27:39+00:00\",\"breadcrumb\":{\"@id\":\"https:\/\/www.nextbike.de\/potsdam\/de\/gebuehr\/#breadcrumb\"},\"inLanguage\":\"de\",\"potentialAction\":[{\"@type\":\"ReadAction\",\"target\":[\"https:\/\/www.nextbike.de\/potsdam\/de\/gebuehr\/\"]}]},{\"@type\":\"BreadcrumbList\",\"@id\":\"https:\/\/www.nextbike.de\/potsdam\/de\/gebuehr\/#breadcrumb\",\"itemListElement\":[{\"@type\":\"ListItem\",\"position\":1,\"name\":\"Startseite\",\"item\":\"https:\/\/www.nextbike.de\/potsdam\/de\/\"},{\"@type\":\"ListItem\",\"position\":2,\"name\":\"Geb\u00fchr\"}]},{\"@type\":\"WebSite\",\"@id\":\"https:\/\/www.nextbike.de\/potsdam\/de\/#website\",\"url\":\"https:\/\/www.nextbike.de\/potsdam\/de\/\",\"name\":\"nextbike Potsdam\",\"description\":\"App downloaden und nextbike in Potsdam fahren\",\"potentialAction\":[{\"@type\":\"SearchAction\",\"target\":{\"@type\":\"EntryPoint\",\"urlTemplate\":\"https:\/\/www.nextbike.de\/potsdam\/de\/?s={search_term_string}\"},\"query-input\":{\"@type\":\"PropertyValueSpecification\",\"valueRequired\":true,\"valueName\":\"search_term_string\"}}],\"inLanguage\":\"de\"}]}<\/script>\n<!-- \/ Yoast SEO plugin. -->","yoast_head_json":{"title":"Geb\u00fchr - nextbike Potsdam","robots":{"index":"index","follow":"follow","max-snippet":"max-snippet:-1","max-image-preview":"max-image-preview:large","max-video-preview":"max-video-preview:-1"},"canonical":"https:\/\/www.nextbike.de\/potsdam\/de\/gebuehr\/","og_locale":"de_DE","og_type":"article","og_title":"Geb\u00fchr - nextbike Potsdam","og_description":"[vc_row][vc_column][vc_column_text] Informationen zu anfallenden Geb\u00fchren bei nextbike &nbsp; Anfallende Geb\u00fchr in H\u00f6he von 20 \u20ac Du hast das Rad unsachgem\u00e4\u00df abseits einer offiziellen Station bzw. abseits der pinken Flexzone in Potsdam zur\u00fcckgegeben. Hierf\u00fcr wird eine Geb\u00fchr von 20 \u20ac pro Ausleihe f\u00e4llig. Bei der ersten unsachgem\u00e4\u00dfen R\u00fcckgabe abseits einer Station berechnen wir diesen noch nicht. [&hellip;]","og_url":"https:\/\/www.nextbike.de\/potsdam\/de\/gebuehr\/","og_site_name":"nextbike Potsdam","article_modified_time":"2024-06-10T13:27:39+00:00","twitter_card":"summary_large_image","twitter_misc":{"Gesch\u00e4tzte Lesezeit":"2\u00a0Minuten"},"schema":{"@context":"https:\/\/schema.org","@graph":[{"@type":"WebPage","@id":"https:\/\/www.nextbike.de\/potsdam\/de\/gebuehr\/","url":"https:\/\/www.nextbike.de\/potsdam\/de\/gebuehr\/","name":"Geb\u00fchr - nextbike Potsdam","isPartOf":{"@id":"https:\/\/www.nextbike.de\/potsdam\/de\/#website"},"datePublished":"2022-10-20T13:58:54+00:00","dateModified":"2024-06-10T13:27:39+00:00","breadcrumb":{"@id":"https:\/\/www.nextbike.de\/potsdam\/de\/gebuehr\/#breadcrumb"},"inLanguage":"de","potentialAction":[{"@type":"ReadAction","target":["https:\/\/www.nextbike.de\/potsdam\/de\/gebuehr\/"]}]},{"@type":"BreadcrumbList","@id":"https:\/\/www.nextbike.de\/potsdam\/de\/gebuehr\/#breadcrumb","itemListElement":[{"@type":"ListItem","position":1,"name":"Startseite","item":"https:\/\/www.nextbike.de\/potsdam\/de\/"},{"@type":"ListItem","position":2,"name":"Geb\u00fchr"}]},{"@type":"WebSite","@id":"https:\/\/www.nextbike.de\/potsdam\/de\/#website","url":"https:\/\/www.nextbike.de\/potsdam\/de\/","name":"nextbike Potsdam","description":"App downloaden und nextbike in Potsdam fahren","potentialAction":[{"@type":"SearchAction","target":{"@type":"EntryPoint","urlTemplate":"https:\/\/www.nextbike.de\/potsdam\/de\/?s={search_term_string}"},"query-input":{"@type":"PropertyValueSpecification","valueRequired":true,"valueName":"search_term_string"}}],"inLanguage":"de"}]}},"_links":{"self":[{"href":"https:\/\/www.nextbike.de\/potsdam\/de\/wp-json\/wp\/v2\/pages\/114","targetHints":{"allow":["GET"]}}],"collection":[{"href":"https:\/\/www.nextbike.de\/potsdam\/de\/wp-json\/wp\/v2\/pages"}],"about":[{"href":"https:\/\/www.nextbike.de\/potsdam\/de\/wp-json\/wp\/v2\/types\/page"}],"author":[{"embeddable":true,"href":"https:\/\/www.nextbike.de\/potsdam\/de\/wp-json\/wp\/v2\/users\/14"}],"replies":[{"embeddable":true,"href":"https:\/\/www.nextbike.de\/potsdam\/de\/wp-json\/wp\/v2\/comments?post=114"}],"version-history":[{"count":11,"href":"https:\/\/www.nextbike.de\/potsdam\/de\/wp-json\/wp\/v2\/pages\/114\/revisions"}],"predecessor-version":[{"id":265,"href":"https:\/\/www.nextbike.de\/potsdam\/de\/wp-json\/wp\/v2\/pages\/114\/revisions\/265"}],"wp:attachment":[{"href":"https:\/\/www.nextbike.de\/potsdam\/de\/wp-json\/wp\/v2\/media?parent=114"}],"curies":[{"name":"wp","href":"https:\/\/api.w.org\/{rel}","templated":true}]}}