{"id":148,"date":"2023-05-11T15:43:40","date_gmt":"2023-05-11T13:43:40","guid":{"rendered":"https:\/\/nextbike-live.pluspol-networks.de\/moenchengladbach\/?page_id=148"},"modified":"2023-05-15T10:46:09","modified_gmt":"2023-05-15T08:46:09","slug":"campusbike","status":"publish","type":"page","link":"https:\/\/www.nextbike.de\/moenchengladbach\/de\/campusbike\/","title":{"rendered":"CAMPUSbike"},"content":{"rendered":"<div class=\"  container\">\n<div class=\"row box\">\n<div class=\"col-xs-12 text-center\">\n<h1 class=\"primary-font no-margin-top\">CAMPUSbike<\/h1>\n<\/div>\n<\/div>\n<\/div>\n<div class=\"container\">\n<div class=\"row\">\n<div class=\"col-xs-12 col-sm-12 col-md-8\">\n<div class=\"   component\">\n<div class=\"row\">\n<div class=\"col-xs-12 html-content\">\n<h2>Studierende der Hochschule Niederrhein radeln g\u00fcnstiger!<\/h2>\n<\/div>\n<\/div>\n<\/div>\n<div class=\"  \">\n<div class=\"row\">\n<div class=\"col-xs-12 content-br\"><\/div>\n<\/div>\n<\/div>\n<div class=\"   component\">\n<div class=\"row\">\n<div class=\"col-xs-12 html-content\">\n<h3>Registrierung<\/h3>\n<p>Registriere\u00a0dich in unserer App oder auf der Webseite mit deiner\u00a0<strong>Hochschul-Email-Adresse<\/strong>. An die E-Mail-Adresse wird ein Best\u00e4tigungslink gesendet, die Freischaltung erfolgt nach der Verifizierung automatisch.<\/p>\n<p>Du bist bereits registriert, aber nicht mit deiner Hochschul-Email-Adresse oder du hast diese erst nach der Registrierung hinterlegt? Dann logge dich auf unserer Webseite mit deinen Zugangsdaten ein, aktualisiere deine E-Mail Adresse und w\u00e4hle deine Uni als deinen Partner aus, oder informiere unseren Kundenservice unter\u00a0<a href=\"tel:+4934139283965\">+49 (0) 341 392 839 65<\/a>.<\/p>\n<p>&nbsp;<\/p>\n<h3>Konditionen<\/h3>\n<p>Bei jeder Ausleihe sind die\u00a0<strong>ersten 60 Minuten kostenlos.\u00a0<\/strong>Bei einer Fahrtzeit von \u00fcber 60 Minuten werden f\u00fcr alle weiteren 30 Minuten 0,50 \u20ac f\u00e4llig. Der Tagesh\u00f6chstsatz betr\u00e4gt 5,00 \u20ac.<\/p>\n<p>Es k\u00f6nnen bis zu vier R\u00e4der gleichzeitig auf einen Account ausgeliehen werden. Die Verg\u00fcnstigung gilt hierbei f\u00fcr die ersten zwei parallel geliehenen R\u00e4der. Jedes weitere Rad wird im\u00a0<a href=\"https:\/\/www.nextbike.de\/de\/moenchengladbach\/preise\/\">Basistarif<\/a>\u00a0abgerechnet.<\/p>\n<p>Die Sonderkondition gilt in M\u00f6nchengladbach, metropolradruhr, in D\u00fcsseldorf, Lippstadt, Leverkusen und K\u00f6ln. In anderen St\u00e4dten gilt der lokale Basistarif.<\/p>\n<\/div>\n<\/div>\n<\/div>\n<\/div>\n<\/div>\n<\/div>\n","protected":false},"excerpt":{"rendered":"<p>CAMPUSbike Studierende der Hochschule Niederrhein radeln g\u00fcnstiger! Registrierung Registriere\u00a0dich in unserer App oder auf der Webseite mit deiner\u00a0Hochschul-Email-Adresse. An die E-Mail-Adresse wird ein Best\u00e4tigungslink gesendet, die Freischaltung erfolgt nach der Verifizierung automatisch. Du bist bereits registriert, aber nicht mit deiner Hochschul-Email-Adresse oder du hast diese erst nach der Registrierung hinterlegt? Dann logge dich auf unserer [&hellip;]<\/p>\n","protected":false},"author":13,"featured_media":0,"parent":0,"menu_order":0,"comment_status":"closed","ping_status":"closed","template":"page-bubble.php","meta":{"_acf_changed":false,"inline_featured_image":false,"footnotes":""},"class_list":["post-148","page","type-page","status-publish","hentry"],"acf":[],"yoast_head":"<!-- This site is optimized with the Yoast SEO plugin v27.2 - https:\/\/yoast.com\/product\/yoast-seo-wordpress\/ -->\n<title>CAMPUSbike - M\u00f6nchengladbach<\/title>\n<meta name=\"description\" content=\"Studierende der Hochschule Niederrhein radeln g\u00fcnstiger! Hinterlege einfach deine Hochschul-Email-Adresse und los geht&#039;s!\" \/>\n<meta name=\"robots\" content=\"index, follow, max-snippet:-1, max-image-preview:large, max-video-preview:-1\" \/>\n<link rel=\"canonical\" href=\"https:\/\/www.nextbike.de\/moenchengladbach\/de\/campusbike\/\" \/>\n<meta property=\"og:locale\" content=\"de_DE\" \/>\n<meta property=\"og:type\" content=\"article\" \/>\n<meta property=\"og:title\" content=\"CAMPUSbike - M\u00f6nchengladbach\" \/>\n<meta property=\"og:description\" content=\"Studierende der Hochschule Niederrhein radeln g\u00fcnstiger! Hinterlege einfach deine Hochschul-Email-Adresse und los geht&#039;s!\" \/>\n<meta property=\"og:url\" content=\"https:\/\/www.nextbike.de\/moenchengladbach\/de\/campusbike\/\" \/>\n<meta property=\"og:site_name\" content=\"M\u00f6nchengladbach\" \/>\n<meta property=\"article:modified_time\" content=\"2023-05-15T08:46:09+00:00\" \/>\n<meta name=\"twitter:card\" content=\"summary_large_image\" \/>\n<meta name=\"twitter:label1\" content=\"Gesch\u00e4tzte Lesezeit\" \/>\n\t<meta name=\"twitter:data1\" content=\"1\u00a0Minute\" \/>\n<script type=\"application\/ld+json\" class=\"yoast-schema-graph\">{\"@context\":\"https:\/\/schema.org\",\"@graph\":[{\"@type\":\"WebPage\",\"@id\":\"https:\/\/www.nextbike.de\/moenchengladbach\/de\/campusbike\/\",\"url\":\"https:\/\/www.nextbike.de\/moenchengladbach\/de\/campusbike\/\",\"name\":\"CAMPUSbike - M\u00f6nchengladbach\",\"isPartOf\":{\"@id\":\"https:\/\/www.nextbike.de\/moenchengladbach\/de\/#website\"},\"datePublished\":\"2023-05-11T13:43:40+00:00\",\"dateModified\":\"2023-05-15T08:46:09+00:00\",\"description\":\"Studierende der Hochschule Niederrhein radeln g\u00fcnstiger! Hinterlege einfach deine Hochschul-Email-Adresse und los geht's!\",\"breadcrumb\":{\"@id\":\"https:\/\/www.nextbike.de\/moenchengladbach\/de\/campusbike\/#breadcrumb\"},\"inLanguage\":\"de\",\"potentialAction\":[{\"@type\":\"ReadAction\",\"target\":[\"https:\/\/www.nextbike.de\/moenchengladbach\/de\/campusbike\/\"]}]},{\"@type\":\"BreadcrumbList\",\"@id\":\"https:\/\/www.nextbike.de\/moenchengladbach\/de\/campusbike\/#breadcrumb\",\"itemListElement\":[{\"@type\":\"ListItem\",\"position\":1,\"name\":\"Startseite\",\"item\":\"https:\/\/www.nextbike.de\/moenchengladbach\/de\/\"},{\"@type\":\"ListItem\",\"position\":2,\"name\":\"CAMPUSbike\"}]},{\"@type\":\"WebSite\",\"@id\":\"https:\/\/www.nextbike.de\/moenchengladbach\/de\/#website\",\"url\":\"https:\/\/www.nextbike.de\/moenchengladbach\/de\/\",\"name\":\"M\u00f6nchengladbach\",\"description\":\"Eine weitere Nextbike Websites Website\",\"potentialAction\":[{\"@type\":\"SearchAction\",\"target\":{\"@type\":\"EntryPoint\",\"urlTemplate\":\"https:\/\/www.nextbike.de\/moenchengladbach\/de\/?s={search_term_string}\"},\"query-input\":{\"@type\":\"PropertyValueSpecification\",\"valueRequired\":true,\"valueName\":\"search_term_string\"}}],\"inLanguage\":\"de\"}]}<\/script>\n<!-- \/ Yoast SEO plugin. -->","yoast_head_json":{"title":"CAMPUSbike - M\u00f6nchengladbach","description":"Studierende der Hochschule Niederrhein radeln g\u00fcnstiger! Hinterlege einfach deine Hochschul-Email-Adresse und los geht's!","robots":{"index":"index","follow":"follow","max-snippet":"max-snippet:-1","max-image-preview":"max-image-preview:large","max-video-preview":"max-video-preview:-1"},"canonical":"https:\/\/www.nextbike.de\/moenchengladbach\/de\/campusbike\/","og_locale":"de_DE","og_type":"article","og_title":"CAMPUSbike - M\u00f6nchengladbach","og_description":"Studierende der Hochschule Niederrhein radeln g\u00fcnstiger! Hinterlege einfach deine Hochschul-Email-Adresse und los geht's!","og_url":"https:\/\/www.nextbike.de\/moenchengladbach\/de\/campusbike\/","og_site_name":"M\u00f6nchengladbach","article_modified_time":"2023-05-15T08:46:09+00:00","twitter_card":"summary_large_image","twitter_misc":{"Gesch\u00e4tzte Lesezeit":"1\u00a0Minute"},"schema":{"@context":"https:\/\/schema.org","@graph":[{"@type":"WebPage","@id":"https:\/\/www.nextbike.de\/moenchengladbach\/de\/campusbike\/","url":"https:\/\/www.nextbike.de\/moenchengladbach\/de\/campusbike\/","name":"CAMPUSbike - M\u00f6nchengladbach","isPartOf":{"@id":"https:\/\/www.nextbike.de\/moenchengladbach\/de\/#website"},"datePublished":"2023-05-11T13:43:40+00:00","dateModified":"2023-05-15T08:46:09+00:00","description":"Studierende der Hochschule Niederrhein radeln g\u00fcnstiger! Hinterlege einfach deine Hochschul-Email-Adresse und los geht's!","breadcrumb":{"@id":"https:\/\/www.nextbike.de\/moenchengladbach\/de\/campusbike\/#breadcrumb"},"inLanguage":"de","potentialAction":[{"@type":"ReadAction","target":["https:\/\/www.nextbike.de\/moenchengladbach\/de\/campusbike\/"]}]},{"@type":"BreadcrumbList","@id":"https:\/\/www.nextbike.de\/moenchengladbach\/de\/campusbike\/#breadcrumb","itemListElement":[{"@type":"ListItem","position":1,"name":"Startseite","item":"https:\/\/www.nextbike.de\/moenchengladbach\/de\/"},{"@type":"ListItem","position":2,"name":"CAMPUSbike"}]},{"@type":"WebSite","@id":"https:\/\/www.nextbike.de\/moenchengladbach\/de\/#website","url":"https:\/\/www.nextbike.de\/moenchengladbach\/de\/","name":"M\u00f6nchengladbach","description":"Eine weitere Nextbike Websites Website","potentialAction":[{"@type":"SearchAction","target":{"@type":"EntryPoint","urlTemplate":"https:\/\/www.nextbike.de\/moenchengladbach\/de\/?s={search_term_string}"},"query-input":{"@type":"PropertyValueSpecification","valueRequired":true,"valueName":"search_term_string"}}],"inLanguage":"de"}]}},"_links":{"self":[{"href":"https:\/\/www.nextbike.de\/moenchengladbach\/de\/wp-json\/wp\/v2\/pages\/148","targetHints":{"allow":["GET"]}}],"collection":[{"href":"https:\/\/www.nextbike.de\/moenchengladbach\/de\/wp-json\/wp\/v2\/pages"}],"about":[{"href":"https:\/\/www.nextbike.de\/moenchengladbach\/de\/wp-json\/wp\/v2\/types\/page"}],"author":[{"embeddable":true,"href":"https:\/\/www.nextbike.de\/moenchengladbach\/de\/wp-json\/wp\/v2\/users\/13"}],"replies":[{"embeddable":true,"href":"https:\/\/www.nextbike.de\/moenchengladbach\/de\/wp-json\/wp\/v2\/comments?post=148"}],"version-history":[{"count":3,"href":"https:\/\/www.nextbike.de\/moenchengladbach\/de\/wp-json\/wp\/v2\/pages\/148\/revisions"}],"predecessor-version":[{"id":160,"href":"https:\/\/www.nextbike.de\/moenchengladbach\/de\/wp-json\/wp\/v2\/pages\/148\/revisions\/160"}],"wp:attachment":[{"href":"https:\/\/www.nextbike.de\/moenchengladbach\/de\/wp-json\/wp\/v2\/media?parent=148"}],"curies":[{"name":"wp","href":"https:\/\/api.w.org\/{rel}","templated":true}]}}