{"id":144,"date":"2023-05-11T15:43:11","date_gmt":"2023-05-11T13:43:11","guid":{"rendered":"https:\/\/nextbike-live.pluspol-networks.de\/moenchengladbach\/?page_id=144"},"modified":"2023-05-15T10:52:48","modified_gmt":"2023-05-15T08:52:48","slug":"partner","status":"publish","type":"page","link":"https:\/\/www.nextbike.de\/moenchengladbach\/de\/partner\/","title":{"rendered":"Partner"},"content":{"rendered":"<h1>Partner<\/h1>\n<div class=\" component\">\n<div class=\"row\">\n<div class=\"col-xs-12 html-content\">\n<p><strong>F\u00fcr\u00a0NEW-Abokund*innen\u00a0sind die ersten 30 Minuten pro Ausleihe inklusive.<\/strong><\/p>\n<p>&nbsp;<\/p>\n<div id=\"heading_38387715-a0f9-81a8-5aec-6396dea835f4_0_0\" class=\"panel-heading\" role=\"button\" data-toggle=\"collapse\" data-parent=\"#accordion\" aria-expanded=\"true\" aria-controls=\"collapse_38387715-a0f9-81a8-5aec-6396dea835f4_0_0\">\n<h3 class=\"panel-title\"><a class=\"collapsed primary-font faq-tab-title\">VERKN\u00dcPFUNG<\/a><\/h3>\n<\/div>\n<div id=\"collapse_38387715-a0f9-81a8-5aec-6396dea835f4_0_0\" class=\"panel-collapse collapse in\" role=\"tabpanel\" aria-labelledby=\"heading_38387715-a0f9-81a8-5aec-6396dea835f4_0_0\" aria-expanded=\"true\">\n<div class=\"panel-body\">\n<p>Verkn\u00fcpfe dein Konto im App Wallet\u00a0mit &#8222;NEW &#8211; Abokund*innen&#8220; und\u00a0gib deine NEW-Abonummer an. Speichere die \u00c4nderungen und schon bist du verkn\u00fcpft.<\/p>\n<\/div>\n<div id=\"heading_38387715-a0f9-81a8-5aec-6396dea835f4_0_1\" class=\"panel-heading\" role=\"button\" data-toggle=\"collapse\" data-parent=\"#accordion\" aria-expanded=\"true\" aria-controls=\"collapse_38387715-a0f9-81a8-5aec-6396dea835f4_0_1\">\n<h3 class=\"panel-title\"><a class=\"collapsed primary-font faq-tab-title\">KONDITIONEN<\/a><\/h3>\n<\/div>\n<div id=\"collapse_38387715-a0f9-81a8-5aec-6396dea835f4_0_1\" class=\"panel-collapse collapse in\" role=\"tabpanel\" aria-labelledby=\"heading_38387715-a0f9-81a8-5aec-6396dea835f4_0_1\" aria-expanded=\"true\">\n<div class=\"panel-body\">\n<p>Bei jeder Ausleihe in M\u00f6nchengladbach sind die ersten 30 Minuten inklusive.\u00a0Dar\u00fcberhinaus wird im Basistarif abgerechnet. Bei mehreren parallelen Ausleihen gilt die Verg\u00fcnstigung nur f\u00fcr das erste Rad. Weitere R\u00e4der werden im Basistarif abgerechnet.<\/p>\n<div id=\"heading_38387715-a0f9-81a8-5aec-6396dea835f4_0_2\" class=\"panel-heading\" role=\"button\" data-toggle=\"collapse\" data-parent=\"#accordion\" aria-expanded=\"true\" aria-controls=\"collapse_38387715-a0f9-81a8-5aec-6396dea835f4_0_2\">\n<h3 class=\"panel-title\"><a class=\"collapsed primary-font faq-tab-title\">NEW M\u00f6Bus ABO<\/a><\/h3>\n<\/div>\n<div id=\"collapse_38387715-a0f9-81a8-5aec-6396dea835f4_0_2\" class=\"panel-collapse collapse in\" role=\"tabpanel\" aria-labelledby=\"heading_38387715-a0f9-81a8-5aec-6396dea835f4_0_2\" aria-expanded=\"true\">\n<div class=\"panel-body\">\n<p><a href=\"https:\/\/www.new-mobil.de\/tickets-und-tarife\/zeitfahrausweise\" target=\"_blank\" rel=\"noopener noreferrer\">Hol\u00a0dir dein Abo f\u00fcr den \u00d6PNV in M\u00f6nchengladbach.<\/a><\/p>\n<\/div>\n<\/div>\n<\/div>\n<\/div>\n<\/div>\n<\/div>\n<\/div>\n<\/div>\n<div class=\"\"><\/div>\n<div class=\" \">\n<div class=\"row\">\n<div class=\"col-xs-12\"><\/div>\n<\/div>\n<\/div>\n","protected":false},"excerpt":{"rendered":"<p>Partner F\u00fcr\u00a0NEW-Abokund*innen\u00a0sind die ersten 30 Minuten pro Ausleihe inklusive. &nbsp; VERKN\u00dcPFUNG Verkn\u00fcpfe dein Konto im App Wallet\u00a0mit &#8222;NEW &#8211; Abokund*innen&#8220; und\u00a0gib deine NEW-Abonummer an. Speichere die \u00c4nderungen und schon bist du verkn\u00fcpft. KONDITIONEN Bei jeder Ausleihe in M\u00f6nchengladbach sind die ersten 30 Minuten inklusive.\u00a0Dar\u00fcberhinaus wird im Basistarif abgerechnet. Bei mehreren parallelen Ausleihen gilt die Verg\u00fcnstigung [&hellip;]<\/p>\n","protected":false},"author":13,"featured_media":0,"parent":0,"menu_order":0,"comment_status":"closed","ping_status":"closed","template":"page-bubble.php","meta":{"_acf_changed":false,"inline_featured_image":false,"footnotes":""},"class_list":["post-144","page","type-page","status-publish","hentry"],"acf":[],"yoast_head":"<!-- This site is optimized with the Yoast SEO plugin v27.2 - https:\/\/yoast.com\/product\/yoast-seo-wordpress\/ -->\n<title>Partner - M\u00f6nchengladbach<\/title>\n<meta name=\"description\" content=\"F\u00fcr\u00a0NEW-Abokund*innen\u00a0sind die ersten 30 Minuten pro Ausleihe inklusive.\" \/>\n<meta name=\"robots\" content=\"index, follow, max-snippet:-1, max-image-preview:large, max-video-preview:-1\" \/>\n<link rel=\"canonical\" href=\"https:\/\/www.nextbike.de\/moenchengladbach\/de\/partner\/\" \/>\n<meta property=\"og:locale\" content=\"de_DE\" \/>\n<meta property=\"og:type\" content=\"article\" \/>\n<meta property=\"og:title\" content=\"Partner - M\u00f6nchengladbach\" \/>\n<meta property=\"og:description\" content=\"F\u00fcr\u00a0NEW-Abokund*innen\u00a0sind die ersten 30 Minuten pro Ausleihe inklusive.\" \/>\n<meta property=\"og:url\" content=\"https:\/\/www.nextbike.de\/moenchengladbach\/de\/partner\/\" \/>\n<meta property=\"og:site_name\" content=\"M\u00f6nchengladbach\" \/>\n<meta property=\"article:modified_time\" content=\"2023-05-15T08:52:48+00:00\" \/>\n<meta name=\"twitter:card\" content=\"summary_large_image\" \/>\n<meta name=\"twitter:label1\" content=\"Gesch\u00e4tzte Lesezeit\" \/>\n\t<meta name=\"twitter:data1\" content=\"1\u00a0Minute\" \/>\n<script type=\"application\/ld+json\" class=\"yoast-schema-graph\">{\"@context\":\"https:\/\/schema.org\",\"@graph\":[{\"@type\":\"WebPage\",\"@id\":\"https:\/\/www.nextbike.de\/moenchengladbach\/de\/partner\/\",\"url\":\"https:\/\/www.nextbike.de\/moenchengladbach\/de\/partner\/\",\"name\":\"Partner - M\u00f6nchengladbach\",\"isPartOf\":{\"@id\":\"https:\/\/www.nextbike.de\/moenchengladbach\/de\/#website\"},\"datePublished\":\"2023-05-11T13:43:11+00:00\",\"dateModified\":\"2023-05-15T08:52:48+00:00\",\"description\":\"F\u00fcr\u00a0NEW-Abokund*innen\u00a0sind die ersten 30 Minuten pro Ausleihe inklusive.\",\"breadcrumb\":{\"@id\":\"https:\/\/www.nextbike.de\/moenchengladbach\/de\/partner\/#breadcrumb\"},\"inLanguage\":\"de\",\"potentialAction\":[{\"@type\":\"ReadAction\",\"target\":[\"https:\/\/www.nextbike.de\/moenchengladbach\/de\/partner\/\"]}]},{\"@type\":\"BreadcrumbList\",\"@id\":\"https:\/\/www.nextbike.de\/moenchengladbach\/de\/partner\/#breadcrumb\",\"itemListElement\":[{\"@type\":\"ListItem\",\"position\":1,\"name\":\"Startseite\",\"item\":\"https:\/\/www.nextbike.de\/moenchengladbach\/de\/\"},{\"@type\":\"ListItem\",\"position\":2,\"name\":\"Partner\"}]},{\"@type\":\"WebSite\",\"@id\":\"https:\/\/www.nextbike.de\/moenchengladbach\/de\/#website\",\"url\":\"https:\/\/www.nextbike.de\/moenchengladbach\/de\/\",\"name\":\"M\u00f6nchengladbach\",\"description\":\"Eine weitere Nextbike Websites Website\",\"potentialAction\":[{\"@type\":\"SearchAction\",\"target\":{\"@type\":\"EntryPoint\",\"urlTemplate\":\"https:\/\/www.nextbike.de\/moenchengladbach\/de\/?s={search_term_string}\"},\"query-input\":{\"@type\":\"PropertyValueSpecification\",\"valueRequired\":true,\"valueName\":\"search_term_string\"}}],\"inLanguage\":\"de\"}]}<\/script>\n<!-- \/ Yoast SEO plugin. -->","yoast_head_json":{"title":"Partner - M\u00f6nchengladbach","description":"F\u00fcr\u00a0NEW-Abokund*innen\u00a0sind die ersten 30 Minuten pro Ausleihe inklusive.","robots":{"index":"index","follow":"follow","max-snippet":"max-snippet:-1","max-image-preview":"max-image-preview:large","max-video-preview":"max-video-preview:-1"},"canonical":"https:\/\/www.nextbike.de\/moenchengladbach\/de\/partner\/","og_locale":"de_DE","og_type":"article","og_title":"Partner - M\u00f6nchengladbach","og_description":"F\u00fcr\u00a0NEW-Abokund*innen\u00a0sind die ersten 30 Minuten pro Ausleihe inklusive.","og_url":"https:\/\/www.nextbike.de\/moenchengladbach\/de\/partner\/","og_site_name":"M\u00f6nchengladbach","article_modified_time":"2023-05-15T08:52:48+00:00","twitter_card":"summary_large_image","twitter_misc":{"Gesch\u00e4tzte Lesezeit":"1\u00a0Minute"},"schema":{"@context":"https:\/\/schema.org","@graph":[{"@type":"WebPage","@id":"https:\/\/www.nextbike.de\/moenchengladbach\/de\/partner\/","url":"https:\/\/www.nextbike.de\/moenchengladbach\/de\/partner\/","name":"Partner - M\u00f6nchengladbach","isPartOf":{"@id":"https:\/\/www.nextbike.de\/moenchengladbach\/de\/#website"},"datePublished":"2023-05-11T13:43:11+00:00","dateModified":"2023-05-15T08:52:48+00:00","description":"F\u00fcr\u00a0NEW-Abokund*innen\u00a0sind die ersten 30 Minuten pro Ausleihe inklusive.","breadcrumb":{"@id":"https:\/\/www.nextbike.de\/moenchengladbach\/de\/partner\/#breadcrumb"},"inLanguage":"de","potentialAction":[{"@type":"ReadAction","target":["https:\/\/www.nextbike.de\/moenchengladbach\/de\/partner\/"]}]},{"@type":"BreadcrumbList","@id":"https:\/\/www.nextbike.de\/moenchengladbach\/de\/partner\/#breadcrumb","itemListElement":[{"@type":"ListItem","position":1,"name":"Startseite","item":"https:\/\/www.nextbike.de\/moenchengladbach\/de\/"},{"@type":"ListItem","position":2,"name":"Partner"}]},{"@type":"WebSite","@id":"https:\/\/www.nextbike.de\/moenchengladbach\/de\/#website","url":"https:\/\/www.nextbike.de\/moenchengladbach\/de\/","name":"M\u00f6nchengladbach","description":"Eine weitere Nextbike Websites Website","potentialAction":[{"@type":"SearchAction","target":{"@type":"EntryPoint","urlTemplate":"https:\/\/www.nextbike.de\/moenchengladbach\/de\/?s={search_term_string}"},"query-input":{"@type":"PropertyValueSpecification","valueRequired":true,"valueName":"search_term_string"}}],"inLanguage":"de"}]}},"_links":{"self":[{"href":"https:\/\/www.nextbike.de\/moenchengladbach\/de\/wp-json\/wp\/v2\/pages\/144","targetHints":{"allow":["GET"]}}],"collection":[{"href":"https:\/\/www.nextbike.de\/moenchengladbach\/de\/wp-json\/wp\/v2\/pages"}],"about":[{"href":"https:\/\/www.nextbike.de\/moenchengladbach\/de\/wp-json\/wp\/v2\/types\/page"}],"author":[{"embeddable":true,"href":"https:\/\/www.nextbike.de\/moenchengladbach\/de\/wp-json\/wp\/v2\/users\/13"}],"replies":[{"embeddable":true,"href":"https:\/\/www.nextbike.de\/moenchengladbach\/de\/wp-json\/wp\/v2\/comments?post=144"}],"version-history":[{"count":5,"href":"https:\/\/www.nextbike.de\/moenchengladbach\/de\/wp-json\/wp\/v2\/pages\/144\/revisions"}],"predecessor-version":[{"id":163,"href":"https:\/\/www.nextbike.de\/moenchengladbach\/de\/wp-json\/wp\/v2\/pages\/144\/revisions\/163"}],"wp:attachment":[{"href":"https:\/\/www.nextbike.de\/moenchengladbach\/de\/wp-json\/wp\/v2\/media?parent=144"}],"curies":[{"name":"wp","href":"https:\/\/api.w.org\/{rel}","templated":true}]}}