{"id":112,"date":"2022-09-06T13:50:48","date_gmt":"2022-09-06T11:50:48","guid":{"rendered":"https:\/\/nextbike-live.pluspol-networks.de\/mobic\/?page_id=112"},"modified":"2025-09-05T13:50:23","modified_gmt":"2025-09-05T11:50:23","slug":"partner","status":"publish","type":"page","link":"https:\/\/www.nextbike.de\/mobic\/de\/partner\/","title":{"rendered":"Partner"},"content":{"rendered":"<div class=\"wpb-content-wrapper\"><p>[vc_row][vc_column width=&#8220;1\/2&#8243;][vc_column_text]<img loading=\"lazy\" decoding=\"async\" class=\"alignnone wp-image-150 size-large\" src=\"https:\/\/nextbike-live.pluspol-networks.de\/mobic\/wp-content\/uploads\/sites\/13\/2022\/09\/Smartbike-2.0_-RS_DACH_2_-1024x683.png\" alt=\"\" width=\"1024\" height=\"683\" srcset=\"https:\/\/www.nextbike.de\/mobic\/wp-content\/uploads\/sites\/13\/2022\/09\/Smartbike-2.0_-RS_DACH_2_-1024x683.png 1024w, https:\/\/www.nextbike.de\/mobic\/wp-content\/uploads\/sites\/13\/2022\/09\/Smartbike-2.0_-RS_DACH_2_-300x200.png 300w, https:\/\/www.nextbike.de\/mobic\/wp-content\/uploads\/sites\/13\/2022\/09\/Smartbike-2.0_-RS_DACH_2_-768x512.png 768w, https:\/\/www.nextbike.de\/mobic\/wp-content\/uploads\/sites\/13\/2022\/09\/Smartbike-2.0_-RS_DACH_2_-1920x1280.png 1920w, https:\/\/www.nextbike.de\/mobic\/wp-content\/uploads\/sites\/13\/2022\/09\/Smartbike-2.0_-RS_DACH_2_-1200x800.png 1200w, https:\/\/www.nextbike.de\/mobic\/wp-content\/uploads\/sites\/13\/2022\/09\/Smartbike-2.0_-RS_DACH_2_-992x661.png 992w, https:\/\/www.nextbike.de\/mobic\/wp-content\/uploads\/sites\/13\/2022\/09\/Smartbike-2.0_-RS_DACH_2_-480x320.png 480w, https:\/\/www.nextbike.de\/mobic\/wp-content\/uploads\/sites\/13\/2022\/09\/Smartbike-2.0_-RS_DACH_2_-210x140.png 210w, https:\/\/www.nextbike.de\/mobic\/wp-content\/uploads\/sites\/13\/2022\/09\/Smartbike-2.0_-RS_DACH_2_-150x100.png 150w\" sizes=\"auto, (max-width: 1024px) 100vw, 1024px\" \/>[\/vc_column_text][\/vc_column][vc_column width=&#8220;1\/2&#8243;][vc_column_text css=&#8220;&#8220;]<\/p>\n<h3><span data-sheets-value=\"{&quot;1&quot;:2,&quot;2&quot;:&quot;Radel g\u00fcnstiger mit deiner VRS-Chipkarte&quot;}\" data-sheets-userformat=\"{&quot;2&quot;:769,&quot;3&quot;:{&quot;1&quot;:0},&quot;11&quot;:4,&quot;12&quot;:0}\">Radel g\u00fcnstiger mit deiner VRS-Chipkarte<\/span><\/h3>\n<p><span data-sheets-value=\"{&quot;1&quot;:2,&quot;2&quot;:&quot;VRS-Chipkarten Inhaber*innen genie\u00dfen Verg\u00fcnstigungen in mehreren nextbike-Systemen. Verkn\u00fcpfe deine Chipkarte \u00fcber das Wallet in deiner App und radel g\u00fcnstiger in bei KVB-Rad K\u00f6ln, nextbike Bonn, RSVG-Bike, RVK e-Bike, Eifel- e-Bike, Bergisches e-Bike, wupsiRad Leverkusen und mobic. Die Verg\u00fcnstigungen k\u00f6nnen von System zu System leicht abweichen; Sch\u00fclerTickets sind ausgenommen. Mehr Infos findest du auf der jeweiligen System-Website.&quot;}\" data-sheets-userformat=\"{&quot;2&quot;:769,&quot;3&quot;:{&quot;1&quot;:0},&quot;11&quot;:4,&quot;12&quot;:0}\">VRS-Chipkarten Inhaber*innen genie\u00dfen Verg\u00fcnstigungen in mehreren nextbike-Systemen. Verkn\u00fcpfe deine Chipkarte \u00fcber das Wallet in deiner App und radel g\u00fcnstiger bei KVB-Rad K\u00f6ln, welo, Eifel- e-Bike, Bergisches e-Bike, wupsiRad Leverkusen und mobic. Die Verg\u00fcnstigungen k\u00f6nnen von System zu System leicht abweichen; Sch\u00fclerTickets sind ausgenommen. Mehr Infos findest du auf der jeweiligen System-Website.<\/span><\/p>\n<ul>\n<li style=\"text-align: left;\"><strong><a href=\"https:\/\/www.kvb-rad.de\/koeln\/\" target=\"_blank\" rel=\"noopener\">KVB-Rad<\/a><\/strong><\/li>\n<li style=\"text-align: left;\"><strong><a href=\"https:\/\/www.welo-bike.de\/de\/\" target=\"_blank\" rel=\"noopener\">welo<\/a><\/strong><\/li>\n<li style=\"text-align: left;\"><strong><a href=\"https:\/\/www.nextbike.de\/bergisches-ebike\/\" target=\"_blank\" rel=\"noopener\">Bergisches e-Bike<\/a><\/strong><\/li>\n<li style=\"text-align: left;\"><strong><a href=\"https:\/\/www.nextbike.de\/eifel-ebike\/\" target=\"_blank\" rel=\"noopener\">Eifel e-Bike<\/a><\/strong><\/li>\n<li style=\"text-align: left;\"><strong><a href=\"https:\/\/www.wupsirad.de\/\" target=\"_blank\" rel=\"noopener\">wupsiRad Leverkusen<\/a><\/strong><\/li>\n<li style=\"text-align: left;\"><strong><a href=\"https:\/\/www.nextbike.de\/mobic\/\" target=\"_blank\" rel=\"noopener\">mobic<\/a><\/strong><\/li>\n<\/ul>\n<p>[\/vc_column_text][\/vc_column][\/vc_row]<\/p>\n<\/div>","protected":false},"excerpt":{"rendered":"<p>[vc_row][vc_column width=&#8220;1\/2&#8243;][vc_column_text][\/vc_column_text][\/vc_column][vc_column width=&#8220;1\/2&#8243;][vc_column_text css=&#8220;&#8220;] Radel g\u00fcnstiger mit deiner VRS-Chipkarte VRS-Chipkarten Inhaber*innen genie\u00dfen Verg\u00fcnstigungen in mehreren nextbike-Systemen. Verkn\u00fcpfe deine Chipkarte \u00fcber das Wallet in deiner App und radel g\u00fcnstiger bei KVB-Rad K\u00f6ln, welo, Eifel- e-Bike, Bergisches e-Bike, wupsiRad Leverkusen und mobic. Die Verg\u00fcnstigungen k\u00f6nnen von System zu System leicht abweichen; Sch\u00fclerTickets sind ausgenommen. Mehr Infos findest [&hellip;]<\/p>\n","protected":false},"author":5,"featured_media":0,"parent":0,"menu_order":0,"comment_status":"closed","ping_status":"closed","template":"","meta":{"_acf_changed":false,"inline_featured_image":false,"footnotes":""},"class_list":["post-112","page","type-page","status-publish","hentry"],"acf":[],"yoast_head":"<!-- This site is optimized with the Yoast SEO plugin v27.2 - https:\/\/yoast.com\/product\/yoast-seo-wordpress\/ -->\n<title>Partner - REVG mobic<\/title>\n<meta name=\"robots\" content=\"index, follow, max-snippet:-1, max-image-preview:large, max-video-preview:-1\" \/>\n<link rel=\"canonical\" href=\"https:\/\/www.nextbike.de\/mobic\/de\/partner\/\" \/>\n<meta property=\"og:locale\" content=\"de_DE\" \/>\n<meta property=\"og:type\" content=\"article\" \/>\n<meta property=\"og:title\" content=\"Partner - REVG mobic\" \/>\n<meta property=\"og:description\" content=\"[vc_row][vc_column width=&#8220;1\/2&#8243;][vc_column_text][\/vc_column_text][\/vc_column][vc_column width=&#8220;1\/2&#8243;][vc_column_text css=&#8220;&#8220;] Radel g\u00fcnstiger mit deiner VRS-Chipkarte VRS-Chipkarten Inhaber*innen genie\u00dfen Verg\u00fcnstigungen in mehreren nextbike-Systemen. Verkn\u00fcpfe deine Chipkarte \u00fcber das Wallet in deiner App und radel g\u00fcnstiger bei KVB-Rad K\u00f6ln, welo, Eifel- e-Bike, Bergisches e-Bike, wupsiRad Leverkusen und mobic. Die Verg\u00fcnstigungen k\u00f6nnen von System zu System leicht abweichen; Sch\u00fclerTickets sind ausgenommen. Mehr Infos findest [&hellip;]\" \/>\n<meta property=\"og:url\" content=\"https:\/\/www.nextbike.de\/mobic\/de\/partner\/\" \/>\n<meta property=\"og:site_name\" content=\"REVG mobic\" \/>\n<meta property=\"article:modified_time\" content=\"2025-09-05T11:50:23+00:00\" \/>\n<meta property=\"og:image\" content=\"https:\/\/www.nextbike.de\/mobic\/wp-content\/uploads\/sites\/13\/2022\/09\/Smartbike-2.0_-RS_DACH_2_.png\" \/>\n\t<meta property=\"og:image:width\" content=\"2100\" \/>\n\t<meta property=\"og:image:height\" content=\"1400\" \/>\n\t<meta property=\"og:image:type\" content=\"image\/png\" \/>\n<meta name=\"twitter:card\" content=\"summary_large_image\" \/>\n<meta name=\"twitter:label1\" content=\"Gesch\u00e4tzte Lesezeit\" \/>\n\t<meta name=\"twitter:data1\" content=\"1\u00a0Minute\" \/>\n<script type=\"application\/ld+json\" class=\"yoast-schema-graph\">{\"@context\":\"https:\/\/schema.org\",\"@graph\":[{\"@type\":\"WebPage\",\"@id\":\"https:\/\/www.nextbike.de\/mobic\/de\/partner\/\",\"url\":\"https:\/\/www.nextbike.de\/mobic\/de\/partner\/\",\"name\":\"Partner - REVG mobic\",\"isPartOf\":{\"@id\":\"https:\/\/www.nextbike.de\/mobic\/de\/#website\"},\"primaryImageOfPage\":{\"@id\":\"https:\/\/www.nextbike.de\/mobic\/de\/partner\/#primaryimage\"},\"image\":{\"@id\":\"https:\/\/www.nextbike.de\/mobic\/de\/partner\/#primaryimage\"},\"thumbnailUrl\":\"https:\/\/nextbike-live.pluspol-networks.de\/mobic\/wp-content\/uploads\/sites\/13\/2022\/09\/Smartbike-2.0_-RS_DACH_2_-1024x683.png\",\"datePublished\":\"2022-09-06T11:50:48+00:00\",\"dateModified\":\"2025-09-05T11:50:23+00:00\",\"breadcrumb\":{\"@id\":\"https:\/\/www.nextbike.de\/mobic\/de\/partner\/#breadcrumb\"},\"inLanguage\":\"de\",\"potentialAction\":[{\"@type\":\"ReadAction\",\"target\":[\"https:\/\/www.nextbike.de\/mobic\/de\/partner\/\"]}]},{\"@type\":\"ImageObject\",\"inLanguage\":\"de\",\"@id\":\"https:\/\/www.nextbike.de\/mobic\/de\/partner\/#primaryimage\",\"url\":\"https:\/\/nextbike-live.pluspol-networks.de\/mobic\/wp-content\/uploads\/sites\/13\/2022\/09\/Smartbike-2.0_-RS_DACH_2_-1024x683.png\",\"contentUrl\":\"https:\/\/nextbike-live.pluspol-networks.de\/mobic\/wp-content\/uploads\/sites\/13\/2022\/09\/Smartbike-2.0_-RS_DACH_2_-1024x683.png\"},{\"@type\":\"BreadcrumbList\",\"@id\":\"https:\/\/www.nextbike.de\/mobic\/de\/partner\/#breadcrumb\",\"itemListElement\":[{\"@type\":\"ListItem\",\"position\":1,\"name\":\"Startseite\",\"item\":\"https:\/\/www.nextbike.de\/mobic\/de\/\"},{\"@type\":\"ListItem\",\"position\":2,\"name\":\"Partner\"}]},{\"@type\":\"WebSite\",\"@id\":\"https:\/\/www.nextbike.de\/mobic\/de\/#website\",\"url\":\"https:\/\/www.nextbike.de\/mobic\/de\/\",\"name\":\"REVG mobic\",\"description\":\"Eine weitere Nextbike Websites Website\",\"potentialAction\":[{\"@type\":\"SearchAction\",\"target\":{\"@type\":\"EntryPoint\",\"urlTemplate\":\"https:\/\/www.nextbike.de\/mobic\/de\/?s={search_term_string}\"},\"query-input\":{\"@type\":\"PropertyValueSpecification\",\"valueRequired\":true,\"valueName\":\"search_term_string\"}}],\"inLanguage\":\"de\"}]}<\/script>\n<!-- \/ Yoast SEO plugin. -->","yoast_head_json":{"title":"Partner - REVG mobic","robots":{"index":"index","follow":"follow","max-snippet":"max-snippet:-1","max-image-preview":"max-image-preview:large","max-video-preview":"max-video-preview:-1"},"canonical":"https:\/\/www.nextbike.de\/mobic\/de\/partner\/","og_locale":"de_DE","og_type":"article","og_title":"Partner - REVG mobic","og_description":"[vc_row][vc_column width=&#8220;1\/2&#8243;][vc_column_text][\/vc_column_text][\/vc_column][vc_column width=&#8220;1\/2&#8243;][vc_column_text css=&#8220;&#8220;] Radel g\u00fcnstiger mit deiner VRS-Chipkarte VRS-Chipkarten Inhaber*innen genie\u00dfen Verg\u00fcnstigungen in mehreren nextbike-Systemen. Verkn\u00fcpfe deine Chipkarte \u00fcber das Wallet in deiner App und radel g\u00fcnstiger bei KVB-Rad K\u00f6ln, welo, Eifel- e-Bike, Bergisches e-Bike, wupsiRad Leverkusen und mobic. Die Verg\u00fcnstigungen k\u00f6nnen von System zu System leicht abweichen; Sch\u00fclerTickets sind ausgenommen. Mehr Infos findest [&hellip;]","og_url":"https:\/\/www.nextbike.de\/mobic\/de\/partner\/","og_site_name":"REVG mobic","article_modified_time":"2025-09-05T11:50:23+00:00","og_image":[{"width":2100,"height":1400,"url":"https:\/\/www.nextbike.de\/mobic\/wp-content\/uploads\/sites\/13\/2022\/09\/Smartbike-2.0_-RS_DACH_2_.png","type":"image\/png"}],"twitter_card":"summary_large_image","twitter_misc":{"Gesch\u00e4tzte Lesezeit":"1\u00a0Minute"},"schema":{"@context":"https:\/\/schema.org","@graph":[{"@type":"WebPage","@id":"https:\/\/www.nextbike.de\/mobic\/de\/partner\/","url":"https:\/\/www.nextbike.de\/mobic\/de\/partner\/","name":"Partner - REVG mobic","isPartOf":{"@id":"https:\/\/www.nextbike.de\/mobic\/de\/#website"},"primaryImageOfPage":{"@id":"https:\/\/www.nextbike.de\/mobic\/de\/partner\/#primaryimage"},"image":{"@id":"https:\/\/www.nextbike.de\/mobic\/de\/partner\/#primaryimage"},"thumbnailUrl":"https:\/\/nextbike-live.pluspol-networks.de\/mobic\/wp-content\/uploads\/sites\/13\/2022\/09\/Smartbike-2.0_-RS_DACH_2_-1024x683.png","datePublished":"2022-09-06T11:50:48+00:00","dateModified":"2025-09-05T11:50:23+00:00","breadcrumb":{"@id":"https:\/\/www.nextbike.de\/mobic\/de\/partner\/#breadcrumb"},"inLanguage":"de","potentialAction":[{"@type":"ReadAction","target":["https:\/\/www.nextbike.de\/mobic\/de\/partner\/"]}]},{"@type":"ImageObject","inLanguage":"de","@id":"https:\/\/www.nextbike.de\/mobic\/de\/partner\/#primaryimage","url":"https:\/\/nextbike-live.pluspol-networks.de\/mobic\/wp-content\/uploads\/sites\/13\/2022\/09\/Smartbike-2.0_-RS_DACH_2_-1024x683.png","contentUrl":"https:\/\/nextbike-live.pluspol-networks.de\/mobic\/wp-content\/uploads\/sites\/13\/2022\/09\/Smartbike-2.0_-RS_DACH_2_-1024x683.png"},{"@type":"BreadcrumbList","@id":"https:\/\/www.nextbike.de\/mobic\/de\/partner\/#breadcrumb","itemListElement":[{"@type":"ListItem","position":1,"name":"Startseite","item":"https:\/\/www.nextbike.de\/mobic\/de\/"},{"@type":"ListItem","position":2,"name":"Partner"}]},{"@type":"WebSite","@id":"https:\/\/www.nextbike.de\/mobic\/de\/#website","url":"https:\/\/www.nextbike.de\/mobic\/de\/","name":"REVG mobic","description":"Eine weitere Nextbike Websites Website","potentialAction":[{"@type":"SearchAction","target":{"@type":"EntryPoint","urlTemplate":"https:\/\/www.nextbike.de\/mobic\/de\/?s={search_term_string}"},"query-input":{"@type":"PropertyValueSpecification","valueRequired":true,"valueName":"search_term_string"}}],"inLanguage":"de"}]}},"_links":{"self":[{"href":"https:\/\/www.nextbike.de\/mobic\/de\/wp-json\/wp\/v2\/pages\/112","targetHints":{"allow":["GET"]}}],"collection":[{"href":"https:\/\/www.nextbike.de\/mobic\/de\/wp-json\/wp\/v2\/pages"}],"about":[{"href":"https:\/\/www.nextbike.de\/mobic\/de\/wp-json\/wp\/v2\/types\/page"}],"author":[{"embeddable":true,"href":"https:\/\/www.nextbike.de\/mobic\/de\/wp-json\/wp\/v2\/users\/5"}],"replies":[{"embeddable":true,"href":"https:\/\/www.nextbike.de\/mobic\/de\/wp-json\/wp\/v2\/comments?post=112"}],"version-history":[{"count":7,"href":"https:\/\/www.nextbike.de\/mobic\/de\/wp-json\/wp\/v2\/pages\/112\/revisions"}],"predecessor-version":[{"id":261,"href":"https:\/\/www.nextbike.de\/mobic\/de\/wp-json\/wp\/v2\/pages\/112\/revisions\/261"}],"wp:attachment":[{"href":"https:\/\/www.nextbike.de\/mobic\/de\/wp-json\/wp\/v2\/media?parent=112"}],"curies":[{"name":"wp","href":"https:\/\/api.w.org\/{rel}","templated":true}]}}