{"id":294,"date":"2022-08-11T12:13:47","date_gmt":"2022-08-11T10:13:47","guid":{"rendered":"https:\/\/nextbike-live.pluspol-networks.de\/marburg\/impressum\/"},"modified":"2024-08-26T11:14:15","modified_gmt":"2024-08-26T09:14:15","slug":"wydruk","status":"publish","type":"page","link":"https:\/\/www.nextbike.de\/marburg\/pl\/wydruk\/","title":{"rendered":"Wydruk"},"content":{"rendered":"<div class=\"wpb-content-wrapper\"><p>[vc_row][vc_column][vc_column_text]<h1>Wydruk<\/h1>\n<p>nextbike <span data-sheets-root=\"1\">GmbH<\/span><br \/>\n<span data-sheets-root=\"1\">Karl-Heine-Stra\u00dfe 46,<br \/>\n04229 Leipzig<\/span>, Niemcy<\/p>\n<p><strong>Dyrektorzy zarz\u0105dzaj\u0105cy:<br \/>\n<\/strong>Meik Bruhs, Sebastian Popp<\/p>\n<p><strong>Kontakt:<br \/>\n<\/strong>Telefon: +49 (0) 341 3089889-0<br \/>\nFax: +49 (0) 341 3089889-13<br \/>\nE-Mail:\u00a0<strong><a href=\"mailto:info@nextbike.de\">info@nextbike.de<\/a><\/strong><\/p>\n<p><strong>Wpis do rejestru<\/strong><br \/>\nWpis do rejestru handlowego.<br \/>\nS\u0105d rejestrowy: Amtsgericht Leipzig<br \/>\nNumer rejestracyjny: HRB 43001<\/p>\n<p>Identyfikator podatkowy: UST-ID: DE367371374<\/p>\n<p>Internetowe rozstrzyganie spor\u00f3w zgodnie z art. 14 (1) Rozporz\u0105dzenie ODR: Komisja Europejska zapewnia platform\u0119 do internetowego rozstrzygania spor\u00f3w. Mo\u017cna j\u0105 znale\u017a\u0107 na stronie <strong><a href=\"http:\/\/ec.europa.eu\/consumers\/odr\/\">http:\/\/ec.europa.eu\/consumers\/odr\/<\/a>.<\/strong><\/p>\n[\/vc_column_text][\/vc_column][\/vc_row]<\/p>\n<\/div>","protected":false},"excerpt":{"rendered":"<p>[vc_row][vc_column][vc_column_text][\/vc_column_text][\/vc_column][\/vc_row]<\/p>\n","protected":false},"author":5,"featured_media":0,"parent":0,"menu_order":0,"comment_status":"closed","ping_status":"closed","template":"page-bubble.php","meta":{"_acf_changed":false,"inline_featured_image":false,"footnotes":""},"class_list":["post-294","page","type-page","status-publish","hentry"],"acf":[],"yoast_head":"<!-- This site is optimized with the Yoast SEO plugin v27.2 - https:\/\/yoast.com\/product\/yoast-seo-wordpress\/ -->\n<title>Wydruk - Marburg International<\/title>\n<meta name=\"robots\" content=\"index, follow, max-snippet:-1, max-image-preview:large, max-video-preview:-1\" \/>\n<link rel=\"canonical\" href=\"https:\/\/www.nextbike.de\/marburg\/pl\/wydruk\/\" \/>\n<meta property=\"og:locale\" content=\"pl_PL\" \/>\n<meta property=\"og:type\" content=\"article\" \/>\n<meta property=\"og:title\" content=\"Wydruk - Marburg International\" \/>\n<meta property=\"og:description\" content=\"[vc_row][vc_column][vc_column_text][\/vc_column_text][\/vc_column][\/vc_row]\" \/>\n<meta property=\"og:url\" content=\"https:\/\/www.nextbike.de\/marburg\/pl\/wydruk\/\" \/>\n<meta property=\"og:site_name\" content=\"Marburg International\" \/>\n<meta property=\"article:modified_time\" content=\"2024-08-26T09:14:15+00:00\" \/>\n<meta name=\"twitter:card\" content=\"summary_large_image\" \/>\n<script type=\"application\/ld+json\" class=\"yoast-schema-graph\">{\"@context\":\"https:\/\/schema.org\",\"@graph\":[{\"@type\":\"WebPage\",\"@id\":\"https:\/\/www.nextbike.de\/marburg\/pl\/wydruk\/\",\"url\":\"https:\/\/www.nextbike.de\/marburg\/pl\/wydruk\/\",\"name\":\"Wydruk - Marburg International\",\"isPartOf\":{\"@id\":\"https:\/\/www.nextbike.de\/marburg\/pl\/#website\"},\"datePublished\":\"2022-08-11T10:13:47+00:00\",\"dateModified\":\"2024-08-26T09:14:15+00:00\",\"breadcrumb\":{\"@id\":\"https:\/\/www.nextbike.de\/marburg\/pl\/wydruk\/#breadcrumb\"},\"inLanguage\":\"pl-PL\",\"potentialAction\":[{\"@type\":\"ReadAction\",\"target\":[\"https:\/\/www.nextbike.de\/marburg\/pl\/wydruk\/\"]}]},{\"@type\":\"BreadcrumbList\",\"@id\":\"https:\/\/www.nextbike.de\/marburg\/pl\/wydruk\/#breadcrumb\",\"itemListElement\":[{\"@type\":\"ListItem\",\"position\":1,\"name\":\"Startseite\",\"item\":\"https:\/\/www.nextbike.de\/marburg\/pl\/\"},{\"@type\":\"ListItem\",\"position\":2,\"name\":\"Wydruk\"}]},{\"@type\":\"WebSite\",\"@id\":\"https:\/\/www.nextbike.de\/marburg\/pl\/#website\",\"url\":\"https:\/\/www.nextbike.de\/marburg\/pl\/\",\"name\":\"Marburg International\",\"description\":\"Jetzt App downloaden und das Angebot von nextbike by TIER in Marburg nutzen!\",\"potentialAction\":[{\"@type\":\"SearchAction\",\"target\":{\"@type\":\"EntryPoint\",\"urlTemplate\":\"https:\/\/www.nextbike.de\/marburg\/pl\/?s={search_term_string}\"},\"query-input\":{\"@type\":\"PropertyValueSpecification\",\"valueRequired\":true,\"valueName\":\"search_term_string\"}}],\"inLanguage\":\"pl-PL\"}]}<\/script>\n<!-- \/ Yoast SEO plugin. -->","yoast_head_json":{"title":"Wydruk - Marburg International","robots":{"index":"index","follow":"follow","max-snippet":"max-snippet:-1","max-image-preview":"max-image-preview:large","max-video-preview":"max-video-preview:-1"},"canonical":"https:\/\/www.nextbike.de\/marburg\/pl\/wydruk\/","og_locale":"pl_PL","og_type":"article","og_title":"Wydruk - Marburg International","og_description":"[vc_row][vc_column][vc_column_text][\/vc_column_text][\/vc_column][\/vc_row]","og_url":"https:\/\/www.nextbike.de\/marburg\/pl\/wydruk\/","og_site_name":"Marburg International","article_modified_time":"2024-08-26T09:14:15+00:00","twitter_card":"summary_large_image","schema":{"@context":"https:\/\/schema.org","@graph":[{"@type":"WebPage","@id":"https:\/\/www.nextbike.de\/marburg\/pl\/wydruk\/","url":"https:\/\/www.nextbike.de\/marburg\/pl\/wydruk\/","name":"Wydruk - Marburg International","isPartOf":{"@id":"https:\/\/www.nextbike.de\/marburg\/pl\/#website"},"datePublished":"2022-08-11T10:13:47+00:00","dateModified":"2024-08-26T09:14:15+00:00","breadcrumb":{"@id":"https:\/\/www.nextbike.de\/marburg\/pl\/wydruk\/#breadcrumb"},"inLanguage":"pl-PL","potentialAction":[{"@type":"ReadAction","target":["https:\/\/www.nextbike.de\/marburg\/pl\/wydruk\/"]}]},{"@type":"BreadcrumbList","@id":"https:\/\/www.nextbike.de\/marburg\/pl\/wydruk\/#breadcrumb","itemListElement":[{"@type":"ListItem","position":1,"name":"Startseite","item":"https:\/\/www.nextbike.de\/marburg\/pl\/"},{"@type":"ListItem","position":2,"name":"Wydruk"}]},{"@type":"WebSite","@id":"https:\/\/www.nextbike.de\/marburg\/pl\/#website","url":"https:\/\/www.nextbike.de\/marburg\/pl\/","name":"Marburg International","description":"Jetzt App downloaden und das Angebot von nextbike by TIER in Marburg nutzen!","potentialAction":[{"@type":"SearchAction","target":{"@type":"EntryPoint","urlTemplate":"https:\/\/www.nextbike.de\/marburg\/pl\/?s={search_term_string}"},"query-input":{"@type":"PropertyValueSpecification","valueRequired":true,"valueName":"search_term_string"}}],"inLanguage":"pl-PL"}]}},"_links":{"self":[{"href":"https:\/\/www.nextbike.de\/marburg\/pl\/wp-json\/wp\/v2\/pages\/294","targetHints":{"allow":["GET"]}}],"collection":[{"href":"https:\/\/www.nextbike.de\/marburg\/pl\/wp-json\/wp\/v2\/pages"}],"about":[{"href":"https:\/\/www.nextbike.de\/marburg\/pl\/wp-json\/wp\/v2\/types\/page"}],"author":[{"embeddable":true,"href":"https:\/\/www.nextbike.de\/marburg\/pl\/wp-json\/wp\/v2\/users\/5"}],"replies":[{"embeddable":true,"href":"https:\/\/www.nextbike.de\/marburg\/pl\/wp-json\/wp\/v2\/comments?post=294"}],"version-history":[{"count":1,"href":"https:\/\/www.nextbike.de\/marburg\/pl\/wp-json\/wp\/v2\/pages\/294\/revisions"}],"predecessor-version":[{"id":416,"href":"https:\/\/www.nextbike.de\/marburg\/pl\/wp-json\/wp\/v2\/pages\/294\/revisions\/416"}],"wp:attachment":[{"href":"https:\/\/www.nextbike.de\/marburg\/pl\/wp-json\/wp\/v2\/media?parent=294"}],"curies":[{"name":"wp","href":"https:\/\/api.w.org\/{rel}","templated":true}]}}