{"id":291,"date":"2022-08-11T12:14:05","date_gmt":"2022-08-11T10:14:05","guid":{"rendered":"https:\/\/nextbike-live.pluspol-networks.de\/marburg\/datenschutz\/"},"modified":"2024-08-26T11:13:42","modified_gmt":"2024-08-26T09:13:42","slug":"polityka-prywatnosci-danych","status":"publish","type":"page","link":"https:\/\/www.nextbike.de\/marburg\/pl\/polityka-prywatnosci-danych\/","title":{"rendered":"Polityka prywatno\u015bci danych"},"content":{"rendered":"<div class=\"wpb-content-wrapper\"><p>[vc_row][vc_column][vc_column_text]<div class=\"ppi_privacy ppi_content\"><h1>Polityka prywatno\u015bci danych<\/h1>\n<p><strong>Imi\u0119 i nazwisko oraz adres osoby odpowiedzialnej<\/strong><\/p>\n<p>Osob\u0105 odpowiedzialn\u0105 w rozumieniu podstawowego rozporz\u0105dzenia o ochronie danych i innych krajowych przepis\u00f3w o ochronie danych pa\u0144stw cz\u0142onkowskich, a tak\u017ce innych przepis\u00f3w o ochronie danych jest:<\/p>\n<div data-font-name=\"g_d3_f4\" data-angle=\"0\" data-canvas-width=\"117.61519999999996\">nextbike GmbH<br \/>\nKarl-Heine-Stra\u00dfe 46<br \/>\n04229 Leipzig<\/div>\n<p>Kontakt:\u00a0<strong><a class=\"c-link\" href=\"mailto:datenschutz@nextbike.de\" target=\"_blank\" rel=\"noopener noreferrer\" data-stringify-link=\"mailto:datenschutz@nextbike.de\" data-sk=\"tooltip_parent\" aria-expanded=\"false\">datenschutz@nextbike.de<\/a><\/strong><\/p>\n<p>Bardzo powa\u017cnie podchodzimy do ochrony danych osobowych u\u017cytkownik\u00f3w i traktujemy je w spos\u00f3b poufny oraz zgodny z ustawowymi przepisami o ochronie danych i niniejsz\u0105 polityk\u0105 prywatno\u015bci.<br \/>\nKorzystanie z naszych stron internetowych jest mo\u017cliwe bez podawania danych osobowych. W zakresie, w jakim dane osobowe (na przyk\u0142ad imi\u0119 i nazwisko, adres lub adresy e-mail) s\u0105 gromadzone na naszych stronach, odbywa si\u0119 to zawsze, o ile to mo\u017cliwe, na zasadzie dobrowolno\u015bci. Dane te nie b\u0119d\u0105 przekazywane stronom trzecim bez wyra\u017anej zgody u\u017cytkownika.<br \/>\nZwracamy uwag\u0119, \u017ce transmisja danych przez Internet (np. komunikacja za po\u015brednictwem poczty elektronicznej) mo\u017ce mie\u0107 luki w zabezpieczeniach. Pe\u0142na ochrona danych przed dost\u0119pem os\u00f3b trzecich nie jest mo\u017cliwa. W zwi\u0105zku z tym poni\u017csze przepisy informuj\u0105 o rodzaju, zakresie i celu gromadzenia, wykorzystywania oraz przetwarzania danych osobowych przez dostawc\u0119.<\/p>\n<p><strong><a class=\"borlabs-cookie-preference\" href=\"#\">Wprowad\u017a indywidualne ustawienia ochrony danych.<\/a><\/strong><\/p>\n<h4 class=\"ppi_download_headline\">Pobieranie<\/h4><div class=\"ppi_download_row ppi_row\"><div class=\"ppi_download_col ppi_col-md-6\"><p class=\"ppi_download_desc\">Polityka prywatno\u015bci dotycz\u0105ca korzystania z witryny - niemiecki (PDF)<\/p><a aria-label=\"Otwiera w nowej karcie\" href=\"https:\/\/www.nextbike.de\/marburg\/wp-content\/uploads\/2026\/01\/2026-01-12_Privacy-Notice-WEBSITE_nextbike_ger-5.pdf\" target=\"_blank\" class=\"ppi_download_link\"><strong>Pobierz<\/strong><\/a><\/div><div class=\"ppi_download_col ppi_col-md-6\"><p class=\"ppi_download_desc\">Polityka prywatno\u015bci dotycz\u0105ca korzystania z witryny - angielski (PDF)<\/p><a aria-label=\"Otwiera w nowej karcie\" href=\"https:\/\/www.nextbike.de\/marburg\/wp-content\/uploads\/2026\/01\/2026-01-12_Privacy-Notice-WEBSITE_nextbike_eng-5.pdf\" target=\"_blank\" class=\"ppi_download_link\"><strong>Pobierz<\/strong><\/a><\/div><\/div><h4 class=\"ppi_download_headline\">Polityka prywatno\u015bci dotycz\u0105ca korzystania z aplikacji<\/h4><div class=\"ppi_download_row ppi_row\"><div class=\"ppi_download_col ppi_col-md-6\"><p class=\"ppi_download_desc\">Polityka prywatno\u015bci dotycz\u0105ca korzystania z aplikacji - niemiecki (PDF)<\/p><a aria-label=\"Otwiera w nowej karcie\" href=\"https:\/\/www.nextbike.de\/marburg\/wp-content\/uploads\/2026\/01\/2026-01-12_Privacy-Notice-APP_nextbike_ger-5.pdf\" target=\"_blank\" class=\"ppi_download_link\"><strong>Pobierz<\/strong><\/a><\/div><div class=\"ppi_download_col ppi_col-md-6\"><p class=\"ppi_download_desc\">Polityka prywatno\u015bci dotycz\u0105ca korzystania z aplikacji - angielski (PDF)<\/p><a aria-label=\"Otwiera w nowej karcie\" href=\"https:\/\/www.nextbike.de\/marburg\/wp-content\/uploads\/2026\/01\/2026-01-12_Privacy-Notice-APP_nextbike_eng-5.pdf\" target=\"_blank\" class=\"ppi_download_link\"><strong>Pobierz<\/strong><\/a><\/div><\/div><\/div>[\/vc_column_text][\/vc_column][\/vc_row]<\/p>\n<\/div>","protected":false},"excerpt":{"rendered":"<p>[vc_row][vc_column][vc_column_text][\/vc_column_text][\/vc_column][\/vc_row]<\/p>\n","protected":false},"author":5,"featured_media":0,"parent":0,"menu_order":0,"comment_status":"closed","ping_status":"closed","template":"page-bubble.php","meta":{"_acf_changed":false,"inline_featured_image":false,"footnotes":""},"class_list":["post-291","page","type-page","status-publish","hentry"],"acf":[],"yoast_head":"<!-- This site is optimized with the Yoast SEO plugin v27.2 - https:\/\/yoast.com\/product\/yoast-seo-wordpress\/ -->\n<title>Polityka prywatno\u015bci danych - Marburg International<\/title>\n<meta name=\"robots\" content=\"index, follow, max-snippet:-1, max-image-preview:large, max-video-preview:-1\" \/>\n<link rel=\"canonical\" href=\"https:\/\/www.nextbike.de\/marburg\/pl\/polityka-prywatnosci-danych\/\" \/>\n<meta property=\"og:locale\" content=\"pl_PL\" \/>\n<meta property=\"og:type\" content=\"article\" \/>\n<meta property=\"og:title\" content=\"Polityka prywatno\u015bci danych - Marburg International\" \/>\n<meta property=\"og:description\" content=\"[vc_row][vc_column][vc_column_text][\/vc_column_text][\/vc_column][\/vc_row]\" \/>\n<meta property=\"og:url\" content=\"https:\/\/www.nextbike.de\/marburg\/pl\/polityka-prywatnosci-danych\/\" \/>\n<meta property=\"og:site_name\" content=\"Marburg International\" \/>\n<meta property=\"article:modified_time\" content=\"2024-08-26T09:13:42+00:00\" \/>\n<meta name=\"twitter:card\" content=\"summary_large_image\" \/>\n<script type=\"application\/ld+json\" class=\"yoast-schema-graph\">{\"@context\":\"https:\/\/schema.org\",\"@graph\":[{\"@type\":\"WebPage\",\"@id\":\"https:\/\/www.nextbike.de\/marburg\/pl\/polityka-prywatnosci-danych\/\",\"url\":\"https:\/\/www.nextbike.de\/marburg\/pl\/polityka-prywatnosci-danych\/\",\"name\":\"Polityka prywatno\u015bci danych - Marburg International\",\"isPartOf\":{\"@id\":\"https:\/\/www.nextbike.de\/marburg\/pl\/#website\"},\"datePublished\":\"2022-08-11T10:14:05+00:00\",\"dateModified\":\"2024-08-26T09:13:42+00:00\",\"breadcrumb\":{\"@id\":\"https:\/\/www.nextbike.de\/marburg\/pl\/polityka-prywatnosci-danych\/#breadcrumb\"},\"inLanguage\":\"pl-PL\",\"potentialAction\":[{\"@type\":\"ReadAction\",\"target\":[\"https:\/\/www.nextbike.de\/marburg\/pl\/polityka-prywatnosci-danych\/\"]}]},{\"@type\":\"BreadcrumbList\",\"@id\":\"https:\/\/www.nextbike.de\/marburg\/pl\/polityka-prywatnosci-danych\/#breadcrumb\",\"itemListElement\":[{\"@type\":\"ListItem\",\"position\":1,\"name\":\"Startseite\",\"item\":\"https:\/\/www.nextbike.de\/marburg\/pl\/\"},{\"@type\":\"ListItem\",\"position\":2,\"name\":\"Polityka prywatno\u015bci danych\"}]},{\"@type\":\"WebSite\",\"@id\":\"https:\/\/www.nextbike.de\/marburg\/pl\/#website\",\"url\":\"https:\/\/www.nextbike.de\/marburg\/pl\/\",\"name\":\"Marburg International\",\"description\":\"Jetzt App downloaden und das Angebot von nextbike by TIER in Marburg nutzen!\",\"potentialAction\":[{\"@type\":\"SearchAction\",\"target\":{\"@type\":\"EntryPoint\",\"urlTemplate\":\"https:\/\/www.nextbike.de\/marburg\/pl\/?s={search_term_string}\"},\"query-input\":{\"@type\":\"PropertyValueSpecification\",\"valueRequired\":true,\"valueName\":\"search_term_string\"}}],\"inLanguage\":\"pl-PL\"}]}<\/script>\n<!-- \/ Yoast SEO plugin. -->","yoast_head_json":{"title":"Polityka prywatno\u015bci danych - Marburg International","robots":{"index":"index","follow":"follow","max-snippet":"max-snippet:-1","max-image-preview":"max-image-preview:large","max-video-preview":"max-video-preview:-1"},"canonical":"https:\/\/www.nextbike.de\/marburg\/pl\/polityka-prywatnosci-danych\/","og_locale":"pl_PL","og_type":"article","og_title":"Polityka prywatno\u015bci danych - Marburg International","og_description":"[vc_row][vc_column][vc_column_text][\/vc_column_text][\/vc_column][\/vc_row]","og_url":"https:\/\/www.nextbike.de\/marburg\/pl\/polityka-prywatnosci-danych\/","og_site_name":"Marburg International","article_modified_time":"2024-08-26T09:13:42+00:00","twitter_card":"summary_large_image","schema":{"@context":"https:\/\/schema.org","@graph":[{"@type":"WebPage","@id":"https:\/\/www.nextbike.de\/marburg\/pl\/polityka-prywatnosci-danych\/","url":"https:\/\/www.nextbike.de\/marburg\/pl\/polityka-prywatnosci-danych\/","name":"Polityka prywatno\u015bci danych - Marburg International","isPartOf":{"@id":"https:\/\/www.nextbike.de\/marburg\/pl\/#website"},"datePublished":"2022-08-11T10:14:05+00:00","dateModified":"2024-08-26T09:13:42+00:00","breadcrumb":{"@id":"https:\/\/www.nextbike.de\/marburg\/pl\/polityka-prywatnosci-danych\/#breadcrumb"},"inLanguage":"pl-PL","potentialAction":[{"@type":"ReadAction","target":["https:\/\/www.nextbike.de\/marburg\/pl\/polityka-prywatnosci-danych\/"]}]},{"@type":"BreadcrumbList","@id":"https:\/\/www.nextbike.de\/marburg\/pl\/polityka-prywatnosci-danych\/#breadcrumb","itemListElement":[{"@type":"ListItem","position":1,"name":"Startseite","item":"https:\/\/www.nextbike.de\/marburg\/pl\/"},{"@type":"ListItem","position":2,"name":"Polityka prywatno\u015bci danych"}]},{"@type":"WebSite","@id":"https:\/\/www.nextbike.de\/marburg\/pl\/#website","url":"https:\/\/www.nextbike.de\/marburg\/pl\/","name":"Marburg International","description":"Jetzt App downloaden und das Angebot von nextbike by TIER in Marburg nutzen!","potentialAction":[{"@type":"SearchAction","target":{"@type":"EntryPoint","urlTemplate":"https:\/\/www.nextbike.de\/marburg\/pl\/?s={search_term_string}"},"query-input":{"@type":"PropertyValueSpecification","valueRequired":true,"valueName":"search_term_string"}}],"inLanguage":"pl-PL"}]}},"_links":{"self":[{"href":"https:\/\/www.nextbike.de\/marburg\/pl\/wp-json\/wp\/v2\/pages\/291","targetHints":{"allow":["GET"]}}],"collection":[{"href":"https:\/\/www.nextbike.de\/marburg\/pl\/wp-json\/wp\/v2\/pages"}],"about":[{"href":"https:\/\/www.nextbike.de\/marburg\/pl\/wp-json\/wp\/v2\/types\/page"}],"author":[{"embeddable":true,"href":"https:\/\/www.nextbike.de\/marburg\/pl\/wp-json\/wp\/v2\/users\/5"}],"replies":[{"embeddable":true,"href":"https:\/\/www.nextbike.de\/marburg\/pl\/wp-json\/wp\/v2\/comments?post=291"}],"version-history":[{"count":1,"href":"https:\/\/www.nextbike.de\/marburg\/pl\/wp-json\/wp\/v2\/pages\/291\/revisions"}],"predecessor-version":[{"id":415,"href":"https:\/\/www.nextbike.de\/marburg\/pl\/wp-json\/wp\/v2\/pages\/291\/revisions\/415"}],"wp:attachment":[{"href":"https:\/\/www.nextbike.de\/marburg\/pl\/wp-json\/wp\/v2\/media?parent=291"}],"curies":[{"name":"wp","href":"https:\/\/api.w.org\/{rel}","templated":true}]}}