{"id":256,"date":"2022-11-03T11:52:01","date_gmt":"2022-11-03T10:52:01","guid":{"rendered":"https:\/\/nextbike-live.pluspol-networks.de\/marburg\/partner\/"},"modified":"2024-09-17T10:15:46","modified_gmt":"2024-09-17T08:15:46","slug":"partnerzy","status":"publish","type":"page","link":"https:\/\/www.nextbike.de\/marburg\/pl\/partnerzy\/","title":{"rendered":"Partnerzy"},"content":{"rendered":"<div class=\"wpb-content-wrapper\"><p>[vc_row][vc_column][vc_column_text]<\/p>\n<h1>Partnerzy<\/h1>\n<p>[\/vc_column_text][\/vc_column][\/vc_row][vc_row][vc_column width=&#8221;1\/2&#8243;][vc_column_text css=&#8221;&#8221;]<\/p>\n<h2>Universit\u00e4tsstadt Marburg<\/h2>\n<p>Pracownicy Universit\u00e4tsstadt Marburg je\u017cd\u017c\u0105 bezp\u0142atnie przez pierwsze 60 minut na wypo\u017cyczonym rowerze na peda\u0142y. Wystarczy zarejestrowa\u0107 si\u0119 za pomoc\u0105 firmowego adresu e-mail, aby uzyska\u0107 specjalne warunki. Po pierwszych 60 minutach obowi\u0105zuje stawka podstawowa.<br \/>\nUlga nie dotyczy (elektrycznych) rower\u00f3w cargo lub rower\u00f3w elektrycznych.<br \/>\n[\/vc_column_text][\/vc_column][vc_column width=&#8221;1\/2&#8243;][vc_single_image image=&#8221;257&#8243; img_size=&#8221;medium&#8221; alignment=&#8221;center&#8221;][\/vc_column][\/vc_row][vc_row][vc_column width=&#8221;1\/2&#8243;][vc_column_text css=&#8221;&#8221;]<\/p>\n<h2>Zak\u0142ady komunalne w Marburgu<\/h2>\n<p>Pracownicy <em>Stadtwerke Marburg<\/em> je\u017cd\u017c\u0105 bezp\u0142atnie przez pierwsze 60 minut na wypo\u017cyczonym rowerze na peda\u0142y. Wystarczy zarejestrowa\u0107 si\u0119 za pomoc\u0105 firmowego adresu e-mail, aby uzyska\u0107 specjalne warunki. Po pierwszych 60 minutach obowi\u0105zuje stawka podstawowa.<br \/>\nUlga nie dotyczy (elektrycznych) rower\u00f3w cargo lub rower\u00f3w elektrycznych.[\/vc_column_text][\/vc_column][vc_column width=&#8221;1\/2&#8243;][vc_single_image image=&#8221;264&#8243; img_size=&#8221;medium&#8221; alignment=&#8221;center&#8221;][\/vc_column][\/vc_row][vc_row][vc_column width=&#8221;1\/2&#8243;][vc_column_text css=&#8221;&#8221;]<\/p>\n<h2><span style=\"vertical-align: inherit;\"><span style=\"vertical-align: inherit;\">Universit\u00e4t Marburg<\/span><\/span><\/h2>\n<p><span style=\"vertical-align: inherit;\"><span style=\"vertical-align: inherit;\">Immatrikulierte Studierende der Philipps-Universit\u00e4t Marburg fahren die ersten 60 Leihminuten kostenfrei. Weitere Informationen zur Anmeldung und weiteren Bedingungen finden Sie <\/span><\/span><a href=\"https:\/\/www.nextbike.de\/marburg\/pl\/campusbike\/\"><span style=\"vertical-align: inherit;\"><span style=\"vertical-align: inherit;\">hier<\/span><\/span><\/a><span style=\"vertical-align: inherit;\"><span style=\"vertical-align: inherit;\"> .<\/span><\/span>[\/vc_column_text][\/vc_column][vc_column width=&#8221;1\/2&#8243;][vc_single_image image=&#8221;263&#8243; img_size=&#8221;medium&#8221; alignment=&#8221;center&#8221;][\/vc_column][\/vc_row]<\/p>\n<\/div>","protected":false},"excerpt":{"rendered":"<p>[vc_row][vc_column][vc_column_text] Partnerzy [\/vc_column_text][\/vc_column][\/vc_row][vc_row][vc_column width=&#8221;1\/2&#8243;][vc_column_text css=&#8221;&#8221;] Universit\u00e4tsstadt Marburg Pracownicy Universit\u00e4tsstadt Marburg je\u017cd\u017c\u0105 bezp\u0142atnie przez pierwsze 60 minut na wypo\u017cyczonym rowerze na peda\u0142y. Wystarczy zarejestrowa\u0107 si\u0119 za pomoc\u0105 firmowego adresu e-mail, aby uzyska\u0107 specjalne warunki. Po pierwszych 60 minutach obowi\u0105zuje stawka podstawowa. Ulga nie dotyczy (elektrycznych) rower\u00f3w cargo lub rower\u00f3w elektrycznych. [\/vc_column_text][\/vc_column][vc_column width=&#8221;1\/2&#8243;][vc_single_image image=&#8221;257&#8243; img_size=&#8221;medium&#8221; alignment=&#8221;center&#8221;][\/vc_column][\/vc_row][vc_row][vc_column width=&#8221;1\/2&#8243;][vc_column_text [&hellip;]<\/p>\n","protected":false},"author":14,"featured_media":0,"parent":0,"menu_order":0,"comment_status":"closed","ping_status":"closed","template":"page-bubble.php","meta":{"_acf_changed":false,"inline_featured_image":false,"footnotes":""},"class_list":["post-256","page","type-page","status-publish","hentry"],"acf":[],"yoast_head":"<!-- This site is optimized with the Yoast SEO plugin v27.2 - https:\/\/yoast.com\/product\/yoast-seo-wordpress\/ -->\n<title>Partnerzy nextbike Marburg<\/title>\n<meta name=\"robots\" content=\"index, follow, max-snippet:-1, max-image-preview:large, max-video-preview:-1\" \/>\n<link rel=\"canonical\" href=\"https:\/\/www.nextbike.de\/marburg\/pl\/partnerzy\/\" \/>\n<meta property=\"og:locale\" content=\"pl_PL\" \/>\n<meta property=\"og:type\" content=\"article\" \/>\n<meta property=\"og:title\" content=\"Partnerzy nextbike Marburg\" \/>\n<meta property=\"og:description\" content=\"[vc_row][vc_column][vc_column_text] Partnerzy [\/vc_column_text][\/vc_column][\/vc_row][vc_row][vc_column width=&#8221;1\/2&#8243;][vc_column_text css=&#8221;&#8221;] Universit\u00e4tsstadt Marburg Pracownicy Universit\u00e4tsstadt Marburg je\u017cd\u017c\u0105 bezp\u0142atnie przez pierwsze 60 minut na wypo\u017cyczonym rowerze na peda\u0142y. Wystarczy zarejestrowa\u0107 si\u0119 za pomoc\u0105 firmowego adresu e-mail, aby uzyska\u0107 specjalne warunki. Po pierwszych 60 minutach obowi\u0105zuje stawka podstawowa. Ulga nie dotyczy (elektrycznych) rower\u00f3w cargo lub rower\u00f3w elektrycznych. [\/vc_column_text][\/vc_column][vc_column width=&#8221;1\/2&#8243;][vc_single_image image=&#8221;257&#8243; img_size=&#8221;medium&#8221; alignment=&#8221;center&#8221;][\/vc_column][\/vc_row][vc_row][vc_column width=&#8221;1\/2&#8243;][vc_column_text [&hellip;]\" \/>\n<meta property=\"og:url\" content=\"https:\/\/www.nextbike.de\/marburg\/pl\/partnerzy\/\" \/>\n<meta property=\"og:site_name\" content=\"Marburg International\" \/>\n<meta property=\"article:modified_time\" content=\"2024-09-17T08:15:46+00:00\" \/>\n<meta name=\"twitter:card\" content=\"summary_large_image\" \/>\n<meta name=\"twitter:label1\" content=\"Szacowany czas czytania\" \/>\n\t<meta name=\"twitter:data1\" content=\"2 minuty\" \/>\n<script type=\"application\/ld+json\" class=\"yoast-schema-graph\">{\"@context\":\"https:\/\/schema.org\",\"@graph\":[{\"@type\":\"WebPage\",\"@id\":\"https:\/\/www.nextbike.de\/marburg\/pl\/partnerzy\/\",\"url\":\"https:\/\/www.nextbike.de\/marburg\/pl\/partnerzy\/\",\"name\":\"Partnerzy nextbike Marburg\",\"isPartOf\":{\"@id\":\"https:\/\/www.nextbike.de\/marburg\/pl\/#website\"},\"datePublished\":\"2022-11-03T10:52:01+00:00\",\"dateModified\":\"2024-09-17T08:15:46+00:00\",\"breadcrumb\":{\"@id\":\"https:\/\/www.nextbike.de\/marburg\/pl\/partnerzy\/#breadcrumb\"},\"inLanguage\":\"pl-PL\",\"potentialAction\":[{\"@type\":\"ReadAction\",\"target\":[\"https:\/\/www.nextbike.de\/marburg\/pl\/partnerzy\/\"]}]},{\"@type\":\"BreadcrumbList\",\"@id\":\"https:\/\/www.nextbike.de\/marburg\/pl\/partnerzy\/#breadcrumb\",\"itemListElement\":[{\"@type\":\"ListItem\",\"position\":1,\"name\":\"Startseite\",\"item\":\"https:\/\/www.nextbike.de\/marburg\/pl\/\"},{\"@type\":\"ListItem\",\"position\":2,\"name\":\"Partnerzy\"}]},{\"@type\":\"WebSite\",\"@id\":\"https:\/\/www.nextbike.de\/marburg\/pl\/#website\",\"url\":\"https:\/\/www.nextbike.de\/marburg\/pl\/\",\"name\":\"Marburg International\",\"description\":\"Jetzt App downloaden und das Angebot von nextbike by TIER in Marburg nutzen!\",\"potentialAction\":[{\"@type\":\"SearchAction\",\"target\":{\"@type\":\"EntryPoint\",\"urlTemplate\":\"https:\/\/www.nextbike.de\/marburg\/pl\/?s={search_term_string}\"},\"query-input\":{\"@type\":\"PropertyValueSpecification\",\"valueRequired\":true,\"valueName\":\"search_term_string\"}}],\"inLanguage\":\"pl-PL\"}]}<\/script>\n<!-- \/ Yoast SEO plugin. -->","yoast_head_json":{"title":"Partnerzy nextbike Marburg","robots":{"index":"index","follow":"follow","max-snippet":"max-snippet:-1","max-image-preview":"max-image-preview:large","max-video-preview":"max-video-preview:-1"},"canonical":"https:\/\/www.nextbike.de\/marburg\/pl\/partnerzy\/","og_locale":"pl_PL","og_type":"article","og_title":"Partnerzy nextbike Marburg","og_description":"[vc_row][vc_column][vc_column_text] Partnerzy [\/vc_column_text][\/vc_column][\/vc_row][vc_row][vc_column width=&#8221;1\/2&#8243;][vc_column_text css=&#8221;&#8221;] Universit\u00e4tsstadt Marburg Pracownicy Universit\u00e4tsstadt Marburg je\u017cd\u017c\u0105 bezp\u0142atnie przez pierwsze 60 minut na wypo\u017cyczonym rowerze na peda\u0142y. Wystarczy zarejestrowa\u0107 si\u0119 za pomoc\u0105 firmowego adresu e-mail, aby uzyska\u0107 specjalne warunki. Po pierwszych 60 minutach obowi\u0105zuje stawka podstawowa. Ulga nie dotyczy (elektrycznych) rower\u00f3w cargo lub rower\u00f3w elektrycznych. [\/vc_column_text][\/vc_column][vc_column width=&#8221;1\/2&#8243;][vc_single_image image=&#8221;257&#8243; img_size=&#8221;medium&#8221; alignment=&#8221;center&#8221;][\/vc_column][\/vc_row][vc_row][vc_column width=&#8221;1\/2&#8243;][vc_column_text [&hellip;]","og_url":"https:\/\/www.nextbike.de\/marburg\/pl\/partnerzy\/","og_site_name":"Marburg International","article_modified_time":"2024-09-17T08:15:46+00:00","twitter_card":"summary_large_image","twitter_misc":{"Szacowany czas czytania":"2 minuty"},"schema":{"@context":"https:\/\/schema.org","@graph":[{"@type":"WebPage","@id":"https:\/\/www.nextbike.de\/marburg\/pl\/partnerzy\/","url":"https:\/\/www.nextbike.de\/marburg\/pl\/partnerzy\/","name":"Partnerzy nextbike Marburg","isPartOf":{"@id":"https:\/\/www.nextbike.de\/marburg\/pl\/#website"},"datePublished":"2022-11-03T10:52:01+00:00","dateModified":"2024-09-17T08:15:46+00:00","breadcrumb":{"@id":"https:\/\/www.nextbike.de\/marburg\/pl\/partnerzy\/#breadcrumb"},"inLanguage":"pl-PL","potentialAction":[{"@type":"ReadAction","target":["https:\/\/www.nextbike.de\/marburg\/pl\/partnerzy\/"]}]},{"@type":"BreadcrumbList","@id":"https:\/\/www.nextbike.de\/marburg\/pl\/partnerzy\/#breadcrumb","itemListElement":[{"@type":"ListItem","position":1,"name":"Startseite","item":"https:\/\/www.nextbike.de\/marburg\/pl\/"},{"@type":"ListItem","position":2,"name":"Partnerzy"}]},{"@type":"WebSite","@id":"https:\/\/www.nextbike.de\/marburg\/pl\/#website","url":"https:\/\/www.nextbike.de\/marburg\/pl\/","name":"Marburg International","description":"Jetzt App downloaden und das Angebot von nextbike by TIER in Marburg nutzen!","potentialAction":[{"@type":"SearchAction","target":{"@type":"EntryPoint","urlTemplate":"https:\/\/www.nextbike.de\/marburg\/pl\/?s={search_term_string}"},"query-input":{"@type":"PropertyValueSpecification","valueRequired":true,"valueName":"search_term_string"}}],"inLanguage":"pl-PL"}]}},"_links":{"self":[{"href":"https:\/\/www.nextbike.de\/marburg\/pl\/wp-json\/wp\/v2\/pages\/256","targetHints":{"allow":["GET"]}}],"collection":[{"href":"https:\/\/www.nextbike.de\/marburg\/pl\/wp-json\/wp\/v2\/pages"}],"about":[{"href":"https:\/\/www.nextbike.de\/marburg\/pl\/wp-json\/wp\/v2\/types\/page"}],"author":[{"embeddable":true,"href":"https:\/\/www.nextbike.de\/marburg\/pl\/wp-json\/wp\/v2\/users\/14"}],"replies":[{"embeddable":true,"href":"https:\/\/www.nextbike.de\/marburg\/pl\/wp-json\/wp\/v2\/comments?post=256"}],"version-history":[{"count":7,"href":"https:\/\/www.nextbike.de\/marburg\/pl\/wp-json\/wp\/v2\/pages\/256\/revisions"}],"predecessor-version":[{"id":494,"href":"https:\/\/www.nextbike.de\/marburg\/pl\/wp-json\/wp\/v2\/pages\/256\/revisions\/494"}],"wp:attachment":[{"href":"https:\/\/www.nextbike.de\/marburg\/pl\/wp-json\/wp\/v2\/media?parent=256"}],"curies":[{"name":"wp","href":"https:\/\/api.w.org\/{rel}","templated":true}]}}