{"id":252,"date":"2022-11-03T13:24:41","date_gmt":"2022-11-03T12:24:41","guid":{"rendered":"https:\/\/nextbike-live.pluspol-networks.de\/marburg\/campusbike\/"},"modified":"2024-10-07T14:30:57","modified_gmt":"2024-10-07T12:30:57","slug":"campusbike","status":"publish","type":"page","link":"https:\/\/www.nextbike.de\/marburg\/pl\/campusbike\/","title":{"rendered":"CAMPUSbike"},"content":{"rendered":"<div class=\"wpb-content-wrapper\"><p>[vc_row][vc_column][vc_column_text]<\/p>\n<h2>Studenci Uniwersytetu w Marburgu p\u0142ac\u0105 za przejazd mniej!<\/h2>\n<div class=\"\"><\/div>\n<div class=\" \">\n<div class=\"row\">\n<div class=\"col-xs-12\"><\/div>\n<\/div>\n<\/div>\n<p>[\/vc_column_text][\/vc_column][\/vc_row][vc_row ppi_row_padding=&#8221;ppi_remove_padding_bottom&#8221;][vc_column][vc_column_text]<\/p>\n<h4>Rejestracja<\/h4>\n<p>Zarejestruj si\u0119 za pomoc\u0105 aplikacji lub strony internetowej, podaj\u0105c sw\u00f3j uniwersytecki adres e-mail (@students.uni-marburg.de). Nast\u0119pnie wy\u015blemy wiadomo\u015b\u0107 e-mail z linkiem do potwierdzenia. Konto aktywuje si\u0119 automatycznie po weryfikacji.<\/p>\n<p>Masz ju\u017c konto, ale nie poda\u0142e\u015b swojego uniwersyteckiego adresu e-mail? Zaloguj si\u0119 za po\u015brednictwem strony internetowej, wprowad\u017a sw\u00f3j nowy adres e-mail i wybierz swoj\u0105 uczelni\u0119 jako partnera. Mo\u017cna r\u00f3wnie\u017c skontaktowa\u0107 si\u0119 z naszym dzia\u0142em obs\u0142ugi klienta pod numerem +49 (0)30-69205046.<br \/>\n[\/vc_column_text][\/vc_column][\/vc_row][vc_row ppi_row_padding=&#8221;ppi_remove_padding_top&#8221;][vc_column][vc_column_text css=&#8221;&#8221;]<\/p>\n<h4>Warunki<\/h4>\n<p>Za ka\u017cdym razem, gdy wypo\u017cyczasz rower, pierwsze 60 minut jest bezp\u0142atne na terenie ca\u0142ych Niemiec*. Je\u015bli podr\u00f3\u017c trwa d\u0142u\u017cej ni\u017c 60 minut, za ka\u017cde kolejne 30 minut naliczana jest op\u0142ata w wysoko\u015bci 1 \u20ac. Maksymalna stawka dzienna wynosi 5,00 \u20ac. Podstawowa stawka za e-rowery w Marburgu jest obni\u017cona o 50% i wynosi 0,50 \u20ac \/ 30 min (maks. 20 \u20ac \/ 24 h)** dla student\u00f3w. Po zako\u0144czeniu wypo\u017cyczenia mo\u017cesz wypo\u017cyczy\u0107 kolejny rower po obni\u017conej stawce po 15-minutowej przerwie. Na jednym koncie mo\u017cesz wypo\u017cyczy\u0107 do trzech rower\u00f3w jednocze\u015bnie. Specjalne warunki dotycz\u0105 wszystkich trzech rower\u00f3w.[\/vc_column_text][vc_column_text css=&#8221;&#8221;]<span style=\"font-size: 12px;\">*Z wyj\u0105tkiem WK-Bike Bremen, VAG_Rad Nuremberg, StadtRad Greifswald, Usedomrad, OLi-Bike Oldenburg i MVG Rad Munich.<\/span><\/p>\n<p><span style=\"font-size: 12px;\">**E-rowery i (e-)rowery cargo w innych miastach s\u0105 wy\u0142\u0105czone z rabatu.<br \/>\n<\/span>[\/vc_column_text][\/vc_column][\/vc_row]<\/p>\n<\/div>","protected":false},"excerpt":{"rendered":"<p>[vc_row][vc_column][vc_column_text] Studenci Uniwersytetu w Marburgu p\u0142ac\u0105 za przejazd mniej! [\/vc_column_text][\/vc_column][\/vc_row][vc_row ppi_row_padding=&#8221;ppi_remove_padding_bottom&#8221;][vc_column][vc_column_text] Rejestracja Zarejestruj si\u0119 za pomoc\u0105 aplikacji lub strony internetowej, podaj\u0105c sw\u00f3j uniwersytecki adres e-mail (@students.uni-marburg.de). Nast\u0119pnie wy\u015blemy wiadomo\u015b\u0107 e-mail z linkiem do potwierdzenia. Konto aktywuje si\u0119 automatycznie po weryfikacji. Masz ju\u017c konto, ale nie poda\u0142e\u015b swojego uniwersyteckiego adresu e-mail? Zaloguj si\u0119 za po\u015brednictwem strony [&hellip;]<\/p>\n","protected":false},"author":14,"featured_media":0,"parent":0,"menu_order":0,"comment_status":"closed","ping_status":"closed","template":"page-bubble.php","meta":{"_acf_changed":false,"inline_featured_image":false,"footnotes":""},"class_list":["post-252","page","type-page","status-publish","hentry"],"acf":[],"yoast_head":"<!-- This site is optimized with the Yoast SEO plugin v27.2 - https:\/\/yoast.com\/product\/yoast-seo-wordpress\/ -->\n<title>CAMPUSbike Marburg<\/title>\n<meta name=\"robots\" content=\"index, follow, max-snippet:-1, max-image-preview:large, max-video-preview:-1\" \/>\n<link rel=\"canonical\" href=\"https:\/\/www.nextbike.de\/marburg\/pl\/campusbike\/\" \/>\n<meta property=\"og:locale\" content=\"pl_PL\" \/>\n<meta property=\"og:type\" content=\"article\" \/>\n<meta property=\"og:title\" content=\"CAMPUSbike Marburg\" \/>\n<meta property=\"og:description\" content=\"[vc_row][vc_column][vc_column_text] Studenci Uniwersytetu w Marburgu p\u0142ac\u0105 za przejazd mniej! [\/vc_column_text][\/vc_column][\/vc_row][vc_row ppi_row_padding=&#8221;ppi_remove_padding_bottom&#8221;][vc_column][vc_column_text] Rejestracja Zarejestruj si\u0119 za pomoc\u0105 aplikacji lub strony internetowej, podaj\u0105c sw\u00f3j uniwersytecki adres e-mail (@students.uni-marburg.de). Nast\u0119pnie wy\u015blemy wiadomo\u015b\u0107 e-mail z linkiem do potwierdzenia. Konto aktywuje si\u0119 automatycznie po weryfikacji. Masz ju\u017c konto, ale nie poda\u0142e\u015b swojego uniwersyteckiego adresu e-mail? Zaloguj si\u0119 za po\u015brednictwem strony [&hellip;]\" \/>\n<meta property=\"og:url\" content=\"https:\/\/www.nextbike.de\/marburg\/pl\/campusbike\/\" \/>\n<meta property=\"og:site_name\" content=\"Marburg International\" \/>\n<meta property=\"article:modified_time\" content=\"2024-10-07T12:30:57+00:00\" \/>\n<meta name=\"twitter:card\" content=\"summary_large_image\" \/>\n<meta name=\"twitter:label1\" content=\"Szacowany czas czytania\" \/>\n\t<meta name=\"twitter:data1\" content=\"1 minuta\" \/>\n<script type=\"application\/ld+json\" class=\"yoast-schema-graph\">{\"@context\":\"https:\/\/schema.org\",\"@graph\":[{\"@type\":\"WebPage\",\"@id\":\"https:\/\/www.nextbike.de\/marburg\/pl\/campusbike\/\",\"url\":\"https:\/\/www.nextbike.de\/marburg\/pl\/campusbike\/\",\"name\":\"CAMPUSbike Marburg\",\"isPartOf\":{\"@id\":\"https:\/\/www.nextbike.de\/marburg\/pl\/#website\"},\"datePublished\":\"2022-11-03T12:24:41+00:00\",\"dateModified\":\"2024-10-07T12:30:57+00:00\",\"breadcrumb\":{\"@id\":\"https:\/\/www.nextbike.de\/marburg\/pl\/campusbike\/#breadcrumb\"},\"inLanguage\":\"pl-PL\",\"potentialAction\":[{\"@type\":\"ReadAction\",\"target\":[\"https:\/\/www.nextbike.de\/marburg\/pl\/campusbike\/\"]}]},{\"@type\":\"BreadcrumbList\",\"@id\":\"https:\/\/www.nextbike.de\/marburg\/pl\/campusbike\/#breadcrumb\",\"itemListElement\":[{\"@type\":\"ListItem\",\"position\":1,\"name\":\"Startseite\",\"item\":\"https:\/\/www.nextbike.de\/marburg\/pl\/\"},{\"@type\":\"ListItem\",\"position\":2,\"name\":\"CAMPUSbike\"}]},{\"@type\":\"WebSite\",\"@id\":\"https:\/\/www.nextbike.de\/marburg\/pl\/#website\",\"url\":\"https:\/\/www.nextbike.de\/marburg\/pl\/\",\"name\":\"Marburg International\",\"description\":\"Jetzt App downloaden und das Angebot von nextbike by TIER in Marburg nutzen!\",\"potentialAction\":[{\"@type\":\"SearchAction\",\"target\":{\"@type\":\"EntryPoint\",\"urlTemplate\":\"https:\/\/www.nextbike.de\/marburg\/pl\/?s={search_term_string}\"},\"query-input\":{\"@type\":\"PropertyValueSpecification\",\"valueRequired\":true,\"valueName\":\"search_term_string\"}}],\"inLanguage\":\"pl-PL\"}]}<\/script>\n<!-- \/ Yoast SEO plugin. -->","yoast_head_json":{"title":"CAMPUSbike Marburg","robots":{"index":"index","follow":"follow","max-snippet":"max-snippet:-1","max-image-preview":"max-image-preview:large","max-video-preview":"max-video-preview:-1"},"canonical":"https:\/\/www.nextbike.de\/marburg\/pl\/campusbike\/","og_locale":"pl_PL","og_type":"article","og_title":"CAMPUSbike Marburg","og_description":"[vc_row][vc_column][vc_column_text] Studenci Uniwersytetu w Marburgu p\u0142ac\u0105 za przejazd mniej! [\/vc_column_text][\/vc_column][\/vc_row][vc_row ppi_row_padding=&#8221;ppi_remove_padding_bottom&#8221;][vc_column][vc_column_text] Rejestracja Zarejestruj si\u0119 za pomoc\u0105 aplikacji lub strony internetowej, podaj\u0105c sw\u00f3j uniwersytecki adres e-mail (@students.uni-marburg.de). Nast\u0119pnie wy\u015blemy wiadomo\u015b\u0107 e-mail z linkiem do potwierdzenia. Konto aktywuje si\u0119 automatycznie po weryfikacji. Masz ju\u017c konto, ale nie poda\u0142e\u015b swojego uniwersyteckiego adresu e-mail? Zaloguj si\u0119 za po\u015brednictwem strony [&hellip;]","og_url":"https:\/\/www.nextbike.de\/marburg\/pl\/campusbike\/","og_site_name":"Marburg International","article_modified_time":"2024-10-07T12:30:57+00:00","twitter_card":"summary_large_image","twitter_misc":{"Szacowany czas czytania":"1 minuta"},"schema":{"@context":"https:\/\/schema.org","@graph":[{"@type":"WebPage","@id":"https:\/\/www.nextbike.de\/marburg\/pl\/campusbike\/","url":"https:\/\/www.nextbike.de\/marburg\/pl\/campusbike\/","name":"CAMPUSbike Marburg","isPartOf":{"@id":"https:\/\/www.nextbike.de\/marburg\/pl\/#website"},"datePublished":"2022-11-03T12:24:41+00:00","dateModified":"2024-10-07T12:30:57+00:00","breadcrumb":{"@id":"https:\/\/www.nextbike.de\/marburg\/pl\/campusbike\/#breadcrumb"},"inLanguage":"pl-PL","potentialAction":[{"@type":"ReadAction","target":["https:\/\/www.nextbike.de\/marburg\/pl\/campusbike\/"]}]},{"@type":"BreadcrumbList","@id":"https:\/\/www.nextbike.de\/marburg\/pl\/campusbike\/#breadcrumb","itemListElement":[{"@type":"ListItem","position":1,"name":"Startseite","item":"https:\/\/www.nextbike.de\/marburg\/pl\/"},{"@type":"ListItem","position":2,"name":"CAMPUSbike"}]},{"@type":"WebSite","@id":"https:\/\/www.nextbike.de\/marburg\/pl\/#website","url":"https:\/\/www.nextbike.de\/marburg\/pl\/","name":"Marburg International","description":"Jetzt App downloaden und das Angebot von nextbike by TIER in Marburg nutzen!","potentialAction":[{"@type":"SearchAction","target":{"@type":"EntryPoint","urlTemplate":"https:\/\/www.nextbike.de\/marburg\/pl\/?s={search_term_string}"},"query-input":{"@type":"PropertyValueSpecification","valueRequired":true,"valueName":"search_term_string"}}],"inLanguage":"pl-PL"}]}},"_links":{"self":[{"href":"https:\/\/www.nextbike.de\/marburg\/pl\/wp-json\/wp\/v2\/pages\/252","targetHints":{"allow":["GET"]}}],"collection":[{"href":"https:\/\/www.nextbike.de\/marburg\/pl\/wp-json\/wp\/v2\/pages"}],"about":[{"href":"https:\/\/www.nextbike.de\/marburg\/pl\/wp-json\/wp\/v2\/types\/page"}],"author":[{"embeddable":true,"href":"https:\/\/www.nextbike.de\/marburg\/pl\/wp-json\/wp\/v2\/users\/14"}],"replies":[{"embeddable":true,"href":"https:\/\/www.nextbike.de\/marburg\/pl\/wp-json\/wp\/v2\/comments?post=252"}],"version-history":[{"count":4,"href":"https:\/\/www.nextbike.de\/marburg\/pl\/wp-json\/wp\/v2\/pages\/252\/revisions"}],"predecessor-version":[{"id":502,"href":"https:\/\/www.nextbike.de\/marburg\/pl\/wp-json\/wp\/v2\/pages\/252\/revisions\/502"}],"wp:attachment":[{"href":"https:\/\/www.nextbike.de\/marburg\/pl\/wp-json\/wp\/v2\/media?parent=252"}],"curies":[{"name":"wp","href":"https:\/\/api.w.org\/{rel}","templated":true}]}}