{"id":237,"date":"2022-11-14T16:56:03","date_gmt":"2022-11-14T15:56:03","guid":{"rendered":"https:\/\/nextbike-live.pluspol-networks.de\/marburg\/widerrufsbelehrung\/"},"modified":"2024-08-26T11:16:33","modified_gmt":"2024-08-26T09:16:33","slug":"odstapienia-od-umowy","status":"publish","type":"page","link":"https:\/\/www.nextbike.de\/marburg\/pl\/odstapienia-od-umowy\/","title":{"rendered":"Odst\u0105pienia od umowy"},"content":{"rendered":"<div class=\"wpb-content-wrapper\"><p>[vc_row][vc_column][vc_column_text]<h1>Instrukcje dotycz\u0105ce prawa do odst\u0105pienia od umowy<\/h1>\n<p>Prawo do odst\u0105pienia od umowy ma zastosowanie wy\u0142\u0105cznie do zakupionych subskrypcji, ale nie do wynajm\u00f3w w taryfie podstawowej.<\/p>\n<p><strong>Prawo do odst\u0105pienia od umowy<\/strong><br \/>\nU\u017cytkownik ma prawo odst\u0105pi\u0107 od niniejszej umowy w terminie 14 dni bez podania przyczyny. Termin do odst\u0105pienia od umowy wygasa po up\u0142ywie 14 dni od dnia zawarcia umowy. Aby skorzysta\u0107 z prawa do odst\u0105pienia od umowy, nale\u017cy poinformowa\u0107 (<span data-sheets-root=\"1\" data-sheets-value=\"{&quot;1&quot;:2,&quot;2&quot;:&quot;Ju keni t\u00eb drejt\u00eb t\u00eb t\u00ebrhiqeni nga kjo kontrat\u00eb brenda 14 dit\u00ebve pa dh\u00ebn\u00eb asnj\u00eb arsye. Afati i t\u00ebrheqjes p\u00ebrfundon pas 14 dit\u00ebsh nga dita e lidhjes s\u00eb kontrat\u00ebs. P\u00ebr t\u00eb ushtruar t\u00eb drejt\u00ebn e t\u00ebrheqjes duhet t\u00eb informoni (#ADRESA# ) t\u00eb vendimit tuaj p\u00ebr t'u t\u00ebrhequr nga kjo kontrat\u00eb me nj\u00eb deklarat\u00eb t\u00eb qart\u00eb (p.sh. nj\u00eb let\u00ebr e d\u00ebrguar me post\u00eb, faks ose e-mail Ju mund t\u00eb p\u00ebrdorni formularin e t\u00ebrheqjes s\u00eb bashkangjitur, por nuk \u00ebsht\u00eb i detyruesh\u00ebm).\\n\\nP\u00ebr t\u00eb p\u00ebrmbushur afatin e t\u00ebrheqjes, mjafton q\u00eb ju t\u00eb d\u00ebrgoni komunikimin tuaj n\u00eb lidhje me ushtrimin e t\u00eb drejt\u00ebs s\u00eb t\u00ebrheqjes p\u00ebrpara se t\u00eb skadoj\u00eb periudha e t\u00ebrheqjes.&quot;}\" data-sheets-userformat=\"{&quot;2&quot;:14593,&quot;3&quot;:{&quot;1&quot;:0,&quot;3&quot;:1},&quot;11&quot;:4,&quot;14&quot;:{&quot;1&quot;:2,&quot;2&quot;:0},&quot;15&quot;:&quot;Arial&quot;,&quot;16&quot;:10}\">nextbike, Karl-Heine-Stra\u00dfe 46, 04229 Leipzig<\/span>, 04229 Leipzig) o swojej decyzji o odst\u0105pieniu od niniejszej umowy w drodze jednoznacznego o\u015bwiadczenia (np. pismo wys\u0142ane poczt\u0105, faksem lub poczt\u0105 elektroniczn\u0105). Mo\u017cna skorzysta\u0107 z za\u0142\u0105czonego wzoru formularza odst\u0105pienia od umowy, jednak nie jest to obowi\u0105zkowe.<\/p>\n<p>Aby zachowa\u0107 termin do odst\u0105pienia od umowy, wystarczy wys\u0142a\u0107 wiadomo\u015b\u0107 dotycz\u0105c\u0105 wykonania przys\u0142uguj\u0105cego u\u017cytkownikowi prawa odst\u0105pienia od umowy przed up\u0142ywem terminu do odst\u0105pienia od umowy.<\/p>\n<p><strong>Skutki odst\u0105pienia od umowy<\/strong><br \/>\nW przypadku odst\u0105pienia od niniejszej umowy zwracamy u\u017cytkownikowi wszystkie otrzymane od niego p\u0142atno\u015bci, w tym koszty dostawy (z wyj\u0105tkiem dodatkowych koszt\u00f3w wynikaj\u0105cych z wyboru przez u\u017cytkownika rodzaju dostawy innego ni\u017c najta\u0144szy oferowany przez nas rodzaj standardowej dostawy), bez zb\u0119dnej zw\u0142oki, a w ka\u017cdym przypadku nie p\u00f3\u017aniej ni\u017c 14 dni od dnia, w kt\u00f3rym zostali\u015bmy poinformowani o decyzji u\u017cytkownika o odst\u0105pieniu od niniejszej umowy. Zwrotu koszt\u00f3w dokonamy przy u\u017cyciu takich samych \u015brodk\u00f3w p\u0142atno\u015bci, jakie zosta\u0142y u\u017cyte przez u\u017cytkownika w pierwotnej transakcji, chyba \u017ce u\u017cytkownik wyra\u017anie zgodzi\u0142 si\u0119 na inne rozwi\u0105zanie; w ka\u017cdym przypadku u\u017cytkownik nie poniesie \u017cadnych op\u0142at w zwi\u0105zku z takim zwrotem koszt\u00f3w.<\/p>\n<p>Je\u015bli u\u017cytkownik zostanie poproszony o rozpocz\u0119cie \u015bwiadczenia us\u0142ug w okresie odst\u0105pienia od umowy, zap\u0142aci nam kwot\u0119 proporcjonaln\u0105 do tego, co zosta\u0142o \u015bwiadczone do momentu poinformowania nas o odst\u0105pieniu od niniejszej umowy, w por\u00f3wnaniu z pe\u0142nym zakresem umowy.<\/p>\n<a aria-label=\"Otwiera w nowej karcie\" href=\"https:\/\/www.nextbike.de\/marburg\/wp-content\/uploads\/2024\/08\/2024_04_09_Widerrufsbelehrung.pdf\" target=\"_blank\" class=\"ppi_withdrawal_download_link\"><strong>Pobierz tutaj formularz anulowania cz\u0142onkostwa<\/strong><\/a>[\/vc_column_text][\/vc_column][\/vc_row]<\/p>\n<\/div>","protected":false},"excerpt":{"rendered":"<p>[vc_row][vc_column][vc_column_text][\/vc_column_text][\/vc_column][\/vc_row]<\/p>\n","protected":false},"author":12,"featured_media":0,"parent":0,"menu_order":0,"comment_status":"closed","ping_status":"closed","template":"page-bubble.php","meta":{"_acf_changed":false,"inline_featured_image":false,"footnotes":""},"class_list":["post-237","page","type-page","status-publish","hentry"],"acf":[],"yoast_head":"<!-- This site is optimized with the Yoast SEO plugin v27.2 - https:\/\/yoast.com\/product\/yoast-seo-wordpress\/ -->\n<title>Odst\u0105pienia od umowy - Marburg International<\/title>\n<meta name=\"robots\" content=\"index, follow, max-snippet:-1, max-image-preview:large, max-video-preview:-1\" \/>\n<link rel=\"canonical\" href=\"https:\/\/www.nextbike.de\/marburg\/pl\/odstapienia-od-umowy\/\" \/>\n<meta property=\"og:locale\" content=\"pl_PL\" \/>\n<meta property=\"og:type\" content=\"article\" \/>\n<meta property=\"og:title\" content=\"Odst\u0105pienia od umowy - Marburg International\" \/>\n<meta property=\"og:description\" content=\"[vc_row][vc_column][vc_column_text][\/vc_column_text][\/vc_column][\/vc_row]\" \/>\n<meta property=\"og:url\" content=\"https:\/\/www.nextbike.de\/marburg\/pl\/odstapienia-od-umowy\/\" \/>\n<meta property=\"og:site_name\" content=\"Marburg International\" \/>\n<meta property=\"article:modified_time\" content=\"2024-08-26T09:16:33+00:00\" \/>\n<meta name=\"twitter:card\" content=\"summary_large_image\" \/>\n<script type=\"application\/ld+json\" class=\"yoast-schema-graph\">{\"@context\":\"https:\/\/schema.org\",\"@graph\":[{\"@type\":\"WebPage\",\"@id\":\"https:\/\/www.nextbike.de\/marburg\/pl\/odstapienia-od-umowy\/\",\"url\":\"https:\/\/www.nextbike.de\/marburg\/pl\/odstapienia-od-umowy\/\",\"name\":\"Odst\u0105pienia od umowy - Marburg International\",\"isPartOf\":{\"@id\":\"https:\/\/www.nextbike.de\/marburg\/pl\/#website\"},\"datePublished\":\"2022-11-14T15:56:03+00:00\",\"dateModified\":\"2024-08-26T09:16:33+00:00\",\"breadcrumb\":{\"@id\":\"https:\/\/www.nextbike.de\/marburg\/pl\/odstapienia-od-umowy\/#breadcrumb\"},\"inLanguage\":\"pl-PL\",\"potentialAction\":[{\"@type\":\"ReadAction\",\"target\":[\"https:\/\/www.nextbike.de\/marburg\/pl\/odstapienia-od-umowy\/\"]}]},{\"@type\":\"BreadcrumbList\",\"@id\":\"https:\/\/www.nextbike.de\/marburg\/pl\/odstapienia-od-umowy\/#breadcrumb\",\"itemListElement\":[{\"@type\":\"ListItem\",\"position\":1,\"name\":\"Startseite\",\"item\":\"https:\/\/www.nextbike.de\/marburg\/pl\/\"},{\"@type\":\"ListItem\",\"position\":2,\"name\":\"Odst\u0105pienia od umowy\"}]},{\"@type\":\"WebSite\",\"@id\":\"https:\/\/www.nextbike.de\/marburg\/pl\/#website\",\"url\":\"https:\/\/www.nextbike.de\/marburg\/pl\/\",\"name\":\"Marburg International\",\"description\":\"Jetzt App downloaden und das Angebot von nextbike by TIER in Marburg nutzen!\",\"potentialAction\":[{\"@type\":\"SearchAction\",\"target\":{\"@type\":\"EntryPoint\",\"urlTemplate\":\"https:\/\/www.nextbike.de\/marburg\/pl\/?s={search_term_string}\"},\"query-input\":{\"@type\":\"PropertyValueSpecification\",\"valueRequired\":true,\"valueName\":\"search_term_string\"}}],\"inLanguage\":\"pl-PL\"}]}<\/script>\n<!-- \/ Yoast SEO plugin. -->","yoast_head_json":{"title":"Odst\u0105pienia od umowy - Marburg International","robots":{"index":"index","follow":"follow","max-snippet":"max-snippet:-1","max-image-preview":"max-image-preview:large","max-video-preview":"max-video-preview:-1"},"canonical":"https:\/\/www.nextbike.de\/marburg\/pl\/odstapienia-od-umowy\/","og_locale":"pl_PL","og_type":"article","og_title":"Odst\u0105pienia od umowy - Marburg International","og_description":"[vc_row][vc_column][vc_column_text][\/vc_column_text][\/vc_column][\/vc_row]","og_url":"https:\/\/www.nextbike.de\/marburg\/pl\/odstapienia-od-umowy\/","og_site_name":"Marburg International","article_modified_time":"2024-08-26T09:16:33+00:00","twitter_card":"summary_large_image","schema":{"@context":"https:\/\/schema.org","@graph":[{"@type":"WebPage","@id":"https:\/\/www.nextbike.de\/marburg\/pl\/odstapienia-od-umowy\/","url":"https:\/\/www.nextbike.de\/marburg\/pl\/odstapienia-od-umowy\/","name":"Odst\u0105pienia od umowy - Marburg International","isPartOf":{"@id":"https:\/\/www.nextbike.de\/marburg\/pl\/#website"},"datePublished":"2022-11-14T15:56:03+00:00","dateModified":"2024-08-26T09:16:33+00:00","breadcrumb":{"@id":"https:\/\/www.nextbike.de\/marburg\/pl\/odstapienia-od-umowy\/#breadcrumb"},"inLanguage":"pl-PL","potentialAction":[{"@type":"ReadAction","target":["https:\/\/www.nextbike.de\/marburg\/pl\/odstapienia-od-umowy\/"]}]},{"@type":"BreadcrumbList","@id":"https:\/\/www.nextbike.de\/marburg\/pl\/odstapienia-od-umowy\/#breadcrumb","itemListElement":[{"@type":"ListItem","position":1,"name":"Startseite","item":"https:\/\/www.nextbike.de\/marburg\/pl\/"},{"@type":"ListItem","position":2,"name":"Odst\u0105pienia od umowy"}]},{"@type":"WebSite","@id":"https:\/\/www.nextbike.de\/marburg\/pl\/#website","url":"https:\/\/www.nextbike.de\/marburg\/pl\/","name":"Marburg International","description":"Jetzt App downloaden und das Angebot von nextbike by TIER in Marburg nutzen!","potentialAction":[{"@type":"SearchAction","target":{"@type":"EntryPoint","urlTemplate":"https:\/\/www.nextbike.de\/marburg\/pl\/?s={search_term_string}"},"query-input":{"@type":"PropertyValueSpecification","valueRequired":true,"valueName":"search_term_string"}}],"inLanguage":"pl-PL"}]}},"_links":{"self":[{"href":"https:\/\/www.nextbike.de\/marburg\/pl\/wp-json\/wp\/v2\/pages\/237","targetHints":{"allow":["GET"]}}],"collection":[{"href":"https:\/\/www.nextbike.de\/marburg\/pl\/wp-json\/wp\/v2\/pages"}],"about":[{"href":"https:\/\/www.nextbike.de\/marburg\/pl\/wp-json\/wp\/v2\/types\/page"}],"author":[{"embeddable":true,"href":"https:\/\/www.nextbike.de\/marburg\/pl\/wp-json\/wp\/v2\/users\/12"}],"replies":[{"embeddable":true,"href":"https:\/\/www.nextbike.de\/marburg\/pl\/wp-json\/wp\/v2\/comments?post=237"}],"version-history":[{"count":1,"href":"https:\/\/www.nextbike.de\/marburg\/pl\/wp-json\/wp\/v2\/pages\/237\/revisions"}],"predecessor-version":[{"id":417,"href":"https:\/\/www.nextbike.de\/marburg\/pl\/wp-json\/wp\/v2\/pages\/237\/revisions\/417"}],"wp:attachment":[{"href":"https:\/\/www.nextbike.de\/marburg\/pl\/wp-json\/wp\/v2\/media?parent=237"}],"curies":[{"name":"wp","href":"https:\/\/api.w.org\/{rel}","templated":true}]}}