{"id":254,"date":"2022-11-03T11:52:01","date_gmt":"2022-11-03T10:52:01","guid":{"rendered":"https:\/\/nextbike-live.pluspol-networks.de\/marburg\/partner\/"},"modified":"2024-09-17T10:16:17","modified_gmt":"2024-09-17T08:16:17","slug":"partenaires","status":"publish","type":"page","link":"https:\/\/www.nextbike.de\/marburg\/fr\/partenaires\/","title":{"rendered":"Partenaires"},"content":{"rendered":"<div class=\"wpb-content-wrapper\"><p>[vc_row][vc_column][vc_column_text css=\u00a0\u00bb\u00a0\u00bb]<\/p>\n<h1>Partenaires<\/h1>\n<p>[\/vc_column_text][\/vc_column][\/vc_row][vc_row][vc_column width=\u00a0\u00bb1\/2&Prime;][vc_column_text css=\u00a0\u00bb\u00a0\u00bb]<\/p>\n<h2>Universit\u00e4tsstadt Marburg<\/h2>\n<p>Les employ\u00e9s de l&rsquo;<em>Universit\u00e4tsstadt Marburg<\/em> b\u00e9n\u00e9ficient gratuitement des 60\u00a0premi\u00e8res minutes de location d&rsquo;un v\u00e9lo \u00e0 p\u00e9dales. Il suffit de s&rsquo;inscrire avec l&rsquo;e-mail de votre entreprise pour b\u00e9n\u00e9ficier des conditions sp\u00e9ciales. Apr\u00e8s les 60\u00a0premi\u00e8res minutes, le tarif de base s&rsquo;applique.<br \/>\nLes v\u00e9los cargo \u00e9lectriques ou v\u00e9los \u00e9lectriques sont exclus de la concession.[\/vc_column_text][\/vc_column][vc_column width=\u00a0\u00bb1\/2&Prime;][vc_single_image image=\u00a0\u00bb255&Prime; img_size=\u00a0\u00bbmedium\u00a0\u00bb alignment=\u00a0\u00bbcenter\u00a0\u00bb][\/vc_column][\/vc_row][vc_row][vc_column width=\u00a0\u00bb1\/2&Prime;][vc_column_text css=\u00a0\u00bb\u00a0\u00bb]<\/p>\n<h2>Services municipaux de Marburg<\/h2>\n<p>Les employ\u00e9s de <em>Stadtwerke Marburg<\/em>\u00a0b\u00e9n\u00e9ficient gratuitement des 60\u00a0premi\u00e8res minutes de location d&rsquo;un v\u00e9lo \u00e0 p\u00e9dales. Il suffit de s&rsquo;inscrire avec l&rsquo;e-mail de votre entreprise pour b\u00e9n\u00e9ficier des conditions sp\u00e9ciales. Apr\u00e8s les 60\u00a0premi\u00e8res minutes, le tarif de base s&rsquo;applique.<br \/>\nLes v\u00e9los cargo \u00e9lectriques ou v\u00e9los \u00e9lectriques sont exclus de la concession.[\/vc_column_text][\/vc_column][vc_column width=\u00a0\u00bb1\/2&Prime;][vc_single_image image=\u00a0\u00bb261&Prime; img_size=\u00a0\u00bbmedium\u00a0\u00bb alignment=\u00a0\u00bbcenter\u00a0\u00bb][\/vc_column][\/vc_row][vc_row][vc_column width=\u00a0\u00bb1\/2&Prime;][vc_column_text css=\u00a0\u00bb\u00a0\u00bb]<\/p>\n<h2>Universit\u00e9 de Marburg<\/h2>\n<p>Les \u00e9tudiants inscrits \u00e0 l&rsquo;Universit\u00e9 de Marburg b\u00e9n\u00e9ficient de la gratuit\u00e9 pendant les 60 premi\u00e8res minutes de chaque pr\u00eat. Tu trouveras plus d&rsquo;informations sur l&rsquo;inscription et les autres conditions <a href=\"https:\/\/nextbike-live.pluspol-networks.de\/marburg\/fr\/campusbike\/\">ici<\/a>.[\/vc_column_text][\/vc_column][vc_column width=\u00a0\u00bb1\/2&Prime;][vc_single_image image=\u00a0\u00bb260&Prime; img_size=\u00a0\u00bbmedium\u00a0\u00bb alignment=\u00a0\u00bbcenter\u00a0\u00bb][\/vc_column][\/vc_row]<\/p>\n<\/div>","protected":false},"excerpt":{"rendered":"<p>[vc_row][vc_column][vc_column_text css=\u00a0\u00bb\u00a0\u00bb] Partenaires [\/vc_column_text][\/vc_column][\/vc_row][vc_row][vc_column width=\u00a0\u00bb1\/2&Prime;][vc_column_text css=\u00a0\u00bb\u00a0\u00bb] Universit\u00e4tsstadt Marburg Les employ\u00e9s de l&rsquo;Universit\u00e4tsstadt Marburg b\u00e9n\u00e9ficient gratuitement des 60\u00a0premi\u00e8res minutes de location d&rsquo;un v\u00e9lo \u00e0 p\u00e9dales. Il suffit de s&rsquo;inscrire avec l&rsquo;e-mail de votre entreprise pour b\u00e9n\u00e9ficier des conditions sp\u00e9ciales. Apr\u00e8s les 60\u00a0premi\u00e8res minutes, le tarif de base s&rsquo;applique. Les v\u00e9los cargo \u00e9lectriques ou v\u00e9los \u00e9lectriques sont [&hellip;]<\/p>\n","protected":false},"author":14,"featured_media":0,"parent":0,"menu_order":0,"comment_status":"closed","ping_status":"closed","template":"page-bubble.php","meta":{"_acf_changed":false,"inline_featured_image":false,"footnotes":""},"class_list":["post-254","page","type-page","status-publish","hentry"],"acf":[],"yoast_head":"<!-- This site is optimized with the Yoast SEO plugin v27.2 - https:\/\/yoast.com\/product\/yoast-seo-wordpress\/ -->\n<title>Partenaires de nextbike Marburg<\/title>\n<meta name=\"robots\" content=\"index, follow, max-snippet:-1, max-image-preview:large, max-video-preview:-1\" \/>\n<link rel=\"canonical\" href=\"https:\/\/www.nextbike.de\/marburg\/fr\/partenaires\/\" \/>\n<meta property=\"og:locale\" content=\"fr_FR\" \/>\n<meta property=\"og:type\" content=\"article\" \/>\n<meta property=\"og:title\" content=\"Partenaires de nextbike Marburg\" \/>\n<meta property=\"og:description\" content=\"[vc_row][vc_column][vc_column_text css=\u00a0\u00bb\u00a0\u00bb] Partenaires [\/vc_column_text][\/vc_column][\/vc_row][vc_row][vc_column width=\u00a0\u00bb1\/2&Prime;][vc_column_text css=\u00a0\u00bb\u00a0\u00bb] Universit\u00e4tsstadt Marburg Les employ\u00e9s de l&rsquo;Universit\u00e4tsstadt Marburg b\u00e9n\u00e9ficient gratuitement des 60\u00a0premi\u00e8res minutes de location d&rsquo;un v\u00e9lo \u00e0 p\u00e9dales. Il suffit de s&rsquo;inscrire avec l&rsquo;e-mail de votre entreprise pour b\u00e9n\u00e9ficier des conditions sp\u00e9ciales. Apr\u00e8s les 60\u00a0premi\u00e8res minutes, le tarif de base s&rsquo;applique. Les v\u00e9los cargo \u00e9lectriques ou v\u00e9los \u00e9lectriques sont [&hellip;]\" \/>\n<meta property=\"og:url\" content=\"https:\/\/www.nextbike.de\/marburg\/fr\/partenaires\/\" \/>\n<meta property=\"og:site_name\" content=\"Marburg International\" \/>\n<meta property=\"article:modified_time\" content=\"2024-09-17T08:16:17+00:00\" \/>\n<meta name=\"twitter:card\" content=\"summary_large_image\" \/>\n<meta name=\"twitter:label1\" content=\"Dur\u00e9e de lecture estim\u00e9e\" \/>\n\t<meta name=\"twitter:data1\" content=\"1 minute\" \/>\n<script type=\"application\/ld+json\" class=\"yoast-schema-graph\">{\"@context\":\"https:\/\/schema.org\",\"@graph\":[{\"@type\":\"WebPage\",\"@id\":\"https:\/\/www.nextbike.de\/marburg\/fr\/partenaires\/\",\"url\":\"https:\/\/www.nextbike.de\/marburg\/fr\/partenaires\/\",\"name\":\"Partenaires de nextbike Marburg\",\"isPartOf\":{\"@id\":\"https:\/\/www.nextbike.de\/marburg\/fr\/#website\"},\"datePublished\":\"2022-11-03T10:52:01+00:00\",\"dateModified\":\"2024-09-17T08:16:17+00:00\",\"breadcrumb\":{\"@id\":\"https:\/\/www.nextbike.de\/marburg\/fr\/partenaires\/#breadcrumb\"},\"inLanguage\":\"fr-FR\",\"potentialAction\":[{\"@type\":\"ReadAction\",\"target\":[\"https:\/\/www.nextbike.de\/marburg\/fr\/partenaires\/\"]}]},{\"@type\":\"BreadcrumbList\",\"@id\":\"https:\/\/www.nextbike.de\/marburg\/fr\/partenaires\/#breadcrumb\",\"itemListElement\":[{\"@type\":\"ListItem\",\"position\":1,\"name\":\"Startseite\",\"item\":\"https:\/\/www.nextbike.de\/marburg\/fr\/\"},{\"@type\":\"ListItem\",\"position\":2,\"name\":\"Partenaires\"}]},{\"@type\":\"WebSite\",\"@id\":\"https:\/\/www.nextbike.de\/marburg\/fr\/#website\",\"url\":\"https:\/\/www.nextbike.de\/marburg\/fr\/\",\"name\":\"Marburg International\",\"description\":\"Jetzt App downloaden und das Angebot von nextbike by TIER in Marburg nutzen!\",\"potentialAction\":[{\"@type\":\"SearchAction\",\"target\":{\"@type\":\"EntryPoint\",\"urlTemplate\":\"https:\/\/www.nextbike.de\/marburg\/fr\/?s={search_term_string}\"},\"query-input\":{\"@type\":\"PropertyValueSpecification\",\"valueRequired\":true,\"valueName\":\"search_term_string\"}}],\"inLanguage\":\"fr-FR\"}]}<\/script>\n<!-- \/ Yoast SEO plugin. -->","yoast_head_json":{"title":"Partenaires de nextbike Marburg","robots":{"index":"index","follow":"follow","max-snippet":"max-snippet:-1","max-image-preview":"max-image-preview:large","max-video-preview":"max-video-preview:-1"},"canonical":"https:\/\/www.nextbike.de\/marburg\/fr\/partenaires\/","og_locale":"fr_FR","og_type":"article","og_title":"Partenaires de nextbike Marburg","og_description":"[vc_row][vc_column][vc_column_text css=\u00a0\u00bb\u00a0\u00bb] Partenaires [\/vc_column_text][\/vc_column][\/vc_row][vc_row][vc_column width=\u00a0\u00bb1\/2&Prime;][vc_column_text css=\u00a0\u00bb\u00a0\u00bb] Universit\u00e4tsstadt Marburg Les employ\u00e9s de l&rsquo;Universit\u00e4tsstadt Marburg b\u00e9n\u00e9ficient gratuitement des 60\u00a0premi\u00e8res minutes de location d&rsquo;un v\u00e9lo \u00e0 p\u00e9dales. Il suffit de s&rsquo;inscrire avec l&rsquo;e-mail de votre entreprise pour b\u00e9n\u00e9ficier des conditions sp\u00e9ciales. Apr\u00e8s les 60\u00a0premi\u00e8res minutes, le tarif de base s&rsquo;applique. Les v\u00e9los cargo \u00e9lectriques ou v\u00e9los \u00e9lectriques sont [&hellip;]","og_url":"https:\/\/www.nextbike.de\/marburg\/fr\/partenaires\/","og_site_name":"Marburg International","article_modified_time":"2024-09-17T08:16:17+00:00","twitter_card":"summary_large_image","twitter_misc":{"Dur\u00e9e de lecture estim\u00e9e":"1 minute"},"schema":{"@context":"https:\/\/schema.org","@graph":[{"@type":"WebPage","@id":"https:\/\/www.nextbike.de\/marburg\/fr\/partenaires\/","url":"https:\/\/www.nextbike.de\/marburg\/fr\/partenaires\/","name":"Partenaires de nextbike Marburg","isPartOf":{"@id":"https:\/\/www.nextbike.de\/marburg\/fr\/#website"},"datePublished":"2022-11-03T10:52:01+00:00","dateModified":"2024-09-17T08:16:17+00:00","breadcrumb":{"@id":"https:\/\/www.nextbike.de\/marburg\/fr\/partenaires\/#breadcrumb"},"inLanguage":"fr-FR","potentialAction":[{"@type":"ReadAction","target":["https:\/\/www.nextbike.de\/marburg\/fr\/partenaires\/"]}]},{"@type":"BreadcrumbList","@id":"https:\/\/www.nextbike.de\/marburg\/fr\/partenaires\/#breadcrumb","itemListElement":[{"@type":"ListItem","position":1,"name":"Startseite","item":"https:\/\/www.nextbike.de\/marburg\/fr\/"},{"@type":"ListItem","position":2,"name":"Partenaires"}]},{"@type":"WebSite","@id":"https:\/\/www.nextbike.de\/marburg\/fr\/#website","url":"https:\/\/www.nextbike.de\/marburg\/fr\/","name":"Marburg International","description":"Jetzt App downloaden und das Angebot von nextbike by TIER in Marburg nutzen!","potentialAction":[{"@type":"SearchAction","target":{"@type":"EntryPoint","urlTemplate":"https:\/\/www.nextbike.de\/marburg\/fr\/?s={search_term_string}"},"query-input":{"@type":"PropertyValueSpecification","valueRequired":true,"valueName":"search_term_string"}}],"inLanguage":"fr-FR"}]}},"_links":{"self":[{"href":"https:\/\/www.nextbike.de\/marburg\/fr\/wp-json\/wp\/v2\/pages\/254","targetHints":{"allow":["GET"]}}],"collection":[{"href":"https:\/\/www.nextbike.de\/marburg\/fr\/wp-json\/wp\/v2\/pages"}],"about":[{"href":"https:\/\/www.nextbike.de\/marburg\/fr\/wp-json\/wp\/v2\/types\/page"}],"author":[{"embeddable":true,"href":"https:\/\/www.nextbike.de\/marburg\/fr\/wp-json\/wp\/v2\/users\/14"}],"replies":[{"embeddable":true,"href":"https:\/\/www.nextbike.de\/marburg\/fr\/wp-json\/wp\/v2\/comments?post=254"}],"version-history":[{"count":7,"href":"https:\/\/www.nextbike.de\/marburg\/fr\/wp-json\/wp\/v2\/pages\/254\/revisions"}],"predecessor-version":[{"id":422,"href":"https:\/\/www.nextbike.de\/marburg\/fr\/wp-json\/wp\/v2\/pages\/254\/revisions\/422"}],"wp:attachment":[{"href":"https:\/\/www.nextbike.de\/marburg\/fr\/wp-json\/wp\/v2\/media?parent=254"}],"curies":[{"name":"wp","href":"https:\/\/api.w.org\/{rel}","templated":true}]}}