{"id":251,"date":"2022-11-03T13:24:41","date_gmt":"2022-11-03T12:24:41","guid":{"rendered":"https:\/\/nextbike-live.pluspol-networks.de\/marburg\/campusbike\/"},"modified":"2024-10-07T14:30:07","modified_gmt":"2024-10-07T12:30:07","slug":"campusbike","status":"publish","type":"page","link":"https:\/\/www.nextbike.de\/marburg\/fr\/campusbike\/","title":{"rendered":"CAMPUSbike"},"content":{"rendered":"<div class=\"wpb-content-wrapper\"><p>[vc_row][vc_column][vc_column_text css=\u00a0\u00bb\u00a0\u00bb]<\/p>\n<h2>Les \u00e9tudiants de l&rsquo;Universit\u00e4t Marburg roulent moins cher\u00a0!<\/h2>\n<div class=\"\"><\/div>\n<div class=\" \">\n<div class=\"row\">\n<div class=\"col-xs-12\"><\/div>\n<\/div>\n<\/div>\n<p>[\/vc_column_text][\/vc_column][\/vc_row][vc_row ppi_row_padding=\u00a0\u00bbppi_remove_padding_bottom\u00a0\u00bb][vc_column][vc_column_text css=\u00a0\u00bb\u00a0\u00bb]<\/p>\n<h4>Inscription<\/h4>\n<p>Inscrivez-vous via l&rsquo;application ou le site Web avec l&rsquo;adresse e-mail de votre universit\u00e9 (@students.uni-marburg.de). Nous vous enverrons ensuite un e-mail contenant un lien de confirmation. Il s&rsquo;activera automatiquement apr\u00e8s v\u00e9rification.<\/p>\n<p>Vous avez d\u00e9j\u00e0 un compte mais vous n&rsquo;avez pas indiqu\u00e9 l&rsquo;adresse e-mail de votre universit\u00e9\u00a0? Connectez-vous via le site Web, entrez votre nouvelle adresse e-mail et choisissez votre universit\u00e9 comme partenaire. Vous pouvez \u00e9galement contacter notre service client\u00e8le au <a href=\"tel:+493069205046\">+49 (0)30-69205046<\/a>.[\/vc_column_text][\/vc_column][\/vc_row][vc_row ppi_row_padding=\u00a0\u00bbppi_remove_padding_top\u00a0\u00bb][vc_column][vc_column_text css=\u00a0\u00bb\u00a0\u00bb]<\/p>\n<h4>Conditions<\/h4>\n<p>Pour chaque location de v\u00e9lo, les 60 premi\u00e8res minutes sont gratuites dans toute l&rsquo;Allemagne*. Au-del\u00e0 de 60 minutes, tu devras payer 1 \u20ac pour chaque tranche de 30 minutes suppl\u00e9mentaires. Le tarif maximum pour une journ\u00e9e est de 5,00 \u20ac. Le tarif de base pour les e-cargobikes \u00e0 Marburg est r\u00e9duit de 50% et s&rsquo;\u00e9l\u00e8ve \u00e0 0,50 \u20ac \/ 30 min pour les \u00e9tudiants (max. 20 \u20ac \/ 24 h)**. Une fois l&#8217;emprunt termin\u00e9, tu peux emprunter \u00e0 nouveau un v\u00e9lo \u00e0 des conditions pr\u00e9f\u00e9rentielles apr\u00e8s 15 minutes d&rsquo;interruption. Il est possible d&#8217;emprunter jusqu&rsquo;\u00e0 trois v\u00e9los en m\u00eame temps sur un compte. Les conditions sp\u00e9ciales s&rsquo;appliquent aux trois.[\/vc_column_text][vc_column_text css=\u00a0\u00bb\u00a0\u00bb]<span style=\"font-size: 12px;\">*\u00c0 l&rsquo;exception de WK-Bike Bremen, VAG_Rad Nuremberg, StadtRad Greifswald, Usedomrad, OLi-Bike Oldenburg et MVG Rad Munich.<\/span><\/p>\n<p><span style=\"font-size: 12px;\">**Les E-bikes et les (e-)cargobikes dans d&rsquo;autres villes sont exclus de la r\u00e9duction.<br \/>\n<\/span>[\/vc_column_text][\/vc_column][\/vc_row]<\/p>\n<\/div>","protected":false},"excerpt":{"rendered":"<p>[vc_row][vc_column][vc_column_text css=\u00a0\u00bb\u00a0\u00bb] Les \u00e9tudiants de l&rsquo;Universit\u00e4t Marburg roulent moins cher\u00a0! [\/vc_column_text][\/vc_column][\/vc_row][vc_row ppi_row_padding=\u00a0\u00bbppi_remove_padding_bottom\u00a0\u00bb][vc_column][vc_column_text css=\u00a0\u00bb\u00a0\u00bb] Inscription Inscrivez-vous via l&rsquo;application ou le site Web avec l&rsquo;adresse e-mail de votre universit\u00e9 (@students.uni-marburg.de). Nous vous enverrons ensuite un e-mail contenant un lien de confirmation. Il s&rsquo;activera automatiquement apr\u00e8s v\u00e9rification. Vous avez d\u00e9j\u00e0 un compte mais vous n&rsquo;avez pas indiqu\u00e9 l&rsquo;adresse [&hellip;]<\/p>\n","protected":false},"author":14,"featured_media":0,"parent":0,"menu_order":0,"comment_status":"closed","ping_status":"closed","template":"page-bubble.php","meta":{"_acf_changed":false,"inline_featured_image":false,"footnotes":""},"class_list":["post-251","page","type-page","status-publish","hentry"],"acf":[],"yoast_head":"<!-- This site is optimized with the Yoast SEO plugin v27.2 - https:\/\/yoast.com\/product\/yoast-seo-wordpress\/ -->\n<title>CAMPUSbike Marburg<\/title>\n<meta name=\"robots\" content=\"index, follow, max-snippet:-1, max-image-preview:large, max-video-preview:-1\" \/>\n<link rel=\"canonical\" href=\"https:\/\/www.nextbike.de\/marburg\/fr\/campusbike\/\" \/>\n<meta property=\"og:locale\" content=\"fr_FR\" \/>\n<meta property=\"og:type\" content=\"article\" \/>\n<meta property=\"og:title\" content=\"CAMPUSbike Marburg\" \/>\n<meta property=\"og:description\" content=\"[vc_row][vc_column][vc_column_text css=\u00a0\u00bb\u00a0\u00bb] Les \u00e9tudiants de l&rsquo;Universit\u00e4t Marburg roulent moins cher\u00a0! [\/vc_column_text][\/vc_column][\/vc_row][vc_row ppi_row_padding=\u00a0\u00bbppi_remove_padding_bottom\u00a0\u00bb][vc_column][vc_column_text css=\u00a0\u00bb\u00a0\u00bb] Inscription Inscrivez-vous via l&rsquo;application ou le site Web avec l&rsquo;adresse e-mail de votre universit\u00e9 (@students.uni-marburg.de). Nous vous enverrons ensuite un e-mail contenant un lien de confirmation. Il s&rsquo;activera automatiquement apr\u00e8s v\u00e9rification. Vous avez d\u00e9j\u00e0 un compte mais vous n&rsquo;avez pas indiqu\u00e9 l&rsquo;adresse [&hellip;]\" \/>\n<meta property=\"og:url\" content=\"https:\/\/www.nextbike.de\/marburg\/fr\/campusbike\/\" \/>\n<meta property=\"og:site_name\" content=\"Marburg International\" \/>\n<meta property=\"article:modified_time\" content=\"2024-10-07T12:30:07+00:00\" \/>\n<meta name=\"twitter:card\" content=\"summary_large_image\" \/>\n<meta name=\"twitter:label1\" content=\"Dur\u00e9e de lecture estim\u00e9e\" \/>\n\t<meta name=\"twitter:data1\" content=\"1 minute\" \/>\n<script type=\"application\/ld+json\" class=\"yoast-schema-graph\">{\"@context\":\"https:\/\/schema.org\",\"@graph\":[{\"@type\":\"WebPage\",\"@id\":\"https:\/\/www.nextbike.de\/marburg\/fr\/campusbike\/\",\"url\":\"https:\/\/www.nextbike.de\/marburg\/fr\/campusbike\/\",\"name\":\"CAMPUSbike Marburg\",\"isPartOf\":{\"@id\":\"https:\/\/www.nextbike.de\/marburg\/fr\/#website\"},\"datePublished\":\"2022-11-03T12:24:41+00:00\",\"dateModified\":\"2024-10-07T12:30:07+00:00\",\"breadcrumb\":{\"@id\":\"https:\/\/www.nextbike.de\/marburg\/fr\/campusbike\/#breadcrumb\"},\"inLanguage\":\"fr-FR\",\"potentialAction\":[{\"@type\":\"ReadAction\",\"target\":[\"https:\/\/www.nextbike.de\/marburg\/fr\/campusbike\/\"]}]},{\"@type\":\"BreadcrumbList\",\"@id\":\"https:\/\/www.nextbike.de\/marburg\/fr\/campusbike\/#breadcrumb\",\"itemListElement\":[{\"@type\":\"ListItem\",\"position\":1,\"name\":\"Startseite\",\"item\":\"https:\/\/www.nextbike.de\/marburg\/fr\/\"},{\"@type\":\"ListItem\",\"position\":2,\"name\":\"CAMPUSbike\"}]},{\"@type\":\"WebSite\",\"@id\":\"https:\/\/www.nextbike.de\/marburg\/fr\/#website\",\"url\":\"https:\/\/www.nextbike.de\/marburg\/fr\/\",\"name\":\"Marburg International\",\"description\":\"Jetzt App downloaden und das Angebot von nextbike by TIER in Marburg nutzen!\",\"potentialAction\":[{\"@type\":\"SearchAction\",\"target\":{\"@type\":\"EntryPoint\",\"urlTemplate\":\"https:\/\/www.nextbike.de\/marburg\/fr\/?s={search_term_string}\"},\"query-input\":{\"@type\":\"PropertyValueSpecification\",\"valueRequired\":true,\"valueName\":\"search_term_string\"}}],\"inLanguage\":\"fr-FR\"}]}<\/script>\n<!-- \/ Yoast SEO plugin. -->","yoast_head_json":{"title":"CAMPUSbike Marburg","robots":{"index":"index","follow":"follow","max-snippet":"max-snippet:-1","max-image-preview":"max-image-preview:large","max-video-preview":"max-video-preview:-1"},"canonical":"https:\/\/www.nextbike.de\/marburg\/fr\/campusbike\/","og_locale":"fr_FR","og_type":"article","og_title":"CAMPUSbike Marburg","og_description":"[vc_row][vc_column][vc_column_text css=\u00a0\u00bb\u00a0\u00bb] Les \u00e9tudiants de l&rsquo;Universit\u00e4t Marburg roulent moins cher\u00a0! [\/vc_column_text][\/vc_column][\/vc_row][vc_row ppi_row_padding=\u00a0\u00bbppi_remove_padding_bottom\u00a0\u00bb][vc_column][vc_column_text css=\u00a0\u00bb\u00a0\u00bb] Inscription Inscrivez-vous via l&rsquo;application ou le site Web avec l&rsquo;adresse e-mail de votre universit\u00e9 (@students.uni-marburg.de). Nous vous enverrons ensuite un e-mail contenant un lien de confirmation. Il s&rsquo;activera automatiquement apr\u00e8s v\u00e9rification. Vous avez d\u00e9j\u00e0 un compte mais vous n&rsquo;avez pas indiqu\u00e9 l&rsquo;adresse [&hellip;]","og_url":"https:\/\/www.nextbike.de\/marburg\/fr\/campusbike\/","og_site_name":"Marburg International","article_modified_time":"2024-10-07T12:30:07+00:00","twitter_card":"summary_large_image","twitter_misc":{"Dur\u00e9e de lecture estim\u00e9e":"1 minute"},"schema":{"@context":"https:\/\/schema.org","@graph":[{"@type":"WebPage","@id":"https:\/\/www.nextbike.de\/marburg\/fr\/campusbike\/","url":"https:\/\/www.nextbike.de\/marburg\/fr\/campusbike\/","name":"CAMPUSbike Marburg","isPartOf":{"@id":"https:\/\/www.nextbike.de\/marburg\/fr\/#website"},"datePublished":"2022-11-03T12:24:41+00:00","dateModified":"2024-10-07T12:30:07+00:00","breadcrumb":{"@id":"https:\/\/www.nextbike.de\/marburg\/fr\/campusbike\/#breadcrumb"},"inLanguage":"fr-FR","potentialAction":[{"@type":"ReadAction","target":["https:\/\/www.nextbike.de\/marburg\/fr\/campusbike\/"]}]},{"@type":"BreadcrumbList","@id":"https:\/\/www.nextbike.de\/marburg\/fr\/campusbike\/#breadcrumb","itemListElement":[{"@type":"ListItem","position":1,"name":"Startseite","item":"https:\/\/www.nextbike.de\/marburg\/fr\/"},{"@type":"ListItem","position":2,"name":"CAMPUSbike"}]},{"@type":"WebSite","@id":"https:\/\/www.nextbike.de\/marburg\/fr\/#website","url":"https:\/\/www.nextbike.de\/marburg\/fr\/","name":"Marburg International","description":"Jetzt App downloaden und das Angebot von nextbike by TIER in Marburg nutzen!","potentialAction":[{"@type":"SearchAction","target":{"@type":"EntryPoint","urlTemplate":"https:\/\/www.nextbike.de\/marburg\/fr\/?s={search_term_string}"},"query-input":{"@type":"PropertyValueSpecification","valueRequired":true,"valueName":"search_term_string"}}],"inLanguage":"fr-FR"}]}},"_links":{"self":[{"href":"https:\/\/www.nextbike.de\/marburg\/fr\/wp-json\/wp\/v2\/pages\/251","targetHints":{"allow":["GET"]}}],"collection":[{"href":"https:\/\/www.nextbike.de\/marburg\/fr\/wp-json\/wp\/v2\/pages"}],"about":[{"href":"https:\/\/www.nextbike.de\/marburg\/fr\/wp-json\/wp\/v2\/types\/page"}],"author":[{"embeddable":true,"href":"https:\/\/www.nextbike.de\/marburg\/fr\/wp-json\/wp\/v2\/users\/14"}],"replies":[{"embeddable":true,"href":"https:\/\/www.nextbike.de\/marburg\/fr\/wp-json\/wp\/v2\/comments?post=251"}],"version-history":[{"count":4,"href":"https:\/\/www.nextbike.de\/marburg\/fr\/wp-json\/wp\/v2\/pages\/251\/revisions"}],"predecessor-version":[{"id":501,"href":"https:\/\/www.nextbike.de\/marburg\/fr\/wp-json\/wp\/v2\/pages\/251\/revisions\/501"}],"wp:attachment":[{"href":"https:\/\/www.nextbike.de\/marburg\/fr\/wp-json\/wp\/v2\/media?parent=251"}],"curies":[{"name":"wp","href":"https:\/\/api.w.org\/{rel}","templated":true}]}}