{"id":295,"date":"2022-08-11T12:13:47","date_gmt":"2022-08-11T10:13:47","guid":{"rendered":"https:\/\/nextbike-live.pluspol-networks.de\/marburg\/impressum\/"},"modified":"2024-08-26T11:25:06","modified_gmt":"2024-08-26T09:25:06","slug":"imprimir","status":"publish","type":"page","link":"https:\/\/www.nextbike.de\/marburg\/es\/imprimir\/","title":{"rendered":"Imprimir"},"content":{"rendered":"<div class=\"wpb-content-wrapper\"><p>[vc_row][vc_column][vc_column_text]<h1>Pie de imprenta<\/h1>\n<p>nextbike <span data-sheets-root=\"1\">GmbH<\/span><br \/>\n<span data-sheets-root=\"1\">Karl-Heine-Stra\u00dfe 46,<br \/>\n04229 Leipzig<\/span>, Alemania<\/p>\n<p><strong>Directores generales:<br \/>\n<\/strong>Meik Bruhs, Sebastian Popp<\/p>\n<p><strong>Contacto:<br \/>\n<\/strong>Tel\u00e9fono: +49 (0) 341 3089889-0<br \/>\nFax: +49 (0) 341 3089889-13<br \/>\nCorreo electr\u00f3nico: <strong><a href=\"mailto:info@nextbike.de\">info@nextbike.de<\/a><\/strong><\/p>\n<p><strong>Inscripci\u00f3n en el registro:<br \/>\n<\/strong>Inscripci\u00f3n en el registro mercantil.<br \/>\nTribunal del registro: Juzgado municipal de Leipzig<br \/>\nN\u00famero de registro: HRB 43001<\/p>\n<p>N\u00famero de identificaci\u00f3n fiscal: UST-ID: DE367371374<\/p>\n<p>&nbsp;<\/p>\n<p>Resoluci\u00f3n de litigios en l\u00ednea de conformidad con el art\u00edculo 14, apartado 1 de la ODR-VO: La Comisi\u00f3n Europea ofrece una plataforma para la resoluci\u00f3n de litigios en l\u00ednea (OS). Puede encontrarla en <strong><a href=\"http:\/\/ec.europa.eu\/consumers\/odr\/\">http:\/\/ec.europa.eu\/consumers\/odr\/<\/a>.<\/strong><\/p>\n[\/vc_column_text][\/vc_column][\/vc_row]<\/p>\n<\/div>","protected":false},"excerpt":{"rendered":"<p>[vc_row][vc_column][vc_column_text][\/vc_column_text][\/vc_column][\/vc_row]<\/p>\n","protected":false},"author":5,"featured_media":0,"parent":0,"menu_order":0,"comment_status":"closed","ping_status":"closed","template":"page-bubble.php","meta":{"_acf_changed":false,"inline_featured_image":false,"footnotes":""},"class_list":["post-295","page","type-page","status-publish","hentry"],"acf":[],"yoast_head":"<!-- This site is optimized with the Yoast SEO plugin v27.2 - https:\/\/yoast.com\/product\/yoast-seo-wordpress\/ -->\n<title>Imprimir - Marburg International<\/title>\n<meta name=\"robots\" content=\"index, follow, max-snippet:-1, max-image-preview:large, max-video-preview:-1\" \/>\n<link rel=\"canonical\" href=\"https:\/\/www.nextbike.de\/marburg\/es\/imprimir\/\" \/>\n<meta property=\"og:locale\" content=\"es_ES\" \/>\n<meta property=\"og:type\" content=\"article\" \/>\n<meta property=\"og:title\" content=\"Imprimir - Marburg International\" \/>\n<meta property=\"og:description\" content=\"[vc_row][vc_column][vc_column_text][\/vc_column_text][\/vc_column][\/vc_row]\" \/>\n<meta property=\"og:url\" content=\"https:\/\/www.nextbike.de\/marburg\/es\/imprimir\/\" \/>\n<meta property=\"og:site_name\" content=\"Marburg International\" \/>\n<meta property=\"article:modified_time\" content=\"2024-08-26T09:25:06+00:00\" \/>\n<meta name=\"twitter:card\" content=\"summary_large_image\" \/>\n<script type=\"application\/ld+json\" class=\"yoast-schema-graph\">{\"@context\":\"https:\/\/schema.org\",\"@graph\":[{\"@type\":\"WebPage\",\"@id\":\"https:\/\/www.nextbike.de\/marburg\/es\/imprimir\/\",\"url\":\"https:\/\/www.nextbike.de\/marburg\/es\/imprimir\/\",\"name\":\"Imprimir - Marburg International\",\"isPartOf\":{\"@id\":\"https:\/\/www.nextbike.de\/marburg\/es\/#website\"},\"datePublished\":\"2022-08-11T10:13:47+00:00\",\"dateModified\":\"2024-08-26T09:25:06+00:00\",\"breadcrumb\":{\"@id\":\"https:\/\/www.nextbike.de\/marburg\/es\/imprimir\/#breadcrumb\"},\"inLanguage\":\"es\",\"potentialAction\":[{\"@type\":\"ReadAction\",\"target\":[\"https:\/\/www.nextbike.de\/marburg\/es\/imprimir\/\"]}]},{\"@type\":\"BreadcrumbList\",\"@id\":\"https:\/\/www.nextbike.de\/marburg\/es\/imprimir\/#breadcrumb\",\"itemListElement\":[{\"@type\":\"ListItem\",\"position\":1,\"name\":\"Startseite\",\"item\":\"https:\/\/www.nextbike.de\/marburg\/es\/\"},{\"@type\":\"ListItem\",\"position\":2,\"name\":\"Imprimir\"}]},{\"@type\":\"WebSite\",\"@id\":\"https:\/\/www.nextbike.de\/marburg\/es\/#website\",\"url\":\"https:\/\/www.nextbike.de\/marburg\/es\/\",\"name\":\"Marburg International\",\"description\":\"Jetzt App downloaden und das Angebot von nextbike by TIER in Marburg nutzen!\",\"potentialAction\":[{\"@type\":\"SearchAction\",\"target\":{\"@type\":\"EntryPoint\",\"urlTemplate\":\"https:\/\/www.nextbike.de\/marburg\/es\/?s={search_term_string}\"},\"query-input\":{\"@type\":\"PropertyValueSpecification\",\"valueRequired\":true,\"valueName\":\"search_term_string\"}}],\"inLanguage\":\"es\"}]}<\/script>\n<!-- \/ Yoast SEO plugin. -->","yoast_head_json":{"title":"Imprimir - Marburg International","robots":{"index":"index","follow":"follow","max-snippet":"max-snippet:-1","max-image-preview":"max-image-preview:large","max-video-preview":"max-video-preview:-1"},"canonical":"https:\/\/www.nextbike.de\/marburg\/es\/imprimir\/","og_locale":"es_ES","og_type":"article","og_title":"Imprimir - Marburg International","og_description":"[vc_row][vc_column][vc_column_text][\/vc_column_text][\/vc_column][\/vc_row]","og_url":"https:\/\/www.nextbike.de\/marburg\/es\/imprimir\/","og_site_name":"Marburg International","article_modified_time":"2024-08-26T09:25:06+00:00","twitter_card":"summary_large_image","schema":{"@context":"https:\/\/schema.org","@graph":[{"@type":"WebPage","@id":"https:\/\/www.nextbike.de\/marburg\/es\/imprimir\/","url":"https:\/\/www.nextbike.de\/marburg\/es\/imprimir\/","name":"Imprimir - Marburg International","isPartOf":{"@id":"https:\/\/www.nextbike.de\/marburg\/es\/#website"},"datePublished":"2022-08-11T10:13:47+00:00","dateModified":"2024-08-26T09:25:06+00:00","breadcrumb":{"@id":"https:\/\/www.nextbike.de\/marburg\/es\/imprimir\/#breadcrumb"},"inLanguage":"es","potentialAction":[{"@type":"ReadAction","target":["https:\/\/www.nextbike.de\/marburg\/es\/imprimir\/"]}]},{"@type":"BreadcrumbList","@id":"https:\/\/www.nextbike.de\/marburg\/es\/imprimir\/#breadcrumb","itemListElement":[{"@type":"ListItem","position":1,"name":"Startseite","item":"https:\/\/www.nextbike.de\/marburg\/es\/"},{"@type":"ListItem","position":2,"name":"Imprimir"}]},{"@type":"WebSite","@id":"https:\/\/www.nextbike.de\/marburg\/es\/#website","url":"https:\/\/www.nextbike.de\/marburg\/es\/","name":"Marburg International","description":"Jetzt App downloaden und das Angebot von nextbike by TIER in Marburg nutzen!","potentialAction":[{"@type":"SearchAction","target":{"@type":"EntryPoint","urlTemplate":"https:\/\/www.nextbike.de\/marburg\/es\/?s={search_term_string}"},"query-input":{"@type":"PropertyValueSpecification","valueRequired":true,"valueName":"search_term_string"}}],"inLanguage":"es"}]}},"_links":{"self":[{"href":"https:\/\/www.nextbike.de\/marburg\/es\/wp-json\/wp\/v2\/pages\/295","targetHints":{"allow":["GET"]}}],"collection":[{"href":"https:\/\/www.nextbike.de\/marburg\/es\/wp-json\/wp\/v2\/pages"}],"about":[{"href":"https:\/\/www.nextbike.de\/marburg\/es\/wp-json\/wp\/v2\/types\/page"}],"author":[{"embeddable":true,"href":"https:\/\/www.nextbike.de\/marburg\/es\/wp-json\/wp\/v2\/users\/5"}],"replies":[{"embeddable":true,"href":"https:\/\/www.nextbike.de\/marburg\/es\/wp-json\/wp\/v2\/comments?post=295"}],"version-history":[{"count":1,"href":"https:\/\/www.nextbike.de\/marburg\/es\/wp-json\/wp\/v2\/pages\/295\/revisions"}],"predecessor-version":[{"id":428,"href":"https:\/\/www.nextbike.de\/marburg\/es\/wp-json\/wp\/v2\/pages\/295\/revisions\/428"}],"wp:attachment":[{"href":"https:\/\/www.nextbike.de\/marburg\/es\/wp-json\/wp\/v2\/media?parent=295"}],"curies":[{"name":"wp","href":"https:\/\/api.w.org\/{rel}","templated":true}]}}