{"id":292,"date":"2022-08-11T12:14:05","date_gmt":"2022-08-11T10:14:05","guid":{"rendered":"https:\/\/nextbike-live.pluspol-networks.de\/marburg\/datenschutz\/"},"modified":"2024-08-26T11:23:28","modified_gmt":"2024-08-26T09:23:28","slug":"proteccion-de-datos","status":"publish","type":"page","link":"https:\/\/www.nextbike.de\/marburg\/es\/proteccion-de-datos\/","title":{"rendered":"Protecci\u00f3n de Datos"},"content":{"rendered":"<div class=\"wpb-content-wrapper\"><p>[vc_row][vc_column][vc_column_text]<div class=\"ppi_privacy ppi_content\"><div class=\"row_wrap\">\n<div class=\"wp-block-columns row_xxl\">\n<div class=\"wp-block-column col-12 col-sm-auto\">\n<h1><strong>Pol\u00edtica de privacidad de datos<\/strong><\/h1>\n<\/div>\n<\/div>\n<\/div>\n<div class=\"row_wrap\">\n<div class=\"wp-block-columns row_xxl\">\n<div class=\"wp-block-column col-12 col-sm-auto\">\n<h4>La persona responsable en el sentido del Reglamento B\u00e1sico de Protecci\u00f3n de Datos y otras leyes nacionales de protecci\u00f3n de datos de los estados miembros, as\u00ed como otras disposiciones de protecci\u00f3n de datos, es:<\/h4>\n<div data-font-name=\"g_d3_f4\" data-angle=\"0\" data-canvas-width=\"117.61519999999996\">nextbike GmbH<br \/>\nKarl-Heine-Stra\u00dfe 46<br \/>\n04229 Leipzig<\/div>\n<p>Contacto: <strong><a class=\"c-link\" href=\"mailto:datenschutz@nextbike.de\" target=\"_blank\" rel=\"noopener noreferrer\" data-stringify-link=\"mailto:datenschutz@nextbike.de\" data-sk=\"tooltip_parent\" aria-expanded=\"false\">datenschutz@nextbike.de<\/a><\/strong><\/p>\n<p>Nos tomamos muy en serio la protecci\u00f3n de sus datos personales y los tratamos de forma confidencial y de acuerdo con las normas legales de protecci\u00f3n de datos y esta declaraci\u00f3n.<\/p>\n<p>El uso de nuestras p\u00e1ginas web es posible sin proporcionar datos personales. En la medida en que se obtengan datos personales por nuestra parte (por ejemplo, nombre, direcci\u00f3n o direcciones de correo electr\u00f3nico), esto se realiza, en la medida de lo posible, siempre de forma voluntaria. Estos datos no se ceder\u00e1n a terceros sin su expreso consentimiento.<\/p>\n<p>La siguiente normativa le informa al respecto sobre el tipo, alcance y finalidad de la recogida, uso y tratamiento de datos personales por parte del prestador.<\/p>\n<p><strong><a class=\"borlabs-cookie-preference\" href=\"#\">Realice ajustes individuales de protecci\u00f3n de datos.<\/a><\/strong><\/p>\n<\/div>\n<\/div>\n<\/div>\n<h4 class=\"ppi_download_headline\">Descargas<\/h4><div class=\"ppi_download_row ppi_row\"><div class=\"ppi_download_col ppi_col-md-6\"><p class=\"ppi_download_desc\">Uso del sitio web - GER (PDF)<\/p><a aria-label=\"Se abre en una nueva pesta\u00f1a\" href=\"https:\/\/www.nextbike.de\/marburg\/wp-content\/uploads\/2026\/01\/2026-01-12_Privacy-Notice-WEBSITE_nextbike_ger-6.pdf\" target=\"_blank\" class=\"ppi_download_link\"><strong>Descargar<\/strong><\/a><\/div><div class=\"ppi_download_col ppi_col-md-6\"><p class=\"ppi_download_desc\">Uso del sitio web - EN (PDF)<\/p><a aria-label=\"Se abre en una nueva pesta\u00f1a\" href=\"https:\/\/www.nextbike.de\/marburg\/wp-content\/uploads\/2026\/01\/2026-01-12_Privacy-Notice-WEBSITE_nextbike_eng-6.pdf\" target=\"_blank\" class=\"ppi_download_link\"><strong>Descargar<\/strong><\/a><\/div><\/div><h4 class=\"ppi_download_headline\"><\/h4><div class=\"ppi_download_row ppi_row\"><div class=\"ppi_download_col ppi_col-md-6\"><p class=\"ppi_download_desc\">Uso de la aplicaci\u00f3n - GER (PDF)<\/p><a aria-label=\"Se abre en una nueva pesta\u00f1a\" href=\"https:\/\/www.nextbike.de\/marburg\/wp-content\/uploads\/2026\/01\/2026-01-12_Privacy-Notice-APP_nextbike_ger-6.pdf\" target=\"_blank\" class=\"ppi_download_link\"><strong>Descargar<\/strong><\/a><\/div><div class=\"ppi_download_col ppi_col-md-6\"><p class=\"ppi_download_desc\">Uso de la aplicaci\u00f3n - EN (PDF)<\/p><a aria-label=\"Se abre en una nueva pesta\u00f1a\" href=\"https:\/\/www.nextbike.de\/marburg\/wp-content\/uploads\/2026\/01\/2026-01-12_Privacy-Notice-APP_nextbike_eng-6.pdf\" target=\"_blank\" class=\"ppi_download_link\"><strong>Descargar<\/strong><\/a><\/div><\/div><\/div>[\/vc_column_text][\/vc_column][\/vc_row]<\/p>\n<\/div>","protected":false},"excerpt":{"rendered":"<p>[vc_row][vc_column][vc_column_text][\/vc_column_text][\/vc_column][\/vc_row]<\/p>\n","protected":false},"author":5,"featured_media":0,"parent":0,"menu_order":0,"comment_status":"closed","ping_status":"closed","template":"page-bubble.php","meta":{"_acf_changed":false,"inline_featured_image":false,"footnotes":""},"class_list":["post-292","page","type-page","status-publish","hentry"],"acf":[],"yoast_head":"<!-- This site is optimized with the Yoast SEO plugin v27.2 - https:\/\/yoast.com\/product\/yoast-seo-wordpress\/ -->\n<title>Protecci\u00f3n de Datos - Marburg International<\/title>\n<meta name=\"robots\" content=\"index, follow, max-snippet:-1, max-image-preview:large, max-video-preview:-1\" \/>\n<link rel=\"canonical\" href=\"https:\/\/www.nextbike.de\/marburg\/es\/proteccion-de-datos\/\" \/>\n<meta property=\"og:locale\" content=\"es_ES\" \/>\n<meta property=\"og:type\" content=\"article\" \/>\n<meta property=\"og:title\" content=\"Protecci\u00f3n de Datos - Marburg International\" \/>\n<meta property=\"og:description\" content=\"[vc_row][vc_column][vc_column_text][\/vc_column_text][\/vc_column][\/vc_row]\" \/>\n<meta property=\"og:url\" content=\"https:\/\/www.nextbike.de\/marburg\/es\/proteccion-de-datos\/\" \/>\n<meta property=\"og:site_name\" content=\"Marburg International\" \/>\n<meta property=\"article:modified_time\" content=\"2024-08-26T09:23:28+00:00\" \/>\n<meta name=\"twitter:card\" content=\"summary_large_image\" \/>\n<script type=\"application\/ld+json\" class=\"yoast-schema-graph\">{\"@context\":\"https:\/\/schema.org\",\"@graph\":[{\"@type\":\"WebPage\",\"@id\":\"https:\/\/www.nextbike.de\/marburg\/es\/proteccion-de-datos\/\",\"url\":\"https:\/\/www.nextbike.de\/marburg\/es\/proteccion-de-datos\/\",\"name\":\"Protecci\u00f3n de Datos - Marburg International\",\"isPartOf\":{\"@id\":\"https:\/\/www.nextbike.de\/marburg\/es\/#website\"},\"datePublished\":\"2022-08-11T10:14:05+00:00\",\"dateModified\":\"2024-08-26T09:23:28+00:00\",\"breadcrumb\":{\"@id\":\"https:\/\/www.nextbike.de\/marburg\/es\/proteccion-de-datos\/#breadcrumb\"},\"inLanguage\":\"es\",\"potentialAction\":[{\"@type\":\"ReadAction\",\"target\":[\"https:\/\/www.nextbike.de\/marburg\/es\/proteccion-de-datos\/\"]}]},{\"@type\":\"BreadcrumbList\",\"@id\":\"https:\/\/www.nextbike.de\/marburg\/es\/proteccion-de-datos\/#breadcrumb\",\"itemListElement\":[{\"@type\":\"ListItem\",\"position\":1,\"name\":\"Startseite\",\"item\":\"https:\/\/www.nextbike.de\/marburg\/es\/\"},{\"@type\":\"ListItem\",\"position\":2,\"name\":\"Protecci\u00f3n de Datos\"}]},{\"@type\":\"WebSite\",\"@id\":\"https:\/\/www.nextbike.de\/marburg\/es\/#website\",\"url\":\"https:\/\/www.nextbike.de\/marburg\/es\/\",\"name\":\"Marburg International\",\"description\":\"Jetzt App downloaden und das Angebot von nextbike by TIER in Marburg nutzen!\",\"potentialAction\":[{\"@type\":\"SearchAction\",\"target\":{\"@type\":\"EntryPoint\",\"urlTemplate\":\"https:\/\/www.nextbike.de\/marburg\/es\/?s={search_term_string}\"},\"query-input\":{\"@type\":\"PropertyValueSpecification\",\"valueRequired\":true,\"valueName\":\"search_term_string\"}}],\"inLanguage\":\"es\"}]}<\/script>\n<!-- \/ Yoast SEO plugin. -->","yoast_head_json":{"title":"Protecci\u00f3n de Datos - Marburg International","robots":{"index":"index","follow":"follow","max-snippet":"max-snippet:-1","max-image-preview":"max-image-preview:large","max-video-preview":"max-video-preview:-1"},"canonical":"https:\/\/www.nextbike.de\/marburg\/es\/proteccion-de-datos\/","og_locale":"es_ES","og_type":"article","og_title":"Protecci\u00f3n de Datos - Marburg International","og_description":"[vc_row][vc_column][vc_column_text][\/vc_column_text][\/vc_column][\/vc_row]","og_url":"https:\/\/www.nextbike.de\/marburg\/es\/proteccion-de-datos\/","og_site_name":"Marburg International","article_modified_time":"2024-08-26T09:23:28+00:00","twitter_card":"summary_large_image","schema":{"@context":"https:\/\/schema.org","@graph":[{"@type":"WebPage","@id":"https:\/\/www.nextbike.de\/marburg\/es\/proteccion-de-datos\/","url":"https:\/\/www.nextbike.de\/marburg\/es\/proteccion-de-datos\/","name":"Protecci\u00f3n de Datos - Marburg International","isPartOf":{"@id":"https:\/\/www.nextbike.de\/marburg\/es\/#website"},"datePublished":"2022-08-11T10:14:05+00:00","dateModified":"2024-08-26T09:23:28+00:00","breadcrumb":{"@id":"https:\/\/www.nextbike.de\/marburg\/es\/proteccion-de-datos\/#breadcrumb"},"inLanguage":"es","potentialAction":[{"@type":"ReadAction","target":["https:\/\/www.nextbike.de\/marburg\/es\/proteccion-de-datos\/"]}]},{"@type":"BreadcrumbList","@id":"https:\/\/www.nextbike.de\/marburg\/es\/proteccion-de-datos\/#breadcrumb","itemListElement":[{"@type":"ListItem","position":1,"name":"Startseite","item":"https:\/\/www.nextbike.de\/marburg\/es\/"},{"@type":"ListItem","position":2,"name":"Protecci\u00f3n de Datos"}]},{"@type":"WebSite","@id":"https:\/\/www.nextbike.de\/marburg\/es\/#website","url":"https:\/\/www.nextbike.de\/marburg\/es\/","name":"Marburg International","description":"Jetzt App downloaden und das Angebot von nextbike by TIER in Marburg nutzen!","potentialAction":[{"@type":"SearchAction","target":{"@type":"EntryPoint","urlTemplate":"https:\/\/www.nextbike.de\/marburg\/es\/?s={search_term_string}"},"query-input":{"@type":"PropertyValueSpecification","valueRequired":true,"valueName":"search_term_string"}}],"inLanguage":"es"}]}},"_links":{"self":[{"href":"https:\/\/www.nextbike.de\/marburg\/es\/wp-json\/wp\/v2\/pages\/292","targetHints":{"allow":["GET"]}}],"collection":[{"href":"https:\/\/www.nextbike.de\/marburg\/es\/wp-json\/wp\/v2\/pages"}],"about":[{"href":"https:\/\/www.nextbike.de\/marburg\/es\/wp-json\/wp\/v2\/types\/page"}],"author":[{"embeddable":true,"href":"https:\/\/www.nextbike.de\/marburg\/es\/wp-json\/wp\/v2\/users\/5"}],"replies":[{"embeddable":true,"href":"https:\/\/www.nextbike.de\/marburg\/es\/wp-json\/wp\/v2\/comments?post=292"}],"version-history":[{"count":1,"href":"https:\/\/www.nextbike.de\/marburg\/es\/wp-json\/wp\/v2\/pages\/292\/revisions"}],"predecessor-version":[{"id":425,"href":"https:\/\/www.nextbike.de\/marburg\/es\/wp-json\/wp\/v2\/pages\/292\/revisions\/425"}],"wp:attachment":[{"href":"https:\/\/www.nextbike.de\/marburg\/es\/wp-json\/wp\/v2\/media?parent=292"}],"curies":[{"name":"wp","href":"https:\/\/api.w.org\/{rel}","templated":true}]}}