{"id":258,"date":"2022-11-03T11:52:01","date_gmt":"2022-11-03T10:52:01","guid":{"rendered":"https:\/\/nextbike-live.pluspol-networks.de\/marburg\/partner\/"},"modified":"2024-09-17T10:17:28","modified_gmt":"2024-09-17T08:17:28","slug":"colaboradores","status":"publish","type":"page","link":"https:\/\/www.nextbike.de\/marburg\/es\/colaboradores\/","title":{"rendered":"Colaboradores"},"content":{"rendered":"<div class=\"wpb-content-wrapper\"><p>[vc_row][vc_column][vc_column_text css=\u00bb\u00bb]<\/p>\n<h1>Colaboradores<\/h1>\n<p>[\/vc_column_text][\/vc_column][\/vc_row][vc_row][vc_column width=\u00bb1\/2&#8243;][vc_column_text css=\u00bb\u00bb]<\/p>\n<h2>Universit\u00e4tsstadt Marburg<\/h2>\n<p>Los empleados de la <em>Universit\u00e4tsstadt Marburg<\/em> disfrutan gratis de los primeros 60 minutos de alquiler de una bicicleta a pedales. Solo tienes que registrarte con la direcci\u00f3n de correo electr\u00f3nico de tu empresa para beneficiarte de las condiciones especiales. Transcurridos los primeros 60 minutos, se aplica la tarifa b\u00e1sica.<br \/>\nLas bicicletas de carga (el\u00e9ctricas y normales) y las bicicletas el\u00e9ctricas est\u00e1n excluidas de la promoci\u00f3n.[\/vc_column_text][\/vc_column][vc_column width=\u00bb1\/2&#8243;][vc_single_image image=\u00bb259&#8243; img_size=\u00bbmedium\u00bb alignment=\u00bbcenter\u00bb][\/vc_column][\/vc_row][vc_row][vc_column width=\u00bb1\/2&#8243;][vc_column_text css=\u00bb\u00bb]<\/p>\n<h2>Servicios municipales de Marburgo<\/h2>\n<p>Los empleados des <em>Stadtwerke Marburg<\/em>\u00a0disfrutan gratis de los primeros 60 minutos de alquiler de una bicicleta a pedales. Solo tienes que registrarte con la direcci\u00f3n de correo electr\u00f3nico de tu empresa para beneficiarte de las condiciones especiales. Transcurridos los primeros 60 minutos, se aplica la tarifa b\u00e1sica.<br \/>\nLas bicicletas de carga (el\u00e9ctricas y normales) y las bicicletas el\u00e9ctricas est\u00e1n excluidas de la promoci\u00f3n.[\/vc_column_text][\/vc_column][vc_column width=\u00bb1\/2&#8243;][vc_single_image image=\u00bb267&#8243; img_size=\u00bbmedium\u00bb alignment=\u00bbcenter\u00bb][\/vc_column][\/vc_row][vc_row][vc_column width=\u00bb1\/2&#8243;][vc_column_text css=\u00bb\u00bb]<\/p>\n<h2>Universidad de Marburgo<\/h2>\n<p>Los estudiantes matriculados de la Universidad de Marburgo montan gratis los primeros 60 minutos por alquiler. Encontrar\u00e1 m\u00e1s informaci\u00f3n sobre la inscripci\u00f3n y otras condiciones <a href=\"https:\/\/www.nextbike.de\/marburg\/es\/campusbike\/\">aqu\u00ed<\/a>.[\/vc_column_text][\/vc_column][vc_column width=\u00bb1\/2&#8243;][vc_single_image image=\u00bb266&#8243; img_size=\u00bbmedium\u00bb alignment=\u00bbcenter\u00bb][\/vc_column][\/vc_row]<\/p>\n<\/div>","protected":false},"excerpt":{"rendered":"<p>[vc_row][vc_column][vc_column_text css=\u00bb\u00bb] Colaboradores [\/vc_column_text][\/vc_column][\/vc_row][vc_row][vc_column width=\u00bb1\/2&#8243;][vc_column_text css=\u00bb\u00bb] Universit\u00e4tsstadt Marburg Los empleados de la Universit\u00e4tsstadt Marburg disfrutan gratis de los primeros 60 minutos de alquiler de una bicicleta a pedales. Solo tienes que registrarte con la direcci\u00f3n de correo electr\u00f3nico de tu empresa para beneficiarte de las condiciones especiales. Transcurridos los primeros 60 minutos, se aplica la [&hellip;]<\/p>\n","protected":false},"author":14,"featured_media":0,"parent":0,"menu_order":0,"comment_status":"closed","ping_status":"closed","template":"page-bubble.php","meta":{"_acf_changed":false,"inline_featured_image":false,"footnotes":""},"class_list":["post-258","page","type-page","status-publish","hentry"],"acf":[],"yoast_head":"<!-- This site is optimized with the Yoast SEO plugin v27.2 - https:\/\/yoast.com\/product\/yoast-seo-wordpress\/ -->\n<title>Colaboradores de nextbike Marburg<\/title>\n<meta name=\"robots\" content=\"index, follow, max-snippet:-1, max-image-preview:large, max-video-preview:-1\" \/>\n<link rel=\"canonical\" href=\"https:\/\/www.nextbike.de\/marburg\/es\/colaboradores\/\" \/>\n<meta property=\"og:locale\" content=\"es_ES\" \/>\n<meta property=\"og:type\" content=\"article\" \/>\n<meta property=\"og:title\" content=\"Colaboradores de nextbike Marburg\" \/>\n<meta property=\"og:description\" content=\"[vc_row][vc_column][vc_column_text css=\u00bb\u00bb] Colaboradores [\/vc_column_text][\/vc_column][\/vc_row][vc_row][vc_column width=\u00bb1\/2&#8243;][vc_column_text css=\u00bb\u00bb] Universit\u00e4tsstadt Marburg Los empleados de la Universit\u00e4tsstadt Marburg disfrutan gratis de los primeros 60 minutos de alquiler de una bicicleta a pedales. Solo tienes que registrarte con la direcci\u00f3n de correo electr\u00f3nico de tu empresa para beneficiarte de las condiciones especiales. Transcurridos los primeros 60 minutos, se aplica la [&hellip;]\" \/>\n<meta property=\"og:url\" content=\"https:\/\/www.nextbike.de\/marburg\/es\/colaboradores\/\" \/>\n<meta property=\"og:site_name\" content=\"Marburg International\" \/>\n<meta property=\"article:modified_time\" content=\"2024-09-17T08:17:28+00:00\" \/>\n<meta name=\"twitter:card\" content=\"summary_large_image\" \/>\n<meta name=\"twitter:label1\" content=\"Tiempo de lectura\" \/>\n\t<meta name=\"twitter:data1\" content=\"1 minuto\" \/>\n<script type=\"application\/ld+json\" class=\"yoast-schema-graph\">{\"@context\":\"https:\/\/schema.org\",\"@graph\":[{\"@type\":\"WebPage\",\"@id\":\"https:\/\/www.nextbike.de\/marburg\/es\/colaboradores\/\",\"url\":\"https:\/\/www.nextbike.de\/marburg\/es\/colaboradores\/\",\"name\":\"Colaboradores de nextbike Marburg\",\"isPartOf\":{\"@id\":\"https:\/\/www.nextbike.de\/marburg\/es\/#website\"},\"datePublished\":\"2022-11-03T10:52:01+00:00\",\"dateModified\":\"2024-09-17T08:17:28+00:00\",\"breadcrumb\":{\"@id\":\"https:\/\/www.nextbike.de\/marburg\/es\/colaboradores\/#breadcrumb\"},\"inLanguage\":\"es\",\"potentialAction\":[{\"@type\":\"ReadAction\",\"target\":[\"https:\/\/www.nextbike.de\/marburg\/es\/colaboradores\/\"]}]},{\"@type\":\"BreadcrumbList\",\"@id\":\"https:\/\/www.nextbike.de\/marburg\/es\/colaboradores\/#breadcrumb\",\"itemListElement\":[{\"@type\":\"ListItem\",\"position\":1,\"name\":\"Startseite\",\"item\":\"https:\/\/www.nextbike.de\/marburg\/es\/\"},{\"@type\":\"ListItem\",\"position\":2,\"name\":\"Colaboradores\"}]},{\"@type\":\"WebSite\",\"@id\":\"https:\/\/www.nextbike.de\/marburg\/es\/#website\",\"url\":\"https:\/\/www.nextbike.de\/marburg\/es\/\",\"name\":\"Marburg International\",\"description\":\"Jetzt App downloaden und das Angebot von nextbike by TIER in Marburg nutzen!\",\"potentialAction\":[{\"@type\":\"SearchAction\",\"target\":{\"@type\":\"EntryPoint\",\"urlTemplate\":\"https:\/\/www.nextbike.de\/marburg\/es\/?s={search_term_string}\"},\"query-input\":{\"@type\":\"PropertyValueSpecification\",\"valueRequired\":true,\"valueName\":\"search_term_string\"}}],\"inLanguage\":\"es\"}]}<\/script>\n<!-- \/ Yoast SEO plugin. -->","yoast_head_json":{"title":"Colaboradores de nextbike Marburg","robots":{"index":"index","follow":"follow","max-snippet":"max-snippet:-1","max-image-preview":"max-image-preview:large","max-video-preview":"max-video-preview:-1"},"canonical":"https:\/\/www.nextbike.de\/marburg\/es\/colaboradores\/","og_locale":"es_ES","og_type":"article","og_title":"Colaboradores de nextbike Marburg","og_description":"[vc_row][vc_column][vc_column_text css=\u00bb\u00bb] Colaboradores [\/vc_column_text][\/vc_column][\/vc_row][vc_row][vc_column width=\u00bb1\/2&#8243;][vc_column_text css=\u00bb\u00bb] Universit\u00e4tsstadt Marburg Los empleados de la Universit\u00e4tsstadt Marburg disfrutan gratis de los primeros 60 minutos de alquiler de una bicicleta a pedales. Solo tienes que registrarte con la direcci\u00f3n de correo electr\u00f3nico de tu empresa para beneficiarte de las condiciones especiales. Transcurridos los primeros 60 minutos, se aplica la [&hellip;]","og_url":"https:\/\/www.nextbike.de\/marburg\/es\/colaboradores\/","og_site_name":"Marburg International","article_modified_time":"2024-09-17T08:17:28+00:00","twitter_card":"summary_large_image","twitter_misc":{"Tiempo de lectura":"1 minuto"},"schema":{"@context":"https:\/\/schema.org","@graph":[{"@type":"WebPage","@id":"https:\/\/www.nextbike.de\/marburg\/es\/colaboradores\/","url":"https:\/\/www.nextbike.de\/marburg\/es\/colaboradores\/","name":"Colaboradores de nextbike Marburg","isPartOf":{"@id":"https:\/\/www.nextbike.de\/marburg\/es\/#website"},"datePublished":"2022-11-03T10:52:01+00:00","dateModified":"2024-09-17T08:17:28+00:00","breadcrumb":{"@id":"https:\/\/www.nextbike.de\/marburg\/es\/colaboradores\/#breadcrumb"},"inLanguage":"es","potentialAction":[{"@type":"ReadAction","target":["https:\/\/www.nextbike.de\/marburg\/es\/colaboradores\/"]}]},{"@type":"BreadcrumbList","@id":"https:\/\/www.nextbike.de\/marburg\/es\/colaboradores\/#breadcrumb","itemListElement":[{"@type":"ListItem","position":1,"name":"Startseite","item":"https:\/\/www.nextbike.de\/marburg\/es\/"},{"@type":"ListItem","position":2,"name":"Colaboradores"}]},{"@type":"WebSite","@id":"https:\/\/www.nextbike.de\/marburg\/es\/#website","url":"https:\/\/www.nextbike.de\/marburg\/es\/","name":"Marburg International","description":"Jetzt App downloaden und das Angebot von nextbike by TIER in Marburg nutzen!","potentialAction":[{"@type":"SearchAction","target":{"@type":"EntryPoint","urlTemplate":"https:\/\/www.nextbike.de\/marburg\/es\/?s={search_term_string}"},"query-input":{"@type":"PropertyValueSpecification","valueRequired":true,"valueName":"search_term_string"}}],"inLanguage":"es"}]}},"_links":{"self":[{"href":"https:\/\/www.nextbike.de\/marburg\/es\/wp-json\/wp\/v2\/pages\/258","targetHints":{"allow":["GET"]}}],"collection":[{"href":"https:\/\/www.nextbike.de\/marburg\/es\/wp-json\/wp\/v2\/pages"}],"about":[{"href":"https:\/\/www.nextbike.de\/marburg\/es\/wp-json\/wp\/v2\/types\/page"}],"author":[{"embeddable":true,"href":"https:\/\/www.nextbike.de\/marburg\/es\/wp-json\/wp\/v2\/users\/14"}],"replies":[{"embeddable":true,"href":"https:\/\/www.nextbike.de\/marburg\/es\/wp-json\/wp\/v2\/comments?post=258"}],"version-history":[{"count":8,"href":"https:\/\/www.nextbike.de\/marburg\/es\/wp-json\/wp\/v2\/pages\/258\/revisions"}],"predecessor-version":[{"id":495,"href":"https:\/\/www.nextbike.de\/marburg\/es\/wp-json\/wp\/v2\/pages\/258\/revisions\/495"}],"wp:attachment":[{"href":"https:\/\/www.nextbike.de\/marburg\/es\/wp-json\/wp\/v2\/media?parent=258"}],"curies":[{"name":"wp","href":"https:\/\/api.w.org\/{rel}","templated":true}]}}