{"id":253,"date":"2022-11-03T13:24:41","date_gmt":"2022-11-03T12:24:41","guid":{"rendered":"https:\/\/nextbike-live.pluspol-networks.de\/marburg\/campusbike\/"},"modified":"2024-10-07T14:31:42","modified_gmt":"2024-10-07T12:31:42","slug":"campusbike","status":"publish","type":"page","link":"https:\/\/www.nextbike.de\/marburg\/es\/campusbike\/","title":{"rendered":"CAMPUSbike"},"content":{"rendered":"<div class=\"wpb-content-wrapper\"><p>[vc_row][vc_column][vc_column_text css=\u00bb\u00bb]<\/p>\n<h2>\u00a1Los estudiantes de la Universidad de Marburgo pagan menos por usar la bici!<\/h2>\n<div class=\"\"><\/div>\n<div class=\" \">\n<div class=\"row\">\n<div class=\"col-xs-12\"><\/div>\n<\/div>\n<\/div>\n<p>[\/vc_column_text][\/vc_column][\/vc_row][vc_row ppi_row_padding=\u00bbppi_remove_padding_bottom\u00bb][vc_column][vc_column_text css=\u00bb\u00bb]<\/p>\n<h4>Registro<\/h4>\n<p>Reg\u00edstrate a trav\u00e9s de la aplicaci\u00f3n o del sitio web con tu direcci\u00f3n de correo electr\u00f3nico de la universidad (@students.uni-marburg.de). A continuaci\u00f3n, te enviaremos un correo electr\u00f3nico con un enlace de confirmaci\u00f3n. Se activar\u00e1 autom\u00e1ticamente tras la verificaci\u00f3n.<\/p>\n<p>\u00bfYa tienes una cuenta, pero no has indicado la direcci\u00f3n de correo electr\u00f3nico de tu universidad? Inicia sesi\u00f3n en el sitio web, introduce tu nueva direcci\u00f3n de correo electr\u00f3nico y elige tu universidad como colaborador. Tambi\u00e9n puedes ponerte en contacto con nuestro servicio de atenci\u00f3n al cliente en el n\u00famero +49 (0)30-69205046.[\/vc_column_text][\/vc_column][\/vc_row][vc_row ppi_row_padding=\u00bbppi_remove_padding_top\u00bb][vc_column][vc_column_text css=\u00bb\u00bb]<\/p>\n<h4>Condiciones<\/h4>\n<p>Cada vez que alquiles una bicicleta, los primeros 60 minutos son gratuitos en toda Alemania*. Si el trayecto dura m\u00e1s de 60 minutos, se cobra 1 euro por cada 30 minutos adicionales. La tarifa m\u00e1xima diaria es de 5,00 \u20ac. La tarifa b\u00e1sica de las e-cargobikes en Marburgo se reduce un 50 % y es de 0,50 \u20ac \/ 30 min (m\u00e1x. 20 \u20ac \/ 24 h)** para estudiantes. Una vez que hayas terminado de tomarla prestada, puedes tomar prestada otra bicicleta a una tarifa reducida despu\u00e9s de una pausa de 15 minutos. Se pueden alquilar hasta tres bicicletas al mismo tiempo en una misma cuenta. Las condiciones especiales se aplican a las tres.[\/vc_column_text][vc_column_text css=\u00bb\u00bb]<span style=\"font-size: 12px;\">*Excepto de WK-Bike Bremen, VAG_Rad Nuremberg, StadtRad Greifswald, Usedomrad, OLi-Bike Oldenburg y MVG Rad Munich.<\/span><\/p>\n<p><span style=\"font-size: 12px;\">**Las e-bikes y las (e-)cargo bikes de otras ciudades est\u00e1n excluidas del descuento.<br \/>\n<\/span>[\/vc_column_text][\/vc_column][\/vc_row]<\/p>\n<\/div>","protected":false},"excerpt":{"rendered":"<p>[vc_row][vc_column][vc_column_text css=\u00bb\u00bb] \u00a1Los estudiantes de la Universidad de Marburgo pagan menos por usar la bici! [\/vc_column_text][\/vc_column][\/vc_row][vc_row ppi_row_padding=\u00bbppi_remove_padding_bottom\u00bb][vc_column][vc_column_text css=\u00bb\u00bb] Registro Reg\u00edstrate a trav\u00e9s de la aplicaci\u00f3n o del sitio web con tu direcci\u00f3n de correo electr\u00f3nico de la universidad (@students.uni-marburg.de). A continuaci\u00f3n, te enviaremos un correo electr\u00f3nico con un enlace de confirmaci\u00f3n. Se activar\u00e1 autom\u00e1ticamente tras [&hellip;]<\/p>\n","protected":false},"author":14,"featured_media":0,"parent":0,"menu_order":0,"comment_status":"closed","ping_status":"closed","template":"page-bubble.php","meta":{"_acf_changed":false,"inline_featured_image":false,"footnotes":""},"class_list":["post-253","page","type-page","status-publish","hentry"],"acf":[],"yoast_head":"<!-- This site is optimized with the Yoast SEO plugin v27.2 - https:\/\/yoast.com\/product\/yoast-seo-wordpress\/ -->\n<title>CAMPUSbike Marburg<\/title>\n<meta name=\"robots\" content=\"index, follow, max-snippet:-1, max-image-preview:large, max-video-preview:-1\" \/>\n<link rel=\"canonical\" href=\"https:\/\/www.nextbike.de\/marburg\/es\/campusbike\/\" \/>\n<meta property=\"og:locale\" content=\"es_ES\" \/>\n<meta property=\"og:type\" content=\"article\" \/>\n<meta property=\"og:title\" content=\"CAMPUSbike Marburg\" \/>\n<meta property=\"og:description\" content=\"[vc_row][vc_column][vc_column_text css=\u00bb\u00bb] \u00a1Los estudiantes de la Universidad de Marburgo pagan menos por usar la bici! [\/vc_column_text][\/vc_column][\/vc_row][vc_row ppi_row_padding=\u00bbppi_remove_padding_bottom\u00bb][vc_column][vc_column_text css=\u00bb\u00bb] Registro Reg\u00edstrate a trav\u00e9s de la aplicaci\u00f3n o del sitio web con tu direcci\u00f3n de correo electr\u00f3nico de la universidad (@students.uni-marburg.de). A continuaci\u00f3n, te enviaremos un correo electr\u00f3nico con un enlace de confirmaci\u00f3n. Se activar\u00e1 autom\u00e1ticamente tras [&hellip;]\" \/>\n<meta property=\"og:url\" content=\"https:\/\/www.nextbike.de\/marburg\/es\/campusbike\/\" \/>\n<meta property=\"og:site_name\" content=\"Marburg International\" \/>\n<meta property=\"article:modified_time\" content=\"2024-10-07T12:31:42+00:00\" \/>\n<meta name=\"twitter:card\" content=\"summary_large_image\" \/>\n<meta name=\"twitter:label1\" content=\"Tiempo de lectura\" \/>\n\t<meta name=\"twitter:data1\" content=\"2 minutos\" \/>\n<script type=\"application\/ld+json\" class=\"yoast-schema-graph\">{\"@context\":\"https:\/\/schema.org\",\"@graph\":[{\"@type\":\"WebPage\",\"@id\":\"https:\/\/www.nextbike.de\/marburg\/es\/campusbike\/\",\"url\":\"https:\/\/www.nextbike.de\/marburg\/es\/campusbike\/\",\"name\":\"CAMPUSbike Marburg\",\"isPartOf\":{\"@id\":\"https:\/\/www.nextbike.de\/marburg\/es\/#website\"},\"datePublished\":\"2022-11-03T12:24:41+00:00\",\"dateModified\":\"2024-10-07T12:31:42+00:00\",\"breadcrumb\":{\"@id\":\"https:\/\/www.nextbike.de\/marburg\/es\/campusbike\/#breadcrumb\"},\"inLanguage\":\"es\",\"potentialAction\":[{\"@type\":\"ReadAction\",\"target\":[\"https:\/\/www.nextbike.de\/marburg\/es\/campusbike\/\"]}]},{\"@type\":\"BreadcrumbList\",\"@id\":\"https:\/\/www.nextbike.de\/marburg\/es\/campusbike\/#breadcrumb\",\"itemListElement\":[{\"@type\":\"ListItem\",\"position\":1,\"name\":\"Startseite\",\"item\":\"https:\/\/www.nextbike.de\/marburg\/es\/\"},{\"@type\":\"ListItem\",\"position\":2,\"name\":\"CAMPUSbike\"}]},{\"@type\":\"WebSite\",\"@id\":\"https:\/\/www.nextbike.de\/marburg\/es\/#website\",\"url\":\"https:\/\/www.nextbike.de\/marburg\/es\/\",\"name\":\"Marburg International\",\"description\":\"Jetzt App downloaden und das Angebot von nextbike by TIER in Marburg nutzen!\",\"potentialAction\":[{\"@type\":\"SearchAction\",\"target\":{\"@type\":\"EntryPoint\",\"urlTemplate\":\"https:\/\/www.nextbike.de\/marburg\/es\/?s={search_term_string}\"},\"query-input\":{\"@type\":\"PropertyValueSpecification\",\"valueRequired\":true,\"valueName\":\"search_term_string\"}}],\"inLanguage\":\"es\"}]}<\/script>\n<!-- \/ Yoast SEO plugin. -->","yoast_head_json":{"title":"CAMPUSbike Marburg","robots":{"index":"index","follow":"follow","max-snippet":"max-snippet:-1","max-image-preview":"max-image-preview:large","max-video-preview":"max-video-preview:-1"},"canonical":"https:\/\/www.nextbike.de\/marburg\/es\/campusbike\/","og_locale":"es_ES","og_type":"article","og_title":"CAMPUSbike Marburg","og_description":"[vc_row][vc_column][vc_column_text css=\u00bb\u00bb] \u00a1Los estudiantes de la Universidad de Marburgo pagan menos por usar la bici! [\/vc_column_text][\/vc_column][\/vc_row][vc_row ppi_row_padding=\u00bbppi_remove_padding_bottom\u00bb][vc_column][vc_column_text css=\u00bb\u00bb] Registro Reg\u00edstrate a trav\u00e9s de la aplicaci\u00f3n o del sitio web con tu direcci\u00f3n de correo electr\u00f3nico de la universidad (@students.uni-marburg.de). A continuaci\u00f3n, te enviaremos un correo electr\u00f3nico con un enlace de confirmaci\u00f3n. Se activar\u00e1 autom\u00e1ticamente tras [&hellip;]","og_url":"https:\/\/www.nextbike.de\/marburg\/es\/campusbike\/","og_site_name":"Marburg International","article_modified_time":"2024-10-07T12:31:42+00:00","twitter_card":"summary_large_image","twitter_misc":{"Tiempo de lectura":"2 minutos"},"schema":{"@context":"https:\/\/schema.org","@graph":[{"@type":"WebPage","@id":"https:\/\/www.nextbike.de\/marburg\/es\/campusbike\/","url":"https:\/\/www.nextbike.de\/marburg\/es\/campusbike\/","name":"CAMPUSbike Marburg","isPartOf":{"@id":"https:\/\/www.nextbike.de\/marburg\/es\/#website"},"datePublished":"2022-11-03T12:24:41+00:00","dateModified":"2024-10-07T12:31:42+00:00","breadcrumb":{"@id":"https:\/\/www.nextbike.de\/marburg\/es\/campusbike\/#breadcrumb"},"inLanguage":"es","potentialAction":[{"@type":"ReadAction","target":["https:\/\/www.nextbike.de\/marburg\/es\/campusbike\/"]}]},{"@type":"BreadcrumbList","@id":"https:\/\/www.nextbike.de\/marburg\/es\/campusbike\/#breadcrumb","itemListElement":[{"@type":"ListItem","position":1,"name":"Startseite","item":"https:\/\/www.nextbike.de\/marburg\/es\/"},{"@type":"ListItem","position":2,"name":"CAMPUSbike"}]},{"@type":"WebSite","@id":"https:\/\/www.nextbike.de\/marburg\/es\/#website","url":"https:\/\/www.nextbike.de\/marburg\/es\/","name":"Marburg International","description":"Jetzt App downloaden und das Angebot von nextbike by TIER in Marburg nutzen!","potentialAction":[{"@type":"SearchAction","target":{"@type":"EntryPoint","urlTemplate":"https:\/\/www.nextbike.de\/marburg\/es\/?s={search_term_string}"},"query-input":{"@type":"PropertyValueSpecification","valueRequired":true,"valueName":"search_term_string"}}],"inLanguage":"es"}]}},"_links":{"self":[{"href":"https:\/\/www.nextbike.de\/marburg\/es\/wp-json\/wp\/v2\/pages\/253","targetHints":{"allow":["GET"]}}],"collection":[{"href":"https:\/\/www.nextbike.de\/marburg\/es\/wp-json\/wp\/v2\/pages"}],"about":[{"href":"https:\/\/www.nextbike.de\/marburg\/es\/wp-json\/wp\/v2\/types\/page"}],"author":[{"embeddable":true,"href":"https:\/\/www.nextbike.de\/marburg\/es\/wp-json\/wp\/v2\/users\/14"}],"replies":[{"embeddable":true,"href":"https:\/\/www.nextbike.de\/marburg\/es\/wp-json\/wp\/v2\/comments?post=253"}],"version-history":[{"count":4,"href":"https:\/\/www.nextbike.de\/marburg\/es\/wp-json\/wp\/v2\/pages\/253\/revisions"}],"predecessor-version":[{"id":503,"href":"https:\/\/www.nextbike.de\/marburg\/es\/wp-json\/wp\/v2\/pages\/253\/revisions\/503"}],"wp:attachment":[{"href":"https:\/\/www.nextbike.de\/marburg\/es\/wp-json\/wp\/v2\/media?parent=253"}],"curies":[{"name":"wp","href":"https:\/\/api.w.org\/{rel}","templated":true}]}}