{"id":238,"date":"2022-11-14T16:56:03","date_gmt":"2022-11-14T15:56:03","guid":{"rendered":"https:\/\/nextbike-live.pluspol-networks.de\/marburg\/widerrufsbelehrung\/"},"modified":"2024-08-26T11:24:27","modified_gmt":"2024-08-26T09:24:27","slug":"derecho-de-desistimiento","status":"publish","type":"page","link":"https:\/\/www.nextbike.de\/marburg\/es\/derecho-de-desistimiento\/","title":{"rendered":"Derecho de desistimiento"},"content":{"rendered":"<div class=\"wpb-content-wrapper\"><p>[vc_row][vc_column][vc_column_text]<h1>Pol\u00edtica de anulaci\u00f3n<\/h1>\n<h4>Esta pol\u00edtica de cancelaci\u00f3n se aplica a la conclusi\u00f3n de tarifas de abono, no a los viajes de la tarifa b\u00e1sica.<\/h4>\n<p><strong>Derecho de retractaci\u00f3n<\/strong><br \/>\nTiene derecho a rescindir el presente contrato en un plazo de catorce d\u00edas sin necesidad de justificaci\u00f3n.<\/p>\n<p>El plazo de cancelaci\u00f3n es de catorce d\u00edas a partir de la fecha de celebraci\u00f3n del contrato.<\/p>\n<p>Para ejercer su derecho de desistimiento, deber\u00e1 informarnos (<span data-sheets-root=\"1\" data-sheets-value=\"{&quot;1&quot;:2,&quot;2&quot;:&quot;Ju keni t\u00eb drejt\u00eb t\u00eb t\u00ebrhiqeni nga kjo kontrat\u00eb brenda 14 dit\u00ebve pa dh\u00ebn\u00eb asnj\u00eb arsye. Afati i t\u00ebrheqjes p\u00ebrfundon pas 14 dit\u00ebsh nga dita e lidhjes s\u00eb kontrat\u00ebs. P\u00ebr t\u00eb ushtruar t\u00eb drejt\u00ebn e t\u00ebrheqjes duhet t\u00eb informoni (#ADRESA# ) t\u00eb vendimit tuaj p\u00ebr t'u t\u00ebrhequr nga kjo kontrat\u00eb me nj\u00eb deklarat\u00eb t\u00eb qart\u00eb (p.sh. nj\u00eb let\u00ebr e d\u00ebrguar me post\u00eb, faks ose e-mail Ju mund t\u00eb p\u00ebrdorni formularin e t\u00ebrheqjes s\u00eb bashkangjitur, por nuk \u00ebsht\u00eb i detyruesh\u00ebm).\\n\\nP\u00ebr t\u00eb p\u00ebrmbushur afatin e t\u00ebrheqjes, mjafton q\u00eb ju t\u00eb d\u00ebrgoni komunikimin tuaj n\u00eb lidhje me ushtrimin e t\u00eb drejt\u00ebs s\u00eb t\u00ebrheqjes p\u00ebrpara se t\u00eb skadoj\u00eb periudha e t\u00ebrheqjes.&quot;}\" data-sheets-userformat=\"{&quot;2&quot;:14593,&quot;3&quot;:{&quot;1&quot;:0,&quot;3&quot;:1},&quot;11&quot;:4,&quot;14&quot;:{&quot;1&quot;:2,&quot;2&quot;:0},&quot;15&quot;:&quot;Arial&quot;,&quot;16&quot;:10}\">nextbike, Karl-Heine-Stra\u00dfe 46, 04229 Leipzig<\/span>, n\u00famero de tel\u00e9fono: 030 69205046, direcci\u00f3n de correo electr\u00f3nico: kundenservice@nextbike.de) mediante una declaraci\u00f3n clara (por ejemplo, una carta enviada por correo postal, fax o correo electr\u00f3nico) de su decisi\u00f3n de desistir del presente contrato. Para ello, puede utilizar el modelo de formulario de desistimiento adjunto, que, sin embargo, no es obligatorio.<\/p>\n<p>Para cumplir el plazo de desistimiento, basta con que env\u00ede la notificaci\u00f3n del ejercicio del derecho de desistimiento antes de que expire el plazo de desistimiento.<\/p>\n<p>&nbsp;<\/p>\n<p><strong>Consecuencias de la revocaci\u00f3n<\/strong><\/p>\n<p>Si desiste del presente contrato, deberemos reembolsarle todos los pagos que hayamos recibido de usted, incluidos los gastos de entrega (con la excepci\u00f3n de los gastos adicionales resultantes del hecho de que usted haya elegido un tipo de entrega distinto de la entrega est\u00e1ndar m\u00e1s barata ofrecida por nosotros), sin demora y a m\u00e1s tardar en un plazo de catorce d\u00edas a partir del d\u00eda en que hayamos recibido la notificaci\u00f3n de su desistimiento del presente contrato. Para este reembolso, utilizaremos el mismo medio de pago que usted utiliz\u00f3 para la transacci\u00f3n original, a menos que se acuerde expresamente otra cosa con usted; en ning\u00fan caso se le cobrar\u00e1n comisiones por este reembolso.<\/p>\n<p>Si ha solicitado que los servicios comiencen durante el periodo de desistimiento, deber\u00e1 abonarnos un importe razonable correspondiente a la proporci\u00f3n de los servicios ya prestados hasta el momento en que nos notifique el ejercicio del derecho de desistimiento con respecto a este contrato en comparaci\u00f3n con el alcance total de los servicios previstos en el contrato.<\/p>\n<a aria-label=\"Se abre en una nueva pesta\u00f1a\" href=\"https:\/\/www.nextbike.de\/marburg\/wp-content\/uploads\/2024\/04\/2024_04_09_Widerrufsbelehrung.pdf\" target=\"_blank\" class=\"ppi_withdrawal_download_link\"><strong>Descargue aqu\u00ed un modelo de formulario de cancelaci\u00f3n.<\/strong><\/a>[\/vc_column_text][\/vc_column][\/vc_row]<\/p>\n<\/div>","protected":false},"excerpt":{"rendered":"<p>[vc_row][vc_column][vc_column_text][\/vc_column_text][\/vc_column][\/vc_row]<\/p>\n","protected":false},"author":12,"featured_media":0,"parent":0,"menu_order":0,"comment_status":"closed","ping_status":"closed","template":"page-bubble.php","meta":{"_acf_changed":false,"inline_featured_image":false,"footnotes":""},"class_list":["post-238","page","type-page","status-publish","hentry"],"acf":[],"yoast_head":"<!-- This site is optimized with the Yoast SEO plugin v27.2 - https:\/\/yoast.com\/product\/yoast-seo-wordpress\/ -->\n<title>Derecho de desistimiento - Marburg International<\/title>\n<meta name=\"robots\" content=\"index, follow, max-snippet:-1, max-image-preview:large, max-video-preview:-1\" \/>\n<link rel=\"canonical\" href=\"https:\/\/www.nextbike.de\/marburg\/es\/derecho-de-desistimiento\/\" \/>\n<meta property=\"og:locale\" content=\"es_ES\" \/>\n<meta property=\"og:type\" content=\"article\" \/>\n<meta property=\"og:title\" content=\"Derecho de desistimiento - Marburg International\" \/>\n<meta property=\"og:description\" content=\"[vc_row][vc_column][vc_column_text][\/vc_column_text][\/vc_column][\/vc_row]\" \/>\n<meta property=\"og:url\" content=\"https:\/\/www.nextbike.de\/marburg\/es\/derecho-de-desistimiento\/\" \/>\n<meta property=\"og:site_name\" content=\"Marburg International\" \/>\n<meta property=\"article:modified_time\" content=\"2024-08-26T09:24:27+00:00\" \/>\n<meta name=\"twitter:card\" content=\"summary_large_image\" \/>\n<script type=\"application\/ld+json\" class=\"yoast-schema-graph\">{\"@context\":\"https:\/\/schema.org\",\"@graph\":[{\"@type\":\"WebPage\",\"@id\":\"https:\/\/www.nextbike.de\/marburg\/es\/derecho-de-desistimiento\/\",\"url\":\"https:\/\/www.nextbike.de\/marburg\/es\/derecho-de-desistimiento\/\",\"name\":\"Derecho de desistimiento - Marburg International\",\"isPartOf\":{\"@id\":\"https:\/\/www.nextbike.de\/marburg\/es\/#website\"},\"datePublished\":\"2022-11-14T15:56:03+00:00\",\"dateModified\":\"2024-08-26T09:24:27+00:00\",\"breadcrumb\":{\"@id\":\"https:\/\/www.nextbike.de\/marburg\/es\/derecho-de-desistimiento\/#breadcrumb\"},\"inLanguage\":\"es\",\"potentialAction\":[{\"@type\":\"ReadAction\",\"target\":[\"https:\/\/www.nextbike.de\/marburg\/es\/derecho-de-desistimiento\/\"]}]},{\"@type\":\"BreadcrumbList\",\"@id\":\"https:\/\/www.nextbike.de\/marburg\/es\/derecho-de-desistimiento\/#breadcrumb\",\"itemListElement\":[{\"@type\":\"ListItem\",\"position\":1,\"name\":\"Startseite\",\"item\":\"https:\/\/www.nextbike.de\/marburg\/es\/\"},{\"@type\":\"ListItem\",\"position\":2,\"name\":\"Derecho de desistimiento\"}]},{\"@type\":\"WebSite\",\"@id\":\"https:\/\/www.nextbike.de\/marburg\/es\/#website\",\"url\":\"https:\/\/www.nextbike.de\/marburg\/es\/\",\"name\":\"Marburg International\",\"description\":\"Jetzt App downloaden und das Angebot von nextbike by TIER in Marburg nutzen!\",\"potentialAction\":[{\"@type\":\"SearchAction\",\"target\":{\"@type\":\"EntryPoint\",\"urlTemplate\":\"https:\/\/www.nextbike.de\/marburg\/es\/?s={search_term_string}\"},\"query-input\":{\"@type\":\"PropertyValueSpecification\",\"valueRequired\":true,\"valueName\":\"search_term_string\"}}],\"inLanguage\":\"es\"}]}<\/script>\n<!-- \/ Yoast SEO plugin. -->","yoast_head_json":{"title":"Derecho de desistimiento - Marburg International","robots":{"index":"index","follow":"follow","max-snippet":"max-snippet:-1","max-image-preview":"max-image-preview:large","max-video-preview":"max-video-preview:-1"},"canonical":"https:\/\/www.nextbike.de\/marburg\/es\/derecho-de-desistimiento\/","og_locale":"es_ES","og_type":"article","og_title":"Derecho de desistimiento - Marburg International","og_description":"[vc_row][vc_column][vc_column_text][\/vc_column_text][\/vc_column][\/vc_row]","og_url":"https:\/\/www.nextbike.de\/marburg\/es\/derecho-de-desistimiento\/","og_site_name":"Marburg International","article_modified_time":"2024-08-26T09:24:27+00:00","twitter_card":"summary_large_image","schema":{"@context":"https:\/\/schema.org","@graph":[{"@type":"WebPage","@id":"https:\/\/www.nextbike.de\/marburg\/es\/derecho-de-desistimiento\/","url":"https:\/\/www.nextbike.de\/marburg\/es\/derecho-de-desistimiento\/","name":"Derecho de desistimiento - Marburg International","isPartOf":{"@id":"https:\/\/www.nextbike.de\/marburg\/es\/#website"},"datePublished":"2022-11-14T15:56:03+00:00","dateModified":"2024-08-26T09:24:27+00:00","breadcrumb":{"@id":"https:\/\/www.nextbike.de\/marburg\/es\/derecho-de-desistimiento\/#breadcrumb"},"inLanguage":"es","potentialAction":[{"@type":"ReadAction","target":["https:\/\/www.nextbike.de\/marburg\/es\/derecho-de-desistimiento\/"]}]},{"@type":"BreadcrumbList","@id":"https:\/\/www.nextbike.de\/marburg\/es\/derecho-de-desistimiento\/#breadcrumb","itemListElement":[{"@type":"ListItem","position":1,"name":"Startseite","item":"https:\/\/www.nextbike.de\/marburg\/es\/"},{"@type":"ListItem","position":2,"name":"Derecho de desistimiento"}]},{"@type":"WebSite","@id":"https:\/\/www.nextbike.de\/marburg\/es\/#website","url":"https:\/\/www.nextbike.de\/marburg\/es\/","name":"Marburg International","description":"Jetzt App downloaden und das Angebot von nextbike by TIER in Marburg nutzen!","potentialAction":[{"@type":"SearchAction","target":{"@type":"EntryPoint","urlTemplate":"https:\/\/www.nextbike.de\/marburg\/es\/?s={search_term_string}"},"query-input":{"@type":"PropertyValueSpecification","valueRequired":true,"valueName":"search_term_string"}}],"inLanguage":"es"}]}},"_links":{"self":[{"href":"https:\/\/www.nextbike.de\/marburg\/es\/wp-json\/wp\/v2\/pages\/238","targetHints":{"allow":["GET"]}}],"collection":[{"href":"https:\/\/www.nextbike.de\/marburg\/es\/wp-json\/wp\/v2\/pages"}],"about":[{"href":"https:\/\/www.nextbike.de\/marburg\/es\/wp-json\/wp\/v2\/types\/page"}],"author":[{"embeddable":true,"href":"https:\/\/www.nextbike.de\/marburg\/es\/wp-json\/wp\/v2\/users\/12"}],"replies":[{"embeddable":true,"href":"https:\/\/www.nextbike.de\/marburg\/es\/wp-json\/wp\/v2\/comments?post=238"}],"version-history":[{"count":1,"href":"https:\/\/www.nextbike.de\/marburg\/es\/wp-json\/wp\/v2\/pages\/238\/revisions"}],"predecessor-version":[{"id":427,"href":"https:\/\/www.nextbike.de\/marburg\/es\/wp-json\/wp\/v2\/pages\/238\/revisions\/427"}],"wp:attachment":[{"href":"https:\/\/www.nextbike.de\/marburg\/es\/wp-json\/wp\/v2\/media?parent=238"}],"curies":[{"name":"wp","href":"https:\/\/api.w.org\/{rel}","templated":true}]}}