{"id":121,"date":"2022-11-03T13:24:41","date_gmt":"2022-11-03T12:24:41","guid":{"rendered":"https:\/\/nextbike-live.pluspol-networks.de\/marburg\/?page_id=121"},"modified":"2024-10-07T14:29:04","modified_gmt":"2024-10-07T12:29:04","slug":"campusbike","status":"publish","type":"page","link":"https:\/\/www.nextbike.de\/marburg\/de\/campusbike\/","title":{"rendered":"CAMPUSbike"},"content":{"rendered":"<div class=\"wpb-content-wrapper\"><p>[vc_row][vc_column][vc_column_text]<\/p>\n<h2>Studierende der Universit\u00e4t Marburg radeln g\u00fcnstiger!<\/h2>\n<div class=\"\"><\/div>\n<div class=\" \">\n<div class=\"row\">\n<div class=\"col-xs-12\"><\/div>\n<\/div>\n<\/div>\n<p>[\/vc_column_text][\/vc_column][\/vc_row][vc_row ppi_row_padding=&#8220;ppi_remove_padding_bottom&#8220;][vc_column][vc_column_text]<\/p>\n<h4>Registrierung<\/h4>\n<p>Registriere\u00a0dich in unserer App oder auf der Webseite mit deiner\u00a0<strong>Uni-Email-Adresse\u00a0<\/strong>(@students.uni-marburg.de). An die E-Mail-Adresse wird ein Best\u00e4tigungslink gesendet, die Freischaltung erfolgt nach der Verifizierung automatisch.<\/p>\n<p>Du bist bereits registriert, aber nicht mit deiner Uni-Email-Adresse oder du hast diese erst nach der Registrierung hinterlegt?\u00a0Dann logge dich auf unserer Webseite mit deinen Zugangsdaten ein, aktualisiere deine E-Mail Adresse und w\u00e4hle deine Uni als deinen Partner aus, oder informiere unseren Kundenservice unter 030-69205046.[\/vc_column_text][\/vc_column][\/vc_row][vc_row ppi_row_padding=&#8220;ppi_remove_padding_top&#8220;][vc_column][vc_column_text css=&#8220;&#8220;]<\/p>\n<h4>Konditionen<\/h4>\n<p>Bei jeder Ausleihe eines Fahrrads sind die <strong>ersten 60 Minuten in ganz Deutschland gratis*.<\/strong>\u00a0Bei einer Fahrtzeit von \u00fcber 60 Minuten wird f\u00fcr alle weiteren 30 Minuten 1 \u20ac f\u00e4llig. Der Tagesh\u00f6chstsatz betr\u00e4gt 5,00 \u20ac. Der Basistarif f\u00fcr <strong>E-Cargobikes in Marburg ist um 50 % reduziert<\/strong> und betr\u00e4gt f\u00fcr Studierende 0,50 \u20ac \/ 30 min (max. 20 \u20ac \/ 24 h)**. Nach beendeter Ausleihe, kannst Du nach 15 Minuten Unterbrechung wieder ein Rad zu verg\u00fcnstigten Konditionen ausleihen. Es k\u00f6nnen bis zu drei R\u00e4der gleichzeitig auf einen Account ausgeliehen werden. F\u00fcr alle drei gelten die Sonderkonditionen.[\/vc_column_text][vc_column_text css=&#8220;&#8220;]<span style=\"font-size: 12px;\">*Ausgenommen sind WK-Bike Bremen, StadtRad Greifswald, VAG_Rad N\u00fcrnberg, Usedomrad, OLi-Bike Oldenburg und MVG Rad M\u00fcnchen.<br \/>\n**E-Bikes und (e-)Cargobikes in anderen St\u00e4dten sind von der Verg\u00fcnstigung ausgeschlossen.<\/span>[\/vc_column_text][\/vc_column][\/vc_row]<\/p>\n<\/div>","protected":false},"excerpt":{"rendered":"<p>[vc_row][vc_column][vc_column_text] Studierende der Universit\u00e4t Marburg radeln g\u00fcnstiger! [\/vc_column_text][\/vc_column][\/vc_row][vc_row ppi_row_padding=&#8220;ppi_remove_padding_bottom&#8220;][vc_column][vc_column_text] Registrierung Registriere\u00a0dich in unserer App oder auf der Webseite mit deiner\u00a0Uni-Email-Adresse\u00a0(@students.uni-marburg.de). An die E-Mail-Adresse wird ein Best\u00e4tigungslink gesendet, die Freischaltung erfolgt nach der Verifizierung automatisch. Du bist bereits registriert, aber nicht mit deiner Uni-Email-Adresse oder du hast diese erst nach der Registrierung hinterlegt?\u00a0Dann logge dich auf [&hellip;]<\/p>\n","protected":false},"author":14,"featured_media":0,"parent":0,"menu_order":0,"comment_status":"closed","ping_status":"closed","template":"page-bubble.php","meta":{"_acf_changed":false,"inline_featured_image":false,"footnotes":""},"class_list":["post-121","page","type-page","status-publish","hentry"],"acf":[],"yoast_head":"<!-- This site is optimized with the Yoast SEO plugin v27.2 - https:\/\/yoast.com\/product\/yoast-seo-wordpress\/ -->\n<title>CAMPUSbike - Marburg International<\/title>\n<meta name=\"robots\" content=\"index, follow, max-snippet:-1, max-image-preview:large, max-video-preview:-1\" \/>\n<link rel=\"canonical\" href=\"https:\/\/www.nextbike.de\/marburg\/de\/campusbike\/\" \/>\n<meta property=\"og:locale\" content=\"de_DE\" \/>\n<meta property=\"og:type\" content=\"article\" \/>\n<meta property=\"og:title\" content=\"CAMPUSbike - Marburg International\" \/>\n<meta property=\"og:description\" content=\"[vc_row][vc_column][vc_column_text] Studierende der Universit\u00e4t Marburg radeln g\u00fcnstiger! [\/vc_column_text][\/vc_column][\/vc_row][vc_row ppi_row_padding=&#8220;ppi_remove_padding_bottom&#8220;][vc_column][vc_column_text] Registrierung Registriere\u00a0dich in unserer App oder auf der Webseite mit deiner\u00a0Uni-Email-Adresse\u00a0(@students.uni-marburg.de). An die E-Mail-Adresse wird ein Best\u00e4tigungslink gesendet, die Freischaltung erfolgt nach der Verifizierung automatisch. Du bist bereits registriert, aber nicht mit deiner Uni-Email-Adresse oder du hast diese erst nach der Registrierung hinterlegt?\u00a0Dann logge dich auf [&hellip;]\" \/>\n<meta property=\"og:url\" content=\"https:\/\/www.nextbike.de\/marburg\/de\/campusbike\/\" \/>\n<meta property=\"og:site_name\" content=\"Marburg International\" \/>\n<meta property=\"article:modified_time\" content=\"2024-10-07T12:29:04+00:00\" \/>\n<meta name=\"twitter:card\" content=\"summary_large_image\" \/>\n<meta name=\"twitter:label1\" content=\"Gesch\u00e4tzte Lesezeit\" \/>\n\t<meta name=\"twitter:data1\" content=\"1\u00a0Minute\" \/>\n<script type=\"application\/ld+json\" class=\"yoast-schema-graph\">{\"@context\":\"https:\/\/schema.org\",\"@graph\":[{\"@type\":\"WebPage\",\"@id\":\"https:\/\/www.nextbike.de\/marburg\/de\/campusbike\/\",\"url\":\"https:\/\/www.nextbike.de\/marburg\/de\/campusbike\/\",\"name\":\"CAMPUSbike - Marburg International\",\"isPartOf\":{\"@id\":\"https:\/\/www.nextbike.de\/marburg\/de\/#website\"},\"datePublished\":\"2022-11-03T12:24:41+00:00\",\"dateModified\":\"2024-10-07T12:29:04+00:00\",\"breadcrumb\":{\"@id\":\"https:\/\/www.nextbike.de\/marburg\/de\/campusbike\/#breadcrumb\"},\"inLanguage\":\"de\",\"potentialAction\":[{\"@type\":\"ReadAction\",\"target\":[\"https:\/\/www.nextbike.de\/marburg\/de\/campusbike\/\"]}]},{\"@type\":\"BreadcrumbList\",\"@id\":\"https:\/\/www.nextbike.de\/marburg\/de\/campusbike\/#breadcrumb\",\"itemListElement\":[{\"@type\":\"ListItem\",\"position\":1,\"name\":\"Startseite\",\"item\":\"https:\/\/www.nextbike.de\/marburg\/de\/\"},{\"@type\":\"ListItem\",\"position\":2,\"name\":\"CAMPUSbike\"}]},{\"@type\":\"WebSite\",\"@id\":\"https:\/\/www.nextbike.de\/marburg\/de\/#website\",\"url\":\"https:\/\/www.nextbike.de\/marburg\/de\/\",\"name\":\"Marburg International\",\"description\":\"Jetzt App downloaden und das Angebot von nextbike by TIER in Marburg nutzen!\",\"potentialAction\":[{\"@type\":\"SearchAction\",\"target\":{\"@type\":\"EntryPoint\",\"urlTemplate\":\"https:\/\/www.nextbike.de\/marburg\/de\/?s={search_term_string}\"},\"query-input\":{\"@type\":\"PropertyValueSpecification\",\"valueRequired\":true,\"valueName\":\"search_term_string\"}}],\"inLanguage\":\"de\"}]}<\/script>\n<!-- \/ Yoast SEO plugin. -->","yoast_head_json":{"title":"CAMPUSbike - Marburg International","robots":{"index":"index","follow":"follow","max-snippet":"max-snippet:-1","max-image-preview":"max-image-preview:large","max-video-preview":"max-video-preview:-1"},"canonical":"https:\/\/www.nextbike.de\/marburg\/de\/campusbike\/","og_locale":"de_DE","og_type":"article","og_title":"CAMPUSbike - Marburg International","og_description":"[vc_row][vc_column][vc_column_text] Studierende der Universit\u00e4t Marburg radeln g\u00fcnstiger! [\/vc_column_text][\/vc_column][\/vc_row][vc_row ppi_row_padding=&#8220;ppi_remove_padding_bottom&#8220;][vc_column][vc_column_text] Registrierung Registriere\u00a0dich in unserer App oder auf der Webseite mit deiner\u00a0Uni-Email-Adresse\u00a0(@students.uni-marburg.de). An die E-Mail-Adresse wird ein Best\u00e4tigungslink gesendet, die Freischaltung erfolgt nach der Verifizierung automatisch. Du bist bereits registriert, aber nicht mit deiner Uni-Email-Adresse oder du hast diese erst nach der Registrierung hinterlegt?\u00a0Dann logge dich auf [&hellip;]","og_url":"https:\/\/www.nextbike.de\/marburg\/de\/campusbike\/","og_site_name":"Marburg International","article_modified_time":"2024-10-07T12:29:04+00:00","twitter_card":"summary_large_image","twitter_misc":{"Gesch\u00e4tzte Lesezeit":"1\u00a0Minute"},"schema":{"@context":"https:\/\/schema.org","@graph":[{"@type":"WebPage","@id":"https:\/\/www.nextbike.de\/marburg\/de\/campusbike\/","url":"https:\/\/www.nextbike.de\/marburg\/de\/campusbike\/","name":"CAMPUSbike - Marburg International","isPartOf":{"@id":"https:\/\/www.nextbike.de\/marburg\/de\/#website"},"datePublished":"2022-11-03T12:24:41+00:00","dateModified":"2024-10-07T12:29:04+00:00","breadcrumb":{"@id":"https:\/\/www.nextbike.de\/marburg\/de\/campusbike\/#breadcrumb"},"inLanguage":"de","potentialAction":[{"@type":"ReadAction","target":["https:\/\/www.nextbike.de\/marburg\/de\/campusbike\/"]}]},{"@type":"BreadcrumbList","@id":"https:\/\/www.nextbike.de\/marburg\/de\/campusbike\/#breadcrumb","itemListElement":[{"@type":"ListItem","position":1,"name":"Startseite","item":"https:\/\/www.nextbike.de\/marburg\/de\/"},{"@type":"ListItem","position":2,"name":"CAMPUSbike"}]},{"@type":"WebSite","@id":"https:\/\/www.nextbike.de\/marburg\/de\/#website","url":"https:\/\/www.nextbike.de\/marburg\/de\/","name":"Marburg International","description":"Jetzt App downloaden und das Angebot von nextbike by TIER in Marburg nutzen!","potentialAction":[{"@type":"SearchAction","target":{"@type":"EntryPoint","urlTemplate":"https:\/\/www.nextbike.de\/marburg\/de\/?s={search_term_string}"},"query-input":{"@type":"PropertyValueSpecification","valueRequired":true,"valueName":"search_term_string"}}],"inLanguage":"de"}]}},"_links":{"self":[{"href":"https:\/\/www.nextbike.de\/marburg\/de\/wp-json\/wp\/v2\/pages\/121","targetHints":{"allow":["GET"]}}],"collection":[{"href":"https:\/\/www.nextbike.de\/marburg\/de\/wp-json\/wp\/v2\/pages"}],"about":[{"href":"https:\/\/www.nextbike.de\/marburg\/de\/wp-json\/wp\/v2\/types\/page"}],"author":[{"embeddable":true,"href":"https:\/\/www.nextbike.de\/marburg\/de\/wp-json\/wp\/v2\/users\/14"}],"replies":[{"embeddable":true,"href":"https:\/\/www.nextbike.de\/marburg\/de\/wp-json\/wp\/v2\/comments?post=121"}],"version-history":[{"count":11,"href":"https:\/\/www.nextbike.de\/marburg\/de\/wp-json\/wp\/v2\/pages\/121\/revisions"}],"predecessor-version":[{"id":500,"href":"https:\/\/www.nextbike.de\/marburg\/de\/wp-json\/wp\/v2\/pages\/121\/revisions\/500"}],"wp:attachment":[{"href":"https:\/\/www.nextbike.de\/marburg\/de\/wp-json\/wp\/v2\/media?parent=121"}],"curies":[{"name":"wp","href":"https:\/\/api.w.org\/{rel}","templated":true}]}}