{"id":65,"date":"2022-08-26T13:50:08","date_gmt":"2022-08-26T11:50:08","guid":{"rendered":"https:\/\/nextbike-live.pluspol-networks.de\/leipzig\/?page_id=65"},"modified":"2025-04-02T11:23:04","modified_gmt":"2025-04-02T09:23:04","slug":"gebuehr","status":"publish","type":"page","link":"https:\/\/www.nextbike.de\/leipzig\/de\/gebuehr\/","title":{"rendered":"Geb\u00fchr"},"content":{"rendered":"<div class=\"wpb-content-wrapper\"><p>[vc_row ppi_row_padding=&#8220;ppi_remove_padding_bottom&#8220;][vc_column][vc_column_text]<\/p>\n<h2>Informationen zu anfallenden Geb\u00fchren bei nextbike<\/h2>\n<p>[\/vc_column_text][\/vc_column][\/vc_row][vc_row ppi_row_padding=&#8220;ppi_remove_padding_bottom&#8220; css=&#8220;.vc_custom_1661861655332{padding-top: 50px !important;padding-bottom: 50px !important;}&#8220;][vc_column width=&#8220;1\/4&#8243;][vc_column_text]<span style=\"color: #004a99;\"><a style=\"color: #004a99;\" href=\"#1-gebuehr\">1 \u20ac Geb\u00fchr<\/a><\/span>[\/vc_column_text][\/vc_column][vc_column width=&#8220;1\/4&#8243;][vc_column_text]<span style=\"color: #004a99;\"><a style=\"color: #004a99;\" href=\"#20-gebuehr\">20 \u20ac Geb\u00fchr<\/a><\/span>[\/vc_column_text][\/vc_column][vc_column width=&#8220;1\/4&#8243;][vc_column_text]<a href=\"#rueckgabe-optionen\"><span style=\"color: #004a99;\">R\u00fcckgabe-Optionen<\/span><\/a>[\/vc_column_text][\/vc_column][vc_column width=&#8220;1\/4&#8243;][vc_column_text]<span style=\"color: #004a99;\"><a style=\"color: #004a99;\" href=\"#irrtuemliche-gebuehr\">Irrt\u00fcmliche-Geb\u00fchr<\/a><\/span>[\/vc_column_text][\/vc_column][\/vc_row][vc_row ppi_row_padding=&#8220;ppi_remove_padding_bottom&#8220; el_id=&#8220;1-gebuehr&#8220;][vc_column][vc_column_text css=&#8220;&#8220;]<strong>Anfallende Geb\u00fchr in H\u00f6he von 1 \u20ac<\/strong><\/p>\n<p>Du hast das Rad in der auf der Standortkarte gelb markierten Flexzone von Leipzig zur\u00fcckgegeben. Hierf\u00fcr wird regul\u00e4r ein Aufpreis von 1 \u20ac pro Ausleihe berechnet. An Stationen und innerhalb der wei\u00dfen (nicht-eingef\u00e4rbten) Zone\/Stra\u00dfen ist die R\u00fcckgabe ohne Aufpreis m\u00f6glich. Angefallene Geb\u00fchren kannst du in der Ausleih-Historie in deiner App oder in deinem Kundenkonto \u00fcber den Webseiten-Login einsehen.<\/p>\n<p>Angefallene Geb\u00fchren kannst du in der Ausleih-Historie in deiner App oder in deinem Kundenkonto \u00fcber den Webseiten-Login einsehen. Alle Preise und Tarife f\u00fcr das nextbike kannst du unter \u201e<a href=\"https:\/\/www.nextbike.de\/leipzig\/de\/\">Preise<\/a>\u201c einsehen.[\/vc_column_text][\/vc_column][\/vc_row][vc_row ppi_row_padding=&#8220;ppi_remove_padding_top,ppi_remove_padding_bottom&#8220; el_id=&#8220;20-gebuehr&#8220;][vc_column][vc_column_text css=&#8220;&#8220;]<strong>Anfallende Geb\u00fchr in H\u00f6he von 20 \u20ac<\/strong><\/p>\n<p>Du hast das Rad unsachgem\u00e4\u00df abseits der Flexzone von Leipzig, Schkeuditz oder Taucha zur\u00fcckgegeben. Hierf\u00fcr wird eine Geb\u00fchr von 20 \u20ac pro Ausleihe f\u00e4llig. Bei der ersten unsachgem\u00e4\u00dfen R\u00fcckgabe au\u00dferhalb der Flexzone berechnen wir diesen noch nicht. Bei Wiederholung wird die Geb\u00fchr automatisch berechnet.<\/p>\n<p>Du kannst die Geb\u00fchr noch abwenden: Gehe zur\u00fcck zum Rad und leihe es erneut aus. Mache dies nicht aus der Ferne, da das Schloss automatisch \u00f6ffnet. Die neue Ausleihe wird mit der alten verschmolzen und die Geb\u00fchr f\u00fcr unsachgem\u00e4\u00dfe R\u00fcckgabe gel\u00f6scht, wenn du das Rad nun ordnungsgem\u00e4\u00df zur\u00fcckgibst. Erfahre mehr \u00fcber das Verschmelzen von Ausleihen.<\/p>\n<p>Angefallene Geb\u00fchren kannst du in der Ausleih-Historie in deiner App oder in deinem Kundenkonto \u00fcber den Webseiten-Login einsehen. Alle Preise und Tarife f\u00fcr das nextbike kannst du unter \u201e<a href=\"https:\/\/www.nextbike.de\/leipzig\/de\/\">Preise<\/a>\u201c einsehen.[\/vc_column_text][\/vc_column][\/vc_row][vc_row ppi_row_padding=&#8220;ppi_remove_padding_bottom&#8220; equal_height=&#8220;yes&#8220; el_id=&#8220;rueckgabe-optionen&#8220; css=&#8220;.vc_custom_1661861186184{padding-top: 20px !important;padding-bottom: 20px !important;}&#8220;][vc_column][vc_column_text]<strong>Welche R\u00fcckgabe-Optionen hast du in Leipzig?<\/strong>[\/vc_column_text][\/vc_column][\/vc_row][vc_row ppi_row_padding=&#8220;ppi_remove_padding_top,ppi_remove_padding_bottom&#8220; css=&#8220;.vc_custom_1661861162695{padding-bottom: 20px !important;}&#8220;][vc_column width=&#8220;1\/4&#8243;][vc_tta_accordion active_section=&#8220;0&#8243; no_fill=&#8220;true&#8220; collapsible_all=&#8220;true&#8220;][vc_tta_section title=&#8220;In wei\u00dfen Stra\u00dfen&#8220; tab_id=&#8220;1661858599869-f828716e-9321&#8243;][vc_column_text css=&#8220;&#8220;]Du kannst unsere Standard-R\u00e4der in Leipzig, Schkeuditz und Taucha ohne Aufpreis auf jeder wei\u00dfen (nicht-eingef\u00e4rbten) Stra\u00dfe zur\u00fcckgeben. E-Cargobikes d\u00fcrfen nur an ihrer jeweiligen Heimatstation zur\u00fcckgegeben werden, die auf der Transportbox abgedruckt ist. Bitte achte darauf, das Rad so abzustellen, dass es niemanden behindert.[\/vc_column_text][\/vc_tta_section][\/vc_tta_accordion][\/vc_column][vc_column width=&#8220;1\/4&#8243;][vc_tta_accordion active_section=&#8220;0&#8243; collapsible_all=&#8220;true&#8220;][vc_tta_section title=&#8220;An Stationen&#8220; tab_id=&#8220;1661858704829-2ddc0bbe-2cd3&#8243;][vc_column_text css=&#8220;&#8220;]Du kannst unsere Standard-R\u00e4der in Leipzig, Schkeuditz und Taucha ohne Aufpreis an jeder offiziellen Station zur\u00fcckgeben. Die Stationen sind teilweise virtuell, d.h. nur in der Standorte der App sichtbar. E-Cargobikes d\u00fcrfen nur an ihrer jeweiligen Heimatstation zur\u00fcckgegeben werden, die auf der Transportbox abgedruckt ist. Bitte achte darauf, das Rad so abzustellen, dass es niemanden behindert.[\/vc_column_text][\/vc_tta_section][\/vc_tta_accordion][\/vc_column][vc_column width=&#8220;1\/4&#8243;][vc_tta_accordion active_section=&#8220;0&#8243; collapsible_all=&#8220;true&#8220;][vc_tta_section title=&#8220;In gelb markierten Zonen&#8220; tab_id=&#8220;1661858731766-a06400b9-7fa4&#8243;][vc_column_text css=&#8220;&#8220;]Du kannst unsere Standard-R\u00e4der in Leipzig f\u00fcr einen Aufpreis von 1 \u20ac auf jeder \u00f6ffentlichen Stra\u00dfe innerhalb der gelb eingef\u00e4rbten Flexzone zur\u00fcckgeben. E-Cargobikes d\u00fcrfen nur an ihrer jeweiligen Heimatstation zur\u00fcckgegeben werden, die auf der Transportbox abgedruckt ist. Bitte achte darauf, das Rad so abzustellen, dass es niemanden behindert.[\/vc_column_text][\/vc_tta_section][\/vc_tta_accordion][\/vc_column][vc_column width=&#8220;1\/4&#8243;][vc_tta_accordion active_section=&#8220;0&#8243; collapsible_all=&#8220;true&#8220;][vc_tta_section title=&#8220;Rote Zone&#8220; tab_id=&#8220;1661858035690-893f2366-5984&#8243;][vc_column_text css=&#8220;&#8220;]R\u00e4der d\u00fcrfen nicht abseits der genannten Orte in Leipzig, Schkeuditz oder Taucha abgestellt werden. F\u00fcr unsachgem\u00e4\u00dfe R\u00fcckgaben wird automatisch eine Geb\u00fchr von mind. 20 \u20ac berechnet.<\/p>\n<p>Du hast das Rad bereits abseits zur\u00fcckgegeben?\u00a0<a href=\"#verschmelzen\">Hier erf\u00e4hrst du, was du nun tun kannst.<\/a>[\/vc_column_text][\/vc_tta_section][\/vc_tta_accordion][\/vc_column][\/vc_row][vc_row ppi_row_padding=&#8220;ppi_remove_padding_bottom&#8220; el_id=&#8220;irrtuemliche-gebuehr&#8220;][vc_column][vc_column_text]<strong>Irrt\u00fcmliche Geb\u00fchren? Was nun?<\/strong><\/p>\n<p>Aufgrund von leichten GPS-Abweichungen kann es passieren, dass dir\u00a0eine Geb\u00fchr f\u00fcr unsachgem\u00e4\u00dfe R\u00fcckgabe berechnet wird, obwohl du das Rad an einer Station abgestellt hast. Kein Problem. Kontaktiere unsere Hotline unter\u00a0<a href=\"tel:+493069205046\">+49 (0) 30 69205046<\/a>\u00a0oder schicke uns eine Nachricht per App mit deiner registrierten Handynummer, Radnummer und kurzer Schilderung des Sachverhalts. Wir berichtigen die Ausleihe.[\/vc_column_text][vc_column_text el_id=&#8220;verschmelzen&#8220;]<strong>Ausleihen verschmelzen?<\/strong><\/p>\n<p>Aufeinanderfolgende Ausleihen desselben Rads werden\u00a0miteinander verschmolzen, wenn dies f\u00fcr den Nutzer die preiswertere Option ist. Konkret bedeutet dies, dass die endg\u00fcltige Ausleihdauer sich aus Startzeit der ersten und R\u00fcckgabezeit der zweiten Ausleihe berechnet. Die Pause zwischen den beiden Ausleihen wird\u00a0dann ebenfalls zur Fahrtzeit hinzugef\u00fcgt.<\/p>\n<p>W\u00e4re eine Verschmelzung beider Ausleihen die teurere Option,\u00a0werden beide Ausleihen einzeln abgerechnet.\u00a0Den endg\u00fcltigen Preis f\u00fcr deine Ausleihen kannst du in deiner Historie in\u00a0deiner App oder\u00a0in deinem Kundenkonto \u00fcber den Webseiten-Login einsehen.[\/vc_column_text][\/vc_column][\/vc_row]<\/p>\n<\/div>","protected":false},"excerpt":{"rendered":"<p>[vc_row ppi_row_padding=&#8220;ppi_remove_padding_bottom&#8220;][vc_column][vc_column_text] Informationen zu anfallenden Geb\u00fchren bei nextbike [\/vc_column_text][\/vc_column][\/vc_row][vc_row ppi_row_padding=&#8220;ppi_remove_padding_bottom&#8220; css=&#8220;.vc_custom_1661861655332{padding-top: 50px !important;padding-bottom: 50px !important;}&#8220;][vc_column width=&#8220;1\/4&#8243;][vc_column_text]1 \u20ac Geb\u00fchr[\/vc_column_text][\/vc_column][vc_column width=&#8220;1\/4&#8243;][vc_column_text]20 \u20ac Geb\u00fchr[\/vc_column_text][\/vc_column][vc_column width=&#8220;1\/4&#8243;][vc_column_text]R\u00fcckgabe-Optionen[\/vc_column_text][\/vc_column][vc_column width=&#8220;1\/4&#8243;][vc_column_text]Irrt\u00fcmliche-Geb\u00fchr[\/vc_column_text][\/vc_column][\/vc_row][vc_row ppi_row_padding=&#8220;ppi_remove_padding_bottom&#8220; el_id=&#8220;1-gebuehr&#8220;][vc_column][vc_column_text css=&#8220;&#8220;]Anfallende Geb\u00fchr in H\u00f6he von 1 \u20ac Du hast das Rad in der auf der Standortkarte gelb markierten Flexzone von Leipzig zur\u00fcckgegeben. Hierf\u00fcr wird regul\u00e4r ein Aufpreis von 1 \u20ac [&hellip;]<\/p>\n","protected":false},"author":2,"featured_media":0,"parent":0,"menu_order":0,"comment_status":"closed","ping_status":"closed","template":"page-bubble.php","meta":{"_acf_changed":false,"inline_featured_image":false,"footnotes":""},"class_list":["post-65","page","type-page","status-publish","hentry"],"acf":[],"yoast_head":"<!-- This site is optimized with the Yoast SEO plugin v27.2 - https:\/\/yoast.com\/product\/yoast-seo-wordpress\/ -->\n<title>Geb\u00fchr - nextbike Leipzig<\/title>\n<meta name=\"robots\" content=\"index, follow, max-snippet:-1, max-image-preview:large, max-video-preview:-1\" \/>\n<link rel=\"canonical\" href=\"https:\/\/www.nextbike.de\/leipzig\/de\/gebuehr\/\" \/>\n<meta property=\"og:locale\" content=\"de_DE\" \/>\n<meta property=\"og:type\" content=\"article\" \/>\n<meta property=\"og:title\" content=\"Geb\u00fchr - nextbike Leipzig\" \/>\n<meta property=\"og:description\" content=\"[vc_row ppi_row_padding=&#8220;ppi_remove_padding_bottom&#8220;][vc_column][vc_column_text] Informationen zu anfallenden Geb\u00fchren bei nextbike [\/vc_column_text][\/vc_column][\/vc_row][vc_row ppi_row_padding=&#8220;ppi_remove_padding_bottom&#8220; css=&#8220;.vc_custom_1661861655332{padding-top: 50px !important;padding-bottom: 50px !important;}&#8220;][vc_column width=&#8220;1\/4&#8243;][vc_column_text]1 \u20ac Geb\u00fchr[\/vc_column_text][\/vc_column][vc_column width=&#8220;1\/4&#8243;][vc_column_text]20 \u20ac Geb\u00fchr[\/vc_column_text][\/vc_column][vc_column width=&#8220;1\/4&#8243;][vc_column_text]R\u00fcckgabe-Optionen[\/vc_column_text][\/vc_column][vc_column width=&#8220;1\/4&#8243;][vc_column_text]Irrt\u00fcmliche-Geb\u00fchr[\/vc_column_text][\/vc_column][\/vc_row][vc_row ppi_row_padding=&#8220;ppi_remove_padding_bottom&#8220; el_id=&#8220;1-gebuehr&#8220;][vc_column][vc_column_text css=&#8220;&#8220;]Anfallende Geb\u00fchr in H\u00f6he von 1 \u20ac Du hast das Rad in der auf der Standortkarte gelb markierten Flexzone von Leipzig zur\u00fcckgegeben. Hierf\u00fcr wird regul\u00e4r ein Aufpreis von 1 \u20ac [&hellip;]\" \/>\n<meta property=\"og:url\" content=\"https:\/\/www.nextbike.de\/leipzig\/de\/gebuehr\/\" \/>\n<meta property=\"og:site_name\" content=\"nextbike Leipzig\" \/>\n<meta property=\"article:modified_time\" content=\"2025-04-02T09:23:04+00:00\" \/>\n<meta name=\"twitter:card\" content=\"summary_large_image\" \/>\n<meta name=\"twitter:label1\" content=\"Gesch\u00e4tzte Lesezeit\" \/>\n\t<meta name=\"twitter:data1\" content=\"3\u00a0Minuten\" \/>\n<script type=\"application\/ld+json\" class=\"yoast-schema-graph\">{\"@context\":\"https:\/\/schema.org\",\"@graph\":[{\"@type\":\"WebPage\",\"@id\":\"https:\/\/www.nextbike.de\/leipzig\/de\/gebuehr\/\",\"url\":\"https:\/\/www.nextbike.de\/leipzig\/de\/gebuehr\/\",\"name\":\"Geb\u00fchr - nextbike Leipzig\",\"isPartOf\":{\"@id\":\"https:\/\/www.nextbike.de\/leipzig\/de\/#website\"},\"datePublished\":\"2022-08-26T11:50:08+00:00\",\"dateModified\":\"2025-04-02T09:23:04+00:00\",\"breadcrumb\":{\"@id\":\"https:\/\/www.nextbike.de\/leipzig\/de\/gebuehr\/#breadcrumb\"},\"inLanguage\":\"de\",\"potentialAction\":[{\"@type\":\"ReadAction\",\"target\":[\"https:\/\/www.nextbike.de\/leipzig\/de\/gebuehr\/\"]}]},{\"@type\":\"BreadcrumbList\",\"@id\":\"https:\/\/www.nextbike.de\/leipzig\/de\/gebuehr\/#breadcrumb\",\"itemListElement\":[{\"@type\":\"ListItem\",\"position\":1,\"name\":\"Startseite\",\"item\":\"https:\/\/www.nextbike.de\/leipzig\/de\/\"},{\"@type\":\"ListItem\",\"position\":2,\"name\":\"Geb\u00fchr\"}]},{\"@type\":\"WebSite\",\"@id\":\"https:\/\/www.nextbike.de\/leipzig\/de\/#website\",\"url\":\"https:\/\/www.nextbike.de\/leipzig\/de\/\",\"name\":\"nextbike Leipzig\",\"description\":\"App downloaden und nextbike in Leipzig fahren!\",\"potentialAction\":[{\"@type\":\"SearchAction\",\"target\":{\"@type\":\"EntryPoint\",\"urlTemplate\":\"https:\/\/www.nextbike.de\/leipzig\/de\/?s={search_term_string}\"},\"query-input\":{\"@type\":\"PropertyValueSpecification\",\"valueRequired\":true,\"valueName\":\"search_term_string\"}}],\"inLanguage\":\"de\"}]}<\/script>\n<!-- \/ Yoast SEO plugin. -->","yoast_head_json":{"title":"Geb\u00fchr - nextbike Leipzig","robots":{"index":"index","follow":"follow","max-snippet":"max-snippet:-1","max-image-preview":"max-image-preview:large","max-video-preview":"max-video-preview:-1"},"canonical":"https:\/\/www.nextbike.de\/leipzig\/de\/gebuehr\/","og_locale":"de_DE","og_type":"article","og_title":"Geb\u00fchr - nextbike Leipzig","og_description":"[vc_row ppi_row_padding=&#8220;ppi_remove_padding_bottom&#8220;][vc_column][vc_column_text] Informationen zu anfallenden Geb\u00fchren bei nextbike [\/vc_column_text][\/vc_column][\/vc_row][vc_row ppi_row_padding=&#8220;ppi_remove_padding_bottom&#8220; css=&#8220;.vc_custom_1661861655332{padding-top: 50px !important;padding-bottom: 50px !important;}&#8220;][vc_column width=&#8220;1\/4&#8243;][vc_column_text]1 \u20ac Geb\u00fchr[\/vc_column_text][\/vc_column][vc_column width=&#8220;1\/4&#8243;][vc_column_text]20 \u20ac Geb\u00fchr[\/vc_column_text][\/vc_column][vc_column width=&#8220;1\/4&#8243;][vc_column_text]R\u00fcckgabe-Optionen[\/vc_column_text][\/vc_column][vc_column width=&#8220;1\/4&#8243;][vc_column_text]Irrt\u00fcmliche-Geb\u00fchr[\/vc_column_text][\/vc_column][\/vc_row][vc_row ppi_row_padding=&#8220;ppi_remove_padding_bottom&#8220; el_id=&#8220;1-gebuehr&#8220;][vc_column][vc_column_text css=&#8220;&#8220;]Anfallende Geb\u00fchr in H\u00f6he von 1 \u20ac Du hast das Rad in der auf der Standortkarte gelb markierten Flexzone von Leipzig zur\u00fcckgegeben. Hierf\u00fcr wird regul\u00e4r ein Aufpreis von 1 \u20ac [&hellip;]","og_url":"https:\/\/www.nextbike.de\/leipzig\/de\/gebuehr\/","og_site_name":"nextbike Leipzig","article_modified_time":"2025-04-02T09:23:04+00:00","twitter_card":"summary_large_image","twitter_misc":{"Gesch\u00e4tzte Lesezeit":"3\u00a0Minuten"},"schema":{"@context":"https:\/\/schema.org","@graph":[{"@type":"WebPage","@id":"https:\/\/www.nextbike.de\/leipzig\/de\/gebuehr\/","url":"https:\/\/www.nextbike.de\/leipzig\/de\/gebuehr\/","name":"Geb\u00fchr - nextbike Leipzig","isPartOf":{"@id":"https:\/\/www.nextbike.de\/leipzig\/de\/#website"},"datePublished":"2022-08-26T11:50:08+00:00","dateModified":"2025-04-02T09:23:04+00:00","breadcrumb":{"@id":"https:\/\/www.nextbike.de\/leipzig\/de\/gebuehr\/#breadcrumb"},"inLanguage":"de","potentialAction":[{"@type":"ReadAction","target":["https:\/\/www.nextbike.de\/leipzig\/de\/gebuehr\/"]}]},{"@type":"BreadcrumbList","@id":"https:\/\/www.nextbike.de\/leipzig\/de\/gebuehr\/#breadcrumb","itemListElement":[{"@type":"ListItem","position":1,"name":"Startseite","item":"https:\/\/www.nextbike.de\/leipzig\/de\/"},{"@type":"ListItem","position":2,"name":"Geb\u00fchr"}]},{"@type":"WebSite","@id":"https:\/\/www.nextbike.de\/leipzig\/de\/#website","url":"https:\/\/www.nextbike.de\/leipzig\/de\/","name":"nextbike Leipzig","description":"App downloaden und nextbike in Leipzig fahren!","potentialAction":[{"@type":"SearchAction","target":{"@type":"EntryPoint","urlTemplate":"https:\/\/www.nextbike.de\/leipzig\/de\/?s={search_term_string}"},"query-input":{"@type":"PropertyValueSpecification","valueRequired":true,"valueName":"search_term_string"}}],"inLanguage":"de"}]}},"_links":{"self":[{"href":"https:\/\/www.nextbike.de\/leipzig\/de\/wp-json\/wp\/v2\/pages\/65","targetHints":{"allow":["GET"]}}],"collection":[{"href":"https:\/\/www.nextbike.de\/leipzig\/de\/wp-json\/wp\/v2\/pages"}],"about":[{"href":"https:\/\/www.nextbike.de\/leipzig\/de\/wp-json\/wp\/v2\/types\/page"}],"author":[{"embeddable":true,"href":"https:\/\/www.nextbike.de\/leipzig\/de\/wp-json\/wp\/v2\/users\/2"}],"replies":[{"embeddable":true,"href":"https:\/\/www.nextbike.de\/leipzig\/de\/wp-json\/wp\/v2\/comments?post=65"}],"version-history":[{"count":14,"href":"https:\/\/www.nextbike.de\/leipzig\/de\/wp-json\/wp\/v2\/pages\/65\/revisions"}],"predecessor-version":[{"id":390,"href":"https:\/\/www.nextbike.de\/leipzig\/de\/wp-json\/wp\/v2\/pages\/65\/revisions\/390"}],"wp:attachment":[{"href":"https:\/\/www.nextbike.de\/leipzig\/de\/wp-json\/wp\/v2\/media?parent=65"}],"curies":[{"name":"wp","href":"https:\/\/api.w.org\/{rel}","templated":true}]}}