{"id":92,"date":"2022-09-15T10:46:00","date_gmt":"2022-09-15T08:46:00","guid":{"rendered":"https:\/\/nextbike-live.pluspol-networks.de\/kassel\/campusbike-copy\/"},"modified":"2023-03-22T13:33:17","modified_gmt":"2023-03-22T12:33:17","slug":"partner","status":"publish","type":"page","link":"https:\/\/www.nextbike.de\/kassel\/de\/partner\/","title":{"rendered":"Partner"},"content":{"rendered":"<div class=\"wpb-content-wrapper\"><p>[vc_row][vc_column][vc_column_text]<\/p>\n<div class=\" component\">\n<div class=\"row\">\n<div class=\"col-xs-12 html-content\">\n<div class=\" component\">\n<div class=\"row\">\n<div class=\"col-xs-12 html-content\">\n<h2>Partner<\/h2>\n<p>&nbsp;<\/p>\n<h4>Stadt Kassel<\/h4>\n<p data-pm-slice=\"1 1 []\">Mitarbeitende der Stadtverwaltung Kassel profitieren von 60 Freiminuten pro Ausleihe nach Verifizierung \u00fcber Email-Adresse. Im Anschluss kosten jede weiteren 15 Minuten 1 \u20ac, 24 Stunden max. 15 \u20ac.<br \/>\nDas Angebot gilt nur in Kassel und f\u00fcr 1 Fahrrad pro Ausleihvorgang.<\/p>\n<p>&nbsp;<\/p>\n<\/div>\n<\/div>\n<\/div>\n<div class=\" \">\n<div class=\"row\">\n<h4 class=\"col-xs-12 content-br\">Kasseler Verkehrsgesellschaft (KVG)<\/h4>\n<\/div>\n<\/div>\n<div class=\" component\">\n<div class=\"row\">\n<div class=\"col-xs-12 html-content\">\n<p data-pm-slice=\"1 1 []\">Mitarbeitende der KVG , KVV und deren Konzerngesellschaften profitieren von 60 Freiminuten pro Ausleihe f\u00fcr Mitarbeitende der Kasseler Verkehrs-Gesellschaft nach Verifizierung \u00fcber Email-Adresse. Im Anschluss kosten jede weiteren 15 Minuten 1 \u20ac, 24 Stunden max. 15 \u20ac. Das Angebot gilt nur in Kassel und f\u00fcr 1 Fahrrad pro Ausleihvorgang.<\/p>\n<p data-pm-slice=\"1 1 []\">\n<\/div>\n<\/div>\n<\/div>\n<\/div>\n<\/div>\n<\/div>\n<div class=\" component\">\n<div class=\"row\">\n<div class=\"col-xs-12 html-content\">\n<div class=\" \">\n<div class=\"row\">\n<div class=\"col-xs-12\">\n<h4><\/h4>\n<h4><\/h4>\n<h4><\/h4>\n<h4><\/h4>\n<h4><\/h4>\n<h4><\/h4>\n<h4><\/h4>\n<h4><\/h4>\n<p>&nbsp;<\/p>\n<h4 class=\"horizontal-ruler primary-background\">Verkehrsverbund- und F\u00f6rdergesellschaft Nordhessen mbH (NVV)<\/h4>\n<p data-pm-slice=\"1 1 []\">Abo-Kundinnen der NVV k\u00f6nnen die ersten 60 Minuten pro Ausleihe kostenlos radeln. Danach gilt der Basistarif. Die Verg\u00fcnstigung gilt nur f\u00fcr das erste Rad bei jeder Ausleihe. Um die Verg\u00fcnstigung zu erhalten, einfach beim Registrieren NVV-Abo (KVG) beim Partner in der Wallet ausw\u00e4hlen und die Abo-Nummer angeben.<\/p>\n<\/div>\n<\/div>\n<\/div>\n<\/div>\n<\/div>\n<\/div>\n<p>[\/vc_column_text][\/vc_column][\/vc_row]<\/p>\n<\/div>","protected":false},"excerpt":{"rendered":"<p>[vc_row][vc_column][vc_column_text] Partner &nbsp; Stadt Kassel Mitarbeitende der Stadtverwaltung Kassel profitieren von 60 Freiminuten pro Ausleihe nach Verifizierung \u00fcber Email-Adresse. Im Anschluss kosten jede weiteren 15 Minuten 1 \u20ac, 24 Stunden max. 15 \u20ac. Das Angebot gilt nur in Kassel und f\u00fcr 1 Fahrrad pro Ausleihvorgang. &nbsp; Kasseler Verkehrsgesellschaft (KVG) Mitarbeitende der KVG , KVV und [&hellip;]<\/p>\n","protected":false},"author":12,"featured_media":0,"parent":0,"menu_order":0,"comment_status":"closed","ping_status":"closed","template":"page-bubble.php","meta":{"_acf_changed":false,"inline_featured_image":false,"footnotes":""},"class_list":["post-92","page","type-page","status-publish","hentry"],"acf":[],"yoast_head":"<!-- This site is optimized with the Yoast SEO plugin v27.2 - https:\/\/yoast.com\/product\/yoast-seo-wordpress\/ -->\n<title>Partner - nextbike Kassel<\/title>\n<meta name=\"robots\" content=\"index, follow, max-snippet:-1, max-image-preview:large, max-video-preview:-1\" \/>\n<link rel=\"canonical\" href=\"https:\/\/www.nextbike.de\/kassel\/de\/partner\/\" \/>\n<meta property=\"og:locale\" content=\"de_DE\" \/>\n<meta property=\"og:type\" content=\"article\" \/>\n<meta property=\"og:title\" content=\"Partner - nextbike Kassel\" \/>\n<meta property=\"og:description\" content=\"[vc_row][vc_column][vc_column_text] Partner &nbsp; Stadt Kassel Mitarbeitende der Stadtverwaltung Kassel profitieren von 60 Freiminuten pro Ausleihe nach Verifizierung \u00fcber Email-Adresse. Im Anschluss kosten jede weiteren 15 Minuten 1 \u20ac, 24 Stunden max. 15 \u20ac. Das Angebot gilt nur in Kassel und f\u00fcr 1 Fahrrad pro Ausleihvorgang. &nbsp; Kasseler Verkehrsgesellschaft (KVG) Mitarbeitende der KVG , KVV und [&hellip;]\" \/>\n<meta property=\"og:url\" content=\"https:\/\/www.nextbike.de\/kassel\/de\/partner\/\" \/>\n<meta property=\"og:site_name\" content=\"nextbike Kassel\" \/>\n<meta property=\"article:modified_time\" content=\"2023-03-22T12:33:17+00:00\" \/>\n<meta name=\"twitter:card\" content=\"summary_large_image\" \/>\n<meta name=\"twitter:label1\" content=\"Gesch\u00e4tzte Lesezeit\" \/>\n\t<meta name=\"twitter:data1\" content=\"1\u00a0Minute\" \/>\n<script type=\"application\/ld+json\" class=\"yoast-schema-graph\">{\"@context\":\"https:\/\/schema.org\",\"@graph\":[{\"@type\":\"WebPage\",\"@id\":\"https:\/\/www.nextbike.de\/kassel\/de\/partner\/\",\"url\":\"https:\/\/www.nextbike.de\/kassel\/de\/partner\/\",\"name\":\"Partner - nextbike Kassel\",\"isPartOf\":{\"@id\":\"https:\/\/www.nextbike.de\/kassel\/de\/#website\"},\"datePublished\":\"2022-09-15T08:46:00+00:00\",\"dateModified\":\"2023-03-22T12:33:17+00:00\",\"breadcrumb\":{\"@id\":\"https:\/\/www.nextbike.de\/kassel\/de\/partner\/#breadcrumb\"},\"inLanguage\":\"de\",\"potentialAction\":[{\"@type\":\"ReadAction\",\"target\":[\"https:\/\/www.nextbike.de\/kassel\/de\/partner\/\"]}]},{\"@type\":\"BreadcrumbList\",\"@id\":\"https:\/\/www.nextbike.de\/kassel\/de\/partner\/#breadcrumb\",\"itemListElement\":[{\"@type\":\"ListItem\",\"position\":1,\"name\":\"Startseite\",\"item\":\"https:\/\/www.nextbike.de\/kassel\/de\/\"},{\"@type\":\"ListItem\",\"position\":2,\"name\":\"Partner\"}]},{\"@type\":\"WebSite\",\"@id\":\"https:\/\/www.nextbike.de\/kassel\/de\/#website\",\"url\":\"https:\/\/www.nextbike.de\/kassel\/de\/\",\"name\":\"nextbike Kassel\",\"description\":\"Jetzt Fahrrad in Kassel mieten.\",\"potentialAction\":[{\"@type\":\"SearchAction\",\"target\":{\"@type\":\"EntryPoint\",\"urlTemplate\":\"https:\/\/www.nextbike.de\/kassel\/de\/?s={search_term_string}\"},\"query-input\":{\"@type\":\"PropertyValueSpecification\",\"valueRequired\":true,\"valueName\":\"search_term_string\"}}],\"inLanguage\":\"de\"}]}<\/script>\n<!-- \/ Yoast SEO plugin. -->","yoast_head_json":{"title":"Partner - nextbike Kassel","robots":{"index":"index","follow":"follow","max-snippet":"max-snippet:-1","max-image-preview":"max-image-preview:large","max-video-preview":"max-video-preview:-1"},"canonical":"https:\/\/www.nextbike.de\/kassel\/de\/partner\/","og_locale":"de_DE","og_type":"article","og_title":"Partner - nextbike Kassel","og_description":"[vc_row][vc_column][vc_column_text] Partner &nbsp; Stadt Kassel Mitarbeitende der Stadtverwaltung Kassel profitieren von 60 Freiminuten pro Ausleihe nach Verifizierung \u00fcber Email-Adresse. Im Anschluss kosten jede weiteren 15 Minuten 1 \u20ac, 24 Stunden max. 15 \u20ac. Das Angebot gilt nur in Kassel und f\u00fcr 1 Fahrrad pro Ausleihvorgang. &nbsp; Kasseler Verkehrsgesellschaft (KVG) Mitarbeitende der KVG , KVV und [&hellip;]","og_url":"https:\/\/www.nextbike.de\/kassel\/de\/partner\/","og_site_name":"nextbike Kassel","article_modified_time":"2023-03-22T12:33:17+00:00","twitter_card":"summary_large_image","twitter_misc":{"Gesch\u00e4tzte Lesezeit":"1\u00a0Minute"},"schema":{"@context":"https:\/\/schema.org","@graph":[{"@type":"WebPage","@id":"https:\/\/www.nextbike.de\/kassel\/de\/partner\/","url":"https:\/\/www.nextbike.de\/kassel\/de\/partner\/","name":"Partner - nextbike Kassel","isPartOf":{"@id":"https:\/\/www.nextbike.de\/kassel\/de\/#website"},"datePublished":"2022-09-15T08:46:00+00:00","dateModified":"2023-03-22T12:33:17+00:00","breadcrumb":{"@id":"https:\/\/www.nextbike.de\/kassel\/de\/partner\/#breadcrumb"},"inLanguage":"de","potentialAction":[{"@type":"ReadAction","target":["https:\/\/www.nextbike.de\/kassel\/de\/partner\/"]}]},{"@type":"BreadcrumbList","@id":"https:\/\/www.nextbike.de\/kassel\/de\/partner\/#breadcrumb","itemListElement":[{"@type":"ListItem","position":1,"name":"Startseite","item":"https:\/\/www.nextbike.de\/kassel\/de\/"},{"@type":"ListItem","position":2,"name":"Partner"}]},{"@type":"WebSite","@id":"https:\/\/www.nextbike.de\/kassel\/de\/#website","url":"https:\/\/www.nextbike.de\/kassel\/de\/","name":"nextbike Kassel","description":"Jetzt Fahrrad in Kassel mieten.","potentialAction":[{"@type":"SearchAction","target":{"@type":"EntryPoint","urlTemplate":"https:\/\/www.nextbike.de\/kassel\/de\/?s={search_term_string}"},"query-input":{"@type":"PropertyValueSpecification","valueRequired":true,"valueName":"search_term_string"}}],"inLanguage":"de"}]}},"_links":{"self":[{"href":"https:\/\/www.nextbike.de\/kassel\/de\/wp-json\/wp\/v2\/pages\/92","targetHints":{"allow":["GET"]}}],"collection":[{"href":"https:\/\/www.nextbike.de\/kassel\/de\/wp-json\/wp\/v2\/pages"}],"about":[{"href":"https:\/\/www.nextbike.de\/kassel\/de\/wp-json\/wp\/v2\/types\/page"}],"author":[{"embeddable":true,"href":"https:\/\/www.nextbike.de\/kassel\/de\/wp-json\/wp\/v2\/users\/12"}],"replies":[{"embeddable":true,"href":"https:\/\/www.nextbike.de\/kassel\/de\/wp-json\/wp\/v2\/comments?post=92"}],"version-history":[{"count":10,"href":"https:\/\/www.nextbike.de\/kassel\/de\/wp-json\/wp\/v2\/pages\/92\/revisions"}],"predecessor-version":[{"id":193,"href":"https:\/\/www.nextbike.de\/kassel\/de\/wp-json\/wp\/v2\/pages\/92\/revisions\/193"}],"wp:attachment":[{"href":"https:\/\/www.nextbike.de\/kassel\/de\/wp-json\/wp\/v2\/media?parent=92"}],"curies":[{"name":"wp","href":"https:\/\/api.w.org\/{rel}","templated":true}]}}