{"id":84,"date":"2022-09-15T10:25:43","date_gmt":"2022-09-15T08:25:43","guid":{"rendered":"https:\/\/nextbike-live.pluspol-networks.de\/kassel\/?page_id=84"},"modified":"2023-01-03T11:14:03","modified_gmt":"2023-01-03T10:14:03","slug":"campusbike","status":"publish","type":"page","link":"https:\/\/www.nextbike.de\/kassel\/de\/campusbike\/","title":{"rendered":"CAMPUSbike"},"content":{"rendered":"<div class=\"wpb-content-wrapper\"><p>[vc_row][vc_column][vc_column_text]<\/p>\n<div class=\" component\">\n<div class=\"row\">\n<div class=\"col-xs-12 html-content\">\n<h2>Studierende der Universit\u00e4t Kassel radeln g\u00fcnstiger!<\/h2>\n<p>&nbsp;<\/p>\n<\/div>\n<\/div>\n<\/div>\n<h3>Registrierung<\/h3>\n<div class=\" component\">\n<div class=\"row\">\n<div class=\"col-xs-12 html-content\">\n<p>Registriere\u00a0dich per App oder Webseite mit deiner\u00a0<strong>Uni-Email-Adresse<\/strong>. An die E-Mail-Adresse wird ein Best\u00e4tigungslink gesendet, die Freischaltung erfolgt nach der Verifizierung automatisch.<\/p>\n<p>Du bist bereits registriert, aber nicht mit deiner Uni-Email-Adresse oder du hast diese erst nach der Registrierung hinterlegt? Informiere unseren Kundenservice unter 030-69205046. Dein Kundenkonto wird von uns umgestellt.<\/p>\n<h3>Konditionen<\/h3>\n<p>Bei jeder Ausleihe sind die\u00a0<strong>ersten 60 Minuten innerhalb Deutschlands gratis<\/strong>*. Bei einer Fahrtzeit von \u00fcber 60 Minuten wird f\u00fcr alle weiteren 30 Minuten 1 \u20ac f\u00e4llig. Der Tagesh\u00f6chstsatz betr\u00e4gt 5,00 \u20ac. Nach beendeter Ausleihe, kannst Du nach 15 Minuten Unterbrechung wieder ein Rad kostenlos ausleihen. Es k\u00f6nnen bis zu drei R\u00e4der gleichzeitig auf einen Account ausgeliehen werden. F\u00fcr alle drei gelten die Sonderkonditionen.<\/p>\n<p>*Ausgenommen sind WK-Bike Bremen, OLi-Bike Oldenburg, VAG_Rad N\u00fcrnberg, Usedomrad, StadtRad Greifswald und MVG Rad M\u00fcnchen.<\/p>\n<\/div>\n<\/div>\n<\/div>\n<p>[\/vc_column_text][\/vc_column][\/vc_row]<\/p>\n<\/div>","protected":false},"excerpt":{"rendered":"<p>[vc_row][vc_column][vc_column_text] Studierende der Universit\u00e4t Kassel radeln g\u00fcnstiger! &nbsp; Registrierung Registriere\u00a0dich per App oder Webseite mit deiner\u00a0Uni-Email-Adresse. An die E-Mail-Adresse wird ein Best\u00e4tigungslink gesendet, die Freischaltung erfolgt nach der Verifizierung automatisch. Du bist bereits registriert, aber nicht mit deiner Uni-Email-Adresse oder du hast diese erst nach der Registrierung hinterlegt? Informiere unseren Kundenservice unter 030-69205046. Dein Kundenkonto [&hellip;]<\/p>\n","protected":false},"author":12,"featured_media":0,"parent":0,"menu_order":0,"comment_status":"closed","ping_status":"closed","template":"page-bubble.php","meta":{"_acf_changed":false,"inline_featured_image":false,"footnotes":""},"class_list":["post-84","page","type-page","status-publish","hentry"],"acf":[],"yoast_head":"<!-- This site is optimized with the Yoast SEO plugin v27.2 - https:\/\/yoast.com\/product\/yoast-seo-wordpress\/ -->\n<title>CAMPUSbike - nextbike Kassel<\/title>\n<meta name=\"robots\" content=\"index, follow, max-snippet:-1, max-image-preview:large, max-video-preview:-1\" \/>\n<link rel=\"canonical\" href=\"https:\/\/www.nextbike.de\/kassel\/de\/campusbike\/\" \/>\n<meta property=\"og:locale\" content=\"de_DE\" \/>\n<meta property=\"og:type\" content=\"article\" \/>\n<meta property=\"og:title\" content=\"CAMPUSbike - nextbike Kassel\" \/>\n<meta property=\"og:description\" content=\"[vc_row][vc_column][vc_column_text] Studierende der Universit\u00e4t Kassel radeln g\u00fcnstiger! &nbsp; Registrierung Registriere\u00a0dich per App oder Webseite mit deiner\u00a0Uni-Email-Adresse. An die E-Mail-Adresse wird ein Best\u00e4tigungslink gesendet, die Freischaltung erfolgt nach der Verifizierung automatisch. Du bist bereits registriert, aber nicht mit deiner Uni-Email-Adresse oder du hast diese erst nach der Registrierung hinterlegt? Informiere unseren Kundenservice unter 030-69205046. Dein Kundenkonto [&hellip;]\" \/>\n<meta property=\"og:url\" content=\"https:\/\/www.nextbike.de\/kassel\/de\/campusbike\/\" \/>\n<meta property=\"og:site_name\" content=\"nextbike Kassel\" \/>\n<meta property=\"article:modified_time\" content=\"2023-01-03T10:14:03+00:00\" \/>\n<meta name=\"twitter:card\" content=\"summary_large_image\" \/>\n<meta name=\"twitter:label1\" content=\"Gesch\u00e4tzte Lesezeit\" \/>\n\t<meta name=\"twitter:data1\" content=\"1\u00a0Minute\" \/>\n<script type=\"application\/ld+json\" class=\"yoast-schema-graph\">{\"@context\":\"https:\/\/schema.org\",\"@graph\":[{\"@type\":\"WebPage\",\"@id\":\"https:\/\/www.nextbike.de\/kassel\/de\/campusbike\/\",\"url\":\"https:\/\/www.nextbike.de\/kassel\/de\/campusbike\/\",\"name\":\"CAMPUSbike - nextbike Kassel\",\"isPartOf\":{\"@id\":\"https:\/\/www.nextbike.de\/kassel\/de\/#website\"},\"datePublished\":\"2022-09-15T08:25:43+00:00\",\"dateModified\":\"2023-01-03T10:14:03+00:00\",\"breadcrumb\":{\"@id\":\"https:\/\/www.nextbike.de\/kassel\/de\/campusbike\/#breadcrumb\"},\"inLanguage\":\"de\",\"potentialAction\":[{\"@type\":\"ReadAction\",\"target\":[\"https:\/\/www.nextbike.de\/kassel\/de\/campusbike\/\"]}]},{\"@type\":\"BreadcrumbList\",\"@id\":\"https:\/\/www.nextbike.de\/kassel\/de\/campusbike\/#breadcrumb\",\"itemListElement\":[{\"@type\":\"ListItem\",\"position\":1,\"name\":\"Startseite\",\"item\":\"https:\/\/www.nextbike.de\/kassel\/de\/\"},{\"@type\":\"ListItem\",\"position\":2,\"name\":\"CAMPUSbike\"}]},{\"@type\":\"WebSite\",\"@id\":\"https:\/\/www.nextbike.de\/kassel\/de\/#website\",\"url\":\"https:\/\/www.nextbike.de\/kassel\/de\/\",\"name\":\"nextbike Kassel\",\"description\":\"Jetzt Fahrrad in Kassel mieten.\",\"potentialAction\":[{\"@type\":\"SearchAction\",\"target\":{\"@type\":\"EntryPoint\",\"urlTemplate\":\"https:\/\/www.nextbike.de\/kassel\/de\/?s={search_term_string}\"},\"query-input\":{\"@type\":\"PropertyValueSpecification\",\"valueRequired\":true,\"valueName\":\"search_term_string\"}}],\"inLanguage\":\"de\"}]}<\/script>\n<!-- \/ Yoast SEO plugin. -->","yoast_head_json":{"title":"CAMPUSbike - nextbike Kassel","robots":{"index":"index","follow":"follow","max-snippet":"max-snippet:-1","max-image-preview":"max-image-preview:large","max-video-preview":"max-video-preview:-1"},"canonical":"https:\/\/www.nextbike.de\/kassel\/de\/campusbike\/","og_locale":"de_DE","og_type":"article","og_title":"CAMPUSbike - nextbike Kassel","og_description":"[vc_row][vc_column][vc_column_text] Studierende der Universit\u00e4t Kassel radeln g\u00fcnstiger! &nbsp; Registrierung Registriere\u00a0dich per App oder Webseite mit deiner\u00a0Uni-Email-Adresse. An die E-Mail-Adresse wird ein Best\u00e4tigungslink gesendet, die Freischaltung erfolgt nach der Verifizierung automatisch. Du bist bereits registriert, aber nicht mit deiner Uni-Email-Adresse oder du hast diese erst nach der Registrierung hinterlegt? Informiere unseren Kundenservice unter 030-69205046. Dein Kundenkonto [&hellip;]","og_url":"https:\/\/www.nextbike.de\/kassel\/de\/campusbike\/","og_site_name":"nextbike Kassel","article_modified_time":"2023-01-03T10:14:03+00:00","twitter_card":"summary_large_image","twitter_misc":{"Gesch\u00e4tzte Lesezeit":"1\u00a0Minute"},"schema":{"@context":"https:\/\/schema.org","@graph":[{"@type":"WebPage","@id":"https:\/\/www.nextbike.de\/kassel\/de\/campusbike\/","url":"https:\/\/www.nextbike.de\/kassel\/de\/campusbike\/","name":"CAMPUSbike - nextbike Kassel","isPartOf":{"@id":"https:\/\/www.nextbike.de\/kassel\/de\/#website"},"datePublished":"2022-09-15T08:25:43+00:00","dateModified":"2023-01-03T10:14:03+00:00","breadcrumb":{"@id":"https:\/\/www.nextbike.de\/kassel\/de\/campusbike\/#breadcrumb"},"inLanguage":"de","potentialAction":[{"@type":"ReadAction","target":["https:\/\/www.nextbike.de\/kassel\/de\/campusbike\/"]}]},{"@type":"BreadcrumbList","@id":"https:\/\/www.nextbike.de\/kassel\/de\/campusbike\/#breadcrumb","itemListElement":[{"@type":"ListItem","position":1,"name":"Startseite","item":"https:\/\/www.nextbike.de\/kassel\/de\/"},{"@type":"ListItem","position":2,"name":"CAMPUSbike"}]},{"@type":"WebSite","@id":"https:\/\/www.nextbike.de\/kassel\/de\/#website","url":"https:\/\/www.nextbike.de\/kassel\/de\/","name":"nextbike Kassel","description":"Jetzt Fahrrad in Kassel mieten.","potentialAction":[{"@type":"SearchAction","target":{"@type":"EntryPoint","urlTemplate":"https:\/\/www.nextbike.de\/kassel\/de\/?s={search_term_string}"},"query-input":{"@type":"PropertyValueSpecification","valueRequired":true,"valueName":"search_term_string"}}],"inLanguage":"de"}]}},"_links":{"self":[{"href":"https:\/\/www.nextbike.de\/kassel\/de\/wp-json\/wp\/v2\/pages\/84","targetHints":{"allow":["GET"]}}],"collection":[{"href":"https:\/\/www.nextbike.de\/kassel\/de\/wp-json\/wp\/v2\/pages"}],"about":[{"href":"https:\/\/www.nextbike.de\/kassel\/de\/wp-json\/wp\/v2\/types\/page"}],"author":[{"embeddable":true,"href":"https:\/\/www.nextbike.de\/kassel\/de\/wp-json\/wp\/v2\/users\/12"}],"replies":[{"embeddable":true,"href":"https:\/\/www.nextbike.de\/kassel\/de\/wp-json\/wp\/v2\/comments?post=84"}],"version-history":[{"count":5,"href":"https:\/\/www.nextbike.de\/kassel\/de\/wp-json\/wp\/v2\/pages\/84\/revisions"}],"predecessor-version":[{"id":182,"href":"https:\/\/www.nextbike.de\/kassel\/de\/wp-json\/wp\/v2\/pages\/84\/revisions\/182"}],"wp:attachment":[{"href":"https:\/\/www.nextbike.de\/kassel\/de\/wp-json\/wp\/v2\/media?parent=84"}],"curies":[{"name":"wp","href":"https:\/\/api.w.org\/{rel}","templated":true}]}}