{"id":65,"date":"2022-08-26T13:50:08","date_gmt":"2022-08-26T11:50:08","guid":{"rendered":"https:\/\/nextbike-live.pluspol-networks.de\/kassel\/?page_id=65"},"modified":"2022-10-05T13:26:40","modified_gmt":"2022-10-05T11:26:40","slug":"gebuehr","status":"publish","type":"page","link":"https:\/\/www.nextbike.de\/kassel\/de\/gebuehr\/","title":{"rendered":"Geb\u00fchr"},"content":{"rendered":"<div class=\"wpb-content-wrapper\"><p>[vc_row][vc_column][vc_column_text]<\/p>\n<h2>Information zur Geb\u00fchr<\/h2>\n<p>[\/vc_column_text][vc_column_text]Du hast das Rad unsachgem\u00e4\u00df abseits einer offiziellen Station in Kassel zur\u00fcckgegeben. Hierf\u00fcr wird eine Geb\u00fchr von 20 \u20ac pro Ausleihe f\u00e4llig. Bei der ersten unsachgem\u00e4\u00dfen R\u00fcckgabe abseits einer Station berechnen wir diesen noch nicht. Bei Wiederholung wird die Geb\u00fchr automatisch berechnet. Angefallene Geb\u00fchren kannst du in der Ausleih-Historie in deiner App oder in deinem Kundenkonto \u00fcber den Webseiten-Login einsehen.<\/p>\n<p><strong>Du kannst die Geb\u00fchr noch abwenden:<\/strong> Gehe zur\u00fcck zum Rad und leihe es erneut aus. Die neue Ausleihe wird mit der alten verschmolzen und die Geb\u00fchr f\u00fcr unsachgem\u00e4\u00dfe R\u00fcckgabe gel\u00f6scht, wenn du das Rad nun ordnungsgem\u00e4\u00df zur\u00fcckgibst.[\/vc_column_text][vc_column_text]<\/p>\n<h4>Welche R\u00fcckgabe-Optionen hast du in Kassel?<\/h4>\n<p>R\u00e4der d\u00fcrfen nicht abseits von offiziellen Stationen in Kassel abgestellt werden. F\u00fcr unsachgem\u00e4\u00dfe R\u00fcckgaben wird automatisch eine Geb\u00fchr von mind. 20 \u20ac berechnet.<\/p>\n<p><strong>An Stationen<\/strong><\/p>\n<p>Du kannst unsere R\u00e4der in Kassel an jeder offiziellen Station zur\u00fcckgeben. Die Stationen sind teilweise virtuell, d.h. in der Karte mit gro\u00dfen Markern gekennzeichnet, es gibt jedoch nicht \u00fcberall Stationsschilder vor Ort.[\/vc_column_text][vc_column_text]<\/p>\n<h4>Irrt\u00fcmliche Geb\u00fchren? Was nun?<\/h4>\n<p>Aufgrund von leichten GPS-Abweichungen kann es passieren, dass dir eine Geb\u00fchr f\u00fcr unsachgem\u00e4\u00dfe R\u00fcckgabe berechnet wird, obwohl du das Rad an einer Station abgestellt hast. Kein Problem. Kontaktiere unsere Hotline unter +49 (0) 30 69205046 oder schicke uns eine Nachricht per App mit deiner registrierten Handynummer, Radnummer und kurzer Schilderung des Sachverhalts. Wir berichtigen die Ausleihe.<\/p>\n<h4>Ausleihen verschmelzen?<\/h4>\n<p>Aufeinanderfolgende Ausleihen desselben Rads werden miteinander verschmolzen, wenn dies f\u00fcr den Nutzer die preiswertere Option ist. Konkret bedeutet dies, dass die endg\u00fcltige Ausleihdauer sich aus Startzeit der ersten und R\u00fcckgabezeit der zweiten Ausleihe berechnet. Die Pause zwischen den beiden Ausleihen wird dann ebenfalls zur Fahrtzeit hinzugef\u00fcgt.<\/p>\n<p>W\u00e4re eine Verschmelzung beider Ausleihen die teurere Option, werden beide Ausleihen einzeln abgerechnet. Den endg\u00fcltigen Preis f\u00fcr deine Ausleihen kannst du in deiner Historie in deiner App oder in deinem Kundenkonto \u00fcber den Webseiten-Login einsehen.[\/vc_column_text][\/vc_column][\/vc_row]<\/p>\n<\/div>","protected":false},"excerpt":{"rendered":"<p>[vc_row][vc_column][vc_column_text] Information zur Geb\u00fchr [\/vc_column_text][vc_column_text]Du hast das Rad unsachgem\u00e4\u00df abseits einer offiziellen Station in Kassel zur\u00fcckgegeben. Hierf\u00fcr wird eine Geb\u00fchr von 20 \u20ac pro Ausleihe f\u00e4llig. Bei der ersten unsachgem\u00e4\u00dfen R\u00fcckgabe abseits einer Station berechnen wir diesen noch nicht. Bei Wiederholung wird die Geb\u00fchr automatisch berechnet. Angefallene Geb\u00fchren kannst du in der Ausleih-Historie in deiner [&hellip;]<\/p>\n","protected":false},"author":2,"featured_media":0,"parent":0,"menu_order":0,"comment_status":"closed","ping_status":"closed","template":"page-bubble.php","meta":{"_acf_changed":false,"inline_featured_image":false,"footnotes":""},"class_list":["post-65","page","type-page","status-publish","hentry"],"acf":[],"yoast_head":"<!-- This site is optimized with the Yoast SEO plugin v27.2 - https:\/\/yoast.com\/product\/yoast-seo-wordpress\/ -->\n<title>Geb\u00fchr - nextbike Kassel<\/title>\n<meta name=\"robots\" content=\"index, follow, max-snippet:-1, max-image-preview:large, max-video-preview:-1\" \/>\n<link rel=\"canonical\" href=\"https:\/\/www.nextbike.de\/kassel\/de\/gebuehr\/\" \/>\n<meta property=\"og:locale\" content=\"de_DE\" \/>\n<meta property=\"og:type\" content=\"article\" \/>\n<meta property=\"og:title\" content=\"Geb\u00fchr - nextbike Kassel\" \/>\n<meta property=\"og:description\" content=\"[vc_row][vc_column][vc_column_text] Information zur Geb\u00fchr [\/vc_column_text][vc_column_text]Du hast das Rad unsachgem\u00e4\u00df abseits einer offiziellen Station in Kassel zur\u00fcckgegeben. Hierf\u00fcr wird eine Geb\u00fchr von 20 \u20ac pro Ausleihe f\u00e4llig. Bei der ersten unsachgem\u00e4\u00dfen R\u00fcckgabe abseits einer Station berechnen wir diesen noch nicht. Bei Wiederholung wird die Geb\u00fchr automatisch berechnet. Angefallene Geb\u00fchren kannst du in der Ausleih-Historie in deiner [&hellip;]\" \/>\n<meta property=\"og:url\" content=\"https:\/\/www.nextbike.de\/kassel\/de\/gebuehr\/\" \/>\n<meta property=\"og:site_name\" content=\"nextbike Kassel\" \/>\n<meta property=\"article:modified_time\" content=\"2022-10-05T11:26:40+00:00\" \/>\n<meta name=\"twitter:card\" content=\"summary_large_image\" \/>\n<meta name=\"twitter:label1\" content=\"Gesch\u00e4tzte Lesezeit\" \/>\n\t<meta name=\"twitter:data1\" content=\"2\u00a0Minuten\" \/>\n<script type=\"application\/ld+json\" class=\"yoast-schema-graph\">{\"@context\":\"https:\/\/schema.org\",\"@graph\":[{\"@type\":\"WebPage\",\"@id\":\"https:\/\/www.nextbike.de\/kassel\/de\/gebuehr\/\",\"url\":\"https:\/\/www.nextbike.de\/kassel\/de\/gebuehr\/\",\"name\":\"Geb\u00fchr - nextbike Kassel\",\"isPartOf\":{\"@id\":\"https:\/\/www.nextbike.de\/kassel\/de\/#website\"},\"datePublished\":\"2022-08-26T11:50:08+00:00\",\"dateModified\":\"2022-10-05T11:26:40+00:00\",\"breadcrumb\":{\"@id\":\"https:\/\/www.nextbike.de\/kassel\/de\/gebuehr\/#breadcrumb\"},\"inLanguage\":\"de\",\"potentialAction\":[{\"@type\":\"ReadAction\",\"target\":[\"https:\/\/www.nextbike.de\/kassel\/de\/gebuehr\/\"]}]},{\"@type\":\"BreadcrumbList\",\"@id\":\"https:\/\/www.nextbike.de\/kassel\/de\/gebuehr\/#breadcrumb\",\"itemListElement\":[{\"@type\":\"ListItem\",\"position\":1,\"name\":\"Startseite\",\"item\":\"https:\/\/www.nextbike.de\/kassel\/de\/\"},{\"@type\":\"ListItem\",\"position\":2,\"name\":\"Geb\u00fchr\"}]},{\"@type\":\"WebSite\",\"@id\":\"https:\/\/www.nextbike.de\/kassel\/de\/#website\",\"url\":\"https:\/\/www.nextbike.de\/kassel\/de\/\",\"name\":\"nextbike Kassel\",\"description\":\"Jetzt Fahrrad in Kassel mieten.\",\"potentialAction\":[{\"@type\":\"SearchAction\",\"target\":{\"@type\":\"EntryPoint\",\"urlTemplate\":\"https:\/\/www.nextbike.de\/kassel\/de\/?s={search_term_string}\"},\"query-input\":{\"@type\":\"PropertyValueSpecification\",\"valueRequired\":true,\"valueName\":\"search_term_string\"}}],\"inLanguage\":\"de\"}]}<\/script>\n<!-- \/ Yoast SEO plugin. -->","yoast_head_json":{"title":"Geb\u00fchr - nextbike Kassel","robots":{"index":"index","follow":"follow","max-snippet":"max-snippet:-1","max-image-preview":"max-image-preview:large","max-video-preview":"max-video-preview:-1"},"canonical":"https:\/\/www.nextbike.de\/kassel\/de\/gebuehr\/","og_locale":"de_DE","og_type":"article","og_title":"Geb\u00fchr - nextbike Kassel","og_description":"[vc_row][vc_column][vc_column_text] Information zur Geb\u00fchr [\/vc_column_text][vc_column_text]Du hast das Rad unsachgem\u00e4\u00df abseits einer offiziellen Station in Kassel zur\u00fcckgegeben. Hierf\u00fcr wird eine Geb\u00fchr von 20 \u20ac pro Ausleihe f\u00e4llig. Bei der ersten unsachgem\u00e4\u00dfen R\u00fcckgabe abseits einer Station berechnen wir diesen noch nicht. Bei Wiederholung wird die Geb\u00fchr automatisch berechnet. Angefallene Geb\u00fchren kannst du in der Ausleih-Historie in deiner [&hellip;]","og_url":"https:\/\/www.nextbike.de\/kassel\/de\/gebuehr\/","og_site_name":"nextbike Kassel","article_modified_time":"2022-10-05T11:26:40+00:00","twitter_card":"summary_large_image","twitter_misc":{"Gesch\u00e4tzte Lesezeit":"2\u00a0Minuten"},"schema":{"@context":"https:\/\/schema.org","@graph":[{"@type":"WebPage","@id":"https:\/\/www.nextbike.de\/kassel\/de\/gebuehr\/","url":"https:\/\/www.nextbike.de\/kassel\/de\/gebuehr\/","name":"Geb\u00fchr - nextbike Kassel","isPartOf":{"@id":"https:\/\/www.nextbike.de\/kassel\/de\/#website"},"datePublished":"2022-08-26T11:50:08+00:00","dateModified":"2022-10-05T11:26:40+00:00","breadcrumb":{"@id":"https:\/\/www.nextbike.de\/kassel\/de\/gebuehr\/#breadcrumb"},"inLanguage":"de","potentialAction":[{"@type":"ReadAction","target":["https:\/\/www.nextbike.de\/kassel\/de\/gebuehr\/"]}]},{"@type":"BreadcrumbList","@id":"https:\/\/www.nextbike.de\/kassel\/de\/gebuehr\/#breadcrumb","itemListElement":[{"@type":"ListItem","position":1,"name":"Startseite","item":"https:\/\/www.nextbike.de\/kassel\/de\/"},{"@type":"ListItem","position":2,"name":"Geb\u00fchr"}]},{"@type":"WebSite","@id":"https:\/\/www.nextbike.de\/kassel\/de\/#website","url":"https:\/\/www.nextbike.de\/kassel\/de\/","name":"nextbike Kassel","description":"Jetzt Fahrrad in Kassel mieten.","potentialAction":[{"@type":"SearchAction","target":{"@type":"EntryPoint","urlTemplate":"https:\/\/www.nextbike.de\/kassel\/de\/?s={search_term_string}"},"query-input":{"@type":"PropertyValueSpecification","valueRequired":true,"valueName":"search_term_string"}}],"inLanguage":"de"}]}},"_links":{"self":[{"href":"https:\/\/www.nextbike.de\/kassel\/de\/wp-json\/wp\/v2\/pages\/65","targetHints":{"allow":["GET"]}}],"collection":[{"href":"https:\/\/www.nextbike.de\/kassel\/de\/wp-json\/wp\/v2\/pages"}],"about":[{"href":"https:\/\/www.nextbike.de\/kassel\/de\/wp-json\/wp\/v2\/types\/page"}],"author":[{"embeddable":true,"href":"https:\/\/www.nextbike.de\/kassel\/de\/wp-json\/wp\/v2\/users\/2"}],"replies":[{"embeddable":true,"href":"https:\/\/www.nextbike.de\/kassel\/de\/wp-json\/wp\/v2\/comments?post=65"}],"version-history":[{"count":7,"href":"https:\/\/www.nextbike.de\/kassel\/de\/wp-json\/wp\/v2\/pages\/65\/revisions"}],"predecessor-version":[{"id":143,"href":"https:\/\/www.nextbike.de\/kassel\/de\/wp-json\/wp\/v2\/pages\/65\/revisions\/143"}],"wp:attachment":[{"href":"https:\/\/www.nextbike.de\/kassel\/de\/wp-json\/wp\/v2\/media?parent=65"}],"curies":[{"name":"wp","href":"https:\/\/api.w.org\/{rel}","templated":true}]}}