{"id":147,"date":"2022-12-15T16:32:17","date_gmt":"2022-12-15T15:32:17","guid":{"rendered":"https:\/\/nextbike-live.pluspol-networks.de\/braunschweig\/?page_id=147"},"modified":"2025-05-23T14:30:18","modified_gmt":"2025-05-23T12:30:18","slug":"campusbike","status":"publish","type":"page","link":"https:\/\/www.nextbike.de\/helbi\/de\/campusbike\/","title":{"rendered":"CAMPUSbike"},"content":{"rendered":"<div class=\"wpb-content-wrapper\"><p>[vc_row][vc_column][vc_column_text]<\/p>\n<h2>Studierende der Hochschule Hamm-Lippstadt radeln g\u00fcnstiger!<\/h2>\n<p>[\/vc_column_text][vc_column_text css=&#8220;&#8220;]<\/p>\n<h4>Registrierung<\/h4>\n<p>Registriere dich per App oder Webseite mit deiner\u00a0<strong>Hochschul-E-Mail-Adresse.<\/strong>\u00a0An die E-Mail-Adresse wird ein Best\u00e4tigungslink gesendet, die Freischaltung erfolgt nach der Verifizierung automatisch.<\/p>\n<p>Du bist bereits registriert, aber nicht mit deiner Hochschul-E-Mail-Adresse oder du hast diese erst nach der Registrierung hinterlegt? Informiere unseren Kundenservice unter <a href=\"tel:+493069205046\">030-69205046<\/a>. Dein Kundenkonto wird von uns umgestellt.<\/p>\n<p>&nbsp;<\/p>\n<h4>Konditionen<\/h4>\n<p>Bei jeder Ausleihe von Standardr\u00e4dern und Cargobikes (ohne elektrische Unterst\u00fctzung) sind die <strong>ersten 60 Minuten gratis im gesamten Gebiet von HelBi, metropolradruhr und in D\u00fcsseldorf.<\/strong> Bei einer Fahrtzeit von \u00fcber 60 Minuten werden f\u00fcr alle weiteren 30 Minuten 0,50 \u20ac f\u00e4llig. Der Tagesh\u00f6chstsatz betr\u00e4gt 5,00 \u20ac.<\/p>\n<p>Es k\u00f6nnen bis zu vier R\u00e4der gleichzeitig auf einen Account ausgeliehen werden. Die Sonderkonditionen gelten jedoch nur f\u00fcr zwei parallel geliehene R\u00e4der. E-Bikes und e-Cargobikes sind von der Verg\u00fcnstigung ausgeschlossen.[\/vc_column_text][\/vc_column][\/vc_row]<\/p>\n<\/div>","protected":false},"excerpt":{"rendered":"<p>[vc_row][vc_column][vc_column_text] Studierende der Hochschule Hamm-Lippstadt radeln g\u00fcnstiger! [\/vc_column_text][vc_column_text css=&#8220;&#8220;] Registrierung Registriere dich per App oder Webseite mit deiner\u00a0Hochschul-E-Mail-Adresse.\u00a0An die E-Mail-Adresse wird ein Best\u00e4tigungslink gesendet, die Freischaltung erfolgt nach der Verifizierung automatisch. Du bist bereits registriert, aber nicht mit deiner Hochschul-E-Mail-Adresse oder du hast diese erst nach der Registrierung hinterlegt? Informiere unseren Kundenservice unter 030-69205046. Dein [&hellip;]<\/p>\n","protected":false},"author":13,"featured_media":0,"parent":0,"menu_order":0,"comment_status":"closed","ping_status":"closed","template":"page-bubble.php","meta":{"_acf_changed":false,"inline_featured_image":false,"footnotes":""},"class_list":["post-147","page","type-page","status-publish","hentry"],"acf":[],"yoast_head":"<!-- This site is optimized with the Yoast SEO plugin v27.2 - https:\/\/yoast.com\/product\/yoast-seo-wordpress\/ -->\n<title>CAMPUSbike - HelBi<\/title>\n<meta name=\"description\" content=\"Studierende der Hochschule Hamm-Lippstadt radeln g\u00fcnstiger bei HelBi, metropolradruhr und nextbike D\u00fcsseldorf.\" \/>\n<meta name=\"robots\" content=\"index, follow, max-snippet:-1, max-image-preview:large, max-video-preview:-1\" \/>\n<link rel=\"canonical\" href=\"https:\/\/www.nextbike.de\/helbi\/de\/campusbike\/\" \/>\n<meta property=\"og:locale\" content=\"de_DE\" \/>\n<meta property=\"og:type\" content=\"article\" \/>\n<meta property=\"og:title\" content=\"CAMPUSbike - HelBi\" \/>\n<meta property=\"og:description\" content=\"Studierende der Hochschule Hamm-Lippstadt radeln g\u00fcnstiger bei HelBi, metropolradruhr und nextbike D\u00fcsseldorf.\" \/>\n<meta property=\"og:url\" content=\"https:\/\/www.nextbike.de\/helbi\/de\/campusbike\/\" \/>\n<meta property=\"og:site_name\" content=\"HelBi\" \/>\n<meta property=\"article:modified_time\" content=\"2025-05-23T12:30:18+00:00\" \/>\n<meta name=\"twitter:card\" content=\"summary_large_image\" \/>\n<meta name=\"twitter:label1\" content=\"Gesch\u00e4tzte Lesezeit\" \/>\n\t<meta name=\"twitter:data1\" content=\"1\u00a0Minute\" \/>\n<script type=\"application\/ld+json\" class=\"yoast-schema-graph\">{\"@context\":\"https:\/\/schema.org\",\"@graph\":[{\"@type\":\"WebPage\",\"@id\":\"https:\/\/www.nextbike.de\/helbi\/de\/campusbike\/\",\"url\":\"https:\/\/www.nextbike.de\/helbi\/de\/campusbike\/\",\"name\":\"CAMPUSbike - HelBi\",\"isPartOf\":{\"@id\":\"https:\/\/www.nextbike.de\/helbi\/de\/#website\"},\"datePublished\":\"2022-12-15T15:32:17+00:00\",\"dateModified\":\"2025-05-23T12:30:18+00:00\",\"description\":\"Studierende der Hochschule Hamm-Lippstadt radeln g\u00fcnstiger bei HelBi, metropolradruhr und nextbike D\u00fcsseldorf.\",\"breadcrumb\":{\"@id\":\"https:\/\/www.nextbike.de\/helbi\/de\/campusbike\/#breadcrumb\"},\"inLanguage\":\"de\",\"potentialAction\":[{\"@type\":\"ReadAction\",\"target\":[\"https:\/\/www.nextbike.de\/helbi\/de\/campusbike\/\"]}]},{\"@type\":\"BreadcrumbList\",\"@id\":\"https:\/\/www.nextbike.de\/helbi\/de\/campusbike\/#breadcrumb\",\"itemListElement\":[{\"@type\":\"ListItem\",\"position\":1,\"name\":\"Startseite\",\"item\":\"https:\/\/www.nextbike.de\/helbi\/de\/\"},{\"@type\":\"ListItem\",\"position\":2,\"name\":\"CAMPUSbike\"}]},{\"@type\":\"WebSite\",\"@id\":\"https:\/\/www.nextbike.de\/helbi\/de\/#website\",\"url\":\"https:\/\/www.nextbike.de\/helbi\/de\/\",\"name\":\"HelBi\",\"description\":\"nextbike Bikesharing\",\"potentialAction\":[{\"@type\":\"SearchAction\",\"target\":{\"@type\":\"EntryPoint\",\"urlTemplate\":\"https:\/\/www.nextbike.de\/helbi\/de\/?s={search_term_string}\"},\"query-input\":{\"@type\":\"PropertyValueSpecification\",\"valueRequired\":true,\"valueName\":\"search_term_string\"}}],\"inLanguage\":\"de\"}]}<\/script>\n<!-- \/ Yoast SEO plugin. -->","yoast_head_json":{"title":"CAMPUSbike - HelBi","description":"Studierende der Hochschule Hamm-Lippstadt radeln g\u00fcnstiger bei HelBi, metropolradruhr und nextbike D\u00fcsseldorf.","robots":{"index":"index","follow":"follow","max-snippet":"max-snippet:-1","max-image-preview":"max-image-preview:large","max-video-preview":"max-video-preview:-1"},"canonical":"https:\/\/www.nextbike.de\/helbi\/de\/campusbike\/","og_locale":"de_DE","og_type":"article","og_title":"CAMPUSbike - HelBi","og_description":"Studierende der Hochschule Hamm-Lippstadt radeln g\u00fcnstiger bei HelBi, metropolradruhr und nextbike D\u00fcsseldorf.","og_url":"https:\/\/www.nextbike.de\/helbi\/de\/campusbike\/","og_site_name":"HelBi","article_modified_time":"2025-05-23T12:30:18+00:00","twitter_card":"summary_large_image","twitter_misc":{"Gesch\u00e4tzte Lesezeit":"1\u00a0Minute"},"schema":{"@context":"https:\/\/schema.org","@graph":[{"@type":"WebPage","@id":"https:\/\/www.nextbike.de\/helbi\/de\/campusbike\/","url":"https:\/\/www.nextbike.de\/helbi\/de\/campusbike\/","name":"CAMPUSbike - HelBi","isPartOf":{"@id":"https:\/\/www.nextbike.de\/helbi\/de\/#website"},"datePublished":"2022-12-15T15:32:17+00:00","dateModified":"2025-05-23T12:30:18+00:00","description":"Studierende der Hochschule Hamm-Lippstadt radeln g\u00fcnstiger bei HelBi, metropolradruhr und nextbike D\u00fcsseldorf.","breadcrumb":{"@id":"https:\/\/www.nextbike.de\/helbi\/de\/campusbike\/#breadcrumb"},"inLanguage":"de","potentialAction":[{"@type":"ReadAction","target":["https:\/\/www.nextbike.de\/helbi\/de\/campusbike\/"]}]},{"@type":"BreadcrumbList","@id":"https:\/\/www.nextbike.de\/helbi\/de\/campusbike\/#breadcrumb","itemListElement":[{"@type":"ListItem","position":1,"name":"Startseite","item":"https:\/\/www.nextbike.de\/helbi\/de\/"},{"@type":"ListItem","position":2,"name":"CAMPUSbike"}]},{"@type":"WebSite","@id":"https:\/\/www.nextbike.de\/helbi\/de\/#website","url":"https:\/\/www.nextbike.de\/helbi\/de\/","name":"HelBi","description":"nextbike Bikesharing","potentialAction":[{"@type":"SearchAction","target":{"@type":"EntryPoint","urlTemplate":"https:\/\/www.nextbike.de\/helbi\/de\/?s={search_term_string}"},"query-input":{"@type":"PropertyValueSpecification","valueRequired":true,"valueName":"search_term_string"}}],"inLanguage":"de"}]}},"_links":{"self":[{"href":"https:\/\/www.nextbike.de\/helbi\/de\/wp-json\/wp\/v2\/pages\/147","targetHints":{"allow":["GET"]}}],"collection":[{"href":"https:\/\/www.nextbike.de\/helbi\/de\/wp-json\/wp\/v2\/pages"}],"about":[{"href":"https:\/\/www.nextbike.de\/helbi\/de\/wp-json\/wp\/v2\/types\/page"}],"author":[{"embeddable":true,"href":"https:\/\/www.nextbike.de\/helbi\/de\/wp-json\/wp\/v2\/users\/13"}],"replies":[{"embeddable":true,"href":"https:\/\/www.nextbike.de\/helbi\/de\/wp-json\/wp\/v2\/comments?post=147"}],"version-history":[{"count":6,"href":"https:\/\/www.nextbike.de\/helbi\/de\/wp-json\/wp\/v2\/pages\/147\/revisions"}],"predecessor-version":[{"id":309,"href":"https:\/\/www.nextbike.de\/helbi\/de\/wp-json\/wp\/v2\/pages\/147\/revisions\/309"}],"wp:attachment":[{"href":"https:\/\/www.nextbike.de\/helbi\/de\/wp-json\/wp\/v2\/media?parent=147"}],"curies":[{"name":"wp","href":"https:\/\/api.w.org\/{rel}","templated":true}]}}