{"id":116,"date":"2023-08-03T14:08:30","date_gmt":"2023-08-03T12:08:30","guid":{"rendered":"https:\/\/www.nextbike.de\/guetersloh\/?page_id=116"},"modified":"2023-08-03T14:16:08","modified_gmt":"2023-08-03T12:16:08","slug":"partner","status":"publish","type":"page","link":"https:\/\/www.nextbike.de\/guetersloh\/de\/partner\/","title":{"rendered":"Partner"},"content":{"rendered":"<p>&nbsp;<\/p>\n<h2>Bertelsmann SE und Bertelsmann Stiftung<\/h2>\n<p>Mitarbeitende der Bertelsmann SE und Bertelsmann Stiftung in G\u00fctersloh erhalten 60 Freiminuten pro Ausleihe eines Standardrads in allen deutschen St\u00e4dten, au\u00dfer Bremen, N\u00fcrnberg, Oldenburg und auf Usedom. \u00dcber 60 Minuten wird weiter im lokalen Basistarif abgerechnet. E-Bikes und (e-)Cargobikes sind von der Verg\u00fcnstigung ausgenommen.<\/p>\n<p>Um den Vorteil zu erhalten, hinterlege in deinem Kundenkonto deine dienstliche Emailadresse (&#8230;@bertelsmann.de bzw. &#8230;@bertelsmann-stiftung.de). An diese Adresse senden wir dir einen Best\u00e4tigungslink.<\/p>\n","protected":false},"excerpt":{"rendered":"<p>&nbsp; Bertelsmann SE und Bertelsmann Stiftung Mitarbeitende der Bertelsmann SE und Bertelsmann Stiftung in G\u00fctersloh erhalten 60 Freiminuten pro Ausleihe eines Standardrads in allen deutschen St\u00e4dten, au\u00dfer Bremen, N\u00fcrnberg, Oldenburg und auf Usedom. \u00dcber 60 Minuten wird weiter im lokalen Basistarif abgerechnet. E-Bikes und (e-)Cargobikes sind von der Verg\u00fcnstigung ausgenommen. Um den Vorteil zu erhalten, [&hellip;]<\/p>\n","protected":false},"author":13,"featured_media":0,"parent":0,"menu_order":0,"comment_status":"closed","ping_status":"closed","template":"","meta":{"_acf_changed":false,"inline_featured_image":false,"footnotes":""},"class_list":["post-116","page","type-page","status-publish","hentry"],"acf":[],"yoast_head":"<!-- This site is optimized with the Yoast SEO plugin v27.2 - https:\/\/yoast.com\/product\/yoast-seo-wordpress\/ -->\n<title>Partner - nextbike G\u00fctersloh<\/title>\n<meta name=\"description\" content=\"Mitarbeitende der Bertelsmann SE und Bertelsmann Stiftung in G\u00fctersloh erhalten 60 Freiminuten pro Ausleihe in Deutschland\" \/>\n<meta name=\"robots\" content=\"index, follow, max-snippet:-1, max-image-preview:large, max-video-preview:-1\" \/>\n<link rel=\"canonical\" href=\"https:\/\/www.nextbike.de\/guetersloh\/de\/partner\/\" \/>\n<meta property=\"og:locale\" content=\"de_DE\" \/>\n<meta property=\"og:type\" content=\"article\" \/>\n<meta property=\"og:title\" content=\"Partner - nextbike G\u00fctersloh\" \/>\n<meta property=\"og:description\" content=\"Mitarbeitende der Bertelsmann SE und Bertelsmann Stiftung in G\u00fctersloh erhalten 60 Freiminuten pro Ausleihe in Deutschland\" \/>\n<meta property=\"og:url\" content=\"https:\/\/www.nextbike.de\/guetersloh\/de\/partner\/\" \/>\n<meta property=\"og:site_name\" content=\"nextbike G\u00fctersloh\" \/>\n<meta property=\"article:modified_time\" content=\"2023-08-03T12:16:08+00:00\" \/>\n<meta name=\"twitter:card\" content=\"summary_large_image\" \/>\n<meta name=\"twitter:label1\" content=\"Gesch\u00e4tzte Lesezeit\" \/>\n\t<meta name=\"twitter:data1\" content=\"1\u00a0Minute\" \/>\n<script type=\"application\/ld+json\" class=\"yoast-schema-graph\">{\"@context\":\"https:\/\/schema.org\",\"@graph\":[{\"@type\":\"WebPage\",\"@id\":\"https:\/\/www.nextbike.de\/guetersloh\/de\/partner\/\",\"url\":\"https:\/\/www.nextbike.de\/guetersloh\/de\/partner\/\",\"name\":\"Partner - nextbike G\u00fctersloh\",\"isPartOf\":{\"@id\":\"https:\/\/www.nextbike.de\/guetersloh\/de\/#website\"},\"datePublished\":\"2023-08-03T12:08:30+00:00\",\"dateModified\":\"2023-08-03T12:16:08+00:00\",\"description\":\"Mitarbeitende der Bertelsmann SE und Bertelsmann Stiftung in G\u00fctersloh erhalten 60 Freiminuten pro Ausleihe in Deutschland\",\"breadcrumb\":{\"@id\":\"https:\/\/www.nextbike.de\/guetersloh\/de\/partner\/#breadcrumb\"},\"inLanguage\":\"de\",\"potentialAction\":[{\"@type\":\"ReadAction\",\"target\":[\"https:\/\/www.nextbike.de\/guetersloh\/de\/partner\/\"]}]},{\"@type\":\"BreadcrumbList\",\"@id\":\"https:\/\/www.nextbike.de\/guetersloh\/de\/partner\/#breadcrumb\",\"itemListElement\":[{\"@type\":\"ListItem\",\"position\":1,\"name\":\"Startseite\",\"item\":\"https:\/\/www.nextbike.de\/guetersloh\/de\/\"},{\"@type\":\"ListItem\",\"position\":2,\"name\":\"Partner\"}]},{\"@type\":\"WebSite\",\"@id\":\"https:\/\/www.nextbike.de\/guetersloh\/de\/#website\",\"url\":\"https:\/\/www.nextbike.de\/guetersloh\/de\/\",\"name\":\"nextbike G\u00fctersloh\",\"description\":\"Eine weitere Nextbike Websites Website\",\"potentialAction\":[{\"@type\":\"SearchAction\",\"target\":{\"@type\":\"EntryPoint\",\"urlTemplate\":\"https:\/\/www.nextbike.de\/guetersloh\/de\/?s={search_term_string}\"},\"query-input\":{\"@type\":\"PropertyValueSpecification\",\"valueRequired\":true,\"valueName\":\"search_term_string\"}}],\"inLanguage\":\"de\"}]}<\/script>\n<!-- \/ Yoast SEO plugin. -->","yoast_head_json":{"title":"Partner - nextbike G\u00fctersloh","description":"Mitarbeitende der Bertelsmann SE und Bertelsmann Stiftung in G\u00fctersloh erhalten 60 Freiminuten pro Ausleihe in Deutschland","robots":{"index":"index","follow":"follow","max-snippet":"max-snippet:-1","max-image-preview":"max-image-preview:large","max-video-preview":"max-video-preview:-1"},"canonical":"https:\/\/www.nextbike.de\/guetersloh\/de\/partner\/","og_locale":"de_DE","og_type":"article","og_title":"Partner - nextbike G\u00fctersloh","og_description":"Mitarbeitende der Bertelsmann SE und Bertelsmann Stiftung in G\u00fctersloh erhalten 60 Freiminuten pro Ausleihe in Deutschland","og_url":"https:\/\/www.nextbike.de\/guetersloh\/de\/partner\/","og_site_name":"nextbike G\u00fctersloh","article_modified_time":"2023-08-03T12:16:08+00:00","twitter_card":"summary_large_image","twitter_misc":{"Gesch\u00e4tzte Lesezeit":"1\u00a0Minute"},"schema":{"@context":"https:\/\/schema.org","@graph":[{"@type":"WebPage","@id":"https:\/\/www.nextbike.de\/guetersloh\/de\/partner\/","url":"https:\/\/www.nextbike.de\/guetersloh\/de\/partner\/","name":"Partner - nextbike G\u00fctersloh","isPartOf":{"@id":"https:\/\/www.nextbike.de\/guetersloh\/de\/#website"},"datePublished":"2023-08-03T12:08:30+00:00","dateModified":"2023-08-03T12:16:08+00:00","description":"Mitarbeitende der Bertelsmann SE und Bertelsmann Stiftung in G\u00fctersloh erhalten 60 Freiminuten pro Ausleihe in Deutschland","breadcrumb":{"@id":"https:\/\/www.nextbike.de\/guetersloh\/de\/partner\/#breadcrumb"},"inLanguage":"de","potentialAction":[{"@type":"ReadAction","target":["https:\/\/www.nextbike.de\/guetersloh\/de\/partner\/"]}]},{"@type":"BreadcrumbList","@id":"https:\/\/www.nextbike.de\/guetersloh\/de\/partner\/#breadcrumb","itemListElement":[{"@type":"ListItem","position":1,"name":"Startseite","item":"https:\/\/www.nextbike.de\/guetersloh\/de\/"},{"@type":"ListItem","position":2,"name":"Partner"}]},{"@type":"WebSite","@id":"https:\/\/www.nextbike.de\/guetersloh\/de\/#website","url":"https:\/\/www.nextbike.de\/guetersloh\/de\/","name":"nextbike G\u00fctersloh","description":"Eine weitere Nextbike Websites Website","potentialAction":[{"@type":"SearchAction","target":{"@type":"EntryPoint","urlTemplate":"https:\/\/www.nextbike.de\/guetersloh\/de\/?s={search_term_string}"},"query-input":{"@type":"PropertyValueSpecification","valueRequired":true,"valueName":"search_term_string"}}],"inLanguage":"de"}]}},"_links":{"self":[{"href":"https:\/\/www.nextbike.de\/guetersloh\/de\/wp-json\/wp\/v2\/pages\/116","targetHints":{"allow":["GET"]}}],"collection":[{"href":"https:\/\/www.nextbike.de\/guetersloh\/de\/wp-json\/wp\/v2\/pages"}],"about":[{"href":"https:\/\/www.nextbike.de\/guetersloh\/de\/wp-json\/wp\/v2\/types\/page"}],"author":[{"embeddable":true,"href":"https:\/\/www.nextbike.de\/guetersloh\/de\/wp-json\/wp\/v2\/users\/13"}],"replies":[{"embeddable":true,"href":"https:\/\/www.nextbike.de\/guetersloh\/de\/wp-json\/wp\/v2\/comments?post=116"}],"version-history":[{"count":7,"href":"https:\/\/www.nextbike.de\/guetersloh\/de\/wp-json\/wp\/v2\/pages\/116\/revisions"}],"predecessor-version":[{"id":124,"href":"https:\/\/www.nextbike.de\/guetersloh\/de\/wp-json\/wp\/v2\/pages\/116\/revisions\/124"}],"wp:attachment":[{"href":"https:\/\/www.nextbike.de\/guetersloh\/de\/wp-json\/wp\/v2\/media?parent=116"}],"curies":[{"name":"wp","href":"https:\/\/api.w.org\/{rel}","templated":true}]}}