{"id":141,"date":"2023-05-24T09:58:05","date_gmt":"2023-05-24T07:58:05","guid":{"rendered":"https:\/\/www.nextbike.de\/giessen\/?page_id=141"},"modified":"2025-10-13T17:30:03","modified_gmt":"2025-10-13T15:30:03","slug":"partner","status":"publish","type":"page","link":"https:\/\/www.nextbike.de\/giessen\/de\/partner\/","title":{"rendered":"Partner"},"content":{"rendered":"<div class=\"wpb-content-wrapper\"><p>[vc_row][vc_column width=&#8220;1\/2&#8243;][vc_column_text css=&#8220;&#8220;]<\/p>\n<h2>Jetzt Gratisfahrten sichern!<\/h2>\n<p>&nbsp;<\/p>\n<p>Einwohner*innen der Stadt Gie\u00dfen erhalten pro Ausleihe<strong> 20 Freiminuten bei Ausleihe eines klassischen Fahrrads und 50 % Rabatt bei der Ausleihe eines e-Cargobikes.\u00a0<\/strong><strong><br \/>\n<\/strong>Die Verg\u00fcnstigung gilt nur in Gie\u00dfen. Bei mehreren parallelen Ausleihen greift die Verg\u00fcnstigung nur f\u00fcr das erste Rad.<\/p>\n<p>&nbsp;<\/p>\n<h3><strong>Hol\u2018 dir die Gratisfahrten:<\/strong><\/h3>\n<ol>\n<li>W\u00e4hle in der nextbike App unter <strong>Wallet<\/strong>\u00a0\u2013\u00a0<strong>Abo-Tarif buchen<\/strong><\/li>\n<li>Verkn\u00fcpfe dich mit dem Partner \u201cEinwohner*innen der Stadt Gie\u00dfen\u201d<\/li>\n<li>Um die Verkn\u00fcpfung abzuschlie\u00dfen, alle entsprechenden Pflichtfelder ausf\u00fcllen<\/li>\n<\/ol>\n<p>[\/vc_column_text][\/vc_column][vc_column width=&#8220;1\/2&#8243;][vc_single_image image=&#8220;202&#8243; img_size=&#8220;large&#8220; css=&#8220;&#8220;][\/vc_column][\/vc_row]<\/p>\n<\/div>","protected":false},"excerpt":{"rendered":"<p>[vc_row][vc_column width=&#8220;1\/2&#8243;][vc_column_text css=&#8220;&#8220;] Jetzt Gratisfahrten sichern! &nbsp; Einwohner*innen der Stadt Gie\u00dfen erhalten pro Ausleihe 20 Freiminuten bei Ausleihe eines klassischen Fahrrads und 50 % Rabatt bei der Ausleihe eines e-Cargobikes.\u00a0 Die Verg\u00fcnstigung gilt nur in Gie\u00dfen. Bei mehreren parallelen Ausleihen greift die Verg\u00fcnstigung nur f\u00fcr das erste Rad. &nbsp; Hol\u2018 dir die Gratisfahrten: W\u00e4hle in [&hellip;]<\/p>\n","protected":false},"author":13,"featured_media":0,"parent":0,"menu_order":0,"comment_status":"closed","ping_status":"closed","template":"","meta":{"_acf_changed":false,"inline_featured_image":false,"footnotes":""},"class_list":["post-141","page","type-page","status-publish","hentry"],"acf":[],"yoast_head":"<!-- This site is optimized with the Yoast SEO plugin v27.2 - https:\/\/yoast.com\/product\/yoast-seo-wordpress\/ -->\n<title>Partner - nextbike Gie\u00dfen<\/title>\n<meta name=\"description\" content=\"Einwohner*innen der Stadt Gie\u00dfen erhalten pro Ausleihe 20 Freiminuten oder 50 % Rabatt.\" \/>\n<meta name=\"robots\" content=\"index, follow, max-snippet:-1, max-image-preview:large, max-video-preview:-1\" \/>\n<link rel=\"canonical\" href=\"https:\/\/www.nextbike.de\/giessen\/de\/partner\/\" \/>\n<meta property=\"og:locale\" content=\"de_DE\" \/>\n<meta property=\"og:type\" content=\"article\" \/>\n<meta property=\"og:title\" content=\"Partner - nextbike Gie\u00dfen\" \/>\n<meta property=\"og:description\" content=\"Einwohner*innen der Stadt Gie\u00dfen erhalten pro Ausleihe 20 Freiminuten oder 50 % Rabatt.\" \/>\n<meta property=\"og:url\" content=\"https:\/\/www.nextbike.de\/giessen\/de\/partner\/\" \/>\n<meta property=\"og:site_name\" content=\"nextbike Gie\u00dfen\" \/>\n<meta property=\"article:modified_time\" content=\"2025-10-13T15:30:03+00:00\" \/>\n<meta name=\"twitter:card\" content=\"summary_large_image\" \/>\n<meta name=\"twitter:label1\" content=\"Gesch\u00e4tzte Lesezeit\" \/>\n\t<meta name=\"twitter:data1\" content=\"1\u00a0Minute\" \/>\n<script type=\"application\/ld+json\" class=\"yoast-schema-graph\">{\"@context\":\"https:\/\/schema.org\",\"@graph\":[{\"@type\":\"WebPage\",\"@id\":\"https:\/\/www.nextbike.de\/giessen\/de\/partner\/\",\"url\":\"https:\/\/www.nextbike.de\/giessen\/de\/partner\/\",\"name\":\"Partner - nextbike Gie\u00dfen\",\"isPartOf\":{\"@id\":\"https:\/\/www.nextbike.de\/giessen\/de\/#website\"},\"datePublished\":\"2023-05-24T07:58:05+00:00\",\"dateModified\":\"2025-10-13T15:30:03+00:00\",\"description\":\"Einwohner*innen der Stadt Gie\u00dfen erhalten pro Ausleihe 20 Freiminuten oder 50 % Rabatt.\",\"breadcrumb\":{\"@id\":\"https:\/\/www.nextbike.de\/giessen\/de\/partner\/#breadcrumb\"},\"inLanguage\":\"de\",\"potentialAction\":[{\"@type\":\"ReadAction\",\"target\":[\"https:\/\/www.nextbike.de\/giessen\/de\/partner\/\"]}]},{\"@type\":\"BreadcrumbList\",\"@id\":\"https:\/\/www.nextbike.de\/giessen\/de\/partner\/#breadcrumb\",\"itemListElement\":[{\"@type\":\"ListItem\",\"position\":1,\"name\":\"Startseite\",\"item\":\"https:\/\/www.nextbike.de\/giessen\/de\/\"},{\"@type\":\"ListItem\",\"position\":2,\"name\":\"Partner\"}]},{\"@type\":\"WebSite\",\"@id\":\"https:\/\/www.nextbike.de\/giessen\/de\/#website\",\"url\":\"https:\/\/www.nextbike.de\/giessen\/de\/\",\"name\":\"nextbike Gie\u00dfen\",\"description\":\"App downloaden und nextbike by TIER in Gie\u00dfen fahren!\",\"potentialAction\":[{\"@type\":\"SearchAction\",\"target\":{\"@type\":\"EntryPoint\",\"urlTemplate\":\"https:\/\/www.nextbike.de\/giessen\/de\/?s={search_term_string}\"},\"query-input\":{\"@type\":\"PropertyValueSpecification\",\"valueRequired\":true,\"valueName\":\"search_term_string\"}}],\"inLanguage\":\"de\"}]}<\/script>\n<!-- \/ Yoast SEO plugin. -->","yoast_head_json":{"title":"Partner - nextbike Gie\u00dfen","description":"Einwohner*innen der Stadt Gie\u00dfen erhalten pro Ausleihe 20 Freiminuten oder 50 % Rabatt.","robots":{"index":"index","follow":"follow","max-snippet":"max-snippet:-1","max-image-preview":"max-image-preview:large","max-video-preview":"max-video-preview:-1"},"canonical":"https:\/\/www.nextbike.de\/giessen\/de\/partner\/","og_locale":"de_DE","og_type":"article","og_title":"Partner - nextbike Gie\u00dfen","og_description":"Einwohner*innen der Stadt Gie\u00dfen erhalten pro Ausleihe 20 Freiminuten oder 50 % Rabatt.","og_url":"https:\/\/www.nextbike.de\/giessen\/de\/partner\/","og_site_name":"nextbike Gie\u00dfen","article_modified_time":"2025-10-13T15:30:03+00:00","twitter_card":"summary_large_image","twitter_misc":{"Gesch\u00e4tzte Lesezeit":"1\u00a0Minute"},"schema":{"@context":"https:\/\/schema.org","@graph":[{"@type":"WebPage","@id":"https:\/\/www.nextbike.de\/giessen\/de\/partner\/","url":"https:\/\/www.nextbike.de\/giessen\/de\/partner\/","name":"Partner - nextbike Gie\u00dfen","isPartOf":{"@id":"https:\/\/www.nextbike.de\/giessen\/de\/#website"},"datePublished":"2023-05-24T07:58:05+00:00","dateModified":"2025-10-13T15:30:03+00:00","description":"Einwohner*innen der Stadt Gie\u00dfen erhalten pro Ausleihe 20 Freiminuten oder 50 % Rabatt.","breadcrumb":{"@id":"https:\/\/www.nextbike.de\/giessen\/de\/partner\/#breadcrumb"},"inLanguage":"de","potentialAction":[{"@type":"ReadAction","target":["https:\/\/www.nextbike.de\/giessen\/de\/partner\/"]}]},{"@type":"BreadcrumbList","@id":"https:\/\/www.nextbike.de\/giessen\/de\/partner\/#breadcrumb","itemListElement":[{"@type":"ListItem","position":1,"name":"Startseite","item":"https:\/\/www.nextbike.de\/giessen\/de\/"},{"@type":"ListItem","position":2,"name":"Partner"}]},{"@type":"WebSite","@id":"https:\/\/www.nextbike.de\/giessen\/de\/#website","url":"https:\/\/www.nextbike.de\/giessen\/de\/","name":"nextbike Gie\u00dfen","description":"App downloaden und nextbike by TIER in Gie\u00dfen fahren!","potentialAction":[{"@type":"SearchAction","target":{"@type":"EntryPoint","urlTemplate":"https:\/\/www.nextbike.de\/giessen\/de\/?s={search_term_string}"},"query-input":{"@type":"PropertyValueSpecification","valueRequired":true,"valueName":"search_term_string"}}],"inLanguage":"de"}]}},"_links":{"self":[{"href":"https:\/\/www.nextbike.de\/giessen\/de\/wp-json\/wp\/v2\/pages\/141","targetHints":{"allow":["GET"]}}],"collection":[{"href":"https:\/\/www.nextbike.de\/giessen\/de\/wp-json\/wp\/v2\/pages"}],"about":[{"href":"https:\/\/www.nextbike.de\/giessen\/de\/wp-json\/wp\/v2\/types\/page"}],"author":[{"embeddable":true,"href":"https:\/\/www.nextbike.de\/giessen\/de\/wp-json\/wp\/v2\/users\/13"}],"replies":[{"embeddable":true,"href":"https:\/\/www.nextbike.de\/giessen\/de\/wp-json\/wp\/v2\/comments?post=141"}],"version-history":[{"count":12,"href":"https:\/\/www.nextbike.de\/giessen\/de\/wp-json\/wp\/v2\/pages\/141\/revisions"}],"predecessor-version":[{"id":225,"href":"https:\/\/www.nextbike.de\/giessen\/de\/wp-json\/wp\/v2\/pages\/141\/revisions\/225"}],"wp:attachment":[{"href":"https:\/\/www.nextbike.de\/giessen\/de\/wp-json\/wp\/v2\/media?parent=141"}],"curies":[{"name":"wp","href":"https:\/\/api.w.org\/{rel}","templated":true}]}}