{"id":116,"date":"2022-11-15T10:10:49","date_gmt":"2022-11-15T09:10:49","guid":{"rendered":"https:\/\/nextbike-live.pluspol-networks.de\/giessen\/?page_id=116"},"modified":"2025-09-30T11:21:32","modified_gmt":"2025-09-30T09:21:32","slug":"campusbike","status":"publish","type":"page","link":"https:\/\/www.nextbike.de\/giessen\/de\/campusbike\/","title":{"rendered":"CAMPUSbike"},"content":{"rendered":"<div class=\"wpb-content-wrapper\"><p>[vc_row][vc_column][vc_column_text css=&#8220;&#8220;]<\/p>\n<h1 style=\"text-align: center;\">CAMPUSbike<\/h1>\n<h3 style=\"text-align: center;\">f\u00fcr Studierende in Gie\u00dfen<\/h3>\n<p>[\/vc_column_text][\/vc_column][\/vc_row][vc_row][vc_column width=&#8220;1\/6&#8243;][vc_icon icon_fontawesome=&#8220;fa fa-solid fa-landmark&#8220; color=&#8220;custom&#8220; size=&#8220;lg&#8220; css=&#8220;&#8220; custom_color=&#8220;#0021C7&#8243;][\/vc_column][vc_column width=&#8220;5\/6&#8243;][vc_tta_accordion active_section=&#8220;0&#8243; collapsible_all=&#8220;true&#8220; title=&#8220;Teilnehmende Institutionen&#8220;][vc_tta_section title=&#8220;Ist deine Uni \/ Hochschule auch dabei?&#8220; tab_id=&#8220;institutionen329f-d03a2ae6-af27&#8243;][vc_column_text css=&#8220;&#8220;]Alle teilnehmenden Institutionen:<\/p>\n<ul>\n<li>Justus-Liebig-Universit\u00e4t<\/li>\n<li>Technischen Hochschule Mittelhessen<\/li>\n<\/ul>\n<p>[\/vc_column_text][\/vc_tta_section][\/vc_tta_accordion][\/vc_column][\/vc_row][vc_row ppi_row_padding=&#8220;ppi_remove_padding_top&#8220;][vc_column width=&#8220;1\/6&#8243;][vc_icon icon_fontawesome=&#8220;fa fa-solid fa-user-plus&#8220; color=&#8220;custom&#8220; size=&#8220;lg&#8220; css=&#8220;&#8220; custom_color=&#8220;#0021C7&#8243;][\/vc_column][vc_column width=&#8220;5\/6&#8243;][vc_tta_accordion active_section=&#8220;0&#8243; collapsible_all=&#8220;true&#8220; title=&#8220;Registrierung &amp; Verkn\u00fcpfung&#8220;][vc_tta_section title=&#8220;So geht&#8217;s&#8220; tab_id=&#8220;uni-koeln329f-d03a2ae6-af27&#8243;][vc_column_text css=&#8220;&#8220;]Registriere dich in unserer App oder auf der Webseite. \u00d6ffne dann das Wallet deiner App und w\u00e4hle deine Uni \/ Hochschule aus. Folge den weiteren Anweisungen zur Verifizierung.[\/vc_column_text][\/vc_tta_section][\/vc_tta_accordion][\/vc_column][\/vc_row][vc_row ppi_row_padding=&#8220;ppi_remove_padding_top&#8220;][vc_column width=&#8220;1\/6&#8243;][vc_icon icon_fontawesome=&#8220;fa fa-solid fa-tags&#8220; color=&#8220;custom&#8220; size=&#8220;lg&#8220; css=&#8220;&#8220; custom_color=&#8220;#0021C7&#8243;][\/vc_column][vc_column width=&#8220;5\/6&#8243;][vc_tta_accordion active_section=&#8220;0&#8243; collapsible_all=&#8220;true&#8220; title=&#8220;Konditionen&#8220;][vc_tta_section title=&#8220;Welche Vorteile haben Studis?&#8220; tab_id=&#8220;1698310483562-1429738a-403d329f-d03a2ae6-af27&#8243;][vc_column_text css=&#8220;&#8220;]Bei jeder Ausleihe eines klassischen Fahrrads sind die <strong>ersten 30 Minuten kostenlos. <\/strong>Bei einer Fahrtzeit von \u00fcber 30 Minuten werden f\u00fcr alle weiteren 30 Minuten 1 \u20ac f\u00e4llig. Der Tagesh\u00f6chstsatz betr\u00e4gt 5.00 \u20ac.<\/p>\n<p>Die Verg\u00fcnstigung gilt in allen deutschen St\u00e4dten (au\u00dfer Oldenburg, N\u00fcrnberg, Mainz, in Mecklenburg-Vorpommern und auf Usedom).<\/p>\n<p>Es k\u00f6nnen bis zu vier R\u00e4der gleichzeitig auf einen Account ausgeliehen werden. Die Verg\u00fcnstigung gilt jedoch nur f\u00fcr das erste Rad. Cargobikes und e-Bikes sind von der Verg\u00fcnstigung ausgeschlossen.[\/vc_column_text][\/vc_tta_section][\/vc_tta_accordion][\/vc_column][\/vc_row][vc_row ppi_row_padding=&#8220;ppi_remove_padding_top&#8220;][vc_column width=&#8220;1\/6&#8243;][vc_icon icon_fontawesome=&#8220;fa fa-solid fa-certificate&#8220; color=&#8220;custom&#8220; size=&#8220;lg&#8220; css=&#8220;&#8220; custom_color=&#8220;#0021C7&#8243;][\/vc_column][vc_column width=&#8220;5\/6&#8243;][vc_tta_accordion active_section=&#8220;0&#8243; collapsible_all=&#8220;true&#8220; title=&#8220;G\u00fcltigkeit&#8220;][vc_tta_section title=&#8220;Wie lange gelten die Sonderkonditionen?&#8220; tab_id=&#8220;gueltigkeit329f-d03a2ae6-af27&#8243;][vc_column_text]Der Semesterticket-Tarif gilt f\u00fcr das Semester, in dem du ihn freigeschaltet hast, bis zwei Wochen nach Semesterende. Im kommenden Semester verifizierst du dich nochmals.[\/vc_column_text][\/vc_tta_section][\/vc_tta_accordion][\/vc_column][\/vc_row]<\/p>\n<\/div>","protected":false},"excerpt":{"rendered":"<p>[vc_row][vc_column][vc_column_text css=&#8220;&#8220;] CAMPUSbike f\u00fcr Studierende in Gie\u00dfen [\/vc_column_text][\/vc_column][\/vc_row][vc_row][vc_column width=&#8220;1\/6&#8243;][vc_icon icon_fontawesome=&#8220;fa fa-solid fa-landmark&#8220; color=&#8220;custom&#8220; size=&#8220;lg&#8220; css=&#8220;&#8220; custom_color=&#8220;#0021C7&#8243;][\/vc_column][vc_column width=&#8220;5\/6&#8243;][vc_tta_accordion active_section=&#8220;0&#8243; collapsible_all=&#8220;true&#8220; title=&#8220;Teilnehmende Institutionen&#8220;][vc_tta_section title=&#8220;Ist deine Uni \/ Hochschule auch dabei?&#8220; tab_id=&#8220;institutionen329f-d03a2ae6-af27&#8243;][vc_column_text css=&#8220;&#8220;]Alle teilnehmenden Institutionen: Justus-Liebig-Universit\u00e4t Technischen Hochschule Mittelhessen [\/vc_column_text][\/vc_tta_section][\/vc_tta_accordion][\/vc_column][\/vc_row][vc_row ppi_row_padding=&#8220;ppi_remove_padding_top&#8220;][vc_column width=&#8220;1\/6&#8243;][vc_icon icon_fontawesome=&#8220;fa fa-solid fa-user-plus&#8220; color=&#8220;custom&#8220; size=&#8220;lg&#8220; css=&#8220;&#8220; custom_color=&#8220;#0021C7&#8243;][\/vc_column][vc_column width=&#8220;5\/6&#8243;][vc_tta_accordion active_section=&#8220;0&#8243; collapsible_all=&#8220;true&#8220; title=&#8220;Registrierung &amp; Verkn\u00fcpfung&#8220;][vc_tta_section title=&#8220;So geht&#8217;s&#8220; tab_id=&#8220;uni-koeln329f-d03a2ae6-af27&#8243;][vc_column_text [&hellip;]<\/p>\n","protected":false},"author":14,"featured_media":0,"parent":0,"menu_order":0,"comment_status":"closed","ping_status":"closed","template":"page-bubble.php","meta":{"_acf_changed":false,"inline_featured_image":false,"footnotes":""},"class_list":["post-116","page","type-page","status-publish","hentry"],"acf":[],"yoast_head":"<!-- This site is optimized with the Yoast SEO plugin v27.2 - https:\/\/yoast.com\/product\/yoast-seo-wordpress\/ -->\n<title>CAMPUSbike - nextbike Gie\u00dfen<\/title>\n<meta name=\"description\" content=\"Studierende der Justus-Liebig-Universit\u00e4t sowie der Technischen Hochschule Mittelhessen radeln g\u00fcnstiger. Jetzt Vorteil sichern!\" \/>\n<meta name=\"robots\" content=\"index, follow, max-snippet:-1, max-image-preview:large, max-video-preview:-1\" \/>\n<link rel=\"canonical\" href=\"https:\/\/www.nextbike.de\/giessen\/de\/campusbike\/\" \/>\n<meta property=\"og:locale\" content=\"de_DE\" \/>\n<meta property=\"og:type\" content=\"article\" \/>\n<meta property=\"og:title\" content=\"CAMPUSbike - nextbike Gie\u00dfen\" \/>\n<meta property=\"og:description\" content=\"Studierende der Justus-Liebig-Universit\u00e4t sowie der Technischen Hochschule Mittelhessen radeln g\u00fcnstiger. Jetzt Vorteil sichern!\" \/>\n<meta property=\"og:url\" content=\"https:\/\/www.nextbike.de\/giessen\/de\/campusbike\/\" \/>\n<meta property=\"og:site_name\" content=\"nextbike Gie\u00dfen\" \/>\n<meta property=\"article:modified_time\" content=\"2025-09-30T09:21:32+00:00\" \/>\n<meta name=\"twitter:card\" content=\"summary_large_image\" \/>\n<meta name=\"twitter:label1\" content=\"Gesch\u00e4tzte Lesezeit\" \/>\n\t<meta name=\"twitter:data1\" content=\"1\u00a0Minute\" \/>\n<script type=\"application\/ld+json\" class=\"yoast-schema-graph\">{\"@context\":\"https:\/\/schema.org\",\"@graph\":[{\"@type\":\"WebPage\",\"@id\":\"https:\/\/www.nextbike.de\/giessen\/de\/campusbike\/\",\"url\":\"https:\/\/www.nextbike.de\/giessen\/de\/campusbike\/\",\"name\":\"CAMPUSbike - nextbike Gie\u00dfen\",\"isPartOf\":{\"@id\":\"https:\/\/www.nextbike.de\/giessen\/de\/#website\"},\"datePublished\":\"2022-11-15T09:10:49+00:00\",\"dateModified\":\"2025-09-30T09:21:32+00:00\",\"description\":\"Studierende der Justus-Liebig-Universit\u00e4t sowie der Technischen Hochschule Mittelhessen radeln g\u00fcnstiger. Jetzt Vorteil sichern!\",\"breadcrumb\":{\"@id\":\"https:\/\/www.nextbike.de\/giessen\/de\/campusbike\/#breadcrumb\"},\"inLanguage\":\"de\",\"potentialAction\":[{\"@type\":\"ReadAction\",\"target\":[\"https:\/\/www.nextbike.de\/giessen\/de\/campusbike\/\"]}]},{\"@type\":\"BreadcrumbList\",\"@id\":\"https:\/\/www.nextbike.de\/giessen\/de\/campusbike\/#breadcrumb\",\"itemListElement\":[{\"@type\":\"ListItem\",\"position\":1,\"name\":\"Startseite\",\"item\":\"https:\/\/www.nextbike.de\/giessen\/de\/\"},{\"@type\":\"ListItem\",\"position\":2,\"name\":\"CAMPUSbike\"}]},{\"@type\":\"WebSite\",\"@id\":\"https:\/\/www.nextbike.de\/giessen\/de\/#website\",\"url\":\"https:\/\/www.nextbike.de\/giessen\/de\/\",\"name\":\"nextbike Gie\u00dfen\",\"description\":\"App downloaden und nextbike by TIER in Gie\u00dfen fahren!\",\"potentialAction\":[{\"@type\":\"SearchAction\",\"target\":{\"@type\":\"EntryPoint\",\"urlTemplate\":\"https:\/\/www.nextbike.de\/giessen\/de\/?s={search_term_string}\"},\"query-input\":{\"@type\":\"PropertyValueSpecification\",\"valueRequired\":true,\"valueName\":\"search_term_string\"}}],\"inLanguage\":\"de\"}]}<\/script>\n<!-- \/ Yoast SEO plugin. -->","yoast_head_json":{"title":"CAMPUSbike - nextbike Gie\u00dfen","description":"Studierende der Justus-Liebig-Universit\u00e4t sowie der Technischen Hochschule Mittelhessen radeln g\u00fcnstiger. Jetzt Vorteil sichern!","robots":{"index":"index","follow":"follow","max-snippet":"max-snippet:-1","max-image-preview":"max-image-preview:large","max-video-preview":"max-video-preview:-1"},"canonical":"https:\/\/www.nextbike.de\/giessen\/de\/campusbike\/","og_locale":"de_DE","og_type":"article","og_title":"CAMPUSbike - nextbike Gie\u00dfen","og_description":"Studierende der Justus-Liebig-Universit\u00e4t sowie der Technischen Hochschule Mittelhessen radeln g\u00fcnstiger. Jetzt Vorteil sichern!","og_url":"https:\/\/www.nextbike.de\/giessen\/de\/campusbike\/","og_site_name":"nextbike Gie\u00dfen","article_modified_time":"2025-09-30T09:21:32+00:00","twitter_card":"summary_large_image","twitter_misc":{"Gesch\u00e4tzte Lesezeit":"1\u00a0Minute"},"schema":{"@context":"https:\/\/schema.org","@graph":[{"@type":"WebPage","@id":"https:\/\/www.nextbike.de\/giessen\/de\/campusbike\/","url":"https:\/\/www.nextbike.de\/giessen\/de\/campusbike\/","name":"CAMPUSbike - nextbike Gie\u00dfen","isPartOf":{"@id":"https:\/\/www.nextbike.de\/giessen\/de\/#website"},"datePublished":"2022-11-15T09:10:49+00:00","dateModified":"2025-09-30T09:21:32+00:00","description":"Studierende der Justus-Liebig-Universit\u00e4t sowie der Technischen Hochschule Mittelhessen radeln g\u00fcnstiger. Jetzt Vorteil sichern!","breadcrumb":{"@id":"https:\/\/www.nextbike.de\/giessen\/de\/campusbike\/#breadcrumb"},"inLanguage":"de","potentialAction":[{"@type":"ReadAction","target":["https:\/\/www.nextbike.de\/giessen\/de\/campusbike\/"]}]},{"@type":"BreadcrumbList","@id":"https:\/\/www.nextbike.de\/giessen\/de\/campusbike\/#breadcrumb","itemListElement":[{"@type":"ListItem","position":1,"name":"Startseite","item":"https:\/\/www.nextbike.de\/giessen\/de\/"},{"@type":"ListItem","position":2,"name":"CAMPUSbike"}]},{"@type":"WebSite","@id":"https:\/\/www.nextbike.de\/giessen\/de\/#website","url":"https:\/\/www.nextbike.de\/giessen\/de\/","name":"nextbike Gie\u00dfen","description":"App downloaden und nextbike by TIER in Gie\u00dfen fahren!","potentialAction":[{"@type":"SearchAction","target":{"@type":"EntryPoint","urlTemplate":"https:\/\/www.nextbike.de\/giessen\/de\/?s={search_term_string}"},"query-input":{"@type":"PropertyValueSpecification","valueRequired":true,"valueName":"search_term_string"}}],"inLanguage":"de"}]}},"_links":{"self":[{"href":"https:\/\/www.nextbike.de\/giessen\/de\/wp-json\/wp\/v2\/pages\/116","targetHints":{"allow":["GET"]}}],"collection":[{"href":"https:\/\/www.nextbike.de\/giessen\/de\/wp-json\/wp\/v2\/pages"}],"about":[{"href":"https:\/\/www.nextbike.de\/giessen\/de\/wp-json\/wp\/v2\/types\/page"}],"author":[{"embeddable":true,"href":"https:\/\/www.nextbike.de\/giessen\/de\/wp-json\/wp\/v2\/users\/14"}],"replies":[{"embeddable":true,"href":"https:\/\/www.nextbike.de\/giessen\/de\/wp-json\/wp\/v2\/comments?post=116"}],"version-history":[{"count":7,"href":"https:\/\/www.nextbike.de\/giessen\/de\/wp-json\/wp\/v2\/pages\/116\/revisions"}],"predecessor-version":[{"id":223,"href":"https:\/\/www.nextbike.de\/giessen\/de\/wp-json\/wp\/v2\/pages\/116\/revisions\/223"}],"wp:attachment":[{"href":"https:\/\/www.nextbike.de\/giessen\/de\/wp-json\/wp\/v2\/media?parent=116"}],"curies":[{"name":"wp","href":"https:\/\/api.w.org\/{rel}","templated":true}]}}