{"id":65,"date":"2022-08-26T13:50:08","date_gmt":"2022-08-26T11:50:08","guid":{"rendered":"https:\/\/nextbike-live.pluspol-networks.de\/wuerzburg\/?page_id=65"},"modified":"2024-09-12T10:50:08","modified_gmt":"2024-09-12T08:50:08","slug":"gebuehr","status":"publish","type":"page","link":"https:\/\/www.nextbike.de\/eifel-ebike\/de\/gebuehr\/","title":{"rendered":"Geb\u00fchr"},"content":{"rendered":"<div class=\"wpb-content-wrapper\"><p>[vc_row][vc_column][vc_column_text]<\/p>\n<h2>Informationen zu anfallenden Geb\u00fchren bei Eifel e-Bike<\/h2>\n<p>[\/vc_column_text][\/vc_column][\/vc_row][vc_row ppi_row_padding=&#8220;ppi_remove_padding_top&#8220;][vc_column][vc_column_text]<\/p>\n<h3>Anfallende Geb\u00fchr in H\u00f6he von 20 \u20ac<\/h3>\n<p>Du hast das Rad unsachgem\u00e4\u00df abseits einer offiziellen Station von Eifel e-Bike oder VRS e-Bike zur\u00fcckgegeben. Hierf\u00fcr wird eine Geb\u00fchr von 20 \u20ac pro Ausleihe f\u00e4llig. Bei der ersten unsachgem\u00e4\u00dfen R\u00fcckgabe abseits einer Station berechnen wir diese noch nicht. Bei Wiederholung wird die Geb\u00fchr automatisch berechnet. Angefallene Geb\u00fchren kannst du in der Ausleih-Historie in deiner App oder in deinem Kundenkonto \u00fcber den Webseiten-Login einsehen.<\/p>\n<p style=\"text-align: left;\"><strong>Du kannst die Geb\u00fchr noch abwenden:<\/strong> Gehe zur\u00fcck zum Rad und leihe es erneut aus. Mache dies nicht aus der Ferne, da das Schloss automatisch \u00f6ffnet. Die neue Ausleihe wird mit der alten verschmolzen und die Geb\u00fchr f\u00fcr unsachgem\u00e4\u00dfe R\u00fcckgabe gel\u00f6scht, wenn du das Rad nun ordnungsgem\u00e4\u00df zur\u00fcckgibst. Weiter unten erf\u00e4hrst du\u00a0mehr \u00fcber das Verschmelzen von Ausleihen.<\/p>\n<p>[\/vc_column_text][vc_column_text css=&#8220;&#8220;]<\/p>\n<h3>Welche R\u00fcckgabe-Optionen hast du bei Eifel e-Bike?<\/h3>\n<p><strong>An Stationen<\/strong><\/p>\n<p>Eifel e-Bikes d\u00fcrfen an allen offiziellen Stationen des Eifel e-Bike Systems in Bad M\u00fcnstereifel, Blankenheim, Dahlem, Euskirchen, Schleiden, Hellenthal, Kall, Mechernich, Nettersheim sowie Z\u00fclpich abgestellt werden.<br \/>\nAu\u00dferdem kannst du dein Eifel e-Bike auch im benachbarten VRS e-Bike System in Alfter, Bornheim, Meckenheim, Swisttal, Rheinbach, Wachtberg sowie Weilerswist zur\u00fcckgeben.<\/p>\n<p>In beiden Systemen gibt es keine Flexzone, das Abstellen abseits der Stationen ist also nicht gestattet! F\u00fcr unsachgem\u00e4\u00dfe R\u00fcckgaben wird automatisch eine Geb\u00fchr von mind. 20 \u20ac berechnet.<\/p>\n<p><strong>An e-Cargobike Stationen<\/strong><\/p>\n<p>E-Cargobikes stehen an den Stationen &#8218;Euskirchen Bahnhof&#8216; sowie &#8218;Euskirchen Kreisverwaltung&#8216; zur Verf\u00fcgung und m\u00fcssen an einer dieser Stationen zur\u00fcckgegeben werden. F\u00fcr R\u00fcckgabe abseits dieser beiden Stationen fallen automatisch 20 \u20ac an.<\/p>\n<p><strong>Irrt\u00fcmliche Geb\u00fchren? Was nun?<\/strong><\/p>\n<p>Aufgrund von leichten GPS-Abweichungen kann es passieren, dass dir eine Geb\u00fchr f\u00fcr unsachgem\u00e4\u00dfe R\u00fcckgabe berechnet wird, obwohl du das Rad an einer Station abgestellt hast. Kein Problem. Kontaktiere unsere Hotline unter +49 (0) 30 69205046 oder schicke uns eine Nachricht per App mit deiner registrierten Handynummer, Radnummer und kurzer Schilderung des Sachverhalts. Wir berichtigen die Ausleihe.<\/p>\n<p><strong>Ausleihen verschmelzen?<\/strong><\/p>\n<p>Aufeinanderfolgende Ausleihen desselben Rads werden miteinander verschmolzen, wenn dies f\u00fcr den Nutzer die preiswertere Option ist. Konkret bedeutet dies, dass die endg\u00fcltige Ausleihdauer sich aus Startzeit der ersten und R\u00fcckgabezeit der zweiten Ausleihe berechnet. Die Pause zwischen den beiden Ausleihen wird dann ebenfalls zur Fahrtzeit hinzugef\u00fcgt. W\u00e4re eine Verschmelzung beider Ausleihen die teurere Option, werden beide Ausleihen einzeln abgerechnet. Den endg\u00fcltigen Preis f\u00fcr deine Ausleihen kannst du in deiner Historie in deiner App oder in deinem Kundenkonto \u00fcber den Webseiten-Login einsehen.[\/vc_column_text][\/vc_column][\/vc_row]<\/p>\n<\/div>","protected":false},"excerpt":{"rendered":"<p>[vc_row][vc_column][vc_column_text] Informationen zu anfallenden Geb\u00fchren bei Eifel e-Bike [\/vc_column_text][\/vc_column][\/vc_row][vc_row ppi_row_padding=&#8220;ppi_remove_padding_top&#8220;][vc_column][vc_column_text] Anfallende Geb\u00fchr in H\u00f6he von 20 \u20ac Du hast das Rad unsachgem\u00e4\u00df abseits einer offiziellen Station von Eifel e-Bike oder VRS e-Bike zur\u00fcckgegeben. Hierf\u00fcr wird eine Geb\u00fchr von 20 \u20ac pro Ausleihe f\u00e4llig. Bei der ersten unsachgem\u00e4\u00dfen R\u00fcckgabe abseits einer Station berechnen wir diese noch [&hellip;]<\/p>\n","protected":false},"author":2,"featured_media":0,"parent":0,"menu_order":0,"comment_status":"closed","ping_status":"closed","template":"page-bubble.php","meta":{"_acf_changed":false,"inline_featured_image":false,"footnotes":""},"class_list":["post-65","page","type-page","status-publish","hentry"],"acf":[],"yoast_head":"<!-- This site is optimized with the Yoast SEO plugin v27.2 - https:\/\/yoast.com\/product\/yoast-seo-wordpress\/ -->\n<title>Geb\u00fchr - Eifel E-Bike<\/title>\n<meta name=\"robots\" content=\"index, follow, max-snippet:-1, max-image-preview:large, max-video-preview:-1\" \/>\n<link rel=\"canonical\" href=\"https:\/\/www.nextbike.de\/eifel-ebike\/de\/gebuehr\/\" \/>\n<meta property=\"og:locale\" content=\"de_DE\" \/>\n<meta property=\"og:type\" content=\"article\" \/>\n<meta property=\"og:title\" content=\"Geb\u00fchr - Eifel E-Bike\" \/>\n<meta property=\"og:description\" content=\"[vc_row][vc_column][vc_column_text] Informationen zu anfallenden Geb\u00fchren bei Eifel e-Bike [\/vc_column_text][\/vc_column][\/vc_row][vc_row ppi_row_padding=&#8220;ppi_remove_padding_top&#8220;][vc_column][vc_column_text] Anfallende Geb\u00fchr in H\u00f6he von 20 \u20ac Du hast das Rad unsachgem\u00e4\u00df abseits einer offiziellen Station von Eifel e-Bike oder VRS e-Bike zur\u00fcckgegeben. Hierf\u00fcr wird eine Geb\u00fchr von 20 \u20ac pro Ausleihe f\u00e4llig. Bei der ersten unsachgem\u00e4\u00dfen R\u00fcckgabe abseits einer Station berechnen wir diese noch [&hellip;]\" \/>\n<meta property=\"og:url\" content=\"https:\/\/www.nextbike.de\/eifel-ebike\/de\/gebuehr\/\" \/>\n<meta property=\"og:site_name\" content=\"Eifel E-Bike\" \/>\n<meta property=\"article:modified_time\" content=\"2024-09-12T08:50:08+00:00\" \/>\n<meta name=\"twitter:card\" content=\"summary_large_image\" \/>\n<meta name=\"twitter:label1\" content=\"Gesch\u00e4tzte Lesezeit\" \/>\n\t<meta name=\"twitter:data1\" content=\"2\u00a0Minuten\" \/>\n<script type=\"application\/ld+json\" class=\"yoast-schema-graph\">{\"@context\":\"https:\/\/schema.org\",\"@graph\":[{\"@type\":\"WebPage\",\"@id\":\"https:\/\/www.nextbike.de\/eifel-ebike\/de\/gebuehr\/\",\"url\":\"https:\/\/www.nextbike.de\/eifel-ebike\/de\/gebuehr\/\",\"name\":\"Geb\u00fchr - Eifel E-Bike\",\"isPartOf\":{\"@id\":\"https:\/\/www.nextbike.de\/eifel-ebike\/de\/#website\"},\"datePublished\":\"2022-08-26T11:50:08+00:00\",\"dateModified\":\"2024-09-12T08:50:08+00:00\",\"breadcrumb\":{\"@id\":\"https:\/\/www.nextbike.de\/eifel-ebike\/de\/gebuehr\/#breadcrumb\"},\"inLanguage\":\"de\",\"potentialAction\":[{\"@type\":\"ReadAction\",\"target\":[\"https:\/\/www.nextbike.de\/eifel-ebike\/de\/gebuehr\/\"]}]},{\"@type\":\"BreadcrumbList\",\"@id\":\"https:\/\/www.nextbike.de\/eifel-ebike\/de\/gebuehr\/#breadcrumb\",\"itemListElement\":[{\"@type\":\"ListItem\",\"position\":1,\"name\":\"Startseite\",\"item\":\"https:\/\/www.nextbike.de\/eifel-ebike\/de\/\"},{\"@type\":\"ListItem\",\"position\":2,\"name\":\"Geb\u00fchr\"}]},{\"@type\":\"WebSite\",\"@id\":\"https:\/\/www.nextbike.de\/eifel-ebike\/de\/#website\",\"url\":\"https:\/\/www.nextbike.de\/eifel-ebike\/de\/\",\"name\":\"Eifel E-Bike\",\"description\":\"Jetzt Fahrrad in der Eifel mieten.\",\"potentialAction\":[{\"@type\":\"SearchAction\",\"target\":{\"@type\":\"EntryPoint\",\"urlTemplate\":\"https:\/\/www.nextbike.de\/eifel-ebike\/de\/?s={search_term_string}\"},\"query-input\":{\"@type\":\"PropertyValueSpecification\",\"valueRequired\":true,\"valueName\":\"search_term_string\"}}],\"inLanguage\":\"de\"}]}<\/script>\n<!-- \/ Yoast SEO plugin. -->","yoast_head_json":{"title":"Geb\u00fchr - Eifel E-Bike","robots":{"index":"index","follow":"follow","max-snippet":"max-snippet:-1","max-image-preview":"max-image-preview:large","max-video-preview":"max-video-preview:-1"},"canonical":"https:\/\/www.nextbike.de\/eifel-ebike\/de\/gebuehr\/","og_locale":"de_DE","og_type":"article","og_title":"Geb\u00fchr - Eifel E-Bike","og_description":"[vc_row][vc_column][vc_column_text] Informationen zu anfallenden Geb\u00fchren bei Eifel e-Bike [\/vc_column_text][\/vc_column][\/vc_row][vc_row ppi_row_padding=&#8220;ppi_remove_padding_top&#8220;][vc_column][vc_column_text] Anfallende Geb\u00fchr in H\u00f6he von 20 \u20ac Du hast das Rad unsachgem\u00e4\u00df abseits einer offiziellen Station von Eifel e-Bike oder VRS e-Bike zur\u00fcckgegeben. Hierf\u00fcr wird eine Geb\u00fchr von 20 \u20ac pro Ausleihe f\u00e4llig. Bei der ersten unsachgem\u00e4\u00dfen R\u00fcckgabe abseits einer Station berechnen wir diese noch [&hellip;]","og_url":"https:\/\/www.nextbike.de\/eifel-ebike\/de\/gebuehr\/","og_site_name":"Eifel E-Bike","article_modified_time":"2024-09-12T08:50:08+00:00","twitter_card":"summary_large_image","twitter_misc":{"Gesch\u00e4tzte Lesezeit":"2\u00a0Minuten"},"schema":{"@context":"https:\/\/schema.org","@graph":[{"@type":"WebPage","@id":"https:\/\/www.nextbike.de\/eifel-ebike\/de\/gebuehr\/","url":"https:\/\/www.nextbike.de\/eifel-ebike\/de\/gebuehr\/","name":"Geb\u00fchr - Eifel E-Bike","isPartOf":{"@id":"https:\/\/www.nextbike.de\/eifel-ebike\/de\/#website"},"datePublished":"2022-08-26T11:50:08+00:00","dateModified":"2024-09-12T08:50:08+00:00","breadcrumb":{"@id":"https:\/\/www.nextbike.de\/eifel-ebike\/de\/gebuehr\/#breadcrumb"},"inLanguage":"de","potentialAction":[{"@type":"ReadAction","target":["https:\/\/www.nextbike.de\/eifel-ebike\/de\/gebuehr\/"]}]},{"@type":"BreadcrumbList","@id":"https:\/\/www.nextbike.de\/eifel-ebike\/de\/gebuehr\/#breadcrumb","itemListElement":[{"@type":"ListItem","position":1,"name":"Startseite","item":"https:\/\/www.nextbike.de\/eifel-ebike\/de\/"},{"@type":"ListItem","position":2,"name":"Geb\u00fchr"}]},{"@type":"WebSite","@id":"https:\/\/www.nextbike.de\/eifel-ebike\/de\/#website","url":"https:\/\/www.nextbike.de\/eifel-ebike\/de\/","name":"Eifel E-Bike","description":"Jetzt Fahrrad in der Eifel mieten.","potentialAction":[{"@type":"SearchAction","target":{"@type":"EntryPoint","urlTemplate":"https:\/\/www.nextbike.de\/eifel-ebike\/de\/?s={search_term_string}"},"query-input":{"@type":"PropertyValueSpecification","valueRequired":true,"valueName":"search_term_string"}}],"inLanguage":"de"}]}},"_links":{"self":[{"href":"https:\/\/www.nextbike.de\/eifel-ebike\/de\/wp-json\/wp\/v2\/pages\/65","targetHints":{"allow":["GET"]}}],"collection":[{"href":"https:\/\/www.nextbike.de\/eifel-ebike\/de\/wp-json\/wp\/v2\/pages"}],"about":[{"href":"https:\/\/www.nextbike.de\/eifel-ebike\/de\/wp-json\/wp\/v2\/types\/page"}],"author":[{"embeddable":true,"href":"https:\/\/www.nextbike.de\/eifel-ebike\/de\/wp-json\/wp\/v2\/users\/2"}],"replies":[{"embeddable":true,"href":"https:\/\/www.nextbike.de\/eifel-ebike\/de\/wp-json\/wp\/v2\/comments?post=65"}],"version-history":[{"count":11,"href":"https:\/\/www.nextbike.de\/eifel-ebike\/de\/wp-json\/wp\/v2\/pages\/65\/revisions"}],"predecessor-version":[{"id":225,"href":"https:\/\/www.nextbike.de\/eifel-ebike\/de\/wp-json\/wp\/v2\/pages\/65\/revisions\/225"}],"wp:attachment":[{"href":"https:\/\/www.nextbike.de\/eifel-ebike\/de\/wp-json\/wp\/v2\/media?parent=65"}],"curies":[{"name":"wp","href":"https:\/\/api.w.org\/{rel}","templated":true}]}}