{"id":116,"date":"2022-10-19T10:56:10","date_gmt":"2022-10-19T08:56:10","guid":{"rendered":"https:\/\/nextbike-live.pluspol-networks.de\/duesseldorf\/campusbike\/"},"modified":"2026-04-13T09:47:18","modified_gmt":"2026-04-13T07:47:18","slug":"campusbike","status":"publish","type":"page","link":"https:\/\/www.nextbike.de\/duesseldorf\/en\/campusbike\/","title":{"rendered":"Campusbike"},"content":{"rendered":"<div class=\"wpb-content-wrapper\"><p>[vc_row][vc_column][vc_column_text css=&#8221;&#8221;]<\/p>\n<h2>Students of the following institutions cycle for less!<\/h2>\n<ul>\n<li>Heinrich-Heine-Universit\u00e4t D\u00fcsseldorf<\/li>\n<li>Hochschule D\u00fcsseldorf<\/li>\n<li>Kunstakademie D\u00fcsseldorf<\/li>\n<\/ul>\n<p>[\/vc_column_text][vc_column_text css=&#8221;&#8221;]<strong>Registration<br \/>\n<\/strong>Register in our app or on the website with your student E-mail address*. You will then be sent a confirmation link. After this link has been clicked and verified, your account will be automatically activated.<\/p>\n<p>*Accepted email domains:<\/p>\n<ul>\n<li>Heinrich-Heine University: xxx@hhu.de oder xxx@uni-duesseldorf.de<\/li>\n<li>University of Applied Sciences D\u00fcsseldorf: xxx@study.hs-duesseldorf.de<\/li>\n<li>Kunstakademie D\u00fcsseldorf: xxx@std.kunstakademie-duesseldorf.de<\/li>\n<\/ul>\n<p>You\u2019ve already registered with nextbike but didn&#8217;t use your student E-mail address, or you added your E-mail address after signing up? Log in via website, enter your new email address and choose your university as your partner. You can also contact our customer service at +49 (0)30-69205046.<strong><br \/>\n<\/strong><\/p>\n<p><strong>Conditions<\/strong><br \/>\nThe first 60 minutes of each rental are free of charge. If you rent a bike longer than 60 minutes you will be charged 0,50\u20ac for each additional 30 minutes. The maximum daily rate for renting over a 24 hour timespan is 5,00\u20ac. The Concession is valid for rentals in D\u00fcsseldorf, within the area of metroporadruhr, in Bonn, Lippstadt, M\u00f6nchengladbach, Leverkusen and Cologne. In other cities the basic rate applies. You can use a single account to rent up to four bikes at once. The aforementioned benefits will apply to the first two bikes. This means you will be charged at the basic rate for each additional bike.[\/vc_column_text][\/vc_column][\/vc_row]<\/p>\n<\/div>","protected":false},"excerpt":{"rendered":"<p>[vc_row][vc_column][vc_column_text css=&#8221;&#8221;] Students of the following institutions cycle for less! Heinrich-Heine-Universit\u00e4t D\u00fcsseldorf Hochschule D\u00fcsseldorf Kunstakademie D\u00fcsseldorf [\/vc_column_text][vc_column_text css=&#8221;&#8221;]Registration Register in our app or on the website with your student E-mail address*. You will then be sent a confirmation link. After this link has been clicked and verified, your account will be automatically activated. *Accepted email [&hellip;]<\/p>\n","protected":false},"author":12,"featured_media":0,"parent":0,"menu_order":0,"comment_status":"closed","ping_status":"closed","template":"page-bubble.php","meta":{"_acf_changed":false,"inline_featured_image":false,"footnotes":""},"class_list":["post-116","page","type-page","status-publish","hentry"],"acf":[],"yoast_head":"<!-- This site is optimized with the Yoast SEO plugin v27.2 - https:\/\/yoast.com\/product\/yoast-seo-wordpress\/ -->\n<title>Campusbike - nextbike D\u00fcsseldorf<\/title>\n<meta name=\"robots\" content=\"index, follow, max-snippet:-1, max-image-preview:large, max-video-preview:-1\" \/>\n<link rel=\"canonical\" href=\"https:\/\/www.nextbike.de\/duesseldorf\/en\/campusbike\/\" \/>\n<meta property=\"og:locale\" content=\"en_US\" \/>\n<meta property=\"og:type\" content=\"article\" \/>\n<meta property=\"og:title\" content=\"Campusbike - nextbike D\u00fcsseldorf\" \/>\n<meta property=\"og:description\" content=\"[vc_row][vc_column][vc_column_text css=&#8221;&#8221;] Students of the following institutions cycle for less! Heinrich-Heine-Universit\u00e4t D\u00fcsseldorf Hochschule D\u00fcsseldorf Kunstakademie D\u00fcsseldorf [\/vc_column_text][vc_column_text css=&#8221;&#8221;]Registration Register in our app or on the website with your student E-mail address*. You will then be sent a confirmation link. After this link has been clicked and verified, your account will be automatically activated. *Accepted email [&hellip;]\" \/>\n<meta property=\"og:url\" content=\"https:\/\/www.nextbike.de\/duesseldorf\/en\/campusbike\/\" \/>\n<meta property=\"og:site_name\" content=\"nextbike D\u00fcsseldorf\" \/>\n<meta property=\"article:modified_time\" content=\"2026-04-13T07:47:18+00:00\" \/>\n<meta name=\"twitter:card\" content=\"summary_large_image\" \/>\n<meta name=\"twitter:label1\" content=\"Est. reading time\" \/>\n\t<meta name=\"twitter:data1\" content=\"2 minutes\" \/>\n<script type=\"application\/ld+json\" class=\"yoast-schema-graph\">{\"@context\":\"https:\/\/schema.org\",\"@graph\":[{\"@type\":\"WebPage\",\"@id\":\"https:\/\/www.nextbike.de\/duesseldorf\/en\/campusbike\/\",\"url\":\"https:\/\/www.nextbike.de\/duesseldorf\/en\/campusbike\/\",\"name\":\"Campusbike - nextbike D\u00fcsseldorf\",\"isPartOf\":{\"@id\":\"https:\/\/www.nextbike.de\/duesseldorf\/en\/#website\"},\"datePublished\":\"2022-10-19T08:56:10+00:00\",\"dateModified\":\"2026-04-13T07:47:18+00:00\",\"breadcrumb\":{\"@id\":\"https:\/\/www.nextbike.de\/duesseldorf\/en\/campusbike\/#breadcrumb\"},\"inLanguage\":\"en-US\",\"potentialAction\":[{\"@type\":\"ReadAction\",\"target\":[\"https:\/\/www.nextbike.de\/duesseldorf\/en\/campusbike\/\"]}]},{\"@type\":\"BreadcrumbList\",\"@id\":\"https:\/\/www.nextbike.de\/duesseldorf\/en\/campusbike\/#breadcrumb\",\"itemListElement\":[{\"@type\":\"ListItem\",\"position\":1,\"name\":\"Startseite\",\"item\":\"https:\/\/www.nextbike.de\/duesseldorf\/en\/\"},{\"@type\":\"ListItem\",\"position\":2,\"name\":\"Campusbike\"}]},{\"@type\":\"WebSite\",\"@id\":\"https:\/\/www.nextbike.de\/duesseldorf\/en\/#website\",\"url\":\"https:\/\/www.nextbike.de\/duesseldorf\/en\/\",\"name\":\"nextbike D\u00fcsseldorf\",\"description\":\"App downloaden und nextbike in D\u00fcsseldorf fahren!\",\"potentialAction\":[{\"@type\":\"SearchAction\",\"target\":{\"@type\":\"EntryPoint\",\"urlTemplate\":\"https:\/\/www.nextbike.de\/duesseldorf\/en\/?s={search_term_string}\"},\"query-input\":{\"@type\":\"PropertyValueSpecification\",\"valueRequired\":true,\"valueName\":\"search_term_string\"}}],\"inLanguage\":\"en-US\"}]}<\/script>\n<!-- \/ Yoast SEO plugin. -->","yoast_head_json":{"title":"Campusbike - nextbike D\u00fcsseldorf","robots":{"index":"index","follow":"follow","max-snippet":"max-snippet:-1","max-image-preview":"max-image-preview:large","max-video-preview":"max-video-preview:-1"},"canonical":"https:\/\/www.nextbike.de\/duesseldorf\/en\/campusbike\/","og_locale":"en_US","og_type":"article","og_title":"Campusbike - nextbike D\u00fcsseldorf","og_description":"[vc_row][vc_column][vc_column_text css=&#8221;&#8221;] Students of the following institutions cycle for less! Heinrich-Heine-Universit\u00e4t D\u00fcsseldorf Hochschule D\u00fcsseldorf Kunstakademie D\u00fcsseldorf [\/vc_column_text][vc_column_text css=&#8221;&#8221;]Registration Register in our app or on the website with your student E-mail address*. You will then be sent a confirmation link. After this link has been clicked and verified, your account will be automatically activated. *Accepted email [&hellip;]","og_url":"https:\/\/www.nextbike.de\/duesseldorf\/en\/campusbike\/","og_site_name":"nextbike D\u00fcsseldorf","article_modified_time":"2026-04-13T07:47:18+00:00","twitter_card":"summary_large_image","twitter_misc":{"Est. reading time":"2 minutes"},"schema":{"@context":"https:\/\/schema.org","@graph":[{"@type":"WebPage","@id":"https:\/\/www.nextbike.de\/duesseldorf\/en\/campusbike\/","url":"https:\/\/www.nextbike.de\/duesseldorf\/en\/campusbike\/","name":"Campusbike - nextbike D\u00fcsseldorf","isPartOf":{"@id":"https:\/\/www.nextbike.de\/duesseldorf\/en\/#website"},"datePublished":"2022-10-19T08:56:10+00:00","dateModified":"2026-04-13T07:47:18+00:00","breadcrumb":{"@id":"https:\/\/www.nextbike.de\/duesseldorf\/en\/campusbike\/#breadcrumb"},"inLanguage":"en-US","potentialAction":[{"@type":"ReadAction","target":["https:\/\/www.nextbike.de\/duesseldorf\/en\/campusbike\/"]}]},{"@type":"BreadcrumbList","@id":"https:\/\/www.nextbike.de\/duesseldorf\/en\/campusbike\/#breadcrumb","itemListElement":[{"@type":"ListItem","position":1,"name":"Startseite","item":"https:\/\/www.nextbike.de\/duesseldorf\/en\/"},{"@type":"ListItem","position":2,"name":"Campusbike"}]},{"@type":"WebSite","@id":"https:\/\/www.nextbike.de\/duesseldorf\/en\/#website","url":"https:\/\/www.nextbike.de\/duesseldorf\/en\/","name":"nextbike D\u00fcsseldorf","description":"App downloaden und nextbike in D\u00fcsseldorf fahren!","potentialAction":[{"@type":"SearchAction","target":{"@type":"EntryPoint","urlTemplate":"https:\/\/www.nextbike.de\/duesseldorf\/en\/?s={search_term_string}"},"query-input":{"@type":"PropertyValueSpecification","valueRequired":true,"valueName":"search_term_string"}}],"inLanguage":"en-US"}]}},"_links":{"self":[{"href":"https:\/\/www.nextbike.de\/duesseldorf\/en\/wp-json\/wp\/v2\/pages\/116","targetHints":{"allow":["GET"]}}],"collection":[{"href":"https:\/\/www.nextbike.de\/duesseldorf\/en\/wp-json\/wp\/v2\/pages"}],"about":[{"href":"https:\/\/www.nextbike.de\/duesseldorf\/en\/wp-json\/wp\/v2\/types\/page"}],"author":[{"embeddable":true,"href":"https:\/\/www.nextbike.de\/duesseldorf\/en\/wp-json\/wp\/v2\/users\/12"}],"replies":[{"embeddable":true,"href":"https:\/\/www.nextbike.de\/duesseldorf\/en\/wp-json\/wp\/v2\/comments?post=116"}],"version-history":[{"count":4,"href":"https:\/\/www.nextbike.de\/duesseldorf\/en\/wp-json\/wp\/v2\/pages\/116\/revisions"}],"predecessor-version":[{"id":199,"href":"https:\/\/www.nextbike.de\/duesseldorf\/en\/wp-json\/wp\/v2\/pages\/116\/revisions\/199"}],"wp:attachment":[{"href":"https:\/\/www.nextbike.de\/duesseldorf\/en\/wp-json\/wp\/v2\/media?parent=116"}],"curies":[{"name":"wp","href":"https:\/\/api.w.org\/{rel}","templated":true}]}}