{"id":89,"date":"2022-10-19T10:56:10","date_gmt":"2022-10-19T08:56:10","guid":{"rendered":"https:\/\/nextbike-live.pluspol-networks.de\/duesseldorf\/?page_id=89"},"modified":"2022-10-19T13:11:48","modified_gmt":"2022-10-19T11:11:48","slug":"campusbike","status":"publish","type":"page","link":"https:\/\/www.nextbike.de\/duesseldorf\/de\/campusbike\/","title":{"rendered":"Campusbike"},"content":{"rendered":"<div class=\"wpb-content-wrapper\"><p>[vc_row][vc_column][vc_column_text]<\/p>\n<h2>Studierende der folgenden Institutionen radeln g\u00fcnstiger!<\/h2>\n<ul>\n<li>Heinrich-Heine-Universit\u00e4t D\u00fcsseldorf<\/li>\n<li>Hochschule D\u00fcsseldorf<\/li>\n<li>Robert-Schumann-Hochschule D\u00fcsseldorf<\/li>\n<li>Kunstakademie D\u00fcsseldorf<\/li>\n<\/ul>\n<p>[\/vc_column_text][vc_column_text]<strong>Registrierung<br \/>\n<\/strong>Registriere dich in unserer App oder auf der Webseite mit deiner Uni-E-Mail-Adresse*. An die E-Mail-Adresse wird ein Best\u00e4tigungslink gesendet, die Freischaltung erfolgt nach der Verifizierung automatisch.<\/p>\n<p>*Die akzeptierten Maildomains sind:<\/p>\n<ul>\n<li>Heinrich-Heine-Universit\u00e4t: xxx@hhu.de oder xxx@uni-duesseldorf.de<\/li>\n<li>Hochschule D\u00fcsseldorf: xxx@study.hs-duesseldorf.de<\/li>\n<li>Robert-Schumann-Hochschule D\u00fcsseldorf: xxx@rsh-duesseldorf.de<\/li>\n<li>Kunstakademie D\u00fcsseldorf: xxx@std.kunstakademie-duesseldorf.de<\/li>\n<\/ul>\n<p>Du bist bereits registriert, aber nicht mit deiner Uni-E-Mail-Adresse oder du hast diese erst nach der Registrierung hinterlegt? Dann logge dich auf unserer Webseite mit deinen Zugangsdaten ein, aktualisiere deine E-Mail-Adresse und w\u00e4hle deine Uni als deinen Partner aus, oder informiere unseren Kundenservice unter 030-69205046.<strong><br \/>\n<\/strong><\/p>\n<p>&nbsp;<\/p>\n<p><strong>Konditionen<br \/>\n<\/strong>Bei jeder Ausleihe sind die ersten 60 Minuten kostenlos. Bei einer Fahrtzeit von \u00fcber 60 Minuten werden f\u00fcr alle weiteren 30 Minuten 0,50 \u20ac f\u00e4llig. Der Tagesh\u00f6chstsatz betr\u00e4gt 5,00 \u20ac. Es k\u00f6nnen bis zu vier R\u00e4der gleichzeitig auf einen Account ausgeliehen werden, die Verg\u00fcnstigung gilt f\u00fcr die ersten zwei R\u00e4der. Die Sonderkondition gilt in D\u00fcsseldorf, im Gebiet von metropolradruhr, in Bonn, Lippstadt, M\u00f6nchengladbach, Leverkusen und K\u00f6ln. F\u00fcr weitere R\u00e4der gilt der Basistarif.<strong><br \/>\n<\/strong>[\/vc_column_text][\/vc_column][\/vc_row]<\/p>\n<\/div>","protected":false},"excerpt":{"rendered":"<p>[vc_row][vc_column][vc_column_text] Studierende der folgenden Institutionen radeln g\u00fcnstiger! Heinrich-Heine-Universit\u00e4t D\u00fcsseldorf Hochschule D\u00fcsseldorf Robert-Schumann-Hochschule D\u00fcsseldorf Kunstakademie D\u00fcsseldorf [\/vc_column_text][vc_column_text]Registrierung Registriere dich in unserer App oder auf der Webseite mit deiner Uni-E-Mail-Adresse*. An die E-Mail-Adresse wird ein Best\u00e4tigungslink gesendet, die Freischaltung erfolgt nach der Verifizierung automatisch. *Die akzeptierten Maildomains sind: Heinrich-Heine-Universit\u00e4t: xxx@hhu.de oder xxx@uni-duesseldorf.de Hochschule D\u00fcsseldorf: xxx@study.hs-duesseldorf.de Robert-Schumann-Hochschule D\u00fcsseldorf: [&hellip;]<\/p>\n","protected":false},"author":12,"featured_media":0,"parent":0,"menu_order":0,"comment_status":"closed","ping_status":"closed","template":"page-bubble.php","meta":{"_acf_changed":false,"inline_featured_image":false,"footnotes":""},"class_list":["post-89","page","type-page","status-publish","hentry"],"acf":[],"yoast_head":"<!-- This site is optimized with the Yoast SEO plugin v27.2 - https:\/\/yoast.com\/product\/yoast-seo-wordpress\/ -->\n<title>Campusbike - nextbike D\u00fcsseldorf<\/title>\n<meta name=\"robots\" content=\"index, follow, max-snippet:-1, max-image-preview:large, max-video-preview:-1\" \/>\n<link rel=\"canonical\" href=\"https:\/\/www.nextbike.de\/duesseldorf\/de\/campusbike\/\" \/>\n<meta property=\"og:locale\" content=\"de_DE\" \/>\n<meta property=\"og:type\" content=\"article\" \/>\n<meta property=\"og:title\" content=\"Campusbike - nextbike D\u00fcsseldorf\" \/>\n<meta property=\"og:description\" content=\"[vc_row][vc_column][vc_column_text] Studierende der folgenden Institutionen radeln g\u00fcnstiger! Heinrich-Heine-Universit\u00e4t D\u00fcsseldorf Hochschule D\u00fcsseldorf Robert-Schumann-Hochschule D\u00fcsseldorf Kunstakademie D\u00fcsseldorf [\/vc_column_text][vc_column_text]Registrierung Registriere dich in unserer App oder auf der Webseite mit deiner Uni-E-Mail-Adresse*. An die E-Mail-Adresse wird ein Best\u00e4tigungslink gesendet, die Freischaltung erfolgt nach der Verifizierung automatisch. *Die akzeptierten Maildomains sind: Heinrich-Heine-Universit\u00e4t: xxx@hhu.de oder xxx@uni-duesseldorf.de Hochschule D\u00fcsseldorf: xxx@study.hs-duesseldorf.de Robert-Schumann-Hochschule D\u00fcsseldorf: [&hellip;]\" \/>\n<meta property=\"og:url\" content=\"https:\/\/www.nextbike.de\/duesseldorf\/de\/campusbike\/\" \/>\n<meta property=\"og:site_name\" content=\"nextbike D\u00fcsseldorf\" \/>\n<meta property=\"article:modified_time\" content=\"2022-10-19T11:11:48+00:00\" \/>\n<meta name=\"twitter:card\" content=\"summary_large_image\" \/>\n<meta name=\"twitter:label1\" content=\"Gesch\u00e4tzte Lesezeit\" \/>\n\t<meta name=\"twitter:data1\" content=\"1\u00a0Minute\" \/>\n<script type=\"application\/ld+json\" class=\"yoast-schema-graph\">{\"@context\":\"https:\/\/schema.org\",\"@graph\":[{\"@type\":\"WebPage\",\"@id\":\"https:\/\/www.nextbike.de\/duesseldorf\/de\/campusbike\/\",\"url\":\"https:\/\/www.nextbike.de\/duesseldorf\/de\/campusbike\/\",\"name\":\"Campusbike - nextbike D\u00fcsseldorf\",\"isPartOf\":{\"@id\":\"https:\/\/www.nextbike.de\/duesseldorf\/de\/#website\"},\"datePublished\":\"2022-10-19T08:56:10+00:00\",\"dateModified\":\"2022-10-19T11:11:48+00:00\",\"breadcrumb\":{\"@id\":\"https:\/\/www.nextbike.de\/duesseldorf\/de\/campusbike\/#breadcrumb\"},\"inLanguage\":\"de\",\"potentialAction\":[{\"@type\":\"ReadAction\",\"target\":[\"https:\/\/www.nextbike.de\/duesseldorf\/de\/campusbike\/\"]}]},{\"@type\":\"BreadcrumbList\",\"@id\":\"https:\/\/www.nextbike.de\/duesseldorf\/de\/campusbike\/#breadcrumb\",\"itemListElement\":[{\"@type\":\"ListItem\",\"position\":1,\"name\":\"Startseite\",\"item\":\"https:\/\/www.nextbike.de\/duesseldorf\/de\/\"},{\"@type\":\"ListItem\",\"position\":2,\"name\":\"Campusbike\"}]},{\"@type\":\"WebSite\",\"@id\":\"https:\/\/www.nextbike.de\/duesseldorf\/de\/#website\",\"url\":\"https:\/\/www.nextbike.de\/duesseldorf\/de\/\",\"name\":\"nextbike D\u00fcsseldorf\",\"description\":\"App downloaden und nextbike in D\u00fcsseldorf fahren!\",\"potentialAction\":[{\"@type\":\"SearchAction\",\"target\":{\"@type\":\"EntryPoint\",\"urlTemplate\":\"https:\/\/www.nextbike.de\/duesseldorf\/de\/?s={search_term_string}\"},\"query-input\":{\"@type\":\"PropertyValueSpecification\",\"valueRequired\":true,\"valueName\":\"search_term_string\"}}],\"inLanguage\":\"de\"}]}<\/script>\n<!-- \/ Yoast SEO plugin. -->","yoast_head_json":{"title":"Campusbike - nextbike D\u00fcsseldorf","robots":{"index":"index","follow":"follow","max-snippet":"max-snippet:-1","max-image-preview":"max-image-preview:large","max-video-preview":"max-video-preview:-1"},"canonical":"https:\/\/www.nextbike.de\/duesseldorf\/de\/campusbike\/","og_locale":"de_DE","og_type":"article","og_title":"Campusbike - nextbike D\u00fcsseldorf","og_description":"[vc_row][vc_column][vc_column_text] Studierende der folgenden Institutionen radeln g\u00fcnstiger! Heinrich-Heine-Universit\u00e4t D\u00fcsseldorf Hochschule D\u00fcsseldorf Robert-Schumann-Hochschule D\u00fcsseldorf Kunstakademie D\u00fcsseldorf [\/vc_column_text][vc_column_text]Registrierung Registriere dich in unserer App oder auf der Webseite mit deiner Uni-E-Mail-Adresse*. An die E-Mail-Adresse wird ein Best\u00e4tigungslink gesendet, die Freischaltung erfolgt nach der Verifizierung automatisch. *Die akzeptierten Maildomains sind: Heinrich-Heine-Universit\u00e4t: xxx@hhu.de oder xxx@uni-duesseldorf.de Hochschule D\u00fcsseldorf: xxx@study.hs-duesseldorf.de Robert-Schumann-Hochschule D\u00fcsseldorf: [&hellip;]","og_url":"https:\/\/www.nextbike.de\/duesseldorf\/de\/campusbike\/","og_site_name":"nextbike D\u00fcsseldorf","article_modified_time":"2022-10-19T11:11:48+00:00","twitter_card":"summary_large_image","twitter_misc":{"Gesch\u00e4tzte Lesezeit":"1\u00a0Minute"},"schema":{"@context":"https:\/\/schema.org","@graph":[{"@type":"WebPage","@id":"https:\/\/www.nextbike.de\/duesseldorf\/de\/campusbike\/","url":"https:\/\/www.nextbike.de\/duesseldorf\/de\/campusbike\/","name":"Campusbike - nextbike D\u00fcsseldorf","isPartOf":{"@id":"https:\/\/www.nextbike.de\/duesseldorf\/de\/#website"},"datePublished":"2022-10-19T08:56:10+00:00","dateModified":"2022-10-19T11:11:48+00:00","breadcrumb":{"@id":"https:\/\/www.nextbike.de\/duesseldorf\/de\/campusbike\/#breadcrumb"},"inLanguage":"de","potentialAction":[{"@type":"ReadAction","target":["https:\/\/www.nextbike.de\/duesseldorf\/de\/campusbike\/"]}]},{"@type":"BreadcrumbList","@id":"https:\/\/www.nextbike.de\/duesseldorf\/de\/campusbike\/#breadcrumb","itemListElement":[{"@type":"ListItem","position":1,"name":"Startseite","item":"https:\/\/www.nextbike.de\/duesseldorf\/de\/"},{"@type":"ListItem","position":2,"name":"Campusbike"}]},{"@type":"WebSite","@id":"https:\/\/www.nextbike.de\/duesseldorf\/de\/#website","url":"https:\/\/www.nextbike.de\/duesseldorf\/de\/","name":"nextbike D\u00fcsseldorf","description":"App downloaden und nextbike in D\u00fcsseldorf fahren!","potentialAction":[{"@type":"SearchAction","target":{"@type":"EntryPoint","urlTemplate":"https:\/\/www.nextbike.de\/duesseldorf\/de\/?s={search_term_string}"},"query-input":{"@type":"PropertyValueSpecification","valueRequired":true,"valueName":"search_term_string"}}],"inLanguage":"de"}]}},"_links":{"self":[{"href":"https:\/\/www.nextbike.de\/duesseldorf\/de\/wp-json\/wp\/v2\/pages\/89","targetHints":{"allow":["GET"]}}],"collection":[{"href":"https:\/\/www.nextbike.de\/duesseldorf\/de\/wp-json\/wp\/v2\/pages"}],"about":[{"href":"https:\/\/www.nextbike.de\/duesseldorf\/de\/wp-json\/wp\/v2\/types\/page"}],"author":[{"embeddable":true,"href":"https:\/\/www.nextbike.de\/duesseldorf\/de\/wp-json\/wp\/v2\/users\/12"}],"replies":[{"embeddable":true,"href":"https:\/\/www.nextbike.de\/duesseldorf\/de\/wp-json\/wp\/v2\/comments?post=89"}],"version-history":[{"count":2,"href":"https:\/\/www.nextbike.de\/duesseldorf\/de\/wp-json\/wp\/v2\/pages\/89\/revisions"}],"predecessor-version":[{"id":91,"href":"https:\/\/www.nextbike.de\/duesseldorf\/de\/wp-json\/wp\/v2\/pages\/89\/revisions\/91"}],"wp:attachment":[{"href":"https:\/\/www.nextbike.de\/duesseldorf\/de\/wp-json\/wp\/v2\/media?parent=89"}],"curies":[{"name":"wp","href":"https:\/\/api.w.org\/{rel}","templated":true}]}}