{"id":65,"date":"2022-08-26T13:50:08","date_gmt":"2022-08-26T11:50:08","guid":{"rendered":"https:\/\/nextbike-live.pluspol-networks.de\/dresden\/?page_id=65"},"modified":"2025-04-02T10:23:37","modified_gmt":"2025-04-02T08:23:37","slug":"gebuehr","status":"publish","type":"page","link":"https:\/\/www.nextbike.de\/dresden\/de\/gebuehr\/","title":{"rendered":"Geb\u00fchr"},"content":{"rendered":"<div class=\"wpb-content-wrapper\"><p>[vc_row][vc_column][vc_column_text]<\/p>\n<h2>Information zur Geb\u00fchr<\/h2>\n<p>[\/vc_column_text][vc_column_text css=&#8220;.vc_custom_1743582144082{margin-bottom: -100px !important;}&#8220;]<\/p>\n<div class=\"row_wrap\">\n<div class=\"wp-block-columns row_xxl\">\n<div class=\"wp-block-column col-12 col-sm-auto\">\n<h3>Liebe Nutzerin, lieber Nutzer,<\/h3>\n<p>du hast das Rad unsachgem\u00e4\u00df abseits der Flexzone von Dresden zur\u00fcckgegeben. Hierf\u00fcr wird eine Geb\u00fchr von 20 \u20ac pro Ausleihe f\u00e4llig. Bei der ersten unsachgem\u00e4\u00dfen R\u00fcckgabe au\u00dferhalb der Flexzone berechnen wir diesen noch nicht. Bei Wiederholung wird die Geb\u00fchr automatisch berechnet.<\/p>\n<p><strong>Du kannst die Geb\u00fchr noch abwenden:<\/strong><br \/>\nGehe zur\u00fcck zum Rad und leihe es erneut aus. Mache dies nicht aus der Ferne, da das Schloss automatisch \u00f6ffnet. Die neue Ausleihe wird mit der alten verschmolzen und die Geb\u00fchr f\u00fcr unsachgem\u00e4\u00dfe R\u00fcckgabe gel\u00f6scht, wenn du das Rad nun ordnungsgem\u00e4\u00df zur\u00fcckgibst.<\/p>\n<p>Angefallene Geb\u00fchren kannst du in der Ausleih-Historie in deiner App oder in deinem Account \u00fcber den Webseiten-Login einsehen.<\/p>\n<p>Alle Preise und Tarife f\u00fcr Dresden kannst du unter <strong><a href=\"https:\/\/www.nextbike.de\/dresden\/de\/#tarife\" target=\"_blank\" rel=\"noopener noreferrer\"><em>Preise<\/em><\/a>\u00a0<\/strong>einsehen.<\/p>\n<\/div>\n<\/div>\n<\/div>\n<div class=\"row_wrap\">\n<div class=\"wp-block-columns row_xxl\">\n<div class=\"wp-block-column col-12 col-sm-auto\">\n<p>&nbsp;<\/p>\n<h3><strong>Welche R\u00fcckgabe-Optionen hast du beim MOBIbike Dresden?<\/strong><\/h3>\n<\/div>\n<\/div>\n<\/div>\n<p>[\/vc_column_text][\/vc_column][\/vc_row][vc_row css=&#8220;.vc_custom_1676628011034{margin-bottom: -100px !important;}&#8220;][vc_column width=&#8220;1\/3&#8243;][vc_single_image image=&#8220;343&#8243; img_size=&#8220;full&#8220; css=&#8220;&#8220;][\/vc_column][vc_column width=&#8220;2\/3&#8243;][vc_column_text css=&#8220;&#8220;]<\/p>\n<div class=\"row_wrap\">\n<div class=\"wp-block-columns row_xxl\">\n<div class=\"wp-block-column col-12 col-sm-auto\">\n<h5>Wei\u00dfe (nicht eingef\u00e4rbte) Stra\u00dfen:<\/h5>\n<p>Du kannst unsere R\u00e4der in Dresden ohne Aufpreis auf jeder wei\u00dfen Stra\u00dfe innerhalb der Flexzone zur\u00fcckgeben. Bitte achte darauf, das Rad so abzustellen, dass es niemanden behindert.<\/p>\n<\/div>\n<\/div>\n<\/div>\n<div class=\"row_wrap\">\n<div class=\"wp-block-columns row_xxl\">\n<div class=\"wp-block-column col-12 col-sm-auto\">\n<h5><strong>An Stationen \/ MOBIpunkten:<\/strong><\/h5>\n<p>Du kannst unsere R\u00e4der in Dresden ohne Aufpreis an jeder offiziellen Station oder MOBIpunkt innerhalb und au\u00dferhalb der Flexzone zur\u00fcckgeben.<\/p>\n<h5>Gelbe Zone:<\/h5>\n<p>Du kannst unsere R\u00e4der in Dresden f\u00fcr einen Aufpreis von 1 \u20ac auf jeder \u00f6ffentlichen Stra\u00dfe innerhalb der gelben Flexzone zur\u00fcckgeben. Bitte achte darauf, das Rad so abzustellen, dass es niemanden behindert.<\/p>\n<h5>Abseits von Stationen:<\/h5>\n<p>R\u00e4der d\u00fcrfen nicht abseits von offiziellen Stationen au\u00dferhalb der Flexzone Dresdens abgestellt werden. F\u00fcr unsachgem\u00e4\u00dfe R\u00fcckgaben wird automatisch eine Geb\u00fchr von mind. 20 \u20ac berechnet.<\/p>\n<\/div>\n<\/div>\n<\/div>\n<p>[\/vc_column_text][\/vc_column][\/vc_row][vc_row][vc_column][vc_column_text]<\/p>\n<div class=\"row_wrap\">\n<div class=\"wp-block-columns row_xxl\">\n<div class=\"wp-block-column col-12 col-sm-auto\">\n<p><strong>Irrt\u00fcmliche Geb\u00fchren? Was nun?<\/strong><\/p>\n<\/div>\n<\/div>\n<\/div>\n<div class=\"row_wrap\">\n<div class=\"wp-block-columns row_xxl\">\n<div class=\"wp-block-column col-12 col-sm-auto\">\n<p>Aufgrund von leichten GPS-Abweichungen kann es passieren, dass dir eine Geb\u00fchr f\u00fcr unsachgem\u00e4\u00dfe R\u00fcckgabe berechnet wird, obwohl du das Rad an einer Station abgestellt hast. Kein Problem. Kontaktiere unsere Hotline unter <a href=\"tel:+4934139283966\">+49 (0) 341-392 839 66<\/a> oder schicke uns eine Nachricht per App mit deiner registrierten Handynummer, Radnummer und kurzer Schilderung des Sachverhalts. Wir berichtigen die Ausleihe.<\/p>\n<\/div>\n<\/div>\n<\/div>\n<p>[\/vc_column_text][\/vc_column][\/vc_row]<\/p>\n<\/div>","protected":false},"excerpt":{"rendered":"<p>[vc_row][vc_column][vc_column_text] Information zur Geb\u00fchr [\/vc_column_text][vc_column_text css=&#8220;.vc_custom_1743582144082{margin-bottom: -100px !important;}&#8220;] Liebe Nutzerin, lieber Nutzer, du hast das Rad unsachgem\u00e4\u00df abseits der Flexzone von Dresden zur\u00fcckgegeben. Hierf\u00fcr wird eine Geb\u00fchr von 20 \u20ac pro Ausleihe f\u00e4llig. Bei der ersten unsachgem\u00e4\u00dfen R\u00fcckgabe au\u00dferhalb der Flexzone berechnen wir diesen noch nicht. Bei Wiederholung wird die Geb\u00fchr automatisch berechnet. Du kannst [&hellip;]<\/p>\n","protected":false},"author":2,"featured_media":0,"parent":0,"menu_order":0,"comment_status":"closed","ping_status":"closed","template":"page-bubble.php","meta":{"_acf_changed":false,"inline_featured_image":false,"footnotes":""},"class_list":["post-65","page","type-page","status-publish","hentry"],"acf":[],"yoast_head":"<!-- This site is optimized with the Yoast SEO plugin v27.2 - https:\/\/yoast.com\/product\/yoast-seo-wordpress\/ -->\n<title>Geb\u00fchr - MOBIbike Dresden<\/title>\n<meta name=\"robots\" content=\"index, follow, max-snippet:-1, max-image-preview:large, max-video-preview:-1\" \/>\n<link rel=\"canonical\" href=\"https:\/\/www.nextbike.de\/dresden\/de\/gebuehr\/\" \/>\n<meta property=\"og:locale\" content=\"de_DE\" \/>\n<meta property=\"og:type\" content=\"article\" \/>\n<meta property=\"og:title\" content=\"Geb\u00fchr - MOBIbike Dresden\" \/>\n<meta property=\"og:description\" content=\"[vc_row][vc_column][vc_column_text] Information zur Geb\u00fchr [\/vc_column_text][vc_column_text css=&#8220;.vc_custom_1743582144082{margin-bottom: -100px !important;}&#8220;] Liebe Nutzerin, lieber Nutzer, du hast das Rad unsachgem\u00e4\u00df abseits der Flexzone von Dresden zur\u00fcckgegeben. Hierf\u00fcr wird eine Geb\u00fchr von 20 \u20ac pro Ausleihe f\u00e4llig. Bei der ersten unsachgem\u00e4\u00dfen R\u00fcckgabe au\u00dferhalb der Flexzone berechnen wir diesen noch nicht. Bei Wiederholung wird die Geb\u00fchr automatisch berechnet. Du kannst [&hellip;]\" \/>\n<meta property=\"og:url\" content=\"https:\/\/www.nextbike.de\/dresden\/de\/gebuehr\/\" \/>\n<meta property=\"og:site_name\" content=\"MOBIbike Dresden\" \/>\n<meta property=\"article:modified_time\" content=\"2025-04-02T08:23:37+00:00\" \/>\n<meta name=\"twitter:card\" content=\"summary_large_image\" \/>\n<meta name=\"twitter:label1\" content=\"Gesch\u00e4tzte Lesezeit\" \/>\n\t<meta name=\"twitter:data1\" content=\"2\u00a0Minuten\" \/>\n<script type=\"application\/ld+json\" class=\"yoast-schema-graph\">{\"@context\":\"https:\/\/schema.org\",\"@graph\":[{\"@type\":\"WebPage\",\"@id\":\"https:\/\/www.nextbike.de\/dresden\/de\/gebuehr\/\",\"url\":\"https:\/\/www.nextbike.de\/dresden\/de\/gebuehr\/\",\"name\":\"Geb\u00fchr - MOBIbike Dresden\",\"isPartOf\":{\"@id\":\"https:\/\/www.nextbike.de\/dresden\/de\/#website\"},\"datePublished\":\"2022-08-26T11:50:08+00:00\",\"dateModified\":\"2025-04-02T08:23:37+00:00\",\"breadcrumb\":{\"@id\":\"https:\/\/www.nextbike.de\/dresden\/de\/gebuehr\/#breadcrumb\"},\"inLanguage\":\"de\",\"potentialAction\":[{\"@type\":\"ReadAction\",\"target\":[\"https:\/\/www.nextbike.de\/dresden\/de\/gebuehr\/\"]}]},{\"@type\":\"BreadcrumbList\",\"@id\":\"https:\/\/www.nextbike.de\/dresden\/de\/gebuehr\/#breadcrumb\",\"itemListElement\":[{\"@type\":\"ListItem\",\"position\":1,\"name\":\"Startseite\",\"item\":\"https:\/\/www.nextbike.de\/dresden\/de\/\"},{\"@type\":\"ListItem\",\"position\":2,\"name\":\"Geb\u00fchr\"}]},{\"@type\":\"WebSite\",\"@id\":\"https:\/\/www.nextbike.de\/dresden\/de\/#website\",\"url\":\"https:\/\/www.nextbike.de\/dresden\/de\/\",\"name\":\"MOBIbike Dresden\",\"description\":\"Easy bike rental in Dresden.\",\"potentialAction\":[{\"@type\":\"SearchAction\",\"target\":{\"@type\":\"EntryPoint\",\"urlTemplate\":\"https:\/\/www.nextbike.de\/dresden\/de\/?s={search_term_string}\"},\"query-input\":{\"@type\":\"PropertyValueSpecification\",\"valueRequired\":true,\"valueName\":\"search_term_string\"}}],\"inLanguage\":\"de\"}]}<\/script>\n<!-- \/ Yoast SEO plugin. -->","yoast_head_json":{"title":"Geb\u00fchr - MOBIbike Dresden","robots":{"index":"index","follow":"follow","max-snippet":"max-snippet:-1","max-image-preview":"max-image-preview:large","max-video-preview":"max-video-preview:-1"},"canonical":"https:\/\/www.nextbike.de\/dresden\/de\/gebuehr\/","og_locale":"de_DE","og_type":"article","og_title":"Geb\u00fchr - MOBIbike Dresden","og_description":"[vc_row][vc_column][vc_column_text] Information zur Geb\u00fchr [\/vc_column_text][vc_column_text css=&#8220;.vc_custom_1743582144082{margin-bottom: -100px !important;}&#8220;] Liebe Nutzerin, lieber Nutzer, du hast das Rad unsachgem\u00e4\u00df abseits der Flexzone von Dresden zur\u00fcckgegeben. Hierf\u00fcr wird eine Geb\u00fchr von 20 \u20ac pro Ausleihe f\u00e4llig. Bei der ersten unsachgem\u00e4\u00dfen R\u00fcckgabe au\u00dferhalb der Flexzone berechnen wir diesen noch nicht. Bei Wiederholung wird die Geb\u00fchr automatisch berechnet. Du kannst [&hellip;]","og_url":"https:\/\/www.nextbike.de\/dresden\/de\/gebuehr\/","og_site_name":"MOBIbike Dresden","article_modified_time":"2025-04-02T08:23:37+00:00","twitter_card":"summary_large_image","twitter_misc":{"Gesch\u00e4tzte Lesezeit":"2\u00a0Minuten"},"schema":{"@context":"https:\/\/schema.org","@graph":[{"@type":"WebPage","@id":"https:\/\/www.nextbike.de\/dresden\/de\/gebuehr\/","url":"https:\/\/www.nextbike.de\/dresden\/de\/gebuehr\/","name":"Geb\u00fchr - MOBIbike Dresden","isPartOf":{"@id":"https:\/\/www.nextbike.de\/dresden\/de\/#website"},"datePublished":"2022-08-26T11:50:08+00:00","dateModified":"2025-04-02T08:23:37+00:00","breadcrumb":{"@id":"https:\/\/www.nextbike.de\/dresden\/de\/gebuehr\/#breadcrumb"},"inLanguage":"de","potentialAction":[{"@type":"ReadAction","target":["https:\/\/www.nextbike.de\/dresden\/de\/gebuehr\/"]}]},{"@type":"BreadcrumbList","@id":"https:\/\/www.nextbike.de\/dresden\/de\/gebuehr\/#breadcrumb","itemListElement":[{"@type":"ListItem","position":1,"name":"Startseite","item":"https:\/\/www.nextbike.de\/dresden\/de\/"},{"@type":"ListItem","position":2,"name":"Geb\u00fchr"}]},{"@type":"WebSite","@id":"https:\/\/www.nextbike.de\/dresden\/de\/#website","url":"https:\/\/www.nextbike.de\/dresden\/de\/","name":"MOBIbike Dresden","description":"Easy bike rental in Dresden.","potentialAction":[{"@type":"SearchAction","target":{"@type":"EntryPoint","urlTemplate":"https:\/\/www.nextbike.de\/dresden\/de\/?s={search_term_string}"},"query-input":{"@type":"PropertyValueSpecification","valueRequired":true,"valueName":"search_term_string"}}],"inLanguage":"de"}]}},"_links":{"self":[{"href":"https:\/\/www.nextbike.de\/dresden\/de\/wp-json\/wp\/v2\/pages\/65","targetHints":{"allow":["GET"]}}],"collection":[{"href":"https:\/\/www.nextbike.de\/dresden\/de\/wp-json\/wp\/v2\/pages"}],"about":[{"href":"https:\/\/www.nextbike.de\/dresden\/de\/wp-json\/wp\/v2\/types\/page"}],"author":[{"embeddable":true,"href":"https:\/\/www.nextbike.de\/dresden\/de\/wp-json\/wp\/v2\/users\/2"}],"replies":[{"embeddable":true,"href":"https:\/\/www.nextbike.de\/dresden\/de\/wp-json\/wp\/v2\/comments?post=65"}],"version-history":[{"count":7,"href":"https:\/\/www.nextbike.de\/dresden\/de\/wp-json\/wp\/v2\/pages\/65\/revisions"}],"predecessor-version":[{"id":349,"href":"https:\/\/www.nextbike.de\/dresden\/de\/wp-json\/wp\/v2\/pages\/65\/revisions\/349"}],"wp:attachment":[{"href":"https:\/\/www.nextbike.de\/dresden\/de\/wp-json\/wp\/v2\/media?parent=65"}],"curies":[{"name":"wp","href":"https:\/\/api.w.org\/{rel}","templated":true}]}}