{"id":320,"date":"2025-03-13T15:27:28","date_gmt":"2025-03-13T14:27:28","guid":{"rendered":"https:\/\/www.nextbike.de\/dresden\/?page_id=320"},"modified":"2025-03-13T16:33:10","modified_gmt":"2025-03-13T15:33:10","slug":"heidenau-freital","status":"publish","type":"page","link":"https:\/\/www.nextbike.de\/dresden\/de\/heidenau-freital\/","title":{"rendered":"Heidenau\/Freital"},"content":{"rendered":"<div class=\"wpb-content-wrapper\"><p>[vc_row][vc_column width=&#8220;1\/4&#8243;][\/vc_column][vc_column width=&#8220;1\/2&#8243;][vc_single_image image=&#8220;329&#8243; img_size=&#8220;full&#8220; alignment=&#8220;center&#8220; css=&#8220;&#8220;][\/vc_column][vc_column width=&#8220;1\/4&#8243;][\/vc_column][\/vc_row][vc_row ppi_row_padding=&#8220;ppi_remove_padding_top,ppi_remove_padding_bottom&#8220;][vc_column css=&#8220;.vc_custom_1729856005527{padding-top: -30px !important;padding-bottom: -30px !important;}&#8220;][vc_column_text css=&#8220;.vc_custom_1741878275105{margin-top: -50px !important;}&#8220;]<\/p>\n<h2 style=\"text-align: center;\" data-pm-slice=\"1 1 []\">MOBIbike in Freital\/Heidenau<\/h2>\n<p>[\/vc_column_text][\/vc_column][\/vc_row][vc_row ppi_row_padding=&#8220;ppi_remove_padding_top&#8220;][vc_column width=&#8220;1\/4&#8243;][\/vc_column][vc_column width=&#8220;1\/2&#8243;][vc_column_text css=&#8220;&#8220;]<\/p>\n<p style=\"text-align: center;\">Im Auftrag des VVO macht nextbike euch auch in Heidenau und Freital nachhaltig mobil. An 7 Stationen in Freital und 12 Stationen in Heidenau stehen euch 50 R\u00e4der zur Verf\u00fcgung.<\/p>\n<p>[\/vc_column_text][\/vc_column][vc_column width=&#8220;1\/4&#8243;][\/vc_column][\/vc_row][vc_row ppi_row_padding=&#8220;ppi_remove_padding_top,ppi_remove_padding_bottom&#8220; css=&#8220;.vc_custom_1729858548584{margin-bottom: -50px !important;}&#8220;][vc_column][vc_column_text css=&#8220;&#8220;]<\/p>\n<h3 style=\"text-align: center;\">So geht&#8217;s<\/h3>\n<p>[\/vc_column_text][vc_row_inner css=&#8220;.vc_custom_1730117492761{margin-top: -50px !important;border-bottom-width: -100px !important;}&#8220;][vc_column_inner width=&#8220;1\/4&#8243;][\/vc_column_inner][vc_column_inner width=&#8220;1\/2&#8243;][vc_column_text css=&#8220;&#8220;]<\/p>\n<p style=\"text-align: center;\">Die R\u00e4der k\u00f6nnen system\u00fcbergreifend auch in Dresden zur\u00fcckgegeben werden. Ebenso k\u00f6nnen die Dresdner MOBIbikes in Freital und Heidenau zur\u00fcckgegeben werden.<\/p>\n<p>[\/vc_column_text][\/vc_column_inner][vc_column_inner width=&#8220;1\/4&#8243;][\/vc_column_inner][\/vc_row_inner][\/vc_column][\/vc_row][vc_row ppi_row_padding=&#8220;ppi_remove_padding_top&#8220; equal_height=&#8220;yes&#8220; content_placement=&#8220;middle&#8220;][vc_column width=&#8220;1\/6&#8243;][\/vc_column][vc_column width=&#8220;2\/6&#8243; offset=&#8220;vc_hidden-xs&#8220;][vc_empty_space height=&#8220;100px&#8220;][vc_single_image image=&#8220;113&#8243; img_size=&#8220;medium&#8220; css=&#8220;&#8220;][\/vc_column][vc_column width=&#8220;2\/6&#8243;][vc_column_text css=&#8220;&#8220;]<\/p>\n<h3 class=\"h5\"><span style=\"color: #ffcc00;\">REGISTRIERUNG<\/span><\/h3>\n<p>Die Registrierung ist kostenlos, lediglich zur Verifizierung deines Zahlungsmittels musst du ein Fahrtguthaben von 1 \u20ac hinterlegen, welches du sp\u00e4ter verfahren kannst.<br \/>\nDu hast bereits einen nextbike- oder MOBIbike-Account? Dann kannst du diesen problemlos nutzen.<\/p>\n<h3 class=\"h5\"><span style=\"color: #ffcc00;\">AUSLEIHE<\/span><\/h3>\n<p>Leih dir ein Rad an einer der Stationen in Freital oder Heidenau aus. Scanne mit der nextbike App den QR-Code am Rad und das Rahmenschloss \u00f6ffnet sich automatisch.<\/p>\n<h3 class=\"h5\"><span style=\"color: #ffcc00;\">FAHRTPAUSE<\/span><\/h3>\n<p>Fahrrad parken, ohne die Ausleihe zu beenden? Aktiviere dazu einfach den Fahrtpause-Modus in der App und schlie\u00dfe das Schloss.<\/p>\n<h3 class=\"h5\"><span style=\"color: #ffcc00;\">R\u00dcCKGABE<\/span><\/h3>\n<p>Stelle das Rad an einer Station in Freital, Heidenau oder Dresden oder innerhalb der Dresdner Flexzone ab. Dr\u00fccke den kleinen Hebel am Rahmenschloss nach unten. Bei R\u00fcckgaben au\u00dferhalb der genannten Orte erheben wir eine Servicegeb\u00fchr i.H.v. 20 \u20ac.<\/p>\n<p><span style=\"color: #ffcc00;\"><a href=\"https:\/\/www.nextbike.de\/dresden\/de\/#so-gehts\">Mehr Infos zur R\u00fcckgabe in Dresden.<\/a><\/span>[\/vc_column_text][\/vc_column][vc_column width=&#8220;1\/6&#8243;][\/vc_column][\/vc_row][vc_row ppi_row_padding=&#8220;ppi_remove_padding_bottom&#8220;][vc_column offset=&#8220;vc_hidden-lg vc_hidden-md vc_hidden-sm&#8220;][vc_column_text css=&#8220;&#8220;]<\/p>\n<h3 style=\"text-align: center;\">Preise<\/h3>\n<p>[\/vc_column_text][vc_row_inner][vc_column_inner offset=&#8220;vc_hidden-lg vc_hidden-md vc_hidden-sm&#8220;][vc_images_carousel images=&#8220;254,262,278,256&#8243; img_size=&#8220;full&#8220; onclick=&#8220;link_no&#8220; autoplay=&#8220;yes&#8220; css=&#8220;&#8220;][\/vc_column_inner][\/vc_row_inner][\/vc_column][\/vc_row][vc_row ppi_row_padding=&#8220;ppi_remove_padding_top,ppi_remove_padding_bottom&#8220;][vc_column width=&#8220;1\/6&#8243;][\/vc_column][vc_column width=&#8220;2\/3&#8243; offset=&#8220;vc_hidden-xs&#8220; css=&#8220;.vc_custom_1741878795576{margin-bottom: 100px !important;}&#8220;][vc_column_text css=&#8220;&#8220;]<\/p>\n<h3 style=\"text-align: center;\">Preise<\/h3>\n<p style=\"text-align: center;\">Die Preise sind identisch zu den MOBIbike-Tarifen.<\/p>\n<p>[\/vc_column_text][vc_row_inner css=&#8220;.vc_custom_1741878927230{margin-top: -50px !important;}&#8220;][vc_column_inner width=&#8220;1\/3&#8243;][\/vc_column_inner][vc_column_inner width=&#8220;1\/3&#8243; css=&#8220;.vc_custom_1741878847199{border-top-width: -30px !important;}&#8220;][vc_btn title=&#8220;<strong>Zu den Preisen<\/strong>&#8220; style=&#8220;custom&#8220; custom_background=&#8220;#FFCC00&#8243; custom_text=&#8220;#3E3E3E&#8220; align=&#8220;center&#8220; css=&#8220;&#8220; link=&#8220;url:https%3A%2F%2Fwww.nextbike.de%2Fdresden%2Fde%2F%23tarife|title:Startseite&#8220;][\/vc_column_inner][vc_column_inner width=&#8220;1\/3&#8243;][\/vc_column_inner][\/vc_row_inner][\/vc_column][vc_column width=&#8220;1\/6&#8243;][\/vc_column][\/vc_row][vc_row ppi_row_padding=&#8220;ppi_remove_padding_top&#8220; equal_height=&#8220;yes&#8220;][vc_column width=&#8220;1\/4&#8243;][\/vc_column][vc_column width=&#8220;1\/4&#8243;][\/vc_column][vc_column width=&#8220;1\/4&#8243; css=&#8220;.vc_custom_1731403342698{margin-right: 10px !important;padding-right: 40px !important;}&#8220;][vc_column_text css=&#8220;&#8220;]<\/p>\n<p style=\"text-align: right;\">Dies ist ein Angebot der nextbike GmbH im Auftrag der Verkehrsverbund Oberelbe GmbH (VVO).<\/p>\n<p>[\/vc_column_text][\/vc_column][vc_column width=&#8220;1\/4&#8243;][vc_single_image image=&#8220;336&#8243; img_size=&#8220;full&#8220; alignment=&#8220;right&#8220; css=&#8220;&#8220;][\/vc_column][\/vc_row]<\/p>\n<\/div>","protected":false},"excerpt":{"rendered":"<p>[vc_row][vc_column width=&#8220;1\/4&#8243;][\/vc_column][vc_column width=&#8220;1\/2&#8243;][vc_single_image image=&#8220;329&#8243; img_size=&#8220;full&#8220; alignment=&#8220;center&#8220; css=&#8220;&#8220;][\/vc_column][vc_column width=&#8220;1\/4&#8243;][\/vc_column][\/vc_row][vc_row ppi_row_padding=&#8220;ppi_remove_padding_top,ppi_remove_padding_bottom&#8220;][vc_column css=&#8220;.vc_custom_1729856005527{padding-top: -30px !important;padding-bottom: -30px !important;}&#8220;][vc_column_text css=&#8220;.vc_custom_1741878275105{margin-top: -50px !important;}&#8220;] MOBIbike in Freital\/Heidenau [\/vc_column_text][\/vc_column][\/vc_row][vc_row ppi_row_padding=&#8220;ppi_remove_padding_top&#8220;][vc_column width=&#8220;1\/4&#8243;][\/vc_column][vc_column width=&#8220;1\/2&#8243;][vc_column_text css=&#8220;&#8220;] Im Auftrag des VVO macht nextbike euch auch in Heidenau und Freital nachhaltig mobil. An 7 Stationen in Freital und 12 Stationen in Heidenau stehen euch 50 R\u00e4der zur Verf\u00fcgung. [&hellip;]<\/p>\n","protected":false},"author":13,"featured_media":0,"parent":0,"menu_order":0,"comment_status":"closed","ping_status":"closed","template":"","meta":{"_acf_changed":false,"inline_featured_image":false,"footnotes":""},"class_list":["post-320","page","type-page","status-publish","hentry"],"acf":[],"yoast_head":"<!-- This site is optimized with the Yoast SEO plugin v27.2 - https:\/\/yoast.com\/product\/yoast-seo-wordpress\/ -->\n<title>MOBIbike in Freital und Heidenau<\/title>\n<meta name=\"description\" content=\"Fahrrad leihen in Heidenau und Freital, egal, ob f\u00fcr 30 Minuten oder den ganzen Tag. Auch das Pendeln nach Dresden ist kein Problem.\" \/>\n<meta name=\"robots\" content=\"index, follow, max-snippet:-1, max-image-preview:large, max-video-preview:-1\" \/>\n<link rel=\"canonical\" href=\"https:\/\/www.nextbike.de\/dresden\/de\/heidenau-freital\/\" \/>\n<meta property=\"og:locale\" content=\"de_DE\" \/>\n<meta property=\"og:type\" content=\"article\" \/>\n<meta property=\"og:title\" content=\"MOBIbike in Freital und Heidenau\" \/>\n<meta property=\"og:description\" content=\"Fahrrad leihen in Heidenau und Freital, egal, ob f\u00fcr 30 Minuten oder den ganzen Tag. Auch das Pendeln nach Dresden ist kein Problem.\" \/>\n<meta property=\"og:url\" content=\"https:\/\/www.nextbike.de\/dresden\/de\/heidenau-freital\/\" \/>\n<meta property=\"og:site_name\" content=\"MOBIbike Dresden\" \/>\n<meta property=\"article:modified_time\" content=\"2025-03-13T15:33:10+00:00\" \/>\n<meta name=\"twitter:card\" content=\"summary_large_image\" \/>\n<meta name=\"twitter:label1\" content=\"Gesch\u00e4tzte Lesezeit\" \/>\n\t<meta name=\"twitter:data1\" content=\"2\u00a0Minuten\" \/>\n<script type=\"application\/ld+json\" class=\"yoast-schema-graph\">{\"@context\":\"https:\/\/schema.org\",\"@graph\":[{\"@type\":\"WebPage\",\"@id\":\"https:\/\/www.nextbike.de\/dresden\/de\/heidenau-freital\/\",\"url\":\"https:\/\/www.nextbike.de\/dresden\/de\/heidenau-freital\/\",\"name\":\"MOBIbike in Freital und Heidenau\",\"isPartOf\":{\"@id\":\"https:\/\/www.nextbike.de\/dresden\/de\/#website\"},\"datePublished\":\"2025-03-13T14:27:28+00:00\",\"dateModified\":\"2025-03-13T15:33:10+00:00\",\"description\":\"Fahrrad leihen in Heidenau und Freital, egal, ob f\u00fcr 30 Minuten oder den ganzen Tag. Auch das Pendeln nach Dresden ist kein Problem.\",\"breadcrumb\":{\"@id\":\"https:\/\/www.nextbike.de\/dresden\/de\/heidenau-freital\/#breadcrumb\"},\"inLanguage\":\"de\",\"potentialAction\":[{\"@type\":\"ReadAction\",\"target\":[\"https:\/\/www.nextbike.de\/dresden\/de\/heidenau-freital\/\"]}]},{\"@type\":\"BreadcrumbList\",\"@id\":\"https:\/\/www.nextbike.de\/dresden\/de\/heidenau-freital\/#breadcrumb\",\"itemListElement\":[{\"@type\":\"ListItem\",\"position\":1,\"name\":\"Startseite\",\"item\":\"https:\/\/www.nextbike.de\/dresden\/de\/\"},{\"@type\":\"ListItem\",\"position\":2,\"name\":\"Heidenau\/Freital\"}]},{\"@type\":\"WebSite\",\"@id\":\"https:\/\/www.nextbike.de\/dresden\/de\/#website\",\"url\":\"https:\/\/www.nextbike.de\/dresden\/de\/\",\"name\":\"MOBIbike Dresden\",\"description\":\"Easy bike rental in Dresden.\",\"potentialAction\":[{\"@type\":\"SearchAction\",\"target\":{\"@type\":\"EntryPoint\",\"urlTemplate\":\"https:\/\/www.nextbike.de\/dresden\/de\/?s={search_term_string}\"},\"query-input\":{\"@type\":\"PropertyValueSpecification\",\"valueRequired\":true,\"valueName\":\"search_term_string\"}}],\"inLanguage\":\"de\"}]}<\/script>\n<!-- \/ Yoast SEO plugin. -->","yoast_head_json":{"title":"MOBIbike in Freital und Heidenau","description":"Fahrrad leihen in Heidenau und Freital, egal, ob f\u00fcr 30 Minuten oder den ganzen Tag. Auch das Pendeln nach Dresden ist kein Problem.","robots":{"index":"index","follow":"follow","max-snippet":"max-snippet:-1","max-image-preview":"max-image-preview:large","max-video-preview":"max-video-preview:-1"},"canonical":"https:\/\/www.nextbike.de\/dresden\/de\/heidenau-freital\/","og_locale":"de_DE","og_type":"article","og_title":"MOBIbike in Freital und Heidenau","og_description":"Fahrrad leihen in Heidenau und Freital, egal, ob f\u00fcr 30 Minuten oder den ganzen Tag. Auch das Pendeln nach Dresden ist kein Problem.","og_url":"https:\/\/www.nextbike.de\/dresden\/de\/heidenau-freital\/","og_site_name":"MOBIbike Dresden","article_modified_time":"2025-03-13T15:33:10+00:00","twitter_card":"summary_large_image","twitter_misc":{"Gesch\u00e4tzte Lesezeit":"2\u00a0Minuten"},"schema":{"@context":"https:\/\/schema.org","@graph":[{"@type":"WebPage","@id":"https:\/\/www.nextbike.de\/dresden\/de\/heidenau-freital\/","url":"https:\/\/www.nextbike.de\/dresden\/de\/heidenau-freital\/","name":"MOBIbike in Freital und Heidenau","isPartOf":{"@id":"https:\/\/www.nextbike.de\/dresden\/de\/#website"},"datePublished":"2025-03-13T14:27:28+00:00","dateModified":"2025-03-13T15:33:10+00:00","description":"Fahrrad leihen in Heidenau und Freital, egal, ob f\u00fcr 30 Minuten oder den ganzen Tag. Auch das Pendeln nach Dresden ist kein Problem.","breadcrumb":{"@id":"https:\/\/www.nextbike.de\/dresden\/de\/heidenau-freital\/#breadcrumb"},"inLanguage":"de","potentialAction":[{"@type":"ReadAction","target":["https:\/\/www.nextbike.de\/dresden\/de\/heidenau-freital\/"]}]},{"@type":"BreadcrumbList","@id":"https:\/\/www.nextbike.de\/dresden\/de\/heidenau-freital\/#breadcrumb","itemListElement":[{"@type":"ListItem","position":1,"name":"Startseite","item":"https:\/\/www.nextbike.de\/dresden\/de\/"},{"@type":"ListItem","position":2,"name":"Heidenau\/Freital"}]},{"@type":"WebSite","@id":"https:\/\/www.nextbike.de\/dresden\/de\/#website","url":"https:\/\/www.nextbike.de\/dresden\/de\/","name":"MOBIbike Dresden","description":"Easy bike rental in Dresden.","potentialAction":[{"@type":"SearchAction","target":{"@type":"EntryPoint","urlTemplate":"https:\/\/www.nextbike.de\/dresden\/de\/?s={search_term_string}"},"query-input":{"@type":"PropertyValueSpecification","valueRequired":true,"valueName":"search_term_string"}}],"inLanguage":"de"}]}},"_links":{"self":[{"href":"https:\/\/www.nextbike.de\/dresden\/de\/wp-json\/wp\/v2\/pages\/320","targetHints":{"allow":["GET"]}}],"collection":[{"href":"https:\/\/www.nextbike.de\/dresden\/de\/wp-json\/wp\/v2\/pages"}],"about":[{"href":"https:\/\/www.nextbike.de\/dresden\/de\/wp-json\/wp\/v2\/types\/page"}],"author":[{"embeddable":true,"href":"https:\/\/www.nextbike.de\/dresden\/de\/wp-json\/wp\/v2\/users\/13"}],"replies":[{"embeddable":true,"href":"https:\/\/www.nextbike.de\/dresden\/de\/wp-json\/wp\/v2\/comments?post=320"}],"version-history":[{"count":11,"href":"https:\/\/www.nextbike.de\/dresden\/de\/wp-json\/wp\/v2\/pages\/320\/revisions"}],"predecessor-version":[{"id":341,"href":"https:\/\/www.nextbike.de\/dresden\/de\/wp-json\/wp\/v2\/pages\/320\/revisions\/341"}],"wp:attachment":[{"href":"https:\/\/www.nextbike.de\/dresden\/de\/wp-json\/wp\/v2\/media?parent=320"}],"curies":[{"name":"wp","href":"https:\/\/api.w.org\/{rel}","templated":true}]}}