{"id":224,"date":"2023-02-17T11:21:47","date_gmt":"2023-02-17T10:21:47","guid":{"rendered":"https:\/\/nextbike-live.pluspol-networks.de\/dresden\/?page_id=224"},"modified":"2023-02-17T12:30:57","modified_gmt":"2023-02-17T11:30:57","slug":"b2b","status":"publish","type":"page","link":"https:\/\/www.nextbike.de\/dresden\/de\/b2b\/","title":{"rendered":"B2B"},"content":{"rendered":"<div class=\"wpb-content-wrapper\"><p>[vc_row css=&#8220;.vc_custom_1676631577436{margin-bottom: -100px !important;}&#8220;][vc_column][vc_column_text]<\/p>\n<h1 style=\"text-align: center;\">MOBIbike f\u00fcr Unternehmen<\/h1>\n<p>[\/vc_column_text][\/vc_column][\/vc_row][vc_row css=&#8220;.vc_custom_1676631616576{margin-top: -100px !important;margin-bottom: -100px !important;}&#8220;][vc_column width=&#8220;1\/4&#8243;][\/vc_column][vc_column width=&#8220;1\/2&#8243;][vc_column_text css=&#8220;.vc_custom_1676631341518{border-bottom-width: 100px !important;}&#8220;]<\/p>\n<p style=\"text-align: center;\"><strong>Mit den MOBIbikes sind Ihre Mitarbeiter*innen jederzeit flexibel und umweltfreundlich beruflich und in der Freizeit mobil!<\/strong><\/p>\n<p style=\"text-align: center;\"><strong>Sie k\u00f6nnen die MOBIbikes zu besonders g\u00fcnstigen Konditionen nutzen. Also warum nicht mal mit dem MOBIbike zum Termin radeln?<\/strong><\/p>\n<p>[\/vc_column_text][\/vc_column][vc_column width=&#8220;1\/4&#8243;][\/vc_column][\/vc_row][vc_row][vc_column width=&#8220;1\/3&#8243;][\/vc_column][vc_column width=&#8220;1\/3&#8243;][vc_single_image image=&#8220;236&#8243; img_size=&#8220;full&#8220; css=&#8220;.vc_custom_1676629472918{margin-bottom: -70px !important;}&#8220;][\/vc_column][vc_column width=&#8220;1\/3&#8243;][\/vc_column][\/vc_row][vc_row css=&#8220;.vc_custom_1676629896997{margin-bottom: -100px !important;}&#8220;][vc_column width=&#8220;1\/6&#8243;][\/vc_column][vc_column width=&#8220;4\/6&#8243;][vc_column_text]<\/p>\n<p style=\"text-align: center;\">Sie k\u00f6nnen Ihren Mitarbeiter*innen den MOBIbike-Tarif ab 50 Personen anbieten.<\/p>\n<p>[\/vc_column_text][vc_single_image image=&#8220;225&#8243; img_size=&#8220;full&#8220; alignment=&#8220;center&#8220;][\/vc_column][vc_column width=&#8220;1\/6&#8243;][\/vc_column][\/vc_row][vc_row css=&#8220;.vc_custom_1676632122147{margin-top: -100px !important;}&#8220;][vc_column width=&#8220;1\/3&#8243;][\/vc_column][vc_column width=&#8220;1\/3&#8243;][vc_tta_accordion style=&#8220;flat&#8220; active_section=&#8220;3&#8243; collapsible_all=&#8220;true&#8220;][vc_tta_section title=&#8220;Vorteile f\u00fcr Ihre Mitarbeitenden auf einen Blick:&#8220; tab_id=&#8220;1676629543249-cc4107bf-1f8f&#8220;][vc_column_text]<\/p>\n<ul>\n<li>Pro Ausleihe 30 Freiminuten<\/li>\n<li>Ihre Mitarbeiter*innen k\u00f6nnen auf das gesamte Fahrradverleihsystem in Deutschland zugreifen<\/li>\n<li>Freiminuten in \u00fcber 80 deutschen St\u00e4dten<\/li>\n<li>Einfache Anmeldung mittels Firmen-E-Mailadresse<\/li>\n<\/ul>\n<p>[\/vc_column_text][\/vc_tta_section][vc_tta_section title=&#8220;Vorteile f\u00fcr Ihr Unternehmen auf einen Blick:&#8220; tab_id=&#8220;1676629543263-7c0cbf3d-c734&#8243;][vc_column_text]<\/p>\n<ul>\n<li>Instrument f\u00fcr Mitarbeitendenbindung<\/li>\n<li>Gesundheit: Tragen Sie einen aktiven Teil zur Gesundheit Ihre Mitarbeiter*innen bei und erh\u00f6hen Sie deren Produktivit\u00e4t.<\/li>\n<li>Kosten: Nutzen Sie die Einsparungsvorteile des MOBIbikes f\u00fcr Unternehmen und bieten Sie Ihren Mitarbeitenden eine Alternative zum Dienstwagen an.<\/li>\n<li>Umwelt &amp; Corporate Social Responsability (CSR): Jede Fahrt mit dem MOBIbike spart CO2, entlastet die st\u00e4dtische Infrastruktur und bereichert Ihre Unternehmenskultur.<\/li>\n<\/ul>\n<p>[\/vc_column_text][\/vc_tta_section][\/vc_tta_accordion][vc_btn title=&#8220;<strong>Alle Details zum MOBIbike f\u00fcr Unternehmen unter dvb.de<\/strong>&#8220; style=&#8220;custom&#8220; custom_background=&#8220;#333333&#8243; custom_text=&#8220;#ffcc00&#8243; link=&#8220;url:https%3A%2F%2Fwww.dvb.de%2Fde-de%2Fdie-dvb%2Fmobi%2Fmobi-fuer-unternehmen|title:dvb.de|target:_blank&#8220; css=&#8220;.vc_custom_1676632370630{margin-bottom: -100px !important;}&#8220;][\/vc_column][vc_column width=&#8220;1\/3&#8243;][\/vc_column][\/vc_row][vc_row][vc_column][vc_separator][\/vc_column][\/vc_row][vc_row css=&#8220;.vc_custom_1676632229672{margin-top: -100px !important;border-top-width: -100px !important;border-bottom-width: -100px !important;}&#8220;][vc_column][vc_column_text]<\/p>\n<h3 style=\"text-align: center;\">Das Jobticket<\/h3>\n<p>[\/vc_column_text][\/vc_column][\/vc_row][vc_row css=&#8220;.vc_custom_1676632268300{margin-top: -50px !important;}&#8220;][vc_column width=&#8220;1\/6&#8243;][\/vc_column][vc_column width=&#8220;4\/6&#8243;][vc_column_text css=&#8220;.vc_custom_1676631260094{margin-top: -100px !important;margin-bottom: -50px !important;}&#8220;]<\/p>\n<div class=\"col-xs-12 col-sm-12 col-md-4 primary-border\">\n<div class=\" component\">\n<div class=\"row\">\n<div class=\"col-xs-12 html-content\">\n<p style=\"text-align: center;\">F\u00fcr flexible und nachhaltige Mobilit\u00e4t bieten die Dresdner Verkehrsbetriebe (DVB) das Jobticket an. Das Jobticket ist eine Abo-Monatskarte, allerdings zu deutlich g\u00fcnstigeren Konditionen: Ihre Mitarbeiter sparen mindestens 20 Prozent gegen\u00fcber einer herk\u00f6mmlichen Abo-Monatskarte, k\u00f6nnen das Jobticket privat nutzen, profitieren von gro\u00dfz\u00fcgigen Mitnahmeregelungen und radeln verg\u00fcnstigt mit dem MOBIbike zu den DVB-Abo-Konditionen.<\/p>\n<\/div>\n<\/div>\n<\/div>\n<\/div>\n<div class=\"col-xs-12 col-sm-12 col-md-4\">\n<div class=\" component\">\n<div class=\"row\">\n<div class=\"col-xs-12 html-content\">\n<p style=\"text-align: center;\">Sie sind bereits als Firma Jobticketpartner bei der DVB? Dann nehmen Sie gern mit uns Kontakt auf, sodass wir Ihnen pers\u00f6nlich ein Angebot machen k\u00f6nnen.<\/p>\n<\/div>\n<\/div>\n<\/div>\n<\/div>\n<p>[\/vc_column_text][vc_row_inner][vc_column_inner width=&#8220;1\/6&#8243;][\/vc_column_inner][vc_column_inner width=&#8220;2\/6&#8243;][vc_btn title=&#8220;<strong>Weitere Informationen zum Jobticket und den Vorteilen mit MOBI.<\/strong>&#8220; style=&#8220;custom&#8220; custom_background=&#8220;#333333&#8243; custom_text=&#8220;#ffcc00&#8243; link=&#8220;url:https%3A%2F%2Fwww.dvb.de%2Fde-de%2Ftickets%2Fgeschaeftskunden%2Fjobticket|title:dvb.de|target:_blank&#8220;][\/vc_column_inner][vc_column_inner width=&#8220;2\/6&#8243;][vc_btn title=&#8220;<strong>Alle MOBI-Angebote finden Sie au\u00dferdem auf mobi-dresden.de.<\/strong>&#8220; style=&#8220;custom&#8220; custom_background=&#8220;#333333&#8243; custom_text=&#8220;#ffcc00&#8243; link=&#8220;url:https%3A%2F%2Fwww.mobi-dresden.de%2F|title:dvb.de|target:_blank&#8220;][\/vc_column_inner][vc_column_inner width=&#8220;1\/6&#8243;][\/vc_column_inner][\/vc_row_inner][\/vc_column][vc_column width=&#8220;1\/6&#8243;][\/vc_column][\/vc_row]<\/p>\n<\/div>","protected":false},"excerpt":{"rendered":"<p>[vc_row css=&#8220;.vc_custom_1676631577436{margin-bottom: -100px !important;}&#8220;][vc_column][vc_column_text] MOBIbike f\u00fcr Unternehmen [\/vc_column_text][\/vc_column][\/vc_row][vc_row css=&#8220;.vc_custom_1676631616576{margin-top: -100px !important;margin-bottom: -100px !important;}&#8220;][vc_column width=&#8220;1\/4&#8243;][\/vc_column][vc_column width=&#8220;1\/2&#8243;][vc_column_text css=&#8220;.vc_custom_1676631341518{border-bottom-width: 100px !important;}&#8220;] Mit den MOBIbikes sind Ihre Mitarbeiter*innen jederzeit flexibel und umweltfreundlich beruflich und in der Freizeit mobil! Sie k\u00f6nnen die MOBIbikes zu besonders g\u00fcnstigen Konditionen nutzen. Also warum nicht mal mit dem MOBIbike zum Termin radeln? [\/vc_column_text][\/vc_column][vc_column width=&#8220;1\/4&#8243;][\/vc_column][\/vc_row][vc_row][vc_column [&hellip;]<\/p>\n","protected":false},"author":13,"featured_media":0,"parent":0,"menu_order":0,"comment_status":"closed","ping_status":"closed","template":"page-bubble.php","meta":{"_acf_changed":false,"inline_featured_image":false,"footnotes":""},"class_list":["post-224","page","type-page","status-publish","hentry"],"acf":[],"yoast_head":"<!-- This site is optimized with the Yoast SEO plugin v27.2 - https:\/\/yoast.com\/product\/yoast-seo-wordpress\/ -->\n<title>B2B - MOBIbike Dresden<\/title>\n<meta name=\"robots\" content=\"index, follow, max-snippet:-1, max-image-preview:large, max-video-preview:-1\" \/>\n<link rel=\"canonical\" href=\"https:\/\/www.nextbike.de\/dresden\/de\/b2b\/\" \/>\n<meta property=\"og:locale\" content=\"de_DE\" \/>\n<meta property=\"og:type\" content=\"article\" \/>\n<meta property=\"og:title\" content=\"B2B - MOBIbike Dresden\" \/>\n<meta property=\"og:description\" content=\"[vc_row css=&#8220;.vc_custom_1676631577436{margin-bottom: -100px !important;}&#8220;][vc_column][vc_column_text] MOBIbike f\u00fcr Unternehmen [\/vc_column_text][\/vc_column][\/vc_row][vc_row css=&#8220;.vc_custom_1676631616576{margin-top: -100px !important;margin-bottom: -100px !important;}&#8220;][vc_column width=&#8220;1\/4&#8243;][\/vc_column][vc_column width=&#8220;1\/2&#8243;][vc_column_text css=&#8220;.vc_custom_1676631341518{border-bottom-width: 100px !important;}&#8220;] Mit den MOBIbikes sind Ihre Mitarbeiter*innen jederzeit flexibel und umweltfreundlich beruflich und in der Freizeit mobil! Sie k\u00f6nnen die MOBIbikes zu besonders g\u00fcnstigen Konditionen nutzen. Also warum nicht mal mit dem MOBIbike zum Termin radeln? [\/vc_column_text][\/vc_column][vc_column width=&#8220;1\/4&#8243;][\/vc_column][\/vc_row][vc_row][vc_column [&hellip;]\" \/>\n<meta property=\"og:url\" content=\"https:\/\/www.nextbike.de\/dresden\/de\/b2b\/\" \/>\n<meta property=\"og:site_name\" content=\"MOBIbike Dresden\" \/>\n<meta property=\"article:modified_time\" content=\"2023-02-17T11:30:57+00:00\" \/>\n<meta name=\"twitter:card\" content=\"summary_large_image\" \/>\n<meta name=\"twitter:label1\" content=\"Gesch\u00e4tzte Lesezeit\" \/>\n\t<meta name=\"twitter:data1\" content=\"2\u00a0Minuten\" \/>\n<script type=\"application\/ld+json\" class=\"yoast-schema-graph\">{\"@context\":\"https:\/\/schema.org\",\"@graph\":[{\"@type\":\"WebPage\",\"@id\":\"https:\/\/www.nextbike.de\/dresden\/de\/b2b\/\",\"url\":\"https:\/\/www.nextbike.de\/dresden\/de\/b2b\/\",\"name\":\"B2B - MOBIbike Dresden\",\"isPartOf\":{\"@id\":\"https:\/\/www.nextbike.de\/dresden\/de\/#website\"},\"datePublished\":\"2023-02-17T10:21:47+00:00\",\"dateModified\":\"2023-02-17T11:30:57+00:00\",\"breadcrumb\":{\"@id\":\"https:\/\/www.nextbike.de\/dresden\/de\/b2b\/#breadcrumb\"},\"inLanguage\":\"de\",\"potentialAction\":[{\"@type\":\"ReadAction\",\"target\":[\"https:\/\/www.nextbike.de\/dresden\/de\/b2b\/\"]}]},{\"@type\":\"BreadcrumbList\",\"@id\":\"https:\/\/www.nextbike.de\/dresden\/de\/b2b\/#breadcrumb\",\"itemListElement\":[{\"@type\":\"ListItem\",\"position\":1,\"name\":\"Startseite\",\"item\":\"https:\/\/www.nextbike.de\/dresden\/de\/\"},{\"@type\":\"ListItem\",\"position\":2,\"name\":\"B2B\"}]},{\"@type\":\"WebSite\",\"@id\":\"https:\/\/www.nextbike.de\/dresden\/de\/#website\",\"url\":\"https:\/\/www.nextbike.de\/dresden\/de\/\",\"name\":\"MOBIbike Dresden\",\"description\":\"Easy bike rental in Dresden.\",\"potentialAction\":[{\"@type\":\"SearchAction\",\"target\":{\"@type\":\"EntryPoint\",\"urlTemplate\":\"https:\/\/www.nextbike.de\/dresden\/de\/?s={search_term_string}\"},\"query-input\":{\"@type\":\"PropertyValueSpecification\",\"valueRequired\":true,\"valueName\":\"search_term_string\"}}],\"inLanguage\":\"de\"}]}<\/script>\n<!-- \/ Yoast SEO plugin. -->","yoast_head_json":{"title":"B2B - MOBIbike Dresden","robots":{"index":"index","follow":"follow","max-snippet":"max-snippet:-1","max-image-preview":"max-image-preview:large","max-video-preview":"max-video-preview:-1"},"canonical":"https:\/\/www.nextbike.de\/dresden\/de\/b2b\/","og_locale":"de_DE","og_type":"article","og_title":"B2B - MOBIbike Dresden","og_description":"[vc_row css=&#8220;.vc_custom_1676631577436{margin-bottom: -100px !important;}&#8220;][vc_column][vc_column_text] MOBIbike f\u00fcr Unternehmen [\/vc_column_text][\/vc_column][\/vc_row][vc_row css=&#8220;.vc_custom_1676631616576{margin-top: -100px !important;margin-bottom: -100px !important;}&#8220;][vc_column width=&#8220;1\/4&#8243;][\/vc_column][vc_column width=&#8220;1\/2&#8243;][vc_column_text css=&#8220;.vc_custom_1676631341518{border-bottom-width: 100px !important;}&#8220;] Mit den MOBIbikes sind Ihre Mitarbeiter*innen jederzeit flexibel und umweltfreundlich beruflich und in der Freizeit mobil! Sie k\u00f6nnen die MOBIbikes zu besonders g\u00fcnstigen Konditionen nutzen. Also warum nicht mal mit dem MOBIbike zum Termin radeln? [\/vc_column_text][\/vc_column][vc_column width=&#8220;1\/4&#8243;][\/vc_column][\/vc_row][vc_row][vc_column [&hellip;]","og_url":"https:\/\/www.nextbike.de\/dresden\/de\/b2b\/","og_site_name":"MOBIbike Dresden","article_modified_time":"2023-02-17T11:30:57+00:00","twitter_card":"summary_large_image","twitter_misc":{"Gesch\u00e4tzte Lesezeit":"2\u00a0Minuten"},"schema":{"@context":"https:\/\/schema.org","@graph":[{"@type":"WebPage","@id":"https:\/\/www.nextbike.de\/dresden\/de\/b2b\/","url":"https:\/\/www.nextbike.de\/dresden\/de\/b2b\/","name":"B2B - MOBIbike Dresden","isPartOf":{"@id":"https:\/\/www.nextbike.de\/dresden\/de\/#website"},"datePublished":"2023-02-17T10:21:47+00:00","dateModified":"2023-02-17T11:30:57+00:00","breadcrumb":{"@id":"https:\/\/www.nextbike.de\/dresden\/de\/b2b\/#breadcrumb"},"inLanguage":"de","potentialAction":[{"@type":"ReadAction","target":["https:\/\/www.nextbike.de\/dresden\/de\/b2b\/"]}]},{"@type":"BreadcrumbList","@id":"https:\/\/www.nextbike.de\/dresden\/de\/b2b\/#breadcrumb","itemListElement":[{"@type":"ListItem","position":1,"name":"Startseite","item":"https:\/\/www.nextbike.de\/dresden\/de\/"},{"@type":"ListItem","position":2,"name":"B2B"}]},{"@type":"WebSite","@id":"https:\/\/www.nextbike.de\/dresden\/de\/#website","url":"https:\/\/www.nextbike.de\/dresden\/de\/","name":"MOBIbike Dresden","description":"Easy bike rental in Dresden.","potentialAction":[{"@type":"SearchAction","target":{"@type":"EntryPoint","urlTemplate":"https:\/\/www.nextbike.de\/dresden\/de\/?s={search_term_string}"},"query-input":{"@type":"PropertyValueSpecification","valueRequired":true,"valueName":"search_term_string"}}],"inLanguage":"de"}]}},"_links":{"self":[{"href":"https:\/\/www.nextbike.de\/dresden\/de\/wp-json\/wp\/v2\/pages\/224","targetHints":{"allow":["GET"]}}],"collection":[{"href":"https:\/\/www.nextbike.de\/dresden\/de\/wp-json\/wp\/v2\/pages"}],"about":[{"href":"https:\/\/www.nextbike.de\/dresden\/de\/wp-json\/wp\/v2\/types\/page"}],"author":[{"embeddable":true,"href":"https:\/\/www.nextbike.de\/dresden\/de\/wp-json\/wp\/v2\/users\/13"}],"replies":[{"embeddable":true,"href":"https:\/\/www.nextbike.de\/dresden\/de\/wp-json\/wp\/v2\/comments?post=224"}],"version-history":[{"count":11,"href":"https:\/\/www.nextbike.de\/dresden\/de\/wp-json\/wp\/v2\/pages\/224\/revisions"}],"predecessor-version":[{"id":241,"href":"https:\/\/www.nextbike.de\/dresden\/de\/wp-json\/wp\/v2\/pages\/224\/revisions\/241"}],"wp:attachment":[{"href":"https:\/\/www.nextbike.de\/dresden\/de\/wp-json\/wp\/v2\/media?parent=224"}],"curies":[{"name":"wp","href":"https:\/\/api.w.org\/{rel}","templated":true}]}}