{"id":172,"date":"2023-01-09T16:43:48","date_gmt":"2023-01-09T15:43:48","guid":{"rendered":"https:\/\/nextbike-live.pluspol-networks.de\/dresden\/?page_id=172"},"modified":"2025-08-08T14:43:03","modified_gmt":"2025-08-08T12:43:03","slug":"partner","status":"publish","type":"page","link":"https:\/\/www.nextbike.de\/dresden\/de\/partner\/","title":{"rendered":"Partner"},"content":{"rendered":"<div class=\"wpb-content-wrapper\"><p>[vc_row disable_element=&#8220;yes&#8220;][vc_column][vc_column_text]<\/p>\n<h2>DVB &#8211; Dresdner Verkehrsbetriebe AG<\/h2>\n<p>Als DVB-Abonnent*in genie\u00dft du beim MOBIbike automatisch unsere Plus MOBI-Vorteile wie 30 Freiminuten je Ausleihe, jede weiteren 30 Minuten kosten 1 \u20ac und max. 15 \u20ac\/24 h. Wenn du ein Deutschlandticket bei der DVB besitzt, kannst du dir die Plus MOBI-Vorteile auch flexibel mit dem Zusatzticket Plus MOBI f\u00fcr 8 \u20ac pro Monat hinzubuchen.<\/p>\n<p>&nbsp;<\/p>\n<p data-renderer-start-pos=\"790\"><strong>So verkn\u00fcpfst du dein DVB Abo bzw. Zusatzticket Plus MOBI mit deinem nextbike-Konto:<\/strong><\/p>\n<ol class=\"ak-ol\" data-indent-level=\"1\">\n<li style=\"list-style-type: none;\">\n<ol class=\"ak-ol\" data-indent-level=\"1\">\n<li>\n<p data-renderer-start-pos=\"902\">Die Verkn\u00fcpfung kann in der App oder auf dieser Webseite im Bereich <em data-renderer-mark=\"true\">Wallet<\/em> vorgenommen werden.<\/p>\n<\/li>\n<li>\n<p data-renderer-start-pos=\"902\">Bei den verf\u00fcgbaren Partnern w\u00e4hlst du\u00a0<em>DVB Plus MOBI<\/em>\u00a0aus.<\/p>\n<\/li>\n<li>\n<p data-renderer-start-pos=\"902\">Im letzten Schritt gibst du deine 9-stellige DVB-Kundennummer ein (sie startet mit einer 200 oder 201).<\/p>\n<\/li>\n<li>\n<p data-renderer-start-pos=\"902\">Durch die Auswahl des Feldes <em data-renderer-mark=\"true\">Weiter<\/em> wird das Benutzerkonto verkn\u00fcpft. Nun kannst du das MOBIbike zu den verg\u00fcnstigten Konditionen nutzen.<\/p>\n<\/li>\n<\/ol>\n<\/li>\n<\/ol>\n<p>&nbsp;<\/p>\n<p>Hinweis: Verg\u00fcnstigungen durch die Partner-Kooperation mit der DVB gelten deutschlandweit (au\u00dfer in Bremen, Oldenburg, N\u00fcrnberg, Mainz, Konstanz und auf Usedom). Weiterhin gilt die Verg\u00fcnstigung nur f\u00fcr das erste Rad, sollten mehrere R\u00e4der parallel geliehen werden.<\/p>\n<p>&nbsp;<\/p>\n<p><a href=\"https:\/\/www.nextbike.de\/dresden\/de\/#so-gehts\">Mehr unter So geht&#8217;s<\/a>.<\/p>\n<p>&nbsp;<\/p>\n<p><img loading=\"lazy\" decoding=\"async\" class=\"aligncenter size-medium wp-image-173\" src=\"https:\/\/nextbike-live.pluspol-networks.de\/dresden\/wp-content\/uploads\/sites\/44\/2023\/01\/dvb-300x101.jpg\" alt=\"\" width=\"300\" height=\"101\" srcset=\"https:\/\/www.nextbike.de\/dresden\/wp-content\/uploads\/sites\/44\/2023\/01\/dvb-300x101.jpg 300w, https:\/\/www.nextbike.de\/dresden\/wp-content\/uploads\/sites\/44\/2023\/01\/dvb-1024x344.jpg 1024w, https:\/\/www.nextbike.de\/dresden\/wp-content\/uploads\/sites\/44\/2023\/01\/dvb-768x258.jpg 768w, https:\/\/www.nextbike.de\/dresden\/wp-content\/uploads\/sites\/44\/2023\/01\/dvb-992x333.jpg 992w, https:\/\/www.nextbike.de\/dresden\/wp-content\/uploads\/sites\/44\/2023\/01\/dvb-480x161.jpg 480w, https:\/\/www.nextbike.de\/dresden\/wp-content\/uploads\/sites\/44\/2023\/01\/dvb-416x140.jpg 416w, https:\/\/www.nextbike.de\/dresden\/wp-content\/uploads\/sites\/44\/2023\/01\/dvb-297x100.jpg 297w, https:\/\/www.nextbike.de\/dresden\/wp-content\/uploads\/sites\/44\/2023\/01\/dvb.jpg 1169w\" sizes=\"auto, (max-width: 300px) 100vw, 300px\" \/>[\/vc_column_text][\/vc_column][\/vc_row][vc_row][vc_column][vc_column_text css=&#8220;&#8220;]<\/p>\n<h1>Partner<\/h1>\n<h2>DVB \u2013 Dresdner Verkehrsbetriebe AG<\/h2>\n<div>\n<p>Als DVB-Abonnent*in* genie\u00dft du beim MOBIbike automatisch unsere MOBI-Vorteile:<\/p>\n<p>\u2713 Erste 30 Minuten jeder Fahrt kostenlos<br \/>\n\u2713 Unbegrenzte Fahrten pro Monat in deutschen nextbike-St\u00e4dten**<br \/>\n\u2713 Jede weitere 30 Minuten kosten nur 1\u202f\u20ac \u2013 max. 15\u202f\u20ac pro Tag<\/p>\n<p>Wenn du ein Deutschlandticket oder BildungsTicket bei der DVB besitzt, kannst du dir die MOBI-Vorteile auch flexibel mit dem Zusatzticket \u201ePlus MOBI\u201c f\u00fcr nur 8\u202f\u20ac im Monat hinzubuchen \u2013 monatlich k\u00fcndbar!<\/p>\n<p>&nbsp;<\/p>\n<\/div>\n<div>\n<h3>So sicherst du dir deine MOBI-Vorteile in der nextbike-App:<\/h3>\n<ol>\n<li>In der App oder auf der MOBIbike Webseite den Bereich Wallet aufrufen<\/li>\n<li>Den Partner-Vorteil \u201eDVB Abo \/ Plus MOBI\u201c ausw\u00e4hlen<\/li>\n<li>Deine 9-stellige DVB-Kundennummer eingeben<br \/>\n\u2192 Kundennummer startet mit 200 oder 201. Findest du auf dem Schreiben zur Fahrkarte, Kontoauszug als Verwendungszweck oder im pers\u00f6nlichen Bereich unter \u201eMein Abo\u201c.<\/li>\n<\/ol>\n<\/div>\n<div>\n<h2><\/h2>\n<h3>Das Plus MOBI-Zusatzticket ist erh\u00e4ltlich f\u00fcr Inhaber*innen von:<\/h3>\n<p>\u2713 DeutschlandTicket<br \/>\n\u2713 BildungsTicket<br \/>\n\u2713 DeutschlandTicket als JobTicket<\/p>\n<p>\u2192 Dein Arbeitgeber kann das Plus MOBI-Ticket mit mind. 25\u202f% bezuschussen! Daf\u00fcr muss er eine Vereinbarung mit der DVB abgeschlossen haben.<\/p>\n<\/div>\n<div>\n<h2><\/h2>\n<h3>Noch kein Ticket?<\/h3>\n<p>Bei der Abo-Bestellung unter <a href=\"https:\/\/abo.dvb.de\" target=\"_blank\" rel=\"noopener noreferrer\"><strong>abo.dvb.de<\/strong><\/a> einfach das Zusatzticket Plus MOBI ausw\u00e4hlen.<\/p>\n<\/div>\n<div>\n<h2><\/h2>\n<h3>Du hast schon ein passendes Ticket?<\/h3>\n<p>Dann einfach:<\/p>\n<ol>\n<li>Im Abo-Portal \u201e<strong><a href=\"https:\/\/iam.handyticket.link\/realms\/dvb\/protocol\/openid-connect\/auth?ui_locales=de&amp;scope=openid%20profile%20email&amp;state=6f89127203cff20bd7525b4ad0b55459&amp;response_type=code&amp;approval_prompt=auto&amp;redirect_uri=https%3A%2F%2Fabo.dvb.de%2Fde%2Fconnect%2Fkeycloak%2Fcheck%3Faction%3Dregister&amp;client_id=dvb_app\" target=\"_blank\" rel=\"noopener\">Mein Abo<\/a><\/strong>\u201c auf dvb.de anmelden oder registrieren<\/li>\n<li>In der Abo-\u00dcbersicht den Vertrag ausw\u00e4hlen und den Button \u201eProduktwechsel\u201c anklicken<\/li>\n<li>Erneut das Deutschland- oder BildungsTicket ausw\u00e4hlen und dazu das Zusatzticket Plus MOBI hinzuf\u00fcgen<\/li>\n<\/ol>\n<\/div>\n<div>\n<p>&nbsp;<\/p>\n<\/div>\n<div>\n<p>* Abo-Monatskarte zum Normalpreis (auch mit Dresden-Pass), 9-Uhr-Abo-Monatskarte, DVB-JobTicket zum Normalpreis<br \/>\n** Hinweis: Verg\u00fcnstigungen durch die Partner-Kooperation mit der DVB gelten deutschlandweit (au\u00dfer in Bremen, Oldenburg, N\u00fcrnberg, Mainz, Konstanz und auf Usedom). Weiterhin gilt die Verg\u00fcnstigung nur f\u00fcr das erste Rad, sollten mehrere R\u00e4der parallel geliehen werden.<\/p>\n<\/div>\n<p>[\/vc_column_text][\/vc_column][\/vc_row]<\/p>\n<\/div>","protected":false},"excerpt":{"rendered":"<p>[vc_row disable_element=&#8220;yes&#8220;][vc_column][vc_column_text] DVB &#8211; Dresdner Verkehrsbetriebe AG Als DVB-Abonnent*in genie\u00dft du beim MOBIbike automatisch unsere Plus MOBI-Vorteile wie 30 Freiminuten je Ausleihe, jede weiteren 30 Minuten kosten 1 \u20ac und max. 15 \u20ac\/24 h. Wenn du ein Deutschlandticket bei der DVB besitzt, kannst du dir die Plus MOBI-Vorteile auch flexibel mit dem Zusatzticket Plus MOBI [&hellip;]<\/p>\n","protected":false},"author":13,"featured_media":0,"parent":0,"menu_order":0,"comment_status":"closed","ping_status":"closed","template":"page-bubble.php","meta":{"_acf_changed":false,"inline_featured_image":false,"footnotes":""},"class_list":["post-172","page","type-page","status-publish","hentry"],"acf":[],"yoast_head":"<!-- This site is optimized with the Yoast SEO plugin v27.2 - https:\/\/yoast.com\/product\/yoast-seo-wordpress\/ -->\n<title>Genie\u00dfe Sonderkonditionen mit deinem DVB-Abo<\/title>\n<meta name=\"description\" content=\"Als DVB-Abonnent*in genie\u00dft du beim MOBIbike automatisch unsere Plus MOBI-Vorteile wie 30 Freiminuten je Ausleihe. Jetzt verkn\u00fcpfen!\" \/>\n<meta name=\"robots\" content=\"index, follow, max-snippet:-1, max-image-preview:large, max-video-preview:-1\" \/>\n<link rel=\"canonical\" href=\"https:\/\/www.nextbike.de\/dresden\/de\/partner\/\" \/>\n<meta property=\"og:locale\" content=\"de_DE\" \/>\n<meta property=\"og:type\" content=\"article\" \/>\n<meta property=\"og:title\" content=\"Genie\u00dfe Sonderkonditionen mit deinem DVB-Abo\" \/>\n<meta property=\"og:description\" content=\"Als DVB-Abonnent*in genie\u00dft du beim MOBIbike automatisch unsere Plus MOBI-Vorteile wie 30 Freiminuten je Ausleihe. Jetzt verkn\u00fcpfen!\" \/>\n<meta property=\"og:url\" content=\"https:\/\/www.nextbike.de\/dresden\/de\/partner\/\" \/>\n<meta property=\"og:site_name\" content=\"MOBIbike Dresden\" \/>\n<meta property=\"article:modified_time\" content=\"2025-08-08T12:43:03+00:00\" \/>\n<meta property=\"og:image\" content=\"https:\/\/nextbike-live.pluspol-networks.de\/dresden\/wp-content\/uploads\/sites\/44\/2023\/01\/dvb-300x101.jpg\" \/>\n<meta name=\"twitter:card\" content=\"summary_large_image\" \/>\n<meta name=\"twitter:label1\" content=\"Gesch\u00e4tzte Lesezeit\" \/>\n\t<meta name=\"twitter:data1\" content=\"3\u00a0Minuten\" \/>\n<script type=\"application\/ld+json\" class=\"yoast-schema-graph\">{\"@context\":\"https:\/\/schema.org\",\"@graph\":[{\"@type\":\"WebPage\",\"@id\":\"https:\/\/www.nextbike.de\/dresden\/de\/partner\/\",\"url\":\"https:\/\/www.nextbike.de\/dresden\/de\/partner\/\",\"name\":\"Genie\u00dfe Sonderkonditionen mit deinem DVB-Abo\",\"isPartOf\":{\"@id\":\"https:\/\/www.nextbike.de\/dresden\/de\/#website\"},\"primaryImageOfPage\":{\"@id\":\"https:\/\/www.nextbike.de\/dresden\/de\/partner\/#primaryimage\"},\"image\":{\"@id\":\"https:\/\/www.nextbike.de\/dresden\/de\/partner\/#primaryimage\"},\"thumbnailUrl\":\"https:\/\/nextbike-live.pluspol-networks.de\/dresden\/wp-content\/uploads\/sites\/44\/2023\/01\/dvb-300x101.jpg\",\"datePublished\":\"2023-01-09T15:43:48+00:00\",\"dateModified\":\"2025-08-08T12:43:03+00:00\",\"description\":\"Als DVB-Abonnent*in genie\u00dft du beim MOBIbike automatisch unsere Plus MOBI-Vorteile wie 30 Freiminuten je Ausleihe. Jetzt verkn\u00fcpfen!\",\"breadcrumb\":{\"@id\":\"https:\/\/www.nextbike.de\/dresden\/de\/partner\/#breadcrumb\"},\"inLanguage\":\"de\",\"potentialAction\":[{\"@type\":\"ReadAction\",\"target\":[\"https:\/\/www.nextbike.de\/dresden\/de\/partner\/\"]}]},{\"@type\":\"ImageObject\",\"inLanguage\":\"de\",\"@id\":\"https:\/\/www.nextbike.de\/dresden\/de\/partner\/#primaryimage\",\"url\":\"https:\/\/nextbike-live.pluspol-networks.de\/dresden\/wp-content\/uploads\/sites\/44\/2023\/01\/dvb-300x101.jpg\",\"contentUrl\":\"https:\/\/nextbike-live.pluspol-networks.de\/dresden\/wp-content\/uploads\/sites\/44\/2023\/01\/dvb-300x101.jpg\"},{\"@type\":\"BreadcrumbList\",\"@id\":\"https:\/\/www.nextbike.de\/dresden\/de\/partner\/#breadcrumb\",\"itemListElement\":[{\"@type\":\"ListItem\",\"position\":1,\"name\":\"Startseite\",\"item\":\"https:\/\/www.nextbike.de\/dresden\/de\/\"},{\"@type\":\"ListItem\",\"position\":2,\"name\":\"Partner\"}]},{\"@type\":\"WebSite\",\"@id\":\"https:\/\/www.nextbike.de\/dresden\/de\/#website\",\"url\":\"https:\/\/www.nextbike.de\/dresden\/de\/\",\"name\":\"MOBIbike Dresden\",\"description\":\"Easy bike rental in Dresden.\",\"potentialAction\":[{\"@type\":\"SearchAction\",\"target\":{\"@type\":\"EntryPoint\",\"urlTemplate\":\"https:\/\/www.nextbike.de\/dresden\/de\/?s={search_term_string}\"},\"query-input\":{\"@type\":\"PropertyValueSpecification\",\"valueRequired\":true,\"valueName\":\"search_term_string\"}}],\"inLanguage\":\"de\"}]}<\/script>\n<!-- \/ Yoast SEO plugin. -->","yoast_head_json":{"title":"Genie\u00dfe Sonderkonditionen mit deinem DVB-Abo","description":"Als DVB-Abonnent*in genie\u00dft du beim MOBIbike automatisch unsere Plus MOBI-Vorteile wie 30 Freiminuten je Ausleihe. Jetzt verkn\u00fcpfen!","robots":{"index":"index","follow":"follow","max-snippet":"max-snippet:-1","max-image-preview":"max-image-preview:large","max-video-preview":"max-video-preview:-1"},"canonical":"https:\/\/www.nextbike.de\/dresden\/de\/partner\/","og_locale":"de_DE","og_type":"article","og_title":"Genie\u00dfe Sonderkonditionen mit deinem DVB-Abo","og_description":"Als DVB-Abonnent*in genie\u00dft du beim MOBIbike automatisch unsere Plus MOBI-Vorteile wie 30 Freiminuten je Ausleihe. Jetzt verkn\u00fcpfen!","og_url":"https:\/\/www.nextbike.de\/dresden\/de\/partner\/","og_site_name":"MOBIbike Dresden","article_modified_time":"2025-08-08T12:43:03+00:00","og_image":[{"url":"https:\/\/nextbike-live.pluspol-networks.de\/dresden\/wp-content\/uploads\/sites\/44\/2023\/01\/dvb-300x101.jpg","type":"","width":"","height":""}],"twitter_card":"summary_large_image","twitter_misc":{"Gesch\u00e4tzte Lesezeit":"3\u00a0Minuten"},"schema":{"@context":"https:\/\/schema.org","@graph":[{"@type":"WebPage","@id":"https:\/\/www.nextbike.de\/dresden\/de\/partner\/","url":"https:\/\/www.nextbike.de\/dresden\/de\/partner\/","name":"Genie\u00dfe Sonderkonditionen mit deinem DVB-Abo","isPartOf":{"@id":"https:\/\/www.nextbike.de\/dresden\/de\/#website"},"primaryImageOfPage":{"@id":"https:\/\/www.nextbike.de\/dresden\/de\/partner\/#primaryimage"},"image":{"@id":"https:\/\/www.nextbike.de\/dresden\/de\/partner\/#primaryimage"},"thumbnailUrl":"https:\/\/nextbike-live.pluspol-networks.de\/dresden\/wp-content\/uploads\/sites\/44\/2023\/01\/dvb-300x101.jpg","datePublished":"2023-01-09T15:43:48+00:00","dateModified":"2025-08-08T12:43:03+00:00","description":"Als DVB-Abonnent*in genie\u00dft du beim MOBIbike automatisch unsere Plus MOBI-Vorteile wie 30 Freiminuten je Ausleihe. Jetzt verkn\u00fcpfen!","breadcrumb":{"@id":"https:\/\/www.nextbike.de\/dresden\/de\/partner\/#breadcrumb"},"inLanguage":"de","potentialAction":[{"@type":"ReadAction","target":["https:\/\/www.nextbike.de\/dresden\/de\/partner\/"]}]},{"@type":"ImageObject","inLanguage":"de","@id":"https:\/\/www.nextbike.de\/dresden\/de\/partner\/#primaryimage","url":"https:\/\/nextbike-live.pluspol-networks.de\/dresden\/wp-content\/uploads\/sites\/44\/2023\/01\/dvb-300x101.jpg","contentUrl":"https:\/\/nextbike-live.pluspol-networks.de\/dresden\/wp-content\/uploads\/sites\/44\/2023\/01\/dvb-300x101.jpg"},{"@type":"BreadcrumbList","@id":"https:\/\/www.nextbike.de\/dresden\/de\/partner\/#breadcrumb","itemListElement":[{"@type":"ListItem","position":1,"name":"Startseite","item":"https:\/\/www.nextbike.de\/dresden\/de\/"},{"@type":"ListItem","position":2,"name":"Partner"}]},{"@type":"WebSite","@id":"https:\/\/www.nextbike.de\/dresden\/de\/#website","url":"https:\/\/www.nextbike.de\/dresden\/de\/","name":"MOBIbike Dresden","description":"Easy bike rental in Dresden.","potentialAction":[{"@type":"SearchAction","target":{"@type":"EntryPoint","urlTemplate":"https:\/\/www.nextbike.de\/dresden\/de\/?s={search_term_string}"},"query-input":{"@type":"PropertyValueSpecification","valueRequired":true,"valueName":"search_term_string"}}],"inLanguage":"de"}]}},"_links":{"self":[{"href":"https:\/\/www.nextbike.de\/dresden\/de\/wp-json\/wp\/v2\/pages\/172","targetHints":{"allow":["GET"]}}],"collection":[{"href":"https:\/\/www.nextbike.de\/dresden\/de\/wp-json\/wp\/v2\/pages"}],"about":[{"href":"https:\/\/www.nextbike.de\/dresden\/de\/wp-json\/wp\/v2\/types\/page"}],"author":[{"embeddable":true,"href":"https:\/\/www.nextbike.de\/dresden\/de\/wp-json\/wp\/v2\/users\/13"}],"replies":[{"embeddable":true,"href":"https:\/\/www.nextbike.de\/dresden\/de\/wp-json\/wp\/v2\/comments?post=172"}],"version-history":[{"count":14,"href":"https:\/\/www.nextbike.de\/dresden\/de\/wp-json\/wp\/v2\/pages\/172\/revisions"}],"predecessor-version":[{"id":396,"href":"https:\/\/www.nextbike.de\/dresden\/de\/wp-json\/wp\/v2\/pages\/172\/revisions\/396"}],"wp:attachment":[{"href":"https:\/\/www.nextbike.de\/dresden\/de\/wp-json\/wp\/v2\/media?parent=172"}],"curies":[{"name":"wp","href":"https:\/\/api.w.org\/{rel}","templated":true}]}}