{"id":159,"date":"2023-01-05T15:49:44","date_gmt":"2023-01-05T14:49:44","guid":{"rendered":"https:\/\/nextbike-live.pluspol-networks.de\/dresden\/campusbike\/"},"modified":"2025-05-26T13:42:55","modified_gmt":"2025-05-26T11:42:55","slug":"campusbike","status":"publish","type":"page","link":"https:\/\/www.nextbike.de\/dresden\/de\/campusbike\/","title":{"rendered":"CAMPUSbike"},"content":{"rendered":"<div class=\"wpb-content-wrapper\"><p>[vc_row][vc_column][vc_column_text]<\/p>\n<h3>Bei unseren kooperierenden Institutionen radelt ihr g\u00fcnstiger mit den gelben MOBIbikes<\/h3>\n<p>&nbsp;<\/p>\n<h4>REGISTRIERUNG<\/h4>\n<p>Registriere dich mit deinem Namen und deiner Telefonnummer. Eine Tarif- oder Partnerwahl triffst du zun\u00e4chst nicht. Klicke auf &#8222;zahlungspflichtig bestellen&#8220;.*[\/vc_column_text][\/vc_column][\/vc_row][vc_section css=&#8220;.vc_custom_1673273830390{margin-top: -100px !important;}&#8220;][vc_row css=&#8220;.vc_custom_1673273876259{margin-top: -100px !important;}&#8220;][vc_column width=&#8220;1\/3&#8243; css=&#8220;.vc_custom_1672931210909{padding-top: 40px !important;}&#8220;][vc_single_image image=&#8220;143&#8243; img_size=&#8220;full&#8220;][\/vc_column][vc_column width=&#8220;2\/3&#8243;][vc_tta_accordion section_title_tag=&#8220;h3&#8243; active_section=&#8220;0&#8243; collapsible_all=&#8220;true&#8220;][vc_tta_section title=&#8220;Evangelische Hochschule Dresden (ehs)&#8220; tab_id=&#8220;1692691883969-5c970f94-c031&#8243;][vc_column_text css=&#8220;&#8220;]<\/p>\n<ol>\n<li>VERKN\u00dcPFUNG: Registriere dich per App oder Webseite mit deiner Uni- oder Hochschul-Emailadresse (\u201e@stud.ehs-dresden.de\u201c). Du bekommst die PIN f\u00fcr dein Kundenkonto per SMS zugeschickt. An die E-Mail-Adresse wird ein Best\u00e4tigungslink gesendet, die Freischaltung erfolgt nach der Verifizierung automatisch.Du bist bereits registriert, aber nicht mit deiner Uni-E-Mailadresse? Aktualisiere deine E-Mailadresse in deinem Kundenkonto und best\u00e4tige den Link in deinem E-Mail-Postfach.<\/li>\n<li>KONDITIONEN: Bei jeder Ausleihe eines Standardrads in Deutschland (au\u00dfer Bremen, Oldenburg, N\u00fcrnberg und auf Usedom) sind pro Ausleihe die ersten<strong>\u00a030 Minuten gratis<\/strong>. Bei einer Fahrtzeit von \u00fcber 30 Minuten wird f\u00fcr alle weiteren 30 Minuten 1,00 \u20ac f\u00e4llig. Der Tagesh\u00f6chstsatz betr\u00e4gt 15,00 \u20ac. Es k\u00f6nnen bis zu vier R\u00e4der gleichzeitig auf einen Account ausgeliehen werden, die Verg\u00fcnstigung gilt aber nur f\u00fcr ein Fahrrad. F\u00fcr weitere R\u00e4der gelten die im Basistarif. E-Bikes sowie (e-)Cargobikes sind von der Verg\u00fcnstigung ausgeschlossen.<strong><u data-renderer-mark=\"true\">Neu ab Sommersemester 2025:<\/u><\/strong> Bei jeder Ausleihe eines Cargobikes in Dresden sind pro Ausleihe die ersten <strong data-renderer-mark=\"true\">60 Minuten gratis<\/strong>. Das Cargobike muss wieder an seiner Ausleihstation zur\u00fcckgegeben werden.<\/li>\n<\/ol>\n<p>[\/vc_column_text][\/vc_tta_section][vc_tta_section title=&#8220;Technische Universit\u00e4t zu Dresden (TU Dresden)&#8220; tab_id=&#8220;1692691883985-9e48484b-302b&#8220;][vc_column_text css=&#8220;&#8220;]<\/p>\n<ol>\n<li>VERKN\u00dcPFUNG: Registriere dich per App oder Webseite. Nach Registrierung bekommst du die PIN f\u00fcr dein Kundenkonto per SMS zugeschickt. Log dich per App oder Website ein. Unter Mein Konto &#8211; Partner klickst du auf &#8222;Klicken Sie hier f\u00fcr die Verkn\u00fcpfung mit dem Partner &#8222;Semesterticket TU-Dresden&#8220;. Anschlie\u00dfend w\u00e4hlst du die TU Dresden aus und gibst deinen Uni-Login ein. Nach der Verkn\u00fcpfung sollte in deinem Kundenkonto unter &#8222;Tarifoptionen verwalten&#8220; ein H\u00e4kchen bei &#8222;Semesterticket TU-Dresden&#8220; sein.<\/li>\n<li>KONDITIONEN: Bei jeder Ausleihe eines Standardrads in Deutschland (au\u00dfer Bremen, Oldenburg, N\u00fcrnberg und auf Usedom) sind pro Ausleihe die ersten <strong>30 Minuten gratis<\/strong>. Bei einer Fahrtzeit von \u00fcber 30 Minuten wird f\u00fcr alle weiteren 30 Minuten 1,00 \u20ac f\u00e4llig. Der Tagesh\u00f6chstsatz betr\u00e4gt 15,00 \u20ac. Es k\u00f6nnen bis zu vier R\u00e4der gleichzeitig auf einen Account ausgeliehen werden, die Verg\u00fcnstigung gilt aber nur f\u00fcr ein Fahrrad. F\u00fcr weitere R\u00e4der gelten die im Basistarif. E-Bikes sowie (e-)Cargobikes sind von der Verg\u00fcnstigung ausgeschlossen.<strong><u data-renderer-mark=\"true\">Neu ab Sommersemester 2025:<\/u><\/strong> Bei jeder Ausleihe eines Cargobikes in Dresden sind pro Ausleihe die ersten <strong data-renderer-mark=\"true\">60 Minuten gratis<\/strong>. Das Cargobike muss wieder an seiner Ausleihstation zur\u00fcckgegeben werden.<\/li>\n<\/ol>\n<p>[\/vc_column_text][\/vc_tta_section][vc_tta_section title=&#8220;Hochschule f\u00fcr bildende K\u00fcnste Dresden (HfbK)&#8220; tab_id=&#8220;1692692672969-3846f7f5-5d2a&#8220;][vc_column_text css=&#8220;&#8220;]<\/p>\n<h3 class=\"panel-title\"><a class=\"collapsed primary-font faq-tab-title\">Hochschule f\u00fcr bildende K\u00fcnste Dresden (HfbK)<\/a><\/h3>\n<ol>\n<li>VERKN\u00dcPFUNG: Registriere dich per App oder Webseite mit deiner Hochschul-Emailadresse (\u201e@rz.hfbk-dresden.de\u201c). Du bekommst die PIN f\u00fcr dein Kundenkonto per SMS zugeschickt. An die E-Mail-Adresse wird ein Best\u00e4tigungslink gesendet, die Freischaltung erfolgt nach der Verifizierung automatisch.Du bist bereits registriert, aber nicht mit deiner Uni-E-Mailadresse? Aktualisiere deine E-Mailadresse in deinem Kundenkonto und best\u00e4tige den Link in deinem E-Mail-Postfach.<\/li>\n<li>KONDITIONEN: Bei jeder Ausleihe eines Standardrads in Deutschland (au\u00dfer Bremen, Oldenburg, N\u00fcrnberg und auf Usedom) sind pro Ausleihe die ersten 30 Minuten gratis. Bei einer Fahrtzeit von \u00fcber 30 Minuten wird f\u00fcr alle weiteren 30 Minuten 1,00 \u20ac f\u00e4llig. Der Tagesh\u00f6chstsatz betr\u00e4gt 15,00 \u20ac. Es k\u00f6nnen bis zu vier R\u00e4der gleichzeitig auf einen Account ausgeliehen werden, die Verg\u00fcnstigung gilt aber nur f\u00fcr ein Fahrrad. F\u00fcr weitere R\u00e4der gelten die im Basistarif. E-Bikes sowie (e-)Cargobikes sind von der Verg\u00fcnstigung ausgeschlossen.<strong><u data-renderer-mark=\"true\">Neu ab Sommersemester 2025:<\/u><\/strong> Bei jeder Ausleihe eines Cargobikes in Dresden sind pro Ausleihe die ersten <strong data-renderer-mark=\"true\">60 Minuten gratis<\/strong>. Das Cargobike muss wieder an seiner Ausleihstation zur\u00fcckgegeben werden.<\/li>\n<\/ol>\n<p>[\/vc_column_text][\/vc_tta_section][vc_tta_section title=&#8220;Hochschule f\u00fcr Kirchenmusik Dresden&#8220; tab_id=&#8220;1692692827960-aed91155-c88b&#8220;][vc_column_text css=&#8220;&#8220;]<\/p>\n<ol>\n<li>VERKN\u00dcPFUNG: Registriere dich zun\u00e4chst per App oder Webseite f\u00fcr das Fahrradverleihsystem. Vom StuRa erh\u00e4ltst du zum Semesterbeginn einen Gutscheincode, mit dem du anschlie\u00dfend die verg\u00fcnstigten Konditionen nutzen kannst.<\/li>\n<li>KONDITIONEN: Bei jeder Ausleihe eines Standardrads in Deutschland (au\u00dfer Bremen, Oldenburg, N\u00fcrnberg und auf Usedom) sind pro Ausleihe die ersten<strong>\u00a030 Minuten gratis<\/strong>. Bei einer Fahrtzeit von \u00fcber 30 Minuten wird f\u00fcr alle weiteren 30 Minuten 1,00 \u20ac f\u00e4llig. Der Tagesh\u00f6chstsatz betr\u00e4gt 15,00 \u20ac. Es k\u00f6nnen bis zu vier R\u00e4der gleichzeitig auf einen Account ausgeliehen werden, die Verg\u00fcnstigung gilt aber nur f\u00fcr ein Fahrrad. F\u00fcr weitere R\u00e4der gelten die im Basistarif. E-Bikes sowie (e-)Cargobikes sind von der Verg\u00fcnstigung ausgeschlossen.<strong><u data-renderer-mark=\"true\">Neu ab Sommersemester 2025:<\/u><\/strong> Bei jeder Ausleihe eines Cargobikes in Dresden sind pro Ausleihe die ersten <strong data-renderer-mark=\"true\">60 Minuten gratis<\/strong>. Das Cargobike muss wieder an seiner Ausleihstation zur\u00fcckgegeben werden.<\/li>\n<\/ol>\n<p>[\/vc_column_text][\/vc_tta_section][vc_tta_section title=&#8220;Hochschule f\u00fcr Technik und Wirtschaft Dresden&#8220; tab_id=&#8220;1692692900048-6d70fe0e-2f58&#8243;][vc_column_text css=&#8220;&#8220;]<\/p>\n<ol>\n<li>VERKN\u00dcPFUNG: Registriere dich per App oder Webseite. Unter \u201eWallet\u201c klickst du auf \u201eMit Partner verkn\u00fcpfen\u201c und dann \u201eSemesterticket HTW Dresden\u201c. Anschlie\u00dfend gibst deinen Uni-Login ein. Du wirst automatisch eingeloggt und erh\u00e4ltst die Berechtigung zur Nutzung des Fahrradverleihsystems unter den Konditionen der HTW. Je neuem Semesterbeginn erh\u00e4ltst du eine Mail, SMS oder Push-Benachrichtigung zur Re-Authentifizierung.<\/li>\n<li>KONDITIONEN: Bei jeder Ausleihe eines Standardrads in Deutschland (au\u00dfer Bremen, Oldenburg, N\u00fcrnberg und auf Usedom) sind pro Ausleihe die ersten<strong>\u00a030 Minuten gratis<\/strong>. Bei einer Fahrtzeit von \u00fcber 30 Minuten wird f\u00fcr alle weiteren 30 Minuten 1,00 \u20ac f\u00e4llig. Der Tagesh\u00f6chstsatz betr\u00e4gt 15,00 \u20ac. Es k\u00f6nnen bis zu vier R\u00e4der gleichzeitig auf einen Account ausgeliehen werden, die Verg\u00fcnstigung gilt aber nur f\u00fcr ein Fahrrad. F\u00fcr weitere R\u00e4der gelten die im Basistarif. E-Bikes sowie (e-)Cargobikes sind von der Verg\u00fcnstigung ausgeschlossen.<strong><u data-renderer-mark=\"true\">Neu ab Sommersemester 2025:<\/u><\/strong> Bei jeder Ausleihe eines Cargobikes in Dresden sind pro Ausleihe die ersten <strong data-renderer-mark=\"true\">60 Minuten gratis<\/strong>. Das Cargobike muss wieder an seiner Ausleihstation zur\u00fcckgegeben werden.<\/li>\n<\/ol>\n<p>[\/vc_column_text][\/vc_tta_section][vc_tta_section title=&#8220;Hochschule f\u00fcr Musik Carl Maria von Weber Dresden&#8220; tab_id=&#8220;1692692973760-4f147508-3b93&#8243;][vc_column_text css=&#8220;&#8220;]<\/p>\n<ol>\n<li>VERKN\u00dcPFUNG: Registriere dich per App oder Webseite mit deiner Hochschul-Emailadresse (\u201e@mailbox.hfmdd.de\u201c). Du bekommst die PIN f\u00fcr dein Kundenkonto per SMS zugeschickt. An die E-Mail-Adresse wird ein Best\u00e4tigungslink gesendet, die Freischaltung erfolgt nach der Verifizierung automatisch. Du bist bereits registriert, aber nicht mit deiner Hochschul-E-Mailadresse? Aktualisiere deine E-Mailadresse in deinem Kundenkonto und best\u00e4tige den Link in deinem E-Mail-Postfach.<\/li>\n<li>KONDITIONEN: Bei jeder Ausleihe eines Standardrads in Deutschland (au\u00dfer Bremen, Oldenburg, N\u00fcrnberg und auf Usedom) sind pro Ausleihe die ersten<strong>\u00a030 Minuten gratis<\/strong>. Bei einer Fahrtzeit von \u00fcber 30 Minuten wird f\u00fcr alle weiteren 30 Minuten 1,00 \u20ac f\u00e4llig. Der Tagesh\u00f6chstsatz betr\u00e4gt 15,00 \u20ac. Es k\u00f6nnen bis zu vier R\u00e4der gleichzeitig auf einen Account ausgeliehen werden, die Verg\u00fcnstigung gilt aber nur f\u00fcr ein Fahrrad. F\u00fcr weitere R\u00e4der gelten die im Basistarif. E-Bikes sowie (e-)Cargobikes sind von der Verg\u00fcnstigung ausgeschlossen.<strong><u data-renderer-mark=\"true\">Neu ab Sommersemester 2025:<\/u><\/strong> Bei jeder Ausleihe eines Cargobikes in Dresden sind pro Ausleihe die ersten <strong data-renderer-mark=\"true\">60 Minuten gratis<\/strong>. Das Cargobike muss wieder an seiner Ausleihstation zur\u00fcckgegeben werden.<\/li>\n<\/ol>\n<p>[\/vc_column_text][\/vc_tta_section][vc_tta_section title=&#8220;Fachhochschule Dresden (FHD)&#8220; tab_id=&#8220;1696842978142-bfacbef5-e0ba&#8220;][vc_column_text css=&#8220;&#8220;]<\/p>\n<ol>\n<li>VERKN\u00dcPFUNG: Registriere dich per App oder Webseite mit deiner Hochschul-Emailadresse (\u201e@stud.fh-dresden.eu\u201c). Du bekommst die PIN f\u00fcr dein Kundenkonto per SMS zugeschickt. An die E-Mail-Adresse wird ein Best\u00e4tigungslink gesendet, die Freischaltung erfolgt nach der Verifizierung automatisch. Du bist bereits registriert, aber nicht mit deiner Hochschul-E-Mailadresse? Aktualisiere deine E-Mailadresse in deinem Kundenkonto und best\u00e4tige den Link in deinem E-Mail-Postfach.<\/li>\n<li>KONDITIONEN: Bei jeder Ausleihe eines Standardrads in Deutschland (au\u00dfer Bremen, Oldenburg, N\u00fcrnberg und auf Usedom) sind pro Ausleihe die ersten<strong>\u00a030 Minuten gratis<\/strong>. Bei einer Fahrtzeit von \u00fcber 30 Minuten wird f\u00fcr alle weiteren 30 Minuten 1,00 \u20ac f\u00e4llig. Der Tagesh\u00f6chstsatz betr\u00e4gt 15,00 \u20ac. Es k\u00f6nnen bis zu vier R\u00e4der gleichzeitig auf einen Account ausgeliehen werden, die Verg\u00fcnstigung gilt aber nur f\u00fcr ein Fahrrad. F\u00fcr weitere R\u00e4der gelten die im Basistarif. E-Bikes sowie (e-)Cargobikes sind von der Verg\u00fcnstigung ausgeschlossen.<br \/>\n<strong><u data-renderer-mark=\"true\"><br \/>\nNeu ab Sommersemester 2025:<\/u><\/strong> Bei jeder Ausleihe eines Cargobikes in Dresden sind pro Ausleihe die ersten <strong data-renderer-mark=\"true\">60 Minuten gratis<\/strong>. Das Cargobike muss wieder an seiner Ausleihstation zur\u00fcckgegeben werden.<\/li>\n<\/ol>\n<p>[\/vc_column_text][\/vc_tta_section][\/vc_tta_accordion][\/vc_column][\/vc_row][\/vc_section][vc_row css=&#8220;.vc_custom_1673273910531{margin-top: -100px !important;}&#8220;][vc_column css=&#8220;.vc_custom_1672931397453{margin-top: -50px !important;margin-bottom: -50px !important;border-bottom-width: -100px !important;}&#8220;][vc_separator][\/vc_column][\/vc_row][vc_row css=&#8220;.vc_custom_1673273917675{margin-top: -100px !important;}&#8220;][vc_column width=&#8220;1\/2&#8243;][vc_column_text]<\/p>\n<div class=\"col-sm-12 no-padding-xs text-center\">\n<div class=\"dynamic-image-loader\" data-target=\"51e079a2-c5a2-6726-c0a3-f62d624bea1e_0\" data-xs-src=\"https:\/\/www.nextbike.de\/media\/720\/Icon_MOBIbike_campusbike.jpg\" data-sm-src=\"https:\/\/www.nextbike.de\/media\/720\/Icon_MOBIbike_campusbike.jpg\" data-md-src=\"https:\/\/www.nextbike.de\/media\/940\/Icon_MOBIbike_campusbike.jpg\" data-lg-src=\"https:\/\/www.nextbike.de\/media\/1140\/Icon_MOBIbike_campusbike.jpg\" data-init-on=\"\" data-href=\"\" data-alt=\"icon nextbike CAMPUSbike\" data-open-in-new-window=\"false\"><\/div>\n<\/div>\n<div class=\"col-xs-12 col-sm-12 text-center\">\n<p style=\"text-align: center;\"><img decoding=\"async\" class=\"aligncenter size-full wp-image-166\" src=\"https:\/\/www.nextbike.de\/dresden\/wp-content\/uploads\/sites\/44\/2023\/01\/icon_website_university_mobibike.svg\" alt=\"\" \/><\/p>\n<p style=\"text-align: center;\">Der Semesterticket-Tarif gilt f\u00fcr das Semester, in dem du ihn freigeschaltet hast, bis zwei Wochen nach Semesterende. Im kommenden Semester verifizierst du dich nochmals.<\/p>\n<\/div>\n<p>[\/vc_column_text][\/vc_column][vc_column width=&#8220;1\/2&#8243;][vc_column_text]<\/p>\n<div class=\"col-sm-12 no-padding-xs text-center\">\n<div class=\"dynamic-image-loader\" data-target=\"51e079a2-c5a2-6726-c0a3-f62d624bea1e_1\" data-xs-src=\"https:\/\/www.nextbike.de\/media\/720\/Icon_MOBIbike_app.jpg\" data-sm-src=\"https:\/\/www.nextbike.de\/media\/720\/Icon_MOBIbike_app.jpg\" data-md-src=\"https:\/\/www.nextbike.de\/media\/940\/Icon_MOBIbike_app.jpg\" data-lg-src=\"https:\/\/www.nextbike.de\/media\/1140\/Icon_MOBIbike_app.jpg\" data-init-on=\"\" data-href=\"\" data-alt=\"app icon\" data-open-in-new-window=\"false\"><\/div>\n<\/div>\n<div class=\"col-xs-12 col-sm-12 text-center\">\n<p style=\"text-align: center;\"><img decoding=\"async\" class=\"aligncenter size-full wp-image-164\" src=\"https:\/\/www.nextbike.de\/dresden\/wp-content\/uploads\/sites\/44\/2023\/01\/icon_website_app_mobibike.svg\" alt=\"\" \/><\/p>\n<p style=\"text-align: center;\">Es k\u00f6nnen bis zu vier R\u00e4der gleichzeitig auf einen Account ausgeliehen werden, die Verg\u00fcnstigung gilt aber nur f\u00fcr ein Fahrrad. F\u00fcr weitere R\u00e4der gilt der lokale Basistarif.<\/p>\n<\/div>\n<p>[\/vc_column_text][\/vc_column][\/vc_row][vc_row][vc_column][vc_column_text]<small>*Die Registrierung ist kostenlos. Da die Nutzung \u00fcber die Freiminuten hinaus zahlungspflichtig ist, ist nextbike zu der Formulierung &#8222;zahlungspflichtig bestellen&#8220; gezwungen. Wenn du die Freiminuten \u00fcberschreitest, wird dein Account zun\u00e4chst gesperrt. Sobald du ein Zahlungsmittel hinterlegst (Kreditkarte\/Lastschrift\/Paypal) wird dein Account wieder freigeschaltet.<\/small>[\/vc_column_text][\/vc_column][\/vc_row][vc_row][vc_column][vc_single_image image=&#8220;272&#8243; img_size=&#8220;full&#8220; alignment=&#8220;center&#8220;][\/vc_column][\/vc_row]<\/p>\n<\/div>","protected":false},"excerpt":{"rendered":"<p>[vc_row][vc_column][vc_column_text] Bei unseren kooperierenden Institutionen radelt ihr g\u00fcnstiger mit den gelben MOBIbikes &nbsp; REGISTRIERUNG Registriere dich mit deinem Namen und deiner Telefonnummer. Eine Tarif- oder Partnerwahl triffst du zun\u00e4chst nicht. Klicke auf &#8222;zahlungspflichtig bestellen&#8220;.*[\/vc_column_text][\/vc_column][\/vc_row][vc_section css=&#8220;.vc_custom_1673273830390{margin-top: -100px !important;}&#8220;][vc_row css=&#8220;.vc_custom_1673273876259{margin-top: -100px !important;}&#8220;][vc_column width=&#8220;1\/3&#8243; css=&#8220;.vc_custom_1672931210909{padding-top: 40px !important;}&#8220;][vc_single_image image=&#8220;143&#8243; img_size=&#8220;full&#8220;][\/vc_column][vc_column width=&#8220;2\/3&#8243;][vc_tta_accordion section_title_tag=&#8220;h3&#8243; active_section=&#8220;0&#8243; collapsible_all=&#8220;true&#8220;][vc_tta_section title=&#8220;Evangelische Hochschule Dresden (ehs)&#8220; tab_id=&#8220;1692691883969-5c970f94-c031&#8243;][vc_column_text [&hellip;]<\/p>\n","protected":false},"author":13,"featured_media":0,"parent":0,"menu_order":0,"comment_status":"closed","ping_status":"closed","template":"page-bubble.php","meta":{"_acf_changed":false,"inline_featured_image":false,"footnotes":""},"class_list":["post-159","page","type-page","status-publish","hentry"],"acf":[],"yoast_head":"<!-- This site is optimized with the Yoast SEO plugin v27.2 - https:\/\/yoast.com\/product\/yoast-seo-wordpress\/ -->\n<title>CAMPUSbike - MOBIbike Dresden<\/title>\n<meta name=\"robots\" content=\"index, follow, max-snippet:-1, max-image-preview:large, max-video-preview:-1\" \/>\n<link rel=\"canonical\" href=\"https:\/\/www.nextbike.de\/dresden\/de\/campusbike\/\" \/>\n<meta property=\"og:locale\" content=\"de_DE\" \/>\n<meta property=\"og:type\" content=\"article\" \/>\n<meta property=\"og:title\" content=\"CAMPUSbike - MOBIbike Dresden\" \/>\n<meta property=\"og:description\" content=\"[vc_row][vc_column][vc_column_text] Bei unseren kooperierenden Institutionen radelt ihr g\u00fcnstiger mit den gelben MOBIbikes &nbsp; REGISTRIERUNG Registriere dich mit deinem Namen und deiner Telefonnummer. Eine Tarif- oder Partnerwahl triffst du zun\u00e4chst nicht. Klicke auf &#8222;zahlungspflichtig bestellen&#8220;.*[\/vc_column_text][\/vc_column][\/vc_row][vc_section css=&#8220;.vc_custom_1673273830390{margin-top: -100px !important;}&#8220;][vc_row css=&#8220;.vc_custom_1673273876259{margin-top: -100px !important;}&#8220;][vc_column width=&#8220;1\/3&#8243; css=&#8220;.vc_custom_1672931210909{padding-top: 40px !important;}&#8220;][vc_single_image image=&#8220;143&#8243; img_size=&#8220;full&#8220;][\/vc_column][vc_column width=&#8220;2\/3&#8243;][vc_tta_accordion section_title_tag=&#8220;h3&#8243; active_section=&#8220;0&#8243; collapsible_all=&#8220;true&#8220;][vc_tta_section title=&#8220;Evangelische Hochschule Dresden (ehs)&#8220; tab_id=&#8220;1692691883969-5c970f94-c031&#8243;][vc_column_text [&hellip;]\" \/>\n<meta property=\"og:url\" content=\"https:\/\/www.nextbike.de\/dresden\/de\/campusbike\/\" \/>\n<meta property=\"og:site_name\" content=\"MOBIbike Dresden\" \/>\n<meta property=\"article:modified_time\" content=\"2025-05-26T11:42:55+00:00\" \/>\n<meta property=\"og:image\" content=\"https:\/\/www.nextbike.de\/dresden\/wp-content\/uploads\/sites\/44\/2023\/01\/icon_website_university_mobibike.svg\" \/>\n<meta name=\"twitter:card\" content=\"summary_large_image\" \/>\n<meta name=\"twitter:label1\" content=\"Gesch\u00e4tzte Lesezeit\" \/>\n\t<meta name=\"twitter:data1\" content=\"7\u00a0Minuten\" \/>\n<script type=\"application\/ld+json\" class=\"yoast-schema-graph\">{\"@context\":\"https:\/\/schema.org\",\"@graph\":[{\"@type\":\"WebPage\",\"@id\":\"https:\/\/www.nextbike.de\/dresden\/de\/campusbike\/\",\"url\":\"https:\/\/www.nextbike.de\/dresden\/de\/campusbike\/\",\"name\":\"CAMPUSbike - MOBIbike Dresden\",\"isPartOf\":{\"@id\":\"https:\/\/www.nextbike.de\/dresden\/de\/#website\"},\"primaryImageOfPage\":{\"@id\":\"https:\/\/www.nextbike.de\/dresden\/de\/campusbike\/#primaryimage\"},\"image\":{\"@id\":\"https:\/\/www.nextbike.de\/dresden\/de\/campusbike\/#primaryimage\"},\"thumbnailUrl\":\"https:\/\/www.nextbike.de\/dresden\/wp-content\/uploads\/sites\/44\/2023\/01\/icon_website_university_mobibike.svg\",\"datePublished\":\"2023-01-05T14:49:44+00:00\",\"dateModified\":\"2025-05-26T11:42:55+00:00\",\"breadcrumb\":{\"@id\":\"https:\/\/www.nextbike.de\/dresden\/de\/campusbike\/#breadcrumb\"},\"inLanguage\":\"de\",\"potentialAction\":[{\"@type\":\"ReadAction\",\"target\":[\"https:\/\/www.nextbike.de\/dresden\/de\/campusbike\/\"]}]},{\"@type\":\"ImageObject\",\"inLanguage\":\"de\",\"@id\":\"https:\/\/www.nextbike.de\/dresden\/de\/campusbike\/#primaryimage\",\"url\":\"https:\/\/www.nextbike.de\/dresden\/wp-content\/uploads\/sites\/44\/2023\/01\/icon_website_university_mobibike.svg\",\"contentUrl\":\"https:\/\/www.nextbike.de\/dresden\/wp-content\/uploads\/sites\/44\/2023\/01\/icon_website_university_mobibike.svg\"},{\"@type\":\"BreadcrumbList\",\"@id\":\"https:\/\/www.nextbike.de\/dresden\/de\/campusbike\/#breadcrumb\",\"itemListElement\":[{\"@type\":\"ListItem\",\"position\":1,\"name\":\"Startseite\",\"item\":\"https:\/\/www.nextbike.de\/dresden\/de\/\"},{\"@type\":\"ListItem\",\"position\":2,\"name\":\"CAMPUSbike\"}]},{\"@type\":\"WebSite\",\"@id\":\"https:\/\/www.nextbike.de\/dresden\/de\/#website\",\"url\":\"https:\/\/www.nextbike.de\/dresden\/de\/\",\"name\":\"MOBIbike Dresden\",\"description\":\"Easy bike rental in Dresden.\",\"potentialAction\":[{\"@type\":\"SearchAction\",\"target\":{\"@type\":\"EntryPoint\",\"urlTemplate\":\"https:\/\/www.nextbike.de\/dresden\/de\/?s={search_term_string}\"},\"query-input\":{\"@type\":\"PropertyValueSpecification\",\"valueRequired\":true,\"valueName\":\"search_term_string\"}}],\"inLanguage\":\"de\"}]}<\/script>\n<!-- \/ Yoast SEO plugin. -->","yoast_head_json":{"title":"CAMPUSbike - MOBIbike Dresden","robots":{"index":"index","follow":"follow","max-snippet":"max-snippet:-1","max-image-preview":"max-image-preview:large","max-video-preview":"max-video-preview:-1"},"canonical":"https:\/\/www.nextbike.de\/dresden\/de\/campusbike\/","og_locale":"de_DE","og_type":"article","og_title":"CAMPUSbike - MOBIbike Dresden","og_description":"[vc_row][vc_column][vc_column_text] Bei unseren kooperierenden Institutionen radelt ihr g\u00fcnstiger mit den gelben MOBIbikes &nbsp; REGISTRIERUNG Registriere dich mit deinem Namen und deiner Telefonnummer. Eine Tarif- oder Partnerwahl triffst du zun\u00e4chst nicht. Klicke auf &#8222;zahlungspflichtig bestellen&#8220;.*[\/vc_column_text][\/vc_column][\/vc_row][vc_section css=&#8220;.vc_custom_1673273830390{margin-top: -100px !important;}&#8220;][vc_row css=&#8220;.vc_custom_1673273876259{margin-top: -100px !important;}&#8220;][vc_column width=&#8220;1\/3&#8243; css=&#8220;.vc_custom_1672931210909{padding-top: 40px !important;}&#8220;][vc_single_image image=&#8220;143&#8243; img_size=&#8220;full&#8220;][\/vc_column][vc_column width=&#8220;2\/3&#8243;][vc_tta_accordion section_title_tag=&#8220;h3&#8243; active_section=&#8220;0&#8243; collapsible_all=&#8220;true&#8220;][vc_tta_section title=&#8220;Evangelische Hochschule Dresden (ehs)&#8220; tab_id=&#8220;1692691883969-5c970f94-c031&#8243;][vc_column_text [&hellip;]","og_url":"https:\/\/www.nextbike.de\/dresden\/de\/campusbike\/","og_site_name":"MOBIbike Dresden","article_modified_time":"2025-05-26T11:42:55+00:00","og_image":[{"url":"https:\/\/www.nextbike.de\/dresden\/wp-content\/uploads\/sites\/44\/2023\/01\/icon_website_university_mobibike.svg","type":"","width":"","height":""}],"twitter_card":"summary_large_image","twitter_misc":{"Gesch\u00e4tzte Lesezeit":"7\u00a0Minuten"},"schema":{"@context":"https:\/\/schema.org","@graph":[{"@type":"WebPage","@id":"https:\/\/www.nextbike.de\/dresden\/de\/campusbike\/","url":"https:\/\/www.nextbike.de\/dresden\/de\/campusbike\/","name":"CAMPUSbike - MOBIbike Dresden","isPartOf":{"@id":"https:\/\/www.nextbike.de\/dresden\/de\/#website"},"primaryImageOfPage":{"@id":"https:\/\/www.nextbike.de\/dresden\/de\/campusbike\/#primaryimage"},"image":{"@id":"https:\/\/www.nextbike.de\/dresden\/de\/campusbike\/#primaryimage"},"thumbnailUrl":"https:\/\/www.nextbike.de\/dresden\/wp-content\/uploads\/sites\/44\/2023\/01\/icon_website_university_mobibike.svg","datePublished":"2023-01-05T14:49:44+00:00","dateModified":"2025-05-26T11:42:55+00:00","breadcrumb":{"@id":"https:\/\/www.nextbike.de\/dresden\/de\/campusbike\/#breadcrumb"},"inLanguage":"de","potentialAction":[{"@type":"ReadAction","target":["https:\/\/www.nextbike.de\/dresden\/de\/campusbike\/"]}]},{"@type":"ImageObject","inLanguage":"de","@id":"https:\/\/www.nextbike.de\/dresden\/de\/campusbike\/#primaryimage","url":"https:\/\/www.nextbike.de\/dresden\/wp-content\/uploads\/sites\/44\/2023\/01\/icon_website_university_mobibike.svg","contentUrl":"https:\/\/www.nextbike.de\/dresden\/wp-content\/uploads\/sites\/44\/2023\/01\/icon_website_university_mobibike.svg"},{"@type":"BreadcrumbList","@id":"https:\/\/www.nextbike.de\/dresden\/de\/campusbike\/#breadcrumb","itemListElement":[{"@type":"ListItem","position":1,"name":"Startseite","item":"https:\/\/www.nextbike.de\/dresden\/de\/"},{"@type":"ListItem","position":2,"name":"CAMPUSbike"}]},{"@type":"WebSite","@id":"https:\/\/www.nextbike.de\/dresden\/de\/#website","url":"https:\/\/www.nextbike.de\/dresden\/de\/","name":"MOBIbike Dresden","description":"Easy bike rental in Dresden.","potentialAction":[{"@type":"SearchAction","target":{"@type":"EntryPoint","urlTemplate":"https:\/\/www.nextbike.de\/dresden\/de\/?s={search_term_string}"},"query-input":{"@type":"PropertyValueSpecification","valueRequired":true,"valueName":"search_term_string"}}],"inLanguage":"de"}]}},"_links":{"self":[{"href":"https:\/\/www.nextbike.de\/dresden\/de\/wp-json\/wp\/v2\/pages\/159","targetHints":{"allow":["GET"]}}],"collection":[{"href":"https:\/\/www.nextbike.de\/dresden\/de\/wp-json\/wp\/v2\/pages"}],"about":[{"href":"https:\/\/www.nextbike.de\/dresden\/de\/wp-json\/wp\/v2\/types\/page"}],"author":[{"embeddable":true,"href":"https:\/\/www.nextbike.de\/dresden\/de\/wp-json\/wp\/v2\/users\/13"}],"replies":[{"embeddable":true,"href":"https:\/\/www.nextbike.de\/dresden\/de\/wp-json\/wp\/v2\/comments?post=159"}],"version-history":[{"count":11,"href":"https:\/\/www.nextbike.de\/dresden\/de\/wp-json\/wp\/v2\/pages\/159\/revisions"}],"predecessor-version":[{"id":364,"href":"https:\/\/www.nextbike.de\/dresden\/de\/wp-json\/wp\/v2\/pages\/159\/revisions\/364"}],"wp:attachment":[{"href":"https:\/\/www.nextbike.de\/dresden\/de\/wp-json\/wp\/v2\/media?parent=159"}],"curies":[{"name":"wp","href":"https:\/\/api.w.org\/{rel}","templated":true}]}}