{"id":840,"date":"2026-03-26T16:44:49","date_gmt":"2026-03-26T15:44:49","guid":{"rendered":"https:\/\/www.nextbike.de\/?page_id=840"},"modified":"2026-03-26T16:47:44","modified_gmt":"2026-03-26T15:47:44","slug":"barrierefreiheit","status":"publish","type":"page","link":"https:\/\/www.nextbike.de\/de\/barrierefreiheit\/","title":{"rendered":"Erkl\u00e4rung zur Barrierefreiheit"},"content":{"rendered":"<div class=\"wpb-content-wrapper\"><p>[vc_row][vc_column][vc_column_text css=&#8220;&#8220;]<\/p>\n<h1>Erkl\u00e4rung zur Barrierefreiheit<\/h1>\n<h2>Verpflichtung zur Barrierefreiheit<\/h2>\n<p>Wir verpflichten uns, unsere Website f\u00fcr alle Nutzer zug\u00e4nglich zu machen, unabh\u00e4ngig von ihren F\u00e4higkeiten oder der verwendeten Technologie. Wir arbeiten kontinuierlich daran, die Benutzerfreundlichkeit und Barrierefreiheit unserer digitalen Dienste zu verbessern.<\/p>\n<h2>Konformit\u00e4tsstatus<\/h2>\n<p>Diese Website ist bestrebt, die Anforderungen der <b>Richtlinien f\u00fcr barrierefreie Webinhalte (WCAG) 2.1, Stufe AA<\/b> sowie die geltenden nationalen Vorschriften zur Barrierefreiheit zu erf\u00fcllen.<\/p>\n<p>Wir bem\u00fchen uns sicherzustellen, dass unsere Inhalte:<\/p>\n<ul>\n<li>Wahrnehmbar<\/li>\n<li>Bedienbar<\/li>\n<li>Verst\u00e4ndlich<\/li>\n<li>Robust<\/li>\n<\/ul>\n<h2>Ma\u00dfnahmen zur Unterst\u00fctzung der Barrierefreiheit<\/h2>\n<p>Wir ergreifen folgende Ma\u00dfnahmen, um die Barrierefreiheit zu gew\u00e4hrleisten:<\/p>\n<ul>\n<li>Kontinuierliche \u00dcberpr\u00fcfung und Verbesserung unserer Website<\/li>\n<li>Anwendung barrierefreier Design- und Entwicklungsstandards<\/li>\n<li>Regelm\u00e4\u00dfige Tests mit assistiven Technologien<\/li>\n<\/ul>\n<h2>Nicht barrierefreie Inhalte<\/h2>\n<p>Obwohl wir eine vollst\u00e4ndige Barrierefreiheit anstreben, sind einige Teile dieser Website m\u00f6glicherweise noch nicht vollst\u00e4ndig barrierefrei. Wir arbeiten aktiv daran, diese Probleme zu beheben.<\/p>\n<p>Die folgenden Inhalte sind derzeit nicht vollst\u00e4ndig barrierefrei:<\/p>\n<p><strong>Designelement \u201eBlasen\u201c<br \/>\n<\/strong>Grund: Hellblaue Blasen erf\u00fcllen die Kontrastanforderungen nicht<br \/>\nGeplante Behebung: keine. Diese Elemente beeintr\u00e4chtigen die Lesbarkeit der Website nicht<\/p>\n<p><strong>Fehlende Alt-Texte f\u00fcr Bilder<br \/>\n<\/strong>Grund: Bei Start der Website nicht erforderlich<br \/>\nGeplante Behebung: 2026<\/p>\n<h2>Feedback und Kontakt<\/h2>\n<p>Sollten Sie auf Barrieren bei der Barrierefreiheit sto\u00dfen oder Verbesserungsvorschl\u00e4ge haben, kontaktieren Sie uns bitte:<\/p>\n<p>E-Mail: <a href=\"mailto:kundenservice@nextbike.de\">kundenservice@nextbike.de<\/a><\/p>\n<p>Wir werden Ihre Anfrage so schnell wie m\u00f6glich beantworten.<\/p>\n<h2>Datum der Erkl\u00e4rung<\/h2>\n<p>Diese Erkl\u00e4rung wurde zuletzt aktualisiert am: 26. M\u00e4rz 2026[\/vc_column_text][\/vc_column][\/vc_row]<\/p>\n<\/div>","protected":false},"excerpt":{"rendered":"<p>[vc_row][vc_column][vc_column_text css=&#8220;&#8220;] Erkl\u00e4rung zur Barrierefreiheit Verpflichtung zur Barrierefreiheit Wir verpflichten uns, unsere Website f\u00fcr alle Nutzer zug\u00e4nglich zu machen, unabh\u00e4ngig von ihren F\u00e4higkeiten oder der verwendeten Technologie. Wir arbeiten kontinuierlich daran, die Benutzerfreundlichkeit und Barrierefreiheit unserer digitalen Dienste zu verbessern. Konformit\u00e4tsstatus Diese Website ist bestrebt, die Anforderungen der Richtlinien f\u00fcr barrierefreie Webinhalte (WCAG) 2.1, Stufe [&hellip;]<\/p>\n","protected":false},"author":13,"featured_media":0,"parent":0,"menu_order":0,"comment_status":"closed","ping_status":"closed","template":"page-bubble.php","meta":{"_acf_changed":false,"inline_featured_image":false,"footnotes":""},"class_list":["post-840","page","type-page","status-publish","hentry"],"acf":[],"yoast_head":"<!-- This site is optimized with the Yoast SEO plugin v27.2 - https:\/\/yoast.com\/product\/yoast-seo-wordpress\/ -->\n<title>Erkl\u00e4rung zur Barrierefreiheit - nextbike.de<\/title>\n<meta name=\"description\" content=\"Wir verpflichten uns, unsere Website f\u00fcr alle Nutzer*innen zug\u00e4nglich zu machen und arbeiten kontinuierlich daran, die Barrierefreiheit zu verbessern.\" \/>\n<meta name=\"robots\" content=\"index, follow, max-snippet:-1, max-image-preview:large, max-video-preview:-1\" \/>\n<link rel=\"canonical\" href=\"https:\/\/www.nextbike.de\/de\/barrierefreiheit\/\" \/>\n<meta property=\"og:locale\" content=\"de_DE\" \/>\n<meta property=\"og:type\" content=\"article\" \/>\n<meta property=\"og:title\" content=\"Erkl\u00e4rung zur Barrierefreiheit - nextbike.de\" \/>\n<meta property=\"og:description\" content=\"Wir verpflichten uns, unsere Website f\u00fcr alle Nutzer*innen zug\u00e4nglich zu machen und arbeiten kontinuierlich daran, die Barrierefreiheit zu verbessern.\" \/>\n<meta property=\"og:url\" content=\"https:\/\/www.nextbike.de\/de\/barrierefreiheit\/\" \/>\n<meta property=\"og:site_name\" content=\"nextbike.de\" \/>\n<meta property=\"article:modified_time\" content=\"2026-03-26T15:47:44+00:00\" \/>\n<meta name=\"twitter:card\" content=\"summary_large_image\" \/>\n<meta name=\"twitter:label1\" content=\"Gesch\u00e4tzte Lesezeit\" \/>\n\t<meta name=\"twitter:data1\" content=\"1\u00a0Minute\" \/>\n<script type=\"application\/ld+json\" class=\"yoast-schema-graph\">{\"@context\":\"https:\/\/schema.org\",\"@graph\":[{\"@type\":\"WebPage\",\"@id\":\"https:\/\/www.nextbike.de\/de\/barrierefreiheit\/\",\"url\":\"https:\/\/www.nextbike.de\/de\/barrierefreiheit\/\",\"name\":\"Erkl\u00e4rung zur Barrierefreiheit - nextbike.de\",\"isPartOf\":{\"@id\":\"https:\/\/www.nextbike.de\/de\/#website\"},\"datePublished\":\"2026-03-26T15:44:49+00:00\",\"dateModified\":\"2026-03-26T15:47:44+00:00\",\"description\":\"Wir verpflichten uns, unsere Website f\u00fcr alle Nutzer*innen zug\u00e4nglich zu machen und arbeiten kontinuierlich daran, die Barrierefreiheit zu verbessern.\",\"breadcrumb\":{\"@id\":\"https:\/\/www.nextbike.de\/de\/barrierefreiheit\/#breadcrumb\"},\"inLanguage\":\"de\",\"potentialAction\":[{\"@type\":\"ReadAction\",\"target\":[\"https:\/\/www.nextbike.de\/de\/barrierefreiheit\/\"]}]},{\"@type\":\"BreadcrumbList\",\"@id\":\"https:\/\/www.nextbike.de\/de\/barrierefreiheit\/#breadcrumb\",\"itemListElement\":[{\"@type\":\"ListItem\",\"position\":1,\"name\":\"Startseite\",\"item\":\"https:\/\/www.nextbike.de\/de\/\"},{\"@type\":\"ListItem\",\"position\":2,\"name\":\"Erkl\u00e4rung zur Barrierefreiheit\"}]},{\"@type\":\"WebSite\",\"@id\":\"https:\/\/www.nextbike.de\/de\/#website\",\"url\":\"https:\/\/www.nextbike.de\/de\/\",\"name\":\"nextbike.de\",\"description\":\"nextbike\",\"potentialAction\":[{\"@type\":\"SearchAction\",\"target\":{\"@type\":\"EntryPoint\",\"urlTemplate\":\"https:\/\/www.nextbike.de\/de\/?s={search_term_string}\"},\"query-input\":{\"@type\":\"PropertyValueSpecification\",\"valueRequired\":true,\"valueName\":\"search_term_string\"}}],\"inLanguage\":\"de\"}]}<\/script>\n<!-- \/ Yoast SEO plugin. -->","yoast_head_json":{"title":"Erkl\u00e4rung zur Barrierefreiheit - nextbike.de","description":"Wir verpflichten uns, unsere Website f\u00fcr alle Nutzer*innen zug\u00e4nglich zu machen und arbeiten kontinuierlich daran, die Barrierefreiheit zu verbessern.","robots":{"index":"index","follow":"follow","max-snippet":"max-snippet:-1","max-image-preview":"max-image-preview:large","max-video-preview":"max-video-preview:-1"},"canonical":"https:\/\/www.nextbike.de\/de\/barrierefreiheit\/","og_locale":"de_DE","og_type":"article","og_title":"Erkl\u00e4rung zur Barrierefreiheit - nextbike.de","og_description":"Wir verpflichten uns, unsere Website f\u00fcr alle Nutzer*innen zug\u00e4nglich zu machen und arbeiten kontinuierlich daran, die Barrierefreiheit zu verbessern.","og_url":"https:\/\/www.nextbike.de\/de\/barrierefreiheit\/","og_site_name":"nextbike.de","article_modified_time":"2026-03-26T15:47:44+00:00","twitter_card":"summary_large_image","twitter_misc":{"Gesch\u00e4tzte Lesezeit":"1\u00a0Minute"},"schema":{"@context":"https:\/\/schema.org","@graph":[{"@type":"WebPage","@id":"https:\/\/www.nextbike.de\/de\/barrierefreiheit\/","url":"https:\/\/www.nextbike.de\/de\/barrierefreiheit\/","name":"Erkl\u00e4rung zur Barrierefreiheit - nextbike.de","isPartOf":{"@id":"https:\/\/www.nextbike.de\/de\/#website"},"datePublished":"2026-03-26T15:44:49+00:00","dateModified":"2026-03-26T15:47:44+00:00","description":"Wir verpflichten uns, unsere Website f\u00fcr alle Nutzer*innen zug\u00e4nglich zu machen und arbeiten kontinuierlich daran, die Barrierefreiheit zu verbessern.","breadcrumb":{"@id":"https:\/\/www.nextbike.de\/de\/barrierefreiheit\/#breadcrumb"},"inLanguage":"de","potentialAction":[{"@type":"ReadAction","target":["https:\/\/www.nextbike.de\/de\/barrierefreiheit\/"]}]},{"@type":"BreadcrumbList","@id":"https:\/\/www.nextbike.de\/de\/barrierefreiheit\/#breadcrumb","itemListElement":[{"@type":"ListItem","position":1,"name":"Startseite","item":"https:\/\/www.nextbike.de\/de\/"},{"@type":"ListItem","position":2,"name":"Erkl\u00e4rung zur Barrierefreiheit"}]},{"@type":"WebSite","@id":"https:\/\/www.nextbike.de\/de\/#website","url":"https:\/\/www.nextbike.de\/de\/","name":"nextbike.de","description":"nextbike","potentialAction":[{"@type":"SearchAction","target":{"@type":"EntryPoint","urlTemplate":"https:\/\/www.nextbike.de\/de\/?s={search_term_string}"},"query-input":{"@type":"PropertyValueSpecification","valueRequired":true,"valueName":"search_term_string"}}],"inLanguage":"de"}]}},"_links":{"self":[{"href":"https:\/\/www.nextbike.de\/de\/wp-json\/wp\/v2\/pages\/840","targetHints":{"allow":["GET"]}}],"collection":[{"href":"https:\/\/www.nextbike.de\/de\/wp-json\/wp\/v2\/pages"}],"about":[{"href":"https:\/\/www.nextbike.de\/de\/wp-json\/wp\/v2\/types\/page"}],"author":[{"embeddable":true,"href":"https:\/\/www.nextbike.de\/de\/wp-json\/wp\/v2\/users\/13"}],"replies":[{"embeddable":true,"href":"https:\/\/www.nextbike.de\/de\/wp-json\/wp\/v2\/comments?post=840"}],"version-history":[{"count":1,"href":"https:\/\/www.nextbike.de\/de\/wp-json\/wp\/v2\/pages\/840\/revisions"}],"predecessor-version":[{"id":841,"href":"https:\/\/www.nextbike.de\/de\/wp-json\/wp\/v2\/pages\/840\/revisions\/841"}],"wp:attachment":[{"href":"https:\/\/www.nextbike.de\/de\/wp-json\/wp\/v2\/media?parent=840"}],"curies":[{"name":"wp","href":"https:\/\/api.w.org\/{rel}","templated":true}]}}