{"id":580,"date":"2025-08-15T09:14:21","date_gmt":"2025-08-15T07:14:21","guid":{"rendered":"https:\/\/www.nextbike.de\/?page_id=580"},"modified":"2026-03-31T16:08:06","modified_gmt":"2026-03-31T14:08:06","slug":"berlin-buch","status":"publish","type":"page","link":"https:\/\/www.nextbike.de\/de\/berlin-buch\/","title":{"rendered":"Berlin-Buch"},"content":{"rendered":"<div class=\"wpb-content-wrapper\"><p>[vc_row ppi_row_padding=&#8220;ppi_remove_padding_top,ppi_remove_padding_bottom&#8220;][vc_column css=&#8220;.vc_custom_1729856005527{padding-top: -30px !important;padding-bottom: -30px !important;}&#8220;][vc_empty_space height=&#8220;60px&#8220;][vc_column_text css=&#8220;.vc_custom_1757408896903{margin-top: -50px !important;}&#8220;]<\/p>\n<h1 style=\"text-align: center;\" data-pm-slice=\"1 1 []\">Campus Berlin-Buch<\/h1>\n<p style=\"text-align: center;\"><strong>Bikesharing in Berlin-Buch<\/strong><\/p>\n<p>[\/vc_column_text][\/vc_column][\/vc_row][vc_row][vc_column width=&#8220;1\/4&#8243;][\/vc_column][vc_column width=&#8220;1\/2&#8243;][vc_column_text css=&#8220;&#8220;]<\/p>\n<h3 style=\"text-align: center;\"><b>App downloaden und nextbike fahren!<\/b><\/h3>\n<p>[\/vc_column_text][vc_row_inner][vc_column_inner width=&#8220;1\/2&#8243; offset=&#8220;vc_col-xs-6&#8243;][vc_single_image image=&#8220;640&#8243; img_size=&#8220;full&#8220; alignment=&#8220;center&#8220; onclick=&#8220;custom_link&#8220; img_link_target=&#8220;_blank&#8220; css=&#8220;&#8220; link=&#8220;https:\/\/play.google.com\/store\/apps\/details?id=de.nextbike&#8220;][\/vc_column_inner][vc_column_inner width=&#8220;1\/2&#8243; offset=&#8220;vc_col-xs-6&#8243;][vc_single_image image=&#8220;642&#8243; img_size=&#8220;full&#8220; alignment=&#8220;center&#8220; onclick=&#8220;custom_link&#8220; img_link_target=&#8220;_blank&#8220; css=&#8220;&#8220; link=&#8220;https:\/\/apps.apple.com\/de\/app\/nextbike\/id504288371&#8243;][\/vc_column_inner][\/vc_row_inner][\/vc_column][vc_column width=&#8220;1\/4&#8243;][\/vc_column][\/vc_row][vc_row ppi_row_padding=&#8220;ppi_remove_padding_top,ppi_remove_padding_bottom&#8220; css=&#8220;.vc_custom_1757494320677{margin-bottom: -50px !important;}&#8220; el_id=&#8220;sogehts&#8220;][vc_column][vc_column_text css=&#8220;&#8220;]<\/p>\n<h3 style=\"text-align: center;\">So geht&#8217;s<\/h3>\n<p>[\/vc_column_text][\/vc_column][\/vc_row][vc_row ppi_row_padding=&#8220;ppi_remove_padding_top&#8220; equal_height=&#8220;yes&#8220; content_placement=&#8220;middle&#8220;][vc_column width=&#8220;1\/6&#8243;][\/vc_column][vc_column width=&#8220;2\/6&#8243; offset=&#8220;vc_hidden-xs&#8220;][vc_empty_space height=&#8220;100px&#8220;][vc_single_image image=&#8220;588&#8243; img_size=&#8220;medium&#8220; css=&#8220;&#8220;][\/vc_column][vc_column width=&#8220;2\/6&#8243;][vc_column_text css=&#8220;&#8220;]<\/p>\n<h3 class=\"h5\"><span style=\"color: #0021c7;\">REGISTRIERUNG<\/span><\/h3>\n<p>Die Registrierung ist kostenlos, lediglich zur Verifizierung deines Zahlungsmittels musst du ein Fahrtguthaben von 1 \u20ac hinterlegen, welches du sp\u00e4ter verfahren kannst.<\/p>\n<h3 class=\"h5\"><span style=\"color: #0021c7;\">AUSLEIHE<\/span><\/h3>\n<p>Leih dir ein nextbike in Berlin-Buch an einer der Stationen in Berlin-Buch. Scanne mit der nextbike App den QR-Code am Rad und das Rahmenschloss \u00f6ffnet sich automatisch.<\/p>\n<h3 class=\"h5\"><span style=\"color: #0021c7;\">FAHRTPAUSE<\/span><\/h3>\n<p>Fahrrad parken, ohne die Ausleihe zu beenden? Aktiviere dazu einfach den Fahrtpause-Modus in der App und schlie\u00dfe das Schloss.<\/p>\n<h3 class=\"h5\"><span style=\"color: #0021c7;\">R\u00dcCKGABE<\/span><\/h3>\n<p>Stelle das Fahrrad wieder an einer Station in Berlin-Buch ab und dr\u00fccke den kleinen Hebel am Rahmenschloss nach unten. Bei R\u00fcckgaben au\u00dferhalb der genannten Orte, z.B. in Berlin selbst, erheben wir eine Servicegeb\u00fchr i.H.v. 20 \u20ac.[\/vc_column_text][\/vc_column][vc_column width=&#8220;1\/6&#8243;][\/vc_column][\/vc_row][vc_row ppi_row_padding=&#8220;ppi_remove_padding_top,ppi_remove_padding_bottom&#8220;][vc_column width=&#8220;1\/6&#8243;][\/vc_column][vc_column width=&#8220;2\/3&#8243; offset=&#8220;vc_hidden-xs&#8220;][vc_column_text css=&#8220;.vc_custom_1757494397485{padding-bottom: 10px !important;}&#8220;]<\/p>\n<h3 style=\"text-align: center;\">Preise<\/h3>\n<p style=\"text-align: center;\"><span style=\"font-weight: 400;\">Allen nextbike-Kund*innen steht der nicht verg\u00fcnstigte Basistarif zur Verf\u00fcgung.<\/span><\/p>\n<p style=\"text-align: center;\"><span style=\"font-weight: 400;\">Alle Mitarbeiter*innen des Campus Berlin-Buch sowie des Helios-Klinikums Berlin-Buch (ausgenommen Charit\u00e9) genie\u00dfen 30 Freiminuten pro Ausleihe in Berlin-Buch. <\/span>Um die Vorteile nutzen zu k\u00f6nnen, einfach in der nextbike App unter \u201eWallet\u201c mit dem Partner \u201eCampus Berlin-Buch\u201c verkn\u00fcpfen, <span style=\"font-weight: 400;\">berufliche E-Mail-Adresse hinterlegen und Verifizierungslink per Email best\u00e4tigen.<\/span><\/p>\n<p style=\"text-align: center;\"><span style=\"font-weight: 400;\">Es k\u00f6nnen bis zu vier R\u00e4der gleichzeitig auf einen Account ausgeliehen werden, etwaige Verg\u00fcnstigungen gelten jedoch nur f\u00fcr das erste Rad.<\/span><\/p>\n<p>[\/vc_column_text][\/vc_column][vc_column width=&#8220;1\/6&#8243;][\/vc_column][\/vc_row][vc_row ppi_row_padding=&#8220;ppi_remove_padding_top&#8220; gap=&#8220;10&#8243;][vc_column width=&#8220;1\/3&#8243;][vc_pricing_table heading=&#8220;Basistarif&#8220; heading_font_container=&#8220;tag:h2|text_align:center&#8220; heading_use_theme_fonts=&#8220;yes&#8220; subheading=&#8220;f\u00fcr alle nextbike<br \/>\nKund*innen&#8220; subheading_font_container=&#8220;tag:h5|text_align:center|color:%230021C7&#8243; subheading_use_theme_fonts=&#8220;yes&#8220; currency=&#8220;\u20ac&#8220; price=&#8220;1,50&#8243; period=&#8220;\/ 15 min&#8220; markers_color=&#8220;#DDDD3300&#8243; add_button=&#8220;&#8220; css=&#8220;.vc_custom_1774966053822{background-color: #EBF7FF !important;}&#8220; use_custom_fonts_heading=&#8220;true&#8220; use_custom_fonts_subheading=&#8220;true&#8220;]Du zahlst max. 19 \u20ac\/24 h pro Ausleihe.<\/p>\n<p>Du f\u00e4hrst im Basistarif, wenn du keinen anderen Tarif im Wallet der nextbike App gebucht hast.[\/vc_pricing_table][\/vc_column][vc_column width=&#8220;1\/3&#8243;][vc_pricing_table heading=&#8220;Vorteilstarif&#8220; heading_font_container=&#8220;tag:h2|text_align:center&#8220; heading_use_theme_fonts=&#8220;yes&#8220; subheading=&#8220;f\u00fcr Mitarbeiter*innen des Campus Berlin-Buch &amp; Helios-Klinikums&#8220; subheading_font_container=&#8220;tag:h5|text_align:center|color:%230021C7&#8243; subheading_use_theme_fonts=&#8220;yes&#8220; currency=&#8220;\u20ac&#8220; price=&#8220;0&#8243; period=&#8220;\/ 30 min&#8220; markers_color=&#8220;#DDDD3300&#8243; add_button=&#8220;&#8220; css=&#8220;.vc_custom_1774966068697{background-color: #EBF7FF !important;}&#8220; use_custom_fonts_heading=&#8220;true&#8220; use_custom_fonts_subheading=&#8220;true&#8220;]Jede weiteren 30 min kosten 1 \u20ac.<br \/>\nDu zahlst max. 19 \u20ac\/24 h pro Ausleihe.<\/p>\n<p>Der Vorteilstarif gilt nur in Berlin-Buch. In anderen Systemen gilt der lokale Basistarif.[\/vc_pricing_table][\/vc_column][vc_column width=&#8220;1\/3&#8243;][vc_pricing_table heading=&#8220;Vorteils-<wbr \/>Monats-Abo&#8220; heading_font_container=&#8220;tag:h2|text_align:center&#8220; heading_use_theme_fonts=&#8220;yes&#8220; subheading=&#8220;f\u00fcr Mitarbeiter*innen des Campus Berlin-Buch &amp; Helios-Klinikums&#8220; subheading_font_container=&#8220;tag:h5|text_align:center|color:%230021C7&#8243; subheading_use_theme_fonts=&#8220;yes&#8220; currency=&#8220;\u20ac&#8220; price=&#8220;7&#8243; period=&#8220;\/ Monat&#8220; markers_color=&#8220;#DD3333&#8243; add_button=&#8220;&#8220; css=&#8220;.vc_custom_1774966085194{background-color: #EBF7FF !important;}&#8220; use_custom_fonts_heading=&#8220;true&#8220; use_custom_fonts_subheading=&#8220;true&#8220;]Die ersten 30 Minuten pro Ausleihe sind inklusive. F\u00fcr jede weitere halbe Stunde zahlst du 1 \u20ac (max. 19 \u20ac\/24 h).<\/p>\n<p>G\u00fcltig in allen deutschen St\u00e4dten au\u00dfer Oldenburg, Mainz, Konstanz, Usedom, N\u00fcrnberg und Bremen.[\/vc_pricing_table][\/vc_column][\/vc_row][vc_row ppi_row_padding=&#8220;ppi_remove_padding_top&#8220;][vc_column][vc_row_inner equal_height=&#8220;yes&#8220; content_placement=&#8220;middle&#8220; gap=&#8220;10&#8243;][vc_column_inner width=&#8220;1\/4&#8243;][\/vc_column_inner][vc_column_inner width=&#8220;1\/4&#8243;][vc_single_image image=&#8220;606&#8243; img_size=&#8220;full&#8220; alignment=&#8220;center&#8220; css=&#8220;&#8220;][\/vc_column_inner][vc_column_inner width=&#8220;1\/4&#8243;][vc_single_image image=&#8220;625&#8243; img_size=&#8220;full&#8220; alignment=&#8220;center&#8220; css=&#8220;&#8220;][\/vc_column_inner][vc_column_inner width=&#8220;1\/4&#8243;][\/vc_column_inner][\/vc_row_inner][\/vc_column][\/vc_row]<\/p>\n<\/div>","protected":false},"excerpt":{"rendered":"<p>[vc_row ppi_row_padding=&#8220;ppi_remove_padding_top,ppi_remove_padding_bottom&#8220;][vc_column css=&#8220;.vc_custom_1729856005527{padding-top: -30px !important;padding-bottom: -30px !important;}&#8220;][vc_empty_space height=&#8220;60px&#8220;][vc_column_text css=&#8220;.vc_custom_1757408896903{margin-top: -50px !important;}&#8220;] Campus Berlin-Buch Bikesharing in Berlin-Buch [\/vc_column_text][\/vc_column][\/vc_row][vc_row][vc_column width=&#8220;1\/4&#8243;][\/vc_column][vc_column width=&#8220;1\/2&#8243;][vc_column_text css=&#8220;&#8220;] App downloaden und nextbike fahren! [\/vc_column_text][vc_row_inner][vc_column_inner width=&#8220;1\/2&#8243; offset=&#8220;vc_col-xs-6&#8243;][vc_single_image image=&#8220;640&#8243; img_size=&#8220;full&#8220; alignment=&#8220;center&#8220; onclick=&#8220;custom_link&#8220; img_link_target=&#8220;_blank&#8220; css=&#8220;&#8220; link=&#8220;https:\/\/play.google.com\/store\/apps\/details?id=de.nextbike&#8220;][\/vc_column_inner][vc_column_inner width=&#8220;1\/2&#8243; offset=&#8220;vc_col-xs-6&#8243;][vc_single_image image=&#8220;642&#8243; img_size=&#8220;full&#8220; alignment=&#8220;center&#8220; onclick=&#8220;custom_link&#8220; img_link_target=&#8220;_blank&#8220; css=&#8220;&#8220; link=&#8220;https:\/\/apps.apple.com\/de\/app\/nextbike\/id504288371&#8243;][\/vc_column_inner][\/vc_row_inner][\/vc_column][vc_column width=&#8220;1\/4&#8243;][\/vc_column][\/vc_row][vc_row ppi_row_padding=&#8220;ppi_remove_padding_top,ppi_remove_padding_bottom&#8220; css=&#8220;.vc_custom_1757494320677{margin-bottom: -50px !important;}&#8220; el_id=&#8220;sogehts&#8220;][vc_column][vc_column_text css=&#8220;&#8220;] So geht&#8217;s [\/vc_column_text][\/vc_column][\/vc_row][vc_row ppi_row_padding=&#8220;ppi_remove_padding_top&#8220; [&hellip;]<\/p>\n","protected":false},"author":13,"featured_media":0,"parent":0,"menu_order":0,"comment_status":"closed","ping_status":"closed","template":"page-bubble.php","meta":{"_acf_changed":false,"inline_featured_image":false,"footnotes":""},"class_list":["post-580","page","type-page","status-publish","hentry"],"acf":[],"yoast_head":"<!-- This site is optimized with the Yoast SEO plugin v27.2 - https:\/\/yoast.com\/product\/yoast-seo-wordpress\/ -->\n<title>nextbike Campus Berlin-Buch<\/title>\n<meta name=\"description\" content=\"Mitarbeiter*innen des Campus Berlin-Buch und des Helios-Klinikums Berlin-Buch genie\u00dfen 30 Freiminuten pro Ausleihe in Berlin-Buch.\" \/>\n<meta name=\"robots\" content=\"index, follow, max-snippet:-1, max-image-preview:large, max-video-preview:-1\" \/>\n<link rel=\"canonical\" href=\"https:\/\/www.nextbike.de\/de\/berlin-buch\/\" \/>\n<meta property=\"og:locale\" content=\"de_DE\" \/>\n<meta property=\"og:type\" content=\"article\" \/>\n<meta property=\"og:title\" content=\"nextbike Campus Berlin-Buch\" \/>\n<meta property=\"og:description\" content=\"Mitarbeiter*innen des Campus Berlin-Buch und des Helios-Klinikums Berlin-Buch genie\u00dfen 30 Freiminuten pro Ausleihe in Berlin-Buch.\" \/>\n<meta property=\"og:url\" content=\"https:\/\/www.nextbike.de\/de\/berlin-buch\/\" \/>\n<meta property=\"og:site_name\" content=\"nextbike.de\" \/>\n<meta property=\"article:modified_time\" content=\"2026-03-31T14:08:06+00:00\" \/>\n<meta name=\"twitter:card\" content=\"summary_large_image\" \/>\n<script type=\"application\/ld+json\" class=\"yoast-schema-graph\">{\"@context\":\"https:\/\/schema.org\",\"@graph\":[{\"@type\":\"WebPage\",\"@id\":\"https:\/\/www.nextbike.de\/de\/berlin-buch\/\",\"url\":\"https:\/\/www.nextbike.de\/de\/berlin-buch\/\",\"name\":\"nextbike Campus Berlin-Buch\",\"isPartOf\":{\"@id\":\"https:\/\/www.nextbike.de\/de\/#website\"},\"datePublished\":\"2025-08-15T07:14:21+00:00\",\"dateModified\":\"2026-03-31T14:08:06+00:00\",\"description\":\"Mitarbeiter*innen des Campus Berlin-Buch und des Helios-Klinikums Berlin-Buch genie\u00dfen 30 Freiminuten pro Ausleihe in Berlin-Buch.\",\"breadcrumb\":{\"@id\":\"https:\/\/www.nextbike.de\/de\/berlin-buch\/#breadcrumb\"},\"inLanguage\":\"de\",\"potentialAction\":[{\"@type\":\"ReadAction\",\"target\":[\"https:\/\/www.nextbike.de\/de\/berlin-buch\/\"]}]},{\"@type\":\"BreadcrumbList\",\"@id\":\"https:\/\/www.nextbike.de\/de\/berlin-buch\/#breadcrumb\",\"itemListElement\":[{\"@type\":\"ListItem\",\"position\":1,\"name\":\"Startseite\",\"item\":\"https:\/\/www.nextbike.de\/de\/\"},{\"@type\":\"ListItem\",\"position\":2,\"name\":\"Berlin-Buch\"}]},{\"@type\":\"WebSite\",\"@id\":\"https:\/\/www.nextbike.de\/de\/#website\",\"url\":\"https:\/\/www.nextbike.de\/de\/\",\"name\":\"nextbike.de\",\"description\":\"nextbike\",\"potentialAction\":[{\"@type\":\"SearchAction\",\"target\":{\"@type\":\"EntryPoint\",\"urlTemplate\":\"https:\/\/www.nextbike.de\/de\/?s={search_term_string}\"},\"query-input\":{\"@type\":\"PropertyValueSpecification\",\"valueRequired\":true,\"valueName\":\"search_term_string\"}}],\"inLanguage\":\"de\"}]}<\/script>\n<!-- \/ Yoast SEO plugin. -->","yoast_head_json":{"title":"nextbike Campus Berlin-Buch","description":"Mitarbeiter*innen des Campus Berlin-Buch und des Helios-Klinikums Berlin-Buch genie\u00dfen 30 Freiminuten pro Ausleihe in Berlin-Buch.","robots":{"index":"index","follow":"follow","max-snippet":"max-snippet:-1","max-image-preview":"max-image-preview:large","max-video-preview":"max-video-preview:-1"},"canonical":"https:\/\/www.nextbike.de\/de\/berlin-buch\/","og_locale":"de_DE","og_type":"article","og_title":"nextbike Campus Berlin-Buch","og_description":"Mitarbeiter*innen des Campus Berlin-Buch und des Helios-Klinikums Berlin-Buch genie\u00dfen 30 Freiminuten pro Ausleihe in Berlin-Buch.","og_url":"https:\/\/www.nextbike.de\/de\/berlin-buch\/","og_site_name":"nextbike.de","article_modified_time":"2026-03-31T14:08:06+00:00","twitter_card":"summary_large_image","schema":{"@context":"https:\/\/schema.org","@graph":[{"@type":"WebPage","@id":"https:\/\/www.nextbike.de\/de\/berlin-buch\/","url":"https:\/\/www.nextbike.de\/de\/berlin-buch\/","name":"nextbike Campus Berlin-Buch","isPartOf":{"@id":"https:\/\/www.nextbike.de\/de\/#website"},"datePublished":"2025-08-15T07:14:21+00:00","dateModified":"2026-03-31T14:08:06+00:00","description":"Mitarbeiter*innen des Campus Berlin-Buch und des Helios-Klinikums Berlin-Buch genie\u00dfen 30 Freiminuten pro Ausleihe in Berlin-Buch.","breadcrumb":{"@id":"https:\/\/www.nextbike.de\/de\/berlin-buch\/#breadcrumb"},"inLanguage":"de","potentialAction":[{"@type":"ReadAction","target":["https:\/\/www.nextbike.de\/de\/berlin-buch\/"]}]},{"@type":"BreadcrumbList","@id":"https:\/\/www.nextbike.de\/de\/berlin-buch\/#breadcrumb","itemListElement":[{"@type":"ListItem","position":1,"name":"Startseite","item":"https:\/\/www.nextbike.de\/de\/"},{"@type":"ListItem","position":2,"name":"Berlin-Buch"}]},{"@type":"WebSite","@id":"https:\/\/www.nextbike.de\/de\/#website","url":"https:\/\/www.nextbike.de\/de\/","name":"nextbike.de","description":"nextbike","potentialAction":[{"@type":"SearchAction","target":{"@type":"EntryPoint","urlTemplate":"https:\/\/www.nextbike.de\/de\/?s={search_term_string}"},"query-input":{"@type":"PropertyValueSpecification","valueRequired":true,"valueName":"search_term_string"}}],"inLanguage":"de"}]}},"_links":{"self":[{"href":"https:\/\/www.nextbike.de\/de\/wp-json\/wp\/v2\/pages\/580","targetHints":{"allow":["GET"]}}],"collection":[{"href":"https:\/\/www.nextbike.de\/de\/wp-json\/wp\/v2\/pages"}],"about":[{"href":"https:\/\/www.nextbike.de\/de\/wp-json\/wp\/v2\/types\/page"}],"author":[{"embeddable":true,"href":"https:\/\/www.nextbike.de\/de\/wp-json\/wp\/v2\/users\/13"}],"replies":[{"embeddable":true,"href":"https:\/\/www.nextbike.de\/de\/wp-json\/wp\/v2\/comments?post=580"}],"version-history":[{"count":55,"href":"https:\/\/www.nextbike.de\/de\/wp-json\/wp\/v2\/pages\/580\/revisions"}],"predecessor-version":[{"id":844,"href":"https:\/\/www.nextbike.de\/de\/wp-json\/wp\/v2\/pages\/580\/revisions\/844"}],"wp:attachment":[{"href":"https:\/\/www.nextbike.de\/de\/wp-json\/wp\/v2\/media?parent=580"}],"curies":[{"name":"wp","href":"https:\/\/api.w.org\/{rel}","templated":true}]}}