{"id":431,"date":"2024-10-16T13:21:47","date_gmt":"2024-10-16T11:21:47","guid":{"rendered":"https:\/\/www.nextbike.de\/?page_id=431"},"modified":"2024-12-20T10:33:56","modified_gmt":"2024-12-20T09:33:56","slug":"emw-leipzig-2024","status":"publish","type":"page","link":"https:\/\/www.nextbike.de\/de\/emw-leipzig-2024\/","title":{"rendered":"EMW Leipzig 2024"},"content":{"rendered":"<div class=\"wpb-content-wrapper\"><p>[vc_row ppi_row_padding=&#8220;ppi_remove_padding_bottom&#8220; equal_height=&#8220;yes&#8220; content_placement=&#8220;middle&#8220;][vc_column width=&#8220;1\/2&#8243; css=&#8220;.vc_custom_1726583333891{border-right-width: -15px !important;border-bottom-width: -20px !important;padding-right: 30px !important;padding-bottom: 35px !important;}&#8220;][vc_column_text css=&#8220;&#8220;]<\/p>\n<h3><b>Dein Kunstwerk auf zwei R\u00e4dern &#8211; <\/b><b><span style=\"color: #ff0000;\">jetzt <\/span>auf den Stra\u00dfen von Leipzig!<\/b><\/h3>\n<p>&nbsp;<\/p>\n<p><span style=\"font-weight: 400;\">Zur Europ\u00e4ischen Mobilit\u00e4tswoche blieb der Leipziger Ring am 22.09. autofrei. Stattdessen gab es jede Menge Raum f\u00fcr Rad- und Fu\u00dfverkehr und eure kreativen Ideen!\u00a0<\/span><\/p>\n<p>&nbsp;<\/p>\n<p><span style=\"font-weight: 400;\">An unserem Aktionsstand haben wir mit eurer Unterst\u00fctzung das diesj\u00e4hrige Motto \u201cShared Public Space\u201d lebendig gemacht. Ihr habt euch mit Spr\u00fchfarben und Schablonen ausgetobt und 16 unserer nextbikes umgestaltet! Dabei gab es professionelle Unterst\u00fctzung durch den Graffiti-K\u00fcnstler und Workshopleiter <\/span><a href=\"https:\/\/www.instagram.com\/sebastianmagnus\/?hl=de\"><span style=\"font-weight: 400;\">Sebastian Magnus<\/span><\/a><span style=\"font-weight: 400;\">. Die Fahrradrahmen waren mittlerweile in unserer Werkstatt und wurden wieder zu ganzen R\u00e4dern zusammengebaut.\u00a0<\/span>[\/vc_column_text][\/vc_column][vc_column width=&#8220;1\/2&#8243; css=&#8220;.vc_custom_1726577850606{margin-left: -12px !important;border-left-width: -15px !important;padding-left: 20px !important;}&#8220;][vc_single_image image=&#8220;441&#8243; img_size=&#8220;full&#8220; css=&#8220;.vc_custom_1729085856869{border-bottom-width: -20px !important;}&#8220;][\/vc_column][\/vc_row][vc_row ppi_row_padding=&#8220;ppi_remove_padding_top&#8220; equal_height=&#8220;yes&#8220; rtl_reverse=&#8220;yes&#8220; content_placement=&#8220;middle&#8220; css=&#8220;.vc_custom_1726646828751{margin-top: -35px !important;}&#8220;][vc_column width=&#8220;1\/2&#8243; css=&#8220;.vc_custom_1726646943506{margin-right: -22px !important;}&#8220; offset=&#8220;vc_hidden-sm vc_hidden-xs&#8220;][vc_single_image image=&#8220;439&#8243; img_size=&#8220;full&#8220; css=&#8220;&#8220;][\/vc_column][vc_column width=&#8220;1\/2&#8243;][vc_column_text css=&#8220;.vc_custom_1734685473280{padding-top: 35px !important;padding-left: 40px !important;}&#8220;]<b>Jetzt hei\u00dft es Augen offen halten: Eure bunten nextbikes sind ab sofort auf den Stra\u00dfen Leipzigs unterwegs und bringen Farbe in die graue Jahreszeit!<\/b><\/p>\n<p><span style=\"font-weight: 400;\">Noch dazu sind sie ganz besondere Statement-Pieces f\u00fcr nachhaltige Mobilit\u00e4t. Denn Radfahren ist nicht nur umweltfreundlich und platzsparend, es macht auch Spa\u00df &#8211; und diese R\u00e4der werden euch ganz sicher ein L\u00e4cheln ins Gesicht zaubern &#8211; ob beim Radeln oder im Vorbeifahren.<\/span><\/p>\n<p><span style=\"font-weight: 400;\">Ein riesiges Dankesch\u00f6n geht an alle kleinen und gro\u00dfen K\u00fcnstler*innen, die diese Aktion m\u00f6glich gemacht und die R\u00e4der in richtige Hingucker verwandelt haben. Bunt und auff\u00e4llig \u2013 f\u00fcr nachhaltige Mobilit\u00e4t in Leipzig und ganz Europa!<\/span><\/p>\n<p>&nbsp;<\/p>\n<p><b>Habt ihr schon die nextbikes von unserer Aktion in Leipzig wiederentdeckt? Teilt gerne Fotos von den fahrenden Kunstwerken und taggt uns!<\/b>[\/vc_column_text][\/vc_column][\/vc_row][vc_row][vc_column][vc_column_text css=&#8220;.vc_custom_1734685596705{padding-bottom: -20px !important;}&#8220;]<\/p>\n<h3>Seht euch die fertigen Kunstwerke an!<\/h3>\n<p>[\/vc_column_text][vc_images_carousel images=&#8220;532,530,528,526,524,522,520,518,516,514,512,510,508,506,504,502,455,453,451,449,447,445,443&#8243; img_size=&#8220;full&#8220; speed=&#8220;2000&#8243; slides_per_view=&#8220;2&#8243; autoplay=&#8220;yes&#8220; hide_pagination_control=&#8220;yes&#8220; partial_view=&#8220;yes&#8220; wrap=&#8220;yes&#8220; css=&#8220;&#8220;][\/vc_column][\/vc_row][vc_row disable_element=&#8220;yes&#8220;][vc_column][vc_gallery type=&#8220;image_grid&#8220; images=&#8220;443,445,447,449,451,453,455&#8243; img_size=&#8220;medium&#8220; onclick=&#8220;img_link_large&#8220; css=&#8220;&#8220;][\/vc_column][\/vc_row]<\/p>\n<\/div>","protected":false},"excerpt":{"rendered":"<p>[vc_row ppi_row_padding=&#8220;ppi_remove_padding_bottom&#8220; equal_height=&#8220;yes&#8220; content_placement=&#8220;middle&#8220;][vc_column width=&#8220;1\/2&#8243; css=&#8220;.vc_custom_1726583333891{border-right-width: -15px !important;border-bottom-width: -20px !important;padding-right: 30px !important;padding-bottom: 35px !important;}&#8220;][vc_column_text css=&#8220;&#8220;] Dein Kunstwerk auf zwei R\u00e4dern &#8211; jetzt auf den Stra\u00dfen von Leipzig! &nbsp; Zur Europ\u00e4ischen Mobilit\u00e4tswoche blieb der Leipziger Ring am 22.09. autofrei. Stattdessen gab es jede Menge Raum f\u00fcr Rad- und Fu\u00dfverkehr und eure kreativen Ideen!\u00a0 &nbsp; An unserem [&hellip;]<\/p>\n","protected":false},"author":13,"featured_media":0,"parent":0,"menu_order":0,"comment_status":"closed","ping_status":"closed","template":"","meta":{"_acf_changed":false,"inline_featured_image":false,"footnotes":""},"class_list":["post-431","page","type-page","status-publish","hentry"],"acf":[],"yoast_head":"<!-- This site is optimized with the Yoast SEO plugin v27.2 - https:\/\/yoast.com\/product\/yoast-seo-wordpress\/ -->\n<title>nextbike bei der Europ\u00e4ischen Mobilit\u00e4tswoche in Leipzig<\/title>\n<meta name=\"description\" content=\"Dein Kunstwerk auf zwei R\u00e4dern f\u00fcr die Europ\u00e4ische Mobilit\u00e4tswoche! Gestalte ein nextbike am Sonntag, 22.09. , auf dem autofreien Ring.\" \/>\n<meta name=\"robots\" content=\"index, follow, max-snippet:-1, max-image-preview:large, max-video-preview:-1\" \/>\n<link rel=\"canonical\" href=\"https:\/\/www.nextbike.de\/de\/emw-leipzig-2024\/\" \/>\n<meta property=\"og:locale\" content=\"de_DE\" \/>\n<meta property=\"og:type\" content=\"article\" \/>\n<meta property=\"og:title\" content=\"nextbike bei der Europ\u00e4ischen Mobilit\u00e4tswoche in Leipzig\" \/>\n<meta property=\"og:description\" content=\"Dein Kunstwerk auf zwei R\u00e4dern f\u00fcr die Europ\u00e4ische Mobilit\u00e4tswoche! Gestalte ein nextbike am Sonntag, 22.09. , auf dem autofreien Ring.\" \/>\n<meta property=\"og:url\" content=\"https:\/\/www.nextbike.de\/de\/emw-leipzig-2024\/\" \/>\n<meta property=\"og:site_name\" content=\"nextbike.de\" \/>\n<meta property=\"article:modified_time\" content=\"2024-12-20T09:33:56+00:00\" \/>\n<meta name=\"twitter:card\" content=\"summary_large_image\" \/>\n<meta name=\"twitter:label1\" content=\"Gesch\u00e4tzte Lesezeit\" \/>\n\t<meta name=\"twitter:data1\" content=\"2\u00a0Minuten\" \/>\n<script type=\"application\/ld+json\" class=\"yoast-schema-graph\">{\"@context\":\"https:\/\/schema.org\",\"@graph\":[{\"@type\":\"WebPage\",\"@id\":\"https:\/\/www.nextbike.de\/de\/emw-leipzig-2024\/\",\"url\":\"https:\/\/www.nextbike.de\/de\/emw-leipzig-2024\/\",\"name\":\"nextbike bei der Europ\u00e4ischen Mobilit\u00e4tswoche in Leipzig\",\"isPartOf\":{\"@id\":\"https:\/\/www.nextbike.de\/de\/#website\"},\"datePublished\":\"2024-10-16T11:21:47+00:00\",\"dateModified\":\"2024-12-20T09:33:56+00:00\",\"description\":\"Dein Kunstwerk auf zwei R\u00e4dern f\u00fcr die Europ\u00e4ische Mobilit\u00e4tswoche! Gestalte ein nextbike am Sonntag, 22.09. , auf dem autofreien Ring.\",\"breadcrumb\":{\"@id\":\"https:\/\/www.nextbike.de\/de\/emw-leipzig-2024\/#breadcrumb\"},\"inLanguage\":\"de\",\"potentialAction\":[{\"@type\":\"ReadAction\",\"target\":[\"https:\/\/www.nextbike.de\/de\/emw-leipzig-2024\/\"]}]},{\"@type\":\"BreadcrumbList\",\"@id\":\"https:\/\/www.nextbike.de\/de\/emw-leipzig-2024\/#breadcrumb\",\"itemListElement\":[{\"@type\":\"ListItem\",\"position\":1,\"name\":\"Startseite\",\"item\":\"https:\/\/www.nextbike.de\/de\/\"},{\"@type\":\"ListItem\",\"position\":2,\"name\":\"EMW Leipzig 2024\"}]},{\"@type\":\"WebSite\",\"@id\":\"https:\/\/www.nextbike.de\/de\/#website\",\"url\":\"https:\/\/www.nextbike.de\/de\/\",\"name\":\"nextbike.de\",\"description\":\"nextbike\",\"potentialAction\":[{\"@type\":\"SearchAction\",\"target\":{\"@type\":\"EntryPoint\",\"urlTemplate\":\"https:\/\/www.nextbike.de\/de\/?s={search_term_string}\"},\"query-input\":{\"@type\":\"PropertyValueSpecification\",\"valueRequired\":true,\"valueName\":\"search_term_string\"}}],\"inLanguage\":\"de\"}]}<\/script>\n<!-- \/ Yoast SEO plugin. -->","yoast_head_json":{"title":"nextbike bei der Europ\u00e4ischen Mobilit\u00e4tswoche in Leipzig","description":"Dein Kunstwerk auf zwei R\u00e4dern f\u00fcr die Europ\u00e4ische Mobilit\u00e4tswoche! Gestalte ein nextbike am Sonntag, 22.09. , auf dem autofreien Ring.","robots":{"index":"index","follow":"follow","max-snippet":"max-snippet:-1","max-image-preview":"max-image-preview:large","max-video-preview":"max-video-preview:-1"},"canonical":"https:\/\/www.nextbike.de\/de\/emw-leipzig-2024\/","og_locale":"de_DE","og_type":"article","og_title":"nextbike bei der Europ\u00e4ischen Mobilit\u00e4tswoche in Leipzig","og_description":"Dein Kunstwerk auf zwei R\u00e4dern f\u00fcr die Europ\u00e4ische Mobilit\u00e4tswoche! Gestalte ein nextbike am Sonntag, 22.09. , auf dem autofreien Ring.","og_url":"https:\/\/www.nextbike.de\/de\/emw-leipzig-2024\/","og_site_name":"nextbike.de","article_modified_time":"2024-12-20T09:33:56+00:00","twitter_card":"summary_large_image","twitter_misc":{"Gesch\u00e4tzte Lesezeit":"2\u00a0Minuten"},"schema":{"@context":"https:\/\/schema.org","@graph":[{"@type":"WebPage","@id":"https:\/\/www.nextbike.de\/de\/emw-leipzig-2024\/","url":"https:\/\/www.nextbike.de\/de\/emw-leipzig-2024\/","name":"nextbike bei der Europ\u00e4ischen Mobilit\u00e4tswoche in Leipzig","isPartOf":{"@id":"https:\/\/www.nextbike.de\/de\/#website"},"datePublished":"2024-10-16T11:21:47+00:00","dateModified":"2024-12-20T09:33:56+00:00","description":"Dein Kunstwerk auf zwei R\u00e4dern f\u00fcr die Europ\u00e4ische Mobilit\u00e4tswoche! Gestalte ein nextbike am Sonntag, 22.09. , auf dem autofreien Ring.","breadcrumb":{"@id":"https:\/\/www.nextbike.de\/de\/emw-leipzig-2024\/#breadcrumb"},"inLanguage":"de","potentialAction":[{"@type":"ReadAction","target":["https:\/\/www.nextbike.de\/de\/emw-leipzig-2024\/"]}]},{"@type":"BreadcrumbList","@id":"https:\/\/www.nextbike.de\/de\/emw-leipzig-2024\/#breadcrumb","itemListElement":[{"@type":"ListItem","position":1,"name":"Startseite","item":"https:\/\/www.nextbike.de\/de\/"},{"@type":"ListItem","position":2,"name":"EMW Leipzig 2024"}]},{"@type":"WebSite","@id":"https:\/\/www.nextbike.de\/de\/#website","url":"https:\/\/www.nextbike.de\/de\/","name":"nextbike.de","description":"nextbike","potentialAction":[{"@type":"SearchAction","target":{"@type":"EntryPoint","urlTemplate":"https:\/\/www.nextbike.de\/de\/?s={search_term_string}"},"query-input":{"@type":"PropertyValueSpecification","valueRequired":true,"valueName":"search_term_string"}}],"inLanguage":"de"}]}},"_links":{"self":[{"href":"https:\/\/www.nextbike.de\/de\/wp-json\/wp\/v2\/pages\/431","targetHints":{"allow":["GET"]}}],"collection":[{"href":"https:\/\/www.nextbike.de\/de\/wp-json\/wp\/v2\/pages"}],"about":[{"href":"https:\/\/www.nextbike.de\/de\/wp-json\/wp\/v2\/types\/page"}],"author":[{"embeddable":true,"href":"https:\/\/www.nextbike.de\/de\/wp-json\/wp\/v2\/users\/13"}],"replies":[{"embeddable":true,"href":"https:\/\/www.nextbike.de\/de\/wp-json\/wp\/v2\/comments?post=431"}],"version-history":[{"count":13,"href":"https:\/\/www.nextbike.de\/de\/wp-json\/wp\/v2\/pages\/431\/revisions"}],"predecessor-version":[{"id":540,"href":"https:\/\/www.nextbike.de\/de\/wp-json\/wp\/v2\/pages\/431\/revisions\/540"}],"wp:attachment":[{"href":"https:\/\/www.nextbike.de\/de\/wp-json\/wp\/v2\/media?parent=431"}],"curies":[{"name":"wp","href":"https:\/\/api.w.org\/{rel}","templated":true}]}}