{"id":8,"date":"2022-08-11T12:13:47","date_gmt":"2022-08-11T10:13:47","guid":{"rendered":"https:\/\/nextbike-live.pluspol-networks.de\/dcs-bike\/?page_id=8"},"modified":"2022-08-11T12:13:47","modified_gmt":"2022-08-11T10:13:47","slug":"impressum","status":"publish","type":"page","link":"https:\/\/www.nextbike.de\/dcs-bike\/de\/impressum\/","title":{"rendered":"Impressum"},"content":{"rendered":"<div class=\"wpb-content-wrapper\"><p>[vc_row][vc_column][vc_column_text]<h1>Impressum<\/h1>\n<p>nextbike <span data-sheets-root=\"1\">GmbH<\/span><br \/>\n<span data-sheets-root=\"1\">Karl-Heine-Stra\u00dfe 46,<br \/>\n04229 Leipzig<\/span>, Deutschland<\/p>\n<p><strong>Gesch\u00e4ftsf\u00fchrung:<\/strong><br \/>\nMeik Bruhs, Sebastian Popp<\/p>\n<p><strong>Kontakt:<\/strong><br \/>\nTelefon: +49 (0) 341 3089889-0<br \/>\nFax: +49 (0) 341 3089889-13<br \/>\nE-Mail: <strong><a href=\"mailto:info@nextbike.de\">info@nextbike.de<\/a><\/strong><\/p>\n<p><strong>Registereintrag:<\/strong><br \/>\nEintragung im Handelsregister.<br \/>\nRegistergericht: Amtsgericht Leipzig<br \/>\nRegisternummer: HRB 43001<\/p>\n<p>Umsatzsteuer-Identifikationsnummer: UST-ID: DE367371374<\/p>\n<p>&nbsp;<\/p>\n<p>Online-Streitbeilegung gem\u00e4\u00df Art. 14 Abs. 1 ODR-VO: Die Europ\u00e4ische Kommission stellt eine Plattform zur Online-Streitbeilegung (OS) bereit. Diese finden Sie unter\u00a0<strong><a href=\"http:\/\/ec.europa.eu\/consumers\/odr\/\">http:\/\/ec.europa.eu\/consumers\/odr\/<\/a>.<\/strong><\/p>\n[\/vc_column_text][\/vc_column][\/vc_row]<\/p>\n<\/div>","protected":false},"excerpt":{"rendered":"<p>[vc_row][vc_column][vc_column_text][\/vc_column_text][\/vc_column][\/vc_row]<\/p>\n","protected":false},"author":5,"featured_media":0,"parent":0,"menu_order":0,"comment_status":"closed","ping_status":"closed","template":"","meta":{"_acf_changed":false,"inline_featured_image":false,"footnotes":""},"class_list":["post-8","page","type-page","status-publish","hentry"],"acf":[],"yoast_head":"<!-- This site is optimized with the Yoast SEO plugin v27.2 - https:\/\/yoast.com\/product\/yoast-seo-wordpress\/ -->\n<title>Impressum - Roche-Bike<\/title>\n<meta name=\"robots\" content=\"index, follow, max-snippet:-1, max-image-preview:large, max-video-preview:-1\" \/>\n<link rel=\"canonical\" href=\"https:\/\/www.nextbike.de\/dcs-bike\/de\/impressum\/\" \/>\n<meta property=\"og:locale\" content=\"de_DE\" \/>\n<meta property=\"og:type\" content=\"article\" \/>\n<meta property=\"og:title\" content=\"Impressum - Roche-Bike\" \/>\n<meta property=\"og:description\" content=\"[vc_row][vc_column][vc_column_text][\/vc_column_text][\/vc_column][\/vc_row]\" \/>\n<meta property=\"og:url\" content=\"https:\/\/www.nextbike.de\/dcs-bike\/de\/impressum\/\" \/>\n<meta property=\"og:site_name\" content=\"Roche-Bike\" \/>\n<meta name=\"twitter:card\" content=\"summary_large_image\" \/>\n<meta name=\"twitter:label1\" content=\"Gesch\u00e4tzte Lesezeit\" \/>\n\t<meta name=\"twitter:data1\" content=\"1\u00a0Minute\" \/>\n<script type=\"application\/ld+json\" class=\"yoast-schema-graph\">{\"@context\":\"https:\/\/schema.org\",\"@graph\":[{\"@type\":\"WebPage\",\"@id\":\"https:\/\/www.nextbike.de\/dcs-bike\/de\/impressum\/\",\"url\":\"https:\/\/www.nextbike.de\/dcs-bike\/de\/impressum\/\",\"name\":\"Impressum - Roche-Bike\",\"isPartOf\":{\"@id\":\"https:\/\/www.nextbike.de\/dcs-bike\/de\/#website\"},\"datePublished\":\"2022-08-11T10:13:47+00:00\",\"breadcrumb\":{\"@id\":\"https:\/\/www.nextbike.de\/dcs-bike\/de\/impressum\/#breadcrumb\"},\"inLanguage\":\"de\",\"potentialAction\":[{\"@type\":\"ReadAction\",\"target\":[\"https:\/\/www.nextbike.de\/dcs-bike\/de\/impressum\/\"]}]},{\"@type\":\"BreadcrumbList\",\"@id\":\"https:\/\/www.nextbike.de\/dcs-bike\/de\/impressum\/#breadcrumb\",\"itemListElement\":[{\"@type\":\"ListItem\",\"position\":1,\"name\":\"Startseite\",\"item\":\"https:\/\/www.nextbike.de\/dcs-bike\/de\/\"},{\"@type\":\"ListItem\",\"position\":2,\"name\":\"Impressum\"}]},{\"@type\":\"WebSite\",\"@id\":\"https:\/\/www.nextbike.de\/dcs-bike\/de\/#website\",\"url\":\"https:\/\/www.nextbike.de\/dcs-bike\/de\/\",\"name\":\"Roche-Bike\",\"description\":\"Das exklusive Fahrradverleihsystem auf dem Werksgel\u00e4nde von Roche Mannheim\",\"potentialAction\":[{\"@type\":\"SearchAction\",\"target\":{\"@type\":\"EntryPoint\",\"urlTemplate\":\"https:\/\/www.nextbike.de\/dcs-bike\/de\/?s={search_term_string}\"},\"query-input\":{\"@type\":\"PropertyValueSpecification\",\"valueRequired\":true,\"valueName\":\"search_term_string\"}}],\"inLanguage\":\"de\"}]}<\/script>\n<!-- \/ Yoast SEO plugin. -->","yoast_head_json":{"title":"Impressum - Roche-Bike","robots":{"index":"index","follow":"follow","max-snippet":"max-snippet:-1","max-image-preview":"max-image-preview:large","max-video-preview":"max-video-preview:-1"},"canonical":"https:\/\/www.nextbike.de\/dcs-bike\/de\/impressum\/","og_locale":"de_DE","og_type":"article","og_title":"Impressum - Roche-Bike","og_description":"[vc_row][vc_column][vc_column_text][\/vc_column_text][\/vc_column][\/vc_row]","og_url":"https:\/\/www.nextbike.de\/dcs-bike\/de\/impressum\/","og_site_name":"Roche-Bike","twitter_card":"summary_large_image","twitter_misc":{"Gesch\u00e4tzte Lesezeit":"1\u00a0Minute"},"schema":{"@context":"https:\/\/schema.org","@graph":[{"@type":"WebPage","@id":"https:\/\/www.nextbike.de\/dcs-bike\/de\/impressum\/","url":"https:\/\/www.nextbike.de\/dcs-bike\/de\/impressum\/","name":"Impressum - Roche-Bike","isPartOf":{"@id":"https:\/\/www.nextbike.de\/dcs-bike\/de\/#website"},"datePublished":"2022-08-11T10:13:47+00:00","breadcrumb":{"@id":"https:\/\/www.nextbike.de\/dcs-bike\/de\/impressum\/#breadcrumb"},"inLanguage":"de","potentialAction":[{"@type":"ReadAction","target":["https:\/\/www.nextbike.de\/dcs-bike\/de\/impressum\/"]}]},{"@type":"BreadcrumbList","@id":"https:\/\/www.nextbike.de\/dcs-bike\/de\/impressum\/#breadcrumb","itemListElement":[{"@type":"ListItem","position":1,"name":"Startseite","item":"https:\/\/www.nextbike.de\/dcs-bike\/de\/"},{"@type":"ListItem","position":2,"name":"Impressum"}]},{"@type":"WebSite","@id":"https:\/\/www.nextbike.de\/dcs-bike\/de\/#website","url":"https:\/\/www.nextbike.de\/dcs-bike\/de\/","name":"Roche-Bike","description":"Das exklusive Fahrradverleihsystem auf dem Werksgel\u00e4nde von Roche Mannheim","potentialAction":[{"@type":"SearchAction","target":{"@type":"EntryPoint","urlTemplate":"https:\/\/www.nextbike.de\/dcs-bike\/de\/?s={search_term_string}"},"query-input":{"@type":"PropertyValueSpecification","valueRequired":true,"valueName":"search_term_string"}}],"inLanguage":"de"}]}},"_links":{"self":[{"href":"https:\/\/www.nextbike.de\/dcs-bike\/de\/wp-json\/wp\/v2\/pages\/8","targetHints":{"allow":["GET"]}}],"collection":[{"href":"https:\/\/www.nextbike.de\/dcs-bike\/de\/wp-json\/wp\/v2\/pages"}],"about":[{"href":"https:\/\/www.nextbike.de\/dcs-bike\/de\/wp-json\/wp\/v2\/types\/page"}],"author":[{"embeddable":true,"href":"https:\/\/www.nextbike.de\/dcs-bike\/de\/wp-json\/wp\/v2\/users\/5"}],"replies":[{"embeddable":true,"href":"https:\/\/www.nextbike.de\/dcs-bike\/de\/wp-json\/wp\/v2\/comments?post=8"}],"version-history":[{"count":1,"href":"https:\/\/www.nextbike.de\/dcs-bike\/de\/wp-json\/wp\/v2\/pages\/8\/revisions"}],"predecessor-version":[{"id":9,"href":"https:\/\/www.nextbike.de\/dcs-bike\/de\/wp-json\/wp\/v2\/pages\/8\/revisions\/9"}],"wp:attachment":[{"href":"https:\/\/www.nextbike.de\/dcs-bike\/de\/wp-json\/wp\/v2\/media?parent=8"}],"curies":[{"name":"wp","href":"https:\/\/api.w.org\/{rel}","templated":true}]}}