{"id":65,"date":"2022-08-26T13:50:08","date_gmt":"2022-08-26T11:50:08","guid":{"rendered":"https:\/\/nextbike-live.pluspol-networks.de\/dcs-bike\/?page_id=65"},"modified":"2022-08-26T13:52:47","modified_gmt":"2022-08-26T11:52:47","slug":"gebuehr","status":"publish","type":"page","link":"https:\/\/www.nextbike.de\/dcs-bike\/de\/gebuehr\/","title":{"rendered":"Geb\u00fchr"},"content":{"rendered":"<div class=\"wpb-content-wrapper\"><p>[vc_row][vc_column][vc_column_text]<\/p>\n<h2>Information zur Geb\u00fchr<\/h2>\n<p>[\/vc_column_text][vc_column_text]<\/p>\n<div class=\"row_wrap\">\n<div class=\"wp-block-columns row_xxl\">\n<div class=\"wp-block-column col-12 col-sm-auto\">\n<h2><strong style=\"font-size: 16px;\">Liebe Nutzer*innen,<\/strong><\/h2>\n<\/div>\n<\/div>\n<\/div>\n<div class=\"row_wrap\">\n<div class=\"wp-block-columns row_xxl\">\n<div class=\"wp-block-column col-12 col-sm-auto\">\n<p>du hast das Rad unsachgem\u00e4\u00df zur\u00fcckgegeben. Standardr\u00e4der d\u00fcrfen nur an einer der zahlreichen VVT-REGIORAD-Stationen abgestellt werden. F\u00fcr die unsachgem\u00e4\u00dfe R\u00fcckgabe von Standardr\u00e4dern wird eine Geb\u00fchr von 20 \u20ac pro Ausleihe f\u00e4llig. Bei der ersten unsachgem\u00e4\u00dfen R\u00fcckgabe abseits einer Station berechnen wir diesen noch nicht. Bei Wiederholung wird die Geb\u00fchr berechnet.<\/p>\n<p>Du kannst die Geb\u00fchr noch abwenden:<br \/>\nGehe zur\u00fcck zum Rad und leihe es erneut aus. Mache dies nicht aus der Ferne, da das Schloss je nach Radtyp automatisch \u00f6ffnet. Die neue Ausleihe wird mit der alten verschmolzen und die Geb\u00fchr f\u00fcr unsachgem\u00e4\u00dfe R\u00fcckgabe gel\u00f6scht, wenn du das Rad nun ordnungsgem\u00e4\u00df zur\u00fcckgibst.<\/p>\n<p>Angefallene Geb\u00fchren kannst du in der Ausleihhistorie in deiner App oder in deinem Kundenkonto \u00fcber den Webseiten-Login einsehen.<\/p>\n<p>Alle Preise und Tarife f\u00fcr das VVT-REGIORAD kannst du unter \u201ePreise\u201c einsehen.<\/p>\n<\/div>\n<\/div>\n<\/div>\n<div class=\"row_wrap\">\n<div class=\"wp-block-columns row_xxl\">\n<div class=\"wp-block-column col-12 col-sm-auto\">\n<p><strong>Welche R\u00fcckgabe-Optionen hast du beim VVT-REGIORAD?<\/strong><\/p>\n<\/div>\n<\/div>\n<\/div>\n<div class=\"row_wrap\">\n<div class=\"wp-block-columns row_xxl\">\n<div class=\"wp-block-column col-12 col-sm-auto\">\n<h5><strong>An Stationen:<\/strong><\/h5>\n<p>Du kannst unsere\u00a0<strong>Standardr\u00e4der\u00a0<\/strong>an jeder offiziellen VVT-REGIORAD-Station in Tirol zur\u00fcckgeben.<\/p>\n<h5>Abseits von Stationen:<\/h5>\n<p>R\u00e4der d\u00fcrfen nicht abseits von offiziellen VVT-REGIORAD-Stationen abgestellt werden. Es gibt keine Flexzone! F\u00fcr unsachgem\u00e4\u00dfe R\u00fcckgaben wird automatisch eine Geb\u00fchr von mind. 20 \u20ac berechnet.<\/p>\n<p>Du hast das Rad bereits abseits einer Station zur\u00fcckgegeben?\u00a0<a href=\"https:\/\/stadtrad.ivb.at\/de\/gebuehr\/#verschmelzen\">Hier erf\u00e4hrst du, was du nun tun kannst<\/a>.<\/p>\n<\/div>\n<\/div>\n<\/div>\n<div class=\"row_wrap\">\n<div class=\"wp-block-columns row_xxl\">\n<div class=\"wp-block-column col-12 col-sm-auto\">\n<p><strong>Irrt\u00fcmliche Geb\u00fchren? Was nun?<\/strong><\/p>\n<\/div>\n<\/div>\n<\/div>\n<div class=\"row_wrap\">\n<div class=\"wp-block-columns row_xxl\">\n<div class=\"wp-block-column col-12 col-sm-auto\">\n<p>Aufgrund von leichten GPS-Abweichungen kann es passieren, dass dir\u00a0eine Geb\u00fchr f\u00fcr unsachgem\u00e4\u00dfe R\u00fcckgabe berechnet wird, obwohl du das Rad an einer Station abgestellt hast. Kein Problem. Kontaktiere unsere Hotline unter\u00a0<a href=\"tel:+43512908069\">+43 512 908 069<\/a>\u00a0oder schicke uns eine Nachricht per App mit deiner registrierten Handynummer, Radnummer und kurzer Schilderung des Sachverhalts. Wir berichtigen die Ausleihe.<\/p>\n<\/div>\n<\/div>\n<\/div>\n<div class=\"row_wrap\">\n<div class=\"wp-block-columns row_xxl\">\n<div class=\"wp-block-column col-12 col-sm-auto\">\n<p><strong>Ausleihen verschmelzen?<\/strong><\/p>\n<\/div>\n<\/div>\n<\/div>\n<div class=\"row_wrap\">\n<div class=\"wp-block-columns row_xxl\">\n<div class=\"wp-block-column col-12 col-sm-auto\">\n<p>Aufeinanderfolgende Ausleihen desselben Rads werden\u00a0miteinander verschmolzen, wenn dies f\u00fcr den Nutzer die preiswertere Option ist. Konkret bedeutet dies, dass die endg\u00fcltige Ausleihdauer sich aus Startzeit der ersten und R\u00fcckgabezeit der zweiten Ausleihe berechnet. Die Pause zwischen den beiden Ausleihen wird\u00a0dann ebenfalls zur Fahrtzeit hinzugef\u00fcgt.<\/p>\n<p>W\u00e4re eine Verschmelzung beider Ausleihen die teurere Option,\u00a0werden beide Ausleihen einzeln abgerechnet.\u00a0Den endg\u00fcltigen Preis f\u00fcr deine Ausleihen kannst du in deiner Historie in\u00a0deiner App oder\u00a0in deinem Kundenkonto \u00fcber den Webseiten-Login einsehen.<\/p>\n<\/div>\n<\/div>\n<\/div>\n<div class=\"row_wrap\">\n<div class=\"wp-block-columns row_xxl\">\n<div class=\"wp-block-column col-12 col-sm-auto\">\n<p><strong>Wieso hat eine Verschmelzung Vorteile bei einer 20 \u20ac Geb\u00fchr?<\/strong><\/p>\n<\/div>\n<\/div>\n<\/div>\n<div class=\"row_wrap\">\n<div class=\"wp-block-columns row_xxl\">\n<div class=\"wp-block-column col-12 col-sm-auto\">\n<p>Beispiel 1: Hast du das Rad unsachgem\u00e4\u00df zur\u00fcckgegeben, kannst du durch eine erneute Ausleihe die sonst anfallende Geb\u00fchr von 20 \u20ac abwenden, wenn du das Rad nun ordnungsgem\u00e4\u00df zur\u00fcckgibst.<br \/>\nLeihe das Rad also erneut aus. Mach dies nicht aus der Ferne, da das Schloss automatisch \u00f6ffnet. Die neue Ausleihe wird mit der alten verschmolzen und die Geb\u00fchr f\u00fcr unsachgem\u00e4\u00dfe R\u00fcckgabe zun\u00e4chst gel\u00f6scht.<br \/>\nGibst du das Rad jetzt ordnungsgem\u00e4\u00df zur\u00fcck, entf\u00e4llt die Geb\u00fchr f\u00fcr die unsachgem\u00e4\u00dfe R\u00fcckgabe. Gibst du das Rad erneut unsachgem\u00e4\u00df zur\u00fcck, f\u00e4llt die zus\u00e4tzliche Geb\u00fchr an. Wurde das Rad bereits von einem anderen Nutzer ausgeliehen, fallen die Geb\u00fchren ebenfalls an.<\/p>\n<p>Du m\u00f6chtest die R\u00fcckgabe korrigieren, aber nicht sofort? Gehe zum Rad und leihe es erneut aus. Aktiviere den Parkmodus in der App und schlie\u00dfe das Schloss. Die Ausleihe l\u00e4uft weiter. Vor der sp\u00e4teren Weiterfahrt beendest du den Parkmodus per App, das Schloss \u00f6ffnet automatisch. Tue dies daher niemals aus der Ferne.<\/p>\n<p>Beispiel 2: Du hast ein Rad bereits seit 5h ausgeliehen, als du es aus Versehen zur\u00fcckgibst, statt es zu parken. F\u00fcr die Ausleihe f\u00e4llt der maximale Tagessatz von 9 \u20ac \/ 24h an. Jetzt m\u00f6chtest du weiterfahren und leihst das Rad erneut aus. Die alte Ausleihe wird fortgesetzt, da eine neue Ausleihe wieder mit 1 \u20ac \/ 30min berechnet werden w\u00fcrde.<\/p>\n<\/div>\n<\/div>\n<\/div>\n<p>[\/vc_column_text][\/vc_column][\/vc_row]<\/p>\n<\/div>","protected":false},"excerpt":{"rendered":"<p>[vc_row][vc_column][vc_column_text] Information zur Geb\u00fchr [\/vc_column_text][vc_column_text] Liebe Nutzer*innen, du hast das Rad unsachgem\u00e4\u00df zur\u00fcckgegeben. Standardr\u00e4der d\u00fcrfen nur an einer der zahlreichen VVT-REGIORAD-Stationen abgestellt werden. F\u00fcr die unsachgem\u00e4\u00dfe R\u00fcckgabe von Standardr\u00e4dern wird eine Geb\u00fchr von 20 \u20ac pro Ausleihe f\u00e4llig. Bei der ersten unsachgem\u00e4\u00dfen R\u00fcckgabe abseits einer Station berechnen wir diesen noch nicht. Bei Wiederholung wird die [&hellip;]<\/p>\n","protected":false},"author":2,"featured_media":0,"parent":0,"menu_order":0,"comment_status":"closed","ping_status":"closed","template":"page-bubble.php","meta":{"_acf_changed":false,"inline_featured_image":false,"footnotes":""},"class_list":["post-65","page","type-page","status-publish","hentry"],"acf":[],"yoast_head":"<!-- This site is optimized with the Yoast SEO plugin v27.2 - https:\/\/yoast.com\/product\/yoast-seo-wordpress\/ -->\n<title>Geb\u00fchr - Roche-Bike<\/title>\n<meta name=\"robots\" content=\"index, follow, max-snippet:-1, max-image-preview:large, max-video-preview:-1\" \/>\n<link rel=\"canonical\" href=\"https:\/\/www.nextbike.de\/dcs-bike\/de\/gebuehr\/\" \/>\n<meta property=\"og:locale\" content=\"de_DE\" \/>\n<meta property=\"og:type\" content=\"article\" \/>\n<meta property=\"og:title\" content=\"Geb\u00fchr - Roche-Bike\" \/>\n<meta property=\"og:description\" content=\"[vc_row][vc_column][vc_column_text] Information zur Geb\u00fchr [\/vc_column_text][vc_column_text] Liebe Nutzer*innen, du hast das Rad unsachgem\u00e4\u00df zur\u00fcckgegeben. Standardr\u00e4der d\u00fcrfen nur an einer der zahlreichen VVT-REGIORAD-Stationen abgestellt werden. F\u00fcr die unsachgem\u00e4\u00dfe R\u00fcckgabe von Standardr\u00e4dern wird eine Geb\u00fchr von 20 \u20ac pro Ausleihe f\u00e4llig. Bei der ersten unsachgem\u00e4\u00dfen R\u00fcckgabe abseits einer Station berechnen wir diesen noch nicht. Bei Wiederholung wird die [&hellip;]\" \/>\n<meta property=\"og:url\" content=\"https:\/\/www.nextbike.de\/dcs-bike\/de\/gebuehr\/\" \/>\n<meta property=\"og:site_name\" content=\"Roche-Bike\" \/>\n<meta property=\"article:modified_time\" content=\"2022-08-26T11:52:47+00:00\" \/>\n<meta name=\"twitter:card\" content=\"summary_large_image\" \/>\n<meta name=\"twitter:label1\" content=\"Gesch\u00e4tzte Lesezeit\" \/>\n\t<meta name=\"twitter:data1\" content=\"4\u00a0Minuten\" \/>\n<script type=\"application\/ld+json\" class=\"yoast-schema-graph\">{\"@context\":\"https:\/\/schema.org\",\"@graph\":[{\"@type\":\"WebPage\",\"@id\":\"https:\/\/www.nextbike.de\/dcs-bike\/de\/gebuehr\/\",\"url\":\"https:\/\/www.nextbike.de\/dcs-bike\/de\/gebuehr\/\",\"name\":\"Geb\u00fchr - Roche-Bike\",\"isPartOf\":{\"@id\":\"https:\/\/www.nextbike.de\/dcs-bike\/de\/#website\"},\"datePublished\":\"2022-08-26T11:50:08+00:00\",\"dateModified\":\"2022-08-26T11:52:47+00:00\",\"breadcrumb\":{\"@id\":\"https:\/\/www.nextbike.de\/dcs-bike\/de\/gebuehr\/#breadcrumb\"},\"inLanguage\":\"de\",\"potentialAction\":[{\"@type\":\"ReadAction\",\"target\":[\"https:\/\/www.nextbike.de\/dcs-bike\/de\/gebuehr\/\"]}]},{\"@type\":\"BreadcrumbList\",\"@id\":\"https:\/\/www.nextbike.de\/dcs-bike\/de\/gebuehr\/#breadcrumb\",\"itemListElement\":[{\"@type\":\"ListItem\",\"position\":1,\"name\":\"Startseite\",\"item\":\"https:\/\/www.nextbike.de\/dcs-bike\/de\/\"},{\"@type\":\"ListItem\",\"position\":2,\"name\":\"Geb\u00fchr\"}]},{\"@type\":\"WebSite\",\"@id\":\"https:\/\/www.nextbike.de\/dcs-bike\/de\/#website\",\"url\":\"https:\/\/www.nextbike.de\/dcs-bike\/de\/\",\"name\":\"Roche-Bike\",\"description\":\"Das exklusive Fahrradverleihsystem auf dem Werksgel\u00e4nde von Roche Mannheim\",\"potentialAction\":[{\"@type\":\"SearchAction\",\"target\":{\"@type\":\"EntryPoint\",\"urlTemplate\":\"https:\/\/www.nextbike.de\/dcs-bike\/de\/?s={search_term_string}\"},\"query-input\":{\"@type\":\"PropertyValueSpecification\",\"valueRequired\":true,\"valueName\":\"search_term_string\"}}],\"inLanguage\":\"de\"}]}<\/script>\n<!-- \/ Yoast SEO plugin. -->","yoast_head_json":{"title":"Geb\u00fchr - Roche-Bike","robots":{"index":"index","follow":"follow","max-snippet":"max-snippet:-1","max-image-preview":"max-image-preview:large","max-video-preview":"max-video-preview:-1"},"canonical":"https:\/\/www.nextbike.de\/dcs-bike\/de\/gebuehr\/","og_locale":"de_DE","og_type":"article","og_title":"Geb\u00fchr - Roche-Bike","og_description":"[vc_row][vc_column][vc_column_text] Information zur Geb\u00fchr [\/vc_column_text][vc_column_text] Liebe Nutzer*innen, du hast das Rad unsachgem\u00e4\u00df zur\u00fcckgegeben. Standardr\u00e4der d\u00fcrfen nur an einer der zahlreichen VVT-REGIORAD-Stationen abgestellt werden. F\u00fcr die unsachgem\u00e4\u00dfe R\u00fcckgabe von Standardr\u00e4dern wird eine Geb\u00fchr von 20 \u20ac pro Ausleihe f\u00e4llig. Bei der ersten unsachgem\u00e4\u00dfen R\u00fcckgabe abseits einer Station berechnen wir diesen noch nicht. Bei Wiederholung wird die [&hellip;]","og_url":"https:\/\/www.nextbike.de\/dcs-bike\/de\/gebuehr\/","og_site_name":"Roche-Bike","article_modified_time":"2022-08-26T11:52:47+00:00","twitter_card":"summary_large_image","twitter_misc":{"Gesch\u00e4tzte Lesezeit":"4\u00a0Minuten"},"schema":{"@context":"https:\/\/schema.org","@graph":[{"@type":"WebPage","@id":"https:\/\/www.nextbike.de\/dcs-bike\/de\/gebuehr\/","url":"https:\/\/www.nextbike.de\/dcs-bike\/de\/gebuehr\/","name":"Geb\u00fchr - Roche-Bike","isPartOf":{"@id":"https:\/\/www.nextbike.de\/dcs-bike\/de\/#website"},"datePublished":"2022-08-26T11:50:08+00:00","dateModified":"2022-08-26T11:52:47+00:00","breadcrumb":{"@id":"https:\/\/www.nextbike.de\/dcs-bike\/de\/gebuehr\/#breadcrumb"},"inLanguage":"de","potentialAction":[{"@type":"ReadAction","target":["https:\/\/www.nextbike.de\/dcs-bike\/de\/gebuehr\/"]}]},{"@type":"BreadcrumbList","@id":"https:\/\/www.nextbike.de\/dcs-bike\/de\/gebuehr\/#breadcrumb","itemListElement":[{"@type":"ListItem","position":1,"name":"Startseite","item":"https:\/\/www.nextbike.de\/dcs-bike\/de\/"},{"@type":"ListItem","position":2,"name":"Geb\u00fchr"}]},{"@type":"WebSite","@id":"https:\/\/www.nextbike.de\/dcs-bike\/de\/#website","url":"https:\/\/www.nextbike.de\/dcs-bike\/de\/","name":"Roche-Bike","description":"Das exklusive Fahrradverleihsystem auf dem Werksgel\u00e4nde von Roche Mannheim","potentialAction":[{"@type":"SearchAction","target":{"@type":"EntryPoint","urlTemplate":"https:\/\/www.nextbike.de\/dcs-bike\/de\/?s={search_term_string}"},"query-input":{"@type":"PropertyValueSpecification","valueRequired":true,"valueName":"search_term_string"}}],"inLanguage":"de"}]}},"_links":{"self":[{"href":"https:\/\/www.nextbike.de\/dcs-bike\/de\/wp-json\/wp\/v2\/pages\/65","targetHints":{"allow":["GET"]}}],"collection":[{"href":"https:\/\/www.nextbike.de\/dcs-bike\/de\/wp-json\/wp\/v2\/pages"}],"about":[{"href":"https:\/\/www.nextbike.de\/dcs-bike\/de\/wp-json\/wp\/v2\/types\/page"}],"author":[{"embeddable":true,"href":"https:\/\/www.nextbike.de\/dcs-bike\/de\/wp-json\/wp\/v2\/users\/2"}],"replies":[{"embeddable":true,"href":"https:\/\/www.nextbike.de\/dcs-bike\/de\/wp-json\/wp\/v2\/comments?post=65"}],"version-history":[{"count":3,"href":"https:\/\/www.nextbike.de\/dcs-bike\/de\/wp-json\/wp\/v2\/pages\/65\/revisions"}],"predecessor-version":[{"id":73,"href":"https:\/\/www.nextbike.de\/dcs-bike\/de\/wp-json\/wp\/v2\/pages\/65\/revisions\/73"}],"wp:attachment":[{"href":"https:\/\/www.nextbike.de\/dcs-bike\/de\/wp-json\/wp\/v2\/media?parent=65"}],"curies":[{"name":"wp","href":"https:\/\/api.w.org\/{rel}","templated":true}]}}