{"id":4,"date":"2022-08-11T12:13:00","date_gmt":"2022-08-11T10:13:00","guid":{"rendered":"https:\/\/nextbike-live.pluspol-networks.de\/dcs-bike\/?page_id=4"},"modified":"2024-08-21T11:49:55","modified_gmt":"2024-08-21T09:49:55","slug":"startseite","status":"publish","type":"page","link":"https:\/\/www.nextbike.de\/dcs-bike\/de\/","title":{"rendered":"Startseite"},"content":{"rendered":"<div class=\"wpb-content-wrapper\"><p>[vc_row ppi_row_padding=&#8220;ppi_remove_padding_top,ppi_remove_padding_bottom&#8220; full_width=&#8220;stretch_row_content_no_spaces&#8220; el_class=&#8220;stage-row&#8220;][vc_column]<div class=\"nextbike stage\">\n                    <div class=\"stage__wrapper\">\n                        <div class=\"container\">\n                            <div class=\"stage__content\"><span class=\"h3\">Fahrradverleih auf dem Gel\u00e4nde von Roche Mannheim<\/span><h1>Mit dem Roche-Bike schneller von A nach B<\/h1><div class=\"stage__content__stores\"><a class=\"nb-appstore-btn\" aria-label=\"Apple App Store\" href=\"https:\/\/apps.apple.com\/de\/app\/nextbike\/id504288371\" target=\"_blank\" data-custom-link=\"false\"><img decoding=\"async\" width=\"200px\" height=\"59px\" alt=\"Apple App Store\" src=\"https:\/\/www.nextbike.de\/dcs-bike\/wp-content\/uploads\/2022\/07\/apple-logo.svg\" \/><\/a><a class=\"nb-appstore-btn\" aria-label=\"Google App Store\" href=\"https:\/\/play.google.com\/store\/apps\/details?id=de.nextbike\" target=\"_blank\" data-custom-link=\"false\"><img decoding=\"async\" width=\"200px\" height=\"59px\" alt=\"Google App Store\" src=\"https:\/\/www.nextbike.de\/dcs-bike\/wp-content\/uploads\/2022\/07\/google-logo.svg\" \/><\/a><a class=\"nb-appstore-btn\" aria-label=\"Huawei App Store\" href=\"https:\/\/appgallery.huawei.com\/#\/app\/C102537239\" target=\"_blank\" data-custom-link=\"false\"><img decoding=\"async\" width=\"200px\" height=\"59px\" alt=\"Huawei App Store\" src=\"https:\/\/www.nextbike.de\/dcs-bike\/wp-content\/uploads\/2022\/07\/huawei-logo.svg\" \/><\/a><\/div>\n                            <\/div>\n                        <\/div><div role=\"img\" aria-label=\"Missing alt text\" class=\"stage__parallax parallax-speed5 \" style=\"background-image: url(https:\/\/www.nextbike.de\/dcs-bike\/wp-content\/uploads\/2024\/04\/sun_background_optimized-1.svg)\"><\/div>\n                   <div role=\"img\" aria-label=\"Missing alt text\" class=\"stage__parallax parallax-speed4 \" style=\"background-image: url(https:\/\/www.nextbike.de\/dcs-bike\/wp-content\/uploads\/2023\/03\/City_background.svg)\"><\/div>\n                   <div role=\"img\" aria-label=\"Grafik zweier M\u00e4nner auf Roche Leihr\u00e4dern vor Skyline vor Sonne als Teil einer Komposition mit 7 Personen.\" class=\"stage__parallax parallax-speed3 \" style=\"background-image: url(https:\/\/www.nextbike.de\/dcs-bike\/wp-content\/uploads\/sites\/47\/2023\/02\/header_LAYER-3.svg)\"><\/div>\n                   <div role=\"img\" aria-label=\"Grafik dreier Frauen auf Roche Leihr\u00e4dern vor Skyline vor Sonne als Teil einer Komposition mit 7 Personen.\" class=\"stage__parallax parallax-speed2 \" style=\"background-image: url(https:\/\/www.nextbike.de\/dcs-bike\/wp-content\/uploads\/sites\/47\/2023\/02\/header_LAYER-2.svg)\"><\/div>\n                   <div role=\"img\" aria-label=\"Grafik zweier M\u00e4nner auf Roche Leihr\u00e4dern vor Skyline vor Sonne als Teil einer Komposition mit 7 Personen.\" class=\"stage__parallax parallax-speed1 \" style=\"background-image: url(https:\/\/www.nextbike.de\/dcs-bike\/wp-content\/uploads\/sites\/47\/2023\/02\/header_LAYER-1.svg)\"><\/div><\/div>\n                <\/div>[\/vc_column][\/vc_row][vc_row ppi_row_padding=&#8220;ppi_remove_padding_top&#8220;][vc_column]<div class=\"nextbike mockups\"><div class=\"mockups__item\">\n    <div class=\"mockups__item__container\">\n                <div class=\"mockups__item__image mockups__item__image__left\">\n                        <div class=\"mockups__item__image__img\">\n                <img loading=\"lazy\" decoding=\"async\" width=\"768\" height=\"1026\" src=\"https:\/\/www.nextbike.de\/dcs-bike\/wp-content\/uploads\/sites\/47\/2024\/08\/links-neu1-768x1026.png\" class=\"attachment-nex-sm size-nex-sm\" alt=\"nextbike App Screenshot zeigt die Verleihsystem-\u00dcbersichtskarte von Deutschland.\" srcset=\"https:\/\/www.nextbike.de\/dcs-bike\/wp-content\/uploads\/sites\/47\/2024\/08\/links-neu1-768x1026.png 768w, https:\/\/www.nextbike.de\/dcs-bike\/wp-content\/uploads\/sites\/47\/2024\/08\/links-neu1-225x300.png 225w, https:\/\/www.nextbike.de\/dcs-bike\/wp-content\/uploads\/sites\/47\/2024\/08\/links-neu1-766x1024.png 766w, https:\/\/www.nextbike.de\/dcs-bike\/wp-content\/uploads\/sites\/47\/2024\/08\/links-neu1-992x1326.png 992w, https:\/\/www.nextbike.de\/dcs-bike\/wp-content\/uploads\/sites\/47\/2024\/08\/links-neu1-480x641.png 480w, https:\/\/www.nextbike.de\/dcs-bike\/wp-content\/uploads\/sites\/47\/2024\/08\/links-neu1-105x140.png 105w, https:\/\/www.nextbike.de\/dcs-bike\/wp-content\/uploads\/sites\/47\/2024\/08\/links-neu1-75x100.png 75w, https:\/\/www.nextbike.de\/dcs-bike\/wp-content\/uploads\/sites\/47\/2024\/08\/links-neu1.png 1044w\" sizes=\"auto, (max-width: 768px) 100vw, 768px\" \/>            <\/div>\n                                                            <div class=\"mockups__item__image__bg parallax\">\n                        <img loading=\"lazy\" decoding=\"async\" width=\"1\" height=\"1\" src=\"https:\/\/www.nextbike.de\/dcs-bike\/wp-content\/uploads\/sites\/47\/2023\/02\/bubble-MAP.svg\" class=\"attachment-nex-md size-nex-md\" alt=\"\" \/>                    <\/div>\n                                    <\/div>\n                        <div class=\"mockups__item__content mockups__item__content__left\">\n                        <h2 class=\"h3 mockups__item__headline\">\n                Pilotprojekt von Roche Mannheim            <\/h2>\n                                    <p class=\"mockups__item__text\">\n                Roche-Bike ist das exklusive Fahrradverleihsystem auf dem Werksgel\u00e4nde Roche Mannheim und ist unabh\u00e4ngig vom \u00f6ffentlichen Fahrradverleihsystem VRNnextbike. Die Registrierung erfolgt ausschlie\u00dflich \u00fcber diese Seite.            <\/p>\n                                    <a href=\"#vorteile\" target=\"_self\" title=\"Vorteile\" class=\"mockups__item__link\" >\n                Vorteile            <\/a>\n                    <\/div>\n            <\/div>\n<\/div>\n<div class=\"mockups__item\">\n    <div class=\"mockups__item__container\">\n                <div class=\"mockups__item__image mockups__item__image__right\">\n                        <div class=\"mockups__item__image__img\">\n                <img loading=\"lazy\" decoding=\"async\" width=\"768\" height=\"1026\" src=\"https:\/\/www.nextbike.de\/dcs-bike\/wp-content\/uploads\/sites\/47\/2023\/02\/rechts-768x1026.png\" class=\"attachment-nex-sm size-nex-sm\" alt=\"\" srcset=\"https:\/\/www.nextbike.de\/dcs-bike\/wp-content\/uploads\/sites\/47\/2023\/02\/rechts-768x1026.png 768w, https:\/\/www.nextbike.de\/dcs-bike\/wp-content\/uploads\/sites\/47\/2023\/02\/rechts-225x300.png 225w, https:\/\/www.nextbike.de\/dcs-bike\/wp-content\/uploads\/sites\/47\/2023\/02\/rechts-766x1024.png 766w, https:\/\/www.nextbike.de\/dcs-bike\/wp-content\/uploads\/sites\/47\/2023\/02\/rechts-992x1326.png 992w, https:\/\/www.nextbike.de\/dcs-bike\/wp-content\/uploads\/sites\/47\/2023\/02\/rechts-480x641.png 480w, https:\/\/www.nextbike.de\/dcs-bike\/wp-content\/uploads\/sites\/47\/2023\/02\/rechts-105x140.png 105w, https:\/\/www.nextbike.de\/dcs-bike\/wp-content\/uploads\/sites\/47\/2023\/02\/rechts-75x100.png 75w, https:\/\/www.nextbike.de\/dcs-bike\/wp-content\/uploads\/sites\/47\/2023\/02\/rechts.png 1044w\" sizes=\"auto, (max-width: 768px) 100vw, 768px\" \/>            <\/div>\n                                                            <div class=\"mockups__item__image__bg parallax\">\n                        <img loading=\"lazy\" decoding=\"async\" width=\"1\" height=\"1\" src=\"https:\/\/www.nextbike.de\/dcs-bike\/wp-content\/uploads\/sites\/47\/2023\/02\/bubble-SCAN.svg\" class=\"attachment-nex-md size-nex-md\" alt=\"\" \/>                    <\/div>\n                                    <\/div>\n                        <div class=\"mockups__item__content mockups__item__content__right\">\n                        <h2 class=\"h3 mockups__item__headline\">\n                Ausleihe &amp; R\u00fcckgabe            <\/h2>\n                                    <p class=\"mockups__item__text\">\n                Es ist kinderleicht und du bist jederzeit superschnell unterwegs.            <\/p>\n                                    <a href=\"#so-gehts\" target=\"_self\" title=\"So geht&#039;s!\" class=\"mockups__item__link\" >\n                So geht&#039;s!            <\/a>\n                    <\/div>\n            <\/div>\n<\/div>\n<div class=\"mockups__item\">\n    <div class=\"mockups__item__container\">\n                <div class=\"mockups__item__image mockups__item__image__left\">\n                        <div class=\"mockups__item__image__img\">\n                <img loading=\"lazy\" decoding=\"async\" width=\"768\" height=\"1026\" src=\"https:\/\/www.nextbike.de\/dcs-bike\/wp-content\/uploads\/sites\/47\/2024\/08\/frontal-neu-768x1026.png\" class=\"attachment-nex-sm size-nex-sm\" alt=\"nextbike App Screenshot zeigt Informationen (Ausleihdauer, Preis, Startpunkt, Endpunkt) einer beendeten Rad-Leihe.\" srcset=\"https:\/\/www.nextbike.de\/dcs-bike\/wp-content\/uploads\/sites\/47\/2024\/08\/frontal-neu-768x1026.png 768w, https:\/\/www.nextbike.de\/dcs-bike\/wp-content\/uploads\/sites\/47\/2024\/08\/frontal-neu-225x300.png 225w, https:\/\/www.nextbike.de\/dcs-bike\/wp-content\/uploads\/sites\/47\/2024\/08\/frontal-neu-766x1024.png 766w, https:\/\/www.nextbike.de\/dcs-bike\/wp-content\/uploads\/sites\/47\/2024\/08\/frontal-neu-992x1326.png 992w, https:\/\/www.nextbike.de\/dcs-bike\/wp-content\/uploads\/sites\/47\/2024\/08\/frontal-neu-480x641.png 480w, https:\/\/www.nextbike.de\/dcs-bike\/wp-content\/uploads\/sites\/47\/2024\/08\/frontal-neu-105x140.png 105w, https:\/\/www.nextbike.de\/dcs-bike\/wp-content\/uploads\/sites\/47\/2024\/08\/frontal-neu-75x100.png 75w, https:\/\/www.nextbike.de\/dcs-bike\/wp-content\/uploads\/sites\/47\/2024\/08\/frontal-neu.png 1044w\" sizes=\"auto, (max-width: 768px) 100vw, 768px\" \/>            <\/div>\n                                                            <div class=\"mockups__item__image__bg parallax\">\n                        <img loading=\"lazy\" decoding=\"async\" width=\"1\" height=\"1\" src=\"https:\/\/www.nextbike.de\/dcs-bike\/wp-content\/uploads\/sites\/47\/2023\/02\/bubble-APP.svg\" class=\"attachment-nex-md size-nex-md\" alt=\"\" \/>                    <\/div>\n                                    <\/div>\n                        <div class=\"mockups__item__content mockups__item__content__left\">\n                        <h2 class=\"h3 mockups__item__headline\">\n                Nachhaltig mobil            <\/h2>\n                                    <p class=\"mockups__item__text\">\n                Beweg dich \u2013 f\u00fcr Fahrspa\u00df ohne L\u00e4rm und Abgase. Nutze das Roche-Bike 120 Minuten pro Ausleihe kostenfrei.            <\/p>\n                                    <a href=\"#tarife\" target=\"_self\" title=\"Unsere Tarife\" class=\"mockups__item__link\" >\n                Unsere Tarife            <\/a>\n                    <\/div>\n            <\/div>\n<\/div>\n<\/div>[\/vc_column][\/vc_row][vc_row ppi_row_type=&#8220;ppi_bg_grey&#8220; full_width=&#8220;stretch_row&#8220; el_id=&#8220;so-gehts&#8220;][vc_column]<div class=\"nextbike how-its-done\">\n    <h2>So geht\u2019s<\/h2>\n\n    <div class=\"how-its-done__text\">\n        <p>Die Registrierung f\u00fcr Roche-Bike erfolgt ausschlie\u00dflich \u00fcber diese Seite. Registrieren k\u00f6nnen sich berechtigte Mitarbeitende von Roche Mannheim unter Verwendung eines individuellen Gutscheincodes. Deinen Registrierungscode kannst Du <span style=\"text-decoration: underline;\"><a href=\"https:\/\/docs.google.com\/forms\/d\/e\/1FAIpQLSfY8vxqMOTIQgQiIGoNNV7nhUBIaMOsKCj4Gu73i84KCqMFNQ\/formrestricted\" target=\"_blank\" rel=\"noopener\">HIER<\/a><\/span> beantragen.<\/p>\n<p data-renderer-start-pos=\"658\">Du darfst die Roche-Bike Dienstfahrr\u00e4der nur dann nutzen, wenn Du die Nutzungsbedingungen von Roche Mannheim f\u00fcr Roche-Bike akzeptierst.<\/p>\n    <\/div>\n\n\n<div class=\"how-its-done__container\">\n                        <div class=\"how-its-done__ctab how-its-done__ctab__tab1 how-its-done__ctab__current\" data-ctab=\"tab1\">\n                <div class=\"how-its-done__image\">\n                    <img loading=\"lazy\" decoding=\"async\" width=\"1\" height=\"1\" src=\"https:\/\/www.nextbike.de\/dcs-bike\/wp-content\/uploads\/sites\/47\/2023\/02\/Framelock.svg\" class=\"attachment-nex-md size-nex-md\" alt=\"Grafische Darstellung: Rad-Leihe wird \u00fcber nextbike App gestartet, wodurch das Rahmenschloss am Rad aufspringt.\" \/>                <\/div>\n                <div class=\"how-its-done__content\">\n                                            <h3 class=\"h5\">REGISTRIERUNG<\/h3>\n                                                                <p>Die Registrierung ist kostenlos. L\u00f6se deinen Gutschein-Code (den du von deinem Arbeitgeber bekommen hast) in der App ein, um das Roche-Bike 120 Minuten kostenfrei nutzen zu k\u00f6nnen.<\/p>\n                                                                <h3 class=\"h5\">AUSLEIHE<\/h3>\n                                                                <p>R\u00e4der k\u00f6nnen an allen sechs Roche-Bike Stationen  ausgeliehen werden. Scanne mit der nextbike App den QR-Code am Rad und das Rahmenschloss \u00f6ffnet sich automatisch.<\/p>\n                                                                <h3 class=\"h5\">PAUSIEREN<\/h3>\n                                                                <p>Fahrt pausieren, ohne die Ausleihe zu beenden? Pausiere dazu einfach deine Fahrt in der App und schlie\u00dfe das Schloss. Die Ausleihe l\u00e4uft w\u00e4hrend des Pausierens weiter und wird identisch berechnet.<\/p>\n                                                                <h3 class=\"h5\">R\u00dcCKGABE<\/h3>\n                                                                <p>R\u00e4der k\u00f6nnen an allen Roche-Bike Stationen zur\u00fcckgegeben werden. Stelle das Rad an einer der sechs Stationen ab und dr\u00fccke den kleinen Hebel am Rahmenschloss nach unten.<\/p>\n                                    <\/div>\n            <\/div>\n                                                            <\/div>\n<\/div>[\/vc_column][\/vc_row][vc_row el_id=&#8220;tarife&#8220;][vc_column]<div class=\"nextbike tariffs\"><h2>Unsere Tarife<\/h2><div class=\"tariffs__text\"><p>Nutze das Roche-Bike 120 Minuten pro Ausleihe kostenfrei.<\/p>\n<\/p><\/div><div class=\"tariffs__tabs tariffs__tabs__hidden\"><a role=\"button\" href=\"#\" class=\"tariffs__tab tariffs__tab__current\" data-tab=\"Standard\">Standard<\/a><\/div><div class=\"tariffs__contents\"><div class=\"tariffs__content  tariffs__content__current\" data-content=\"Standard\"><div class=\"tariffs__content__card\">\n    <span class=\"h5\" role=\"heading\">Exklusiv f\u00fcr Roche-Mitarbeitende<\/span>\n    <h3 class=\"h2\">Kostenfreie Nutzung<\/h3>\n    <h4 class=\"h3\">max. 120 min<\/h4>\n    <p><p>Die Nutzung des Roche-Bikes ist kostenfrei. Pro Ausleihe sollen 120 Minuten nicht \u00fcberschritten werden.<\/p>\n<\/p>\n<\/div>\n<\/div><\/div><\/div>[\/vc_column][\/vc_row][vc_row full_width=&#8220;stretch_row_content_no_spaces&#8220; disable_element=&#8220;yes&#8220;][vc_column]<div class=\"nextbike cites\" style=\"background-image:url(https:\/\/www.nextbike.de\/dcs-bike\/wp-content\/uploads\/sites\/47\/2023\/02\/Bubbles_section.svg)\";><div class=\"container\"><p>Was andere sagen<\/p><p>\u2014<\/p><div class=\"cites__container cites-slider\"><div class=\"cites__slide\">\n    <div class=\"cites__slide__cite\">Funktioniert wunderbar. Fahrtpausen sind auch kein Problem. Habe ich bei anderen Anbietern schon anders erlebt. \ud83d\udc4d\r\n<\/div>\n    <div class=\"cites__slide__author\">\n        <div class=\"cites__slide__author__name\">Johannes<\/div>\n        <div class=\"cites__slide__author__platform\">Android Nutzer<\/div>\n    <\/div>\n<\/div>\n<div class=\"cites__slide\">\n    <div class=\"cites__slide__cite\">Hab die App f\u00fcr mich entdeckt als ich f\u00fcrs Studium vom Land in die Stadt gezogen bin und mein Fahrrad nicht mitnehmen konnte. Es ist einfach schnell und unkompliziert, noch besser als ich dachte. Geile Idee!<\/div>\n    <div class=\"cites__slide__author\">\n        <div class=\"cites__slide__author__name\">Kimmy<\/div>\n        <div class=\"cites__slide__author__platform\">iOS Nutzerin<\/div>\n    <\/div>\n<\/div>\n<div class=\"cites__slide\">\n    <div class=\"cites__slide__cite\">Funktioniert hier in Innsbruck perfekt! \ud83d\udc4c\ud83c\udffb\ud83d\udc4d\ud83c\udffb Bin sowas von zufrieden. Auch mein Fehler bei der R\u00fcckgabe (Stammkunde) wurde ohne gro\u00dfe Diskussion soeben richtig gestellt. Sehr freundlicher Kundenservice - Preis super - Alles Top - weiter so und vielen Dank!<\/div>\n    <div class=\"cites__slide__author\">\n        <div class=\"cites__slide__author__name\">Renate<\/div>\n        <div class=\"cites__slide__author__platform\">Android Nutzerin<\/div>\n    <\/div>\n<\/div>\n<div class=\"cites__slide\">\n    <div class=\"cites__slide__cite\">Die ungebundene Mobilit\u00e4t in der Stadt ist spitze. Somit hat man immer einen Anschluss an die Bahn oder Bus f\u00fcr die letzten Meter.<\/div>\n    <div class=\"cites__slide__author\">\n        <div class=\"cites__slide__author__name\">Tim<\/div>\n        <div class=\"cites__slide__author__platform\">iOS Nutzer<\/div>\n    <\/div>\n<\/div>\n<\/div>\n                                <\/div>\n                            <\/div>[\/vc_column][\/vc_row][vc_row ppi_row_padding=&#8220;ppi_remove_padding_bottom&#8220; full_width=&#8220;stretch_row_content_no_spaces&#8220; el_id=&#8220;vorteile&#8220;][vc_column]<div class=\"nextbike slider\">\n            <div class=\"slider__black\">\n            <h2 class=\"h1\">Zwischen DCS-Geb\u00e4ude und Campus pendeln - nutze das Roche-Bike!<\/h2>\n        <\/div>\n        <div class=\"full-width-slider\">\n                        <div class=\"slider__slide center\">\n                    <img loading=\"lazy\" decoding=\"async\" width=\"1000\" height=\"667\" src=\"https:\/\/www.nextbike.de\/dcs-bike\/wp-content\/uploads\/sites\/47\/2023\/02\/KLIMASTREIK_nextbike2021_RS__77_75dpi.jpg\" class=\"attachment-nex-max size-nex-max wp-post-image\" alt=\"Ein Person auf einem Roche Bike Leihfahrrad. Im Fokus das Rad und die Beine.\" srcset=\"https:\/\/www.nextbike.de\/dcs-bike\/wp-content\/uploads\/sites\/47\/2023\/02\/KLIMASTREIK_nextbike2021_RS__77_75dpi.jpg 1000w, https:\/\/www.nextbike.de\/dcs-bike\/wp-content\/uploads\/sites\/47\/2023\/02\/KLIMASTREIK_nextbike2021_RS__77_75dpi-300x200.jpg 300w, https:\/\/www.nextbike.de\/dcs-bike\/wp-content\/uploads\/sites\/47\/2023\/02\/KLIMASTREIK_nextbike2021_RS__77_75dpi-768x512.jpg 768w, https:\/\/www.nextbike.de\/dcs-bike\/wp-content\/uploads\/sites\/47\/2023\/02\/KLIMASTREIK_nextbike2021_RS__77_75dpi-992x662.jpg 992w, https:\/\/www.nextbike.de\/dcs-bike\/wp-content\/uploads\/sites\/47\/2023\/02\/KLIMASTREIK_nextbike2021_RS__77_75dpi-480x320.jpg 480w, https:\/\/www.nextbike.de\/dcs-bike\/wp-content\/uploads\/sites\/47\/2023\/02\/KLIMASTREIK_nextbike2021_RS__77_75dpi-210x140.jpg 210w, https:\/\/www.nextbike.de\/dcs-bike\/wp-content\/uploads\/sites\/47\/2023\/02\/KLIMASTREIK_nextbike2021_RS__77_75dpi-150x100.jpg 150w\" sizes=\"auto, (max-width: 1000px) 100vw, 1000px\" \/>                                            <div class=\"slider__slide__overlay\" style=\"background-color: rgba(0,0,0,0.3);\"><\/div>\n                                        <div class=\"slider__slide__inner container\">\n                                                                                            <\/div>\n                <\/div>\n                <\/div>\n<\/div>\n[\/vc_column][\/vc_row]<\/p>\n<\/div>","protected":false},"excerpt":{"rendered":"<p>[vc_row ppi_row_padding=&#8220;ppi_remove_padding_top,ppi_remove_padding_bottom&#8220; full_width=&#8220;stretch_row_content_no_spaces&#8220; el_class=&#8220;stage-row&#8220;][vc_column][\/vc_column][\/vc_row][vc_row ppi_row_padding=&#8220;ppi_remove_padding_top&#8220;][vc_column][\/vc_column][\/vc_row][vc_row ppi_row_type=&#8220;ppi_bg_grey&#8220; full_width=&#8220;stretch_row&#8220; el_id=&#8220;so-gehts&#8220;][vc_column][\/vc_column][\/vc_row][vc_row el_id=&#8220;tarife&#8220;][vc_column][\/vc_column][\/vc_row][vc_row full_width=&#8220;stretch_row_content_no_spaces&#8220; disable_element=&#8220;yes&#8220;][vc_column][\/vc_column][\/vc_row][vc_row ppi_row_padding=&#8220;ppi_remove_padding_bottom&#8220; full_width=&#8220;stretch_row_content_no_spaces&#8220; el_id=&#8220;vorteile&#8220;][vc_column][\/vc_column][\/vc_row]<\/p>\n","protected":false},"author":5,"featured_media":0,"parent":0,"menu_order":0,"comment_status":"closed","ping_status":"closed","template":"","meta":{"_acf_changed":false,"inline_featured_image":false,"footnotes":""},"class_list":["post-4","page","type-page","status-publish","hentry"],"acf":[],"yoast_head":"<!-- This site is optimized with the Yoast SEO plugin v27.2 - https:\/\/yoast.com\/product\/yoast-seo-wordpress\/ -->\n<title>Roche-BIKE - das ROCHE Werkssystem<\/title>\n<meta name=\"description\" content=\"Roche-Bike ist das exklusive Fahrradverleihsystem f\u00fcr Mitarbeitende auf dem Werksgel\u00e4nde von Roche Mannheim.\" \/>\n<meta name=\"robots\" content=\"index, follow, max-snippet:-1, max-image-preview:large, max-video-preview:-1\" \/>\n<link rel=\"canonical\" href=\"https:\/\/www.nextbike.de\/dcs-bike\/de\/\" \/>\n<meta property=\"og:locale\" content=\"de_DE\" \/>\n<meta property=\"og:type\" content=\"article\" \/>\n<meta property=\"og:title\" content=\"Roche-BIKE - das ROCHE Werkssystem\" \/>\n<meta property=\"og:description\" content=\"Roche-Bike ist das exklusive Fahrradverleihsystem f\u00fcr Mitarbeitende auf dem Werksgel\u00e4nde von Roche Mannheim.\" \/>\n<meta property=\"og:url\" content=\"https:\/\/www.nextbike.de\/dcs-bike\/de\/\" \/>\n<meta property=\"og:site_name\" content=\"Roche-Bike\" \/>\n<meta property=\"article:modified_time\" content=\"2024-08-21T09:49:55+00:00\" \/>\n<meta name=\"twitter:card\" content=\"summary_large_image\" \/>\n<meta name=\"twitter:label1\" content=\"Gesch\u00e4tzte Lesezeit\" \/>\n\t<meta name=\"twitter:data1\" content=\"1\u00a0Minute\" \/>\n<script type=\"application\/ld+json\" class=\"yoast-schema-graph\">{\"@context\":\"https:\/\/schema.org\",\"@graph\":[{\"@type\":\"WebPage\",\"@id\":\"https:\/\/www.nextbike.de\/dcs-bike\/de\/\",\"url\":\"https:\/\/www.nextbike.de\/dcs-bike\/de\/\",\"name\":\"Roche-BIKE - das ROCHE Werkssystem\",\"isPartOf\":{\"@id\":\"https:\/\/www.nextbike.de\/dcs-bike\/de\/#website\"},\"datePublished\":\"2022-08-11T10:13:00+00:00\",\"dateModified\":\"2024-08-21T09:49:55+00:00\",\"description\":\"Roche-Bike ist das exklusive Fahrradverleihsystem f\u00fcr Mitarbeitende auf dem Werksgel\u00e4nde von Roche Mannheim.\",\"breadcrumb\":{\"@id\":\"https:\/\/www.nextbike.de\/dcs-bike\/de\/#breadcrumb\"},\"inLanguage\":\"de\",\"potentialAction\":[{\"@type\":\"ReadAction\",\"target\":[\"https:\/\/www.nextbike.de\/dcs-bike\/de\/\"]}]},{\"@type\":\"BreadcrumbList\",\"@id\":\"https:\/\/www.nextbike.de\/dcs-bike\/de\/#breadcrumb\",\"itemListElement\":[{\"@type\":\"ListItem\",\"position\":1,\"name\":\"Startseite\",\"item\":\"https:\/\/www.nextbike.de\/dcs-bike\/de\/\"},{\"@type\":\"ListItem\",\"position\":2,\"name\":\"Startseite\"}]},{\"@type\":\"WebSite\",\"@id\":\"https:\/\/www.nextbike.de\/dcs-bike\/de\/#website\",\"url\":\"https:\/\/www.nextbike.de\/dcs-bike\/de\/\",\"name\":\"Roche-Bike\",\"description\":\"Das exklusive Fahrradverleihsystem auf dem Werksgel\u00e4nde von Roche Mannheim\",\"potentialAction\":[{\"@type\":\"SearchAction\",\"target\":{\"@type\":\"EntryPoint\",\"urlTemplate\":\"https:\/\/www.nextbike.de\/dcs-bike\/de\/?s={search_term_string}\"},\"query-input\":{\"@type\":\"PropertyValueSpecification\",\"valueRequired\":true,\"valueName\":\"search_term_string\"}}],\"inLanguage\":\"de\"}]}<\/script>\n<!-- \/ Yoast SEO plugin. -->","yoast_head_json":{"title":"Roche-BIKE - das ROCHE Werkssystem","description":"Roche-Bike ist das exklusive Fahrradverleihsystem f\u00fcr Mitarbeitende auf dem Werksgel\u00e4nde von Roche Mannheim.","robots":{"index":"index","follow":"follow","max-snippet":"max-snippet:-1","max-image-preview":"max-image-preview:large","max-video-preview":"max-video-preview:-1"},"canonical":"https:\/\/www.nextbike.de\/dcs-bike\/de\/","og_locale":"de_DE","og_type":"article","og_title":"Roche-BIKE - das ROCHE Werkssystem","og_description":"Roche-Bike ist das exklusive Fahrradverleihsystem f\u00fcr Mitarbeitende auf dem Werksgel\u00e4nde von Roche Mannheim.","og_url":"https:\/\/www.nextbike.de\/dcs-bike\/de\/","og_site_name":"Roche-Bike","article_modified_time":"2024-08-21T09:49:55+00:00","twitter_card":"summary_large_image","twitter_misc":{"Gesch\u00e4tzte Lesezeit":"1\u00a0Minute"},"schema":{"@context":"https:\/\/schema.org","@graph":[{"@type":"WebPage","@id":"https:\/\/www.nextbike.de\/dcs-bike\/de\/","url":"https:\/\/www.nextbike.de\/dcs-bike\/de\/","name":"Roche-BIKE - das ROCHE Werkssystem","isPartOf":{"@id":"https:\/\/www.nextbike.de\/dcs-bike\/de\/#website"},"datePublished":"2022-08-11T10:13:00+00:00","dateModified":"2024-08-21T09:49:55+00:00","description":"Roche-Bike ist das exklusive Fahrradverleihsystem f\u00fcr Mitarbeitende auf dem Werksgel\u00e4nde von Roche Mannheim.","breadcrumb":{"@id":"https:\/\/www.nextbike.de\/dcs-bike\/de\/#breadcrumb"},"inLanguage":"de","potentialAction":[{"@type":"ReadAction","target":["https:\/\/www.nextbike.de\/dcs-bike\/de\/"]}]},{"@type":"BreadcrumbList","@id":"https:\/\/www.nextbike.de\/dcs-bike\/de\/#breadcrumb","itemListElement":[{"@type":"ListItem","position":1,"name":"Startseite","item":"https:\/\/www.nextbike.de\/dcs-bike\/de\/"},{"@type":"ListItem","position":2,"name":"Startseite"}]},{"@type":"WebSite","@id":"https:\/\/www.nextbike.de\/dcs-bike\/de\/#website","url":"https:\/\/www.nextbike.de\/dcs-bike\/de\/","name":"Roche-Bike","description":"Das exklusive Fahrradverleihsystem auf dem Werksgel\u00e4nde von Roche Mannheim","potentialAction":[{"@type":"SearchAction","target":{"@type":"EntryPoint","urlTemplate":"https:\/\/www.nextbike.de\/dcs-bike\/de\/?s={search_term_string}"},"query-input":{"@type":"PropertyValueSpecification","valueRequired":true,"valueName":"search_term_string"}}],"inLanguage":"de"}]}},"_links":{"self":[{"href":"https:\/\/www.nextbike.de\/dcs-bike\/de\/wp-json\/wp\/v2\/pages\/4","targetHints":{"allow":["GET"]}}],"collection":[{"href":"https:\/\/www.nextbike.de\/dcs-bike\/de\/wp-json\/wp\/v2\/pages"}],"about":[{"href":"https:\/\/www.nextbike.de\/dcs-bike\/de\/wp-json\/wp\/v2\/types\/page"}],"author":[{"embeddable":true,"href":"https:\/\/www.nextbike.de\/dcs-bike\/de\/wp-json\/wp\/v2\/users\/5"}],"replies":[{"embeddable":true,"href":"https:\/\/www.nextbike.de\/dcs-bike\/de\/wp-json\/wp\/v2\/comments?post=4"}],"version-history":[{"count":6,"href":"https:\/\/www.nextbike.de\/dcs-bike\/de\/wp-json\/wp\/v2\/pages\/4\/revisions"}],"predecessor-version":[{"id":149,"href":"https:\/\/www.nextbike.de\/dcs-bike\/de\/wp-json\/wp\/v2\/pages\/4\/revisions\/149"}],"wp:attachment":[{"href":"https:\/\/www.nextbike.de\/dcs-bike\/de\/wp-json\/wp\/v2\/media?parent=4"}],"curies":[{"name":"wp","href":"https:\/\/api.w.org\/{rel}","templated":true}]}}