{"id":374,"date":"2025-06-10T11:02:15","date_gmt":"2025-06-10T09:02:15","guid":{"rendered":"https:\/\/www.nextbike.de\/bre-bike\/?page_id=374"},"modified":"2025-06-11T15:52:29","modified_gmt":"2025-06-11T13:52:29","slug":"standorte","status":"publish","type":"page","link":"https:\/\/www.nextbike.de\/bre-bike\/de\/standorte\/","title":{"rendered":"Standorte"},"content":{"rendered":"<div class=\"wpb-content-wrapper\"><p>[vc_row][vc_column][vc_empty_space][vc_column_text]<nb-website-map\n            style='width: 100%; height: 600px; font-size: 16px'\n            nb-api-key='b81GaVjWB1jcupPr'\n            nb-show-legend='false'\n            show-searchbox='false'\n            nb-language='de'\n            nb-brands='bq'\n            nb-zoom='13'\n            nb-cities='379'\n            nb-cities-focus='379'\n            nb-branding='bq'\n        ><\/nb-website-map><\/p>\n<p>&nbsp;<\/p>\n<p>Die Farbgebung der Karte weicht von der Darstellung in der App ab. Hier pink eingef\u00e4rbte Zonen entsprechen der gelben Zone in der App. Die R\u00fcckgabe klassischer Fahrr\u00e4der ist hier mit einem 1\u20ac-Aufpreis m\u00f6glich.<br \/>\nAuf den hier blau eingef\u00e4rbten Stra\u00dfen sowie an den Stationen (gro\u00dfe dunkelblaue Marker) ist die R\u00fcckgabe klassischer R\u00e4der ohne Aufpreis m\u00f6glich.[\/vc_column_text][\/vc_column][\/vc_row]<\/p>\n<\/div>","protected":false},"excerpt":{"rendered":"<p>[vc_row][vc_column][vc_empty_space][vc_column_text] &nbsp; Die Farbgebung der Karte weicht von der Darstellung in der App ab. Hier pink eingef\u00e4rbte Zonen entsprechen der gelben Zone in der App. Die R\u00fcckgabe klassischer Fahrr\u00e4der ist hier mit einem 1\u20ac-Aufpreis m\u00f6glich. Auf den hier blau eingef\u00e4rbten Stra\u00dfen sowie an den Stationen (gro\u00dfe dunkelblaue Marker) ist die R\u00fcckgabe klassischer R\u00e4der ohne Aufpreis [&hellip;]<\/p>\n","protected":false},"author":13,"featured_media":0,"parent":0,"menu_order":0,"comment_status":"closed","ping_status":"closed","template":"","meta":{"_acf_changed":false,"inline_featured_image":false,"footnotes":""},"class_list":["post-374","page","type-page","status-publish","hentry"],"acf":[],"yoast_head":"<!-- This site is optimized with the Yoast SEO plugin v27.2 - https:\/\/yoast.com\/product\/yoast-seo-wordpress\/ -->\n<title>Standorte - Bre.Bike Bremen<\/title>\n<meta name=\"description\" content=\"Erhalte einen \u00dcberblick \u00fcber die Flexzone und Stationsverteilung in Bremen.\" \/>\n<meta name=\"robots\" content=\"index, follow, max-snippet:-1, max-image-preview:large, max-video-preview:-1\" \/>\n<link rel=\"canonical\" href=\"https:\/\/www.nextbike.de\/bre-bike\/de\/standorte\/\" \/>\n<meta property=\"og:locale\" content=\"de_DE\" \/>\n<meta property=\"og:type\" content=\"article\" \/>\n<meta property=\"og:title\" content=\"Standorte - Bre.Bike Bremen\" \/>\n<meta property=\"og:description\" content=\"Erhalte einen \u00dcberblick \u00fcber die Flexzone und Stationsverteilung in Bremen.\" \/>\n<meta property=\"og:url\" content=\"https:\/\/www.nextbike.de\/bre-bike\/de\/standorte\/\" \/>\n<meta property=\"og:site_name\" content=\"Bre.Bike Bremen\" \/>\n<meta property=\"article:modified_time\" content=\"2025-06-11T13:52:29+00:00\" \/>\n<meta name=\"twitter:card\" content=\"summary_large_image\" \/>\n<meta name=\"twitter:label1\" content=\"Gesch\u00e4tzte Lesezeit\" \/>\n\t<meta name=\"twitter:data1\" content=\"1\u00a0Minute\" \/>\n<script type=\"application\/ld+json\" class=\"yoast-schema-graph\">{\"@context\":\"https:\/\/schema.org\",\"@graph\":[{\"@type\":\"WebPage\",\"@id\":\"https:\/\/www.nextbike.de\/bre-bike\/de\/standorte\/\",\"url\":\"https:\/\/www.nextbike.de\/bre-bike\/de\/standorte\/\",\"name\":\"Standorte - Bre.Bike Bremen\",\"isPartOf\":{\"@id\":\"https:\/\/www.nextbike.de\/bre-bike\/de\/#website\"},\"datePublished\":\"2025-06-10T09:02:15+00:00\",\"dateModified\":\"2025-06-11T13:52:29+00:00\",\"description\":\"Erhalte einen \u00dcberblick \u00fcber die Flexzone und Stationsverteilung in Bremen.\",\"breadcrumb\":{\"@id\":\"https:\/\/www.nextbike.de\/bre-bike\/de\/standorte\/#breadcrumb\"},\"inLanguage\":\"de\",\"potentialAction\":[{\"@type\":\"ReadAction\",\"target\":[\"https:\/\/www.nextbike.de\/bre-bike\/de\/standorte\/\"]}]},{\"@type\":\"BreadcrumbList\",\"@id\":\"https:\/\/www.nextbike.de\/bre-bike\/de\/standorte\/#breadcrumb\",\"itemListElement\":[{\"@type\":\"ListItem\",\"position\":1,\"name\":\"Startseite\",\"item\":\"https:\/\/www.nextbike.de\/bre-bike\/de\/\"},{\"@type\":\"ListItem\",\"position\":2,\"name\":\"Standorte\"}]},{\"@type\":\"WebSite\",\"@id\":\"https:\/\/www.nextbike.de\/bre-bike\/de\/#website\",\"url\":\"https:\/\/www.nextbike.de\/bre-bike\/de\/\",\"name\":\"Bre.Bike Bremen\",\"description\":\"Eine weitere Nextbike Websites Website\",\"potentialAction\":[{\"@type\":\"SearchAction\",\"target\":{\"@type\":\"EntryPoint\",\"urlTemplate\":\"https:\/\/www.nextbike.de\/bre-bike\/de\/?s={search_term_string}\"},\"query-input\":{\"@type\":\"PropertyValueSpecification\",\"valueRequired\":true,\"valueName\":\"search_term_string\"}}],\"inLanguage\":\"de\"}]}<\/script>\n<!-- \/ Yoast SEO plugin. -->","yoast_head_json":{"title":"Standorte - Bre.Bike Bremen","description":"Erhalte einen \u00dcberblick \u00fcber die Flexzone und Stationsverteilung in Bremen.","robots":{"index":"index","follow":"follow","max-snippet":"max-snippet:-1","max-image-preview":"max-image-preview:large","max-video-preview":"max-video-preview:-1"},"canonical":"https:\/\/www.nextbike.de\/bre-bike\/de\/standorte\/","og_locale":"de_DE","og_type":"article","og_title":"Standorte - Bre.Bike Bremen","og_description":"Erhalte einen \u00dcberblick \u00fcber die Flexzone und Stationsverteilung in Bremen.","og_url":"https:\/\/www.nextbike.de\/bre-bike\/de\/standorte\/","og_site_name":"Bre.Bike Bremen","article_modified_time":"2025-06-11T13:52:29+00:00","twitter_card":"summary_large_image","twitter_misc":{"Gesch\u00e4tzte Lesezeit":"1\u00a0Minute"},"schema":{"@context":"https:\/\/schema.org","@graph":[{"@type":"WebPage","@id":"https:\/\/www.nextbike.de\/bre-bike\/de\/standorte\/","url":"https:\/\/www.nextbike.de\/bre-bike\/de\/standorte\/","name":"Standorte - Bre.Bike Bremen","isPartOf":{"@id":"https:\/\/www.nextbike.de\/bre-bike\/de\/#website"},"datePublished":"2025-06-10T09:02:15+00:00","dateModified":"2025-06-11T13:52:29+00:00","description":"Erhalte einen \u00dcberblick \u00fcber die Flexzone und Stationsverteilung in Bremen.","breadcrumb":{"@id":"https:\/\/www.nextbike.de\/bre-bike\/de\/standorte\/#breadcrumb"},"inLanguage":"de","potentialAction":[{"@type":"ReadAction","target":["https:\/\/www.nextbike.de\/bre-bike\/de\/standorte\/"]}]},{"@type":"BreadcrumbList","@id":"https:\/\/www.nextbike.de\/bre-bike\/de\/standorte\/#breadcrumb","itemListElement":[{"@type":"ListItem","position":1,"name":"Startseite","item":"https:\/\/www.nextbike.de\/bre-bike\/de\/"},{"@type":"ListItem","position":2,"name":"Standorte"}]},{"@type":"WebSite","@id":"https:\/\/www.nextbike.de\/bre-bike\/de\/#website","url":"https:\/\/www.nextbike.de\/bre-bike\/de\/","name":"Bre.Bike Bremen","description":"Eine weitere Nextbike Websites Website","potentialAction":[{"@type":"SearchAction","target":{"@type":"EntryPoint","urlTemplate":"https:\/\/www.nextbike.de\/bre-bike\/de\/?s={search_term_string}"},"query-input":{"@type":"PropertyValueSpecification","valueRequired":true,"valueName":"search_term_string"}}],"inLanguage":"de"}]}},"_links":{"self":[{"href":"https:\/\/www.nextbike.de\/bre-bike\/de\/wp-json\/wp\/v2\/pages\/374","targetHints":{"allow":["GET"]}}],"collection":[{"href":"https:\/\/www.nextbike.de\/bre-bike\/de\/wp-json\/wp\/v2\/pages"}],"about":[{"href":"https:\/\/www.nextbike.de\/bre-bike\/de\/wp-json\/wp\/v2\/types\/page"}],"author":[{"embeddable":true,"href":"https:\/\/www.nextbike.de\/bre-bike\/de\/wp-json\/wp\/v2\/users\/13"}],"replies":[{"embeddable":true,"href":"https:\/\/www.nextbike.de\/bre-bike\/de\/wp-json\/wp\/v2\/comments?post=374"}],"version-history":[{"count":5,"href":"https:\/\/www.nextbike.de\/bre-bike\/de\/wp-json\/wp\/v2\/pages\/374\/revisions"}],"predecessor-version":[{"id":392,"href":"https:\/\/www.nextbike.de\/bre-bike\/de\/wp-json\/wp\/v2\/pages\/374\/revisions\/392"}],"wp:attachment":[{"href":"https:\/\/www.nextbike.de\/bre-bike\/de\/wp-json\/wp\/v2\/media?parent=374"}],"curies":[{"name":"wp","href":"https:\/\/api.w.org\/{rel}","templated":true}]}}