{"id":324,"date":"2025-03-11T15:45:41","date_gmt":"2025-03-11T14:45:41","guid":{"rendered":"https:\/\/nextbike-live.pluspol-networks.de\/bre_bike_bremen\/?page_id=324"},"modified":"2026-04-24T13:18:47","modified_gmt":"2026-04-24T11:18:47","slug":"campusbike","status":"publish","type":"page","link":"https:\/\/www.nextbike.de\/bre-bike\/de\/campusbike\/","title":{"rendered":"CAMPUSbike"},"content":{"rendered":"<div class=\"wpb-content-wrapper\"><p>[vc_row][vc_column][vc_column_text css=&#8220;&#8220;]<\/p>\n<h1 style=\"text-align: center;\">CAMPUSbike<\/h1>\n<h3 style=\"text-align: center;\">f\u00fcr Studierende in Bremen<\/h3>\n<p>[\/vc_column_text][\/vc_column][\/vc_row][vc_row disable_element=&#8220;yes&#8220;][vc_column width=&#8220;1\/6&#8243;][vc_icon icon_fontawesome=&#8220;fas fa-university&#8220; color=&#8220;custom&#8220; size=&#8220;lg&#8220; css=&#8220;&#8220; custom_color=&#8220;#FF0000&#8243;][\/vc_column][vc_column width=&#8220;5\/6&#8243;][vc_tta_accordion active_section=&#8220;0&#8243; collapsible_all=&#8220;true&#8220; title=&#8220;Teilnehmende Institutionen&#8220;][vc_tta_section title=&#8220;Ist deine Uni \/ Hochschule auch dabei?&#8220; tab_id=&#8220;institutionen329f-d03abd32-ccfe&#8220;][vc_column_text css=&#8220;&#8220;]Universit\u00e4t Bremen[\/vc_column_text][\/vc_tta_section][\/vc_tta_accordion][\/vc_column][\/vc_row][vc_row ppi_row_padding=&#8220;ppi_remove_padding_top&#8220; disable_element=&#8220;yes&#8220;][vc_column width=&#8220;1\/6&#8243;][vc_icon icon_fontawesome=&#8220;fas fa-user-plus&#8220; color=&#8220;custom&#8220; size=&#8220;lg&#8220; css=&#8220;&#8220; custom_color=&#8220;#FF0000&#8243;][\/vc_column][vc_column width=&#8220;5\/6&#8243;][vc_tta_accordion active_section=&#8220;0&#8243; collapsible_all=&#8220;true&#8220; title=&#8220;Registrierung &amp; Verkn\u00fcpfung&#8220;][vc_tta_section title=&#8220;So geht&#8217;s&#8220; tab_id=&#8220;uni-koeln329f-d03abd32-ccfe&#8220;][vc_column_text css=&#8220;&#8220;]<span data-sheets-root=\"1\">Registriere dich per App oder Webseite mit deiner Hochschul-E-Mail\u2013Adresse. Per SMS bekommst du die PIN f\u00fcr deinen Account zugesendet. An deine E-Mail-Adresse wird ein Best\u00e4tigungslink gesendet. Die Freischaltung erfolgt nach der Verifizierung automatisch.<\/span><\/p>\n<p>Du bist bereits bei Bre.Bike oder nextbike registriert, aber nicht mit deiner Hochschul-E-Mail\u2013Adresse? Dann aktualisiere diese in deinem Account und w\u00e4hle im Wallet \u201eCAMPUSbike Bremen\u201c aus. Best\u00e4tige den Link per E-Mail.[\/vc_column_text][\/vc_tta_section][\/vc_tta_accordion][\/vc_column][\/vc_row][vc_row ppi_row_padding=&#8220;ppi_remove_padding_top&#8220; disable_element=&#8220;yes&#8220;][vc_column width=&#8220;1\/6&#8243;][vc_icon icon_fontawesome=&#8220;fas fa-tags&#8220; color=&#8220;custom&#8220; size=&#8220;lg&#8220; css=&#8220;&#8220; custom_color=&#8220;#FF0000&#8243;][\/vc_column][vc_column width=&#8220;5\/6&#8243;][vc_tta_accordion active_section=&#8220;0&#8243; collapsible_all=&#8220;true&#8220; title=&#8220;Konditionen&#8220;][vc_tta_section title=&#8220;Welche Vorteile haben Studis?&#8220; tab_id=&#8220;1698310483562-1429738a-403d329f-d03abd32-ccfe&#8220;][vc_column_text css=&#8220;&#8220;]<span data-sheets-root=\"1\">Studierende radeln in Bremen und vielen deutschen St\u00e4dten* zum verg\u00fcnstigten Tarif. Bei jeder Ausleihe sind die ersten 30 Minuten kostenfrei. Danach gilt der lokale Basistarif.<\/span><\/p>\n<p>Es k\u00f6nnen bis zu vier R\u00e4der gleichzeitig auf einen Account ausgeliehen werden, die Verg\u00fcnstigung gilt aber nur f\u00fcr ein Fahrrad. Weitere R\u00e4der werden im Basistarif abgerechnet.<\/p>\n<p>Die verg\u00fcnstigten Konditionen gelten nur normale Fahrr\u00e4der, nicht f\u00fcr Lastenr\u00e4der oder e-Bikes.<\/p>\n<p>&nbsp;<\/p>\n<p>*ausgenommen sind N\u00fcrnberg, Oldenburg, Mainz, Konstanz, Usedom[\/vc_column_text][\/vc_tta_section][\/vc_tta_accordion][\/vc_column][\/vc_row][vc_row ppi_row_padding=&#8220;ppi_remove_padding_top&#8220; disable_element=&#8220;yes&#8220;][vc_column width=&#8220;1\/6&#8243;][vc_icon icon_fontawesome=&#8220;fas fa-certificate&#8220; color=&#8220;custom&#8220; size=&#8220;lg&#8220; css=&#8220;&#8220; custom_color=&#8220;#FF0000&#8243;][\/vc_column][vc_column width=&#8220;5\/6&#8243;][vc_tta_accordion active_section=&#8220;0&#8243; collapsible_all=&#8220;true&#8220; title=&#8220;G\u00fcltigkeit&#8220;][vc_tta_section title=&#8220;Wie lange gelten die Sonderkonditionen?&#8220; tab_id=&#8220;gueltigkeit329f-d03abd32-ccfe&#8220;][vc_column_text css=&#8220;&#8220;]<span data-sheets-root=\"1\">Die verg\u00fcnstigten Konditionen gelten f\u00fcr das Semester, in dem du sie freigeschaltet hast.<\/span>[\/vc_column_text][\/vc_tta_section][\/vc_tta_accordion][\/vc_column][\/vc_row][vc_row][vc_column][vc_tta_tabs active_section=&#8220;1&#8243;][vc_tta_section title=&#8220;<\/p>\n<h4>Studentischer Monatstarif<\/h4>\n<p>&#8220; tab_id=&#8220;1777028057119-57d7f9d5-f5ac&#8220;][vc_column_text css=&#8220;&#8220;]<strong>KONDITIONEN<\/strong><\/p>\n<p>Studierende der Hochschule Bremen sowie der\u00a0Constructor University erhalten den Monatstarif f\u00fcr verg\u00fcnstigt 7 \u20ac \/ Monat. Die ersten 30 Minuten pro Ausleihe eines klassischen Rads in Bremen sind inklusive. Danach f\u00e4llt der Basistarif an.<\/p>\n<p>&nbsp;<\/p>\n<p><strong>BUCHUNG<\/strong><\/p>\n<p>Hinterlege deine studentische Emailadresse in deinem Kundenkonto (@constructor.org, @stud.hs-bremen.de @lba.hs-bremen.de) und verifiziere diese \u00fcber die zugesendete Email. Nun kannst du im Wallet deiner App den verg\u00fcnstigten Monatstarif &#8222;CAMPUBbike Bre.Bike (Monatstarif Bremen) &#8220; buchen. Der Tarif verl\u00e4ngert sich automatisch.[\/vc_column_text][\/vc_tta_section][vc_tta_section title=&#8220;<\/p>\n<h4>Verg\u00fcnstigung f\u00fcr Studierende der Uni Bremen<\/h4>\n<p>&#8220; tab_id=&#8220;1777028057108-00be07eb-fc3f&#8220;][vc_column_text css=&#8220;&#8220;]<strong>KONDITIONEN<\/strong><\/p>\n<p><span data-sheets-root=\"1\">Studierende der Uni Bremen radeln in Bremen und vielen deutschen St\u00e4dten* zum verg\u00fcnstigten Tarif. <strong>Bei jeder Ausleihe sind die ersten 30 Minuten kostenfrei.<\/strong> Danach gilt der lokale Basistarif.<\/span><\/p>\n<p>Es k\u00f6nnen bis zu vier R\u00e4der gleichzeitig auf einen Account ausgeliehen werden, die Verg\u00fcnstigung gilt aber nur f\u00fcr ein Fahrrad. Weitere R\u00e4der werden im Basistarif abgerechnet.<\/p>\n<p>Die verg\u00fcnstigten Konditionen gelten nur klassische Fahrr\u00e4der, nicht f\u00fcr Lastenr\u00e4der oder e-Bikes.<\/p>\n<p>&nbsp;<\/p>\n<p>*ausgenommen sind N\u00fcrnberg, Oldenburg, Mainz, Konstanz, Usedom und Systeme in Mecklenburg-Vorpommern<\/p>\n<p>&nbsp;<\/p>\n<p><strong>VERKN\u00dcPFUNG<\/strong><\/p>\n<p><span data-sheets-root=\"1\">Registriere dich per App oder Webseite mit deiner Hochschul-E-Mail\u2013Adresse. Per SMS bekommst du die PIN f\u00fcr deinen Account zugesendet. An deine E-Mail-Adresse wird ein Best\u00e4tigungslink gesendet. Die Freischaltung erfolgt nach der Verifizierung automatisch.<\/span><\/p>\n<p>Du bist bereits bei Bre.Bike oder nextbike registriert, aber nicht mit deiner Hochschul-E-Mail\u2013Adresse? Dann aktualisiere diese in deinem Account und w\u00e4hle im Wallet \u201eCAMPUSbike Bremen\u201c aus. Best\u00e4tige den Link per E-Mail.<\/p>\n<p>&nbsp;<\/p>\n<p><strong>G\u00dcLTIGKEIT<\/strong><\/p>\n<p>Die verg\u00fcnstigten Konditionen gelten f\u00fcr das Semester, in dem du sie freigeschaltet hast.[\/vc_column_text][\/vc_tta_section][\/vc_tta_tabs][\/vc_column][\/vc_row]<\/p>\n<\/div>","protected":false},"excerpt":{"rendered":"<p>[vc_row][vc_column][vc_column_text css=&#8220;&#8220;] CAMPUSbike f\u00fcr Studierende in Bremen [\/vc_column_text][\/vc_column][\/vc_row][vc_row disable_element=&#8220;yes&#8220;][vc_column width=&#8220;1\/6&#8243;][vc_icon icon_fontawesome=&#8220;fas fa-university&#8220; color=&#8220;custom&#8220; size=&#8220;lg&#8220; css=&#8220;&#8220; custom_color=&#8220;#FF0000&#8243;][\/vc_column][vc_column width=&#8220;5\/6&#8243;][vc_tta_accordion active_section=&#8220;0&#8243; collapsible_all=&#8220;true&#8220; title=&#8220;Teilnehmende Institutionen&#8220;][vc_tta_section title=&#8220;Ist deine Uni \/ Hochschule auch dabei?&#8220; tab_id=&#8220;institutionen329f-d03abd32-ccfe&#8220;][vc_column_text css=&#8220;&#8220;]Universit\u00e4t Bremen[\/vc_column_text][\/vc_tta_section][\/vc_tta_accordion][\/vc_column][\/vc_row][vc_row ppi_row_padding=&#8220;ppi_remove_padding_top&#8220; disable_element=&#8220;yes&#8220;][vc_column width=&#8220;1\/6&#8243;][vc_icon icon_fontawesome=&#8220;fas fa-user-plus&#8220; color=&#8220;custom&#8220; size=&#8220;lg&#8220; css=&#8220;&#8220; custom_color=&#8220;#FF0000&#8243;][\/vc_column][vc_column width=&#8220;5\/6&#8243;][vc_tta_accordion active_section=&#8220;0&#8243; collapsible_all=&#8220;true&#8220; title=&#8220;Registrierung &amp; Verkn\u00fcpfung&#8220;][vc_tta_section title=&#8220;So geht&#8217;s&#8220; tab_id=&#8220;uni-koeln329f-d03abd32-ccfe&#8220;][vc_column_text css=&#8220;&#8220;]Registriere dich per App oder Webseite [&hellip;]<\/p>\n","protected":false},"author":13,"featured_media":0,"parent":0,"menu_order":0,"comment_status":"closed","ping_status":"closed","template":"page-bubble.php","meta":{"_acf_changed":false,"inline_featured_image":false,"footnotes":""},"class_list":["post-324","page","type-page","status-publish","hentry"],"acf":[],"yoast_head":"<!-- This site is optimized with the Yoast SEO plugin v27.2 - https:\/\/yoast.com\/product\/yoast-seo-wordpress\/ -->\n<title>CAMPUSbike Bre.Bike<\/title>\n<meta name=\"description\" content=\"Studierende in Bremen radeln g\u00fcnstiger\" \/>\n<meta name=\"robots\" content=\"index, follow, max-snippet:-1, max-image-preview:large, max-video-preview:-1\" \/>\n<link rel=\"canonical\" href=\"https:\/\/www.nextbike.de\/bre-bike\/de\/campusbike\/\" \/>\n<meta property=\"og:locale\" content=\"de_DE\" \/>\n<meta property=\"og:type\" content=\"article\" \/>\n<meta property=\"og:title\" content=\"CAMPUSbike Bre.Bike\" \/>\n<meta property=\"og:description\" content=\"Studierende in Bremen radeln g\u00fcnstiger\" \/>\n<meta property=\"og:url\" content=\"https:\/\/www.nextbike.de\/bre-bike\/de\/campusbike\/\" \/>\n<meta property=\"og:site_name\" content=\"Bre.Bike Bremen\" \/>\n<meta property=\"article:modified_time\" content=\"2026-04-24T11:18:47+00:00\" \/>\n<meta name=\"twitter:card\" content=\"summary_large_image\" \/>\n<meta name=\"twitter:label1\" content=\"Gesch\u00e4tzte Lesezeit\" \/>\n\t<meta name=\"twitter:data1\" content=\"2\u00a0Minuten\" \/>\n<script type=\"application\/ld+json\" class=\"yoast-schema-graph\">{\"@context\":\"https:\/\/schema.org\",\"@graph\":[{\"@type\":\"WebPage\",\"@id\":\"https:\/\/www.nextbike.de\/bre-bike\/de\/campusbike\/\",\"url\":\"https:\/\/www.nextbike.de\/bre-bike\/de\/campusbike\/\",\"name\":\"CAMPUSbike Bre.Bike\",\"isPartOf\":{\"@id\":\"https:\/\/www.nextbike.de\/bre-bike\/de\/#website\"},\"datePublished\":\"2025-03-11T14:45:41+00:00\",\"dateModified\":\"2026-04-24T11:18:47+00:00\",\"description\":\"Studierende in Bremen radeln g\u00fcnstiger\",\"breadcrumb\":{\"@id\":\"https:\/\/www.nextbike.de\/bre-bike\/de\/campusbike\/#breadcrumb\"},\"inLanguage\":\"de\",\"potentialAction\":[{\"@type\":\"ReadAction\",\"target\":[\"https:\/\/www.nextbike.de\/bre-bike\/de\/campusbike\/\"]}]},{\"@type\":\"BreadcrumbList\",\"@id\":\"https:\/\/www.nextbike.de\/bre-bike\/de\/campusbike\/#breadcrumb\",\"itemListElement\":[{\"@type\":\"ListItem\",\"position\":1,\"name\":\"Startseite\",\"item\":\"https:\/\/www.nextbike.de\/bre-bike\/de\/\"},{\"@type\":\"ListItem\",\"position\":2,\"name\":\"CAMPUSbike\"}]},{\"@type\":\"WebSite\",\"@id\":\"https:\/\/www.nextbike.de\/bre-bike\/de\/#website\",\"url\":\"https:\/\/www.nextbike.de\/bre-bike\/de\/\",\"name\":\"Bre.Bike Bremen\",\"description\":\"Eine weitere Nextbike Websites Website\",\"potentialAction\":[{\"@type\":\"SearchAction\",\"target\":{\"@type\":\"EntryPoint\",\"urlTemplate\":\"https:\/\/www.nextbike.de\/bre-bike\/de\/?s={search_term_string}\"},\"query-input\":{\"@type\":\"PropertyValueSpecification\",\"valueRequired\":true,\"valueName\":\"search_term_string\"}}],\"inLanguage\":\"de\"}]}<\/script>\n<!-- \/ Yoast SEO plugin. -->","yoast_head_json":{"title":"CAMPUSbike Bre.Bike","description":"Studierende in Bremen radeln g\u00fcnstiger","robots":{"index":"index","follow":"follow","max-snippet":"max-snippet:-1","max-image-preview":"max-image-preview:large","max-video-preview":"max-video-preview:-1"},"canonical":"https:\/\/www.nextbike.de\/bre-bike\/de\/campusbike\/","og_locale":"de_DE","og_type":"article","og_title":"CAMPUSbike Bre.Bike","og_description":"Studierende in Bremen radeln g\u00fcnstiger","og_url":"https:\/\/www.nextbike.de\/bre-bike\/de\/campusbike\/","og_site_name":"Bre.Bike Bremen","article_modified_time":"2026-04-24T11:18:47+00:00","twitter_card":"summary_large_image","twitter_misc":{"Gesch\u00e4tzte Lesezeit":"2\u00a0Minuten"},"schema":{"@context":"https:\/\/schema.org","@graph":[{"@type":"WebPage","@id":"https:\/\/www.nextbike.de\/bre-bike\/de\/campusbike\/","url":"https:\/\/www.nextbike.de\/bre-bike\/de\/campusbike\/","name":"CAMPUSbike Bre.Bike","isPartOf":{"@id":"https:\/\/www.nextbike.de\/bre-bike\/de\/#website"},"datePublished":"2025-03-11T14:45:41+00:00","dateModified":"2026-04-24T11:18:47+00:00","description":"Studierende in Bremen radeln g\u00fcnstiger","breadcrumb":{"@id":"https:\/\/www.nextbike.de\/bre-bike\/de\/campusbike\/#breadcrumb"},"inLanguage":"de","potentialAction":[{"@type":"ReadAction","target":["https:\/\/www.nextbike.de\/bre-bike\/de\/campusbike\/"]}]},{"@type":"BreadcrumbList","@id":"https:\/\/www.nextbike.de\/bre-bike\/de\/campusbike\/#breadcrumb","itemListElement":[{"@type":"ListItem","position":1,"name":"Startseite","item":"https:\/\/www.nextbike.de\/bre-bike\/de\/"},{"@type":"ListItem","position":2,"name":"CAMPUSbike"}]},{"@type":"WebSite","@id":"https:\/\/www.nextbike.de\/bre-bike\/de\/#website","url":"https:\/\/www.nextbike.de\/bre-bike\/de\/","name":"Bre.Bike Bremen","description":"Eine weitere Nextbike Websites Website","potentialAction":[{"@type":"SearchAction","target":{"@type":"EntryPoint","urlTemplate":"https:\/\/www.nextbike.de\/bre-bike\/de\/?s={search_term_string}"},"query-input":{"@type":"PropertyValueSpecification","valueRequired":true,"valueName":"search_term_string"}}],"inLanguage":"de"}]}},"_links":{"self":[{"href":"https:\/\/www.nextbike.de\/bre-bike\/de\/wp-json\/wp\/v2\/pages\/324","targetHints":{"allow":["GET"]}}],"collection":[{"href":"https:\/\/www.nextbike.de\/bre-bike\/de\/wp-json\/wp\/v2\/pages"}],"about":[{"href":"https:\/\/www.nextbike.de\/bre-bike\/de\/wp-json\/wp\/v2\/types\/page"}],"author":[{"embeddable":true,"href":"https:\/\/www.nextbike.de\/bre-bike\/de\/wp-json\/wp\/v2\/users\/13"}],"replies":[{"embeddable":true,"href":"https:\/\/www.nextbike.de\/bre-bike\/de\/wp-json\/wp\/v2\/comments?post=324"}],"version-history":[{"count":11,"href":"https:\/\/www.nextbike.de\/bre-bike\/de\/wp-json\/wp\/v2\/pages\/324\/revisions"}],"predecessor-version":[{"id":419,"href":"https:\/\/www.nextbike.de\/bre-bike\/de\/wp-json\/wp\/v2\/pages\/324\/revisions\/419"}],"wp:attachment":[{"href":"https:\/\/www.nextbike.de\/bre-bike\/de\/wp-json\/wp\/v2\/media?parent=324"}],"curies":[{"name":"wp","href":"https:\/\/api.w.org\/{rel}","templated":true}]}}