{"id":278,"date":"2025-02-24T15:39:11","date_gmt":"2025-02-24T14:39:11","guid":{"rendered":"https:\/\/nextbike-live.pluspol-networks.de\/bre_bike_bremen\/?page_id=278"},"modified":"2025-09-29T11:43:49","modified_gmt":"2025-09-29T09:43:49","slug":"partner","status":"publish","type":"page","link":"https:\/\/www.nextbike.de\/bre-bike\/de\/partner\/","title":{"rendered":"Partner"},"content":{"rendered":"<div class=\"wpb-content-wrapper\"><p>[vc_row][vc_column][vc_column_text css=&#8220;&#8220;]<\/p>\n<h1 style=\"text-align: center;\">Partner<\/h1>\n<p>[\/vc_column_text][\/vc_column][\/vc_row][vc_row][vc_column width=&#8220;1\/6&#8243;][vc_icon icon_fontawesome=&#8220;far fa-handshake&#8220; color=&#8220;custom&#8220; size=&#8220;xl&#8220; align=&#8220;center&#8220; css=&#8220;&#8220; custom_color=&#8220;#E2001A&#8220;][\/vc_column][vc_column width=&#8220;5\/6&#8243;][vc_tta_accordion active_section=&#8220;0&#8243; collapsible_all=&#8220;true&#8220; title=&#8220;Unsere Partner in Bremen&#8220;][vc_tta_section title=&#8220;BSAG&#8220; tab_id=&#8220;bsag&#8220;][vc_column_text css=&#8220;&#8220;]Flexibel mobil durch Bremen mit Bre.Bike und der BSAG<\/p>\n<p>Seit fast 150 Jahren bewegt die Bremer Stra\u00dfenbahn AG (BSAG) mit viel Leidenschaft f\u00fcr Mobilit\u00e4t die Menschen in unserer Hansestadt. Mobilit\u00e4t, das ist f\u00fcr uns mehr als die Reise von A nach B. Mobilit\u00e4t steht f\u00fcr Wandel und Ver\u00e4nderung. Mehr als 360 moderne, mit \u00d6kostrom fahrende Stra\u00dfenbahnen und emissionsarme sowie batteriebetriebene Busse, sind t\u00e4glich auf fast 50 Linien unterwegs \u2013 und das in einem knapp 600 Kilometer langen Netz. Jedes Jahr fahren mehr als 100 Millionen Menschen mit uns. Wir sorgen daf\u00fcr, dass Mobilit\u00e4t f\u00fcr alle Fahrg\u00e4ste zuverl\u00e4ssig verf\u00fcgbar und bezahlbar ist, und gestalten damit unsere Hansestadt lebenswerter und gerechter.<\/p>\n<p>Getreu unserem Motto \u00bbWir bewegen Bremen\u00ab bauen wir f\u00fcr euch beispielsweise die Linien 1, 2 und 8 aus. Zus\u00e4tzlich vernetzen wir den Bremer Osten mit weiteren Linien. Au\u00dferdem bringen wir unsere Fahrg\u00e4ste 2025 noch klimafreundlicher ans Ziel \u2013 mit 50 neuen Elektro-Gelenkbussen.<\/p>\n<p>&nbsp;<\/p>\n<p data-renderer-start-pos=\"77\"><strong>Verg\u00fcnstigungen f\u00fcr BSAG-Abonnent*innen.<\/strong><\/p>\n<p data-renderer-start-pos=\"119\">15 Freiminuten f\u00fcr jede Ausleihe von konventionellen Fahrr\u00e4dern sind inklusive. Danach wird mit 1,50\u20ac pro 30 Minuten abgerechnet und maximal 15\u20ac\/24 h je Ausleihe.<\/p>\n<p data-renderer-start-pos=\"274\">Die erm\u00e4\u00dfigten Konditionen gelten im Bre.Bike-System und deutschlandweit in nextbike-Systemen (au\u00dfer in N\u00fcrnberg, Oldenburg, Konstanz, Usedom und Mecklenburg-Vorpommern). Es k\u00f6nnen bis zu vier R\u00e4der gleichzeitig\u00a0auf einen Account ausgeliehen werden, die Verg\u00fcnstigungen gelten jedoch nur f\u00fcr das erste Rad.<\/p>\n<p data-renderer-start-pos=\"437\"><u data-renderer-mark=\"true\">Verifizierung:<\/u><\/p>\n<p data-renderer-start-pos=\"453\">Verkn\u00fcpfe dich mit dem Partner BSAG im Wallet deiner App und hinterlege deine g\u00fcltige BSAG-Kundennummer und Vertragsnummer.<\/p>\n<p>Damit ihr flexibel, gut vernetzt und nachhaltig in Bremen unterwegs seid, ist die BSAG Partnerin von Bre.Bike. Das bedeutet f\u00fcr euch: <strong>Wenn ihr ein g\u00fcltiges <\/strong><strong>MIA\/MIAplus-Ticket, ein JobTicket oder ein Deutschland-Ticket von der BSAG besitzt, bekommt ihr <\/strong><strong>je Fahrt mit Bre.Bike <\/strong><strong>15 Freiminuten.<\/strong> Dieser Vorteil gilt sogar bundesweit, au\u00dfer in Oldenburg, N\u00fcrnberg, M\u00fcnchen und Mecklenburg-Vorpommern.[\/vc_column_text][\/vc_tta_section][vc_tta_section title=&#8220;GEWOBA&#8220; tab_id=&#8220;institutionen329f-d03aa409-9368&#8243;][vc_column_text css=&#8220;&#8220;]<\/p>\n<h5>Die Mobilit\u00e4t f\u00e4ngt an der Haust\u00fcr an \u2013 GEWOBA f\u00f6rdert gesunde Mobilit\u00e4t in der Stadt<\/h5>\n<p>Die GEWOBA setzt beim Wohnungsneubau und in der Quartiersentwicklung auf nachhaltige Mobilit\u00e4tskonzepte mit verkehrsentlastender Wirkung. Misch-Angebote mit Car- und Bikesharing bieten gerade in reinen Wohnquartieren eine echte Alternative zum eigenen oder auch Zweitwagen. Besonderen Stellenwert des Wohnungsunternehmens mit rund 42.000 Wohnungen in Bremen, Bremerhaven und Oldenburg hat die emissionsfreie Mobilit\u00e4t. Die erfahrenen Wohnungs \u2013 und Quartiersbauer:innen besch\u00e4ftigen sich hierzu intensiv mit Themen wie<\/p>\n<ul>\n<li>Fu\u00df- und Radverkehrsfreundlichkeit durch Barrierefreiheit, attraktive Wegenetze sowie sicheren und kurzen Wegen innerhalb der Quartiere<\/li>\n<li>Kooperationen mit Anbietern von Bike-Sharing wie nextbike<\/li>\n<li>Autoreduziertes Wohnen durch Car-Sharing-Stationen und Bedarfsgerechte ortsnahe Miet-Angebote, wie Lastenfahrr\u00e4der<\/li>\n<li>F\u00f6rderung zur Nutzung des \u00d6PNV durch die integrierte Lage und gute Anbindung der Quartiere der GEWOBA<\/li>\n<li>Verbesserte Wegf\u00fchrung und Beleuchtung innerhalb der Wohnquartiere auch f\u00fcr Radfahrende<\/li>\n<li>Verbesserte Stellm\u00f6glichkeiten in Fahrradparkh\u00e4usern oder an Sicherheitsb\u00fcgeln<\/li>\n<\/ul>\n<p>Und weil klimafreundliche Mobilit\u00e4t auch die Gesundheit f\u00f6rdert, baut der gr\u00f6\u00dfte Vermieter Bremens Erholungszonen in den Quartieren aus und schaffen mit Bl\u00fchfl\u00e4chen, Erlebnisg\u00e4rten, Fitnessparcours und hochwertigen Spielger\u00e4ten Aufenthalts- und Bewegungsanreize f\u00fcr alle Altersgruppen direkt vor der Haust\u00fcr. F\u00fcr die Mitarbeitenden der GEWOBA gibt es hierzu ebenfalls konkrete Angebote, wie Fahrradleasing, kostenloses Aufladen von E-Bikes\/ Pedelecs, gemeinsame Radtouren und Teilnahme an Programmen und Wettbewerben f\u00fcr fahrradaktive Betriebe. Auch Information und Kommunikation misst das Unternehmen eine gro\u00dfe Bedeutung bei und f\u00f6rdert aktiv den Wissenstransfer und den Dialog mit den Partnern zum Thema Klimaschutz und Quartiersmobilit\u00e4t in bestehenden und neuen Formaten.[\/vc_column_text][\/vc_tta_section][vc_tta_section title=&#8220;WESER-KURIER&#8220; tab_id=&#8220;1743082281806-a44c224d-379f&#8220;][vc_column_text css=&#8220;&#8220;]Nextbike und die WESER-KURIER Mediengruppe haben zwei Dinge gemeinsam: Bewegung und Antrieb.<\/p>\n<p>Unsere Redaktion treibt an, die Leserinnen und Leser des WESER-KURIER mit allen Themen zu versorgen, die Bremen und die Region bewegen. T\u00e4glich setzen wir Themen, die f\u00fcr Gespr\u00e4chsstoff sorgen, gedruckt in der Zeitung, im E-Paper oder auf unseren digitalen Kan\u00e4len <a href=\"https:\/\/www.weser-kurier.de\/\" target=\"_blank\" rel=\"noopener noreferrer\"><strong>www.weser-kurier.de<\/strong><\/a>, der WK News-App oder in Social Media.<\/p>\n<p>Neben dem Publizieren von Nachrichten bieten wir erfolgreich Dienstleistungen in u.a. IT, Logistik, Postzustellung, 360\u00b0 Multimedia-Vermarktung oder Corporate Publishing an.<\/p>\n<p>Abonnent*innen des WESER-KURIER, die bereits vielf\u00e4ltige Vorteile und Verg\u00fcnstigungen bei regionalen H\u00e4ndlern erhalten, nutzen auch die Bre.Bikes zum Vorteilspreis: <strong>30 Minuten sind t\u00e4glich kostenlos<\/strong>. Einfach bei der Registrierung WESER-KURIER ausw\u00e4hlen und das Konto mit der entsprechenden Abonummer verifizieren[\/vc_column_text][\/vc_tta_section][\/vc_tta_accordion][\/vc_column][\/vc_row]<\/p>\n<\/div>","protected":false},"excerpt":{"rendered":"<p>[vc_row][vc_column][vc_column_text css=&#8220;&#8220;] Partner [\/vc_column_text][\/vc_column][\/vc_row][vc_row][vc_column width=&#8220;1\/6&#8243;][vc_icon icon_fontawesome=&#8220;far fa-handshake&#8220; color=&#8220;custom&#8220; size=&#8220;xl&#8220; align=&#8220;center&#8220; css=&#8220;&#8220; custom_color=&#8220;#E2001A&#8220;][\/vc_column][vc_column width=&#8220;5\/6&#8243;][vc_tta_accordion active_section=&#8220;0&#8243; collapsible_all=&#8220;true&#8220; title=&#8220;Unsere Partner in Bremen&#8220;][vc_tta_section title=&#8220;BSAG&#8220; tab_id=&#8220;bsag&#8220;][vc_column_text css=&#8220;&#8220;]Flexibel mobil durch Bremen mit Bre.Bike und der BSAG Seit fast 150 Jahren bewegt die Bremer Stra\u00dfenbahn AG (BSAG) mit viel Leidenschaft f\u00fcr Mobilit\u00e4t die Menschen in unserer Hansestadt. Mobilit\u00e4t, das ist f\u00fcr uns [&hellip;]<\/p>\n","protected":false},"author":13,"featured_media":0,"parent":0,"menu_order":0,"comment_status":"closed","ping_status":"closed","template":"page-bubble.php","meta":{"_acf_changed":false,"inline_featured_image":false,"footnotes":""},"class_list":["post-278","page","type-page","status-publish","hentry"],"acf":[],"yoast_head":"<!-- This site is optimized with the Yoast SEO plugin v27.2 - https:\/\/yoast.com\/product\/yoast-seo-wordpress\/ -->\n<title>Partner<\/title>\n<meta name=\"description\" content=\"Erfahre mehr \u00fcber unsere Partner in Bremen und sichere dir Vorteile.\" \/>\n<meta name=\"robots\" content=\"index, follow, max-snippet:-1, max-image-preview:large, max-video-preview:-1\" \/>\n<link rel=\"canonical\" href=\"https:\/\/www.nextbike.de\/bre-bike\/de\/partner\/\" \/>\n<meta property=\"og:locale\" content=\"de_DE\" \/>\n<meta property=\"og:type\" content=\"article\" \/>\n<meta property=\"og:title\" content=\"Partner\" \/>\n<meta property=\"og:description\" content=\"Erfahre mehr \u00fcber unsere Partner in Bremen und sichere dir Vorteile.\" \/>\n<meta property=\"og:url\" content=\"https:\/\/www.nextbike.de\/bre-bike\/de\/partner\/\" \/>\n<meta property=\"og:site_name\" content=\"Bre.Bike Bremen\" \/>\n<meta property=\"article:modified_time\" content=\"2025-09-29T09:43:49+00:00\" \/>\n<meta name=\"twitter:card\" content=\"summary_large_image\" \/>\n<meta name=\"twitter:label1\" content=\"Gesch\u00e4tzte Lesezeit\" \/>\n\t<meta name=\"twitter:data1\" content=\"2\u00a0Minuten\" \/>\n<script type=\"application\/ld+json\" class=\"yoast-schema-graph\">{\"@context\":\"https:\/\/schema.org\",\"@graph\":[{\"@type\":\"WebPage\",\"@id\":\"https:\/\/www.nextbike.de\/bre-bike\/de\/partner\/\",\"url\":\"https:\/\/www.nextbike.de\/bre-bike\/de\/partner\/\",\"name\":\"Partner\",\"isPartOf\":{\"@id\":\"https:\/\/www.nextbike.de\/bre-bike\/de\/#website\"},\"datePublished\":\"2025-02-24T14:39:11+00:00\",\"dateModified\":\"2025-09-29T09:43:49+00:00\",\"description\":\"Erfahre mehr \u00fcber unsere Partner in Bremen und sichere dir Vorteile.\",\"breadcrumb\":{\"@id\":\"https:\/\/www.nextbike.de\/bre-bike\/de\/partner\/#breadcrumb\"},\"inLanguage\":\"de\",\"potentialAction\":[{\"@type\":\"ReadAction\",\"target\":[\"https:\/\/www.nextbike.de\/bre-bike\/de\/partner\/\"]}]},{\"@type\":\"BreadcrumbList\",\"@id\":\"https:\/\/www.nextbike.de\/bre-bike\/de\/partner\/#breadcrumb\",\"itemListElement\":[{\"@type\":\"ListItem\",\"position\":1,\"name\":\"Startseite\",\"item\":\"https:\/\/www.nextbike.de\/bre-bike\/de\/\"},{\"@type\":\"ListItem\",\"position\":2,\"name\":\"Partner\"}]},{\"@type\":\"WebSite\",\"@id\":\"https:\/\/www.nextbike.de\/bre-bike\/de\/#website\",\"url\":\"https:\/\/www.nextbike.de\/bre-bike\/de\/\",\"name\":\"Bre.Bike Bremen\",\"description\":\"Eine weitere Nextbike Websites Website\",\"potentialAction\":[{\"@type\":\"SearchAction\",\"target\":{\"@type\":\"EntryPoint\",\"urlTemplate\":\"https:\/\/www.nextbike.de\/bre-bike\/de\/?s={search_term_string}\"},\"query-input\":{\"@type\":\"PropertyValueSpecification\",\"valueRequired\":true,\"valueName\":\"search_term_string\"}}],\"inLanguage\":\"de\"}]}<\/script>\n<!-- \/ Yoast SEO plugin. -->","yoast_head_json":{"title":"Partner","description":"Erfahre mehr \u00fcber unsere Partner in Bremen und sichere dir Vorteile.","robots":{"index":"index","follow":"follow","max-snippet":"max-snippet:-1","max-image-preview":"max-image-preview:large","max-video-preview":"max-video-preview:-1"},"canonical":"https:\/\/www.nextbike.de\/bre-bike\/de\/partner\/","og_locale":"de_DE","og_type":"article","og_title":"Partner","og_description":"Erfahre mehr \u00fcber unsere Partner in Bremen und sichere dir Vorteile.","og_url":"https:\/\/www.nextbike.de\/bre-bike\/de\/partner\/","og_site_name":"Bre.Bike Bremen","article_modified_time":"2025-09-29T09:43:49+00:00","twitter_card":"summary_large_image","twitter_misc":{"Gesch\u00e4tzte Lesezeit":"2\u00a0Minuten"},"schema":{"@context":"https:\/\/schema.org","@graph":[{"@type":"WebPage","@id":"https:\/\/www.nextbike.de\/bre-bike\/de\/partner\/","url":"https:\/\/www.nextbike.de\/bre-bike\/de\/partner\/","name":"Partner","isPartOf":{"@id":"https:\/\/www.nextbike.de\/bre-bike\/de\/#website"},"datePublished":"2025-02-24T14:39:11+00:00","dateModified":"2025-09-29T09:43:49+00:00","description":"Erfahre mehr \u00fcber unsere Partner in Bremen und sichere dir Vorteile.","breadcrumb":{"@id":"https:\/\/www.nextbike.de\/bre-bike\/de\/partner\/#breadcrumb"},"inLanguage":"de","potentialAction":[{"@type":"ReadAction","target":["https:\/\/www.nextbike.de\/bre-bike\/de\/partner\/"]}]},{"@type":"BreadcrumbList","@id":"https:\/\/www.nextbike.de\/bre-bike\/de\/partner\/#breadcrumb","itemListElement":[{"@type":"ListItem","position":1,"name":"Startseite","item":"https:\/\/www.nextbike.de\/bre-bike\/de\/"},{"@type":"ListItem","position":2,"name":"Partner"}]},{"@type":"WebSite","@id":"https:\/\/www.nextbike.de\/bre-bike\/de\/#website","url":"https:\/\/www.nextbike.de\/bre-bike\/de\/","name":"Bre.Bike Bremen","description":"Eine weitere Nextbike Websites Website","potentialAction":[{"@type":"SearchAction","target":{"@type":"EntryPoint","urlTemplate":"https:\/\/www.nextbike.de\/bre-bike\/de\/?s={search_term_string}"},"query-input":{"@type":"PropertyValueSpecification","valueRequired":true,"valueName":"search_term_string"}}],"inLanguage":"de"}]}},"_links":{"self":[{"href":"https:\/\/www.nextbike.de\/bre-bike\/de\/wp-json\/wp\/v2\/pages\/278","targetHints":{"allow":["GET"]}}],"collection":[{"href":"https:\/\/www.nextbike.de\/bre-bike\/de\/wp-json\/wp\/v2\/pages"}],"about":[{"href":"https:\/\/www.nextbike.de\/bre-bike\/de\/wp-json\/wp\/v2\/types\/page"}],"author":[{"embeddable":true,"href":"https:\/\/www.nextbike.de\/bre-bike\/de\/wp-json\/wp\/v2\/users\/13"}],"replies":[{"embeddable":true,"href":"https:\/\/www.nextbike.de\/bre-bike\/de\/wp-json\/wp\/v2\/comments?post=278"}],"version-history":[{"count":5,"href":"https:\/\/www.nextbike.de\/bre-bike\/de\/wp-json\/wp\/v2\/pages\/278\/revisions"}],"predecessor-version":[{"id":416,"href":"https:\/\/www.nextbike.de\/bre-bike\/de\/wp-json\/wp\/v2\/pages\/278\/revisions\/416"}],"wp:attachment":[{"href":"https:\/\/www.nextbike.de\/bre-bike\/de\/wp-json\/wp\/v2\/media?parent=278"}],"curies":[{"name":"wp","href":"https:\/\/api.w.org\/{rel}","templated":true}]}}